{"id":9646,"date":"2024-05-07T10:45:07","date_gmt":"2024-05-07T16:45:07","guid":{"rendered":"https:\/\/4manpro.com\/SPA\/?page_id=9646"},"modified":"2026-04-02T20:23:12","modified_gmt":"2026-04-03T02:23:12","slug":"serie-hlb","status":"publish","type":"page","link":"https:\/\/4manpro.com\/SPA\/sistemas-de-sujecion\/serie-hlb\/","title":{"rendered":"SERIE HLB (1\u00b0)"},"content":{"rendered":"\n<div class=\"wp-block-buttons alignwide eplus-wrapper is-content-justification-space-between is-nowrap is-layout-flex wp-container-core-buttons-is-layout-4561150b wp-block-buttons-is-layout-flex\"><div style=\"--wp--block-button--width: 50;\" class=\"wp-block-button eplus-wrapper has-custom-width wp-block-button__width wp-block-button__width-50 eplus-styles-uid-63c664\"><a class=\"wp-block-button__link has-foreground-color has-text-color has-background has-link-color wp-element-button\" href=\"http:\/\/WWW.4MANPRO.COM\/SPA\/\" style=\"background-color:#999999\">PRINCIPAL<\/a><\/div>\n\n<div style=\"--wp--block-button--width: 50;\" class=\"wp-block-button eplus-wrapper has-custom-width wp-block-button__width wp-block-button__width-50 eplus-styles-uid-ff000b\"><a class=\"wp-block-button__link has-foreground-color has-background-background-color has-text-color has-background has-link-color wp-element-button\" href=\"https:\/\/4manpro.com\/SPA\/sistemas-de-sujecion\/\" style=\"background-color:#999999\">ATR\u00c1S<\/a><\/div>\n\n<div style=\"--wp--block-button--width: 50;\" class=\"wp-block-button eplus-wrapper has-custom-width wp-block-button__width wp-block-button__width-50 eplus-styles-uid-32d181\"><a class=\"wp-block-button__link has-background-color has-luminous-vivid-orange-background-color has-text-color has-background has-link-color wp-element-button\" href=\"https:\/\/www.4manpro.com\/clamp-fixture-devices\/hlb-series\/\">ENGLISH<\/a><\/div><\/div>\n\n\n\n<figure class=\" wp-block-image alignwide size-full eplus-wrapper\"><img loading=\"lazy\" decoding=\"async\" width=\"1920\" height=\"339\" src=\"https:\/\/4manpro.com\/SPA\/wp-content\/uploads\/2024\/10\/Serie-HLB.jpg\" alt=\"\" class=\"wp-image-18792\" srcset=\"https:\/\/4manpro.com\/SPA\/wp-content\/uploads\/2024\/10\/Serie-HLB.jpg 1920w, https:\/\/4manpro.com\/SPA\/wp-content\/uploads\/2024\/10\/Serie-HLB-300x53.jpg 300w, https:\/\/4manpro.com\/SPA\/wp-content\/uploads\/2024\/10\/Serie-HLB-1024x181.jpg 1024w, https:\/\/4manpro.com\/SPA\/wp-content\/uploads\/2024\/10\/Serie-HLB-768x136.jpg 768w, https:\/\/4manpro.com\/SPA\/wp-content\/uploads\/2024\/10\/Serie-HLB-1536x271.jpg 1536w\" sizes=\"auto, (max-width: 1920px) 100vw, 1920px\" \/><\/figure>\n\n\n<p class=\"eplus-wrapper eplus-styles-uid-31f2e0 wp-block-paragraph\">CARACTER\u00cdSTICAS ELEMENTOS HIDR\u00c1ULICOS<\/p>\n\n<ul class=\" wp-block-list eplus-wrapper eplus-styles-uid-1d39dd\">\n<li class=\" eplus-wrapper\">Di\u00e1metro : <strong>\u00d825.00 ~ \u00d840.00 mm <\/strong><\/li>\n\n\n\n<li class=\" eplus-wrapper\">P<sub>max<\/sub> : <strong>140.00 Kg\/cm\u00b2<\/strong><\/li>\n\n\n\n<li class=\" eplus-wrapper\">En este tipo de cilindro hidr\u00e1ulico, el mecanismo de sujeci\u00f3n es el principio de palanca, el pist\u00f3n se empuja hacia afuera en un estado de sujeci\u00f3n, la fuerza de sujeci\u00f3n es mayor que la del cilindro de esquina y las piezas principales del mecanismo se instalan fuera del cuerpo del cilindro, lo que es f\u00e1cil de mantener.<\/li>\n\n\n\n<li class=\" eplus-wrapper\">El cilindro del cilindro y el mecanismo de sujeci\u00f3n est\u00e1n fabricados con acero al carbono estructural para una m\u00e1xima durabilidad y una larga vida \u00fatil.<\/li>\n\n\n\n<li class=\" eplus-wrapper\">Brazo de sujeci\u00f3n: material S45C dureza HRC26\u02da~30\u02da.<\/li>\n<\/ul>\n\n<figure class=\" wp-block-image aligncenter size-full is-resized eplus-wrapper eplus-styles-uid-f18424\"><img loading=\"lazy\" decoding=\"async\" width=\"472\" height=\"176\" src=\"https:\/\/4manpro.com\/SPA\/wp-content\/uploads\/2024\/05\/AMAC-III-1.jpg\" alt=\"\" class=\"wp-image-9698\" style=\"width:250px\" srcset=\"https:\/\/4manpro.com\/SPA\/wp-content\/uploads\/2024\/05\/AMAC-III-1.jpg 472w, https:\/\/4manpro.com\/SPA\/wp-content\/uploads\/2024\/05\/AMAC-III-1-300x112.jpg 300w\" sizes=\"auto, (max-width: 472px) 100vw, 472px\" \/><\/figure>\n\n\n<hr class=\"is-style-dots wp-block-separator has-alpha-channel-opacity eplus-wrapper\"\/>\n\n\n<figure class=\" wp-block-image alignwide size-large eplus-wrapper eplus-styles-uid-550294\"><a href=\"https:\/\/4manpro.com\/SPA\/sistemas-de-sujecion\/serie-hlb\/hlb-25\/\"><img loading=\"lazy\" decoding=\"async\" width=\"1024\" height=\"205\" src=\"https:\/\/4manpro.com\/SPA\/wp-content\/uploads\/2024\/05\/LONG-HLB-1-1024x205.jpg\" alt=\"\" class=\"wp-image-9855\" srcset=\"https:\/\/4manpro.com\/SPA\/wp-content\/uploads\/2024\/05\/LONG-HLB-1-1024x205.jpg 1024w, https:\/\/4manpro.com\/SPA\/wp-content\/uploads\/2024\/05\/LONG-HLB-1-300x60.jpg 300w, https:\/\/4manpro.com\/SPA\/wp-content\/uploads\/2024\/05\/LONG-HLB-1-768x154.jpg 768w, https:\/\/4manpro.com\/SPA\/wp-content\/uploads\/2024\/05\/LONG-HLB-1-1536x307.jpg 1536w, https:\/\/4manpro.com\/SPA\/wp-content\/uploads\/2024\/05\/LONG-HLB-1-2048x410.jpg 2048w\" sizes=\"auto, (max-width: 1024px) 100vw, 1024px\" \/><\/a><\/figure>\n\n<p class=\"eplus-wrapper eplus-styles-uid-a531f6 wp-block-paragraph\"><em><a href=\"https:\/\/4manpro.com\/SPA\/sistemas-de-sujecion\/serie-hlb\/hlb-25\/\" data-type=\"page\" data-id=\"9706\">CILINDRO DE SUJECI\u00d3N HIDR\u00c1ULICO DE LEVA<\/a><\/em><\/p>\n\n<div class=\"wp-block-columns eplus-wrapper is-layout-flex wp-container-core-columns-is-layout-f56f613f wp-block-columns-is-layout-flex eplus-styles-uid-3f5a9f\">\n<div class=\"wp-block-column eplus-wrapper is-layout-flow wp-block-column-is-layout-flow\" style=\"flex-basis:50%\"><ul class=\" wp-block-list eplus-wrapper eplus-styles-uid-80c2b2\"><li class=\" eplus-wrapper eplus-styles-uid-a86d55\"><mark style=\"background-color:rgba(0, 0, 0, 0);color:#ff7805\" class=\"has-inline-color\">HLB-25<\/mark><\/li><\/ul><\/div>\n\n\n\n<div class=\"wp-block-column eplus-wrapper is-layout-flow wp-block-column-is-layout-flow\" style=\"flex-basis:50%\"><ul class=\" wp-block-list eplus-wrapper eplus-styles-uid-e1a830\"><li class=\" eplus-wrapper eplus-styles-uid-a86d55\"><mark style=\"background-color:rgba(0, 0, 0, 0);color:#ff7805\" class=\"has-inline-color\">HLB-32<\/mark><\/li><\/ul><\/div>\n\n\n\n<div class=\"wp-block-column eplus-wrapper is-layout-flow wp-block-column-is-layout-flow\" style=\"flex-basis:50%\"><ul class=\" wp-block-list eplus-wrapper eplus-styles-uid-ab1ab5\"><li class=\" eplus-wrapper eplus-styles-uid-a86d55\"><mark style=\"background-color:rgba(0, 0, 0, 0);color:#ff7805\" class=\"has-inline-color\">HLB-40<\/mark><\/li><\/ul><\/div>\n<\/div>\n\n<p class=\"has-text-color has-link-color eplus-wrapper wp-elements-2d9655ae8aea5edb04ec7bc11633a234 eplus-styles-uid-a0fd31 wp-block-paragraph\" style=\"color:#ababab\"><a href=\"https:\/\/4manpro.com\/download\/SPA\/AMAC\/HLB.pdf\">** DESCARGA PDF &#8211; SERIE <strong><mark style=\"background-color:rgba(0, 0, 0, 0);color:#14327a\" class=\"has-inline-color\">HLB<\/mark><\/strong><\/a><\/p>\n\n\n<hr class=\"is-style-dots wp-block-separator has-alpha-channel-opacity eplus-wrapper\"\/>\n\n\n<figure class=\" wp-block-image alignwide size-full eplus-wrapper eplus-styles-uid-550294\"><a href=\"https:\/\/4manpro.com\/SPA\/sistemas-de-sujecion\/serie-hlb\/hlb-m-25\/\"><img loading=\"lazy\" decoding=\"async\" width=\"2560\" height=\"512\" src=\"https:\/\/4manpro.com\/SPA\/wp-content\/uploads\/2024\/05\/LONG-HLB-M-1-scaled.jpg\" alt=\"\" class=\"wp-image-9856\" srcset=\"https:\/\/4manpro.com\/SPA\/wp-content\/uploads\/2024\/05\/LONG-HLB-M-1-scaled.jpg 2560w, https:\/\/4manpro.com\/SPA\/wp-content\/uploads\/2024\/05\/LONG-HLB-M-1-300x60.jpg 300w, https:\/\/4manpro.com\/SPA\/wp-content\/uploads\/2024\/05\/LONG-HLB-M-1-1024x205.jpg 1024w, https:\/\/4manpro.com\/SPA\/wp-content\/uploads\/2024\/05\/LONG-HLB-M-1-768x154.jpg 768w, https:\/\/4manpro.com\/SPA\/wp-content\/uploads\/2024\/05\/LONG-HLB-M-1-1536x307.jpg 1536w, https:\/\/4manpro.com\/SPA\/wp-content\/uploads\/2024\/05\/LONG-HLB-M-1-2048x410.jpg 2048w\" sizes=\"auto, (max-width: 2560px) 100vw, 2560px\" \/><\/a><\/figure>\n\n<p class=\"eplus-wrapper eplus-styles-uid-c67f74 wp-block-paragraph\"><a href=\"https:\/\/4manpro.com\/SPA\/sistemas-de-sujecion\/serie-hlb\/hlb-m-25\/\" data-type=\"page\" data-id=\"9726\"><em>CILINDRO DE SUJECI\u00d3N HIDR\u00c1ULICO TIPO LEVA DE MANIFOLD<\/em><\/a><\/p>\n\n<div class=\"wp-block-columns eplus-wrapper is-layout-flex wp-container-core-columns-is-layout-f56f613f wp-block-columns-is-layout-flex eplus-styles-uid-fd2cce\">\n<div class=\"wp-block-column eplus-wrapper is-layout-flow wp-block-column-is-layout-flow\" style=\"flex-basis:50%\"><ul class=\" wp-block-list eplus-wrapper eplus-styles-uid-987897\"><li class=\" eplus-wrapper eplus-styles-uid-a86d55\"><mark style=\"background-color:rgba(0, 0, 0, 0);color:#ff7805\" class=\"has-inline-color\">HLB-M 25<\/mark><\/li><\/ul><\/div>\n\n\n\n<div class=\"wp-block-column eplus-wrapper is-layout-flow wp-block-column-is-layout-flow\" style=\"flex-basis:50%\"><ul class=\" wp-block-list eplus-wrapper eplus-styles-uid-4db29a\"><li class=\" eplus-wrapper eplus-styles-uid-a86d55\"><mark style=\"background-color:rgba(0, 0, 0, 0);color:#ff7805\" class=\"has-inline-color\">HLB-M 32<\/mark><\/li><\/ul><\/div>\n\n\n\n<div class=\"wp-block-column eplus-wrapper is-layout-flow wp-block-column-is-layout-flow\" style=\"flex-basis:50%\"><ul class=\" wp-block-list eplus-wrapper eplus-styles-uid-81c8e8\"><li class=\" eplus-wrapper eplus-styles-uid-a86d55\"><mark style=\"background-color:rgba(0, 0, 0, 0);color:#ff7805\" class=\"has-inline-color\">HLB-M 40<\/mark><\/li><\/ul><\/div>\n<\/div>\n\n<p class=\"has-text-color has-link-color eplus-wrapper wp-elements-c73b1214ca2970e4f442543b25941b4e eplus-styles-uid-b0d79b wp-block-paragraph\" style=\"color:#ababab\"><a href=\"https:\/\/4manpro.com\/download\/SPA\/AMAC\/HLB-M.pdf\">** DESCARGA PDF &#8211; SERIE <strong><mark style=\"background-color:rgba(0, 0, 0, 0);color:#14327a\" class=\"has-inline-color\">HLB-M<\/mark><\/strong><\/a><\/p>\n\n\n<hr class=\"is-style-dots wp-block-separator has-alpha-channel-opacity eplus-wrapper\"\/>\n\n\n<figure class=\" wp-block-image alignwide size-full eplus-wrapper eplus-styles-uid-550294\"><a href=\"https:\/\/4manpro.com\/SPA\/sistemas-de-sujecion\/serie-hlb\/hlb-mf-25\/\"><img loading=\"lazy\" decoding=\"async\" width=\"2560\" height=\"512\" src=\"https:\/\/4manpro.com\/SPA\/wp-content\/uploads\/2024\/05\/LONG-HLB-MF-1-scaled.jpg\" alt=\"\" class=\"wp-image-9857\" srcset=\"https:\/\/4manpro.com\/SPA\/wp-content\/uploads\/2024\/05\/LONG-HLB-MF-1-scaled.jpg 2560w, https:\/\/4manpro.com\/SPA\/wp-content\/uploads\/2024\/05\/LONG-HLB-MF-1-300x60.jpg 300w, https:\/\/4manpro.com\/SPA\/wp-content\/uploads\/2024\/05\/LONG-HLB-MF-1-1024x205.jpg 1024w, https:\/\/4manpro.com\/SPA\/wp-content\/uploads\/2024\/05\/LONG-HLB-MF-1-768x154.jpg 768w, https:\/\/4manpro.com\/SPA\/wp-content\/uploads\/2024\/05\/LONG-HLB-MF-1-1536x307.jpg 1536w, https:\/\/4manpro.com\/SPA\/wp-content\/uploads\/2024\/05\/LONG-HLB-MF-1-2048x410.jpg 2048w\" sizes=\"auto, (max-width: 2560px) 100vw, 2560px\" \/><\/a><\/figure>\n\n<p class=\"alignwide eplus-wrapper eplus-styles-uid-635077 wp-block-paragraph\"><a href=\"https:\/\/4manpro.com\/SPA\/sistemas-de-sujecion\/serie-hlb\/hlb-mf-25\/\" data-type=\"page\" data-id=\"9744\"><em>CILINDRO DE SUJECI\u00d3N HIDR\u00c1ULICO DE LEVA CON MANIFOLD Y CONTROL DE FLUJO<\/em><\/a><\/p>\n\n<div class=\"wp-block-columns eplus-wrapper is-layout-flex wp-container-core-columns-is-layout-f56f613f wp-block-columns-is-layout-flex eplus-styles-uid-b5b2d4\">\n<div class=\"wp-block-column eplus-wrapper is-layout-flow wp-block-column-is-layout-flow\" style=\"flex-basis:50%\"><ul class=\" wp-block-list eplus-wrapper eplus-styles-uid-e145a7\"><li class=\" eplus-wrapper eplus-styles-uid-a86d55\"><mark style=\"background-color:rgba(0, 0, 0, 0);color:#ff7805\" class=\"has-inline-color\">HLB-MF 25<\/mark><\/li><\/ul><\/div>\n\n\n\n<div class=\"wp-block-column eplus-wrapper is-layout-flow wp-block-column-is-layout-flow\" style=\"flex-basis:50%\"><ul class=\" wp-block-list eplus-wrapper eplus-styles-uid-f5b762\"><li class=\" eplus-wrapper eplus-styles-uid-a86d55\"><mark style=\"background-color:rgba(0, 0, 0, 0);color:#ff7805\" class=\"has-inline-color\">HLB-MF 32<\/mark><\/li><\/ul><\/div>\n\n\n\n<div class=\"wp-block-column eplus-wrapper is-layout-flow wp-block-column-is-layout-flow\" style=\"flex-basis:50%\"><ul class=\" wp-block-list eplus-wrapper eplus-styles-uid-051c7d\"><li class=\" eplus-wrapper eplus-styles-uid-a86d55\"><mark style=\"background-color:rgba(0, 0, 0, 0);color:#ff7805\" class=\"has-inline-color\">HLB-MF 40<\/mark><\/li><\/ul><\/div>\n<\/div>\n\n<p class=\"has-foreground-color has-text-color has-link-color eplus-wrapper wp-elements-5a151da5ff097add48283bf579b0f189 eplus-styles-uid-c10450 wp-block-paragraph\"><a href=\"https:\/\/4manpro.com\/download\/SPA\/AMAC\/HLB-MF.pdf\">** DESCARGA PDF &#8211; SERIE <strong><mark style=\"background-color:rgba(0, 0, 0, 0);color:#14327a\" class=\"has-inline-color\">HLB-MF<\/mark><\/strong><\/a><\/p>\n\n\n<hr class=\"is-style-dots wp-block-separator has-alpha-channel-opacity eplus-wrapper\"\/>\n\n\n<figure class=\" wp-block-image alignwide size-full eplus-wrapper eplus-styles-uid-550294\"><a href=\"https:\/\/4manpro.com\/SPA\/sistemas-de-sujecion\/serie-hlb\/hlb-fa-25\/\"><img loading=\"lazy\" decoding=\"async\" width=\"2560\" height=\"512\" src=\"https:\/\/4manpro.com\/SPA\/wp-content\/uploads\/2024\/05\/LONG-HLB-FA-1-scaled.jpg\" alt=\"\" class=\"wp-image-9858\" srcset=\"https:\/\/4manpro.com\/SPA\/wp-content\/uploads\/2024\/05\/LONG-HLB-FA-1-scaled.jpg 2560w, https:\/\/4manpro.com\/SPA\/wp-content\/uploads\/2024\/05\/LONG-HLB-FA-1-300x60.jpg 300w, https:\/\/4manpro.com\/SPA\/wp-content\/uploads\/2024\/05\/LONG-HLB-FA-1-1024x205.jpg 1024w, https:\/\/4manpro.com\/SPA\/wp-content\/uploads\/2024\/05\/LONG-HLB-FA-1-768x154.jpg 768w, https:\/\/4manpro.com\/SPA\/wp-content\/uploads\/2024\/05\/LONG-HLB-FA-1-1536x307.jpg 1536w, https:\/\/4manpro.com\/SPA\/wp-content\/uploads\/2024\/05\/LONG-HLB-FA-1-2048x410.jpg 2048w\" sizes=\"auto, (max-width: 2560px) 100vw, 2560px\" \/><\/a><\/figure>\n\n<p class=\"eplus-wrapper eplus-styles-uid-a531f6 wp-block-paragraph\"><a href=\"https:\/\/4manpro.com\/SPA\/sistemas-de-sujecion\/serie-hlb\/hlb-fa-25\/\" data-type=\"page\" data-id=\"9762\"><em>CILINDRO DE SUJECI\u00d3N HIDR\u00c1ULICO DE LEVA TIPO BRIDA<\/em><\/a><\/p>\n\n<div class=\"wp-block-columns eplus-wrapper is-layout-flex wp-container-core-columns-is-layout-f56f613f wp-block-columns-is-layout-flex eplus-styles-uid-ae7a8c\">\n<div class=\"wp-block-column eplus-wrapper is-layout-flow wp-block-column-is-layout-flow\" style=\"flex-basis:50%\"><ul class=\" wp-block-list eplus-wrapper eplus-styles-uid-0de6ae\"><li class=\" eplus-wrapper eplus-styles-uid-a86d55\"><mark style=\"background-color:rgba(0, 0, 0, 0);color:#ff7805\" class=\"has-inline-color\">HLB-FA 25<\/mark><\/li><\/ul><\/div>\n\n\n\n<div class=\"wp-block-column eplus-wrapper is-layout-flow wp-block-column-is-layout-flow\" style=\"flex-basis:50%\"><ul class=\" wp-block-list eplus-wrapper eplus-styles-uid-66e4f6\"><li class=\" eplus-wrapper eplus-styles-uid-a86d55\"><mark style=\"background-color:rgba(0, 0, 0, 0);color:#ff7805\" class=\"has-inline-color\">HLB-FA 32<\/mark><\/li><\/ul><\/div>\n\n\n\n<div class=\"wp-block-column eplus-wrapper is-layout-flow wp-block-column-is-layout-flow\" style=\"flex-basis:50%\"><ul class=\" wp-block-list eplus-wrapper eplus-styles-uid-6a8d3f\"><li class=\" eplus-wrapper eplus-styles-uid-a86d55\"><mark style=\"background-color:rgba(0, 0, 0, 0);color:#ff7805\" class=\"has-inline-color\">HLB-FA 40<\/mark><\/li><\/ul><\/div>\n<\/div>\n\n<p class=\"has-foreground-color has-text-color has-link-color eplus-wrapper wp-elements-0ebd9a83f4314a5f04fae18009daeae6 eplus-styles-uid-c10450 wp-block-paragraph\"><a href=\"https:\/\/4manpro.com\/download\/SPA\/AMAC\/HLB-FA.pdf\">** DESCARGA PDF &#8211; SERIE <strong><mark style=\"background-color:rgba(0, 0, 0, 0);color:#14327a\" class=\"has-inline-color\">HLB-FA<\/mark><\/strong><\/a><\/p>\n\n\n<hr class=\"is-style-dots wp-block-separator has-alpha-channel-opacity eplus-wrapper\"\/>\n\n\n<figure class=\" wp-block-image alignwide size-full eplus-wrapper eplus-styles-uid-550294\"><a href=\"https:\/\/4manpro.com\/SPA\/sistemas-de-sujecion\/serie-hlb\/hlb-fam-25\/\"><img loading=\"lazy\" decoding=\"async\" width=\"2560\" height=\"512\" src=\"https:\/\/4manpro.com\/SPA\/wp-content\/uploads\/2024\/05\/LONG-HLB-FAM-3-scaled.jpg\" alt=\"\" class=\"wp-image-9863\" srcset=\"https:\/\/4manpro.com\/SPA\/wp-content\/uploads\/2024\/05\/LONG-HLB-FAM-3-scaled.jpg 2560w, https:\/\/4manpro.com\/SPA\/wp-content\/uploads\/2024\/05\/LONG-HLB-FAM-3-300x60.jpg 300w, https:\/\/4manpro.com\/SPA\/wp-content\/uploads\/2024\/05\/LONG-HLB-FAM-3-1024x205.jpg 1024w, https:\/\/4manpro.com\/SPA\/wp-content\/uploads\/2024\/05\/LONG-HLB-FAM-3-768x154.jpg 768w, https:\/\/4manpro.com\/SPA\/wp-content\/uploads\/2024\/05\/LONG-HLB-FAM-3-1536x307.jpg 1536w, https:\/\/4manpro.com\/SPA\/wp-content\/uploads\/2024\/05\/LONG-HLB-FAM-3-2048x410.jpg 2048w\" sizes=\"auto, (max-width: 2560px) 100vw, 2560px\" \/><\/a><\/figure>\n\n<p class=\"eplus-wrapper eplus-styles-uid-a531f6 wp-block-paragraph\"><em><a href=\"https:\/\/4manpro.com\/SPA\/sistemas-de-sujecion\/serie-hlb\/hlb-fam-25\/\" data-type=\"page\" data-id=\"9780\">CILINDRO DE SUJECI\u00d3N HIDR\u00c1ULICO DE LEVA CON MANIFOLD TIPO BRIDA<\/a><\/em><\/p>\n\n<div class=\"wp-block-columns eplus-wrapper is-layout-flex wp-container-core-columns-is-layout-f56f613f wp-block-columns-is-layout-flex eplus-styles-uid-822036\">\n<div class=\"wp-block-column eplus-wrapper is-layout-flow wp-block-column-is-layout-flow\" style=\"flex-basis:50%\"><ul class=\" wp-block-list eplus-wrapper eplus-styles-uid-063de7\"><li class=\" eplus-wrapper eplus-styles-uid-a86d55\"><mark style=\"background-color:rgba(0, 0, 0, 0);color:#ff7805\" class=\"has-inline-color\">HLB-FAM 25<\/mark><\/li><\/ul><\/div>\n\n\n\n<div class=\"wp-block-column eplus-wrapper is-layout-flow wp-block-column-is-layout-flow\" style=\"flex-basis:50%\"><ul class=\" wp-block-list eplus-wrapper eplus-styles-uid-7aa1c1\"><li class=\" eplus-wrapper eplus-styles-uid-a86d55\"><mark style=\"background-color:rgba(0, 0, 0, 0);color:#ff7805\" class=\"has-inline-color\">HLB-FAM 32<\/mark><\/li><\/ul><\/div>\n\n\n\n<div class=\"wp-block-column eplus-wrapper is-layout-flow wp-block-column-is-layout-flow\" style=\"flex-basis:50%\"><ul class=\" wp-block-list eplus-wrapper eplus-styles-uid-b21f42\"><li class=\" eplus-wrapper eplus-styles-uid-a86d55\"><mark style=\"background-color:rgba(0, 0, 0, 0);color:#ff7805\" class=\"has-inline-color\">HLB-FAM 40<\/mark><\/li><\/ul><\/div>\n<\/div>\n\n\n<hr class=\"is-style-dots wp-block-separator has-alpha-channel-opacity eplus-wrapper\"\/>\n\n\n<p class=\"has-foreground-color has-text-color has-link-color eplus-wrapper wp-elements-15efef5544aa4daea7ddad2c78bf4c30 eplus-styles-uid-c10450 wp-block-paragraph\"><a href=\"https:\/\/4manpro.com\/download\/SPA\/AMAC\/HLB-FAM.pdf\">** DESCARGA PDF &#8211; SERIE <strong><mark style=\"background-color:rgba(0, 0, 0, 0);color:#14327a\" class=\"has-inline-color\">HLB-FAM<\/mark><\/strong><\/a><\/p>\n\n<figure class=\" wp-block-image alignwide size-large eplus-wrapper eplus-styles-uid-550294\"><a href=\"https:\/\/4manpro.com\/SPA\/sistemas-de-sujecion\/serie-hlb\/hlb-fcm-25\/\"><img loading=\"lazy\" decoding=\"async\" width=\"1024\" height=\"205\" src=\"https:\/\/4manpro.com\/SPA\/wp-content\/uploads\/2024\/05\/LONG-HLB-FCM-1-1024x205.jpg\" alt=\"\" class=\"wp-image-9860\" srcset=\"https:\/\/4manpro.com\/SPA\/wp-content\/uploads\/2024\/05\/LONG-HLB-FCM-1-1024x205.jpg 1024w, https:\/\/4manpro.com\/SPA\/wp-content\/uploads\/2024\/05\/LONG-HLB-FCM-1-300x60.jpg 300w, https:\/\/4manpro.com\/SPA\/wp-content\/uploads\/2024\/05\/LONG-HLB-FCM-1-768x154.jpg 768w, https:\/\/4manpro.com\/SPA\/wp-content\/uploads\/2024\/05\/LONG-HLB-FCM-1-1536x307.jpg 1536w, https:\/\/4manpro.com\/SPA\/wp-content\/uploads\/2024\/05\/LONG-HLB-FCM-1-2048x410.jpg 2048w\" sizes=\"auto, (max-width: 1024px) 100vw, 1024px\" \/><\/a><\/figure>\n\n<p class=\"alignwide eplus-wrapper eplus-styles-uid-635077 wp-block-paragraph\"><em><a href=\"https:\/\/4manpro.com\/SPA\/sistemas-de-sujecion\/serie-hlb\/hlb-fcm-25\/\" data-type=\"page\" data-id=\"9798\">CILINDRO DE SUJECI\u00d3N HIDR\u00c1ULICO DE LEVA CON MANIFOLD Y CONTROL DE FLUJO TIPO BRIDA<\/a><\/em><\/p>\n\n<div class=\"wp-block-columns eplus-wrapper is-layout-flex wp-container-core-columns-is-layout-f56f613f wp-block-columns-is-layout-flex eplus-styles-uid-14319c\">\n<div class=\"wp-block-column eplus-wrapper is-layout-flow wp-block-column-is-layout-flow\" style=\"flex-basis:50%\"><ul class=\" wp-block-list eplus-wrapper eplus-styles-uid-a58208\"><li class=\" eplus-wrapper eplus-styles-uid-a86d55\"><mark style=\"background-color:rgba(0, 0, 0, 0);color:#ff7805\" class=\"has-inline-color\">HLB-FCM 25<\/mark><\/li><\/ul><\/div>\n\n\n\n<div class=\"wp-block-column eplus-wrapper is-layout-flow wp-block-column-is-layout-flow\" style=\"flex-basis:50%\"><ul class=\" wp-block-list eplus-wrapper eplus-styles-uid-be3e8d\"><li class=\" eplus-wrapper eplus-styles-uid-a86d55\"><mark style=\"background-color:rgba(0, 0, 0, 0);color:#ff7805\" class=\"has-inline-color\">HLB-FCM 32<\/mark><\/li><\/ul><\/div>\n\n\n\n<div class=\"wp-block-column eplus-wrapper is-layout-flow wp-block-column-is-layout-flow\" style=\"flex-basis:50%\"><ul class=\" wp-block-list eplus-wrapper eplus-styles-uid-ac0fcf\"><li class=\" eplus-wrapper eplus-styles-uid-a86d55\"><mark style=\"background-color:rgba(0, 0, 0, 0);color:#ff7805\" class=\"has-inline-color\">HLB-FCM 40<\/mark><\/li><\/ul><\/div>\n<\/div>\n\n<p class=\"has-foreground-color has-text-color has-link-color eplus-wrapper wp-elements-f4f3c05e739c1fd6f0967fb5091f7687 eplus-styles-uid-c10450 wp-block-paragraph\"><a href=\"https:\/\/4manpro.com\/download\/SPA\/AMAC\/HLB-FCM.pdf\">** DESCARGA PDF &#8211; SERIE <strong><mark style=\"background-color:rgba(0, 0, 0, 0);color:#14327a\" class=\"has-inline-color\">HLB-FCM<\/mark><\/strong><\/a><\/p>\n\n\n<hr class=\"is-style-dots wp-block-separator has-alpha-channel-opacity eplus-wrapper\"\/>\n","protected":false},"excerpt":{"rendered":"<p>CARACTER\u00cdSTICAS ELEMENTOS HIDR\u00c1ULICOS CILINDRO DE SUJECI\u00d3N HIDR\u00c1ULICO DE LEVA ** DESCARGA PDF &#8211; SERIE HLB CILINDRO DE SUJECI\u00d3N HIDR\u00c1ULICO TIPO LEVA DE MANIFOLD ** DESCARGA PDF &#8211; SERIE HLB-M CILINDRO DE SUJECI\u00d3N HIDR\u00c1ULICO DE LEVA CON MANIFOLD Y CONTROL DE FLUJO ** DESCARGA PDF &#8211; SERIE HLB-MF CILINDRO DE SUJECI\u00d3N HIDR\u00c1ULICO DE LEVA TIPO BRIDA [&hellip;]<\/p>\n","protected":false},"author":1,"featured_media":0,"parent":11004,"menu_order":0,"comment_status":"closed","ping_status":"closed","template":"principal-cuadros-individuales-2","meta":{"_crdt_document":"","editor_plus_copied_stylings":"{}","footnotes":""},"class_list":["post-9646","page","type-page","status-publish","hentry"],"_links":{"self":[{"href":"https:\/\/4manpro.com\/SPA\/wp-json\/wp\/v2\/pages\/9646","targetHints":{"allow":["GET"]}}],"collection":[{"href":"https:\/\/4manpro.com\/SPA\/wp-json\/wp\/v2\/pages"}],"about":[{"href":"https:\/\/4manpro.com\/SPA\/wp-json\/wp\/v2\/types\/page"}],"author":[{"embeddable":true,"href":"https:\/\/4manpro.com\/SPA\/wp-json\/wp\/v2\/users\/1"}],"replies":[{"embeddable":true,"href":"https:\/\/4manpro.com\/SPA\/wp-json\/wp\/v2\/comments?post=9646"}],"version-history":[{"count":83,"href":"https:\/\/4manpro.com\/SPA\/wp-json\/wp\/v2\/pages\/9646\/revisions"}],"predecessor-version":[{"id":37030,"href":"https:\/\/4manpro.com\/SPA\/wp-json\/wp\/v2\/pages\/9646\/revisions\/37030"}],"up":[{"embeddable":true,"href":"https:\/\/4manpro.com\/SPA\/wp-json\/wp\/v2\/pages\/11004"}],"wp:attachment":[{"href":"https:\/\/4manpro.com\/SPA\/wp-json\/wp\/v2\/media?parent=9646"}],"curies":[{"name":"wp","href":"https:\/\/api.w.org\/{rel}","templated":true}]}}