{"id":9503,"date":"2024-05-06T20:10:16","date_gmt":"2024-05-07T02:10:16","guid":{"rendered":"https:\/\/4manpro.com\/SPA\/?page_id=9503"},"modified":"2026-04-02T19:44:09","modified_gmt":"2026-04-03T01:44:09","slug":"serie-alc-2","status":"publish","type":"page","link":"https:\/\/4manpro.com\/SPA\/sistemas-de-sujecion\/serie-alc-2\/","title":{"rendered":"SERIE ALC (1\u00b0)"},"content":{"rendered":"\n<div class=\"wp-block-buttons alignwide eplus-wrapper is-content-justification-space-between is-nowrap is-layout-flex wp-container-core-buttons-is-layout-4561150b wp-block-buttons-is-layout-flex\"><div style=\"--wp--block-button--width: 50;\" class=\"wp-block-button eplus-wrapper has-custom-width wp-block-button__width wp-block-button__width-50 eplus-styles-uid-7764ba\"><a class=\"wp-block-button__link has-foreground-color has-text-color has-background has-link-color wp-element-button\" href=\"http:\/\/WWW.4MANPRO.COM\/SPA\/\" style=\"background-color:#999999\">PRINCIPAL<\/a><\/div>\n\n<div style=\"--wp--block-button--width: 50;\" class=\"wp-block-button eplus-wrapper has-custom-width wp-block-button__width wp-block-button__width-50 eplus-styles-uid-c85b4e\"><a class=\"wp-block-button__link has-foreground-color has-background-background-color has-text-color has-background has-link-color wp-element-button\" href=\"https:\/\/4manpro.com\/SPA\/sistemas-de-sujecion\/\" style=\"background-color:#999999\">ATR\u00c1S<\/a><\/div>\n\n<div style=\"--wp--block-button--width: 50;\" class=\"wp-block-button eplus-wrapper has-custom-width wp-block-button__width wp-block-button__width-50 eplus-styles-uid-02a3b4\"><a class=\"wp-block-button__link has-background-color has-luminous-vivid-orange-background-color has-text-color has-background has-link-color wp-element-button\" href=\"https:\/\/www.4manpro.com\/clamp-fixture-devices\/alc-series\/\">ENGLISH<\/a><\/div><\/div>\n\n\n\n<figure class=\" wp-block-image alignwide size-full eplus-wrapper\"><img loading=\"lazy\" decoding=\"async\" width=\"1920\" height=\"339\" src=\"https:\/\/4manpro.com\/SPA\/wp-content\/uploads\/2024\/10\/Serie-ALC.jpg\" alt=\"\" class=\"wp-image-18786\" srcset=\"https:\/\/4manpro.com\/SPA\/wp-content\/uploads\/2024\/10\/Serie-ALC.jpg 1920w, https:\/\/4manpro.com\/SPA\/wp-content\/uploads\/2024\/10\/Serie-ALC-300x53.jpg 300w, https:\/\/4manpro.com\/SPA\/wp-content\/uploads\/2024\/10\/Serie-ALC-1024x181.jpg 1024w, https:\/\/4manpro.com\/SPA\/wp-content\/uploads\/2024\/10\/Serie-ALC-768x136.jpg 768w, https:\/\/4manpro.com\/SPA\/wp-content\/uploads\/2024\/10\/Serie-ALC-1536x271.jpg 1536w\" sizes=\"auto, (max-width: 1920px) 100vw, 1920px\" \/><\/figure>\n\n\n\n<hr class=\" wp-block-separator has-alpha-channel-opacity eplus-wrapper\"\/>\n\n\n\n<div class=\"wp-block-group alignwide eplus-wrapper is-layout-constrained wp-block-group-is-layout-constrained\"><figure class=\" wp-block-image alignleft size-full is-resized eplus-wrapper eplus-styles-uid-77f467\"><img loading=\"lazy\" decoding=\"async\" width=\"1024\" height=\"1024\" src=\"https:\/\/4manpro.com\/SPA\/wp-content\/uploads\/2026\/03\/LOGO-II-3D-2.jpg\" alt=\"\" class=\"wp-image-34081\" style=\"width:200px\" srcset=\"https:\/\/4manpro.com\/SPA\/wp-content\/uploads\/2026\/03\/LOGO-II-3D-2.jpg 1024w, https:\/\/4manpro.com\/SPA\/wp-content\/uploads\/2026\/03\/LOGO-II-3D-2-300x300.jpg 300w, https:\/\/4manpro.com\/SPA\/wp-content\/uploads\/2026\/03\/LOGO-II-3D-2-150x150.jpg 150w, https:\/\/4manpro.com\/SPA\/wp-content\/uploads\/2026\/03\/LOGO-II-3D-2-768x768.jpg 768w\" sizes=\"auto, (max-width: 1024px) 100vw, 1024px\" \/><\/figure><\/div>\n\n\n<p class=\"alignwide eplus-wrapper eplus-styles-uid-cb9986 wp-block-paragraph\">Como elementos complementarios de los sistemas de sujeci\u00f3n, <mark style=\"background-color:rgba(0, 0, 0, 0);color:#ff7805\" class=\"has-inline-color\"><strong>4ManPro<\/strong><sup>\u00ae<\/sup><\/mark> <em>(Elements For Manufacturing Processes<\/em>) <em>una <mark style=\"background-color:rgba(0, 0, 0, 0);color:#ff7805\" class=\"has-inline-color\">Hann Kuen Machinery &amp; Hardware, Co., Ltd. <\/mark><strong>BRANCH OFFICE<\/strong><\/em> cuenta con los Cilindros Neum\u00e1ticos de la <em>Serie <strong>ASC<\/strong>.<\/em><\/p>\n\n\n<div class=\"wp-block-group alignwide eplus-wrapper is-layout-constrained wp-block-group-is-layout-constrained\"><figure class=\" wp-block-image alignright size-full is-resized eplus-wrapper eplus-styles-uid-c6c9fa\"><img loading=\"lazy\" decoding=\"async\" width=\"1024\" height=\"1024\" src=\"https:\/\/4manpro.com\/SPA\/wp-content\/uploads\/2026\/04\/AMAC-2.jpg\" alt=\"\" class=\"wp-image-36874\" style=\"width:200px\" srcset=\"https:\/\/4manpro.com\/SPA\/wp-content\/uploads\/2026\/04\/AMAC-2.jpg 1024w, https:\/\/4manpro.com\/SPA\/wp-content\/uploads\/2026\/04\/AMAC-2-300x300.jpg 300w, https:\/\/4manpro.com\/SPA\/wp-content\/uploads\/2026\/04\/AMAC-2-150x150.jpg 150w, https:\/\/4manpro.com\/SPA\/wp-content\/uploads\/2026\/04\/AMAC-2-768x768.jpg 768w\" sizes=\"auto, (max-width: 1024px) 100vw, 1024px\" \/><\/figure><\/div>\n\n\n<p class=\"alignwide eplus-wrapper eplus-styles-uid-cb9986 wp-block-paragraph\">Estos son dise\u00f1ados y fabricados mediante una amplia variedad de cilindros para aplicaciones de plantilla en diversas m\u00e1quinas y centros de mecanizado para fines especiales. <\/p>\n\n<p class=\"alignwide eplus-wrapper eplus-styles-uid-cb9986 wp-block-paragraph\">Los cilindros son ideales para la producci\u00f3n en masa de piezas que mejoran en gran medida la eficiencia de la producci\u00f3n y garantizan la precisi\u00f3n del mecanizado. Los cilindros est\u00e1n dise\u00f1ados para resolver su problema de dise\u00f1o de plantilla y son excelentes para sujetar piezas de trabajo. <\/p>\n\n<p class=\"alignwide eplus-wrapper eplus-styles-uid-cb9986 wp-block-paragraph\">Los modelos m\u00e1s completos le brindan opciones flexibles para satisfacer sus requisitos espec\u00edficos. Adem\u00e1s, los cilindros neum\u00e1ticos e hidr\u00e1ulicos presentan la m\u00e1xima durabilidad y una larga vida \u00fatil.<\/p>\n\n\n<hr class=\"is-style-dots wp-block-separator has-alpha-channel-opacity eplus-wrapper\"\/>\n\n\n<p class=\"alignwide has-background eplus-wrapper eplus-styles-uid-420493 wp-block-paragraph\" style=\"background-color:#696969\">ELEMENTOS<\/p>\n\n<p class=\"has-text-align-center eplus-wrapper eplus-styles-uid-8f01ac wp-block-paragraph\">CARACTER\u00cdSTICAS ELEMENTOS NEUM\u00c1TICOS<\/p>\n\n<ul class=\" wp-block-list eplus-wrapper eplus-styles-uid-cb2185\"><li class=\" eplus-wrapper eplus-styles-uid-70eaf8\">Di\u00e1metro interior: <strong>\u00d825.00 mm ~ \u00d863.00 mm<\/strong><\/li>\n\n<li class=\" eplus-wrapper eplus-styles-uid-70eaf8\">P<sub>m\u00e1x<\/sub>: <strong>10.00 Kg\/cm\u00b2<\/strong><\/li>\n\n<li class=\" eplus-wrapper eplus-styles-uid-43c748\">La serie de cilindros de aire emplea el cilindro de plantilla estandarizado y est\u00e1 equipado con un mecanismo de sujeci\u00f3n tipo palanca. El pist\u00f3n empuja hacia adelante para sujetarlo. Las piezas principales est\u00e1n montadas fuera del cilindro para un mantenimiento conveniente.<\/li>\n\n<li class=\" eplus-wrapper eplus-styles-uid-43c748\">El cilindro del cilindro est\u00e1 fabricado en aleaci\u00f3n de aluminio y presenta una superficie interna lisa y una larga vida \u00fatil. El mecanismo de sujeci\u00f3n est\u00e1 fabricado en acero al carbono estructural para m\u00e1xima durabilidad y larga vida \u00fatil.<\/li>\n\n<li class=\" eplus-wrapper eplus-styles-uid-3ba736\">Todos los modelos de esta serie est\u00e1n disponibles para equipar con interruptor de proximidad magn\u00e9tico.<\/li><\/ul>\n\n<ul class=\" wp-block-list eplus-wrapper eplus-styles-uid-7df05c\"><li class=\" eplus-wrapper eplus-styles-uid-1eb5dc\">Di\u00e1metros Del Cilindro<ul class=\" wp-block-list eplus-wrapper eplus-styles-uid-4aa18a\"><li class=\" eplus-wrapper eplus-styles-uid-476e15\"><mark style=\"background-color:rgba(0, 0, 0, 0);color:#ff7805\" class=\"has-inline-color\"><em>\u00d825.00 mm, \u00d832.00 mm, \u00d840.00 mm, \u00d852.00 mm &amp; \u00d863.00 mm<\/em>.<\/mark><\/li><\/ul><\/li>\n\n<li class=\" eplus-wrapper eplus-styles-uid-1eb5dc\">Carrera Total:<ul class=\" wp-block-list eplus-wrapper eplus-styles-uid-6b4a9b\"><li class=\" eplus-wrapper eplus-styles-uid-476e15\"><em><mark style=\"background-color:rgba(0, 0, 0, 0);color:#ff7805\" class=\"has-inline-color\">20.00 mm, 23.00 mm, 25.00 mm, 30.00 mm &amp; 35.00 mm<\/mark><\/em><\/li><\/ul><\/li>\n\n<li class=\" eplus-wrapper eplus-styles-uid-1eb5dc\">Potencia Te\u00f3rica De Sujeci\u00f3n:<ul class=\" wp-block-list eplus-wrapper eplus-styles-uid-1d57b9\"><li class=\" eplus-wrapper eplus-styles-uid-476e15\"><mark style=\"background-color:rgba(0, 0, 0, 0);color:#ff7805\" class=\"has-inline-color\"><em>15.00 Kg\/cm\u00b2, 25 Kg\/cm\u00b2, 44.00 Kg\/cm\u00b2, 71.00 Kg\/cm\u00b2 &amp; 136.00 Kg\/cm\u00b2<\/em><\/mark><\/li><\/ul><\/li>\n\n<li class=\" eplus-wrapper eplus-styles-uid-1eb5dc\">Direcci\u00f3n De Giro:<ul class=\" wp-block-list eplus-wrapper eplus-styles-uid-90189a\"><li class=\" eplus-wrapper eplus-styles-uid-476e15\"><em><strong>Sin\u00a0<\/strong><mark style=\"background-color:rgba(0, 0, 0, 0);color:#ff7805\" class=\"has-inline-color\">Sensor Magn\u00e9tico De\u00a0Inducci\u00f3n &amp;<\/mark>\u00a0<strong>Con\u00a0<\/strong><mark style=\"background-color:rgba(0, 0, 0, 0);color:#ff7805\" class=\"has-inline-color\">Sensor Magn\u00e9tico De\u00a0Inducci\u00f3n.<\/mark><\/em><\/li><\/ul><\/li><\/ul>\n\n\n<hr class=\"is-style-dots wp-block-separator has-alpha-channel-opacity eplus-wrapper\"\/>\n\n\n<figure class=\" wp-block-image alignwide size-full eplus-wrapper eplus-styles-uid-550294\"><a href=\"https:\/\/4manpro.com\/SPA\/sistemas-de-sujecion\/serie-alc-2\/alc-25\/\"><img loading=\"lazy\" decoding=\"async\" width=\"2560\" height=\"512\" src=\"https:\/\/4manpro.com\/SPA\/wp-content\/uploads\/2024\/05\/LONG-HSC-ALC-scaled.jpg\" alt=\"\" class=\"wp-image-9511\" srcset=\"https:\/\/4manpro.com\/SPA\/wp-content\/uploads\/2024\/05\/LONG-HSC-ALC-scaled.jpg 2560w, https:\/\/4manpro.com\/SPA\/wp-content\/uploads\/2024\/05\/LONG-HSC-ALC-300x60.jpg 300w, https:\/\/4manpro.com\/SPA\/wp-content\/uploads\/2024\/05\/LONG-HSC-ALC-1024x205.jpg 1024w, https:\/\/4manpro.com\/SPA\/wp-content\/uploads\/2024\/05\/LONG-HSC-ALC-768x154.jpg 768w, https:\/\/4manpro.com\/SPA\/wp-content\/uploads\/2024\/05\/LONG-HSC-ALC-1536x307.jpg 1536w, https:\/\/4manpro.com\/SPA\/wp-content\/uploads\/2024\/05\/LONG-HSC-ALC-2048x410.jpg 2048w\" sizes=\"auto, (max-width: 2560px) 100vw, 2560px\" \/><\/a><\/figure>\n\n<p class=\"has-background has-text-align-center eplus-wrapper eplus-styles-uid-a531f6 wp-block-paragraph\" style=\"background-color:#d6d6d6\"><a href=\"https:\/\/4manpro.com\/SPA\/sistemas-de-sujecion\/serie-alc-2\/alc-25\/\" data-type=\"page\" data-id=\"9522\">SISTEMAS DE SUJECI\u00d3N POR PIST\u00d3N NEUM\u00c1TICO TIPO LEVA<\/a><\/p>\n\n<div class=\"wp-block-columns alignwide eplus-wrapper is-layout-flex wp-container-core-columns-is-layout-f56f613f wp-block-columns-is-layout-flex eplus-styles-uid-e72399\">\n<div class=\"wp-block-column eplus-wrapper is-layout-flow wp-block-column-is-layout-flow\" style=\"flex-basis:20%\"><ul class=\" wp-block-list eplus-wrapper eplus-styles-uid-5fffbc\"><li class=\" eplus-wrapper eplus-styles-uid-5c5553\"><mark style=\"background-color:rgba(0, 0, 0, 0);color:#ff7805\" class=\"has-inline-color\">ALC 25<\/mark><\/li><\/ul><\/div>\n\n\n\n<div class=\"wp-block-column eplus-wrapper is-layout-flow wp-block-column-is-layout-flow\" style=\"flex-basis:20%\"><ul class=\" wp-block-list eplus-wrapper eplus-styles-uid-a4a212\"><li class=\" eplus-wrapper eplus-styles-uid-3b23b3\"><mark style=\"background-color:rgba(0, 0, 0, 0);color:#ff7805\" class=\"has-inline-color\">ALC 32<\/mark><\/li><\/ul><\/div>\n\n\n\n<div class=\"wp-block-column eplus-wrapper is-layout-flow wp-block-column-is-layout-flow\" style=\"flex-basis:20%\"><ul class=\" wp-block-list eplus-wrapper eplus-styles-uid-db7265\"><li class=\" eplus-wrapper eplus-styles-uid-3b46c9\"><mark style=\"background-color:rgba(0, 0, 0, 0);color:#ff7805\" class=\"has-inline-color\">ALC 40<\/mark><\/li><\/ul><\/div>\n\n\n\n<div class=\"wp-block-column eplus-wrapper is-layout-flow wp-block-column-is-layout-flow\" style=\"flex-basis:20%\"><ul class=\" wp-block-list eplus-wrapper eplus-styles-uid-8d946a\"><li class=\" eplus-wrapper eplus-styles-uid-3b46c9\"><mark style=\"background-color:rgba(0, 0, 0, 0);color:#ff7805\" class=\"has-inline-color\">ALC 50<\/mark><\/li><\/ul><\/div>\n\n\n\n<div class=\"wp-block-column eplus-wrapper is-layout-flow wp-block-column-is-layout-flow\" style=\"flex-basis:20%\"><ul class=\" wp-block-list eplus-wrapper eplus-styles-uid-0dbc93\"><li class=\" eplus-wrapper eplus-styles-uid-3b46c9\"><mark style=\"background-color:rgba(0, 0, 0, 0);color:#ff7805\" class=\"has-inline-color\">ALC 63<\/mark><\/li><\/ul><\/div>\n<\/div>\n\n<p class=\"has-text-color has-link-color eplus-wrapper wp-elements-b062a78ca3d272f827e2b88befdee36e eplus-styles-uid-758b2e wp-block-paragraph\" style=\"color:#ababab\"><a href=\"https:\/\/4manpro.com\/download\/SPA\/AMAC\/ALC.pdf\">** DESCARGA PDF &#8211; <mark style=\"background-color:rgba(0, 0, 0, 0);color:#14327a\" class=\"has-inline-color\"><strong>SERIE ALC<\/strong><\/mark><\/a><\/p>\n\n\n<hr class=\"is-style-dots wp-block-separator has-alpha-channel-opacity eplus-wrapper\"\/>\n\n\n<figure class=\" wp-block-image alignwide size-full eplus-wrapper eplus-styles-uid-550294\"><a href=\"https:\/\/4manpro.com\/SPA\/sistemas-de-sujecion\/serie-alc-2\/alc-ms-25-s1\/\"><img loading=\"lazy\" decoding=\"async\" width=\"2560\" height=\"512\" src=\"https:\/\/4manpro.com\/SPA\/wp-content\/uploads\/2024\/05\/LONG-ALC-MS-scaled.jpg\" alt=\"\" class=\"wp-image-9620\" srcset=\"https:\/\/4manpro.com\/SPA\/wp-content\/uploads\/2024\/05\/LONG-ALC-MS-scaled.jpg 2560w, https:\/\/4manpro.com\/SPA\/wp-content\/uploads\/2024\/05\/LONG-ALC-MS-300x60.jpg 300w, https:\/\/4manpro.com\/SPA\/wp-content\/uploads\/2024\/05\/LONG-ALC-MS-1024x205.jpg 1024w, https:\/\/4manpro.com\/SPA\/wp-content\/uploads\/2024\/05\/LONG-ALC-MS-768x154.jpg 768w, https:\/\/4manpro.com\/SPA\/wp-content\/uploads\/2024\/05\/LONG-ALC-MS-1536x307.jpg 1536w, https:\/\/4manpro.com\/SPA\/wp-content\/uploads\/2024\/05\/LONG-ALC-MS-2048x410.jpg 2048w\" sizes=\"auto, (max-width: 2560px) 100vw, 2560px\" \/><\/a><\/figure>\n\n<p class=\"has-background has-text-align-center eplus-wrapper eplus-styles-uid-635077 wp-block-paragraph\" style=\"background-color:#d6d6d6\"><a href=\"https:\/\/4manpro.com\/SPA\/sistemas-de-sujecion\/serie-alc-2\/alc-ms-25-s1\/\" data-type=\"page\" data-id=\"9552\">SISTEMAS DE SUJECI\u00d3N POR PIST\u00d3N NEUM\u00c1TICO CON SENSOR MAGN\u00c9TICO DE INDUCCI\u00d3N TIPO LEVA<\/a><\/p>\n\n<div class=\"wp-block-columns alignwide eplus-wrapper is-layout-flex wp-container-core-columns-is-layout-f56f613f wp-block-columns-is-layout-flex eplus-styles-uid-1996d3\">\n<div class=\"wp-block-column eplus-wrapper is-layout-flow wp-block-column-is-layout-flow\"><ul class=\" wp-block-list eplus-wrapper eplus-styles-uid-04747a\">\n<li class=\" eplus-wrapper\">ALC MS 25 S1<\/li>\n\n\n\n<li class=\" eplus-wrapper\">ALC MS 25 S2<\/li>\n<\/ul><\/div>\n\n\n\n<div class=\"wp-block-column eplus-wrapper is-layout-flow wp-block-column-is-layout-flow\"><ul class=\" wp-block-list eplus-wrapper eplus-styles-uid-08a3fa\">\n<li class=\" eplus-wrapper\">ALC MS 32 S1<\/li>\n\n\n<li class=\" eplus-wrapper eplus-styles-uid-fe641a\">ALC MS 32 S2<\/li><\/ul><\/div>\n\n\n\n<div class=\"wp-block-column eplus-wrapper is-layout-flow wp-block-column-is-layout-flow\"><ul class=\" wp-block-list eplus-wrapper eplus-styles-uid-dd4acd\">\n<li class=\" eplus-wrapper\">ALC MS 40 S1<\/li>\n\n\n\n<li class=\" eplus-wrapper\">ALC MS 40 S2<\/li>\n<\/ul><\/div>\n\n\n\n<div class=\"wp-block-column eplus-wrapper is-layout-flow wp-block-column-is-layout-flow\"><ul class=\" wp-block-list eplus-wrapper eplus-styles-uid-b044f0\"><li class=\" eplus-wrapper eplus-styles-uid-196696\">ALC MS 50 S1<\/li>\n\n<li class=\" eplus-wrapper eplus-styles-uid-196696\">ALC MS 50 S2<\/li><\/ul><\/div>\n\n\n\n<div class=\"wp-block-column eplus-wrapper is-layout-flow wp-block-column-is-layout-flow\"><ul class=\" wp-block-list eplus-wrapper eplus-styles-uid-8fde9f\"><li class=\" eplus-wrapper eplus-styles-uid-196696\">ALC MS 63 S1<\/li>\n\n<li class=\" eplus-wrapper eplus-styles-uid-97b93b\">ALC MS 63 S2<\/li><\/ul><\/div>\n<\/div>\n\n<p class=\"has-text-color has-link-color eplus-wrapper wp-elements-093fec70daba6017c999aea055392caa eplus-styles-uid-758b2e wp-block-paragraph\" style=\"color:#ababab\"><a href=\"https:\/\/4manpro.com\/download\/SPA\/AMAC\/ALC-MS.pdf\">** DESCARGA PDF &#8211; <mark style=\"background-color:rgba(0, 0, 0, 0);color:#14327a\" class=\"has-inline-color\"><strong>SERIE ALC<\/strong><\/mark><\/a><\/p>","protected":false},"excerpt":{"rendered":"<p>Como elementos complementarios de los sistemas de sujeci\u00f3n, 4ManPro\u00ae (Elements For Manufacturing Processes) una Hann Kuen Machinery &amp; Hardware, Co., Ltd. BRANCH OFFICE cuenta con los Cilindros Neum\u00e1ticos de la Serie ASC. Estos son dise\u00f1ados y fabricados mediante una amplia variedad de cilindros para aplicaciones de plantilla en diversas m\u00e1quinas y centros de mecanizado para [&hellip;]<\/p>\n","protected":false},"author":1,"featured_media":0,"parent":11004,"menu_order":0,"comment_status":"closed","ping_status":"closed","template":"principal-cuadros-individuales-2","meta":{"_crdt_document":"","editor_plus_copied_stylings":"{}","footnotes":""},"class_list":["post-9503","page","type-page","status-publish","hentry"],"_links":{"self":[{"href":"https:\/\/4manpro.com\/SPA\/wp-json\/wp\/v2\/pages\/9503","targetHints":{"allow":["GET"]}}],"collection":[{"href":"https:\/\/4manpro.com\/SPA\/wp-json\/wp\/v2\/pages"}],"about":[{"href":"https:\/\/4manpro.com\/SPA\/wp-json\/wp\/v2\/types\/page"}],"author":[{"embeddable":true,"href":"https:\/\/4manpro.com\/SPA\/wp-json\/wp\/v2\/users\/1"}],"replies":[{"embeddable":true,"href":"https:\/\/4manpro.com\/SPA\/wp-json\/wp\/v2\/comments?post=9503"}],"version-history":[{"count":73,"href":"https:\/\/4manpro.com\/SPA\/wp-json\/wp\/v2\/pages\/9503\/revisions"}],"predecessor-version":[{"id":36971,"href":"https:\/\/4manpro.com\/SPA\/wp-json\/wp\/v2\/pages\/9503\/revisions\/36971"}],"up":[{"embeddable":true,"href":"https:\/\/4manpro.com\/SPA\/wp-json\/wp\/v2\/pages\/11004"}],"wp:attachment":[{"href":"https:\/\/4manpro.com\/SPA\/wp-json\/wp\/v2\/media?parent=9503"}],"curies":[{"name":"wp","href":"https:\/\/api.w.org\/{rel}","templated":true}]}}