{"id":95,"date":"2023-09-22T17:07:50","date_gmt":"2023-09-22T17:07:50","guid":{"rendered":"http:\/\/hardy-elements.com\/SPA\/?page_id=95"},"modified":"2026-04-05T22:46:58","modified_gmt":"2026-04-06T04:46:58","slug":"control-logico","status":"publish","type":"page","link":"https:\/\/4manpro.com\/SPA\/control-logico\/","title":{"rendered":"CONTROL L\u00d3GICO"},"content":{"rendered":"\n<div class=\"wp-block-buttons alignwide eplus-wrapper is-content-justification-space-between is-layout-flex wp-container-core-buttons-is-layout-0e410d50 wp-block-buttons-is-layout-flex\"><div style=\"--wp--block-button--width: 50;\" class=\"wp-block-button eplus-wrapper has-custom-width wp-block-button__width wp-block-button__width-50 eplus-styles-uid-2fa662\"><a class=\"wp-block-button__link has-foreground-color has-text-color has-background has-link-color wp-element-button\" href=\"https:\/\/4manpro.com\/SPA\/\" style=\"background-color:#999999\">PRINCIPAL<\/a><\/div>\n\n<div style=\"--wp--block-button--width: 50;\" class=\"wp-block-button eplus-wrapper has-custom-width wp-block-button__width wp-block-button__width-50 eplus-styles-uid-e6267e\"><a class=\"wp-block-button__link has-background-color has-text-color has-background has-link-color wp-element-button\" href=\"https:\/\/www.4manpro.com\/princ-2\/logic-control\/\" style=\"background-color:#ff7805\">ENGLISH<\/a><\/div><\/div>\n\n\n\n<figure class=\" wp-block-image alignwide size-full eplus-wrapper\"><img loading=\"lazy\" decoding=\"async\" width=\"1920\" height=\"406\" src=\"https:\/\/4manpro.com\/SPA\/wp-content\/uploads\/2026\/04\/Control-Logico.jpg\" alt=\"\" class=\"wp-image-37348\" srcset=\"https:\/\/4manpro.com\/SPA\/wp-content\/uploads\/2026\/04\/Control-Logico.jpg 1920w, https:\/\/4manpro.com\/SPA\/wp-content\/uploads\/2026\/04\/Control-Logico-300x63.jpg 300w, https:\/\/4manpro.com\/SPA\/wp-content\/uploads\/2026\/04\/Control-Logico-1024x217.jpg 1024w, https:\/\/4manpro.com\/SPA\/wp-content\/uploads\/2026\/04\/Control-Logico-768x162.jpg 768w, https:\/\/4manpro.com\/SPA\/wp-content\/uploads\/2026\/04\/Control-Logico-1536x325.jpg 1536w\" sizes=\"auto, (max-width: 1920px) 100vw, 1920px\" \/><\/figure>\n\n\n\n<hr class=\" wp-block-separator has-alpha-channel-opacity eplus-wrapper\"\/>\n\n\n\n<div class=\"wp-block-group alignwide eplus-wrapper is-layout-constrained wp-block-group-is-layout-constrained\"><figure class=\" wp-block-image alignleft size-full is-resized eplus-wrapper eplus-styles-uid-77f467\"><img loading=\"lazy\" decoding=\"async\" width=\"1772\" height=\"1772\" src=\"https:\/\/4manpro.com\/SPA\/wp-content\/uploads\/2024\/02\/Delta-2.jpg\" alt=\"\" class=\"wp-image-3022\" style=\"width:175px\" srcset=\"https:\/\/4manpro.com\/SPA\/wp-content\/uploads\/2024\/02\/Delta-2.jpg 1772w, https:\/\/4manpro.com\/SPA\/wp-content\/uploads\/2024\/02\/Delta-2-300x300.jpg 300w, https:\/\/4manpro.com\/SPA\/wp-content\/uploads\/2024\/02\/Delta-2-1024x1024.jpg 1024w, https:\/\/4manpro.com\/SPA\/wp-content\/uploads\/2024\/02\/Delta-2-150x150.jpg 150w, https:\/\/4manpro.com\/SPA\/wp-content\/uploads\/2024\/02\/Delta-2-768x768.jpg 768w, https:\/\/4manpro.com\/SPA\/wp-content\/uploads\/2024\/02\/Delta-2-1536x1536.jpg 1536w\" sizes=\"auto, (max-width: 1772px) 100vw, 1772px\" \/><\/figure>\n\n<p class=\"alignwide eplus-wrapper eplus-styles-uid-cb9986 wp-block-paragraph\"><strong><em><mark style=\"background-color:rgba(0, 0, 0, 0);color:#0aa1ff\" class=\"has-inline-color\">Delta Electronics<\/mark><\/em><\/strong><sup><mark style=\"background-color:rgba(0, 0, 0, 0);color:#0aa1ff\" class=\"has-inline-color\">\u00ae<\/mark><\/sup> es reconocida como un proveedor l\u00edder a nivel mundial de elementos para el control l\u00f3gico en sistemas de automatizaci\u00f3n industrial. Sus productos, que incluyen controladores programables, pantallas t\u00e1ctiles, convertidores de frecuencia y diversos dispositivos de interfaz, son altamente valorados por su calidad, confiabilidad y capacidades avanzadas de control.<\/p>\n\n<p class=\"alignwide eplus-wrapper eplus-styles-uid-cb9986 wp-block-paragraph\">Los elementos para control l\u00f3gico de <strong><em><mark style=\"background-color:rgba(0, 0, 0, 0);color:#0aa1ff\" class=\"has-inline-color\">Delta Electronics<\/mark><\/em><\/strong><sup><mark style=\"background-color:rgba(0, 0, 0, 0);color:#0aa1ff\" class=\"has-inline-color\">\u00ae<\/mark><\/sup> se han convertido en una opci\u00f3n preferida para la automatizaci\u00f3n de procesos en una amplia gama de industrias, desde manufactura y energ\u00eda hasta la industria qu\u00edmica y la automatizaci\u00f3n de edificios. La empresa se destaca por su enfoque en la innovaci\u00f3n y la ingenier\u00eda avanzada, lo que se refleja en la calidad superior de sus productos y su capacidad para satisfacer las demandas cada vez mayores de la automatizaci\u00f3n industrial.<\/p>\n\n<p class=\"alignwide eplus-wrapper eplus-styles-uid-cb9986 wp-block-paragraph\"><strong><em><mark style=\"background-color:rgba(0, 0, 0, 0);color:#0aa1ff\" class=\"has-inline-color\">Delta Electronics<\/mark><\/em><\/strong><sup><mark style=\"background-color:rgba(0, 0, 0, 0);color:#0aa1ff\" class=\"has-inline-color\">\u00ae<\/mark><\/sup> ofrece una gama completa de soluciones de control l\u00f3gico que abordan las necesidades cambiantes de la industria. Sus controladores programables, conocidos por su flexibilidad y fiabilidad, permiten la automatizaci\u00f3n de una amplia variedad de procesos y maquinaria. Adem\u00e1s, sus pantallas t\u00e1ctiles intuitivas y f\u00e1ciles de usar brindan una interfaz efectiva para monitorear y controlar sistemas complejos.<\/p>\n\n<p class=\"alignwide eplus-wrapper eplus-styles-uid-cb9986 wp-block-paragraph\">En el \u00e1mbito de la energ\u00eda, <strong><em><mark style=\"background-color:rgba(0, 0, 0, 0);color:#0aa1ff\" class=\"has-inline-color\">Delta Electronics<\/mark><\/em><\/strong><sup><mark style=\"background-color:rgba(0, 0, 0, 0);color:#0aa1ff\" class=\"has-inline-color\">\u00ae<\/mark><\/sup> proporciona convertidores de frecuencia altamente eficientes que permiten el control preciso de motores el\u00e9ctricos, optimizando as\u00ed el consumo de energ\u00eda y mejorando la eficiencia operativa. Asimismo, la empresa ofrece una variedad de dispositivos de interfaz que facilitan la conexi\u00f3n y la comunicaci\u00f3n entre distintos componentes de un sistema automatizado.<\/p>\n\n<figure class=\" wp-block-image alignright size-full is-resized eplus-wrapper eplus-styles-uid-c6c9fa\"><img loading=\"lazy\" decoding=\"async\" width=\"1181\" height=\"1181\" src=\"https:\/\/4manpro.com\/SPA\/wp-content\/uploads\/2026\/04\/4MANPRO-AZUL-DELTA.jpg\" alt=\"\" class=\"wp-image-37349\" style=\"width:175px\" srcset=\"https:\/\/4manpro.com\/SPA\/wp-content\/uploads\/2026\/04\/4MANPRO-AZUL-DELTA.jpg 1181w, https:\/\/4manpro.com\/SPA\/wp-content\/uploads\/2026\/04\/4MANPRO-AZUL-DELTA-300x300.jpg 300w, https:\/\/4manpro.com\/SPA\/wp-content\/uploads\/2026\/04\/4MANPRO-AZUL-DELTA-1024x1024.jpg 1024w, https:\/\/4manpro.com\/SPA\/wp-content\/uploads\/2026\/04\/4MANPRO-AZUL-DELTA-150x150.jpg 150w, https:\/\/4manpro.com\/SPA\/wp-content\/uploads\/2026\/04\/4MANPRO-AZUL-DELTA-768x768.jpg 768w\" sizes=\"auto, (max-width: 1181px) 100vw, 1181px\" \/><\/figure>\n\n<p class=\"alignwide eplus-wrapper eplus-styles-uid-cb9986 wp-block-paragraph\">La dedicaci\u00f3n de <strong><em><mark style=\"background-color:rgba(0, 0, 0, 0);color:#0aa1ff\" class=\"has-inline-color\">Delta Electronics<\/mark><\/em><\/strong><sup><mark style=\"background-color:rgba(0, 0, 0, 0);color:#0aa1ff\" class=\"has-inline-color\">\u00ae<\/mark><\/sup> a la calidad y la excelencia en ingenier\u00eda se refleja en sus productos, que se caracterizan por su durabilidad y rendimiento consistente. Adem\u00e1s, la empresa se compromete a desarrollar soluciones sostenibles que contribuyan a la eficiencia energ\u00e9tica y la conservaci\u00f3n de recursos.<\/p>\n\n<p class=\"alignwide eplus-wrapper eplus-styles-uid-cb9986 wp-block-paragraph\">En resumen, <strong><em><mark style=\"background-color:rgba(0, 0, 0, 0);color:#0aa1ff\" class=\"has-inline-color\">Delta Electronics<\/mark><\/em><\/strong><sup><mark style=\"background-color:rgba(0, 0, 0, 0);color:#0aa1ff\" class=\"has-inline-color\">\u00ae<\/mark><\/sup> se ha ganado la reputaci\u00f3n de ser un proveedor confiable de elementos para control l\u00f3gico en sistemas de automatizaci\u00f3n industrial, ofreciendo soluciones de alta calidad que impulsan la eficiencia, la productividad y la sostenibilidad en diversas aplicaciones industriales.<\/p>\n\n<p class=\"alignwide eplus-wrapper eplus-styles-uid-21327e wp-block-paragraph\">De la muy extensa gama de productos, los que incluimos para el \u00e1mbito de integraci\u00f3n son los siguientes:<\/p><\/div>\n\n\n\n<hr class=\"is-style-dots wp-block-separator has-alpha-channel-opacity eplus-wrapper\"\/>\n\n\n<p class=\"has-background-color has-text-color has-background has-link-color has-text-align-center alignwide eplus-wrapper wp-elements-8110ba13085691e53f0e04d8bc31cd24 eplus-styles-uid-bb50c7 wp-block-paragraph\" style=\"background-color:#0aa1ff\">DELTA Electronics<sup><strong>\u00ae<\/strong><\/sup><\/p>\n\n\n<div style=\"height:14px\" aria-hidden=\"true\" class=\" wp-block-spacer eplus-wrapper\"><\/div>\n\n\n<div class=\"wp-block-columns eplus-wrapper is-layout-flex wp-container-core-columns-is-layout-f56f613f wp-block-columns-is-layout-flex eplus-styles-uid-b47474\">\n<div class=\"wp-block-column eplus-wrapper is-layout-flow wp-block-column-is-layout-flow\" style=\"flex-basis:250px\"><figure class=\" wp-block-image aligncenter size-full is-resized eplus-wrapper eplus-styles-uid-c73b55\"><img loading=\"lazy\" decoding=\"async\" width=\"827\" height=\"827\" src=\"https:\/\/4manpro.com\/SPA\/wp-content\/uploads\/2024\/06\/Serie-Delta-2.jpg\" alt=\"\" class=\"wp-image-11554\" style=\"width:250px\" srcset=\"https:\/\/4manpro.com\/SPA\/wp-content\/uploads\/2024\/06\/Serie-Delta-2.jpg 827w, https:\/\/4manpro.com\/SPA\/wp-content\/uploads\/2024\/06\/Serie-Delta-2-300x300.jpg 300w, https:\/\/4manpro.com\/SPA\/wp-content\/uploads\/2024\/06\/Serie-Delta-2-150x150.jpg 150w, https:\/\/4manpro.com\/SPA\/wp-content\/uploads\/2024\/06\/Serie-Delta-2-768x768.jpg 768w\" sizes=\"auto, (max-width: 827px) 100vw, 827px\" \/><\/figure><\/div>\n\n\n\n<div class=\"wp-block-column eplus-wrapper is-layout-flow wp-block-column-is-layout-flow\" style=\"flex-basis:10px\"><\/div>\n\n\n\n<div class=\"wp-block-column is-vertically-aligned-center eplus-wrapper is-layout-flow wp-block-column-is-layout-flow\" style=\"flex-basis:400px\"><ul class=\" wp-block-list eplus-wrapper eplus-styles-uid-44a264\"><li class=\" eplus-wrapper eplus-styles-uid-0f2e13\"><mark style=\"background-color:rgba(0, 0, 0, 0);color:#0aa1ff\" class=\"has-inline-color\">PANTALLAS DE TACTO HMI<\/mark><ul class=\" wp-block-list eplus-wrapper eplus-styles-uid-394cfa\">\n<li class=\" eplus-wrapper\"><a href=\"https:\/\/4manpro.com\/download\/SPA\/DELTA\/DELTA_Monitores_HMC_(2020)_opt.pdf\" target=\"_blank\" rel=\"noreferrer noopener\">MONITORES <strong>HMC<\/strong><\/a><\/li>\n\n\n\n<li class=\" eplus-wrapper\"><a href=\"https:\/\/4manpro.com\/download\/SPA\/DELTA\/DELTA_HMI_Serie_DOP_opt.pdf\" target=\"_blank\" rel=\"noreferrer noopener\">HMI SERIE <strong>DOP<\/strong><\/a><\/li>\n\n\n\n<li class=\" eplus-wrapper\"><a href=\"https:\/\/4manpro.com\/download\/SPA\/DELTA\/DELTA_HMI_Serie_DOP-100_opt.pdf\" target=\"_blank\" rel=\"noreferrer noopener\">HMI SERIE <strong>DOP-100<\/strong><\/a><\/li>\n<\/ul><\/li><\/ul><\/div>\n<\/div>\n\n\n<hr class=\"is-style-dots wp-block-separator has-alpha-channel-opacity eplus-wrapper\"\/>\n\n\n<div class=\"wp-block-columns eplus-wrapper is-layout-flex wp-container-core-columns-is-layout-f56f613f wp-block-columns-is-layout-flex eplus-styles-uid-cbf0cf\">\n<div class=\"wp-block-column is-vertically-aligned-center eplus-wrapper is-layout-flow wp-block-column-is-layout-flow\" style=\"flex-basis:50%\"><ul class=\" wp-block-list eplus-wrapper eplus-styles-uid-5edb54\"><li class=\" eplus-wrapper eplus-styles-uid-43efcf\"><mark style=\"background-color:rgba(0, 0, 0, 0);color:#0aa1ff\" class=\"has-inline-color\">PERIF\u00c9RICOS<\/mark><ul class=\" wp-block-list eplus-wrapper eplus-styles-uid-c902db\">\n<li class=\" eplus-wrapper\"><a href=\"https:\/\/4manpro.com\/download\/SPA\/DELTA\/DELTA_Cables_PLC_y_HMI_opt.pdf\" target=\"_blank\" rel=\"noreferrer noopener\">CABLES PARA <strong>PLC <\/strong>&amp; <strong>HMI<\/strong><\/a><\/li>\n<\/ul><\/li><\/ul><\/div>\n\n\n\n<div class=\"wp-block-column eplus-wrapper is-layout-flow wp-block-column-is-layout-flow\" style=\"flex-basis:50%\"><figure class=\" wp-block-image aligncenter is-resized eplus-wrapper eplus-styles-uid-0bef58\"><img loading=\"lazy\" decoding=\"async\" width=\"827\" height=\"827\" src=\"https:\/\/4manpro.com\/SPA\/wp-content\/uploads\/2024\/02\/Serie-Delta-4.jpg\" alt=\"\" class=\"wp-image-3031\" style=\"width:250px\" srcset=\"https:\/\/4manpro.com\/SPA\/wp-content\/uploads\/2024\/02\/Serie-Delta-4.jpg 827w, https:\/\/4manpro.com\/SPA\/wp-content\/uploads\/2024\/02\/Serie-Delta-4-300x300.jpg 300w, https:\/\/4manpro.com\/SPA\/wp-content\/uploads\/2024\/02\/Serie-Delta-4-150x150.jpg 150w, https:\/\/4manpro.com\/SPA\/wp-content\/uploads\/2024\/02\/Serie-Delta-4-768x768.jpg 768w\" sizes=\"auto, (max-width: 827px) 100vw, 827px\" \/><\/figure><\/div>\n<\/div>\n\n\n<hr class=\"is-style-dots wp-block-separator has-alpha-channel-opacity eplus-wrapper\"\/>\n\n\n<div class=\"wp-block-columns eplus-wrapper is-layout-flex wp-container-core-columns-is-layout-f56f613f wp-block-columns-is-layout-flex eplus-styles-uid-93940c\">\n<div class=\"wp-block-column eplus-wrapper is-layout-flow wp-block-column-is-layout-flow\" style=\"flex-basis:50%\"><figure class=\" wp-block-image aligncenter eplus-wrapper eplus-styles-uid-c73b55\"><img loading=\"lazy\" decoding=\"async\" width=\"827\" height=\"827\" src=\"https:\/\/4manpro.com\/SPA\/wp-content\/uploads\/2024\/02\/Serie-Delta-3.jpg\" alt=\"\" class=\"wp-image-3032\" srcset=\"https:\/\/4manpro.com\/SPA\/wp-content\/uploads\/2024\/02\/Serie-Delta-3.jpg 827w, https:\/\/4manpro.com\/SPA\/wp-content\/uploads\/2024\/02\/Serie-Delta-3-300x300.jpg 300w, https:\/\/4manpro.com\/SPA\/wp-content\/uploads\/2024\/02\/Serie-Delta-3-150x150.jpg 150w, https:\/\/4manpro.com\/SPA\/wp-content\/uploads\/2024\/02\/Serie-Delta-3-768x768.jpg 768w\" sizes=\"auto, (max-width: 827px) 100vw, 827px\" \/><\/figure><\/div>\n\n\n\n<div class=\"wp-block-column is-vertically-aligned-center eplus-wrapper is-layout-flow wp-block-column-is-layout-flow\" style=\"flex-basis:50%\"><ul class=\" wp-block-list eplus-wrapper eplus-styles-uid-37f4d5\"><li class=\" eplus-wrapper eplus-styles-uid-465512\"><mark style=\"background-color:rgba(0, 0, 0, 0);color:#0aa1ff\" class=\"has-inline-color\">L\u00cdNEAS DE CONTROLADORES L\u00d3GICOS PROGRAMABLES  <\/mark><strong><em>(PLC&#8217;S)<\/em><\/strong><ul class=\" wp-block-list eplus-wrapper eplus-styles-uid-258035\">\n<li class=\" eplus-wrapper\"><a href=\"https:\/\/4manpro.com\/download\/SPA\/DELTA\/DELTA_PLC_Serie_AH_opt.pdf\" target=\"_blank\" rel=\"noreferrer noopener\">SERIE PLC <strong>AH<\/strong><\/a><\/li>\n\n\n\n<li class=\" eplus-wrapper\"><a href=\"https:\/\/4manpro.com\/download\/SPA\/DELTA\/DELTA_PLC_Serie_AS_opt.pdf\" target=\"_blank\" rel=\"noreferrer noopener\">SERIE PLC <strong>AS<\/strong><\/a><\/li>\n\n\n\n<li class=\" eplus-wrapper\"><a href=\"https:\/\/4manpro.com\/download\/SPA\/DELTA\/DELTA_PLC_Serie_DVP_opt.pdf\" target=\"_blank\" rel=\"noreferrer noopener\">SERIE PLC <strong>DVP<\/strong><\/a><\/li>\n\n\n\n<li class=\" eplus-wrapper\"><a href=\"https:\/\/4manpro.com\/download\/SPA\/DELTA\/DELTA_PLC_Serie_DVP-ES2_opt.pdf\" target=\"_blank\" rel=\"noreferrer noopener\">SERIE PLC <strong>DVP-ES2<\/strong><\/a><\/li>\n<\/ul><\/li><\/ul><\/div>\n<\/div>\n\n\n<hr class=\"is-style-dots wp-block-separator has-alpha-channel-opacity eplus-wrapper\"\/>\n\n\n<div class=\"wp-block-columns eplus-wrapper is-layout-flex wp-container-core-columns-is-layout-f56f613f wp-block-columns-is-layout-flex eplus-styles-uid-194828\">\n<div class=\"wp-block-column eplus-wrapper is-layout-flow wp-block-column-is-layout-flow\" style=\"flex-basis:10px\"><\/div>\n\n\n\n<div class=\"wp-block-column is-vertically-aligned-center eplus-wrapper is-layout-flow wp-block-column-is-layout-flow\" style=\"flex-basis:50%\"><ul class=\" wp-block-list eplus-wrapper eplus-styles-uid-de4bef\"><li class=\" eplus-wrapper eplus-styles-uid-ddae4c\"><mark style=\"background-color:rgba(0, 0, 0, 0);color:#0aa1ff\" class=\"has-inline-color\">SERVOMOTORES<\/mark><ul class=\" wp-block-list eplus-wrapper eplus-styles-uid-afc1ae\"><li class=\" eplus-wrapper eplus-styles-uid-eef697\"><a href=\"https:\/\/4manpro.com\/download\/SPA\/DELTA\/DELTA_Servos_(A2)_opt.pdf\" target=\"_blank\" rel=\"noreferrer noopener\">SERIE <strong>(A2)<\/strong><\/a><\/li>\n\n\n<li class=\" eplus-wrapper\"><a href=\"https:\/\/4manpro.com\/download\/SPA\/DELTA\/DELTA_Servos_(B2)_opt.pdf\" target=\"_blank\" rel=\"noreferrer noopener\">SERIE<strong> (B2)<\/strong><\/a><\/li>\n\n\n\n<li class=\" eplus-wrapper\"><a href=\"https:\/\/4manpro.com\/download\/SPA\/DELTA\/DELTA_Servos_(B3)_opt.pdf\" target=\"_blank\" rel=\"noreferrer noopener\">SERIE <strong>(B3)<\/strong><\/a><\/li>\n<\/ul><\/li><\/ul><\/div>\n\n\n\n<div class=\"wp-block-column eplus-wrapper is-layout-flow wp-block-column-is-layout-flow\" style=\"flex-basis:250px\"><figure class=\" wp-block-image aligncenter is-resized eplus-wrapper eplus-styles-uid-0bef58\"><img loading=\"lazy\" decoding=\"async\" width=\"827\" height=\"827\" src=\"https:\/\/4manpro.com\/SPA\/wp-content\/uploads\/2024\/02\/Serie-Delta-1.jpg\" alt=\"\" class=\"wp-image-3033\" style=\"width:250px\" srcset=\"https:\/\/4manpro.com\/SPA\/wp-content\/uploads\/2024\/02\/Serie-Delta-1.jpg 827w, https:\/\/4manpro.com\/SPA\/wp-content\/uploads\/2024\/02\/Serie-Delta-1-300x300.jpg 300w, https:\/\/4manpro.com\/SPA\/wp-content\/uploads\/2024\/02\/Serie-Delta-1-150x150.jpg 150w, https:\/\/4manpro.com\/SPA\/wp-content\/uploads\/2024\/02\/Serie-Delta-1-768x768.jpg 768w\" sizes=\"auto, (max-width: 827px) 100vw, 827px\" \/><\/figure><\/div>\n<\/div>\n\n\n<hr class=\"is-style-dots wp-block-separator has-alpha-channel-opacity eplus-wrapper\"\/>\n\n\n<div class=\"wp-block-columns eplus-wrapper is-layout-flex wp-container-core-columns-is-layout-f56f613f wp-block-columns-is-layout-flex eplus-styles-uid-3cbe93\">\n<div class=\"wp-block-column eplus-wrapper is-layout-flow wp-block-column-is-layout-flow\" style=\"flex-basis:250px\"><figure class=\" wp-block-image aligncenter size-full is-resized eplus-wrapper eplus-styles-uid-c73b55\"><img loading=\"lazy\" decoding=\"async\" width=\"827\" height=\"827\" src=\"https:\/\/4manpro.com\/SPA\/wp-content\/uploads\/2024\/06\/Serie-Delta-5.jpg\" alt=\"\" class=\"wp-image-11572\" style=\"width:250px\" srcset=\"https:\/\/4manpro.com\/SPA\/wp-content\/uploads\/2024\/06\/Serie-Delta-5.jpg 827w, https:\/\/4manpro.com\/SPA\/wp-content\/uploads\/2024\/06\/Serie-Delta-5-300x300.jpg 300w, https:\/\/4manpro.com\/SPA\/wp-content\/uploads\/2024\/06\/Serie-Delta-5-150x150.jpg 150w, https:\/\/4manpro.com\/SPA\/wp-content\/uploads\/2024\/06\/Serie-Delta-5-768x768.jpg 768w\" sizes=\"auto, (max-width: 827px) 100vw, 827px\" \/><\/figure><\/div>\n\n\n\n<div class=\"wp-block-column eplus-wrapper is-layout-flow wp-block-column-is-layout-flow\" style=\"flex-basis:10px\"><\/div>\n\n\n\n<div class=\"wp-block-column is-vertically-aligned-center eplus-wrapper is-layout-flow wp-block-column-is-layout-flow\"><p class=\"has-text-align-center eplus-wrapper eplus-styles-uid-7b19a4 wp-block-paragraph\"><a href=\"https:\/\/4manpro.com\/download\/SPA\/DELTA\/DELTA_Manufactura_Inteligente_opt.pdf\" target=\"_blank\" rel=\"noreferrer noopener\"><mark style=\"background-color:rgba(0, 0, 0, 0);color:#0693e3\" class=\"has-inline-color\">MANUFACTURA INTELIGENTE<\/mark><\/a><\/p><\/div>\n<\/div>\n\n\n<hr class=\"is-style-dots wp-block-separator has-alpha-channel-opacity eplus-wrapper\"\/>\n\n\n<div class=\"wp-block-columns eplus-wrapper is-layout-flex wp-container-core-columns-is-layout-f56f613f wp-block-columns-is-layout-flex eplus-styles-uid-11c1b0\">\n<div class=\"wp-block-column is-vertically-aligned-center eplus-wrapper is-layout-flow wp-block-column-is-layout-flow\" style=\"flex-basis:400px\"><ul class=\" wp-block-list eplus-wrapper eplus-styles-uid-7490d4\"><li class=\" eplus-wrapper eplus-styles-uid-ddae4c\"><mark style=\"background-color:rgba(0, 0, 0, 0);color:#0aa1ff\" class=\"has-inline-color\">M\u00d3DULOS DE POTENCIA<\/mark><ul class=\" wp-block-list eplus-wrapper eplus-styles-uid-caf4d0\">\n<li class=\" eplus-wrapper\"><a href=\"https:\/\/4manpro.com\/download\/SPA\/DELTA\/DELTA_Modulos_De_Poder_opt.pdf\" target=\"_blank\" rel=\"noreferrer noopener\">M\u00d3DULOS DE PODER AC\/DC<\/a><\/li>\n\n\n\n<li class=\" eplus-wrapper\"><a href=\"https:\/\/4manpro.com\/download\/SPA\/DELTA\/DELTA_Unidades_De_Poder_Industriales_opt.pdf\" target=\"_blank\" rel=\"noreferrer noopener\">UNIDADES DE PODER INDUSTRIALES<\/a><\/li>\n<\/ul><\/li><\/ul><\/div>\n\n\n\n<div class=\"wp-block-column eplus-wrapper is-layout-flow wp-block-column-is-layout-flow\" style=\"flex-basis:10px\"><\/div>\n\n\n\n<div class=\"wp-block-column eplus-wrapper is-layout-flow wp-block-column-is-layout-flow\" style=\"flex-basis:300px\"><figure class=\" wp-block-image aligncenter size-full is-resized eplus-wrapper eplus-styles-uid-0bef58\"><img loading=\"lazy\" decoding=\"async\" width=\"827\" height=\"827\" src=\"https:\/\/4manpro.com\/SPA\/wp-content\/uploads\/2024\/06\/Serie-Delta-6.jpg\" alt=\"\" class=\"wp-image-11573\" style=\"width:250px\" srcset=\"https:\/\/4manpro.com\/SPA\/wp-content\/uploads\/2024\/06\/Serie-Delta-6.jpg 827w, https:\/\/4manpro.com\/SPA\/wp-content\/uploads\/2024\/06\/Serie-Delta-6-300x300.jpg 300w, https:\/\/4manpro.com\/SPA\/wp-content\/uploads\/2024\/06\/Serie-Delta-6-150x150.jpg 150w, https:\/\/4manpro.com\/SPA\/wp-content\/uploads\/2024\/06\/Serie-Delta-6-768x768.jpg 768w\" sizes=\"auto, (max-width: 827px) 100vw, 827px\" \/><\/figure><\/div>\n<\/div>\n\n\n<hr class=\"is-style-dots wp-block-separator has-alpha-channel-opacity eplus-wrapper\"\/>\n\n\n<div class=\"wp-block-columns eplus-wrapper is-layout-flex wp-container-core-columns-is-layout-f56f613f wp-block-columns-is-layout-flex eplus-styles-uid-baffb9\">\n<div class=\"wp-block-column eplus-wrapper is-layout-flow wp-block-column-is-layout-flow\" style=\"flex-basis:250px\"><figure class=\" wp-block-image aligncenter size-full is-resized eplus-wrapper eplus-styles-uid-c73b55\"><img loading=\"lazy\" decoding=\"async\" width=\"827\" height=\"827\" src=\"https:\/\/4manpro.com\/SPA\/wp-content\/uploads\/2024\/06\/Serie-Delta-7.jpg\" alt=\"\" class=\"wp-image-11574\" style=\"width:250px\" srcset=\"https:\/\/4manpro.com\/SPA\/wp-content\/uploads\/2024\/06\/Serie-Delta-7.jpg 827w, https:\/\/4manpro.com\/SPA\/wp-content\/uploads\/2024\/06\/Serie-Delta-7-300x300.jpg 300w, https:\/\/4manpro.com\/SPA\/wp-content\/uploads\/2024\/06\/Serie-Delta-7-150x150.jpg 150w, https:\/\/4manpro.com\/SPA\/wp-content\/uploads\/2024\/06\/Serie-Delta-7-768x768.jpg 768w\" sizes=\"auto, (max-width: 827px) 100vw, 827px\" \/><\/figure><\/div>\n\n\n\n<div class=\"wp-block-column eplus-wrapper is-layout-flow wp-block-column-is-layout-flow\" style=\"flex-basis:10px\"><\/div>\n\n\n\n<div class=\"wp-block-column is-vertically-aligned-center eplus-wrapper is-layout-flow wp-block-column-is-layout-flow\" style=\"flex-basis:33%\"><p class=\"eplus-wrapper eplus-styles-uid-d45884 wp-block-paragraph\"><a href=\"https:\/\/4manpro.com\/download\/SPA\/DELTA\/DELTA_Productos_De_Control_opt.pdf\" target=\"_blank\" rel=\"noreferrer noopener\"><mark style=\"background-color:rgba(0, 0, 0, 0);color:#0693e3\" class=\"has-inline-color\">PRODUCTOS DE CONTROL<\/mark><\/a><\/p><\/div>\n<\/div>","protected":false},"excerpt":{"rendered":"<p>Delta Electronics\u00ae es reconocida como un proveedor l\u00edder a nivel mundial de elementos para el control l\u00f3gico en sistemas de automatizaci\u00f3n industrial. Sus productos, que incluyen controladores programables, pantallas t\u00e1ctiles, convertidores de frecuencia y diversos dispositivos de interfaz, son altamente valorados por su calidad, confiabilidad y capacidades avanzadas de control. Los elementos para control l\u00f3gico [&hellip;]<\/p>\n","protected":false},"author":1,"featured_media":0,"parent":0,"menu_order":0,"comment_status":"closed","ping_status":"closed","template":"principal-cuadros-individuales-2","meta":{"_crdt_document":"","editor_plus_copied_stylings":"{}","footnotes":""},"class_list":["post-95","page","type-page","status-publish","hentry"],"_links":{"self":[{"href":"https:\/\/4manpro.com\/SPA\/wp-json\/wp\/v2\/pages\/95","targetHints":{"allow":["GET"]}}],"collection":[{"href":"https:\/\/4manpro.com\/SPA\/wp-json\/wp\/v2\/pages"}],"about":[{"href":"https:\/\/4manpro.com\/SPA\/wp-json\/wp\/v2\/types\/page"}],"author":[{"embeddable":true,"href":"https:\/\/4manpro.com\/SPA\/wp-json\/wp\/v2\/users\/1"}],"replies":[{"embeddable":true,"href":"https:\/\/4manpro.com\/SPA\/wp-json\/wp\/v2\/comments?post=95"}],"version-history":[{"count":110,"href":"https:\/\/4manpro.com\/SPA\/wp-json\/wp\/v2\/pages\/95\/revisions"}],"predecessor-version":[{"id":37356,"href":"https:\/\/4manpro.com\/SPA\/wp-json\/wp\/v2\/pages\/95\/revisions\/37356"}],"wp:attachment":[{"href":"https:\/\/4manpro.com\/SPA\/wp-json\/wp\/v2\/media?parent=95"}],"curies":[{"name":"wp","href":"https:\/\/api.w.org\/{rel}","templated":true}]}}