{"id":6896,"date":"2024-04-07T13:41:58","date_gmt":"2024-04-07T19:41:58","guid":{"rendered":"https:\/\/4manpro.com\/SPA\/?page_id=6896"},"modified":"2025-10-22T20:28:54","modified_gmt":"2025-10-23T02:28:54","slug":"neblina-de-aceite","status":"publish","type":"page","link":"https:\/\/4manpro.com\/SPA\/lubricacion-centralizada\/neblina-de-aceite\/","title":{"rendered":"Neblina Pulverizada"},"content":{"rendered":"\n<div class=\"wp-block-buttons alignwide eplus-wrapper is-content-justification-space-between is-layout-flex wp-container-core-buttons-is-layout-0e410d50 wp-block-buttons-is-layout-flex\"><div class=\" wp-block-button has-custom-width wp-block-button__width-25 eplus-wrapper eplus-styles-uid-0cd73b\"><a class=\"wp-block-button__link has-foreground-color has-text-color has-background has-link-color wp-element-button\" href=\"http:\/\/WWW.4MANPRO.COM\/SPA\/\" style=\"background-color:#999999\">PRINCIPAL<\/a><\/div>\n\n<div class=\" wp-block-button has-custom-width wp-block-button__width-25 eplus-wrapper eplus-styles-uid-aca08e\"><a class=\"wp-block-button__link has-foreground-color has-background-background-color has-text-color has-background has-link-color wp-element-button\" href=\"https:\/\/4manpro.com\/SPA\/home\/lubricacion-centralizada\/\">ATR\u00c1S<\/a><\/div>\n\n<div class=\" wp-block-button has-custom-width wp-block-button__width-25 eplus-wrapper eplus-styles-uid-875264\"><a class=\"wp-block-button__link has-background-color has-text-color has-background has-link-color wp-element-button\" href=\"https:\/\/www.4manpro.com\/princ-2\/centralized-lubricating-systems\/spray-mist-lubrication-systems\/\" style=\"background-color:#ff7805\">ENGLISH<\/a><\/div><\/div>\n\n\n\n<figure class=\" wp-block-image alignwide size-full eplus-wrapper\"><img loading=\"lazy\" decoding=\"async\" width=\"2560\" height=\"453\" src=\"https:\/\/4manpro.com\/SPA\/wp-content\/uploads\/2024\/09\/Lubricacion-Por-Neblina-Pulverizada-scaled.jpg\" alt=\"\" class=\"wp-image-18031\" srcset=\"https:\/\/4manpro.com\/SPA\/wp-content\/uploads\/2024\/09\/Lubricacion-Por-Neblina-Pulverizada-scaled.jpg 2560w, https:\/\/4manpro.com\/SPA\/wp-content\/uploads\/2024\/09\/Lubricacion-Por-Neblina-Pulverizada-300x53.jpg 300w, https:\/\/4manpro.com\/SPA\/wp-content\/uploads\/2024\/09\/Lubricacion-Por-Neblina-Pulverizada-1024x181.jpg 1024w, https:\/\/4manpro.com\/SPA\/wp-content\/uploads\/2024\/09\/Lubricacion-Por-Neblina-Pulverizada-768x136.jpg 768w, https:\/\/4manpro.com\/SPA\/wp-content\/uploads\/2024\/09\/Lubricacion-Por-Neblina-Pulverizada-1536x272.jpg 1536w, https:\/\/4manpro.com\/SPA\/wp-content\/uploads\/2024\/09\/Lubricacion-Por-Neblina-Pulverizada-2048x362.jpg 2048w\" sizes=\"auto, (max-width: 2560px) 100vw, 2560px\" \/><\/figure>\n\n\n\n<hr class=\" wp-block-separator has-alpha-channel-opacity eplus-wrapper\"\/>\n\n\n\n<div class=\"wp-block-group alignwide eplus-wrapper is-layout-constrained wp-block-group-is-layout-constrained\"><figure class=\" wp-block-image alignleft size-full is-resized eplus-wrapper eplus-styles-uid-c73b55\"><img loading=\"lazy\" decoding=\"async\" width=\"2560\" height=\"2560\" src=\"https:\/\/4manpro.com\/SPA\/wp-content\/uploads\/2024\/09\/Logo-4-Blue-CHANDOX-II-NEGRO-scaled.jpg\" alt=\"\" class=\"wp-image-16837\" style=\"width:200px\" srcset=\"https:\/\/4manpro.com\/SPA\/wp-content\/uploads\/2024\/09\/Logo-4-Blue-CHANDOX-II-NEGRO-scaled.jpg 2560w, https:\/\/4manpro.com\/SPA\/wp-content\/uploads\/2024\/09\/Logo-4-Blue-CHANDOX-II-NEGRO-300x300.jpg 300w, https:\/\/4manpro.com\/SPA\/wp-content\/uploads\/2024\/09\/Logo-4-Blue-CHANDOX-II-NEGRO-1024x1024.jpg 1024w, https:\/\/4manpro.com\/SPA\/wp-content\/uploads\/2024\/09\/Logo-4-Blue-CHANDOX-II-NEGRO-150x150.jpg 150w, https:\/\/4manpro.com\/SPA\/wp-content\/uploads\/2024\/09\/Logo-4-Blue-CHANDOX-II-NEGRO-768x768.jpg 768w, https:\/\/4manpro.com\/SPA\/wp-content\/uploads\/2024\/09\/Logo-4-Blue-CHANDOX-II-NEGRO-1536x1536.jpg 1536w, https:\/\/4manpro.com\/SPA\/wp-content\/uploads\/2024\/09\/Logo-4-Blue-CHANDOX-II-NEGRO-2048x2048.jpg 2048w\" sizes=\"auto, (max-width: 2560px) 100vw, 2560px\" \/><\/figure><\/div>\n\n\n<p class=\"eplus-wrapper eplus-styles-uid-cb9986 wp-block-paragraph\">Los sistemas de lubricaci\u00f3n por neblina de aceite de la marca <mark style=\"background-color:rgba(0, 0, 0, 0);color:#ff7805\" class=\"has-inline-color\"><strong>4ManPro<sup>\u00ae<\/sup> <\/strong><mark style=\"background-color:rgba(0, 0, 0, 0);color:#ff7805\" class=\"has-inline-color\"><\/mark><\/mark><em>(Elements For Manufacturing Processes) una <\/em><mark style=\"background-color:rgba(0, 0, 0, 0);color:#ff7805\" class=\"has-inline-color\"><em>Hann Kuen Machinery &amp; Hardware, Co., Ltd. <\/em><\/mark><strong>BRANCH OFFICE,<\/strong> <mark style=\"background-color:rgba(0, 0, 0, 0);color:#ff7805\" class=\"has-inline-color\"><\/mark>representan una soluci\u00f3n de avanzada en el campo de la <em>mec\u00e1nica de precisi\u00f3n<\/em> y el <em>mecanizado<\/em>, optimizando el rendimiento de cortado y prolongando la vida \u00fatil de las herramientas de corte. Esta tecnolog\u00eda se basa en la generaci\u00f3n de una fina neblina de aceite, que se dispersa de manera uniforme sobre la zona de corte, asegurando una <em>lubricaci\u00f3n continua<\/em> y <em>eficiente<\/em>.<\/p>\n\n\n<div class=\"wp-block-group alignwide eplus-wrapper is-layout-constrained wp-block-group-is-layout-constrained\"><figure class=\" wp-block-image alignright size-full is-resized eplus-wrapper eplus-styles-uid-96b58f\"><img loading=\"lazy\" decoding=\"async\" width=\"1417\" height=\"1417\" src=\"https:\/\/4manpro.com\/SPA\/wp-content\/uploads\/2024\/06\/ISHAN-CUADRADO-Logo.jpg\" alt=\"\" class=\"wp-image-11599\" style=\"width:200px\" srcset=\"https:\/\/4manpro.com\/SPA\/wp-content\/uploads\/2024\/06\/ISHAN-CUADRADO-Logo.jpg 1417w, https:\/\/4manpro.com\/SPA\/wp-content\/uploads\/2024\/06\/ISHAN-CUADRADO-Logo-300x300.jpg 300w, https:\/\/4manpro.com\/SPA\/wp-content\/uploads\/2024\/06\/ISHAN-CUADRADO-Logo-1024x1024.jpg 1024w, https:\/\/4manpro.com\/SPA\/wp-content\/uploads\/2024\/06\/ISHAN-CUADRADO-Logo-150x150.jpg 150w, https:\/\/4manpro.com\/SPA\/wp-content\/uploads\/2024\/06\/ISHAN-CUADRADO-Logo-768x768.jpg 768w\" sizes=\"auto, (max-width: 1417px) 100vw, 1417px\" \/><\/figure><\/div>\n\n\n<p class=\"eplus-wrapper eplus-styles-uid-cb9986 wp-block-paragraph\">La metodolog\u00eda de acci\u00f3n de los sistemas <mark style=\"background-color:rgba(0, 0, 0, 0);color:#ff7805\" class=\"has-inline-color\"><strong>4ManPro<sup>\u00ae<\/sup> <\/strong><mark style=\"background-color:rgba(0, 0, 0, 0);color:#ff7805\" class=\"has-inline-color\"><\/mark><\/mark><em>(Elements For Manufacturing Processes) una <\/em><mark style=\"background-color:rgba(0, 0, 0, 0);color:#ff7805\" class=\"has-inline-color\"><em>Hann Kuen Machinery &amp; Hardware, Co., Ltd. <\/em><\/mark><strong>BRANCH OFFICE<\/strong>, consiste en un complejo proceso de atomizaci\u00f3n, donde el aceite lubricante es convertido en part\u00edculas microsc\u00f3picas que pueden ser transportadas f\u00e1cilmente por el aire hasta la superficie de trabajo. Esta neblina penetra en zonas de dif\u00edcil acceso, asegurando una pel\u00edcula lubricante incluso bajo las condiciones m\u00e1s extremas de trabajo, lo que reduce significativamente el calor generado por fricci\u00f3n y la tendencia al desgaste.<\/p>\n\n<p class=\"eplus-wrapper eplus-styles-uid-cb9986 wp-block-paragraph\">Entre las ventajas destacadas de los sistemas de lubricaci\u00f3n por neblina de aceite <mark style=\"background-color:rgba(0, 0, 0, 0);color:#ff7805\" class=\"has-inline-color\"><strong>4ManPro<sup>\u00ae<\/sup> <\/strong><mark style=\"background-color:rgba(0, 0, 0, 0);color:#ff7805\" class=\"has-inline-color\"><\/mark><\/mark><em>(Elements For Manufacturing Processes) una <\/em><mark style=\"background-color:rgba(0, 0, 0, 0);color:#ff7805\" class=\"has-inline-color\"><em>Hann Kuen Machinery &amp; Hardware, Co., Ltd. <\/em><\/mark><strong>BRANCH OFFICE,<\/strong> se encuentran la notable <em>reducci\u00f3n del consumo de lubricante<\/em>, al precisar de cantidades m\u00ednimas para efectuar su funci\u00f3n; la disminuci\u00f3n de la generaci\u00f3n de residuos y emisiones contaminantes, aline\u00e1ndose con las pol\u00edticas de producci\u00f3n sostenible; y la optimizaci\u00f3n del proceso de mecanizado, al mejorar la calidad del acabado superficial y garantizar tolerancias m\u00e1s ajustadas.<\/p>\n\n\n<div class=\"wp-block-group alignwide eplus-wrapper is-layout-constrained wp-block-group-is-layout-constrained\"><figure class=\" wp-block-image alignright size-full is-resized eplus-wrapper eplus-styles-uid-96b58f\"><img loading=\"lazy\" decoding=\"async\" width=\"1181\" height=\"1181\" src=\"https:\/\/4manpro.com\/SPA\/wp-content\/uploads\/2024\/06\/SMUS-Internet-Cuadrado-Logo.jpg\" alt=\"\" class=\"wp-image-11598\" style=\"width:200px\" srcset=\"https:\/\/4manpro.com\/SPA\/wp-content\/uploads\/2024\/06\/SMUS-Internet-Cuadrado-Logo.jpg 1181w, https:\/\/4manpro.com\/SPA\/wp-content\/uploads\/2024\/06\/SMUS-Internet-Cuadrado-Logo-300x300.jpg 300w, https:\/\/4manpro.com\/SPA\/wp-content\/uploads\/2024\/06\/SMUS-Internet-Cuadrado-Logo-1024x1024.jpg 1024w, https:\/\/4manpro.com\/SPA\/wp-content\/uploads\/2024\/06\/SMUS-Internet-Cuadrado-Logo-150x150.jpg 150w, https:\/\/4manpro.com\/SPA\/wp-content\/uploads\/2024\/06\/SMUS-Internet-Cuadrado-Logo-768x768.jpg 768w\" sizes=\"auto, (max-width: 1181px) 100vw, 1181px\" \/><\/figure><\/div>\n\n\n<p class=\"eplus-wrapper eplus-styles-uid-cb9986 wp-block-paragraph\">Aplicaciones de esta tecnolog\u00eda se extienden a diversas \u00e1reas de la industria manufacturera, incluyendo el <em><strong>mecanizado de metales ferrosos<\/strong><\/em> y <strong><em>no ferrosos<\/em><\/strong>, <em><strong>corte de materiales compuestos<\/strong><\/em>, y <em>operaciones de acabado en donde la precisi\u00f3n<\/em> y la <em>minimizaci\u00f3n del impacto ambiental son <strong>prioritarias<\/strong><\/em>. <\/p>\n\n<p class=\"eplus-wrapper eplus-styles-uid-cb9986 wp-block-paragraph\">La adaptabilidad y eficiencia de los sistemas <mark style=\"background-color:rgba(0, 0, 0, 0);color:#ff7805\" class=\"has-inline-color\"><strong>4ManPro<sup>\u00ae<\/sup> <\/strong><mark style=\"background-color:rgba(0, 0, 0, 0);color:#ff7805\" class=\"has-inline-color\"><\/mark><\/mark><em>(Elements For Manufacturing Processes) una <\/em><mark style=\"background-color:rgba(0, 0, 0, 0);color:#ff7805\" class=\"has-inline-color\"><em>Hann Kuen Machinery &amp; Hardware, Co., Ltd. <\/em><\/mark><strong>BRANCH OFFICE,<\/strong> los convierten en una herramienta indispensable para empresas que buscan liderar en innovaci\u00f3n y sostenibilidad.<\/p>\n\n<p class=\"eplus-wrapper eplus-styles-uid-21327e wp-block-paragraph\">Los elementos que componen estos sistemas son los siguientes:<\/p>\n\n\n<hr class=\"is-style-dots wp-block-separator has-alpha-channel-opacity eplus-wrapper\"\/>\n\n\n<p class=\"has-background-color has-text-color has-background has-link-color eplus-wrapper wp-elements-85f3cf804b9dd77646886a7ae9895ff7 eplus-styles-uid-f56a3b wp-block-paragraph\" style=\"background-color:#0a4777\">ELEMENTOS ISHAN\u00ae<\/p>\n\n<p class=\"has-foreground-color has-text-color has-background has-link-color eplus-wrapper wp-elements-1dcdb5ad4f509bbcb04e994079fb094d eplus-styles-uid-e97273 wp-block-paragraph\" style=\"background-color:#696969\">DISTRIBUIDORES POR NIEBLA PULVERIZADA<\/p>\n\n<ul class=\" wp-block-list eplus-wrapper eplus-styles-uid-8bec3c\"><li class=\" eplus-wrapper eplus-styles-uid-34269a\"><mark style=\"background-color:rgba(0, 0, 0, 0);color:#0a4777\" class=\"has-inline-color\">SERIE ISH SD<\/mark><ul class=\" wp-block-list eplus-wrapper eplus-styles-uid-f9b9ed\">\n<li class=\" eplus-wrapper\"><a href=\"https:\/\/4manpro.com\/SPA\/lubricacion-centralizada\/neblina-de-aceite\/ish-sd-1\/\" data-type=\"page\" data-id=\"12739\">ISH <strong><mark style=\"background-color:rgba(0, 0, 0, 0);color:#ff7805\" class=\"has-inline-color\">SD-1<\/mark><\/strong><\/a><\/li>\n\n\n\n<li class=\" eplus-wrapper\"><a href=\"https:\/\/4manpro.com\/SPA\/lubricacion-centralizada\/neblina-de-aceite\/ish-sd-2\/\" data-type=\"page\" data-id=\"12865\">ISH <strong><mark style=\"background-color:rgba(0, 0, 0, 0);color:#ff7805\" class=\"has-inline-color\">SD-2<\/mark><\/strong><\/a><\/li>\n\n\n\n<li class=\" eplus-wrapper\"><a href=\"https:\/\/4manpro.com\/SPA\/lubricacion-centralizada\/neblina-de-aceite\/ish-sd-3\/\" data-type=\"page\" data-id=\"12870\">ISH <mark style=\"background-color:rgba(0, 0, 0, 0);color:#ff7805\" class=\"has-inline-color\"><strong>SD-3<\/strong><\/mark><\/a><\/li>\n\n\n\n<li class=\" eplus-wrapper\"><a href=\"https:\/\/4manpro.com\/SPA\/lubricacion-centralizada\/neblina-de-aceite\/ish-sd-4\/\" data-type=\"page\" data-id=\"12875\">ISH <strong><mark style=\"background-color:rgba(0, 0, 0, 0);color:#ff7805\" class=\"has-inline-color\">SD-4<\/mark><\/strong><\/a><\/li>\n\n\n\n<li class=\" eplus-wrapper\"><a href=\"https:\/\/4manpro.com\/SPA\/lubricacion-centralizada\/neblina-de-aceite\/ish-sd-5\/\" data-type=\"page\" data-id=\"12880\">ISH <strong><mark style=\"background-color:rgba(0, 0, 0, 0);color:#ff7805\" class=\"has-inline-color\">SD-5<\/mark><\/strong><\/a><\/li>\n<\/ul><\/li><\/ul>\n\n\n<hr class=\"is-style-dots wp-block-separator has-alpha-channel-opacity eplus-wrapper\"\/>\n\n\n<p class=\"has-foreground-color has-text-color has-background has-link-color eplus-wrapper wp-elements-6faabd931e5b625e6148821d7309569d eplus-styles-uid-e97273 wp-block-paragraph\" style=\"background-color:#696969\">PULVERIZADORES DE NIEBLA<\/p>\n\n<ul class=\" wp-block-list eplus-wrapper eplus-styles-uid-e0c045\"><li class=\" eplus-wrapper eplus-styles-uid-34269a\"><mark style=\"background-color:rgba(0, 0, 0, 0);color:#0a4777\" class=\"has-inline-color\">SERIE ISH YSC-U<\/mark><ul class=\" wp-block-list eplus-wrapper eplus-styles-uid-137fea\">\n<li class=\" eplus-wrapper\"><a href=\"https:\/\/4manpro.com\/SPA\/lubricacion-centralizada\/neblina-de-aceite\/ish-ysc-u-1\/\" data-type=\"page\" data-id=\"12885\">ISH <mark style=\"background-color:rgba(0, 0, 0, 0);color:#ff7805\" class=\"has-inline-color\"><strong>YSC-U-1<\/strong><\/mark><\/a><\/li>\n\n\n\n<li class=\" eplus-wrapper\"><a href=\"https:\/\/4manpro.com\/SPA\/lubricacion-centralizada\/neblina-de-aceite\/ish-ysc-u-2\/\" data-type=\"page\" data-id=\"12891\">ISH <strong><mark style=\"background-color:rgba(0, 0, 0, 0);color:#ff7805\" class=\"has-inline-color\">YSC-U-2<\/mark><\/strong><\/a><\/li>\n\n\n\n<li class=\" eplus-wrapper\"><a href=\"https:\/\/4manpro.com\/SPA\/lubricacion-centralizada\/neblina-de-aceite\/ish-ysc-u-3\/\" data-type=\"page\" data-id=\"12897\">ISH <strong><mark style=\"background-color:rgba(0, 0, 0, 0);color:#ff7805\" class=\"has-inline-color\">YSC-U-3<\/mark><\/strong><\/a><\/li>\n<\/ul><\/li><\/ul>\n\n\n<hr class=\"is-style-dots wp-block-separator has-alpha-channel-opacity eplus-wrapper\"\/>\n\n\n<p class=\"has-foreground-color has-text-color has-background has-link-color eplus-wrapper wp-elements-fea4d69056dcac97d79a57630978f2cb eplus-styles-uid-75e366 wp-block-paragraph\" style=\"background-color:#696969\">LUBRICADORES DE NEBLINA PULVERIZADA<\/p>\n\n<ul class=\" wp-block-list eplus-wrapper eplus-styles-uid-bc35e2\"><li class=\" eplus-wrapper eplus-styles-uid-34269a\"><mark style=\"background-color:rgba(0, 0, 0, 0);color:#0a4777\" class=\"has-inline-color\">SERIE ISH YSM<\/mark><ul class=\" wp-block-list eplus-wrapper eplus-styles-uid-4c68fe\">\n<li class=\" eplus-wrapper\"><a href=\"https:\/\/4manpro.com\/SPA\/lubricacion-centralizada\/neblina-de-aceite\/ish-ysm-a\/\" data-type=\"page\" data-id=\"12903\">ISH <strong><mark style=\"background-color:rgba(0, 0, 0, 0);color:#ff7805\" class=\"has-inline-color\">YSM-A<\/mark><\/strong><\/a><\/li>\n\n\n\n<li class=\" eplus-wrapper\"><a href=\"https:\/\/4manpro.com\/SPA\/lubricacion-centralizada\/neblina-de-aceite\/ish-ysm-c\/\" data-type=\"page\" data-id=\"12910\">ISH <strong><mark style=\"background-color:rgba(0, 0, 0, 0);color:#ff7805\" class=\"has-inline-color\">YSM-C<\/mark><\/strong><\/a><\/li>\n<\/ul><\/li><\/ul>","protected":false},"excerpt":{"rendered":"<p>Los sistemas de lubricaci\u00f3n por neblina de aceite de la marca 4ManPro\u00ae (Elements For Manufacturing Processes) una Hann Kuen Machinery &amp; Hardware, Co., Ltd. BRANCH OFFICE, representan una soluci\u00f3n de avanzada en el campo de la mec\u00e1nica de precisi\u00f3n y el mecanizado, optimizando el rendimiento de cortado y prolongando la vida \u00fatil de las herramientas [&hellip;]<\/p>\n","protected":false},"author":1,"featured_media":0,"parent":107,"menu_order":0,"comment_status":"closed","ping_status":"closed","template":"principal-cuadros-individuales-2","meta":{"_crdt_document":"","editor_plus_copied_stylings":"{}","footnotes":""},"class_list":["post-6896","page","type-page","status-publish","hentry"],"_links":{"self":[{"href":"https:\/\/4manpro.com\/SPA\/wp-json\/wp\/v2\/pages\/6896","targetHints":{"allow":["GET"]}}],"collection":[{"href":"https:\/\/4manpro.com\/SPA\/wp-json\/wp\/v2\/pages"}],"about":[{"href":"https:\/\/4manpro.com\/SPA\/wp-json\/wp\/v2\/types\/page"}],"author":[{"embeddable":true,"href":"https:\/\/4manpro.com\/SPA\/wp-json\/wp\/v2\/users\/1"}],"replies":[{"embeddable":true,"href":"https:\/\/4manpro.com\/SPA\/wp-json\/wp\/v2\/comments?post=6896"}],"version-history":[{"count":52,"href":"https:\/\/4manpro.com\/SPA\/wp-json\/wp\/v2\/pages\/6896\/revisions"}],"predecessor-version":[{"id":29344,"href":"https:\/\/4manpro.com\/SPA\/wp-json\/wp\/v2\/pages\/6896\/revisions\/29344"}],"up":[{"embeddable":true,"href":"https:\/\/4manpro.com\/SPA\/wp-json\/wp\/v2\/pages\/107"}],"wp:attachment":[{"href":"https:\/\/4manpro.com\/SPA\/wp-json\/wp\/v2\/media?parent=6896"}],"curies":[{"name":"wp","href":"https:\/\/api.w.org\/{rel}","templated":true}]}}