{"id":6884,"date":"2024-04-06T13:32:21","date_gmt":"2024-04-06T19:32:21","guid":{"rendered":"https:\/\/4manpro.com\/SPA\/?page_id=6884"},"modified":"2025-10-22T20:20:23","modified_gmt":"2025-10-23T02:20:23","slug":"sistemas-de-enfriamiento-forzado","status":"publish","type":"page","link":"https:\/\/4manpro.com\/SPA\/lubricacion-centralizada\/sistemas-de-enfriamiento-forzado\/","title":{"rendered":"SISTEMAS DE ENFRIAMIENTO FORZADO (ISHAN)"},"content":{"rendered":"\n<div class=\"wp-block-buttons alignwide eplus-wrapper is-content-justification-space-between is-layout-flex wp-container-core-buttons-is-layout-0e410d50 wp-block-buttons-is-layout-flex\"><div class=\" wp-block-button has-custom-width wp-block-button__width-25 eplus-wrapper eplus-styles-uid-911f97\"><a class=\"wp-block-button__link has-foreground-color has-text-color has-background has-link-color wp-element-button\" href=\"https:\/\/4manpro.com\/SPA\/\" style=\"background-color:#999999\">PRINCIPAL<\/a><\/div>\n\n<div class=\" wp-block-button has-custom-width wp-block-button__width-25 eplus-wrapper eplus-styles-uid-4c228e\"><a class=\"wp-block-button__link has-background-color has-background-background-color has-text-color has-background has-link-color wp-element-button\" href=\"https:\/\/4manpro.com\/SPA\/home\/lubricacion-centralizada\/\"><mark style=\"background-color:rgba(0, 0, 0, 0)\" class=\"has-inline-color has-foreground-color\">ATR\u00c1S<\/mark><\/a><\/div>\n\n<div class=\" wp-block-button has-custom-width wp-block-button__width-25 eplus-wrapper eplus-styles-uid-68d7f3\"><a class=\"wp-block-button__link has-background-color has-text-color has-background has-link-color wp-element-button\" href=\"https:\/\/www.4manpro.com\/princ-2\/centralized-lubricating-systems\/forced-cycle-lubricating-systems-ishan\/\" style=\"background-color:#ff7805\">ENGLISH<\/a><\/div><\/div>\n\n\n\n<figure class=\" wp-block-image alignwide size-full eplus-wrapper\"><img loading=\"lazy\" decoding=\"async\" width=\"2560\" height=\"453\" src=\"https:\/\/4manpro.com\/SPA\/wp-content\/uploads\/2024\/08\/Enfriamiento-Forzado-scaled.jpg\" alt=\"\" class=\"wp-image-15548\" srcset=\"https:\/\/4manpro.com\/SPA\/wp-content\/uploads\/2024\/08\/Enfriamiento-Forzado-scaled.jpg 2560w, https:\/\/4manpro.com\/SPA\/wp-content\/uploads\/2024\/08\/Enfriamiento-Forzado-300x53.jpg 300w, https:\/\/4manpro.com\/SPA\/wp-content\/uploads\/2024\/08\/Enfriamiento-Forzado-1024x181.jpg 1024w, https:\/\/4manpro.com\/SPA\/wp-content\/uploads\/2024\/08\/Enfriamiento-Forzado-768x136.jpg 768w, https:\/\/4manpro.com\/SPA\/wp-content\/uploads\/2024\/08\/Enfriamiento-Forzado-1536x272.jpg 1536w, https:\/\/4manpro.com\/SPA\/wp-content\/uploads\/2024\/08\/Enfriamiento-Forzado-2048x362.jpg 2048w\" sizes=\"auto, (max-width: 2560px) 100vw, 2560px\" \/><\/figure>\n\n\n\n<hr class=\" wp-block-separator has-alpha-channel-opacity eplus-wrapper\"\/>\n\n\n\n<div class=\"wp-block-group alignwide eplus-wrapper is-layout-constrained wp-block-group-is-layout-constrained\"><figure class=\" wp-block-image alignleft size-large is-resized eplus-wrapper eplus-styles-uid-c73b55\"><img loading=\"lazy\" decoding=\"async\" width=\"1024\" height=\"1024\" src=\"https:\/\/4manpro.com\/SPA\/wp-content\/uploads\/2024\/06\/Logo-4-Blue-Cuadro-3-1024x1024.jpg\" alt=\"\" class=\"wp-image-14108\" style=\"width:200px\" srcset=\"https:\/\/4manpro.com\/SPA\/wp-content\/uploads\/2024\/06\/Logo-4-Blue-Cuadro-3-1024x1024.jpg 1024w, https:\/\/4manpro.com\/SPA\/wp-content\/uploads\/2024\/06\/Logo-4-Blue-Cuadro-3-300x300.jpg 300w, https:\/\/4manpro.com\/SPA\/wp-content\/uploads\/2024\/06\/Logo-4-Blue-Cuadro-3-150x150.jpg 150w, https:\/\/4manpro.com\/SPA\/wp-content\/uploads\/2024\/06\/Logo-4-Blue-Cuadro-3-768x768.jpg 768w, https:\/\/4manpro.com\/SPA\/wp-content\/uploads\/2024\/06\/Logo-4-Blue-Cuadro-3-1536x1536.jpg 1536w, https:\/\/4manpro.com\/SPA\/wp-content\/uploads\/2024\/06\/Logo-4-Blue-Cuadro-3-2048x2048.jpg 2048w\" sizes=\"auto, (max-width: 1024px) 100vw, 1024px\" \/><\/figure><\/div>\n\n\n<p class=\"eplus-wrapper eplus-styles-uid-cb9986 wp-block-paragraph\">Un complemento para los <em><mark style=\"background-color:rgba(0, 0, 0, 0);color:#ff7805\" class=\"has-inline-color\"><strong>SISTEMAS DE LUBRICACI\u00d3N POR CICLO<\/strong> <strong>FORZADO<\/strong><\/mark><\/em>, son los Sistemas De Enfriamiento Continuos En L\u00ednea o Sistemas De Enfriamiento Forzado. Al mantener una temperatura constante para el lubricaci\u00f3n al proceso, se evita la degradaci\u00f3n del medio lubricante aumentando el desempe\u00f1o de los sistemas de mecanizado, as\u00ed como disminuyendo el costo por concepto de reemplazo del mismo, obteniendo de esta manera un excelente <em>costo\/desempe\u00f1o<\/em> en su aplicaci\u00f3n, preferentemente al trabajar estos dos ciclos en conjunto.<\/p>\n\n<p class=\"eplus-wrapper eplus-styles-uid-cb9986 wp-block-paragraph\">Los <em><mark style=\"background-color:rgba(0, 0, 0, 0);color:#ff7805\" class=\"has-inline-color\"><strong>SISTEMAS DE ENFRIAMIENTO POR CICLO FORZADO<\/strong><\/mark><\/em> pueden ser utilizados en combinaci\u00f3n con los elementos de la <strong>SERIE <mark style=\"background-color:rgba(0, 0, 0, 0);color:#ff7805\" class=\"has-inline-color\">ISH YLB<\/mark><\/strong>, <strong>SERIE <mark style=\"background-color:rgba(0, 0, 0, 0);color:#ff7805\" class=\"has-inline-color\">ISH YLD<\/mark> <\/strong>y <strong>SERIE <mark style=\"background-color:rgba(0, 0, 0, 0);color:#ff7805\" class=\"has-inline-color\">ISH YLS<\/mark><\/strong>.<\/p>\n\n\n<div class=\"wp-block-group alignwide eplus-wrapper is-layout-constrained wp-block-group-is-layout-constrained\"><figure class=\" wp-block-image alignright size-full is-resized eplus-wrapper eplus-styles-uid-96b58f\"><img loading=\"lazy\" decoding=\"async\" width=\"827\" height=\"827\" src=\"https:\/\/4manpro.com\/SPA\/wp-content\/uploads\/2024\/03\/Serie-ISHAN.jpg\" alt=\"\" class=\"wp-image-5549\" style=\"width:200px\" srcset=\"https:\/\/4manpro.com\/SPA\/wp-content\/uploads\/2024\/03\/Serie-ISHAN.jpg 827w, https:\/\/4manpro.com\/SPA\/wp-content\/uploads\/2024\/03\/Serie-ISHAN-300x300.jpg 300w, https:\/\/4manpro.com\/SPA\/wp-content\/uploads\/2024\/03\/Serie-ISHAN-150x150.jpg 150w, https:\/\/4manpro.com\/SPA\/wp-content\/uploads\/2024\/03\/Serie-ISHAN-768x768.jpg 768w\" sizes=\"auto, (max-width: 827px) 100vw, 827px\" \/><\/figure><\/div>\n\n\n<p class=\"eplus-wrapper eplus-styles-uid-cb9986 wp-block-paragraph\">El funcionamiento de estos <em><mark style=\"background-color:rgba(0, 0, 0, 0)\" class=\"has-inline-color has-foreground-color\">SISTEMAS DE ENFRIAMIENTO POR CICLO FORZADO<\/mark><\/em> pueden ser resumidos de la siguiente manera:<\/p>\n\n<ul class=\" wp-block-list eplus-wrapper eplus-styles-uid-7f582a\"><li class=\" eplus-wrapper eplus-styles-uid-75e9b6\"><em>Este equipo es un potente dispositivo c\u00edclico mediante el cual se consigue el mantener el medio de lubricaci\u00f3n a una temperatura de trabajo \u00f3ptima.<\/em><\/li>\n\n<li class=\" eplus-wrapper eplus-styles-uid-75e9b6\"><em>Los sistemas de las<\/em> <strong><mark style=\"background-color:rgba(0, 0, 0, 0)\" class=\"has-inline-color has-foreground-color\">SERIE <\/mark><\/strong><mark style=\"background-color:rgba(0, 0, 0, 0);color:#ff7805\" class=\"has-inline-color\"><strong>ISH YLC<\/strong> <\/mark><em>se puede configurados seg\u00fan las especificaciones del cliente.<\/em><\/li>\n\n<li class=\" eplus-wrapper eplus-styles-uid-75e9b6\"><em>Los sistemas de las<\/em> <strong><mark style=\"background-color:rgba(0, 0, 0, 0)\" class=\"has-inline-color has-foreground-color\">SERIE <\/mark><mark style=\"background-color:rgba(0, 0, 0, 0);color:#ff7805\" class=\"has-inline-color\">ISH YLC<\/mark><\/strong> <em>est\u00e1 configurados para trabajar en conjunto con la bombas de la <\/em><strong><mark style=\"background-color:rgba(0, 0, 0, 0)\" class=\"has-inline-color has-foreground-color\">SERIE <\/mark><mark style=\"background-color:rgba(0, 0, 0, 0);color:#ff7805\" class=\"has-inline-color\">ISH TOP<\/mark><\/strong>.<\/li>\n\n<li class=\" eplus-wrapper eplus-styles-uid-75e9b6\"><em>Estos equipos cuentan con una estructura <strong>simple <\/strong>y <strong>confiable <\/strong>con enfriamiento efectivo.<\/em><\/li>\n\n<li class=\" eplus-wrapper eplus-styles-uid-75e9b6\"><em>Se incluye filtro para garantizar la calidad del aceite.<\/em><\/li><\/ul>\n\n\n<hr class=\"is-style-dots wp-block-separator has-alpha-channel-opacity eplus-wrapper\"\/>\n\n\n<p class=\"has-text-align-center has-background eplus-wrapper eplus-styles-uid-30b65c wp-block-paragraph\" style=\"background-color:#696969\">SISTEMAS DE ENFRIAMIENTO POR CICLO FORZADO<\/p>\n\n\n<div style=\"height:10px\" aria-hidden=\"true\" class=\" wp-block-spacer eplus-wrapper\"><\/div>\n\n\n\n<div class=\" wp-block-media-text alignwide is-stacked-on-mobile eplus-wrapper\" style=\"grid-template-columns:35% auto\"><figure class=\"wp-block-media-text__media\"><img loading=\"lazy\" decoding=\"async\" width=\"827\" height=\"827\" src=\"https:\/\/4manpro.com\/SPA\/wp-content\/uploads\/2024\/04\/Serie-ISH-YLC.jpg\" alt=\"\" class=\"wp-image-6911 size-full\" srcset=\"https:\/\/4manpro.com\/SPA\/wp-content\/uploads\/2024\/04\/Serie-ISH-YLC.jpg 827w, https:\/\/4manpro.com\/SPA\/wp-content\/uploads\/2024\/04\/Serie-ISH-YLC-300x300.jpg 300w, https:\/\/4manpro.com\/SPA\/wp-content\/uploads\/2024\/04\/Serie-ISH-YLC-150x150.jpg 150w, https:\/\/4manpro.com\/SPA\/wp-content\/uploads\/2024\/04\/Serie-ISH-YLC-768x768.jpg 768w\" sizes=\"auto, (max-width: 827px) 100vw, 827px\" \/><\/figure><div class=\"wp-block-media-text__content\"><p class=\"has-text-align-center eplus-wrapper eplus-styles-uid-39c0af wp-block-paragraph\"><a href=\"https:\/\/4manpro.com\/SPA\/lubricacion-centralizada\/sistemas-de-enfriamiento-forzado\/ish-ylc\/\" data-type=\"page\" data-id=\"6914\"><mark style=\"background-color:rgba(0, 0, 0, 0);color:#0a4777\" class=\"has-inline-color\">Serie <\/mark><mark style=\"background-color:rgba(0, 0, 0, 0);color:#ff7805\" class=\"has-inline-color\">ISH YLC<\/mark><\/a><\/p>\n\n<ul class=\" wp-block-list eplus-wrapper eplus-styles-uid-7adc2d\"><li class=\" eplus-wrapper eplus-styles-uid-cd364b\">Potencia De Salida De Agua (L\/min): <ul class=\" wp-block-list eplus-wrapper eplus-styles-uid-2b5b64\"><li class=\" eplus-wrapper eplus-styles-uid-ce840c\"><strong><em><mark style=\"background-color:rgba(0, 0, 0, 0);color:#0a4777\" class=\"has-inline-color\">2.70  |  4.50  |  6.30 <\/mark><\/em><\/strong><\/li><\/ul><\/li>\n\n<li class=\" eplus-wrapper eplus-styles-uid-cd364b\">Presi\u00f3n M\u00e1xima Del Sistema: <ul class=\" wp-block-list eplus-wrapper eplus-styles-uid-5b0f13\"><li class=\" eplus-wrapper eplus-styles-uid-ce840c\"><strong><mark style=\"background-color:rgba(0, 0, 0, 0);color:#0a4777\" class=\"has-inline-color\">0.50 MPa \/ 5.00 Kgf\/cm\u00b2<\/mark><\/strong><\/li><\/ul><\/li>\n\n<li class=\" eplus-wrapper eplus-styles-uid-2904ab\">Volumen De Entrada De Agua De Enfriamiento (Litros): <ul class=\" wp-block-list eplus-wrapper eplus-styles-uid-136aff\"><li class=\" eplus-wrapper eplus-styles-uid-d697db\"><strong><mark style=\"background-color:rgba(0, 0, 0, 0);color:#0a4777\" class=\"has-inline-color\"><em>50.00  |  100.00<\/em><\/mark><\/strong><\/li><\/ul><\/li><\/ul><\/div><\/div>\n","protected":false},"excerpt":{"rendered":"<p>Un complemento para los SISTEMAS DE LUBRICACI\u00d3N POR CICLO FORZADO, son los Sistemas De Enfriamiento Continuos En L\u00ednea o Sistemas De Enfriamiento Forzado. Al mantener una temperatura constante para el lubricaci\u00f3n al proceso, se evita la degradaci\u00f3n del medio lubricante aumentando el desempe\u00f1o de los sistemas de mecanizado, as\u00ed como disminuyendo el costo por concepto [&hellip;]<\/p>\n","protected":false},"author":1,"featured_media":0,"parent":107,"menu_order":0,"comment_status":"closed","ping_status":"closed","template":"principal-cuadros-individuales-2","meta":{"_crdt_document":"","editor_plus_copied_stylings":"{}","footnotes":""},"class_list":["post-6884","page","type-page","status-publish","hentry"],"_links":{"self":[{"href":"https:\/\/4manpro.com\/SPA\/wp-json\/wp\/v2\/pages\/6884","targetHints":{"allow":["GET"]}}],"collection":[{"href":"https:\/\/4manpro.com\/SPA\/wp-json\/wp\/v2\/pages"}],"about":[{"href":"https:\/\/4manpro.com\/SPA\/wp-json\/wp\/v2\/types\/page"}],"author":[{"embeddable":true,"href":"https:\/\/4manpro.com\/SPA\/wp-json\/wp\/v2\/users\/1"}],"replies":[{"embeddable":true,"href":"https:\/\/4manpro.com\/SPA\/wp-json\/wp\/v2\/comments?post=6884"}],"version-history":[{"count":33,"href":"https:\/\/4manpro.com\/SPA\/wp-json\/wp\/v2\/pages\/6884\/revisions"}],"predecessor-version":[{"id":29333,"href":"https:\/\/4manpro.com\/SPA\/wp-json\/wp\/v2\/pages\/6884\/revisions\/29333"}],"up":[{"embeddable":true,"href":"https:\/\/4manpro.com\/SPA\/wp-json\/wp\/v2\/pages\/107"}],"wp:attachment":[{"href":"https:\/\/4manpro.com\/SPA\/wp-json\/wp\/v2\/media?parent=6884"}],"curies":[{"name":"wp","href":"https:\/\/api.w.org\/{rel}","templated":true}]}}