{"id":6542,"date":"2024-04-02T21:50:44","date_gmt":"2024-04-03T03:50:44","guid":{"rendered":"https:\/\/4manpro.com\/SPA\/?page_id=6542"},"modified":"2025-08-22T21:36:10","modified_gmt":"2025-08-23T03:36:10","slug":"serie-ish-de","status":"publish","type":"page","link":"https:\/\/4manpro.com\/SPA\/lubricacion-centralizada\/sistemas-de-resistencia-ishan-2\/serie-ish-de\/","title":{"rendered":"Serie ISH DE"},"content":{"rendered":"\n<div class=\"wp-block-buttons alignwide eplus-wrapper is-content-justification-space-between is-layout-flex wp-container-core-buttons-is-layout-0e410d50 wp-block-buttons-is-layout-flex\"><div class=\" wp-block-button has-custom-width wp-block-button__width-25 eplus-wrapper eplus-styles-uid-946510\"><a class=\"wp-block-button__link has-foreground-color has-text-color has-background has-link-color wp-element-button\" href=\"https:\/\/4manpro.com\/SPA\/home\/lubricacion-centralizada\/sistemas-de-resistencia-ishan-2\/\" style=\"background-color:#999999\">PRINCIPAL<\/a><\/div>\n\n<div class=\" wp-block-button has-custom-width wp-block-button__width-25 eplus-wrapper eplus-styles-uid-4ad524\"><a class=\"wp-block-button__link has-background-color has-background-background-color has-text-color has-background has-link-color wp-element-button\" href=\"https:\/\/4manpro.com\/SPA\/lubricacion-centralizada\/sistemas-de-resistencia-ishan-2\/\"><mark style=\"background-color:rgba(0, 0, 0, 0)\" class=\"has-inline-color has-foreground-color\">ATR\u00c1S<\/mark><\/a><\/div>\n\n<div class=\" wp-block-button has-custom-width wp-block-button__width-25 eplus-wrapper eplus-styles-uid-6c7116\"><a class=\"wp-block-button__link has-background-color has-text-color has-background has-link-color wp-element-button\" href=\"https:\/\/www.4manpro.com\/princ-2\/centralized-lubricating-systems\/resistance-lubrication-systems-ishan\/ish-de-series\/\" style=\"background-color:#ff7805\">ENGLISH<\/a><\/div><\/div>\n\n\n\n<figure class=\" wp-block-image alignwide size-full eplus-wrapper\"><img loading=\"lazy\" decoding=\"async\" width=\"2560\" height=\"453\" src=\"https:\/\/4manpro.com\/SPA\/wp-content\/uploads\/2024\/09\/Serie-ISH-DE-1-scaled.jpg\" alt=\"\" class=\"wp-image-18276\" srcset=\"https:\/\/4manpro.com\/SPA\/wp-content\/uploads\/2024\/09\/Serie-ISH-DE-1-scaled.jpg 2560w, https:\/\/4manpro.com\/SPA\/wp-content\/uploads\/2024\/09\/Serie-ISH-DE-1-300x53.jpg 300w, https:\/\/4manpro.com\/SPA\/wp-content\/uploads\/2024\/09\/Serie-ISH-DE-1-1024x181.jpg 1024w, https:\/\/4manpro.com\/SPA\/wp-content\/uploads\/2024\/09\/Serie-ISH-DE-1-768x136.jpg 768w, https:\/\/4manpro.com\/SPA\/wp-content\/uploads\/2024\/09\/Serie-ISH-DE-1-1536x272.jpg 1536w, https:\/\/4manpro.com\/SPA\/wp-content\/uploads\/2024\/09\/Serie-ISH-DE-1-2048x362.jpg 2048w\" sizes=\"auto, (max-width: 2560px) 100vw, 2560px\" \/><\/figure>\n\n\n\n<hr class=\" wp-block-separator has-alpha-channel-opacity eplus-wrapper\"\/>\n\n\n\n<div class=\"wp-block-group alignwide eplus-wrapper is-layout-constrained wp-block-group-is-layout-constrained\"><figure class=\" wp-block-image alignleft size-full is-resized eplus-wrapper eplus-styles-uid-c73b55\"><img loading=\"lazy\" decoding=\"async\" width=\"2560\" height=\"2560\" src=\"https:\/\/4manpro.com\/SPA\/wp-content\/uploads\/2024\/09\/Logo-4-Blue-CHANDOX-II-NEGRO-scaled.jpg\" alt=\"\" class=\"wp-image-16837\" style=\"width:200px\" srcset=\"https:\/\/4manpro.com\/SPA\/wp-content\/uploads\/2024\/09\/Logo-4-Blue-CHANDOX-II-NEGRO-scaled.jpg 2560w, https:\/\/4manpro.com\/SPA\/wp-content\/uploads\/2024\/09\/Logo-4-Blue-CHANDOX-II-NEGRO-300x300.jpg 300w, https:\/\/4manpro.com\/SPA\/wp-content\/uploads\/2024\/09\/Logo-4-Blue-CHANDOX-II-NEGRO-1024x1024.jpg 1024w, https:\/\/4manpro.com\/SPA\/wp-content\/uploads\/2024\/09\/Logo-4-Blue-CHANDOX-II-NEGRO-150x150.jpg 150w, https:\/\/4manpro.com\/SPA\/wp-content\/uploads\/2024\/09\/Logo-4-Blue-CHANDOX-II-NEGRO-768x768.jpg 768w, https:\/\/4manpro.com\/SPA\/wp-content\/uploads\/2024\/09\/Logo-4-Blue-CHANDOX-II-NEGRO-1536x1536.jpg 1536w, https:\/\/4manpro.com\/SPA\/wp-content\/uploads\/2024\/09\/Logo-4-Blue-CHANDOX-II-NEGRO-2048x2048.jpg 2048w\" sizes=\"auto, (max-width: 2560px) 100vw, 2560px\" \/><\/figure><\/div>\n\n\n<p class=\"eplus-wrapper eplus-styles-uid-a684f1 wp-block-paragraph\">Como complemento de los <em><strong>Sistemas De Lubricaci\u00f3n Por Resistencia<\/strong><\/em>, <mark style=\"background-color:rgba(0, 0, 0, 0);color:#ff7805\" class=\"has-inline-color\"><strong>4ManPro<\/strong><sup>\u00ae<\/sup> <\/mark><em>(Elements For Manufacturing Processes)<\/em> una <em><mark style=\"background-color:rgba(0, 0, 0, 0);color:#ff7805\" class=\"has-inline-color\">Hann Kuen Machinery &amp; Hardware, Co. Ltd. <\/mark><\/em><strong>BRANCH OFFICE<\/strong>, maneja los <em><strong>Distribuidores De Aceite<\/strong><\/em> de la SERIE <mark style=\"background-color:rgba(0, 0, 0, 0);color:#ff7805\" class=\"has-inline-color\"><strong>ISH DE<\/strong><\/mark>.<\/p>\n\n<p class=\"eplus-wrapper eplus-styles-uid-a684f1 wp-block-paragraph\">Los Distribuidores de la <strong>SERIE <\/strong><mark style=\"background-color:rgba(0, 0, 0, 0);color:#ff7805\" class=\"has-inline-color\"><strong>ISH DE<\/strong><\/mark>, pueden trabajar en conjunto con los\u00a0<em><strong>Sistemas De Lubricaci\u00f3n<\/strong><\/em>\u00a0de las\u00a0<em><strong>SERIE <mark style=\"background-color:rgba(0, 0, 0, 0);color:#ff7805\" class=\"has-inline-color\">YML, YET, YAE<\/mark><\/strong><\/em>\u00a0y\u00a0<strong><em><mark style=\"background-color:rgba(0, 0, 0, 0);color:#ff7805\" class=\"has-inline-color\">YAC<\/mark>\u00a0<\/em><\/strong>seg\u00fan las caracter\u00edsticas del proyecto donde ser\u00e1n utilizadas por los usuarios.<\/p>\n\n\n<div class=\"wp-block-group alignwide eplus-wrapper is-layout-constrained wp-block-group-is-layout-constrained\"><figure class=\" wp-block-image alignright size-large is-resized eplus-wrapper eplus-styles-uid-96b58f\"><img loading=\"lazy\" decoding=\"async\" width=\"1024\" height=\"1024\" src=\"https:\/\/4manpro.com\/SPA\/wp-content\/uploads\/2024\/09\/Logo-4-Blue-CHANDOX-Cuadro-1024x1024.jpg\" alt=\"\" class=\"wp-image-16835\" style=\"width:200px\" srcset=\"https:\/\/4manpro.com\/SPA\/wp-content\/uploads\/2024\/09\/Logo-4-Blue-CHANDOX-Cuadro-1024x1024.jpg 1024w, https:\/\/4manpro.com\/SPA\/wp-content\/uploads\/2024\/09\/Logo-4-Blue-CHANDOX-Cuadro-300x300.jpg 300w, https:\/\/4manpro.com\/SPA\/wp-content\/uploads\/2024\/09\/Logo-4-Blue-CHANDOX-Cuadro-150x150.jpg 150w, https:\/\/4manpro.com\/SPA\/wp-content\/uploads\/2024\/09\/Logo-4-Blue-CHANDOX-Cuadro-768x768.jpg 768w, https:\/\/4manpro.com\/SPA\/wp-content\/uploads\/2024\/09\/Logo-4-Blue-CHANDOX-Cuadro-1536x1536.jpg 1536w, https:\/\/4manpro.com\/SPA\/wp-content\/uploads\/2024\/09\/Logo-4-Blue-CHANDOX-Cuadro-2048x2048.jpg 2048w\" sizes=\"auto, (max-width: 1024px) 100vw, 1024px\" \/><\/figure><\/div>\n\n\n<p class=\"eplus-wrapper eplus-styles-uid-a684f1 wp-block-paragraph\">Estos elementos cuentan con las caracter\u00edsticas de:<\/p>\n\n<ul class=\" wp-block-list eplus-wrapper eplus-styles-uid-9c1dc1\">\n<li class=\" eplus-wrapper\">Descarga a volumen constante en cada salida.<\/li>\n\n\n\n<li class=\" eplus-wrapper\">Incluye v\u00e1lvulas de retenci\u00f3n para evitar el flujo inverso.<\/li>\n\n\n\n<li class=\" eplus-wrapper\">La <em><strong>Viscosidad, Presi\u00f3n<\/strong><\/em> y <strong><em>Temperatura Del Aceite<\/em><\/strong> afectar\u00e1n el volumen de descarga de aceite.<\/li>\n\n\n\n<li class=\" eplus-wrapper\">Sistema <strong><em>econ\u00f3mico <\/em><\/strong>y <em><strong>confiable<\/strong><\/em>.<\/li>\n\n\n\n<li class=\" eplus-wrapper\">Se recomienda el sistema para bajar la presi\u00f3n de aplicaci\u00f3n.<\/li>\n<\/ul>\n\n<p class=\"eplus-wrapper eplus-styles-uid-2f7096 wp-block-paragraph\">Los elementos que componen esta serie se enumeran a continuaci\u00f3n.<\/p>\n\n\n<hr class=\"is-style-dots wp-block-separator alignwide has-alpha-channel-opacity eplus-wrapper\"\/>\n\n\n<p class=\"has-background eplus-wrapper eplus-styles-uid-bc8f6d wp-block-paragraph\" style=\"background-color:#696969\"><strong>SERIE <\/strong>ISH DE<\/p>\n\n\n<div style=\"height:11px\" aria-hidden=\"true\" class=\" wp-block-spacer eplus-wrapper\"><\/div>\n\n\n\n<div class=\" wp-block-media-text alignwide is-stacked-on-mobile eplus-wrapper\" style=\"grid-template-columns:29% auto\"><figure class=\"wp-block-media-text__media\"><img loading=\"lazy\" decoding=\"async\" width=\"827\" height=\"827\" src=\"https:\/\/4manpro.com\/SPA\/wp-content\/uploads\/2024\/04\/Serie-ISH-DB-1.jpg\" alt=\"\" class=\"wp-image-6377 size-full\" srcset=\"https:\/\/4manpro.com\/SPA\/wp-content\/uploads\/2024\/04\/Serie-ISH-DB-1.jpg 827w, https:\/\/4manpro.com\/SPA\/wp-content\/uploads\/2024\/04\/Serie-ISH-DB-1-300x300.jpg 300w, https:\/\/4manpro.com\/SPA\/wp-content\/uploads\/2024\/04\/Serie-ISH-DB-1-150x150.jpg 150w, https:\/\/4manpro.com\/SPA\/wp-content\/uploads\/2024\/04\/Serie-ISH-DB-1-768x768.jpg 768w\" sizes=\"auto, (max-width: 827px) 100vw, 827px\" \/><\/figure><div class=\"wp-block-media-text__content\"><div class=\"wp-block-columns eplus-wrapper is-layout-flex wp-container-core-columns-is-layout-f56f613f wp-block-columns-is-layout-flex eplus-styles-uid-a536b3\">\n<div class=\"wp-block-column eplus-wrapper is-layout-flow wp-block-column-is-layout-flow\" style=\"flex-basis:90px\"><\/div>\n\n\n\n<div class=\"wp-block-column is-vertically-aligned-center eplus-wrapper is-layout-flow wp-block-column-is-layout-flow\" style=\"flex-basis:150px\"><ul class=\" wp-block-list eplus-wrapper eplus-styles-uid-efa005\">\n<li class=\" eplus-wrapper\"><a href=\"https:\/\/4manpro.com\/SPA\/lubricacion-centralizada\/sistemas-de-resistencia-ishan-2\/serie-ish-de\/ish-de-041\/\" data-type=\"page\" data-id=\"6568\">ISH <strong><mark style=\"background-color:rgba(0, 0, 0, 0);color:#ff7805\" class=\"has-inline-color\">DE-041<\/mark><\/strong><\/a><\/li>\n\n\n\n<li class=\" eplus-wrapper\"><a href=\"https:\/\/4manpro.com\/SPA\/lubricacion-centralizada\/sistemas-de-resistencia-ishan-2\/serie-ish-de\/ish-de-042\/\" data-type=\"page\" data-id=\"6573\">ISH <strong><mark style=\"background-color:rgba(0, 0, 0, 0);color:#ff7805\" class=\"has-inline-color\">DE-042<\/mark><\/strong><\/a><\/li>\n\n\n\n<li class=\" eplus-wrapper\"><a href=\"https:\/\/4manpro.com\/SPA\/lubricacion-centralizada\/sistemas-de-resistencia-ishan-2\/serie-ish-de\/ish-de-043\/\" data-type=\"page\" data-id=\"6578\">ISH <mark style=\"background-color:rgba(0, 0, 0, 0);color:#ff7805\" class=\"has-inline-color\"><strong>DE-043<\/strong><\/mark><\/a><\/li>\n\n\n\n<li class=\" eplus-wrapper\"><a href=\"https:\/\/4manpro.com\/SPA\/lubricacion-centralizada\/sistemas-de-resistencia-ishan-2\/serie-ish-de\/ish-de-061\/\" data-type=\"page\" data-id=\"6584\">ISH <mark style=\"background-color:rgba(0, 0, 0, 0);color:#ff7805\" class=\"has-inline-color\"><strong>DE-061<\/strong><\/mark><\/a><\/li>\n\n\n\n<li class=\" eplus-wrapper\"><a href=\"https:\/\/4manpro.com\/SPA\/lubricacion-centralizada\/sistemas-de-resistencia-ishan-2\/serie-ish-de\/ish-de-062\/\" data-type=\"page\" data-id=\"6589\">ISH <mark style=\"background-color:rgba(0, 0, 0, 0);color:#ff7805\" class=\"has-inline-color\"><strong>DE-062<\/strong><\/mark><\/a><\/li>\n\n\n\n<li class=\" eplus-wrapper\"><a href=\"https:\/\/4manpro.com\/SPA\/lubricacion-centralizada\/sistemas-de-resistencia-ishan-2\/serie-ish-de\/ish-de-063\/\" data-type=\"page\" data-id=\"6594\">ISH <mark style=\"background-color:rgba(0, 0, 0, 0);color:#ff7805\" class=\"has-inline-color\"><strong>DE-063<\/strong><\/mark><\/a><\/li>\n\n\n\n<li class=\" eplus-wrapper\"><a href=\"https:\/\/4manpro.com\/SPA\/lubricacion-centralizada\/sistemas-de-resistencia-ishan-2\/serie-ish-de\/ish-de-081\/\" data-type=\"page\" data-id=\"6599\">ISH <mark style=\"background-color:rgba(0, 0, 0, 0);color:#ff7805\" class=\"has-inline-color\"><strong>DE-081<\/strong><\/mark><\/a><\/li>\n\n\n\n<li class=\" eplus-wrapper\"><a href=\"https:\/\/4manpro.com\/SPA\/lubricacion-centralizada\/sistemas-de-resistencia-ishan-2\/serie-ish-de\/ish-de-082\/\" data-type=\"page\" data-id=\"6604\">ISH <mark style=\"background-color:rgba(0, 0, 0, 0);color:#ff7805\" class=\"has-inline-color\"><strong>DE-082<\/strong><\/mark><\/a><\/li>\n<\/ul><\/div>\n\n\n\n<div class=\"wp-block-column eplus-wrapper is-layout-flow wp-block-column-is-layout-flow\" style=\"flex-basis:75px\"><\/div>\n\n\n\n<div class=\"wp-block-column is-vertically-aligned-center eplus-wrapper is-layout-flow wp-block-column-is-layout-flow\" style=\"flex-basis:160px\"><ul class=\" wp-block-list eplus-wrapper eplus-styles-uid-8016f8\">\n<li class=\" eplus-wrapper\"><a href=\"https:\/\/4manpro.com\/SPA\/lubricacion-centralizada\/sistemas-de-resistencia-ishan-2\/serie-ish-de\/ish-de-083\/\" data-type=\"page\" data-id=\"6609\">ISH <strong><mark style=\"background-color:rgba(0, 0, 0, 0);color:#ff7805\" class=\"has-inline-color\">DE-083<\/mark><\/strong><\/a><\/li>\n\n\n<li class=\" eplus-wrapper eplus-styles-uid-b6217b\"><a href=\"https:\/\/4manpro.com\/SPA\/lubricacion-centralizada\/sistemas-de-resistencia-ishan-2\/serie-ish-de\/ish-de-1001\/\" data-type=\"page\" data-id=\"6614\">ISH <mark style=\"background-color:rgba(0, 0, 0, 0);color:#ff7805\" class=\"has-inline-color\"><strong>DE-1001<\/strong><\/mark><\/a><\/li>\n\n\n<li class=\" eplus-wrapper\"><a href=\"https:\/\/4manpro.com\/SPA\/lubricacion-centralizada\/sistemas-de-resistencia-ishan-2\/serie-ish-de\/ish-de-1002\/\" data-type=\"page\" data-id=\"6619\">ISH <mark style=\"background-color:rgba(0, 0, 0, 0);color:#ff7805\" class=\"has-inline-color\"><strong>DE-1002<\/strong><\/mark><\/a><\/li>\n\n\n\n<li class=\" eplus-wrapper\"><a href=\"https:\/\/4manpro.com\/SPA\/lubricacion-centralizada\/sistemas-de-resistencia-ishan-2\/serie-ish-de\/ish-de-1003\/\" data-type=\"page\" data-id=\"6624\">ISH <mark style=\"background-color:rgba(0, 0, 0, 0);color:#ff7805\" class=\"has-inline-color\"><strong>DE-1003<\/strong><\/mark><\/a><\/li>\n\n\n\n<li class=\" eplus-wrapper\"><a href=\"https:\/\/4manpro.com\/SPA\/lubricacion-centralizada\/sistemas-de-resistencia-ishan-2\/serie-ish-de\/ish-de-1021\/\" data-type=\"page\" data-id=\"6629\">ISH <mark style=\"background-color:rgba(0, 0, 0, 0);color:#ff7805\" class=\"has-inline-color\"><strong>DE-1021<\/strong><\/mark><\/a><\/li>\n\n\n\n<li class=\" eplus-wrapper\"><a href=\"https:\/\/4manpro.com\/SPA\/lubricacion-centralizada\/sistemas-de-resistencia-ishan-2\/serie-ish-de\/ish-de-1022\/\" data-type=\"page\" data-id=\"6634\">ISH <mark style=\"background-color:rgba(0, 0, 0, 0);color:#ff7805\" class=\"has-inline-color\"><strong>DE-1022<\/strong><\/mark><\/a><\/li>\n\n\n\n<li class=\" eplus-wrapper\"><a href=\"https:\/\/4manpro.com\/SPA\/lubricacion-centralizada\/sistemas-de-resistencia-ishan-2\/serie-ish-de\/ish-de-1023\/\" data-type=\"page\" data-id=\"6639\">ISH <mark style=\"background-color:rgba(0, 0, 0, 0);color:#ff7805\" class=\"has-inline-color\"><strong>DE-1023<\/strong><\/mark><\/a><\/li>\n<\/ul><\/div>\n<\/div><\/div><\/div>\n","protected":false},"excerpt":{"rendered":"<p>Como complemento de los Sistemas De Lubricaci\u00f3n Por Resistencia, 4ManPro\u00ae (Elements For Manufacturing Processes) una Hann Kuen Machinery &amp; Hardware, Co. Ltd. BRANCH OFFICE, maneja los Distribuidores De Aceite de la SERIE ISH DE. Los Distribuidores de la SERIE ISH DE, pueden trabajar en conjunto con los\u00a0Sistemas De Lubricaci\u00f3n\u00a0de las\u00a0SERIE YML, YET, YAE\u00a0y\u00a0YAC\u00a0seg\u00fan las caracter\u00edsticas [&hellip;]<\/p>\n","protected":false},"author":1,"featured_media":0,"parent":6168,"menu_order":0,"comment_status":"closed","ping_status":"closed","template":"principal-cuadros-individuales-2","meta":{"_crdt_document":"","editor_plus_copied_stylings":"{}","footnotes":""},"class_list":["post-6542","page","type-page","status-publish","hentry"],"_links":{"self":[{"href":"https:\/\/4manpro.com\/SPA\/wp-json\/wp\/v2\/pages\/6542","targetHints":{"allow":["GET"]}}],"collection":[{"href":"https:\/\/4manpro.com\/SPA\/wp-json\/wp\/v2\/pages"}],"about":[{"href":"https:\/\/4manpro.com\/SPA\/wp-json\/wp\/v2\/types\/page"}],"author":[{"embeddable":true,"href":"https:\/\/4manpro.com\/SPA\/wp-json\/wp\/v2\/users\/1"}],"replies":[{"embeddable":true,"href":"https:\/\/4manpro.com\/SPA\/wp-json\/wp\/v2\/comments?post=6542"}],"version-history":[{"count":43,"href":"https:\/\/4manpro.com\/SPA\/wp-json\/wp\/v2\/pages\/6542\/revisions"}],"predecessor-version":[{"id":26725,"href":"https:\/\/4manpro.com\/SPA\/wp-json\/wp\/v2\/pages\/6542\/revisions\/26725"}],"up":[{"embeddable":true,"href":"https:\/\/4manpro.com\/SPA\/wp-json\/wp\/v2\/pages\/6168"}],"wp:attachment":[{"href":"https:\/\/4manpro.com\/SPA\/wp-json\/wp\/v2\/media?parent=6542"}],"curies":[{"name":"wp","href":"https:\/\/api.w.org\/{rel}","templated":true}]}}