{"id":6370,"date":"2024-04-02T18:31:48","date_gmt":"2024-04-03T00:31:48","guid":{"rendered":"https:\/\/4manpro.com\/SPA\/?page_id=6370"},"modified":"2025-08-22T21:24:59","modified_gmt":"2025-08-23T03:24:59","slug":"serie-ish-db","status":"publish","type":"page","link":"https:\/\/4manpro.com\/SPA\/lubricacion-centralizada\/sistemas-de-resistencia-ishan-2\/serie-ish-db\/","title":{"rendered":"Serie ISH DB"},"content":{"rendered":"\n<div class=\"wp-block-buttons alignwide eplus-wrapper is-content-justification-space-between is-layout-flex wp-container-core-buttons-is-layout-0e410d50 wp-block-buttons-is-layout-flex\"><div class=\" wp-block-button has-custom-width wp-block-button__width-25 eplus-wrapper eplus-styles-uid-35e1b6\"><a class=\"wp-block-button__link has-foreground-color has-text-color has-background has-link-color wp-element-button\" href=\"https:\/\/4manpro.com\/SPA\/home\/lubricacion-centralizada\/sistemas-de-resistencia-ishan-2\/\" style=\"background-color:#999999\">PRINCIPAL<\/a><\/div>\n\n<div class=\" wp-block-button has-custom-width wp-block-button__width-25 eplus-wrapper eplus-styles-uid-43f822\"><a class=\"wp-block-button__link has-foreground-color has-background-background-color has-text-color has-background has-link-color wp-element-button\" href=\"https:\/\/4manpro.com\/SPA\/lubricacion-centralizada\/sistemas-de-resistencia-ishan-2\/\">ATR\u00c1S<\/a><\/div>\n\n<div class=\" wp-block-button has-custom-width wp-block-button__width-25 eplus-wrapper eplus-styles-uid-679b26\"><a class=\"wp-block-button__link has-background-color has-luminous-vivid-orange-background-color has-text-color has-background has-link-color wp-element-button\" href=\"https:\/\/www.4manpro.com\/princ-2\/centralized-lubricating-systems\/resistance-lubrication-systems-ishan\/ish-db-series\/\">ENGLISH<\/a><\/div><\/div>\n\n\n\n<figure class=\" wp-block-image alignwide size-full eplus-wrapper\"><img loading=\"lazy\" decoding=\"async\" width=\"2560\" height=\"453\" src=\"https:\/\/4manpro.com\/SPA\/wp-content\/uploads\/2024\/09\/Serie-ISH-DB-1-scaled.jpg\" alt=\"\" class=\"wp-image-18238\" srcset=\"https:\/\/4manpro.com\/SPA\/wp-content\/uploads\/2024\/09\/Serie-ISH-DB-1-scaled.jpg 2560w, https:\/\/4manpro.com\/SPA\/wp-content\/uploads\/2024\/09\/Serie-ISH-DB-1-300x53.jpg 300w, https:\/\/4manpro.com\/SPA\/wp-content\/uploads\/2024\/09\/Serie-ISH-DB-1-1024x181.jpg 1024w, https:\/\/4manpro.com\/SPA\/wp-content\/uploads\/2024\/09\/Serie-ISH-DB-1-768x136.jpg 768w, https:\/\/4manpro.com\/SPA\/wp-content\/uploads\/2024\/09\/Serie-ISH-DB-1-1536x272.jpg 1536w, https:\/\/4manpro.com\/SPA\/wp-content\/uploads\/2024\/09\/Serie-ISH-DB-1-2048x362.jpg 2048w\" sizes=\"auto, (max-width: 2560px) 100vw, 2560px\" \/><\/figure>\n\n\n\n<div class=\"wp-block-group alignwide eplus-wrapper is-layout-constrained wp-block-group-is-layout-constrained\"><figure class=\" wp-block-image alignleft size-full is-resized eplus-wrapper eplus-styles-uid-c73b55\"><img loading=\"lazy\" decoding=\"async\" width=\"2560\" height=\"2560\" src=\"https:\/\/4manpro.com\/SPA\/wp-content\/uploads\/2024\/09\/Logo-4-Blue-CHANDOX-II-NEGRO-scaled.jpg\" alt=\"\" class=\"wp-image-16837\" style=\"width:200px\" srcset=\"https:\/\/4manpro.com\/SPA\/wp-content\/uploads\/2024\/09\/Logo-4-Blue-CHANDOX-II-NEGRO-scaled.jpg 2560w, https:\/\/4manpro.com\/SPA\/wp-content\/uploads\/2024\/09\/Logo-4-Blue-CHANDOX-II-NEGRO-300x300.jpg 300w, https:\/\/4manpro.com\/SPA\/wp-content\/uploads\/2024\/09\/Logo-4-Blue-CHANDOX-II-NEGRO-1024x1024.jpg 1024w, https:\/\/4manpro.com\/SPA\/wp-content\/uploads\/2024\/09\/Logo-4-Blue-CHANDOX-II-NEGRO-150x150.jpg 150w, https:\/\/4manpro.com\/SPA\/wp-content\/uploads\/2024\/09\/Logo-4-Blue-CHANDOX-II-NEGRO-768x768.jpg 768w, https:\/\/4manpro.com\/SPA\/wp-content\/uploads\/2024\/09\/Logo-4-Blue-CHANDOX-II-NEGRO-1536x1536.jpg 1536w, https:\/\/4manpro.com\/SPA\/wp-content\/uploads\/2024\/09\/Logo-4-Blue-CHANDOX-II-NEGRO-2048x2048.jpg 2048w\" sizes=\"auto, (max-width: 2560px) 100vw, 2560px\" \/><\/figure><\/div>\n\n\n<p class=\"eplus-wrapper eplus-styles-uid-a684f1 wp-block-paragraph\">Como complemento de los <em><strong>Sistemas De Lubricaci\u00f3n Por Resistencia<\/strong><\/em>, <strong><mark style=\"background-color:rgba(0, 0, 0, 0);color:#ff7805\" class=\"has-inline-color\">4ManPro<sup>\u00ae<\/sup> <\/mark><\/strong><em>(Elements For Manufacturing Processes)<\/em> una <em><mark style=\"background-color:rgba(0, 0, 0, 0);color:#ff7805\" class=\"has-inline-color\">Hann Kuen Machinery &amp; Hardware, Co., LTD. <\/mark><\/em><strong>BRANCH OFFICE<\/strong>, maneja los <em><strong>Distribuidores De Aceite<\/strong><\/em> de la <strong>SERIE <mark style=\"background-color:rgba(0, 0, 0, 0);color:#ff7805\" class=\"has-inline-color\">ISH DB<\/mark>.<\/strong><\/p>\n\n<p class=\"eplus-wrapper eplus-styles-uid-a684f1 wp-block-paragraph\">Los Distribuidores de la <strong>SERIE <\/strong><mark style=\"background-color:rgba(0, 0, 0, 0);color:#ff7805\" class=\"has-inline-color\"><strong>ISH DB<\/strong><\/mark>, pueden trabajar en conjunto con los <em><strong>Sistemas De Lubricaci\u00f3n<\/strong><\/em> de las <em>SERIE <strong>YML, YET, YAE<\/strong><\/em> y <strong><em>YAC <\/em><\/strong>seg\u00fan las caracter\u00edsticas del proyecto donde ser\u00e1n utilizadas por los usuarios.<\/p>\n\n\n<div class=\"wp-block-group alignwide eplus-wrapper is-layout-constrained wp-block-group-is-layout-constrained\"><figure class=\" wp-block-image alignright size-large is-resized eplus-wrapper eplus-styles-uid-96b58f\"><img loading=\"lazy\" decoding=\"async\" width=\"1024\" height=\"1024\" src=\"https:\/\/4manpro.com\/SPA\/wp-content\/uploads\/2024\/09\/Logo-4-Blue-CHANDOX-Cuadro-1024x1024.jpg\" alt=\"\" class=\"wp-image-16835\" style=\"width:200px\" srcset=\"https:\/\/4manpro.com\/SPA\/wp-content\/uploads\/2024\/09\/Logo-4-Blue-CHANDOX-Cuadro-1024x1024.jpg 1024w, https:\/\/4manpro.com\/SPA\/wp-content\/uploads\/2024\/09\/Logo-4-Blue-CHANDOX-Cuadro-300x300.jpg 300w, https:\/\/4manpro.com\/SPA\/wp-content\/uploads\/2024\/09\/Logo-4-Blue-CHANDOX-Cuadro-150x150.jpg 150w, https:\/\/4manpro.com\/SPA\/wp-content\/uploads\/2024\/09\/Logo-4-Blue-CHANDOX-Cuadro-768x768.jpg 768w, https:\/\/4manpro.com\/SPA\/wp-content\/uploads\/2024\/09\/Logo-4-Blue-CHANDOX-Cuadro-1536x1536.jpg 1536w, https:\/\/4manpro.com\/SPA\/wp-content\/uploads\/2024\/09\/Logo-4-Blue-CHANDOX-Cuadro-2048x2048.jpg 2048w\" sizes=\"auto, (max-width: 1024px) 100vw, 1024px\" \/><\/figure><\/div>\n\n\n<p class=\"eplus-wrapper eplus-styles-uid-a684f1 wp-block-paragraph\">Estos elementos cuentan con las caracter\u00edsticas de:<\/p>\n\n<ul class=\" wp-block-list eplus-wrapper eplus-styles-uid-24258a\">\n<li class=\" eplus-wrapper\">Descarga a volumen constante en cada salida.<\/li>\n\n\n\n<li class=\" eplus-wrapper\">Incluye v\u00e1lvulas de retenci\u00f3n para evitar el flujo inverso.<\/li>\n\n\n\n<li class=\" eplus-wrapper\">La <strong>Viscosidad, Presi\u00f3n<\/strong> y <strong>Temperatura <\/strong>del <strong>Aceite <\/strong>afectar\u00e1n el volumen de descarga de aceite.<\/li>\n\n\n\n<li class=\" eplus-wrapper\">Sistema econ\u00f3mico y confiable.<\/li>\n\n\n\n<li class=\" eplus-wrapper\">Se recomienda el sistema para bajar la presi\u00f3n de aplicaci\u00f3n.<\/li>\n<\/ul>\n\n<p class=\"eplus-wrapper eplus-styles-uid-2f7096 wp-block-paragraph\">Los elementos que componen esta serie se enumeran a continuaci\u00f3n.<\/p>\n\n\n<hr class=\"is-style-dots wp-block-separator has-alpha-channel-opacity eplus-wrapper\"\/>\n\n\n<p class=\"has-background eplus-wrapper eplus-styles-uid-bc8f6d wp-block-paragraph\" style=\"background-color:#696969\"><strong>SERIE <\/strong>ISH DB<\/p>\n\n\n<div style=\"height:11px\" aria-hidden=\"true\" class=\" wp-block-spacer eplus-wrapper\"><\/div>\n\n\n<div class=\"wp-block-columns alignwide eplus-wrapper is-layout-flex wp-container-core-columns-is-layout-f56f613f wp-block-columns-is-layout-flex eplus-styles-uid-e69e56\">\n<div class=\"wp-block-column is-vertically-aligned-center eplus-wrapper is-layout-constrained wp-block-column-is-layout-constrained\" style=\"flex-basis:25%\"><ul class=\" wp-block-list eplus-wrapper eplus-styles-uid-2f37a2\">\n<li class=\" eplus-wrapper\"><a href=\"https:\/\/4manpro.com\/SPA\/lubricacion-centralizada\/sistemas-de-resistencia-ishan-2\/serie-ish-db\/ish-db041\/\" data-type=\"page\" data-id=\"6392\">ISH <strong><mark style=\"background-color:rgba(0, 0, 0, 0);color:#ff7805\" class=\"has-inline-color\">DB041<\/mark><\/strong><\/a><\/li>\n\n\n\n<li class=\" eplus-wrapper\"><a href=\"https:\/\/4manpro.com\/SPA\/lubricacion-centralizada\/sistemas-de-resistencia-ishan-2\/serie-ish-db\/ish-db042\/\" data-type=\"page\" data-id=\"6397\">ISH <strong><mark style=\"background-color:rgba(0, 0, 0, 0);color:#ff7805\" class=\"has-inline-color\">DB042<\/mark><\/strong><\/a><\/li>\n\n\n\n<li class=\" eplus-wrapper\"><a href=\"https:\/\/4manpro.com\/SPA\/lubricacion-centralizada\/sistemas-de-resistencia-ishan-2\/serie-ish-db\/ish-db043\/\" data-type=\"page\" data-id=\"6402\">ISH <strong><mark style=\"background-color:rgba(0, 0, 0, 0);color:#ff7805\" class=\"has-inline-color\">DB043<\/mark><\/strong><\/a><\/li>\n\n\n\n<li class=\" eplus-wrapper\"><a href=\"https:\/\/4manpro.com\/SPA\/lubricacion-centralizada\/sistemas-de-resistencia-ishan-2\/serie-ish-db\/ish-db051\/\" data-type=\"page\" data-id=\"6407\">ISH <strong><mark style=\"background-color:rgba(0, 0, 0, 0);color:#ff7805\" class=\"has-inline-color\">DB051<\/mark><\/strong><\/a><\/li>\n\n\n\n<li class=\" eplus-wrapper\"><a href=\"https:\/\/4manpro.com\/SPA\/lubricacion-centralizada\/sistemas-de-resistencia-ishan-2\/serie-ish-db\/ish-db052\/\" data-type=\"page\" data-id=\"6412\">ISH <strong><mark style=\"background-color:rgba(0, 0, 0, 0);color:#ff7805\" class=\"has-inline-color\">DB052<\/mark><\/strong><\/a><\/li>\n\n\n\n<li class=\" eplus-wrapper\"><a href=\"https:\/\/4manpro.com\/SPA\/lubricacion-centralizada\/sistemas-de-resistencia-ishan-2\/serie-ish-db\/ish-db053\/\" data-type=\"page\" data-id=\"6417\">ISH <mark style=\"background-color:rgba(0, 0, 0, 0);color:#ff7805\" class=\"has-inline-color\"><strong>DB053<\/strong><\/mark><\/a><\/li>\n\n\n\n<li class=\" eplus-wrapper\"><a href=\"https:\/\/4manpro.com\/SPA\/lubricacion-centralizada\/sistemas-de-resistencia-ishan-2\/serie-ish-db\/ish-db061\/\" data-type=\"page\" data-id=\"6422\">ISH <mark style=\"background-color:rgba(0, 0, 0, 0);color:#ff7805\" class=\"has-inline-color\"><strong>DB061<\/strong><\/mark><\/a><\/li>\n\n\n\n<li class=\" eplus-wrapper\"><a href=\"https:\/\/4manpro.com\/SPA\/lubricacion-centralizada\/sistemas-de-resistencia-ishan-2\/serie-ish-db\/ish-db062\/\" data-type=\"page\" data-id=\"6428\">ISH <mark style=\"background-color:rgba(0, 0, 0, 0);color:#ff7805\" class=\"has-inline-color\"><strong>DB062<\/strong><\/mark><\/a><\/li>\n\n\n\n<li class=\" eplus-wrapper\"><a href=\"https:\/\/4manpro.com\/SPA\/lubricacion-centralizada\/sistemas-de-resistencia-ishan-2\/serie-ish-db\/ish-db063\/\" data-type=\"page\" data-id=\"6433\">ISH <strong><mark style=\"background-color:rgba(0, 0, 0, 0);color:#ff7805\" class=\"has-inline-color\">DB063<\/mark><\/strong><\/a><\/li>\n\n\n\n<li class=\" eplus-wrapper\"><a href=\"https:\/\/4manpro.com\/SPA\/lubricacion-centralizada\/sistemas-de-resistencia-ishan-2\/serie-ish-db\/ish-db071\/\" data-type=\"page\" data-id=\"6438\">ISH <strong><mark style=\"background-color:rgba(0, 0, 0, 0);color:#ff7805\" class=\"has-inline-color\">DB071<\/mark><\/strong><\/a><\/li>\n\n\n\n<li class=\" eplus-wrapper\"><a href=\"https:\/\/4manpro.com\/SPA\/lubricacion-centralizada\/sistemas-de-resistencia-ishan-2\/serie-ish-db\/ish-db072\/\" data-type=\"page\" data-id=\"6443\">ISH <mark style=\"background-color:rgba(0, 0, 0, 0);color:#ff7805\" class=\"has-inline-color\"><strong>DB072<\/strong><\/mark><\/a><\/li>\n\n\n\n<li class=\" eplus-wrapper\"><a href=\"https:\/\/4manpro.com\/SPA\/lubricacion-centralizada\/sistemas-de-resistencia-ishan-2\/serie-ish-db\/ish-db073\/\" data-type=\"page\" data-id=\"6448\">ISH <strong><mark style=\"background-color:rgba(0, 0, 0, 0);color:#ff7805\" class=\"has-inline-color\">DB073<\/mark><\/strong><\/a><\/li>\n<\/ul><\/div>\n\n\n\n<div class=\"wp-block-column eplus-wrapper is-layout-flow wp-block-column-is-layout-flow\" style=\"flex-basis:100px\"><\/div>\n\n\n\n<div class=\"wp-block-column is-vertically-aligned-center eplus-wrapper is-layout-flow wp-block-column-is-layout-flow\" style=\"flex-basis:50%\"><figure class=\" wp-block-image aligncenter size-full is-resized eplus-wrapper eplus-styles-uid-e72cdf\"><img loading=\"lazy\" decoding=\"async\" width=\"827\" height=\"827\" src=\"https:\/\/4manpro.com\/SPA\/wp-content\/uploads\/2024\/04\/Serie-ISH-DB-1.jpg\" alt=\"\" class=\"wp-image-6377\" style=\"width:300px\" srcset=\"https:\/\/4manpro.com\/SPA\/wp-content\/uploads\/2024\/04\/Serie-ISH-DB-1.jpg 827w, https:\/\/4manpro.com\/SPA\/wp-content\/uploads\/2024\/04\/Serie-ISH-DB-1-300x300.jpg 300w, https:\/\/4manpro.com\/SPA\/wp-content\/uploads\/2024\/04\/Serie-ISH-DB-1-150x150.jpg 150w, https:\/\/4manpro.com\/SPA\/wp-content\/uploads\/2024\/04\/Serie-ISH-DB-1-768x768.jpg 768w\" sizes=\"auto, (max-width: 827px) 100vw, 827px\" \/><\/figure><\/div>\n\n\n\n<div class=\"wp-block-column eplus-wrapper is-layout-flow wp-block-column-is-layout-flow\" style=\"flex-basis:100px\"><\/div>\n\n\n\n<div class=\"wp-block-column is-vertically-aligned-center eplus-wrapper is-layout-flow wp-block-column-is-layout-flow\" style=\"flex-basis:25%\"><ul class=\" wp-block-list eplus-wrapper eplus-styles-uid-16a5ce\">\n<li class=\" eplus-wrapper\"><a href=\"https:\/\/4manpro.com\/SPA\/lubricacion-centralizada\/sistemas-de-resistencia-ishan-2\/serie-ish-db\/ish-db081\/\" data-type=\"page\" data-id=\"6453\">ISH <strong><mark style=\"background-color:rgba(0, 0, 0, 0);color:#ff7805\" class=\"has-inline-color\">DB081<\/mark><\/strong><\/a><\/li>\n\n\n\n<li class=\" eplus-wrapper\"><a href=\"https:\/\/4manpro.com\/SPA\/lubricacion-centralizada\/sistemas-de-resistencia-ishan-2\/serie-ish-db\/ish-db082\/\" data-type=\"page\" data-id=\"6458\">ISH <strong><mark style=\"background-color:rgba(0, 0, 0, 0);color:#ff7805\" class=\"has-inline-color\">DB082<\/mark><\/strong><\/a><\/li>\n\n\n\n<li class=\" eplus-wrapper\"><a href=\"https:\/\/4manpro.com\/SPA\/lubricacion-centralizada\/sistemas-de-resistencia-ishan-2\/serie-ish-db\/ish-db083\/\" data-type=\"page\" data-id=\"6463\">ISH <strong><mark style=\"background-color:rgba(0, 0, 0, 0);color:#ff7805\" class=\"has-inline-color\">DB083<\/mark><\/strong><\/a><\/li>\n\n\n\n<li class=\" eplus-wrapper\"><a href=\"https:\/\/4manpro.com\/SPA\/lubricacion-centralizada\/sistemas-de-resistencia-ishan-2\/serie-ish-db\/ish-db091\/\" data-type=\"page\" data-id=\"6468\">ISH <strong><mark style=\"background-color:rgba(0, 0, 0, 0);color:#ff7805\" class=\"has-inline-color\">DB091<\/mark><\/strong><\/a><\/li>\n\n\n\n<li class=\" eplus-wrapper\"><a href=\"https:\/\/4manpro.com\/SPA\/lubricacion-centralizada\/sistemas-de-resistencia-ishan-2\/serie-ish-db\/ish-db092\/\" data-type=\"page\" data-id=\"6473\">ISH <strong><mark style=\"background-color:rgba(0, 0, 0, 0);color:#ff7805\" class=\"has-inline-color\">DB092<\/mark><\/strong><\/a><\/li>\n\n\n\n<li class=\" eplus-wrapper\"><a href=\"https:\/\/4manpro.com\/SPA\/lubricacion-centralizada\/sistemas-de-resistencia-ishan-2\/serie-ish-db\/ish-db093\/\" data-type=\"page\" data-id=\"6478\">ISH <strong><mark style=\"background-color:rgba(0, 0, 0, 0);color:#ff7805\" class=\"has-inline-color\">DB093<\/mark><\/strong><\/a><\/li>\n\n\n\n<li class=\" eplus-wrapper\"><a href=\"https:\/\/4manpro.com\/SPA\/lubricacion-centralizada\/sistemas-de-resistencia-ishan-2\/serie-ish-db\/ish-db1001\/\" data-type=\"page\" data-id=\"6483\">ISH <strong><mark style=\"background-color:rgba(0, 0, 0, 0);color:#ff7805\" class=\"has-inline-color\">DB1001<\/mark><\/strong><\/a><\/li>\n\n\n\n<li class=\" eplus-wrapper\"><a href=\"https:\/\/4manpro.com\/SPA\/lubricacion-centralizada\/sistemas-de-resistencia-ishan-2\/serie-ish-db\/ish-db1002\/\" data-type=\"page\" data-id=\"6488\">ISH <strong><mark style=\"background-color:rgba(0, 0, 0, 0);color:#ff7805\" class=\"has-inline-color\">DB1002<\/mark><\/strong><\/a><\/li>\n\n\n\n<li class=\" eplus-wrapper\"><a href=\"https:\/\/4manpro.com\/SPA\/lubricacion-centralizada\/sistemas-de-resistencia-ishan-2\/serie-ish-db\/ish-db1003\/\" data-type=\"page\" data-id=\"6493\">ISH <strong><mark style=\"background-color:rgba(0, 0, 0, 0);color:#ff7805\" class=\"has-inline-color\">DB1003<\/mark><\/strong><\/a><\/li>\n\n\n\n<li class=\" eplus-wrapper\"><a href=\"https:\/\/4manpro.com\/SPA\/lubricacion-centralizada\/sistemas-de-resistencia-ishan-2\/serie-ish-db\/ish-db1021\/\" data-type=\"page\" data-id=\"6498\">ISH <strong><mark style=\"background-color:rgba(0, 0, 0, 0);color:#ff7805\" class=\"has-inline-color\">DB1021<\/mark><\/strong><\/a><\/li>\n\n\n\n<li class=\" eplus-wrapper\"><a href=\"https:\/\/4manpro.com\/SPA\/lubricacion-centralizada\/sistemas-de-resistencia-ishan-2\/serie-ish-db\/ish-db1022\/\" data-type=\"page\" data-id=\"6503\">ISH <strong><mark style=\"background-color:rgba(0, 0, 0, 0);color:#ff7805\" class=\"has-inline-color\">DB1022<\/mark><\/strong><\/a><\/li>\n\n\n\n<li class=\" eplus-wrapper\"><a href=\"https:\/\/4manpro.com\/SPA\/lubricacion-centralizada\/sistemas-de-resistencia-ishan-2\/serie-ish-db\/ish-db1023\/\" data-type=\"page\" data-id=\"6508\">ISH <strong><mark style=\"background-color:rgba(0, 0, 0, 0);color:#ff7805\" class=\"has-inline-color\">DB1023<\/mark><\/strong><\/a><\/li>\n<\/ul><\/div>\n<\/div>","protected":false},"excerpt":{"rendered":"<p>Como complemento de los Sistemas De Lubricaci\u00f3n Por Resistencia, 4ManPro\u00ae (Elements For Manufacturing Processes) una Hann Kuen Machinery &amp; Hardware, Co., LTD. BRANCH OFFICE, maneja los Distribuidores De Aceite de la SERIE ISH DB. Los Distribuidores de la SERIE ISH DB, pueden trabajar en conjunto con los Sistemas De Lubricaci\u00f3n de las SERIE YML, YET, [&hellip;]<\/p>\n","protected":false},"author":1,"featured_media":0,"parent":6168,"menu_order":0,"comment_status":"closed","ping_status":"closed","template":"principal-cuadros-individuales-2","meta":{"_crdt_document":"","editor_plus_copied_stylings":"{}","footnotes":""},"class_list":["post-6370","page","type-page","status-publish","hentry"],"_links":{"self":[{"href":"https:\/\/4manpro.com\/SPA\/wp-json\/wp\/v2\/pages\/6370","targetHints":{"allow":["GET"]}}],"collection":[{"href":"https:\/\/4manpro.com\/SPA\/wp-json\/wp\/v2\/pages"}],"about":[{"href":"https:\/\/4manpro.com\/SPA\/wp-json\/wp\/v2\/types\/page"}],"author":[{"embeddable":true,"href":"https:\/\/4manpro.com\/SPA\/wp-json\/wp\/v2\/users\/1"}],"replies":[{"embeddable":true,"href":"https:\/\/4manpro.com\/SPA\/wp-json\/wp\/v2\/comments?post=6370"}],"version-history":[{"count":34,"href":"https:\/\/4manpro.com\/SPA\/wp-json\/wp\/v2\/pages\/6370\/revisions"}],"predecessor-version":[{"id":26710,"href":"https:\/\/4manpro.com\/SPA\/wp-json\/wp\/v2\/pages\/6370\/revisions\/26710"}],"up":[{"embeddable":true,"href":"https:\/\/4manpro.com\/SPA\/wp-json\/wp\/v2\/pages\/6168"}],"wp:attachment":[{"href":"https:\/\/4manpro.com\/SPA\/wp-json\/wp\/v2\/media?parent=6370"}],"curies":[{"name":"wp","href":"https:\/\/api.w.org\/{rel}","templated":true}]}}