{"id":6130,"date":"2024-04-01T13:49:30","date_gmt":"2024-04-01T19:49:30","guid":{"rendered":"https:\/\/4manpro.com\/SPA\/?page_id=6130"},"modified":"2025-10-22T20:06:29","modified_gmt":"2025-10-23T02:06:29","slug":"sistemas-de-resistencia-ishan","status":"publish","type":"page","link":"https:\/\/4manpro.com\/SPA\/lubricacion-centralizada\/sistemas-de-resistencia-ishan\/","title":{"rendered":"SISTEMAS VOLUMETRICOS IShan"},"content":{"rendered":"\n<div class=\"wp-block-buttons alignwide eplus-wrapper is-content-justification-space-between is-layout-flex wp-container-core-buttons-is-layout-0e410d50 wp-block-buttons-is-layout-flex\"><div class=\" wp-block-button has-custom-width wp-block-button__width-25 eplus-wrapper eplus-styles-uid-bd5e74\"><a class=\"wp-block-button__link has-foreground-color has-text-color has-background has-link-color wp-element-button\" href=\"https:\/\/4manpro.com\/SPA\/\" style=\"background-color:#999999\">PRINCIPAL<\/a><\/div>\n\n<div class=\" wp-block-button has-custom-width wp-block-button__width-25 eplus-wrapper eplus-styles-uid-1d4b47\"><a class=\"wp-block-button__link has-background-color has-background-background-color has-text-color has-background has-link-color wp-element-button\" href=\"https:\/\/4manpro.com\/SPA\/home\/lubricacion-centralizada\/\"><mark style=\"background-color:rgba(0, 0, 0, 0)\" class=\"has-inline-color has-foreground-color\">ATR\u00c1S<\/mark><\/a><\/div>\n\n<div class=\" wp-block-button has-custom-width wp-block-button__width-25 eplus-wrapper eplus-styles-uid-6baa42\"><a class=\"wp-block-button__link has-background-color has-text-color has-background has-link-color wp-element-button\" href=\"https:\/\/www.4manpro.com\/princ-2\/centralized-lubricating-systems\/volumetric-lubrication-systems-ishan\/\" style=\"background-color:#ff7805\">ENGLISH<\/a><\/div><\/div>\n\n\n\n<figure class=\" wp-block-image alignwide size-full eplus-wrapper\"><img loading=\"lazy\" decoding=\"async\" width=\"2560\" height=\"453\" src=\"https:\/\/4manpro.com\/SPA\/wp-content\/uploads\/2024\/08\/Sistemas-Volumetricos-1-scaled.jpg\" alt=\"\" class=\"wp-image-15497\" srcset=\"https:\/\/4manpro.com\/SPA\/wp-content\/uploads\/2024\/08\/Sistemas-Volumetricos-1-scaled.jpg 2560w, https:\/\/4manpro.com\/SPA\/wp-content\/uploads\/2024\/08\/Sistemas-Volumetricos-1-300x53.jpg 300w, https:\/\/4manpro.com\/SPA\/wp-content\/uploads\/2024\/08\/Sistemas-Volumetricos-1-1024x181.jpg 1024w, https:\/\/4manpro.com\/SPA\/wp-content\/uploads\/2024\/08\/Sistemas-Volumetricos-1-768x136.jpg 768w, https:\/\/4manpro.com\/SPA\/wp-content\/uploads\/2024\/08\/Sistemas-Volumetricos-1-1536x272.jpg 1536w, https:\/\/4manpro.com\/SPA\/wp-content\/uploads\/2024\/08\/Sistemas-Volumetricos-1-2048x362.jpg 2048w\" sizes=\"auto, (max-width: 2560px) 100vw, 2560px\" \/><\/figure>\n\n\n\n<hr class=\" wp-block-separator has-alpha-channel-opacity eplus-wrapper\"\/>\n\n\n<p class=\"has-background-color has-text-color has-background has-link-color eplus-wrapper wp-elements-d0ed3796ddbb6a07d29de051a1beab73 eplus-styles-uid-6b55d7 wp-block-paragraph\" style=\"background-color:#8c8c8c\">UNIDADES DE LUBRICACI\u00d3N<\/p>\n\n\n<div style=\"height:15px\" aria-hidden=\"true\" class=\" wp-block-spacer eplus-wrapper\"><\/div>\n\n\n<div class=\"wp-block-columns alignwide eplus-wrapper is-layout-flex wp-container-core-columns-is-layout-f56f613f wp-block-columns-is-layout-flex eplus-styles-uid-8f3da0\">\n<div class=\"wp-block-column is-vertically-aligned-top eplus-wrapper is-layout-flow wp-block-column-is-layout-flow\" style=\"flex-basis:40%\"><ul class=\" wp-block-list eplus-wrapper eplus-styles-uid-8e474a\"><li class=\" eplus-wrapper eplus-styles-uid-fd8f68\"><strong>SERIE ISH YAC<\/strong><ul class=\" wp-block-list eplus-wrapper eplus-styles-uid-73b3ac\">\n<li class=\" eplus-wrapper\"><a href=\"https:\/\/4manpro.com\/SPA\/lubricacion-centralizada\/sistemas-de-resistencia-ishan\/ish-yac-b2\/\" data-type=\"page\" data-id=\"5396\">ISH <mark style=\"background-color:rgba(0, 0, 0, 0);color:#0a4777\" class=\"has-inline-color\"><strong>YAC-B2<\/strong><\/mark><\/a><\/li>\n\n\n\n<li class=\" eplus-wrapper\"><a href=\"https:\/\/4manpro.com\/SPA\/lubricacion-centralizada\/sistemas-de-resistencia-ishan\/ish-yac-b2p2\/\" data-type=\"page\" data-id=\"5405\">ISH <strong><mark style=\"background-color:rgba(0, 0, 0, 0);color:#0a4777\" class=\"has-inline-color\">YAC-B2P2<\/mark><\/strong><\/a><\/li>\n<\/ul><\/li><\/ul>\n\n<ul class=\" wp-block-list eplus-wrapper eplus-styles-uid-a185a8\"><li class=\" eplus-wrapper eplus-styles-uid-aef027\"><strong>SERIE ISH YAE<\/strong><ul class=\" wp-block-list eplus-wrapper eplus-styles-uid-7ffb13\"><li class=\" eplus-wrapper eplus-styles-uid-87ad10\"><a href=\"https:\/\/4manpro.com\/SPA\/lubricacion-centralizada\/sistemas-de-resistencia-ishan\/ish-yae-a2\/\" data-type=\"page\" data-id=\"5420\">ISH <strong><mark style=\"background-color:rgba(0, 0, 0, 0);color:#0a4777\" class=\"has-inline-color\">YAE-A2<\/mark><\/strong><\/a><\/li>\n\n<li class=\" eplus-wrapper eplus-styles-uid-75e9b6\"><a href=\"https:\/\/4manpro.com\/SPA\/lubricacion-centralizada\/sistemas-de-resistencia-ishan\/ish-yae-a2p2\/\" data-type=\"page\" data-id=\"5426\">ISH <strong><mark style=\"background-color:rgba(0, 0, 0, 0);color:#0a4777\" class=\"has-inline-color\">YAE-A2P2<\/mark><\/strong><\/a><\/li><\/ul><\/li><\/ul>\n\n<ul class=\" wp-block-list eplus-wrapper eplus-styles-uid-9b7d86\"><li class=\" eplus-wrapper eplus-styles-uid-aef027\"><strong>SERIE ISH YET<\/strong><ul class=\" wp-block-list eplus-wrapper eplus-styles-uid-82e7c3\">\n<li class=\" eplus-wrapper\"><a href=\"https:\/\/4manpro.com\/SPA\/lubricacion-centralizada\/sistemas-de-resistencia-ishan\/ish-yet-a2\/\" data-type=\"page\" data-id=\"5432\">ISH <strong><mark style=\"background-color:rgba(0, 0, 0, 0);color:#0a4777\" class=\"has-inline-color\">YET-A2<\/mark><\/strong><\/a><\/li>\n\n\n\n<li class=\" eplus-wrapper\"><a href=\"https:\/\/4manpro.com\/SPA\/lubricacion-centralizada\/sistemas-de-resistencia-ishan\/ish-yet-a2p2\/\" data-type=\"page\" data-id=\"5438\">ISH <strong><mark style=\"background-color:rgba(0, 0, 0, 0);color:#0a4777\" class=\"has-inline-color\">YET-A2P2<\/mark><\/strong><\/a><\/li>\n<\/ul><\/li><\/ul><\/div>\n\n\n\n<div class=\"wp-block-column is-vertically-aligned-center eplus-wrapper is-layout-flow wp-block-column-is-layout-flow\" style=\"flex-basis:50%\"><figure class=\" wp-block-image aligncenter is-resized eplus-wrapper eplus-styles-uid-b09216\"><img loading=\"lazy\" decoding=\"async\" width=\"827\" height=\"827\" src=\"https:\/\/4manpro.com\/SPA\/wp-content\/uploads\/2024\/03\/Serie-ISH-YAC-B2.jpg\" alt=\"\" class=\"wp-image-5377\" style=\"width:300px\" srcset=\"https:\/\/4manpro.com\/SPA\/wp-content\/uploads\/2024\/03\/Serie-ISH-YAC-B2.jpg 827w, https:\/\/4manpro.com\/SPA\/wp-content\/uploads\/2024\/03\/Serie-ISH-YAC-B2-300x300.jpg 300w, https:\/\/4manpro.com\/SPA\/wp-content\/uploads\/2024\/03\/Serie-ISH-YAC-B2-150x150.jpg 150w, https:\/\/4manpro.com\/SPA\/wp-content\/uploads\/2024\/03\/Serie-ISH-YAC-B2-768x768.jpg 768w\" sizes=\"auto, (max-width: 827px) 100vw, 827px\" \/><\/figure><\/div>\n\n\n\n<div class=\"wp-block-column is-vertically-aligned-center eplus-wrapper is-layout-flow wp-block-column-is-layout-flow\" style=\"flex-basis:15px\"><\/div>\n\n\n\n<div class=\"wp-block-column is-vertically-aligned-top eplus-wrapper is-layout-flow wp-block-column-is-layout-flow\" style=\"flex-basis:50%\"><ul class=\" wp-block-list eplus-wrapper eplus-styles-uid-2333ef\"><li class=\" eplus-wrapper eplus-styles-uid-648fd1\"><mark style=\"background-color:rgba(0, 0, 0, 0)\" class=\"has-inline-color has-foreground-color\"><strong>SERIE <mark style=\"background-color:rgba(0, 0, 0, 0)\" class=\"has-inline-color has-foreground-color\">ISH <\/mark>YET<\/strong><\/mark><ul class=\" wp-block-list eplus-wrapper eplus-styles-uid-cdbccb\"><li class=\" eplus-wrapper eplus-styles-uid-b94437\"><mark style=\"background-color:rgba(0, 0, 0, 0)\" class=\"has-inline-color has-foreground-color\"><a href=\"https:\/\/4manpro.com\/SPA\/lubricacion-centralizada\/sistemas-de-resistencia-ishan\/ish-yet-c2\/\" data-type=\"page\" data-id=\"5444\">ISH <\/a><\/mark><strong><a href=\"https:\/\/4manpro.com\/SPA\/lubricacion-centralizada\/sistemas-de-resistencia-ishan\/ish-yet-c2\/\" data-type=\"page\" data-id=\"5444\"><mark style=\"background-color:rgba(0, 0, 0, 0);color:#0a4777\" class=\"has-inline-color\">YET-C2<\/mark><\/a><\/strong><\/li>\n\n<li class=\" eplus-wrapper eplus-styles-uid-10a2fa\"><mark style=\"background-color:rgba(0, 0, 0, 0)\" class=\"has-inline-color has-foreground-color\"><a href=\"https:\/\/4manpro.com\/SPA\/lubricacion-centralizada\/sistemas-de-resistencia-ishan\/ish-yet-c2p2\/\" data-type=\"page\" data-id=\"5449\">ISH<\/a><\/mark><mark style=\"background-color:rgba(0, 0, 0, 0);color:#ff7805\" class=\"has-inline-color\"><a href=\"https:\/\/4manpro.com\/SPA\/lubricacion-centralizada\/sistemas-de-resistencia-ishan\/ish-yet-c2p2\/\" data-type=\"page\" data-id=\"5449\"> <\/a><\/mark><strong><a href=\"https:\/\/4manpro.com\/SPA\/lubricacion-centralizada\/sistemas-de-resistencia-ishan\/ish-yet-c2p2\/\" data-type=\"page\" data-id=\"5449\"><mark style=\"background-color:rgba(0, 0, 0, 0);color:#0a4777\" class=\"has-inline-color\">YET-C2P2<\/mark><\/a><\/strong><\/li><\/ul><\/li><\/ul>\n\n<ul class=\" wp-block-list eplus-wrapper eplus-styles-uid-0086df\"><li class=\" eplus-wrapper eplus-styles-uid-648fd1\"><mark style=\"background-color:rgba(0, 0, 0, 0)\" class=\"has-inline-color has-foreground-color\"><strong>SERIE <mark style=\"background-color:rgba(0, 0, 0, 0)\" class=\"has-inline-color has-foreground-color\">ISH <\/mark>YET<\/strong><\/mark><ul class=\" wp-block-list eplus-wrapper eplus-styles-uid-228807\"><li class=\" eplus-wrapper eplus-styles-uid-5dedf3\"><mark style=\"background-color:rgba(0, 0, 0, 0)\" class=\"has-inline-color has-foreground-color\"><a href=\"https:\/\/4manpro.com\/SPA\/lubricacion-centralizada\/sistemas-de-resistencia-ishan\/ish-yet-d2\/\" data-type=\"page\" data-id=\"5454\">ISH <\/a><\/mark><strong><a href=\"https:\/\/4manpro.com\/SPA\/lubricacion-centralizada\/sistemas-de-resistencia-ishan\/ish-yet-d2\/\" data-type=\"page\" data-id=\"5454\"><mark style=\"background-color:rgba(0, 0, 0, 0);color:#0a4777\" class=\"has-inline-color\">YET-D2<\/mark><\/a><\/strong><\/li><\/ul><\/li><\/ul>\n\n<ul class=\" wp-block-list eplus-wrapper eplus-styles-uid-05497f\"><li class=\" eplus-wrapper eplus-styles-uid-648fd1\"><mark style=\"background-color:rgba(0, 0, 0, 0)\" class=\"has-inline-color has-foreground-color\"><strong>SERIE <mark style=\"background-color:rgba(0, 0, 0, 0)\" class=\"has-inline-color has-foreground-color\">ISH <\/mark>YET<\/strong><\/mark><ul class=\" wp-block-list eplus-wrapper eplus-styles-uid-48ac91\"><li class=\" eplus-wrapper eplus-styles-uid-5dedf3\"><mark style=\"background-color:rgba(0, 0, 0, 0)\" class=\"has-inline-color has-foreground-color\"><a href=\"https:\/\/4manpro.com\/SPA\/lubricacion-centralizada\/sistemas-de-resistencia-ishan\/ish-yet-r2\/\" data-type=\"page\" data-id=\"5464\">ISH <\/a><\/mark><strong><a href=\"https:\/\/4manpro.com\/SPA\/lubricacion-centralizada\/sistemas-de-resistencia-ishan\/ish-yet-r2\/\" data-type=\"page\" data-id=\"5464\"><mark style=\"background-color:rgba(0, 0, 0, 0);color:#0a4777\" class=\"has-inline-color\">YET-R2<\/mark><\/a><\/strong><\/li><\/ul><\/li><\/ul><\/div>\n<\/div>\n\n\n<hr class=\"is-style-dots wp-block-separator alignwide has-alpha-channel-opacity eplus-wrapper\"\/>\n\n\n<p class=\"has-background-color has-text-color has-background has-link-color eplus-wrapper wp-elements-3d3848cdc19506c6d12e5379e09f0414 eplus-styles-uid-42d685 wp-block-paragraph\" style=\"background-color:#8c8c8c\">DISTRIBUIDORES DE ACEITE POR PIST\u00d3N<\/p>\n\n\n<div style=\"height:15px\" aria-hidden=\"true\" class=\" wp-block-spacer eplus-wrapper\"><\/div>\n\n\n<div class=\"wp-block-columns eplus-wrapper is-layout-flex wp-container-core-columns-is-layout-f56f613f wp-block-columns-is-layout-flex eplus-styles-uid-370a78\">\n<div class=\"wp-block-column is-vertically-aligned-center eplus-wrapper is-layout-flow wp-block-column-is-layout-flow\" style=\"flex-basis:250px\"><ul class=\" wp-block-list eplus-wrapper eplus-styles-uid-bd4be1\">\n<li class=\" eplus-wrapper\"><mark style=\"background-color:rgba(0, 0, 0, 0)\" class=\"has-inline-color has-foreground-color\"><a href=\"https:\/\/4manpro.com\/SPA\/lubricacion-centralizada\/serie-ish-dfa\/\" data-type=\"page\" data-id=\"5488\">SERIE <\/a><\/mark><strong><a href=\"https:\/\/4manpro.com\/SPA\/lubricacion-centralizada\/serie-ish-dfa\/\" data-type=\"page\" data-id=\"5488\"><mark style=\"background-color:rgba(0, 0, 0, 0);color:#0a4777\" class=\"has-inline-color\">ISH DFA<\/mark><\/a><\/strong><\/li>\n\n\n\n<li class=\" eplus-wrapper\"><mark style=\"background-color:rgba(0, 0, 0, 0)\" class=\"has-inline-color has-foreground-color\"><a href=\"https:\/\/4manpro.com\/SPA\/lubricacion-centralizada\/serie-ish-dt\/\" data-type=\"page\" data-id=\"5568\">SERIE <\/a><\/mark><strong><a href=\"https:\/\/4manpro.com\/SPA\/lubricacion-centralizada\/serie-ish-dt\/\" data-type=\"page\" data-id=\"5568\"><mark style=\"background-color:rgba(0, 0, 0, 0);color:#0a4777\" class=\"has-inline-color\">ISH DT<\/mark><\/a><\/strong><\/li>\n\n\n\n<li class=\" eplus-wrapper\"><mark style=\"background-color:rgba(0, 0, 0, 0)\" class=\"has-inline-color has-foreground-color\"><a href=\"https:\/\/4manpro.com\/SPA\/lubricacion-centralizada\/serie-ish-dx\/\" data-type=\"page\" data-id=\"5639\">SERIE <\/a><\/mark><strong><a href=\"https:\/\/4manpro.com\/SPA\/lubricacion-centralizada\/serie-ish-dx\/\" data-type=\"page\" data-id=\"5639\"><mark style=\"background-color:rgba(0, 0, 0, 0);color:#0a4777\" class=\"has-inline-color\">ISH DX<\/mark><\/a><\/strong><\/li>\n<\/ul><\/div>\n\n\n\n<div class=\"wp-block-column eplus-wrapper is-layout-flow wp-block-column-is-layout-flow\" style=\"flex-basis:50%\"><figure class=\" wp-block-image aligncenter size-full is-resized eplus-wrapper eplus-styles-uid-0bef58\"><img loading=\"lazy\" decoding=\"async\" width=\"827\" height=\"827\" src=\"https:\/\/4manpro.com\/SPA\/wp-content\/uploads\/2024\/03\/Serie-ISHAN.jpg\" alt=\"\" class=\"wp-image-5549\" style=\"width:250px\" srcset=\"https:\/\/4manpro.com\/SPA\/wp-content\/uploads\/2024\/03\/Serie-ISHAN.jpg 827w, https:\/\/4manpro.com\/SPA\/wp-content\/uploads\/2024\/03\/Serie-ISHAN-300x300.jpg 300w, https:\/\/4manpro.com\/SPA\/wp-content\/uploads\/2024\/03\/Serie-ISHAN-150x150.jpg 150w, https:\/\/4manpro.com\/SPA\/wp-content\/uploads\/2024\/03\/Serie-ISHAN-768x768.jpg 768w\" sizes=\"auto, (max-width: 827px) 100vw, 827px\" \/><\/figure><\/div>\n<\/div>\n\n\n<hr class=\"is-style-dots wp-block-separator alignwide has-alpha-channel-opacity eplus-wrapper\"\/>\n\n\n<p class=\"has-background-color has-text-color has-background has-link-color eplus-wrapper wp-elements-deb564ce8659e6893be2db76c265355b eplus-styles-uid-42d685 wp-block-paragraph\" style=\"background-color:#8c8c8c\">UNIDADES DE LUBRICACI\u00d3N POR GRASA<\/p>\n\n\n<div style=\"height:15px\" aria-hidden=\"true\" class=\" wp-block-spacer eplus-wrapper\"><\/div>\n\n\n<div class=\"wp-block-columns eplus-wrapper is-layout-flex wp-container-core-columns-is-layout-f56f613f wp-block-columns-is-layout-flex eplus-styles-uid-3fec15\">\n<div class=\"wp-block-column eplus-wrapper is-layout-flow wp-block-column-is-layout-flow\" style=\"flex-basis:300px\"><figure class=\" wp-block-image aligncenter is-resized eplus-wrapper eplus-styles-uid-c73b55\"><img loading=\"lazy\" decoding=\"async\" width=\"827\" height=\"827\" src=\"https:\/\/4manpro.com\/SPA\/wp-content\/uploads\/2024\/03\/Serie-ISH-YGL-S.jpg\" alt=\"\" class=\"wp-image-5383\" style=\"width:250px\" srcset=\"https:\/\/4manpro.com\/SPA\/wp-content\/uploads\/2024\/03\/Serie-ISH-YGL-S.jpg 827w, https:\/\/4manpro.com\/SPA\/wp-content\/uploads\/2024\/03\/Serie-ISH-YGL-S-300x300.jpg 300w, https:\/\/4manpro.com\/SPA\/wp-content\/uploads\/2024\/03\/Serie-ISH-YGL-S-150x150.jpg 150w, https:\/\/4manpro.com\/SPA\/wp-content\/uploads\/2024\/03\/Serie-ISH-YGL-S-768x768.jpg 768w\" sizes=\"auto, (max-width: 827px) 100vw, 827px\" \/><\/figure><\/div>\n\n\n\n<div class=\"wp-block-column eplus-wrapper is-layout-flow wp-block-column-is-layout-flow\" style=\"flex-basis:15px\"><\/div>\n\n\n\n<div class=\"wp-block-column is-vertically-aligned-center eplus-wrapper is-layout-flow wp-block-column-is-layout-flow\" style=\"flex-basis:300px\"><ul class=\" wp-block-list eplus-wrapper eplus-styles-uid-2e9025\"><li class=\" eplus-wrapper eplus-styles-uid-4f68c6\"><mark style=\"background-color:rgba(0, 0, 0, 0)\" class=\"has-inline-color has-foreground-color\"><a href=\"https:\/\/4manpro.com\/SPA\/lubricacion-centralizada\/sistemas-de-resistencia-ishan\/ish-ygl-s\/\" data-type=\"page\" data-id=\"5935\">SERIE <\/a><\/mark><strong><a href=\"https:\/\/4manpro.com\/SPA\/lubricacion-centralizada\/sistemas-de-resistencia-ishan\/ish-ygl-s\/\" data-type=\"page\" data-id=\"5935\"><mark style=\"background-color:rgba(0, 0, 0, 0);color:#0a4777\" class=\"has-inline-color\">ISH YGL-S<\/mark><\/a><\/strong><\/li><\/ul><\/div>\n<\/div>\n\n\n<hr class=\"is-style-dots wp-block-separator alignwide has-alpha-channel-opacity eplus-wrapper\"\/>\n\n\n<p class=\"has-background-color has-text-color has-background has-link-color eplus-wrapper wp-elements-17262496bb40b4efdfdd09bab2309799 eplus-styles-uid-42d685 wp-block-paragraph\" style=\"background-color:#8c8c8c\">DISTRIBUIDORES DE GRASA POR PIST\u00d3N<\/p>\n\n\n<div style=\"height:15px\" aria-hidden=\"true\" class=\" wp-block-spacer eplus-wrapper\"><\/div>\n\n\n<div class=\"wp-block-columns eplus-wrapper is-layout-flex wp-container-core-columns-is-layout-f56f613f wp-block-columns-is-layout-flex eplus-styles-uid-779b73\">\n<div class=\"wp-block-column is-vertically-aligned-center eplus-wrapper is-layout-flow wp-block-column-is-layout-flow\" style=\"flex-basis:250px\"><ul class=\" wp-block-list eplus-wrapper eplus-styles-uid-27c87b\">\n<li class=\" eplus-wrapper\"><mark style=\"background-color:rgba(0, 0, 0, 0)\" class=\"has-inline-color has-foreground-color\"><a href=\"https:\/\/4manpro.com\/SPA\/lubricacion-centralizada\/sistemas-de-resistencia-ishan\/serie-ish-dg-2\/\" data-type=\"page\" data-id=\"5874\">SERIE <\/a><\/mark><strong><a href=\"https:\/\/4manpro.com\/SPA\/lubricacion-centralizada\/sistemas-de-resistencia-ishan\/serie-ish-dg-2\/\" data-type=\"page\" data-id=\"5874\"><mark style=\"background-color:rgba(0, 0, 0, 0);color:#0a4777\" class=\"has-inline-color\">ISH DG<\/mark><\/a><\/strong><\/li>\n\n\n\n<li class=\" eplus-wrapper\"><mark style=\"background-color:rgba(0, 0, 0, 0)\" class=\"has-inline-color has-foreground-color\"><a href=\"https:\/\/4manpro.com\/SPA\/lubricacion-centralizada\/sistemas-de-resistencia-ishan\/serie-ish-du\/\" data-type=\"page\" data-id=\"5773\">SERIE <\/a><\/mark><strong><a href=\"https:\/\/4manpro.com\/SPA\/lubricacion-centralizada\/sistemas-de-resistencia-ishan\/serie-ish-du\/\" data-type=\"page\" data-id=\"5773\"><mark style=\"background-color:rgba(0, 0, 0, 0);color:#0a4777\" class=\"has-inline-color\">ISH DU<\/mark><\/a><\/strong><\/li>\n<\/ul><\/div>\n\n\n\n<div class=\"wp-block-column eplus-wrapper is-layout-flow wp-block-column-is-layout-flow\" style=\"flex-basis:300px\">\n<figure class=\" wp-block-image size-full is-resized eplus-wrapper\"><img loading=\"lazy\" decoding=\"async\" width=\"827\" height=\"827\" src=\"https:\/\/4manpro.com\/SPA\/wp-content\/uploads\/2024\/03\/Serie-ISHAN.jpg\" alt=\"\" class=\"wp-image-5549\" style=\"width:250px\" srcset=\"https:\/\/4manpro.com\/SPA\/wp-content\/uploads\/2024\/03\/Serie-ISHAN.jpg 827w, https:\/\/4manpro.com\/SPA\/wp-content\/uploads\/2024\/03\/Serie-ISHAN-300x300.jpg 300w, https:\/\/4manpro.com\/SPA\/wp-content\/uploads\/2024\/03\/Serie-ISHAN-150x150.jpg 150w, https:\/\/4manpro.com\/SPA\/wp-content\/uploads\/2024\/03\/Serie-ISHAN-768x768.jpg 768w\" sizes=\"auto, (max-width: 827px) 100vw, 827px\" \/><\/figure>\n<\/div>\n<\/div>","protected":false},"excerpt":{"rendered":"<p>UNIDADES DE LUBRICACI\u00d3N DISTRIBUIDORES DE ACEITE POR PIST\u00d3N UNIDADES DE LUBRICACI\u00d3N POR GRASA DISTRIBUIDORES DE GRASA POR PIST\u00d3N<\/p>\n","protected":false},"author":1,"featured_media":0,"parent":107,"menu_order":0,"comment_status":"closed","ping_status":"closed","template":"principal-cuadros-individuales-2","meta":{"_crdt_document":"","editor_plus_copied_stylings":"{}","footnotes":""},"class_list":["post-6130","page","type-page","status-publish","hentry"],"_links":{"self":[{"href":"https:\/\/4manpro.com\/SPA\/wp-json\/wp\/v2\/pages\/6130","targetHints":{"allow":["GET"]}}],"collection":[{"href":"https:\/\/4manpro.com\/SPA\/wp-json\/wp\/v2\/pages"}],"about":[{"href":"https:\/\/4manpro.com\/SPA\/wp-json\/wp\/v2\/types\/page"}],"author":[{"embeddable":true,"href":"https:\/\/4manpro.com\/SPA\/wp-json\/wp\/v2\/users\/1"}],"replies":[{"embeddable":true,"href":"https:\/\/4manpro.com\/SPA\/wp-json\/wp\/v2\/comments?post=6130"}],"version-history":[{"count":112,"href":"https:\/\/4manpro.com\/SPA\/wp-json\/wp\/v2\/pages\/6130\/revisions"}],"predecessor-version":[{"id":29323,"href":"https:\/\/4manpro.com\/SPA\/wp-json\/wp\/v2\/pages\/6130\/revisions\/29323"}],"up":[{"embeddable":true,"href":"https:\/\/4manpro.com\/SPA\/wp-json\/wp\/v2\/pages\/107"}],"wp:attachment":[{"href":"https:\/\/4manpro.com\/SPA\/wp-json\/wp\/v2\/media?parent=6130"}],"curies":[{"name":"wp","href":"https:\/\/api.w.org\/{rel}","templated":true}]}}