{"id":5773,"date":"2024-03-27T13:18:37","date_gmt":"2024-03-27T19:18:37","guid":{"rendered":"https:\/\/4manpro.com\/SPA\/?page_id=5773"},"modified":"2025-10-22T19:59:11","modified_gmt":"2025-10-23T01:59:11","slug":"serie-ish-du","status":"publish","type":"page","link":"https:\/\/4manpro.com\/SPA\/lubricacion-centralizada\/sistemas-de-resistencia-ishan\/serie-ish-du\/","title":{"rendered":"Serie ISH DU"},"content":{"rendered":"\n<div class=\"wp-block-buttons alignwide eplus-wrapper is-content-justification-space-between is-layout-flex wp-container-core-buttons-is-layout-0e410d50 wp-block-buttons-is-layout-flex\"><div class=\" wp-block-button has-custom-width wp-block-button__width-25 eplus-wrapper eplus-styles-uid-aaa74a\"><a class=\"wp-block-button__link has-foreground-color has-text-color has-background has-link-color wp-element-button\" href=\"https:\/\/4manpro.com\/SPA\/home\/lubricacion-centralizada\/\" style=\"background-color:#999999\">PRINCIPAL<\/a><\/div>\n\n<div class=\" wp-block-button has-custom-width wp-block-button__width-25 eplus-wrapper eplus-styles-uid-e5d27e\"><a class=\"wp-block-button__link has-background-color has-background-background-color has-text-color has-background has-link-color wp-element-button\" href=\"https:\/\/4manpro.com\/SPA\/lubricacion-centralizada\/sistemas-de-resistencia-ishan\/\"><mark style=\"background-color:rgba(0, 0, 0, 0)\" class=\"has-inline-color has-foreground-color\">ATR\u00c1S<\/mark><\/a><\/div>\n\n<div class=\" wp-block-button has-custom-width wp-block-button__width-25 eplus-wrapper eplus-styles-uid-a118fc\"><a class=\"wp-block-button__link has-background-color has-text-color has-background has-link-color wp-element-button\" href=\"https:\/\/www.4manpro.com\/princ-2\/centralized-lubricating-systems\/volumetric-lubrication-systems-ishan\/ish-du-series\/\" style=\"background-color:#ff7805\">ENGLISH<\/a><\/div><\/div>\n\n\n\n<figure class=\" wp-block-image alignwide size-full eplus-wrapper\"><img loading=\"lazy\" decoding=\"async\" width=\"2560\" height=\"453\" src=\"https:\/\/4manpro.com\/SPA\/wp-content\/uploads\/2024\/09\/Serie-ISH-DU-scaled.jpg\" alt=\"\" class=\"wp-image-18190\" srcset=\"https:\/\/4manpro.com\/SPA\/wp-content\/uploads\/2024\/09\/Serie-ISH-DU-scaled.jpg 2560w, https:\/\/4manpro.com\/SPA\/wp-content\/uploads\/2024\/09\/Serie-ISH-DU-300x53.jpg 300w, https:\/\/4manpro.com\/SPA\/wp-content\/uploads\/2024\/09\/Serie-ISH-DU-1024x181.jpg 1024w, https:\/\/4manpro.com\/SPA\/wp-content\/uploads\/2024\/09\/Serie-ISH-DU-768x136.jpg 768w, https:\/\/4manpro.com\/SPA\/wp-content\/uploads\/2024\/09\/Serie-ISH-DU-1536x272.jpg 1536w, https:\/\/4manpro.com\/SPA\/wp-content\/uploads\/2024\/09\/Serie-ISH-DU-2048x362.jpg 2048w\" sizes=\"auto, (max-width: 2560px) 100vw, 2560px\" \/><\/figure>\n\n\n\n<hr class=\" wp-block-separator has-alpha-channel-opacity eplus-wrapper\"\/>\n\n\n\n<div class=\"wp-block-group alignwide eplus-wrapper is-layout-constrained wp-block-group-is-layout-constrained\"><figure class=\" wp-block-image alignleft size-full is-resized eplus-wrapper eplus-styles-uid-c73b55\"><img loading=\"lazy\" decoding=\"async\" width=\"2560\" height=\"2560\" src=\"https:\/\/4manpro.com\/SPA\/wp-content\/uploads\/2024\/09\/Logo-4-Blue-CHANDOX-II-NEGRO-scaled.jpg\" alt=\"\" class=\"wp-image-16837\" style=\"width:200px\" srcset=\"https:\/\/4manpro.com\/SPA\/wp-content\/uploads\/2024\/09\/Logo-4-Blue-CHANDOX-II-NEGRO-scaled.jpg 2560w, https:\/\/4manpro.com\/SPA\/wp-content\/uploads\/2024\/09\/Logo-4-Blue-CHANDOX-II-NEGRO-300x300.jpg 300w, https:\/\/4manpro.com\/SPA\/wp-content\/uploads\/2024\/09\/Logo-4-Blue-CHANDOX-II-NEGRO-1024x1024.jpg 1024w, https:\/\/4manpro.com\/SPA\/wp-content\/uploads\/2024\/09\/Logo-4-Blue-CHANDOX-II-NEGRO-150x150.jpg 150w, https:\/\/4manpro.com\/SPA\/wp-content\/uploads\/2024\/09\/Logo-4-Blue-CHANDOX-II-NEGRO-768x768.jpg 768w, https:\/\/4manpro.com\/SPA\/wp-content\/uploads\/2024\/09\/Logo-4-Blue-CHANDOX-II-NEGRO-1536x1536.jpg 1536w, https:\/\/4manpro.com\/SPA\/wp-content\/uploads\/2024\/09\/Logo-4-Blue-CHANDOX-II-NEGRO-2048x2048.jpg 2048w\" sizes=\"auto, (max-width: 2560px) 100vw, 2560px\" \/><\/figure><\/div>\n\n\n<p class=\"eplus-wrapper eplus-styles-uid-cb9986 wp-block-paragraph\">Los <em><mark style=\"background-color:rgba(0, 0, 0, 0);color:#ff7805\" class=\"has-inline-color\"><strong>Distribuidores Progresivos De Grasa<\/strong><\/mark><\/em> de la marca <strong><em><mark style=\"background-color:rgba(0, 0, 0, 0);color:#0a4777\" class=\"has-inline-color\">IShan<sup>\u00ae<\/sup><\/mark> <\/em><\/strong>representan una innovaci\u00f3n trascendental en la industria de la lubricaci\u00f3n industrial. Dise\u00f1ados con <em>precisi\u00f3n <\/em>y <em>fiabilidad <\/em>incomparables, estos sistemas ofrecen una distribuci\u00f3n eficiente y controlada de lubricantes en maquinaria de alto rendimiento.<\/p>\n\n<p class=\"eplus-wrapper eplus-styles-uid-cb9986 wp-block-paragraph\">La ingenier\u00eda sofisticada detr\u00e1s de los distribuidores progresivos de grasa <strong><mark style=\"background-color:rgba(0, 0, 0, 0);color:#0a4777\" class=\"has-inline-color\"><em>IShan<sup>\u00ae<\/sup><\/em> <\/mark><\/strong>garantiza una aplicaci\u00f3n uniforme y consistente de lubricante, contribuyendo as\u00ed a la prolongaci\u00f3n de la vida \u00fatil de los equipos, la reducci\u00f3n de costos operativos y la optimizaci\u00f3n de la productividad.<\/p>\n\n<p class=\"eplus-wrapper eplus-styles-uid-cb9986 wp-block-paragraph\">Con tecnolog\u00eda de vanguardia y materiales de alta calidad, los distribuidores progresivos de grasa Ishan son la elecci\u00f3n preferida para aquellos que buscan maximizar el rendimiento de sus activos industriales. <\/p>\n\n<p class=\"eplus-wrapper eplus-styles-uid-cb9986 wp-block-paragraph\">Su capacidad para adaptarse a entornos exigentes y operar de manera confiable en condiciones extremas los convierte en una soluci\u00f3n indispensable para empresas que priorizan la eficiencia y el mantenimiento preventivo. <\/p>\n\n\n<div class=\"wp-block-group alignwide eplus-wrapper is-layout-constrained wp-block-group-is-layout-constrained\"><figure class=\" wp-block-image alignleft size-full is-resized eplus-wrapper eplus-styles-uid-091a76\"><img loading=\"lazy\" decoding=\"async\" width=\"2560\" height=\"2560\" src=\"https:\/\/4manpro.com\/SPA\/wp-content\/uploads\/2024\/09\/Logo-4-Blue-CHANDOX-Cuadro-scaled.jpg\" alt=\"\" class=\"wp-image-16835\" style=\"width:200px\" srcset=\"https:\/\/4manpro.com\/SPA\/wp-content\/uploads\/2024\/09\/Logo-4-Blue-CHANDOX-Cuadro-scaled.jpg 2560w, https:\/\/4manpro.com\/SPA\/wp-content\/uploads\/2024\/09\/Logo-4-Blue-CHANDOX-Cuadro-300x300.jpg 300w, https:\/\/4manpro.com\/SPA\/wp-content\/uploads\/2024\/09\/Logo-4-Blue-CHANDOX-Cuadro-1024x1024.jpg 1024w, https:\/\/4manpro.com\/SPA\/wp-content\/uploads\/2024\/09\/Logo-4-Blue-CHANDOX-Cuadro-150x150.jpg 150w, https:\/\/4manpro.com\/SPA\/wp-content\/uploads\/2024\/09\/Logo-4-Blue-CHANDOX-Cuadro-768x768.jpg 768w, https:\/\/4manpro.com\/SPA\/wp-content\/uploads\/2024\/09\/Logo-4-Blue-CHANDOX-Cuadro-1536x1536.jpg 1536w, https:\/\/4manpro.com\/SPA\/wp-content\/uploads\/2024\/09\/Logo-4-Blue-CHANDOX-Cuadro-2048x2048.jpg 2048w\" sizes=\"auto, (max-width: 2560px) 100vw, 2560px\" \/><\/figure><\/div>\n\n\n<p class=\"eplus-wrapper eplus-styles-uid-cb9986 wp-block-paragraph\">En resumen, los distribuidores progresivos de grasa de la marca <strong><mark style=\"background-color:rgba(0, 0, 0, 0);color:#0a4777\" class=\"has-inline-color\"><em>IShan<sup>\u00ae<\/sup><\/em><\/mark><\/strong> encarnan la excelencia en lubricaci\u00f3n industrial y representan un est\u00e1ndar de calidad inigualable en el mercado actual.<\/p>\n\n<p class=\"eplus-wrapper eplus-styles-uid-cb9986 wp-block-paragraph\">La <em>SERIE <strong><mark style=\"background-color:rgba(0, 0, 0, 0);color:#0a4777\" class=\"has-inline-color\">ISH DU<\/mark><\/strong><\/em> de <em><mark style=\"background-color:rgba(0, 0, 0, 0);color:#ff7805\" class=\"has-inline-color\">Distribuidores Progresivos De Grasa<\/mark><\/em>, cuentan con dos versiones, una versi\u00f3n con <em>Interruptor  De Detecci\u00f3n De Flujo De Grasa<\/em> y otra versi\u00f3n que no lo incluye.<\/p>\n\n<p class=\"eplus-wrapper eplus-styles-uid-21327e wp-block-paragraph\">Los elementos que componen esta serie son los siguientes:<\/p>\n\n\n<hr class=\"is-style-dots wp-block-separator has-alpha-channel-opacity eplus-wrapper\"\/>\n\n\n<p class=\"has-text-align-center has-background-color has-text-color has-background has-link-color eplus-wrapper wp-elements-1335a64af8e228ec8a8487c70e2466c7 eplus-styles-uid-86d147 wp-block-paragraph\" style=\"background-color:#696969\">DISTRIBUIDORES PROGRESIVOS DE GRASA CON INTERRUPTOR DE DETECCI\u00d3N DE FLUJO DE GRASA<\/p>\n\n\n<div class=\" wp-block-media-text has-media-on-the-right is-stacked-on-mobile is-vertically-aligned-center eplus-wrapper\" style=\"grid-template-columns:auto 40%\"><div class=\"wp-block-media-text__content\"><ul class=\" wp-block-list eplus-wrapper eplus-styles-uid-f58980\">\n<li class=\" eplus-wrapper\"><em><a href=\"https:\/\/4manpro.com\/SPA\/lubricacion-centralizada\/sistemas-de-resistencia-ishan\/serie-ish-du\/ish-du-4p\/\" data-type=\"page\" data-id=\"5798\">ISH <strong><mark style=\"background-color:rgba(0, 0, 0, 0);color:#ff7805\" class=\"has-inline-color\">DU-4P<\/mark><\/strong><\/a><\/em><\/li>\n\n\n\n<li class=\" eplus-wrapper\"><em><a href=\"https:\/\/4manpro.com\/SPA\/lubricacion-centralizada\/sistemas-de-resistencia-ishan\/serie-ish-du\/ish-du-6p\/\" data-type=\"page\" data-id=\"5806\">ISH <strong><mark style=\"background-color:rgba(0, 0, 0, 0);color:#ff7805\" class=\"has-inline-color\">DU-6P<\/mark><\/strong><\/a><\/em><\/li>\n\n\n\n<li class=\" eplus-wrapper\"><em><a href=\"https:\/\/4manpro.com\/SPA\/lubricacion-centralizada\/sistemas-de-resistencia-ishan\/serie-ish-du\/ish-du-8p\/\" data-type=\"page\" data-id=\"5812\">ISH <strong><mark style=\"background-color:rgba(0, 0, 0, 0);color:#ff7805\" class=\"has-inline-color\">DU-8P<\/mark><\/strong><\/a><\/em><\/li>\n\n\n\n<li class=\" eplus-wrapper\"><em><a href=\"https:\/\/4manpro.com\/SPA\/lubricacion-centralizada\/sistemas-de-resistencia-ishan\/serie-ish-du\/ish-du-10p\/\" data-type=\"page\" data-id=\"5818\">ISH <strong><mark style=\"background-color:rgba(0, 0, 0, 0);color:#ff7805\" class=\"has-inline-color\">DU-10P<\/mark><\/strong><\/a><\/em><\/li>\n\n\n\n<li class=\" eplus-wrapper\"><em><a href=\"https:\/\/4manpro.com\/SPA\/lubricacion-centralizada\/sistemas-de-resistencia-ishan\/serie-ish-du\/ish-du-12p\/\" data-type=\"page\" data-id=\"5826\">ISH <strong><mark style=\"background-color:rgba(0, 0, 0, 0);color:#ff7805\" class=\"has-inline-color\">DU-12P<\/mark><\/strong><\/a><\/em><\/li>\n<\/ul><\/div><figure class=\"wp-block-media-text__media\"><img loading=\"lazy\" decoding=\"async\" width=\"827\" height=\"827\" src=\"https:\/\/4manpro.com\/SPA\/wp-content\/uploads\/2024\/03\/Serie-ISH-DG-CON.jpg\" alt=\"\" class=\"wp-image-5782 size-full\" srcset=\"https:\/\/4manpro.com\/SPA\/wp-content\/uploads\/2024\/03\/Serie-ISH-DG-CON.jpg 827w, https:\/\/4manpro.com\/SPA\/wp-content\/uploads\/2024\/03\/Serie-ISH-DG-CON-300x300.jpg 300w, https:\/\/4manpro.com\/SPA\/wp-content\/uploads\/2024\/03\/Serie-ISH-DG-CON-150x150.jpg 150w, https:\/\/4manpro.com\/SPA\/wp-content\/uploads\/2024\/03\/Serie-ISH-DG-CON-768x768.jpg 768w\" sizes=\"auto, (max-width: 827px) 100vw, 827px\" \/><\/figure><\/div>\n\n\n\n<hr class=\"is-style-dots wp-block-separator has-alpha-channel-opacity eplus-wrapper\"\/>\n\n\n<p class=\"has-text-align-center has-background-color has-text-color has-background has-link-color eplus-wrapper wp-elements-8bdd9ae124ac7c365a61a1596cf4bd30 eplus-styles-uid-86d147 wp-block-paragraph\" style=\"background-color:#696969\">DISTRIBUIDORES PROGRESIVOS DE GRASA SIN INTERRUPTOR DE DETECCI\u00d3N DE FLUJO DE GRASA<\/p>\n\n\n<div class=\" wp-block-media-text is-stacked-on-mobile eplus-wrapper\" style=\"grid-template-columns:40% auto\"><figure class=\"wp-block-media-text__media\"><img loading=\"lazy\" decoding=\"async\" width=\"827\" height=\"827\" src=\"https:\/\/4manpro.com\/SPA\/wp-content\/uploads\/2024\/03\/Serie-ISH-DG-CON.jpg\" alt=\"\" class=\"wp-image-5782 size-full\" srcset=\"https:\/\/4manpro.com\/SPA\/wp-content\/uploads\/2024\/03\/Serie-ISH-DG-CON.jpg 827w, https:\/\/4manpro.com\/SPA\/wp-content\/uploads\/2024\/03\/Serie-ISH-DG-CON-300x300.jpg 300w, https:\/\/4manpro.com\/SPA\/wp-content\/uploads\/2024\/03\/Serie-ISH-DG-CON-150x150.jpg 150w, https:\/\/4manpro.com\/SPA\/wp-content\/uploads\/2024\/03\/Serie-ISH-DG-CON-768x768.jpg 768w\" sizes=\"auto, (max-width: 827px) 100vw, 827px\" \/><\/figure><div class=\"wp-block-media-text__content\"><div class=\"wp-block-columns eplus-wrapper is-layout-flex wp-container-core-columns-is-layout-f56f613f wp-block-columns-is-layout-flex eplus-styles-uid-2496c9\">\n<div class=\"wp-block-column eplus-wrapper is-layout-flow wp-block-column-is-layout-flow\" style=\"flex-basis:33.33%\"><\/div>\n\n\n\n<div class=\"wp-block-column is-vertically-aligned-center eplus-wrapper is-layout-flow wp-block-column-is-layout-flow\" style=\"flex-basis:66.66%\"><ul class=\" wp-block-list eplus-wrapper eplus-styles-uid-c12697\">\n<li class=\" eplus-wrapper\"><em><a href=\"https:\/\/4manpro.com\/SPA\/lubricacion-centralizada\/sistemas-de-resistencia-ishan\/serie-ish-du\/ish-du-4t\/\" data-type=\"page\" data-id=\"5837\">ISH <strong><mark style=\"background-color:rgba(0, 0, 0, 0);color:#ff7805\" class=\"has-inline-color\">DU-4T<\/mark><\/strong><\/a><\/em><\/li>\n\n\n\n<li class=\" eplus-wrapper\"><em><a href=\"https:\/\/4manpro.com\/SPA\/lubricacion-centralizada\/sistemas-de-resistencia-ishan\/serie-ish-du\/ish-du-6t\/\" data-type=\"page\" data-id=\"5843\">ISH <strong><mark style=\"background-color:rgba(0, 0, 0, 0);color:#ff7805\" class=\"has-inline-color\">DU-6T<\/mark><\/strong><\/a><\/em><\/li>\n\n\n\n<li class=\" eplus-wrapper\"><em><a href=\"https:\/\/4manpro.com\/SPA\/lubricacion-centralizada\/sistemas-de-resistencia-ishan\/serie-ish-du\/ish-du-8t\/\" data-type=\"page\" data-id=\"5849\">ISH <strong><mark style=\"background-color:rgba(0, 0, 0, 0);color:#ff7805\" class=\"has-inline-color\">DU-8T<\/mark><\/strong><\/a><\/em><\/li>\n\n\n\n<li class=\" eplus-wrapper\"><em><a href=\"https:\/\/4manpro.com\/SPA\/lubricacion-centralizada\/sistemas-de-resistencia-ishan\/serie-ish-du\/ish-du-10t\/\" data-type=\"page\" data-id=\"5855\">ISH <strong><mark style=\"background-color:rgba(0, 0, 0, 0);color:#ff7805\" class=\"has-inline-color\">DU-10T<\/mark><\/strong><\/a><\/em><\/li>\n\n\n\n<li class=\" eplus-wrapper\"><em><a href=\"https:\/\/4manpro.com\/SPA\/lubricacion-centralizada\/sistemas-de-resistencia-ishan\/serie-ish-du\/ish-du-12t\/\" data-type=\"page\" data-id=\"5861\">ISH <strong><mark style=\"background-color:rgba(0, 0, 0, 0);color:#ff7805\" class=\"has-inline-color\">DU-12T<\/mark><\/strong><\/a><\/em><\/li>\n<\/ul><\/div>\n<\/div><\/div><\/div>\n","protected":false},"excerpt":{"rendered":"<p>Los Distribuidores Progresivos De Grasa de la marca IShan\u00ae representan una innovaci\u00f3n trascendental en la industria de la lubricaci\u00f3n industrial. Dise\u00f1ados con precisi\u00f3n y fiabilidad incomparables, estos sistemas ofrecen una distribuci\u00f3n eficiente y controlada de lubricantes en maquinaria de alto rendimiento. La ingenier\u00eda sofisticada detr\u00e1s de los distribuidores progresivos de grasa IShan\u00ae garantiza una aplicaci\u00f3n [&hellip;]<\/p>\n","protected":false},"author":1,"featured_media":0,"parent":6130,"menu_order":0,"comment_status":"closed","ping_status":"closed","template":"principal-cuadros-individuales-2","meta":{"_crdt_document":"","editor_plus_copied_stylings":"{}","footnotes":""},"class_list":["post-5773","page","type-page","status-publish","hentry"],"_links":{"self":[{"href":"https:\/\/4manpro.com\/SPA\/wp-json\/wp\/v2\/pages\/5773","targetHints":{"allow":["GET"]}}],"collection":[{"href":"https:\/\/4manpro.com\/SPA\/wp-json\/wp\/v2\/pages"}],"about":[{"href":"https:\/\/4manpro.com\/SPA\/wp-json\/wp\/v2\/types\/page"}],"author":[{"embeddable":true,"href":"https:\/\/4manpro.com\/SPA\/wp-json\/wp\/v2\/users\/1"}],"replies":[{"embeddable":true,"href":"https:\/\/4manpro.com\/SPA\/wp-json\/wp\/v2\/comments?post=5773"}],"version-history":[{"count":37,"href":"https:\/\/4manpro.com\/SPA\/wp-json\/wp\/v2\/pages\/5773\/revisions"}],"predecessor-version":[{"id":29317,"href":"https:\/\/4manpro.com\/SPA\/wp-json\/wp\/v2\/pages\/5773\/revisions\/29317"}],"up":[{"embeddable":true,"href":"https:\/\/4manpro.com\/SPA\/wp-json\/wp\/v2\/pages\/6130"}],"wp:attachment":[{"href":"https:\/\/4manpro.com\/SPA\/wp-json\/wp\/v2\/media?parent=5773"}],"curies":[{"name":"wp","href":"https:\/\/api.w.org\/{rel}","templated":true}]}}