{"id":5568,"date":"2024-03-26T18:20:46","date_gmt":"2024-03-27T00:20:46","guid":{"rendered":"https:\/\/4manpro.com\/SPA\/?page_id=5568"},"modified":"2025-08-22T19:32:22","modified_gmt":"2025-08-23T01:32:22","slug":"serie-ish-dt","status":"publish","type":"page","link":"https:\/\/4manpro.com\/SPA\/lubricacion-centralizada\/serie-ish-dt\/","title":{"rendered":"Serie ISH DT"},"content":{"rendered":"\n<div class=\"wp-block-buttons alignwide eplus-wrapper is-content-justification-space-between is-layout-flex wp-container-core-buttons-is-layout-0e410d50 wp-block-buttons-is-layout-flex\"><div class=\" wp-block-button has-custom-width wp-block-button__width-25 eplus-wrapper eplus-styles-uid-b6b619\"><a class=\"wp-block-button__link has-foreground-color has-text-color has-background has-link-color wp-element-button\" href=\"https:\/\/4manpro.com\/SPA\/\" style=\"background-color:#999999\">PRINCIPAL<\/a><\/div>\n\n<div class=\" wp-block-button has-custom-width wp-block-button__width-25 eplus-wrapper eplus-styles-uid-fb56cc\"><a class=\"wp-block-button__link has-background-color has-background-background-color has-text-color has-background has-link-color wp-element-button\" href=\"https:\/\/4manpro.com\/SPA\/lubricacion-centralizada\/sistemas-de-resistencia-ishan\/\"><mark style=\"background-color:rgba(0, 0, 0, 0)\" class=\"has-inline-color has-foreground-color\">ATR\u00c1S<\/mark><\/a><\/div>\n\n<div class=\" wp-block-button has-custom-width wp-block-button__width-25 eplus-wrapper eplus-styles-uid-50731a\"><a class=\"wp-block-button__link has-background-color has-text-color has-background has-link-color wp-element-button\" href=\"https:\/\/www.4manpro.com\/princ-2\/centralized-lubricating-systems\/ish-dt\/\" style=\"background-color:#ff7805\">ENGLISH<\/a><\/div><\/div>\n\n\n\n<figure class=\" wp-block-image alignwide size-large eplus-wrapper\"><img loading=\"lazy\" decoding=\"async\" width=\"1024\" height=\"181\" src=\"https:\/\/4manpro.com\/SPA\/wp-content\/uploads\/2024\/09\/Serie-ISH-DT-1024x181.jpg\" alt=\"\" class=\"wp-image-18120\" srcset=\"https:\/\/4manpro.com\/SPA\/wp-content\/uploads\/2024\/09\/Serie-ISH-DT-1024x181.jpg 1024w, https:\/\/4manpro.com\/SPA\/wp-content\/uploads\/2024\/09\/Serie-ISH-DT-300x53.jpg 300w, https:\/\/4manpro.com\/SPA\/wp-content\/uploads\/2024\/09\/Serie-ISH-DT-768x136.jpg 768w, https:\/\/4manpro.com\/SPA\/wp-content\/uploads\/2024\/09\/Serie-ISH-DT-1536x272.jpg 1536w, https:\/\/4manpro.com\/SPA\/wp-content\/uploads\/2024\/09\/Serie-ISH-DT-2048x362.jpg 2048w\" sizes=\"auto, (max-width: 1024px) 100vw, 1024px\" \/><\/figure>\n\n\n\n<hr class=\" wp-block-separator has-alpha-channel-opacity eplus-wrapper\"\/>\n\n\n\n<div class=\"wp-block-group alignwide eplus-wrapper is-layout-constrained wp-block-group-is-layout-constrained\"><figure class=\" wp-block-image alignleft size-full is-resized eplus-wrapper eplus-styles-uid-a2ca16\"><img loading=\"lazy\" decoding=\"async\" width=\"2560\" height=\"2560\" src=\"https:\/\/4manpro.com\/SPA\/wp-content\/uploads\/2024\/09\/Logo-4-Blue-CHANDOX-II-NEGRO-scaled.jpg\" alt=\"\" class=\"wp-image-16837\" style=\"width:200px\" srcset=\"https:\/\/4manpro.com\/SPA\/wp-content\/uploads\/2024\/09\/Logo-4-Blue-CHANDOX-II-NEGRO-scaled.jpg 2560w, https:\/\/4manpro.com\/SPA\/wp-content\/uploads\/2024\/09\/Logo-4-Blue-CHANDOX-II-NEGRO-300x300.jpg 300w, https:\/\/4manpro.com\/SPA\/wp-content\/uploads\/2024\/09\/Logo-4-Blue-CHANDOX-II-NEGRO-1024x1024.jpg 1024w, https:\/\/4manpro.com\/SPA\/wp-content\/uploads\/2024\/09\/Logo-4-Blue-CHANDOX-II-NEGRO-150x150.jpg 150w, https:\/\/4manpro.com\/SPA\/wp-content\/uploads\/2024\/09\/Logo-4-Blue-CHANDOX-II-NEGRO-768x768.jpg 768w, https:\/\/4manpro.com\/SPA\/wp-content\/uploads\/2024\/09\/Logo-4-Blue-CHANDOX-II-NEGRO-1536x1536.jpg 1536w, https:\/\/4manpro.com\/SPA\/wp-content\/uploads\/2024\/09\/Logo-4-Blue-CHANDOX-II-NEGRO-2048x2048.jpg 2048w\" sizes=\"auto, (max-width: 2560px) 100vw, 2560px\" \/><\/figure><\/div>\n\n\n<p class=\"eplus-wrapper eplus-styles-uid-a684f1 wp-block-paragraph\">Los <strong><em>Sistemas De Prelubricaci\u00f3n<\/em><\/strong> manejados por <mark style=\"background-color:rgba(0, 0, 0, 0);color:#ff7805\" class=\"has-inline-color\"><strong>4ManPro<\/strong>\u00ae<\/mark> <em>(Elements For Manufacturing Processes) una <mark style=\"background-color:rgba(0, 0, 0, 0);color:#ff7805\" class=\"has-inline-color\">Hann Kuen Machinery &amp; Hardware, Co., Ltd. <\/mark><strong>BRANCH OFFICE<\/strong>,<\/em> son dispositivos dise\u00f1ados para asegurar una <em>adecuada lubricaci\u00f3n en maquinaria antes de su funcionamiento<\/em>. Estos sistemas garantizan la reducci\u00f3n del desgaste y la fricci\u00f3n en componentes cr\u00edticos, prolongando la vida \u00fatil de los equipos industriales.<\/p>\n\n<p class=\"eplus-wrapper eplus-styles-uid-a684f1 wp-block-paragraph\">Existen diferentes tipos de sistemas de prelubricaci\u00f3n, como los basados en bombas de aceite de alta presi\u00f3n controladas por sensores de temperatura y presi\u00f3n, o los sistemas de engrase autom\u00e1tico que distribuyen lubricante de manera automatizada a puntos espec\u00edficos de la maquinaria.<\/p>\n\n<p class=\"eplus-wrapper eplus-styles-uid-a684f1 wp-block-paragraph\">La prelubricaci\u00f3n es fundamental en ambientes donde las condiciones de operaci\u00f3n requieren una lubricaci\u00f3n inmediata y precisa, como en la industria automotriz, aeroespacial y de manufactura. Estos sistemas son clave para evitar da\u00f1os prematuros en rodamientos, ejes y otros componentes cruciales, optimizando la eficiencia y fiabilidad de los equipos.<\/p>\n\n<p class=\"eplus-wrapper eplus-styles-uid-a684f1 wp-block-paragraph\">En resumen, los sistemas de prelubricaci\u00f3n son esenciales para mantener el funcionamiento \u00f3ptimo de maquinaria industrial, minimizando costos de mantenimiento y tiempo de inactividad, garantizando operaciones seguras y eficientes.<\/p>\n\n<p class=\"eplus-wrapper eplus-styles-uid-a684f1 wp-block-paragraph\">Como parte esencial de estos <em><strong>Sistema De Prelubricaci\u00f3n<\/strong><\/em>, se encuentran los <em><mark style=\"background-color:rgba(0, 0, 0, 0);color:#ff7805\" class=\"has-inline-color\">Distribuidores De Prelubricaci\u00f3n<\/mark> de la <\/em><strong>SERIE <mark style=\"background-color:rgba(0, 0, 0, 0);color:#ff7805\" class=\"has-inline-color\">ISH DT<\/mark><\/strong>, para poder lograr la precisi\u00f3n requerida en cada uno de los puntos esenciales del sistema para poder asegurar el correcto funcionamiento y la larga vida de los elementos que lo componen.<\/p>\n\n<p class=\"eplus-wrapper eplus-styles-uid-a684f1 wp-block-paragraph\">Las caracter\u00edstica principales de estos dispositivos son las siguientes:<\/p>\n\n<ul class=\" wp-block-list eplus-wrapper eplus-styles-uid-d74bfe\"><li class=\" eplus-wrapper eplus-styles-uid-d1463a\">Se alimenta una cantidad de lubricante medida con precisi\u00f3n<\/li>\n\n<li class=\" eplus-wrapper eplus-styles-uid-d1463a\">Los puntos de lubricaci\u00f3n.<\/li>\n\n<li class=\" eplus-wrapper eplus-styles-uid-d1463a\">La viscosidad del <strong>aceite <\/strong>y el <strong>tiempo de lubricaci\u00f3n<\/strong> no afecta la cantidad medida del mismo.<\/li>\n\n<li class=\" eplus-wrapper eplus-styles-uid-d1463a\">Los lubricadores tienen una v\u00e1lvula de descarga que alivia la presi\u00f3n del lubricante en la l\u00ednea principal.<\/li><\/ul>\n\n\n<div class=\"wp-block-group alignwide eplus-wrapper is-layout-constrained wp-block-group-is-layout-constrained\"><figure class=\" wp-block-image alignright size-full is-resized eplus-wrapper eplus-styles-uid-e5fb8c\"><img loading=\"lazy\" decoding=\"async\" width=\"2560\" height=\"2560\" src=\"https:\/\/4manpro.com\/SPA\/wp-content\/uploads\/2024\/09\/Logo-4-Blue-CHANDOX-Cuadro-scaled.jpg\" alt=\"\" class=\"wp-image-16835\" style=\"width:200px\" srcset=\"https:\/\/4manpro.com\/SPA\/wp-content\/uploads\/2024\/09\/Logo-4-Blue-CHANDOX-Cuadro-scaled.jpg 2560w, https:\/\/4manpro.com\/SPA\/wp-content\/uploads\/2024\/09\/Logo-4-Blue-CHANDOX-Cuadro-300x300.jpg 300w, https:\/\/4manpro.com\/SPA\/wp-content\/uploads\/2024\/09\/Logo-4-Blue-CHANDOX-Cuadro-1024x1024.jpg 1024w, https:\/\/4manpro.com\/SPA\/wp-content\/uploads\/2024\/09\/Logo-4-Blue-CHANDOX-Cuadro-150x150.jpg 150w, https:\/\/4manpro.com\/SPA\/wp-content\/uploads\/2024\/09\/Logo-4-Blue-CHANDOX-Cuadro-768x768.jpg 768w, https:\/\/4manpro.com\/SPA\/wp-content\/uploads\/2024\/09\/Logo-4-Blue-CHANDOX-Cuadro-1536x1536.jpg 1536w, https:\/\/4manpro.com\/SPA\/wp-content\/uploads\/2024\/09\/Logo-4-Blue-CHANDOX-Cuadro-2048x2048.jpg 2048w\" sizes=\"auto, (max-width: 2560px) 100vw, 2560px\" \/><\/figure><\/div>\n\n\n<p class=\"eplus-wrapper eplus-styles-uid-a684f1 wp-block-paragraph\">Su \u00e1rea de aplicaci\u00f3n es recomendada para ser aplicados en <em><mark style=\"background-color:rgba(0, 0, 0, 0);color:#ff7805\" class=\"has-inline-color\">Sistemas De Lubricaci\u00f3n<\/mark><\/em> con un mayor nivel de exigencia. Este tipo de elementos, <strong><em>distribuyen<\/em><\/strong> y <strong><em>dosifican el lubricante <\/em><\/strong>alimentado por un unidad de bomba de lubricaci\u00f3n centralizada de funcionamiento intermitente en sistemas de lubricaci\u00f3n centralizada de l\u00ednea \u00fanica.<\/p>\n\n<p class=\"eplus-wrapper eplus-styles-uid-a684f1 wp-block-paragraph\">Los bloques dosificadores intercambiables en los distribuidores, hacen posible suministrar a cada punto de lubricaci\u00f3n la cantidad exacta de aceite por carrera o ciclo de lubricaci\u00f3n. El <em><mark style=\"background-color:rgba(0, 0, 0, 0);color:#ff7805\" class=\"has-inline-color\">Volumen De Lubricante<\/mark><\/em> a ser suministrado en cada ciclo se est\u00e1 impreso en el distribuidor individual.<\/p>\n\n<p class=\"eplus-wrapper eplus-styles-uid-a684f1 wp-block-paragraph\">Los elementos que componen la <strong>SERIE <\/strong><mark style=\"background-color:rgba(0, 0, 0, 0);color:#ff7805\" class=\"has-inline-color\"><strong>ISH DT<\/strong><\/mark><strong><mark style=\"background-color:rgba(0, 0, 0, 0);color:#ff7805\" class=\"has-inline-color\"> <\/mark><\/strong>est\u00e1n descritos a continuaci\u00f3n:<\/p>\n\n\n<hr class=\"is-style-dots wp-block-separator has-alpha-channel-opacity eplus-wrapper\"\/>\n\n\n<p class=\"has-background eplus-wrapper eplus-styles-uid-50db11 wp-block-paragraph\" style=\"background-color:#696969\"><strong>Serie <\/strong>ISH DT<\/p>\n\n\n<div style=\"height:10px\" aria-hidden=\"true\" class=\" wp-block-spacer eplus-wrapper\"><\/div>\n\n\n<div class=\"wp-block-columns eplus-wrapper is-layout-flex wp-container-core-columns-is-layout-f56f613f wp-block-columns-is-layout-flex eplus-styles-uid-15016a\">\n<div class=\"wp-block-column eplus-wrapper is-layout-flow wp-block-column-is-layout-flow\" style=\"flex-basis:10%\"><\/div>\n\n\n\n<div class=\"wp-block-column is-vertically-aligned-center eplus-wrapper is-layout-flow wp-block-column-is-layout-flow\" style=\"flex-basis:40%\"><ul class=\" wp-block-list eplus-wrapper eplus-styles-uid-69c1ac\">\n<li class=\" eplus-wrapper\"><a href=\"https:\/\/4manpro.com\/SPA\/lubricacion-centralizada\/serie-ish-dt\/ish-dt-0200\/\" data-type=\"page\" data-id=\"5599\">ISH <mark style=\"background-color:rgba(0, 0, 0, 0);color:#ff7805\" class=\"has-inline-color\"><strong>DT-0200<\/strong><\/mark><\/a><\/li>\n\n\n\n<li class=\" eplus-wrapper\"><a href=\"https:\/\/4manpro.com\/SPA\/lubricacion-centralizada\/serie-ish-dt\/ish-dt-0300\/\" data-type=\"page\" data-id=\"5605\">ISH <strong><mark style=\"background-color:rgba(0, 0, 0, 0);color:#ff7805\" class=\"has-inline-color\">DT-0300<\/mark><\/strong><\/a><\/li>\n\n\n\n<li class=\" eplus-wrapper\"><a href=\"https:\/\/4manpro.com\/SPA\/lubricacion-centralizada\/serie-ish-dt\/ish-dt-0400\/\" data-type=\"page\" data-id=\"5611\">ISH <strong><mark style=\"background-color:rgba(0, 0, 0, 0);color:#ff7805\" class=\"has-inline-color\">DT-0400<\/mark><\/strong><\/a><\/li>\n\n\n\n<li class=\" eplus-wrapper\"><a href=\"https:\/\/4manpro.com\/SPA\/lubricacion-centralizada\/serie-ish-dt\/ish-dt-0500\/\" data-type=\"page\" data-id=\"5617\">ISH <strong><mark style=\"background-color:rgba(0, 0, 0, 0);color:#ff7805\" class=\"has-inline-color\">DT-0500<\/mark><\/strong><\/a><\/li>\n\n\n\n<li class=\" eplus-wrapper\"><a href=\"https:\/\/4manpro.com\/SPA\/lubricacion-centralizada\/serie-ish-dt\/ish-dt-0600\/\" data-type=\"page\" data-id=\"5623\">ISH <strong><mark style=\"background-color:rgba(0, 0, 0, 0);color:#ff7805\" class=\"has-inline-color\">DT-0600<\/mark><\/strong><\/a><\/li>\n<\/ul><\/div>\n\n\n\n<div class=\"wp-block-column eplus-wrapper is-layout-flow wp-block-column-is-layout-flow\" style=\"flex-basis:300px\"><figure class=\" wp-block-image is-resized eplus-wrapper eplus-styles-uid-669999\"><img loading=\"lazy\" decoding=\"async\" width=\"827\" height=\"827\" src=\"https:\/\/4manpro.com\/SPA\/wp-content\/uploads\/2024\/03\/Serie-ISH-DT-1.jpg\" alt=\"\" class=\"wp-image-5582\" style=\"width:300px\" srcset=\"https:\/\/4manpro.com\/SPA\/wp-content\/uploads\/2024\/03\/Serie-ISH-DT-1.jpg 827w, https:\/\/4manpro.com\/SPA\/wp-content\/uploads\/2024\/03\/Serie-ISH-DT-1-300x300.jpg 300w, https:\/\/4manpro.com\/SPA\/wp-content\/uploads\/2024\/03\/Serie-ISH-DT-1-150x150.jpg 150w, https:\/\/4manpro.com\/SPA\/wp-content\/uploads\/2024\/03\/Serie-ISH-DT-1-768x768.jpg 768w\" sizes=\"auto, (max-width: 827px) 100vw, 827px\" \/><\/figure><\/div>\n<\/div>","protected":false},"excerpt":{"rendered":"<p>Los Sistemas De Prelubricaci\u00f3n manejados por 4ManPro\u00ae (Elements For Manufacturing Processes) una Hann Kuen Machinery &amp; Hardware, Co., Ltd. BRANCH OFFICE, son dispositivos dise\u00f1ados para asegurar una adecuada lubricaci\u00f3n en maquinaria antes de su funcionamiento. Estos sistemas garantizan la reducci\u00f3n del desgaste y la fricci\u00f3n en componentes cr\u00edticos, prolongando la vida \u00fatil de los equipos [&hellip;]<\/p>\n","protected":false},"author":1,"featured_media":0,"parent":107,"menu_order":0,"comment_status":"closed","ping_status":"closed","template":"principal-cuadros-individuales-2","meta":{"_crdt_document":"","editor_plus_copied_stylings":"{}","footnotes":""},"class_list":["post-5568","page","type-page","status-publish","hentry"],"_links":{"self":[{"href":"https:\/\/4manpro.com\/SPA\/wp-json\/wp\/v2\/pages\/5568","targetHints":{"allow":["GET"]}}],"collection":[{"href":"https:\/\/4manpro.com\/SPA\/wp-json\/wp\/v2\/pages"}],"about":[{"href":"https:\/\/4manpro.com\/SPA\/wp-json\/wp\/v2\/types\/page"}],"author":[{"embeddable":true,"href":"https:\/\/4manpro.com\/SPA\/wp-json\/wp\/v2\/users\/1"}],"replies":[{"embeddable":true,"href":"https:\/\/4manpro.com\/SPA\/wp-json\/wp\/v2\/comments?post=5568"}],"version-history":[{"count":37,"href":"https:\/\/4manpro.com\/SPA\/wp-json\/wp\/v2\/pages\/5568\/revisions"}],"predecessor-version":[{"id":26613,"href":"https:\/\/4manpro.com\/SPA\/wp-json\/wp\/v2\/pages\/5568\/revisions\/26613"}],"up":[{"embeddable":true,"href":"https:\/\/4manpro.com\/SPA\/wp-json\/wp\/v2\/pages\/107"}],"wp:attachment":[{"href":"https:\/\/4manpro.com\/SPA\/wp-json\/wp\/v2\/media?parent=5568"}],"curies":[{"name":"wp","href":"https:\/\/api.w.org\/{rel}","templated":true}]}}