{"id":5126,"date":"2024-02-27T13:35:00","date_gmt":"2024-02-27T19:35:00","guid":{"rendered":"https:\/\/4manpro.com\/SPA\/?page_id=5126"},"modified":"2026-03-19T10:51:23","modified_gmt":"2026-03-19T16:51:23","slug":"serie-sr","status":"publish","type":"page","link":"https:\/\/4manpro.com\/SPA\/fresado-mandrilado\/serie-sr\/","title":{"rendered":"Serie SR"},"content":{"rendered":"\n<div class=\"wp-block-buttons alignwide eplus-wrapper is-content-justification-space-between is-nowrap is-layout-flex wp-container-core-buttons-is-layout-4561150b wp-block-buttons-is-layout-flex\"><div style=\"--wp--block-button--width: 50;\" class=\"wp-block-button eplus-wrapper has-custom-width wp-block-button__width wp-block-button__width-50 eplus-styles-uid-2049e8\"><a class=\"wp-block-button__link has-foreground-color has-text-color has-background has-link-color wp-element-button\" href=\"http:\/\/WWW.4MANPRO.COM\/SPA\/\" style=\"background-color:#999999\">PRINCIPAL<\/a><\/div>\n\n<div style=\"--wp--block-button--width: 50;\" class=\"wp-block-button eplus-wrapper has-custom-width wp-block-button__width wp-block-button__width-50 eplus-styles-uid-df438d\"><a class=\"wp-block-button__link has-foreground-color has-background-background-color has-text-color has-background has-link-color wp-element-button\" href=\"https:\/\/4manpro.com\/SPA\/home\/fresado-mandrilado\/\" style=\"background-color:#999999\">ATR\u00c1S<\/a><\/div>\n\n<div style=\"--wp--block-button--width: 50;\" class=\"wp-block-button eplus-wrapper has-custom-width wp-block-button__width wp-block-button__width-50 eplus-styles-uid-c1cdeb\"><a class=\"wp-block-button__link has-background-color has-luminous-vivid-orange-background-color has-text-color has-background has-link-color wp-element-button\" href=\"https:\/\/www.4manpro.com\/princ-2\/boring-milling-spindles\/sr-series\/\">ENGLISH<\/a><\/div><\/div>\n\n\n\n<figure class=\" wp-block-image alignwide size-full eplus-wrapper\"><img loading=\"lazy\" decoding=\"async\" width=\"1920\" height=\"339\" src=\"https:\/\/4manpro.com\/SPA\/wp-content\/uploads\/2026\/03\/Serie-SR.jpg\" alt=\"\" class=\"wp-image-35156\" srcset=\"https:\/\/4manpro.com\/SPA\/wp-content\/uploads\/2026\/03\/Serie-SR.jpg 1920w, https:\/\/4manpro.com\/SPA\/wp-content\/uploads\/2026\/03\/Serie-SR-300x53.jpg 300w, https:\/\/4manpro.com\/SPA\/wp-content\/uploads\/2026\/03\/Serie-SR-1024x181.jpg 1024w, https:\/\/4manpro.com\/SPA\/wp-content\/uploads\/2026\/03\/Serie-SR-768x136.jpg 768w, https:\/\/4manpro.com\/SPA\/wp-content\/uploads\/2026\/03\/Serie-SR-1536x271.jpg 1536w\" sizes=\"auto, (max-width: 1920px) 100vw, 1920px\" \/><\/figure>\n\n\n\n<hr class=\" wp-block-separator has-alpha-channel-opacity eplus-wrapper\"\/>\n\n\n\n<div class=\"wp-block-group alignwide eplus-wrapper is-layout-constrained wp-block-group-is-layout-constrained\"><figure class=\" wp-block-image alignleft size-full is-resized eplus-wrapper eplus-styles-uid-c73b55\"><img loading=\"lazy\" decoding=\"async\" width=\"1024\" height=\"1024\" src=\"https:\/\/4manpro.com\/SPA\/wp-content\/uploads\/2026\/03\/LOGO-II-3D-2.jpg\" alt=\"\" class=\"wp-image-34081\" style=\"width:200px\" srcset=\"https:\/\/4manpro.com\/SPA\/wp-content\/uploads\/2026\/03\/LOGO-II-3D-2.jpg 1024w, https:\/\/4manpro.com\/SPA\/wp-content\/uploads\/2026\/03\/LOGO-II-3D-2-300x300.jpg 300w, https:\/\/4manpro.com\/SPA\/wp-content\/uploads\/2026\/03\/LOGO-II-3D-2-150x150.jpg 150w, https:\/\/4manpro.com\/SPA\/wp-content\/uploads\/2026\/03\/LOGO-II-3D-2-768x768.jpg 768w\" sizes=\"auto, (max-width: 1024px) 100vw, 1024px\" \/><\/figure><\/div>\n\n\n<p class=\"alignwide eplus-wrapper eplus-styles-uid-cb9986 wp-block-paragraph\">Los\u00a0<strong><em>Cuerpos\u00a0<\/em><\/strong>de los\u00a0<strong><em>Cabezales\u00a0<\/em><\/strong>y\u00a0<strong><em>Husillos<\/em><\/strong> <em><strong>Para Fresado Y Mandrilado Con Cuerpo Del Husillo Redondo<\/strong><\/em>\u00a0distribuidos por\u00a0<strong><mark style=\"background-color:rgba(0, 0, 0, 0);color:#ff7805\" class=\"has-inline-color\">4ManPro<\/mark><\/strong><sup><mark style=\"background-color:rgba(0, 0, 0, 0);color:#ff7805\" class=\"has-inline-color\">\u00ae<\/mark><\/sup><strong><mark style=\"background-color:rgba(0, 0, 0, 0);color:#ff7805\" class=\"has-inline-color\">\u00a0<\/mark><\/strong><em>(Elements For Manufacturing Processes) una <mark style=\"background-color:rgba(0, 0, 0, 0);color:#ff7805\" class=\"has-inline-color\">Hann Kuen Machinery &amp; Hardware, Co., Ltd.<\/mark> <\/em><strong>BRANCH OFFICE<\/strong><em>,\u00a0<\/em>est\u00e1n fabricados de\u00a0<strong><em>Hierro Fundido FC30<\/em><\/strong>, los cuales despu\u00e9s de ser sometidos a un exhaustiva revisi\u00f3n, son procesados mediante\u00a0<strong><em>taladrado\u00a0<\/em><\/strong>y\u00a0<strong><em>bru\u00f1ido de precisi\u00f3n<\/em><\/strong>. Los husillos son fabricados a partir de aceros aleados sometidos a un\u00a0<em>tratamiento t\u00e9rmico de alta frecuencia<\/em>.<\/p>\n\n\n<div class=\"wp-block-group alignwide eplus-wrapper is-layout-constrained wp-block-group-is-layout-constrained\"><figure class=\" wp-block-image alignright size-full is-resized eplus-wrapper eplus-styles-uid-0bef58\"><img loading=\"lazy\" decoding=\"async\" width=\"512\" height=\"512\" src=\"https:\/\/4manpro.com\/SPA\/wp-content\/uploads\/2026\/03\/LOGO-NEGRO-3D.jpg\" alt=\"\" class=\"wp-image-34082\" style=\"width:200px\" srcset=\"https:\/\/4manpro.com\/SPA\/wp-content\/uploads\/2026\/03\/LOGO-NEGRO-3D.jpg 512w, https:\/\/4manpro.com\/SPA\/wp-content\/uploads\/2026\/03\/LOGO-NEGRO-3D-300x300.jpg 300w, https:\/\/4manpro.com\/SPA\/wp-content\/uploads\/2026\/03\/LOGO-NEGRO-3D-150x150.jpg 150w\" sizes=\"auto, (max-width: 512px) 100vw, 512px\" \/><\/figure><\/div>\n\n\n<p class=\"alignwide eplus-wrapper eplus-styles-uid-a684f1 wp-block-paragraph\">Los <strong><em><strong><em>Cabezales\u00a0<\/em><\/strong>y\u00a0<strong><em>Husillos<\/em><\/strong> <em><strong>Para Fresado Y Mandrilado<\/strong><\/em><\/em><\/strong> de la <strong><mark style=\"background-color:rgba(0, 0, 0, 0);color:#ff6900\" class=\"has-inline-color\">Serie SR<\/mark>,<\/strong> cuentan con <strong><em>cuerpos de forma redonda<\/em><\/strong> para poder brindar un mayor rendimiento a las aplicaciones de <em>Trabajo Pesado<\/em> en condiciones de <em>alto esfuerzo<\/em> y <em>trabajo continuo<\/em>.<\/p>\n\n<p class=\"alignwide eplus-wrapper eplus-styles-uid-cb9986 wp-block-paragraph\">Est\u00e1n husillos est\u00e1n ensamblados con rodamientos de precisi\u00f3n\u00a0<strong><mark style=\"background-color:rgba(0, 0, 0, 0);color:#3e8ed0\" class=\"has-inline-color\">SKF<sup>\u00ae<\/sup>\u00a0<\/mark><\/strong><em><mark style=\"background-color:rgba(0, 0, 0, 0);color:#3e8ed0\" class=\"has-inline-color\">(Alemania)<\/mark>,<\/em>\u00a0<strong><mark style=\"background-color:rgba(0, 0, 0, 0);color:#3e8ed0\" class=\"has-inline-color\">NSK<sup>\u00ae<\/sup>\u00a0<\/mark><\/strong><em><mark style=\"background-color:rgba(0, 0, 0, 0);color:#3e8ed0\" class=\"has-inline-color\">(Jap\u00f3n)\u00a0<\/mark><\/em>y\u00a0<strong><mark style=\"background-color:rgba(0, 0, 0, 0);color:#00a1e9\" class=\"has-inline-color\">TPI<sup>\u00ae<\/sup><\/mark><\/strong><em><mark style=\"background-color:rgba(0, 0, 0, 0);color:#00a1e9\" class=\"has-inline-color\">(Taiw\u00e1n)<\/mark><\/em>\u00a0que mantienen la precisi\u00f3n de la punta del husillo en\u00a0<em><strong>&lt; 0.02 mm.<\/strong><\/em><\/p>\n\n<p class=\"alignwide eplus-wrapper eplus-styles-uid-cb9986 wp-block-paragraph\">Su velocidad m\u00e1xima es adecuada para montar en una\u00a0<strong><em>Servo Corredera CNC<\/em><\/strong>\u00a0de la <strong>Serie BS<\/strong> o de la <strong>Serie HS<\/strong>, o en una mesa de alimentaci\u00f3n hidr\u00e1ulica para sus aplicaciones de mecanizado.<\/p>\n\n<p class=\"alignwide eplus-wrapper eplus-styles-uid-21327e wp-block-paragraph\">Los elementos que componen la\u00a0<strong><mark style=\"background-color:rgba(0, 0, 0, 0);color:#ff6900\" class=\"has-inline-color\">Serie SR<\/mark><\/strong>\u00a0son descritos a continuaci\u00f3n:<\/p>\n\n\n<hr class=\"is-style-dots wp-block-separator has-alpha-channel-opacity eplus-wrapper\"\/>\n\n\n<p class=\"has-background eplus-wrapper eplus-styles-uid-6eb837 wp-block-paragraph\" style=\"background-color:#696969\">Elementos<\/p>\n\n<p class=\"has-vivid-cyan-blue-background-color has-background eplus-wrapper eplus-styles-uid-0d40d0 wp-block-paragraph\">Serie SR<\/p>\n\n<p class=\"eplus-wrapper eplus-styles-uid-a53056 wp-block-paragraph\">Husillos Redondos Est\u00e1ndar<\/p>\n\n<div class=\"wp-block-columns alignwide eplus-wrapper is-layout-flex wp-container-core-columns-is-layout-f56f613f wp-block-columns-is-layout-flex eplus-styles-uid-fe17c9\">\n<div class=\"wp-block-column eplus-wrapper is-layout-flow wp-block-column-is-layout-flow\" style=\"flex-basis:40%\"><figure data-wp-context='{\"imageId\":\"69d90042d504d\"}' data-wp-interactive=\"core\/image\" data-wp-key=\"69d90042d504d\" class=\"wp-block-image aligncenter size-full is-resized eplus-wrapper eplus-styles-uid-77f467 wp-lightbox-container\"><img loading=\"lazy\" decoding=\"async\" width=\"827\" height=\"827\" data-wp-class--hide=\"state.isContentHidden\" data-wp-class--show=\"state.isContentVisible\" data-wp-init=\"callbacks.setButtonStyles\" data-wp-on--click=\"actions.showLightbox\" data-wp-on--load=\"callbacks.setButtonStyles\" data-wp-on--pointerdown=\"actions.preloadImage\" data-wp-on--pointerenter=\"actions.preloadImageWithDelay\" data-wp-on--pointerleave=\"actions.cancelPreload\" data-wp-on-window--resize=\"callbacks.setButtonStyles\" src=\"https:\/\/4manpro.com\/SPA\/wp-content\/uploads\/2026\/03\/Serie-SR-1.jpg\" alt=\"\" class=\"wp-image-34645\" style=\"width:350px\" srcset=\"https:\/\/4manpro.com\/SPA\/wp-content\/uploads\/2026\/03\/Serie-SR-1.jpg 827w, https:\/\/4manpro.com\/SPA\/wp-content\/uploads\/2026\/03\/Serie-SR-1-300x300.jpg 300w, https:\/\/4manpro.com\/SPA\/wp-content\/uploads\/2026\/03\/Serie-SR-1-150x150.jpg 150w, https:\/\/4manpro.com\/SPA\/wp-content\/uploads\/2026\/03\/Serie-SR-1-768x768.jpg 768w\" sizes=\"auto, (max-width: 827px) 100vw, 827px\" \/><button class=\"lightbox-trigger\" type=\"button\" aria-haspopup=\"dialog\" data-wp-bind--aria-label=\"state.thisImage.triggerButtonAriaLabel\" data-wp-init=\"callbacks.initTriggerButton\" data-wp-on--click=\"actions.showLightbox\" data-wp-style--right=\"state.thisImage.buttonRight\" data-wp-style--top=\"state.thisImage.buttonTop\">\n\t\t\t<svg xmlns=\"http:\/\/www.w3.org\/2000\/svg\" width=\"12\" height=\"12\" fill=\"none\" viewbox=\"0 0 12 12\">\n\t\t\t\t<path fill=\"#fff\" d=\"M2 0a2 2 0 0 0-2 2v2h1.5V2a.5.5 0 0 1 .5-.5h2V0H2Zm2 10.5H2a.5.5 0 0 1-.5-.5V8H0v2a2 2 0 0 0 2 2h2v-1.5ZM8 12v-1.5h2a.5.5 0 0 0 .5-.5V8H12v2a2 2 0 0 1-2 2H8Zm2-12a2 2 0 0 1 2 2v2h-1.5V2a.5.5 0 0 0-.5-.5H8V0h2Z\"><\/path>\n\t\t\t<\/svg>\n\t\t<\/button><\/figure><\/div>\n\n\n\n<div class=\"wp-block-column eplus-wrapper is-layout-flow wp-block-column-is-layout-flow\" style=\"flex-basis:30%\"><ul class=\" wp-block-list eplus-wrapper eplus-styles-uid-78ffc5\"><li class=\" eplus-wrapper eplus-styles-uid-ba3bef\"><a href=\"https:\/\/4manpro.com\/SPA\/fresado-mandrilado\/serie-sr\/sr-35\/\" data-type=\"page\" data-id=\"5144\"><mark style=\"background-color:rgba(0, 0, 0, 0);color:#0693e3\" class=\"has-inline-color\">SR-35<\/mark><\/a><ul class=\" wp-block-list eplus-wrapper eplus-styles-uid-87cf31\"><li class=\" eplus-wrapper eplus-styles-uid-373f91\"><mark style=\"background-color:rgba(0, 0, 0, 0)\" class=\"has-inline-color has-foreground-color\">Equipado Con Porta Husillos: <\/mark><ul class=\" wp-block-list eplus-wrapper eplus-styles-uid-69a9e4\"><li class=\" eplus-wrapper eplus-styles-uid-b97f66\">NT-30<\/li><\/ul><\/li>\n\n<li class=\" eplus-wrapper eplus-styles-uid-373f91\"><mark style=\"background-color:rgba(0, 0, 0, 0)\" class=\"has-inline-color has-foreground-color\">Velocidad M\u00e1xima: <\/mark><ul class=\" wp-block-list eplus-wrapper eplus-styles-uid-56911c\"><li class=\" eplus-wrapper eplus-styles-uid-b97f66\">3,000 r.p.m.<\/li><\/ul><\/li>\n\n<li class=\" eplus-wrapper eplus-styles-uid-373f91\"><mark style=\"background-color:rgba(0, 0, 0, 0)\" class=\"has-inline-color has-foreground-color\">Potencia M\u00e1xima Est\u00e1ndar: <\/mark><ul class=\" wp-block-list eplus-wrapper eplus-styles-uid-2a4584\"><li class=\" eplus-wrapper eplus-styles-uid-b97f66\">2 H.P.<\/li><\/ul><\/li><\/ul><\/li><\/ul>\n\n<ul class=\" wp-block-list eplus-wrapper eplus-styles-uid-ab49df\"><li class=\" eplus-wrapper eplus-styles-uid-ba3bef\"><a href=\"https:\/\/4manpro.com\/SPA\/fresado-mandrilado\/serie-sr\/sr-45\/\" data-type=\"page\" data-id=\"5155\"><mark style=\"background-color:rgba(0, 0, 0, 0);color:#0693e3\" class=\"has-inline-color\">SR-45<\/mark><\/a><ul class=\" wp-block-list eplus-wrapper eplus-styles-uid-2c355b\"><li class=\" eplus-wrapper eplus-styles-uid-373f91\"><mark style=\"background-color:rgba(0, 0, 0, 0)\" class=\"has-inline-color has-foreground-color\">Equipado Con Porta Husillos: <\/mark><ul class=\" wp-block-list eplus-wrapper eplus-styles-uid-a345ed\"><li class=\" eplus-wrapper eplus-styles-uid-b97f66\">NT-40<\/li><\/ul><\/li>\n\n<li class=\" eplus-wrapper eplus-styles-uid-373f91\"><mark style=\"background-color:rgba(0, 0, 0, 0)\" class=\"has-inline-color has-foreground-color\">Velocidad M\u00e1xima: <\/mark><ul class=\" wp-block-list eplus-wrapper eplus-styles-uid-da01e6\"><li class=\" eplus-wrapper eplus-styles-uid-b97f66\">2,000 r.p.m.<\/li><\/ul><\/li>\n\n<li class=\" eplus-wrapper eplus-styles-uid-373f91\"><mark style=\"background-color:rgba(0, 0, 0, 0)\" class=\"has-inline-color has-foreground-color\">Potencia M\u00e1xima Est\u00e1ndar: <\/mark><ul class=\" wp-block-list eplus-wrapper eplus-styles-uid-d2365b\"><li class=\" eplus-wrapper eplus-styles-uid-b97f66\">3 H.P.<\/li><\/ul><\/li><\/ul><\/li><\/ul><\/div>\n\n\n\n<div class=\"wp-block-column eplus-wrapper is-layout-flow wp-block-column-is-layout-flow\" style=\"flex-basis:30%\"><ul class=\" wp-block-list eplus-wrapper eplus-styles-uid-ce74dc\"><li class=\" eplus-wrapper eplus-styles-uid-ba3bef\"><a href=\"https:\/\/4manpro.com\/SPA\/fresado-mandrilado\/serie-sr\/sr-60\/\" data-type=\"page\" data-id=\"5164\"><mark style=\"background-color:rgba(0, 0, 0, 0);color:#0693e3\" class=\"has-inline-color\">SR-60<\/mark><\/a><ul class=\" wp-block-list eplus-wrapper eplus-styles-uid-deeff9\"><li class=\" eplus-wrapper eplus-styles-uid-373f91\"><mark style=\"background-color:rgba(0, 0, 0, 0)\" class=\"has-inline-color has-foreground-color\">Equipado Con Porta Husillos: <\/mark><ul class=\" wp-block-list eplus-wrapper eplus-styles-uid-99d266\"><li class=\" eplus-wrapper eplus-styles-uid-b97f66\">NT-40<\/li><\/ul><\/li>\n\n<li class=\" eplus-wrapper eplus-styles-uid-373f91\"><mark style=\"background-color:rgba(0, 0, 0, 0)\" class=\"has-inline-color has-foreground-color\">Velocidad M\u00e1xima: <\/mark><ul class=\" wp-block-list eplus-wrapper eplus-styles-uid-a4db71\"><li class=\" eplus-wrapper eplus-styles-uid-b97f66\">1,800 r.p.m.<\/li><\/ul><\/li>\n\n<li class=\" eplus-wrapper eplus-styles-uid-373f91\"><mark style=\"background-color:rgba(0, 0, 0, 0)\" class=\"has-inline-color has-foreground-color\">Potencia M\u00e1xima Est\u00e1ndar: <\/mark><ul class=\" wp-block-list eplus-wrapper eplus-styles-uid-298387\"><li class=\" eplus-wrapper eplus-styles-uid-373f91\">5 H.P.<\/li><\/ul><\/li><\/ul><\/li><\/ul>\n\n<ul class=\" wp-block-list eplus-wrapper eplus-styles-uid-19101e\"><li class=\" eplus-wrapper eplus-styles-uid-ba3bef\"><a href=\"https:\/\/4manpro.com\/SPA\/fresado-mandrilado\/serie-sr\/sr-80\/\" data-type=\"page\" data-id=\"5172\"><mark style=\"background-color:rgba(0, 0, 0, 0);color:#0693e3\" class=\"has-inline-color\">SR-80<\/mark><\/a><ul class=\" wp-block-list eplus-wrapper eplus-styles-uid-cf64c4\"><li class=\" eplus-wrapper eplus-styles-uid-373f91\"><mark style=\"background-color:rgba(0, 0, 0, 0)\" class=\"has-inline-color has-foreground-color\">Equipado Con Porta Husillos: <\/mark><ul class=\" wp-block-list eplus-wrapper eplus-styles-uid-49d3e9\"><li class=\" eplus-wrapper eplus-styles-uid-b97f66\">NT-50 \/ A<sub>2<\/sub>5<\/li><\/ul><\/li>\n\n<li class=\" eplus-wrapper eplus-styles-uid-373f91\"><mark style=\"background-color:rgba(0, 0, 0, 0)\" class=\"has-inline-color has-foreground-color\">Velocidad M\u00e1xima: <\/mark><ul class=\" wp-block-list eplus-wrapper eplus-styles-uid-c9ebea\"><li class=\" eplus-wrapper eplus-styles-uid-b97f66\">1,200 r.p.m.<\/li><\/ul><\/li>\n\n<li class=\" eplus-wrapper eplus-styles-uid-373f91\"><mark style=\"background-color:rgba(0, 0, 0, 0)\" class=\"has-inline-color has-foreground-color\">Potencia M\u00e1xima Est\u00e1ndar: <\/mark><ul class=\" wp-block-list eplus-wrapper eplus-styles-uid-624075\"><li class=\" eplus-wrapper eplus-styles-uid-b97f66\">7.5 H.P.<\/li><\/ul><\/li><\/ul><\/li><\/ul><\/div>\n<\/div>\n\n\n<hr class=\"is-style-dots wp-block-separator has-alpha-channel-opacity eplus-wrapper\"\/>\n\n\n<p class=\"has-vivid-cyan-blue-background-color has-background eplus-wrapper eplus-styles-uid-0d40d0 wp-block-paragraph\">Serie SR-H<\/p>\n\n<p class=\"eplus-wrapper eplus-styles-uid-a53056 wp-block-paragraph\">Husillos Redondos De Alta Velocidad<\/p>\n\n<div class=\"wp-block-columns alignwide eplus-wrapper is-layout-flex wp-container-core-columns-is-layout-f56f613f wp-block-columns-is-layout-flex eplus-styles-uid-ced1d4\">\n<div class=\"wp-block-column eplus-wrapper is-layout-flow wp-block-column-is-layout-flow\" style=\"flex-basis:30%\"><ul class=\" wp-block-list eplus-wrapper eplus-styles-uid-36931e\"><li class=\" eplus-wrapper eplus-styles-uid-ba3bef\"><a href=\"https:\/\/4manpro.com\/SPA\/fresado-mandrilado\/serie-sr\/sr-35h\/\" data-type=\"page\" data-id=\"5180\"><mark style=\"background-color:rgba(0, 0, 0, 0);color:#0693e3\" class=\"has-inline-color\">SR-35H<\/mark><\/a><ul class=\" wp-block-list eplus-wrapper eplus-styles-uid-abfecb\"><li class=\" eplus-wrapper eplus-styles-uid-373f91\"><mark style=\"background-color:rgba(0, 0, 0, 0)\" class=\"has-inline-color has-foreground-color\">Equipado Con Husillos: <\/mark><ul class=\" wp-block-list eplus-wrapper eplus-styles-uid-962357\"><li class=\" eplus-wrapper eplus-styles-uid-54b57b\">NT-30<\/li><\/ul><\/li>\n\n<li class=\" eplus-wrapper eplus-styles-uid-373f91\"><mark style=\"background-color:rgba(0, 0, 0, 0)\" class=\"has-inline-color has-foreground-color\">Velocidad M\u00e1xima: <\/mark><ul class=\" wp-block-list eplus-wrapper eplus-styles-uid-2cd97b\"><li class=\" eplus-wrapper eplus-styles-uid-b97f66\">10,000 r.p.m.<\/li><\/ul><\/li>\n\n<li class=\" eplus-wrapper eplus-styles-uid-373f91\"><mark style=\"background-color:rgba(0, 0, 0, 0)\" class=\"has-inline-color has-foreground-color\">Potencia M\u00e1xima Est\u00e1ndar: <\/mark><ul class=\" wp-block-list eplus-wrapper eplus-styles-uid-47dfaa\"><li class=\" eplus-wrapper eplus-styles-uid-b97f66\">2 H.P.<\/li><\/ul><\/li><\/ul><\/li><\/ul>\n\n<ul class=\" wp-block-list eplus-wrapper eplus-styles-uid-87a428\"><li class=\" eplus-wrapper eplus-styles-uid-ba3bef\"><a href=\"https:\/\/4manpro.com\/SPA\/fresado-mandrilado\/serie-sr\/sr-45h\/\" data-type=\"page\" data-id=\"5191\"><mark style=\"background-color:rgba(0, 0, 0, 0);color:#0693e3\" class=\"has-inline-color\">SR-45H<\/mark><\/a><ul class=\" wp-block-list eplus-wrapper eplus-styles-uid-a7c83d\"><li class=\" eplus-wrapper eplus-styles-uid-373f91\"><mark style=\"background-color:rgba(0, 0, 0, 0)\" class=\"has-inline-color has-foreground-color\">Equipado Con Husillos: <\/mark><ul class=\" wp-block-list eplus-wrapper eplus-styles-uid-1ac6f6\"><li class=\" eplus-wrapper eplus-styles-uid-b97f66\">NT-40<\/li><\/ul><\/li>\n\n<li class=\" eplus-wrapper eplus-styles-uid-373f91\"><mark style=\"background-color:rgba(0, 0, 0, 0)\" class=\"has-inline-color has-foreground-color\">Velocidad M\u00e1xima: <\/mark><ul class=\" wp-block-list eplus-wrapper eplus-styles-uid-b36087\"><li class=\" eplus-wrapper eplus-styles-uid-b97f66\">6,000 r.p.m.<\/li><\/ul><\/li>\n\n<li class=\" eplus-wrapper eplus-styles-uid-373f91\"><mark style=\"background-color:rgba(0, 0, 0, 0)\" class=\"has-inline-color has-foreground-color\">Potencia M\u00e1xima Est\u00e1ndar: <\/mark><ul class=\" wp-block-list eplus-wrapper eplus-styles-uid-ea1ab4\"><li class=\" eplus-wrapper eplus-styles-uid-b97f66\">3 H.P.<\/li><\/ul><\/li><\/ul><\/li><\/ul><\/div>\n\n\n\n<div class=\"wp-block-column eplus-wrapper is-layout-flow wp-block-column-is-layout-flow\" style=\"flex-basis:30%\"><ul class=\" wp-block-list eplus-wrapper eplus-styles-uid-197ee5\"><li class=\" eplus-wrapper eplus-styles-uid-ba3bef\"><a href=\"https:\/\/4manpro.com\/SPA\/fresado-mandrilado\/serie-sr\/sr-60h\/\" data-type=\"page\" data-id=\"5199\"><mark style=\"background-color:rgba(0, 0, 0, 0);color:#0693e3\" class=\"has-inline-color\">SR-60H<\/mark><\/a><ul class=\" wp-block-list eplus-wrapper eplus-styles-uid-4b8a18\"><li class=\" eplus-wrapper eplus-styles-uid-373f91\"><mark style=\"background-color:rgba(0, 0, 0, 0)\" class=\"has-inline-color has-foreground-color\">Equipado Con Husillos: <\/mark><ul class=\" wp-block-list eplus-wrapper eplus-styles-uid-c9e7bd\"><li class=\" eplus-wrapper eplus-styles-uid-b97f66\">NT-40<\/li><\/ul><\/li>\n\n<li class=\" eplus-wrapper eplus-styles-uid-373f91\"><mark style=\"background-color:rgba(0, 0, 0, 0)\" class=\"has-inline-color has-foreground-color\">Velocidad M\u00e1xima: <\/mark><ul class=\" wp-block-list eplus-wrapper eplus-styles-uid-c1b1ec\"><li class=\" eplus-wrapper eplus-styles-uid-b97f66\">5,000 r.p.m.<\/li><\/ul><\/li>\n\n<li class=\" eplus-wrapper eplus-styles-uid-373f91\"><mark style=\"background-color:rgba(0, 0, 0, 0)\" class=\"has-inline-color has-foreground-color\">Potencia M\u00e1xima Est\u00e1ndar: <\/mark><ul class=\" wp-block-list eplus-wrapper eplus-styles-uid-d618c3\"><li class=\" eplus-wrapper eplus-styles-uid-b97f66\">5 H.P.<\/li><\/ul><\/li><\/ul><\/li><\/ul>\n\n<ul class=\" wp-block-list eplus-wrapper eplus-styles-uid-3adc26\"><li class=\" eplus-wrapper eplus-styles-uid-ba3bef\"><a href=\"https:\/\/4manpro.com\/SPA\/fresado-mandrilado\/serie-sr\/sr-80h\/\" data-type=\"page\" data-id=\"5208\"><mark style=\"background-color:rgba(0, 0, 0, 0);color:#0693e3\" class=\"has-inline-color\">SR-80H<\/mark><\/a><ul class=\" wp-block-list eplus-wrapper eplus-styles-uid-570eae\"><li class=\" eplus-wrapper eplus-styles-uid-373f91\"><mark style=\"background-color:rgba(0, 0, 0, 0)\" class=\"has-inline-color has-foreground-color\">Equipado Con Husillos: <\/mark><ul class=\" wp-block-list eplus-wrapper eplus-styles-uid-a6cae0\"><li class=\" eplus-wrapper eplus-styles-uid-b97f66\">NT-50 \/ A<sub>2<\/sub>5<\/li><\/ul><\/li>\n\n<li class=\" eplus-wrapper eplus-styles-uid-373f91\"><mark style=\"background-color:rgba(0, 0, 0, 0)\" class=\"has-inline-color has-foreground-color\">Velocidad M\u00e1xima: <\/mark><ul class=\" wp-block-list eplus-wrapper eplus-styles-uid-b11ae1\"><li class=\" eplus-wrapper eplus-styles-uid-b97f66\"><strong>3,000 r.p.m.<\/strong><\/li><\/ul><\/li>\n\n<li class=\" eplus-wrapper eplus-styles-uid-373f91\"><mark style=\"background-color:rgba(0, 0, 0, 0)\" class=\"has-inline-color has-foreground-color\">Potencia M\u00e1xima Est\u00e1ndar: <\/mark><ul class=\" wp-block-list eplus-wrapper eplus-styles-uid-15b9b5\"><li class=\" eplus-wrapper eplus-styles-uid-b97f66\">7.5 H.P.<\/li><\/ul><\/li><\/ul><\/li><\/ul><\/div>\n\n\n\n<div class=\"wp-block-column eplus-wrapper is-layout-flow wp-block-column-is-layout-flow\" style=\"flex-basis:40%\"><figure data-wp-context='{\"imageId\":\"69d90042dce54\"}' data-wp-interactive=\"core\/image\" data-wp-key=\"69d90042dce54\" class=\"wp-block-image size-full eplus-wrapper eplus-styles-uid-c6c9fa wp-lightbox-container\"><img loading=\"lazy\" decoding=\"async\" width=\"768\" height=\"768\" data-wp-class--hide=\"state.isContentHidden\" data-wp-class--show=\"state.isContentVisible\" data-wp-init=\"callbacks.setButtonStyles\" data-wp-on--click=\"actions.showLightbox\" data-wp-on--load=\"callbacks.setButtonStyles\" data-wp-on--pointerdown=\"actions.preloadImage\" data-wp-on--pointerenter=\"actions.preloadImageWithDelay\" data-wp-on--pointerleave=\"actions.cancelPreload\" data-wp-on-window--resize=\"callbacks.setButtonStyles\" src=\"https:\/\/4manpro.com\/SPA\/wp-content\/uploads\/2026\/03\/Serie-SR-2.jpg\" alt=\"\" class=\"wp-image-34646\" srcset=\"https:\/\/4manpro.com\/SPA\/wp-content\/uploads\/2026\/03\/Serie-SR-2.jpg 768w, https:\/\/4manpro.com\/SPA\/wp-content\/uploads\/2026\/03\/Serie-SR-2-300x300.jpg 300w, https:\/\/4manpro.com\/SPA\/wp-content\/uploads\/2026\/03\/Serie-SR-2-150x150.jpg 150w\" sizes=\"auto, (max-width: 768px) 100vw, 768px\" \/><button class=\"lightbox-trigger\" type=\"button\" aria-haspopup=\"dialog\" data-wp-bind--aria-label=\"state.thisImage.triggerButtonAriaLabel\" data-wp-init=\"callbacks.initTriggerButton\" data-wp-on--click=\"actions.showLightbox\" data-wp-style--right=\"state.thisImage.buttonRight\" data-wp-style--top=\"state.thisImage.buttonTop\">\n\t\t\t<svg xmlns=\"http:\/\/www.w3.org\/2000\/svg\" width=\"12\" height=\"12\" fill=\"none\" viewbox=\"0 0 12 12\">\n\t\t\t\t<path fill=\"#fff\" d=\"M2 0a2 2 0 0 0-2 2v2h1.5V2a.5.5 0 0 1 .5-.5h2V0H2Zm2 10.5H2a.5.5 0 0 1-.5-.5V8H0v2a2 2 0 0 0 2 2h2v-1.5ZM8 12v-1.5h2a.5.5 0 0 0 .5-.5V8H12v2a2 2 0 0 1-2 2H8Zm2-12a2 2 0 0 1 2 2v2h-1.5V2a.5.5 0 0 0-.5-.5H8V0h2Z\"><\/path>\n\t\t\t<\/svg>\n\t\t<\/button><\/figure><\/div>\n<\/div>","protected":false},"excerpt":{"rendered":"<p>Los\u00a0Cuerpos\u00a0de los\u00a0Cabezales\u00a0y\u00a0Husillos Para Fresado Y Mandrilado Con Cuerpo Del Husillo Redondo\u00a0distribuidos por\u00a04ManPro\u00ae\u00a0(Elements For Manufacturing Processes) una Hann Kuen Machinery &amp; Hardware, Co., Ltd. BRANCH OFFICE,\u00a0est\u00e1n fabricados de\u00a0Hierro Fundido FC30, los cuales despu\u00e9s de ser sometidos a un exhaustiva revisi\u00f3n, son procesados mediante\u00a0taladrado\u00a0y\u00a0bru\u00f1ido de precisi\u00f3n. Los husillos son fabricados a partir de aceros aleados sometidos a [&hellip;]<\/p>\n","protected":false},"author":1,"featured_media":0,"parent":101,"menu_order":0,"comment_status":"closed","ping_status":"closed","template":"principal-cuadros-individuales-2","meta":{"_crdt_document":"","editor_plus_copied_stylings":"{}","footnotes":""},"class_list":["post-5126","page","type-page","status-publish","hentry"],"_links":{"self":[{"href":"https:\/\/4manpro.com\/SPA\/wp-json\/wp\/v2\/pages\/5126","targetHints":{"allow":["GET"]}}],"collection":[{"href":"https:\/\/4manpro.com\/SPA\/wp-json\/wp\/v2\/pages"}],"about":[{"href":"https:\/\/4manpro.com\/SPA\/wp-json\/wp\/v2\/types\/page"}],"author":[{"embeddable":true,"href":"https:\/\/4manpro.com\/SPA\/wp-json\/wp\/v2\/users\/1"}],"replies":[{"embeddable":true,"href":"https:\/\/4manpro.com\/SPA\/wp-json\/wp\/v2\/comments?post=5126"}],"version-history":[{"count":48,"href":"https:\/\/4manpro.com\/SPA\/wp-json\/wp\/v2\/pages\/5126\/revisions"}],"predecessor-version":[{"id":35172,"href":"https:\/\/4manpro.com\/SPA\/wp-json\/wp\/v2\/pages\/5126\/revisions\/35172"}],"up":[{"embeddable":true,"href":"https:\/\/4manpro.com\/SPA\/wp-json\/wp\/v2\/pages\/101"}],"wp:attachment":[{"href":"https:\/\/4manpro.com\/SPA\/wp-json\/wp\/v2\/media?parent=5126"}],"curies":[{"name":"wp","href":"https:\/\/api.w.org\/{rel}","templated":true}]}}