{"id":4600,"date":"2024-02-25T18:49:44","date_gmt":"2024-02-26T00:49:44","guid":{"rendered":"https:\/\/4manpro.com\/SPA\/?page_id=4600"},"modified":"2025-08-12T19:38:38","modified_gmt":"2025-08-13T01:38:38","slug":"serie-rh","status":"publish","type":"page","link":"https:\/\/4manpro.com\/SPA\/correderas\/serie-rh\/","title":{"rendered":"Serie RH"},"content":{"rendered":"\n<div class=\"wp-block-buttons alignwide eplus-wrapper is-content-justification-space-between is-layout-flex wp-container-core-buttons-is-layout-0e410d50 wp-block-buttons-is-layout-flex\"><div class=\" wp-block-button has-custom-width wp-block-button__width-25 eplus-wrapper eplus-styles-uid-f12cde\"><a class=\"wp-block-button__link has-background wp-element-button\" href=\"https:\/\/4manpro.com\/SPA\/home\/correderas\/\" style=\"background-color:#696969\">PRINCIPAL<\/a><\/div>\n\n<div class=\" wp-block-button has-custom-width wp-block-button__width-25 eplus-wrapper eplus-styles-uid-00ad1d\"><a class=\"wp-block-button__link has-foreground-color has-background-background-color has-text-color has-background has-link-color wp-element-button\" href=\"https:\/\/4manpro.com\/SPA\/home\/correderas\/\">ATR\u00c1S<\/a><\/div>\n\n<div class=\" wp-block-button has-custom-width wp-block-button__width-25 eplus-wrapper eplus-styles-uid-4e21a4\"><a class=\"wp-block-button__link has-background wp-element-button\" href=\"https:\/\/www.4manpro.com\/princ-2\/slide-systems\/rh-series\/\" style=\"background-color:#ff7805\">ENGLISH<\/a><\/div><\/div>\n\n\n\n<figure class=\" wp-block-image alignwide size-large eplus-wrapper\"><img loading=\"lazy\" decoding=\"async\" width=\"1024\" height=\"181\" src=\"https:\/\/4manpro.com\/SPA\/wp-content\/uploads\/2024\/08\/Serie-RH-1024x181.jpg\" alt=\"\" class=\"wp-image-15051\" srcset=\"https:\/\/4manpro.com\/SPA\/wp-content\/uploads\/2024\/08\/Serie-RH-1024x181.jpg 1024w, https:\/\/4manpro.com\/SPA\/wp-content\/uploads\/2024\/08\/Serie-RH-300x53.jpg 300w, https:\/\/4manpro.com\/SPA\/wp-content\/uploads\/2024\/08\/Serie-RH-768x136.jpg 768w, https:\/\/4manpro.com\/SPA\/wp-content\/uploads\/2024\/08\/Serie-RH-1536x272.jpg 1536w, https:\/\/4manpro.com\/SPA\/wp-content\/uploads\/2024\/08\/Serie-RH-2048x362.jpg 2048w\" sizes=\"auto, (max-width: 1024px) 100vw, 1024px\" \/><\/figure>\n\n\n\n<hr class=\" wp-block-separator has-alpha-channel-opacity eplus-wrapper\"\/>\n\n\n\n<div class=\"wp-block-group alignwide eplus-wrapper is-layout-constrained wp-block-group-is-layout-constrained\"><figure class=\" wp-block-image alignleft size-full is-resized eplus-wrapper eplus-styles-uid-c73b55\"><img loading=\"lazy\" decoding=\"async\" width=\"512\" height=\"512\" src=\"https:\/\/4manpro.com\/SPA\/wp-content\/uploads\/2023\/12\/cropped-Logo-Cuadro-BLACK-5x5-1.jpg\" alt=\"\" class=\"wp-image-613\" style=\"width:200px\" srcset=\"https:\/\/4manpro.com\/SPA\/wp-content\/uploads\/2023\/12\/cropped-Logo-Cuadro-BLACK-5x5-1.jpg 512w, https:\/\/4manpro.com\/SPA\/wp-content\/uploads\/2023\/12\/cropped-Logo-Cuadro-BLACK-5x5-1-300x300.jpg 300w, https:\/\/4manpro.com\/SPA\/wp-content\/uploads\/2023\/12\/cropped-Logo-Cuadro-BLACK-5x5-1-150x150.jpg 150w, https:\/\/4manpro.com\/SPA\/wp-content\/uploads\/2023\/12\/cropped-Logo-Cuadro-BLACK-5x5-1-270x270.jpg 270w, https:\/\/4manpro.com\/SPA\/wp-content\/uploads\/2023\/12\/cropped-Logo-Cuadro-BLACK-5x5-1-192x192.jpg 192w, https:\/\/4manpro.com\/SPA\/wp-content\/uploads\/2023\/12\/cropped-Logo-Cuadro-BLACK-5x5-1-180x180.jpg 180w, https:\/\/4manpro.com\/SPA\/wp-content\/uploads\/2023\/12\/cropped-Logo-Cuadro-BLACK-5x5-1-32x32.jpg 32w\" sizes=\"auto, (max-width: 512px) 100vw, 512px\" \/><\/figure><\/div>\n\n\n<p class=\"eplus-wrapper eplus-styles-uid-a684f1 wp-block-paragraph\">Todos los modelos de <strong><em><mark style=\"background-color:rgba(0, 0, 0, 0);color:#ff6900\" class=\"has-inline-color\">Servo Correderas<\/mark><\/em><\/strong> <strong><em><mark style=\"background-color:rgba(0, 0, 0, 0);color:#ff6900\" class=\"has-inline-color\">Con Gu\u00edas Lineales Y Tornillo Embalado<\/mark><\/em><\/strong> comercializadas por <strong><mark style=\"background-color:rgba(0, 0, 0, 0);color:#ff6900\" class=\"has-inline-color\">4ManPro <\/mark><\/strong><em>(For Manufacturing Processes),<\/em> est\u00e1n equipadas con <em>Servomotores <\/em>de la Marca <mark style=\"background-color:rgba(0, 0, 0, 0);color:#0693e3\" class=\"has-inline-color\"><strong>Delta Electronics<\/strong><sup>\u00ae<\/sup><\/mark>, brind\u00e1ndonos en conjunto un producto con calidad y desempe\u00f1o de excelencia.<\/p>\n\n<p class=\"eplus-wrapper eplus-styles-uid-43c748 wp-block-paragraph\">Los modelos de las <em>Servo Correderas De Movimiento Lineal<\/em> de la <strong>Serie RH <\/strong>est\u00e1n equipadas con <em><mark style=\"background-color:rgba(0, 0, 0, 0);color:#ff6900\" class=\"has-inline-color\">gu\u00edas de precisi\u00f3n rectangulares<\/mark><\/em> <em><mark style=\"background-color:rgba(0, 0, 0, 0);color:#ff6900\" class=\"has-inline-color\">rectificadas<\/mark><\/em>. <\/p>\n\n<p class=\"eplus-wrapper eplus-styles-uid-a684f1 wp-block-paragraph\">Estas correderas son utilizadas cuando se requiere <strong><em>alta velocidad , amortiguaci\u00f3n<\/em><\/strong> y <strong><em>rigidez <\/em><\/strong>durante el mecanizado. La superficie de las gu\u00edas rectangulares y las cu\u00f1as se muelen y desechan, la superficie de contacto del sill\u00edn se est\u00e1 recubierta con <strong>Turcite<\/strong><sup>\u00ae<\/sup>, lo que reduce la fricci\u00f3n. Sin embargo, su capacidad de carga es menor a la de los elementos de la <strong>Serie BS<\/strong>.<\/p>\n\n<p class=\"eplus-wrapper eplus-styles-uid-a684f1 wp-block-paragraph\">Las\u00a0<strong><em><mark style=\"background-color:rgba(0, 0, 0, 0);color:#ff6900\" class=\"has-inline-color\">Servo Correderas Con Gu\u00edas Lineales Y Tornillos Embalado <\/mark><\/em><\/strong>que que integran este apartado de elementos est\u00e1 compuesto por los siguientes dispositivos:<\/p>\n\n\n<hr class=\"is-style-dots wp-block-separator has-alpha-channel-opacity eplus-wrapper\"\/>\n\n\n<p class=\"has-background eplus-wrapper eplus-styles-uid-420493 wp-block-paragraph\" style=\"background-color:#696969\">ELEMENTOS<\/p>\n\n<p class=\"has-background-color has-vivid-cyan-blue-background-color has-text-color has-background has-link-color eplus-wrapper wp-elements-73762de4f39f24d35d5bc1cdcfaa3967 eplus-styles-uid-9322be wp-block-paragraph\">SERIE RH<\/p>\n\n<div class=\"wp-block-columns alignwide eplus-wrapper is-layout-flex wp-container-core-columns-is-layout-f56f613f wp-block-columns-is-layout-flex eplus-styles-uid-dbc935\">\n<div class=\"wp-block-column is-vertically-aligned-center eplus-wrapper is-layout-flow wp-block-column-is-layout-flow\" style=\"flex-basis:50%\"><figure class=\" wp-block-image aligncenter size-full is-resized eplus-wrapper eplus-styles-uid-c73b55\"><img decoding=\"async\" src=\"https:\/\/4manpro.com\/SPA\/wp-content\/uploads\/2024\/02\/Serie-RH-1-1.jpg\" alt=\"\" class=\"wp-image-4605\" style=\"width:250px\"><\/figure>\n\n<ul class=\" wp-block-list eplus-wrapper eplus-styles-uid-cd2c2c\"><li class=\" eplus-wrapper eplus-styles-uid-ed0e73\"><a href=\"https:\/\/4manpro.com\/SPA\/correderas\/serie-rh\/rh150-400l\/\" data-type=\"page\" data-id=\"4627\"><mark style=\"background-color:rgba(0, 0, 0, 0);color:#0693e3\" class=\"has-inline-color\">RH150-400L<\/mark><\/a><ul class=\" wp-block-list eplus-wrapper eplus-styles-uid-b59501\"><li class=\" eplus-wrapper eplus-styles-uid-b14b53\"><mark style=\"background-color:rgba(0, 0, 0, 0)\" class=\"has-inline-color has-foreground-color\">Carrera: <\/mark><mark style=\"background-color:rgba(0, 0, 0, 0);color:#ff7805\" class=\"has-inline-color\">90.00 mm<\/mark><\/li>\n\n<li class=\" eplus-wrapper eplus-styles-uid-b14b53\"><mark style=\"background-color:rgba(0, 0, 0, 0)\" class=\"has-inline-color has-foreground-color\">Carga M\u00e1xima: <\/mark><mark style=\"background-color:rgba(0, 0, 0, 0);color:#ff7805\" class=\"has-inline-color\">120.00 Kg<\/mark><\/li>\n\n<li class=\" eplus-wrapper eplus-styles-uid-b14b53\"><mark style=\"background-color:rgba(0, 0, 0, 0)\" class=\"has-inline-color has-foreground-color\">Tornillo Patr\u00f3n: <\/mark><mark style=\"background-color:rgba(0, 0, 0, 0);color:#ff7805\" class=\"has-inline-color\">\u00d820 x 5<\/mark><\/li>\n\n<li class=\" eplus-wrapper eplus-styles-uid-b14b53\"><mark style=\"background-color:rgba(0, 0, 0, 0)\" class=\"has-inline-color has-foreground-color\">Dimensiones De La Mesa: <\/mark><mark style=\"background-color:rgba(0, 0, 0, 0);color:#ff7805\" class=\"has-inline-color\">150.00 mm x 300.00 mm<\/mark><\/li><\/ul><\/li><\/ul><\/div>\n\n\n\n<div class=\"wp-block-column is-vertically-aligned-top eplus-wrapper is-layout-flow wp-block-column-is-layout-flow\" style=\"flex-basis:50%\"><ul class=\" wp-block-list eplus-wrapper eplus-styles-uid-20e42c\"><li class=\" eplus-wrapper eplus-styles-uid-ed0e73\"><a href=\"https:\/\/4manpro.com\/SPA\/correderas\/serie-rh\/rh200-400l\/\" data-type=\"page\" data-id=\"4634\"><mark style=\"background-color:rgba(0, 0, 0, 0);color:#0693e3\" class=\"has-inline-color\">RH200-400L<\/mark><\/a><ul class=\" wp-block-list eplus-wrapper eplus-styles-uid-c91cbc\"><li class=\" eplus-wrapper eplus-styles-uid-b14b53\"><mark style=\"background-color:rgba(0, 0, 0, 0)\" class=\"has-inline-color has-foreground-color\">Carrera: <\/mark><mark style=\"background-color:rgba(0, 0, 0, 0);color:#ff7805\" class=\"has-inline-color\">100.00 mm<\/mark><\/li>\n\n<li class=\" eplus-wrapper eplus-styles-uid-b14b53\"><mark style=\"background-color:rgba(0, 0, 0, 0)\" class=\"has-inline-color has-foreground-color\">Carga M\u00e1xima: <\/mark><mark style=\"background-color:rgba(0, 0, 0, 0);color:#ff7805\" class=\"has-inline-color\">150.00 Kg<\/mark><\/li>\n\n<li class=\" eplus-wrapper eplus-styles-uid-b14b53\"><mark style=\"background-color:rgba(0, 0, 0, 0)\" class=\"has-inline-color has-foreground-color\">Tornillo Patr\u00f3n: <\/mark><mark style=\"background-color:rgba(0, 0, 0, 0);color:#ff7805\" class=\"has-inline-color\">\u00d820 x 5<\/mark><\/li>\n\n<li class=\" eplus-wrapper eplus-styles-uid-b14b53\"><mark style=\"background-color:rgba(0, 0, 0, 0)\" class=\"has-inline-color has-foreground-color\">Dimensiones De La Mesa: 200<\/mark><mark style=\"background-color:rgba(0, 0, 0, 0);color:#ff7805\" class=\"has-inline-color\">.00 mm x 300.00 mm<\/mark><\/li><\/ul><\/li><\/ul>\n\n<ul class=\" wp-block-list eplus-wrapper eplus-styles-uid-db3406\"><li class=\" eplus-wrapper eplus-styles-uid-ed0e73\"><a href=\"https:\/\/4manpro.com\/SPA\/correderas\/serie-rh\/rh200-640l\/\" data-type=\"page\" data-id=\"4641\"><mark style=\"background-color:rgba(0, 0, 0, 0);color:#0693e3\" class=\"has-inline-color\">RH200-640L<\/mark><\/a><ul class=\" wp-block-list eplus-wrapper eplus-styles-uid-4e6b70\"><li class=\" eplus-wrapper eplus-styles-uid-b14b53\"><mark style=\"background-color:rgba(0, 0, 0, 0)\" class=\"has-inline-color has-foreground-color\">Carrera: <\/mark><mark style=\"background-color:rgba(0, 0, 0, 0);color:#ff7805\" class=\"has-inline-color\">340.00 mm<\/mark><\/li>\n\n<li class=\" eplus-wrapper eplus-styles-uid-b14b53\"><mark style=\"background-color:rgba(0, 0, 0, 0)\" class=\"has-inline-color has-foreground-color\">Carga M\u00e1xima: <\/mark><mark style=\"background-color:rgba(0, 0, 0, 0);color:#ff7805\" class=\"has-inline-color\">150.00 Kg<\/mark><\/li>\n\n<li class=\" eplus-wrapper eplus-styles-uid-b14b53\"><mark style=\"background-color:rgba(0, 0, 0, 0)\" class=\"has-inline-color has-foreground-color\">Tornillo Patr\u00f3n: <\/mark><mark style=\"background-color:rgba(0, 0, 0, 0);color:#ff7805\" class=\"has-inline-color\">\u00d820 x 5<\/mark><\/li>\n\n<li class=\" eplus-wrapper eplus-styles-uid-b14b53\"><mark style=\"background-color:rgba(0, 0, 0, 0)\" class=\"has-inline-color has-foreground-color\">Dimensiones De La Mesa: <\/mark><mark style=\"background-color:rgba(0, 0, 0, 0);color:#ff7805\" class=\"has-inline-color\">200.00 mm x 300.00 mm<\/mark><\/li><\/ul><\/li><\/ul>\n\n<ul class=\" wp-block-list eplus-wrapper eplus-styles-uid-7db23a\"><li class=\" eplus-wrapper eplus-styles-uid-ed0e73\"><a href=\"https:\/\/4manpro.com\/SPA\/correderas\/serie-rh\/rh250-520l\/\" data-type=\"page\" data-id=\"4646\"><mark style=\"background-color:rgba(0, 0, 0, 0);color:#0693e3\" class=\"has-inline-color\">RH250-520L<\/mark><\/a><ul class=\" wp-block-list eplus-wrapper eplus-styles-uid-2427df\"><li class=\" eplus-wrapper eplus-styles-uid-5f75a5\"><mark style=\"background-color:rgba(0, 0, 0, 0)\" class=\"has-inline-color has-foreground-color\">Carrera: <\/mark><mark style=\"background-color:rgba(0, 0, 0, 0);color:#ff7805\" class=\"has-inline-color\">170.00 mm<\/mark><\/li>\n\n<li class=\" eplus-wrapper eplus-styles-uid-5f75a5\"><mark style=\"background-color:rgba(0, 0, 0, 0)\" class=\"has-inline-color has-foreground-color\">Carga M\u00e1xima: <\/mark><mark style=\"background-color:rgba(0, 0, 0, 0);color:#ff7805\" class=\"has-inline-color\">250.00 Kg<\/mark><\/li>\n\n<li class=\" eplus-wrapper eplus-styles-uid-5f75a5\"><mark style=\"background-color:rgba(0, 0, 0, 0)\" class=\"has-inline-color has-foreground-color\">Tornillo Patr\u00f3n: <\/mark><mark style=\"background-color:rgba(0, 0, 0, 0);color:#ff7805\" class=\"has-inline-color\">\u00d825 x 5<\/mark><\/li>\n\n<li class=\" eplus-wrapper eplus-styles-uid-5f75a5\"><mark style=\"background-color:rgba(0, 0, 0, 0)\" class=\"has-inline-color has-foreground-color\">Dimensiones De La Mesa: <\/mark><mark style=\"background-color:rgba(0, 0, 0, 0);color:#ff7805\" class=\"has-inline-color\">250.00 mm x 350.00 mm<\/mark><\/li><\/ul><\/li><\/ul><\/div>\n<\/div>\n\n\n<hr class=\"is-style-dots wp-block-separator has-alpha-channel-opacity eplus-wrapper\"\/>\n\n\n<div class=\"wp-block-columns alignwide eplus-wrapper is-layout-flex wp-container-core-columns-is-layout-f56f613f wp-block-columns-is-layout-flex eplus-styles-uid-7bb71f\">\n<div class=\"wp-block-column is-vertically-aligned-center eplus-wrapper is-layout-flow wp-block-column-is-layout-flow\" style=\"flex-basis:50%\"><ul class=\" wp-block-list eplus-wrapper eplus-styles-uid-e46fb9\"><li class=\" eplus-wrapper eplus-styles-uid-ed0e73\"><a href=\"https:\/\/4manpro.com\/SPA\/correderas\/serie-rh\/rh250-760l\/\" data-type=\"page\" data-id=\"4651\"><mark style=\"background-color:rgba(0, 0, 0, 0);color:#0693e3\" class=\"has-inline-color\">RH250-760L<\/mark><\/a><ul class=\" wp-block-list eplus-wrapper eplus-styles-uid-7e545b\"><li class=\" eplus-wrapper eplus-styles-uid-b14b53\"><mark style=\"background-color:rgba(0, 0, 0, 0)\" class=\"has-inline-color has-foreground-color\">Carrera: <\/mark><mark style=\"background-color:rgba(0, 0, 0, 0);color:#ff7805\" class=\"has-inline-color\">410.00 mm<\/mark><\/li>\n\n<li class=\" eplus-wrapper eplus-styles-uid-b14b53\"><mark style=\"background-color:rgba(0, 0, 0, 0)\" class=\"has-inline-color has-foreground-color\">Carga M\u00e1xima: <\/mark><mark style=\"background-color:rgba(0, 0, 0, 0);color:#ff7805\" class=\"has-inline-color\">250.00 Kg<\/mark><\/li>\n\n<li class=\" eplus-wrapper eplus-styles-uid-b14b53\"><mark style=\"background-color:rgba(0, 0, 0, 0)\" class=\"has-inline-color has-foreground-color\">Tornillo Patr\u00f3n: <\/mark><mark style=\"background-color:rgba(0, 0, 0, 0);color:#ff7805\" class=\"has-inline-color\">\u00d825 x 5<\/mark><\/li>\n\n<li class=\" eplus-wrapper eplus-styles-uid-b14b53\"><mark style=\"background-color:rgba(0, 0, 0, 0)\" class=\"has-inline-color has-foreground-color\">Dimensiones De La Mesa: <\/mark><mark style=\"background-color:rgba(0, 0, 0, 0);color:#ff7805\" class=\"has-inline-color\">250.00 mm x 350.00 mm<\/mark><\/li><\/ul><\/li><\/ul>\n\n<ul class=\" wp-block-list eplus-wrapper eplus-styles-uid-0dd15c\"><li class=\" eplus-wrapper eplus-styles-uid-ed0e73\"><a href=\"https:\/\/4manpro.com\/SPA\/correderas\/serie-rh\/rh250-1000l\/\" data-type=\"page\" data-id=\"4657\"><mark style=\"background-color:rgba(0, 0, 0, 0);color:#0693e3\" class=\"has-inline-color\">RH250-1000L<\/mark><\/a><ul class=\" wp-block-list eplus-wrapper eplus-styles-uid-6e466b\"><li class=\" eplus-wrapper eplus-styles-uid-b14b53\"><mark style=\"background-color:rgba(0, 0, 0, 0)\" class=\"has-inline-color has-foreground-color\">Carrera: <\/mark><mark style=\"background-color:rgba(0, 0, 0, 0);color:#ff7805\" class=\"has-inline-color\">650.00 mm<\/mark><\/li>\n\n<li class=\" eplus-wrapper eplus-styles-uid-b14b53\"><mark style=\"background-color:rgba(0, 0, 0, 0)\" class=\"has-inline-color has-foreground-color\">Carga M\u00e1xima: <\/mark><mark style=\"background-color:rgba(0, 0, 0, 0);color:#ff7805\" class=\"has-inline-color\">250.00 Kg<\/mark><\/li>\n\n<li class=\" eplus-wrapper eplus-styles-uid-b14b53\"><mark style=\"background-color:rgba(0, 0, 0, 0)\" class=\"has-inline-color has-foreground-color\">Tornillo Patr\u00f3n: <\/mark><mark style=\"background-color:rgba(0, 0, 0, 0);color:#ff7805\" class=\"has-inline-color\">\u00d825 x 5<\/mark><\/li>\n\n<li class=\" eplus-wrapper eplus-styles-uid-b14b53\"><mark style=\"background-color:rgba(0, 0, 0, 0)\" class=\"has-inline-color has-foreground-color\">Dimensiones De La Mesa: <\/mark><mark style=\"background-color:rgba(0, 0, 0, 0);color:#ff7805\" class=\"has-inline-color\">250.00 mm x 350.00 mm<\/mark><\/li><\/ul><\/li><\/ul>\n\n<ul class=\" wp-block-list eplus-wrapper eplus-styles-uid-e2f1bc\"><li class=\" eplus-wrapper eplus-styles-uid-ed0e73\"><a href=\"https:\/\/4manpro.com\/SPA\/correderas\/serie-rh\/rh300-520l\/\" data-type=\"page\" data-id=\"4662\"><mark style=\"background-color:rgba(0, 0, 0, 0);color:#0693e3\" class=\"has-inline-color\">RH300-520L<\/mark><\/a><ul class=\" wp-block-list eplus-wrapper eplus-styles-uid-f41def\"><li class=\" eplus-wrapper eplus-styles-uid-b14b53\"><mark style=\"background-color:rgba(0, 0, 0, 0)\" class=\"has-inline-color has-foreground-color\">Carrera: <\/mark><mark style=\"background-color:rgba(0, 0, 0, 0);color:#ff7805\" class=\"has-inline-color\">410.00 mm<\/mark><\/li>\n\n<li class=\" eplus-wrapper eplus-styles-uid-b14b53\"><mark style=\"background-color:rgba(0, 0, 0, 0)\" class=\"has-inline-color has-foreground-color\">Carga M\u00e1xima: <\/mark><mark style=\"background-color:rgba(0, 0, 0, 0);color:#ff7805\" class=\"has-inline-color\">350.00 Kg<\/mark><\/li>\n\n<li class=\" eplus-wrapper eplus-styles-uid-b14b53\"><mark style=\"background-color:rgba(0, 0, 0, 0)\" class=\"has-inline-color has-foreground-color\">Tornillo Patr\u00f3n: <\/mark><mark style=\"background-color:rgba(0, 0, 0, 0);color:#ff7805\" class=\"has-inline-color\">\u00d825 x 5<\/mark><\/li>\n\n<li class=\" eplus-wrapper eplus-styles-uid-b14b53\"><mark style=\"background-color:rgba(0, 0, 0, 0)\" class=\"has-inline-color has-foreground-color\">Dimensiones De La Mesa: <\/mark><mark style=\"background-color:rgba(0, 0, 0, 0);color:#ff7805\" class=\"has-inline-color\">300.00 mm x 350.00 mm<\/mark><\/li><\/ul><\/li><\/ul>\n\n<ul class=\" wp-block-list eplus-wrapper eplus-styles-uid-117e08\"><li class=\" eplus-wrapper eplus-styles-uid-ed0e73\"><a href=\"https:\/\/4manpro.com\/SPA\/correderas\/serie-rh\/rh300-760l\/\" data-type=\"page\" data-id=\"4667\"><mark style=\"background-color:rgba(0, 0, 0, 0);color:#0693e3\" class=\"has-inline-color\">RH300-760L<\/mark><\/a><ul class=\" wp-block-list eplus-wrapper eplus-styles-uid-c7f57c\"><li class=\" eplus-wrapper eplus-styles-uid-b14b53\"><mark style=\"background-color:rgba(0, 0, 0, 0)\" class=\"has-inline-color has-foreground-color\">Carrera: <\/mark><mark style=\"background-color:rgba(0, 0, 0, 0);color:#ff7805\" class=\"has-inline-color\">410.00 mm<\/mark><\/li>\n\n<li class=\" eplus-wrapper eplus-styles-uid-b14b53\"><mark style=\"background-color:rgba(0, 0, 0, 0)\" class=\"has-inline-color has-foreground-color\">Carga M\u00e1xima: <\/mark><mark style=\"background-color:rgba(0, 0, 0, 0);color:#ff7805\" class=\"has-inline-color\">350.00 Kg<\/mark><\/li>\n\n<li class=\" eplus-wrapper eplus-styles-uid-b14b53\"><mark style=\"background-color:rgba(0, 0, 0, 0)\" class=\"has-inline-color has-foreground-color\">Tornillo Patr\u00f3n: <\/mark><mark style=\"background-color:rgba(0, 0, 0, 0);color:#ff7805\" class=\"has-inline-color\">\u00d825 x 5<\/mark><\/li>\n\n<li class=\" eplus-wrapper eplus-styles-uid-b14b53\"><mark style=\"background-color:rgba(0, 0, 0, 0)\" class=\"has-inline-color has-foreground-color\">Dimensiones De La Mesa: <\/mark><mark style=\"background-color:rgba(0, 0, 0, 0);color:#ff7805\" class=\"has-inline-color\">300.00 mm x 350.00 mm<\/mark><\/li><\/ul><\/li><\/ul><\/div>\n\n\n\n<div class=\"wp-block-column is-vertically-aligned-top eplus-wrapper is-layout-flow wp-block-column-is-layout-flow\" style=\"flex-basis:50%\"><ul class=\" wp-block-list eplus-wrapper eplus-styles-uid-6bf21a\"><li class=\" eplus-wrapper eplus-styles-uid-ed0e73\"><a href=\"https:\/\/4manpro.com\/SPA\/correderas\/serie-rh\/rh300-1000l\/\" data-type=\"page\" data-id=\"4672\"><mark style=\"background-color:rgba(0, 0, 0, 0);color:#0693e3\" class=\"has-inline-color\">RH300-1000L<\/mark><\/a><ul class=\" wp-block-list eplus-wrapper eplus-styles-uid-8a04ea\"><li class=\" eplus-wrapper eplus-styles-uid-b14b53\"><mark style=\"background-color:rgba(0, 0, 0, 0)\" class=\"has-inline-color has-foreground-color\">Carrera: <\/mark><mark style=\"background-color:rgba(0, 0, 0, 0);color:#ff7805\" class=\"has-inline-color\">650.00 mm<\/mark><\/li>\n\n<li class=\" eplus-wrapper eplus-styles-uid-b14b53\"><mark style=\"background-color:rgba(0, 0, 0, 0)\" class=\"has-inline-color has-foreground-color\">Carga M\u00e1xima: <\/mark><mark style=\"background-color:rgba(0, 0, 0, 0);color:#ff7805\" class=\"has-inline-color\">350.00 Kg<\/mark><\/li>\n\n<li class=\" eplus-wrapper eplus-styles-uid-b14b53\"><mark style=\"background-color:rgba(0, 0, 0, 0)\" class=\"has-inline-color has-foreground-color\">Tornillo Patr\u00f3n: <\/mark><mark style=\"background-color:rgba(0, 0, 0, 0);color:#ff7805\" class=\"has-inline-color\">\u00d825 x 5<\/mark><\/li>\n\n<li class=\" eplus-wrapper eplus-styles-uid-b14b53\"><mark style=\"background-color:rgba(0, 0, 0, 0)\" class=\"has-inline-color has-foreground-color\">Dimensiones De La Mesa: <\/mark><mark style=\"background-color:rgba(0, 0, 0, 0);color:#ff7805\" class=\"has-inline-color\">300.00 mm x 350.00 mm<\/mark><\/li><\/ul><\/li><\/ul>\n\n\n<div style=\"height:76px\" aria-hidden=\"true\" class=\" wp-block-spacer eplus-wrapper\"><\/div>\n\n\n<figure class=\" wp-block-image aligncenter size-full is-resized eplus-wrapper eplus-styles-uid-96b58f\"><img decoding=\"async\" src=\"https:\/\/4manpro.com\/SPA\/wp-content\/uploads\/2024\/02\/Serie-RH-2-1.jpg\" alt=\"\" class=\"wp-image-4613\" style=\"width:250px\"><\/figure><\/div>\n<\/div>","protected":false},"excerpt":{"rendered":"<p>Todos los modelos de Servo Correderas Con Gu\u00edas Lineales Y Tornillo Embalado comercializadas por 4ManPro (For Manufacturing Processes), est\u00e1n equipadas con Servomotores de la Marca Delta Electronics\u00ae, brind\u00e1ndonos en conjunto un producto con calidad y desempe\u00f1o de excelencia. Los modelos de las Servo Correderas De Movimiento Lineal de la Serie RH est\u00e1n equipadas con gu\u00edas [&hellip;]<\/p>\n","protected":false},"author":1,"featured_media":0,"parent":98,"menu_order":0,"comment_status":"closed","ping_status":"closed","template":"principal-cuadros-individuales-2","meta":{"_crdt_document":"","editor_plus_copied_stylings":"{}","footnotes":""},"class_list":["post-4600","page","type-page","status-publish","hentry"],"_links":{"self":[{"href":"https:\/\/4manpro.com\/SPA\/wp-json\/wp\/v2\/pages\/4600","targetHints":{"allow":["GET"]}}],"collection":[{"href":"https:\/\/4manpro.com\/SPA\/wp-json\/wp\/v2\/pages"}],"about":[{"href":"https:\/\/4manpro.com\/SPA\/wp-json\/wp\/v2\/types\/page"}],"author":[{"embeddable":true,"href":"https:\/\/4manpro.com\/SPA\/wp-json\/wp\/v2\/users\/1"}],"replies":[{"embeddable":true,"href":"https:\/\/4manpro.com\/SPA\/wp-json\/wp\/v2\/comments?post=4600"}],"version-history":[{"count":77,"href":"https:\/\/4manpro.com\/SPA\/wp-json\/wp\/v2\/pages\/4600\/revisions"}],"predecessor-version":[{"id":25518,"href":"https:\/\/4manpro.com\/SPA\/wp-json\/wp\/v2\/pages\/4600\/revisions\/25518"}],"up":[{"embeddable":true,"href":"https:\/\/4manpro.com\/SPA\/wp-json\/wp\/v2\/pages\/98"}],"wp:attachment":[{"href":"https:\/\/4manpro.com\/SPA\/wp-json\/wp\/v2\/media?parent=4600"}],"curies":[{"name":"wp","href":"https:\/\/api.w.org\/{rel}","templated":true}]}}