{"id":3971,"date":"2024-02-23T10:20:43","date_gmt":"2024-02-23T16:20:43","guid":{"rendered":"https:\/\/4manpro.com\/SPA\/?page_id=3971"},"modified":"2026-03-12T19:03:22","modified_gmt":"2026-03-13T01:03:22","slug":"serie-vss","status":"publish","type":"page","link":"https:\/\/4manpro.com\/SPA\/correderas\/serie-vss\/","title":{"rendered":"Serie VSS"},"content":{"rendered":"\n<div class=\"wp-block-buttons alignwide eplus-wrapper is-content-justification-space-between is-layout-flex wp-container-core-buttons-is-layout-0e410d50 wp-block-buttons-is-layout-flex\"><div style=\"--wp--block-button--width: 25;\" class=\"wp-block-button eplus-wrapper has-custom-width wp-block-button__width wp-block-button__width-25 eplus-styles-uid-51c3dd\"><a class=\"wp-block-button__link has-foreground-color has-text-color has-background has-link-color wp-element-button\" href=\"http:\/\/WWW.4MANPRO.COM\/SPA\/\" style=\"background-color:#999999\">PRINCIPAL<\/a><\/div>\n\n<div style=\"--wp--block-button--width: 25;\" class=\"wp-block-button eplus-wrapper has-custom-width wp-block-button__width wp-block-button__width-25 eplus-styles-uid-fac616\"><a class=\"wp-block-button__link has-foreground-color has-background-background-color has-text-color has-background has-link-color wp-element-button\" href=\"https:\/\/4manpro.com\/SPA\/home\/correderas\/\">ATRAS<\/a><\/div>\n\n<div style=\"--wp--block-button--width: 25;\" class=\"wp-block-button eplus-wrapper has-custom-width wp-block-button__width wp-block-button__width-25 eplus-styles-uid-8251f2\"><a class=\"wp-block-button__link has-foreground-color has-text-color has-background has-link-color wp-element-button\" href=\"https:\/\/www.4manpro.com\/princ-2\/slide-systems\/vss-series\/\" style=\"background-color:#ff7805\"><mark style=\"background-color:rgba(0, 0, 0, 0)\" class=\"has-inline-color has-background-color\">ENGLISH<\/mark><\/a><\/div><\/div>\n\n\n\n<figure class=\" wp-block-image alignwide size-full eplus-wrapper\"><img loading=\"lazy\" decoding=\"async\" width=\"1920\" height=\"339\" src=\"https:\/\/4manpro.com\/SPA\/wp-content\/uploads\/2026\/03\/Serie-VSS.jpg\" alt=\"\" class=\"wp-image-34616\" srcset=\"https:\/\/4manpro.com\/SPA\/wp-content\/uploads\/2026\/03\/Serie-VSS.jpg 1920w, https:\/\/4manpro.com\/SPA\/wp-content\/uploads\/2026\/03\/Serie-VSS-300x53.jpg 300w, https:\/\/4manpro.com\/SPA\/wp-content\/uploads\/2026\/03\/Serie-VSS-1024x181.jpg 1024w, https:\/\/4manpro.com\/SPA\/wp-content\/uploads\/2026\/03\/Serie-VSS-768x136.jpg 768w, https:\/\/4manpro.com\/SPA\/wp-content\/uploads\/2026\/03\/Serie-VSS-1536x271.jpg 1536w\" sizes=\"auto, (max-width: 1920px) 100vw, 1920px\" \/><\/figure>\n\n\n\n<hr class=\" wp-block-separator has-alpha-channel-opacity eplus-wrapper\"\/>\n\n\n\n<div class=\"wp-block-group alignwide eplus-wrapper is-layout-constrained wp-block-group-is-layout-constrained\"><figure class=\" wp-block-image alignleft size-full is-resized eplus-wrapper eplus-styles-uid-77f467\"><img loading=\"lazy\" decoding=\"async\" width=\"1024\" height=\"1024\" src=\"https:\/\/4manpro.com\/SPA\/wp-content\/uploads\/2026\/03\/LOGO-II-3D-2.jpg\" alt=\"\" class=\"wp-image-34081\" style=\"width:200px\" srcset=\"https:\/\/4manpro.com\/SPA\/wp-content\/uploads\/2026\/03\/LOGO-II-3D-2.jpg 1024w, https:\/\/4manpro.com\/SPA\/wp-content\/uploads\/2026\/03\/LOGO-II-3D-2-300x300.jpg 300w, https:\/\/4manpro.com\/SPA\/wp-content\/uploads\/2026\/03\/LOGO-II-3D-2-150x150.jpg 150w, https:\/\/4manpro.com\/SPA\/wp-content\/uploads\/2026\/03\/LOGO-II-3D-2-768x768.jpg 768w\" sizes=\"auto, (max-width: 1024px) 100vw, 1024px\" \/><\/figure><\/div>\n\n\n<p class=\"alignwide eplus-wrapper eplus-styles-uid-cb9986 wp-block-paragraph\">Todos los modelos de\u00a0<em><mark style=\"background-color:rgba(0, 0, 0, 0);color:#ff7805\" class=\"has-inline-color\">SERVO CORREDERA DE TIPO VERTICAL<\/mark> (Con Turcite\u00ae)<\/em>\u00a0comercializadas por\u00a0<strong><mark style=\"background-color:rgba(0, 0, 0, 0);color:#ff6900\" class=\"has-inline-color\">4ManPro<\/mark><\/strong><mark style=\"background-color:rgba(0, 0, 0, 0);color:#ff6900\" class=\"has-inline-color\"><sup>\u00ae<\/sup><\/mark><strong><mark style=\"background-color:rgba(0, 0, 0, 0);color:#ff6900\" class=\"has-inline-color\">\u00a0<\/mark><\/strong><em>(Elements For Manufacturing Processes) una <mark style=\"background-color:rgba(0, 0, 0, 0);color:#ff7805\" class=\"has-inline-color\">Hann Kuen Machinery &amp; Hardware, Co., Ltd. <\/mark><\/em><strong>BRANCH OFFICE<\/strong><em>,<\/em>\u00a0est\u00e1n equipadas con\u00a0<em>Servomotores\u00a0<\/em>de la Marca\u00a0<strong><mark style=\"background-color:rgba(0, 0, 0, 0);color:#0591bd\" class=\"has-inline-color\">Delta Electronics<\/mark><\/strong><sup><mark style=\"background-color:rgba(0, 0, 0, 0);color:#0591bd\" class=\"has-inline-color\">\u00ae<\/mark><\/sup>, brind\u00e1ndonos en conjunto un producto con calidad y desempe\u00f1o de excelencia.<\/p>\n\n<p class=\"alignwide eplus-wrapper eplus-styles-uid-cb9986 wp-block-paragraph\">Los modelos de las\u00a0<mark style=\"background-color:rgba(0, 0, 0, 0);color:#ff6900\" class=\"has-inline-color\"><em>SERVO CORREDERAS DE MOVIMIENTO LINEAL VERTICAL<\/em><\/mark>\u00a0de la\u00a0<strong>SERIE <mark style=\"background-color:rgba(0, 0, 0, 0);color:#ff7805\" class=\"has-inline-color\">VSS <\/mark><\/strong>est\u00e1n equipadas con\u00a0<em>gu\u00edas de precisi\u00f3n rectangulares, endurecidas<\/em>\u00a0y\u00a0<em>rectificadas<\/em>. Esto genera\u00a0<em><mark style=\"background-color:rgba(0, 0, 0, 0);color:#ff7805\" class=\"has-inline-color\">m\u00e1s fricci\u00f3n<\/mark><\/em>\u00a0y\u00a0<em><mark style=\"background-color:rgba(0, 0, 0, 0);color:#ff7805\" class=\"has-inline-color\">disminuye la velocidad<\/mark><\/em>, pero\u00a0<em>incrementa enormemente la durabilidad<\/em>\u00a0y\u00a0<em>remanencia de su precisi\u00f3n<\/em>.<\/p>\n\n<p class=\"alignwide eplus-wrapper eplus-styles-uid-cb9986 wp-block-paragraph\">Estas correderas son utilizadas cuando se requiere\u00a0<mark style=\"background-color:rgba(0, 0, 0, 0);color:#ff7805\" class=\"has-inline-color\"><em>PRECISI\u00d3N, <\/em>AMORTIGUACI\u00d3N<\/mark> y\u00a0<em><mark style=\"background-color:rgba(0, 0, 0, 0);color:#ff7805\" class=\"has-inline-color\">RIGIDEZ<\/mark><\/em><strong><mark style=\"background-color:rgba(0, 0, 0, 0);color:#ff7805\" class=\"has-inline-color\"><em> <\/em><\/mark><\/strong>durante el mecanizado. La superficie de las gu\u00edas rectangulares y las cu\u00f1as se muelen y desechan, la superficie de contacto del sill\u00edn se est\u00e1 recubierta con\u00a0<strong>Turcite<\/strong><sup>\u00ae<\/sup>, lo que reduce la fricci\u00f3n.<\/p>\n\n<p class=\"alignwide eplus-wrapper eplus-styles-uid-cb9986 wp-block-paragraph\">Todos los elementos de la <em>SERIE <\/em><mark style=\"background-color:rgba(0, 0, 0, 0);color:#ff7805\" class=\"has-inline-color\"><strong><em>VSS<\/em><\/strong> <\/mark>cuentan con una <em>perpendicularidad dentro de<mark style=\"background-color:rgba(0, 0, 0, 0);color:#ff7805\" class=\"has-inline-color\"> <strong>0.01 mm \/ 100.00 mm<\/strong><\/mark><\/em><\/p>\n\n<p class=\"alignwide eplus-wrapper eplus-styles-uid-cb9986 wp-block-paragraph\">Las\u00a0<em><em><mark style=\"background-color:rgba(0, 0, 0, 0);color:#ff7805\" class=\"has-inline-color\">SERVO CORREDERAS DE MOVIMIENTO LINEAL VERTICAL<\/mark> <mark style=\"background-color:rgba(0, 0, 0, 0)\" class=\"has-inline-color has-foreground-color\"> (Con Turcite\u00ae)<\/mark><\/em><\/em><strong><em>\u00a0<\/em><\/strong>que que integran este apartado de elementos est\u00e1 compuesto por los siguientes dispositivos:<\/p>\n\n\n<hr class=\"is-style-dots wp-block-separator has-alpha-channel-opacity eplus-wrapper\"\/>\n\n\n<p class=\"has-background eplus-wrapper eplus-styles-uid-6eb837 wp-block-paragraph\" style=\"background-color:#696969\">Elementos<\/p>\n\n<p class=\"has-background-color has-vivid-cyan-blue-background-color has-text-color has-background has-link-color eplus-wrapper wp-elements-3d81548101d7bf99a2cecfb816ebe1e9 eplus-styles-uid-ff304d wp-block-paragraph\">SERIE VSS<\/p>\n\n<div class=\"wp-block-columns alignwide are-vertically-aligned-center eplus-wrapper is-layout-flex wp-container-core-columns-is-layout-f56f613f wp-block-columns-is-layout-flex eplus-styles-uid-21ff9a\">\n<div class=\"wp-block-column is-vertically-aligned-center eplus-wrapper is-layout-flow wp-block-column-is-layout-flow\" style=\"flex-basis:50%\"><ul class=\" wp-block-list eplus-wrapper eplus-styles-uid-33cbd7\"><li class=\" eplus-wrapper eplus-styles-uid-ba3bef\"><a href=\"https:\/\/4manpro.com\/SPA\/correderas\/serie-vss\/vss150-200-400\/\" data-type=\"page\" data-id=\"4007\"><mark style=\"background-color:rgba(0, 0, 0, 0);color:#0693e3\" class=\"has-inline-color\">VSS150-200\/400<\/mark><\/a><ul class=\" wp-block-list eplus-wrapper eplus-styles-uid-ce1d06\"><li class=\" eplus-wrapper eplus-styles-uid-b14b53\"><mark style=\"background-color:rgba(0, 0, 0, 0)\" class=\"has-inline-color has-foreground-color\">CARRERA M\u00c1XIMA VERTICAL: <\/mark><ul class=\" wp-block-list eplus-wrapper eplus-styles-uid-a46398\"><li class=\" eplus-wrapper eplus-styles-uid-0fa5d9\">180.00 mm<\/li><\/ul><\/li>\n\n<li class=\" eplus-wrapper eplus-styles-uid-b14b53\"><mark style=\"background-color:rgba(0, 0, 0, 0)\" class=\"has-inline-color has-foreground-color\">TIPO DE TORNILLO PATR\u00d3N: <\/mark><ul class=\" wp-block-list eplus-wrapper eplus-styles-uid-a2266f\"><li class=\" eplus-wrapper eplus-styles-uid-0fa5d9\">\u00d816 x 5<\/li><\/ul><\/li>\n\n<li class=\" eplus-wrapper eplus-styles-uid-b14b53\"><mark style=\"background-color:rgba(0, 0, 0, 0)\" class=\"has-inline-color has-foreground-color\">DIMENSIONES DE LA MESA: <\/mark><ul class=\" wp-block-list eplus-wrapper eplus-styles-uid-587d22\"><li class=\" eplus-wrapper eplus-styles-uid-0fa5d9\">150.00 mm x 200.00 mm<\/li><\/ul><\/li><\/ul><\/li><\/ul>\n\n<ul class=\" wp-block-list eplus-wrapper eplus-styles-uid-10989b\"><li class=\" eplus-wrapper eplus-styles-uid-ba3bef\"><a href=\"https:\/\/4manpro.com\/SPA\/correderas\/serie-vss\/vss220-300-420\/\" data-type=\"page\" data-id=\"4001\"><mark style=\"background-color:rgba(0, 0, 0, 0);color:#0693e3\" class=\"has-inline-color\">VSS220-300\/420<\/mark><\/a><ul class=\" wp-block-list eplus-wrapper eplus-styles-uid-7fe7b9\"><li class=\" eplus-wrapper eplus-styles-uid-b14b53\"><mark style=\"background-color:rgba(0, 0, 0, 0)\" class=\"has-inline-color has-foreground-color\">CARRERA M\u00c1XIMA VERTICAL: <\/mark><ul class=\" wp-block-list eplus-wrapper eplus-styles-uid-69bee2\"><li class=\" eplus-wrapper eplus-styles-uid-0fa5d9\">100.00 mm<\/li><\/ul><\/li>\n\n<li class=\" eplus-wrapper eplus-styles-uid-b14b53\"><mark style=\"background-color:rgba(0, 0, 0, 0)\" class=\"has-inline-color has-foreground-color\">TIPO DE TORNILLO PATR\u00d3N: <\/mark><ul class=\" wp-block-list eplus-wrapper eplus-styles-uid-59161e\"><li class=\" eplus-wrapper eplus-styles-uid-0fa5d9\">\u00d825 x 5<\/li><\/ul><\/li>\n\n<li class=\" eplus-wrapper eplus-styles-uid-b14b53\"><mark style=\"background-color:rgba(0, 0, 0, 0)\" class=\"has-inline-color has-foreground-color\">DIMENSIONES DE LA MESA: <\/mark><ul class=\" wp-block-list eplus-wrapper eplus-styles-uid-f8726d\"><li class=\" eplus-wrapper eplus-styles-uid-0fa5d9\">220.00 mm x 300.00 mm<\/li><\/ul><\/li><\/ul><\/li><\/ul>\n\n<ul class=\" wp-block-list eplus-wrapper eplus-styles-uid-319680\"><li class=\" eplus-wrapper eplus-styles-uid-ba3bef\"><a href=\"https:\/\/4manpro.com\/SPA\/correderas\/serie-vss\/vss220-300-670\/\" data-type=\"page\" data-id=\"4012\"><mark style=\"background-color:rgba(0, 0, 0, 0);color:#0693e3\" class=\"has-inline-color\">VSS220-300\/670<\/mark><\/a><ul class=\" wp-block-list eplus-wrapper eplus-styles-uid-627313\"><li class=\" eplus-wrapper eplus-styles-uid-b14b53\"><mark style=\"background-color:rgba(0, 0, 0, 0)\" class=\"has-inline-color has-foreground-color\">CARRERA M\u00c1XIMA VERTICAL: <\/mark><ul class=\" wp-block-list eplus-wrapper eplus-styles-uid-f2acd2\"><li class=\" eplus-wrapper eplus-styles-uid-0fa5d9\">200.00 mm<\/li><\/ul><\/li>\n\n<li class=\" eplus-wrapper eplus-styles-uid-b14b53\"><mark style=\"background-color:rgba(0, 0, 0, 0)\" class=\"has-inline-color has-foreground-color\">TIPO DE TORNILLO PATR\u00d3N: <\/mark><ul class=\" wp-block-list eplus-wrapper eplus-styles-uid-b5c717\"><li class=\" eplus-wrapper eplus-styles-uid-0fa5d9\">\u00d825 x 5<\/li><\/ul><\/li>\n\n<li class=\" eplus-wrapper eplus-styles-uid-b14b53\"><mark style=\"background-color:rgba(0, 0, 0, 0)\" class=\"has-inline-color has-foreground-color\">DIMENSIONES DE LA MESA: <\/mark><ul class=\" wp-block-list eplus-wrapper eplus-styles-uid-b1d7cb\"><li class=\" eplus-wrapper eplus-styles-uid-0fa5d9\">220.00 mm x 300.00 mm<\/li><\/ul><\/li><\/ul><\/li><\/ul><\/div>\n\n\n\n<div class=\"wp-block-column is-vertically-aligned-center eplus-wrapper is-layout-flow wp-block-column-is-layout-flow\" style=\"flex-basis:50%\"><figure class=\" wp-block-image aligncenter size-full is-resized eplus-wrapper eplus-styles-uid-786219\"><img loading=\"lazy\" decoding=\"async\" width=\"827\" height=\"827\" src=\"https:\/\/4manpro.com\/SPA\/wp-content\/uploads\/2026\/03\/Serie-VSS-1.jpg\" alt=\"\" class=\"wp-image-34523\" style=\"width:300px\" srcset=\"https:\/\/4manpro.com\/SPA\/wp-content\/uploads\/2026\/03\/Serie-VSS-1.jpg 827w, https:\/\/4manpro.com\/SPA\/wp-content\/uploads\/2026\/03\/Serie-VSS-1-300x300.jpg 300w, https:\/\/4manpro.com\/SPA\/wp-content\/uploads\/2026\/03\/Serie-VSS-1-150x150.jpg 150w, https:\/\/4manpro.com\/SPA\/wp-content\/uploads\/2026\/03\/Serie-VSS-1-768x768.jpg 768w\" sizes=\"auto, (max-width: 827px) 100vw, 827px\" \/><\/figure><\/div>\n\n\n\n<div class=\"wp-block-column is-vertically-aligned-center eplus-wrapper is-layout-flow wp-block-column-is-layout-flow\" style=\"flex-basis:50%\"><ul class=\" wp-block-list eplus-wrapper eplus-styles-uid-2fa9b1\"><li class=\" eplus-wrapper eplus-styles-uid-ba3bef\"><a href=\"https:\/\/4manpro.com\/SPA\/correderas\/serie-vss\/vss300-360-540\/\" data-type=\"page\" data-id=\"4017\"><mark style=\"background-color:rgba(0, 0, 0, 0);color:#0693e3\" class=\"has-inline-color\">VSS300-360\/540<\/mark><\/a><ul class=\" wp-block-list eplus-wrapper eplus-styles-uid-22c01c\"><li class=\" eplus-wrapper eplus-styles-uid-b14b53\"><mark style=\"background-color:rgba(0, 0, 0, 0)\" class=\"has-inline-color has-foreground-color\">CARRERA M\u00c1XIMA VERTICAL: <\/mark><ul class=\" wp-block-list eplus-wrapper eplus-styles-uid-20796e\"><li class=\" eplus-wrapper eplus-styles-uid-0fa5d9\">120.00 mm<\/li><\/ul><\/li>\n\n<li class=\" eplus-wrapper eplus-styles-uid-b14b53\"><mark style=\"background-color:rgba(0, 0, 0, 0)\" class=\"has-inline-color has-foreground-color\">TIPO DE TORNILLO PATR\u00d3N: <\/mark><ul class=\" wp-block-list eplus-wrapper eplus-styles-uid-b96168\"><li class=\" eplus-wrapper eplus-styles-uid-0fa5d9\">\u00d825 x 5<\/li><\/ul><\/li>\n\n<li class=\" eplus-wrapper eplus-styles-uid-b14b53\"><mark style=\"background-color:rgba(0, 0, 0, 0)\" class=\"has-inline-color has-foreground-color\">DIMENSIONES DE LA MESA: <\/mark><ul class=\" wp-block-list eplus-wrapper eplus-styles-uid-cdb483\"><li class=\" eplus-wrapper eplus-styles-uid-0fa5d9\">220.00 mm x 300.00 mm<\/li><\/ul><\/li><\/ul><\/li><\/ul>\n\n<ul class=\" wp-block-list eplus-wrapper eplus-styles-uid-5003f7\"><li class=\" eplus-wrapper eplus-styles-uid-ba3bef\"><a href=\"https:\/\/4manpro.com\/SPA\/correderas\/serie-vss\/vss300-360-720\/\" data-type=\"page\" data-id=\"4022\"><mark style=\"background-color:rgba(0, 0, 0, 0);color:#0693e3\" class=\"has-inline-color\">VSS300-360\/720<\/mark><\/a><ul class=\" wp-block-list eplus-wrapper eplus-styles-uid-f1a38c\"><li class=\" eplus-wrapper eplus-styles-uid-b14b53\"><mark style=\"background-color:rgba(0, 0, 0, 0)\" class=\"has-inline-color has-foreground-color\">CARRERA M\u00c1XIMA VERTICAL: <\/mark><ul class=\" wp-block-list eplus-wrapper eplus-styles-uid-1d4f58\"><li class=\" eplus-wrapper eplus-styles-uid-0fa5d9\">220.00 mm<\/li><\/ul><\/li>\n\n<li class=\" eplus-wrapper eplus-styles-uid-b14b53\"><mark style=\"background-color:rgba(0, 0, 0, 0)\" class=\"has-inline-color has-foreground-color\">TIPO DE TORNILLO PATR\u00d3N: <\/mark><ul class=\" wp-block-list eplus-wrapper eplus-styles-uid-5039cc\"><li class=\" eplus-wrapper eplus-styles-uid-0fa5d9\">\u00d825 x 5<\/li><\/ul><\/li>\n\n<li class=\" eplus-wrapper eplus-styles-uid-b14b53\"><mark style=\"background-color:rgba(0, 0, 0, 0)\" class=\"has-inline-color has-foreground-color\">DIMENSIONES DE LA MESA: <\/mark><ul class=\" wp-block-list eplus-wrapper eplus-styles-uid-de1731\"><li class=\" eplus-wrapper eplus-styles-uid-0fa5d9\">220.00 mm x 300.00 mm<\/li><\/ul><\/li><\/ul><\/li><\/ul>\n\n<ul class=\" wp-block-list eplus-wrapper eplus-styles-uid-b8beb4\"><li class=\" eplus-wrapper eplus-styles-uid-ba3bef\"><a href=\"https:\/\/4manpro.com\/SPA\/correderas\/serie-vss\/vss360-360-920\/\" data-type=\"page\" data-id=\"4027\"><mark style=\"background-color:rgba(0, 0, 0, 0);color:#0693e3\" class=\"has-inline-color\">VSS360-360\/920<\/mark><\/a><ul class=\" wp-block-list eplus-wrapper eplus-styles-uid-b0e2b1\"><li class=\" eplus-wrapper eplus-styles-uid-b14b53\"><mark style=\"background-color:rgba(0, 0, 0, 0)\" class=\"has-inline-color has-foreground-color\">CARRERA M\u00c1XIMA VERTICAL: <\/mark><ul class=\" wp-block-list eplus-wrapper eplus-styles-uid-a7d383\"><li class=\" eplus-wrapper eplus-styles-uid-0fa5d9\">260.00 mm<\/li><\/ul><\/li>\n\n<li class=\" eplus-wrapper eplus-styles-uid-b14b53\"><mark style=\"background-color:rgba(0, 0, 0, 0)\" class=\"has-inline-color has-foreground-color\">TIPO DE TORNILLO PATR\u00d3N: <\/mark><ul class=\" wp-block-list eplus-wrapper eplus-styles-uid-5e77fe\"><li class=\" eplus-wrapper eplus-styles-uid-0fa5d9\">\u00d825 x 5<\/li><\/ul><\/li>\n\n<li class=\" eplus-wrapper eplus-styles-uid-b14b53\"><mark style=\"background-color:rgba(0, 0, 0, 0)\" class=\"has-inline-color has-foreground-color\">DIMENSIONES DE LA MESA: <\/mark><ul class=\" wp-block-list eplus-wrapper eplus-styles-uid-cf3355\"><li class=\" eplus-wrapper eplus-styles-uid-0fa5d9\">220.00 mm x 300.00 mm<\/li><\/ul><\/li><\/ul><\/li><\/ul><\/div>\n<\/div>","protected":false},"excerpt":{"rendered":"<p>Todos los modelos de\u00a0SERVO CORREDERA DE TIPO VERTICAL (Con Turcite\u00ae)\u00a0comercializadas por\u00a04ManPro\u00ae\u00a0(Elements For Manufacturing Processes) una Hann Kuen Machinery &amp; Hardware, Co., Ltd. BRANCH OFFICE,\u00a0est\u00e1n equipadas con\u00a0Servomotores\u00a0de la Marca\u00a0Delta Electronics\u00ae, brind\u00e1ndonos en conjunto un producto con calidad y desempe\u00f1o de excelencia. Los modelos de las\u00a0SERVO CORREDERAS DE MOVIMIENTO LINEAL VERTICAL\u00a0de la\u00a0SERIE VSS est\u00e1n equipadas con\u00a0gu\u00edas de [&hellip;]<\/p>\n","protected":false},"author":1,"featured_media":0,"parent":98,"menu_order":0,"comment_status":"closed","ping_status":"closed","template":"principal-cuadros-individuales-2","meta":{"_crdt_document":"","editor_plus_copied_stylings":"{}","footnotes":""},"class_list":["post-3971","page","type-page","status-publish","hentry"],"_links":{"self":[{"href":"https:\/\/4manpro.com\/SPA\/wp-json\/wp\/v2\/pages\/3971","targetHints":{"allow":["GET"]}}],"collection":[{"href":"https:\/\/4manpro.com\/SPA\/wp-json\/wp\/v2\/pages"}],"about":[{"href":"https:\/\/4manpro.com\/SPA\/wp-json\/wp\/v2\/types\/page"}],"author":[{"embeddable":true,"href":"https:\/\/4manpro.com\/SPA\/wp-json\/wp\/v2\/users\/1"}],"replies":[{"embeddable":true,"href":"https:\/\/4manpro.com\/SPA\/wp-json\/wp\/v2\/comments?post=3971"}],"version-history":[{"count":59,"href":"https:\/\/4manpro.com\/SPA\/wp-json\/wp\/v2\/pages\/3971\/revisions"}],"predecessor-version":[{"id":34624,"href":"https:\/\/4manpro.com\/SPA\/wp-json\/wp\/v2\/pages\/3971\/revisions\/34624"}],"up":[{"embeddable":true,"href":"https:\/\/4manpro.com\/SPA\/wp-json\/wp\/v2\/pages\/98"}],"wp:attachment":[{"href":"https:\/\/4manpro.com\/SPA\/wp-json\/wp\/v2\/media?parent=3971"}],"curies":[{"name":"wp","href":"https:\/\/api.w.org\/{rel}","templated":true}]}}