{"id":35808,"date":"2026-03-24T19:09:04","date_gmt":"2026-03-25T01:09:04","guid":{"rendered":"https:\/\/4manpro.com\/SPA\/?page_id=35808"},"modified":"2026-03-24T19:10:50","modified_gmt":"2026-03-25T01:10:50","slug":"serie-smd-machueleado-perforado","status":"publish","type":"page","link":"https:\/\/4manpro.com\/SPA\/fresado-mandrilado\/serie-smd-machueleado-perforado\/","title":{"rendered":"Serie SMD (MACHUELEADO\/PERFORADO)"},"content":{"rendered":"\n<div class=\"wp-block-buttons alignwide eplus-wrapper is-content-justification-space-between is-nowrap is-layout-flex wp-container-core-buttons-is-layout-001e8bfb wp-block-buttons-is-layout-flex\"><div style=\"--wp--block-button--width: 50;\" class=\"wp-block-button eplus-wrapper has-custom-width wp-block-button__width wp-block-button__width-50 eplus-styles-uid-316751\"><a class=\"wp-block-button__link has-foreground-color has-text-color has-background has-link-color wp-element-button\" href=\"https:\/\/4manpro.com\/SPA\/\" style=\"background-color:#696969\">PRINCIPAL<\/a><\/div>\n\n<div style=\"--wp--block-button--width: 50;\" class=\"wp-block-button eplus-wrapper has-custom-width wp-block-button__width wp-block-button__width-50 eplus-styles-uid-d447db\"><a class=\"wp-block-button__link has-foreground-color has-background-background-color has-text-color has-background has-link-color wp-element-button\" href=\"https:\/\/4manpro.com\/SPA\/machueleado-perforado\/\">ATR\u00c1S<\/a><\/div>\n\n<div style=\"--wp--block-button--width: 50;\" class=\"wp-block-button eplus-wrapper has-custom-width wp-block-button__width wp-block-button__width-50 eplus-styles-uid-157c57\"><a class=\"wp-block-button__link has-background wp-element-button\" href=\"https:\/\/www.4manpro.com\/princ-2\/boring-milling-spindles\/sm-series\/\" style=\"background-color:#ff7805\">ENGLISH<\/a><\/div><\/div>\n\n\n\n<figure class=\" wp-block-image alignwide size-full eplus-wrapper\"><img loading=\"lazy\" decoding=\"async\" width=\"1920\" height=\"339\" src=\"https:\/\/4manpro.com\/SPA\/wp-content\/uploads\/2026\/03\/Serie-SMD.jpg\" alt=\"\" class=\"wp-image-34694\" srcset=\"https:\/\/4manpro.com\/SPA\/wp-content\/uploads\/2026\/03\/Serie-SMD.jpg 1920w, https:\/\/4manpro.com\/SPA\/wp-content\/uploads\/2026\/03\/Serie-SMD-300x53.jpg 300w, https:\/\/4manpro.com\/SPA\/wp-content\/uploads\/2026\/03\/Serie-SMD-1024x181.jpg 1024w, https:\/\/4manpro.com\/SPA\/wp-content\/uploads\/2026\/03\/Serie-SMD-768x136.jpg 768w, https:\/\/4manpro.com\/SPA\/wp-content\/uploads\/2026\/03\/Serie-SMD-1536x271.jpg 1536w\" sizes=\"auto, (max-width: 1920px) 100vw, 1920px\" \/><\/figure>\n\n\n\n<hr class=\"is-style-default wp-block-separator has-alpha-channel-opacity eplus-wrapper\"\/>\n\n\n\n<div class=\"wp-block-group alignwide eplus-wrapper is-layout-constrained wp-block-group-is-layout-constrained\"><figure class=\" wp-block-image alignleft size-full is-resized eplus-wrapper eplus-styles-uid-ac1477\"><img loading=\"lazy\" decoding=\"async\" width=\"512\" height=\"512\" src=\"https:\/\/4manpro.com\/SPA\/wp-content\/uploads\/2026\/03\/LOGO-BLANCO-II-3D-3.jpg\" alt=\"\" class=\"wp-image-34469\" style=\"width:200px\" srcset=\"https:\/\/4manpro.com\/SPA\/wp-content\/uploads\/2026\/03\/LOGO-BLANCO-II-3D-3.jpg 512w, https:\/\/4manpro.com\/SPA\/wp-content\/uploads\/2026\/03\/LOGO-BLANCO-II-3D-3-300x300.jpg 300w, https:\/\/4manpro.com\/SPA\/wp-content\/uploads\/2026\/03\/LOGO-BLANCO-II-3D-3-150x150.jpg 150w\" sizes=\"auto, (max-width: 512px) 100vw, 512px\" \/><\/figure>\n\n<p class=\"alignwide eplus-wrapper eplus-styles-uid-cb9986 wp-block-paragraph\">Los <strong>Husillos Magn\u00e9ticos Compactos<\/strong> de <mark style=\"background-color:rgba(0, 0, 0, 0);color:#ff7805\" class=\"has-inline-color\"><strong>4ManPro<\/strong><sup>\u00ae<\/sup><\/mark> <em>(Elements For Manufacturing Processes) <\/em>a <em><mark style=\"background-color:rgba(0, 0, 0, 0);color:#ff7805\" class=\"has-inline-color\">Hann Kuen Machinery &amp; Hardware<\/mark> <\/em><strong>BRANCH OFFICE<\/strong>, representan una innovaci\u00f3n excepcional en la industria de la automatizaci\u00f3n. Estos dispositivos de precisi\u00f3n integran de manera eficiente la tecnolog\u00eda del control magn\u00e9tico con un sobresaliente control del husillo y su torque en mecanizados de baja velocidad, lo que garantiza un rendimiento superior en numerosas aplicaciones industriales.<\/p>\n\n<p class=\"alignwide eplus-wrapper eplus-styles-uid-cb9986 wp-block-paragraph\">La evoluci\u00f3n hacia la <strong>Manufactura 4.0<\/strong> exige componentes que trasciendan los l\u00edmites mec\u00e1nicos convencionales. Los <strong>husillos magn\u00e9ticos compactos de la serie SMD<\/strong>, fabricados por <strong>Hann Kuen<\/strong> y distribuidos estrat\u00e9gicamente por <strong><mark style=\"background-color:rgba(0, 0, 0, 0);color:#ff7805\" class=\"has-inline-color\"><strong>4ManPro<\/strong><sup>\u00ae<\/sup><\/mark><\/strong>, representan un salto cualitativo en la arquitectura de unidades de potencia para procesos de taladrado y fresado de alta cadencia.<\/p>\n\n<figure class=\" wp-block-image alignleft size-full is-resized eplus-wrapper eplus-styles-uid-8c3dc9\"><img loading=\"lazy\" decoding=\"async\" width=\"1024\" height=\"1024\" src=\"https:\/\/4manpro.com\/SPA\/wp-content\/uploads\/2026\/01\/HARDY-NARANJA-3D.jpg\" alt=\"\" class=\"wp-image-32236\" style=\"width:200px\" srcset=\"https:\/\/4manpro.com\/SPA\/wp-content\/uploads\/2026\/01\/HARDY-NARANJA-3D.jpg 1024w, https:\/\/4manpro.com\/SPA\/wp-content\/uploads\/2026\/01\/HARDY-NARANJA-3D-300x300.jpg 300w, https:\/\/4manpro.com\/SPA\/wp-content\/uploads\/2026\/01\/HARDY-NARANJA-3D-150x150.jpg 150w, https:\/\/4manpro.com\/SPA\/wp-content\/uploads\/2026\/01\/HARDY-NARANJA-3D-768x768.jpg 768w\" sizes=\"auto, (max-width: 1024px) 100vw, 1024px\" \/><\/figure>\n\n<p class=\"alignwide eplus-wrapper eplus-styles-uid-cb9986 wp-block-paragraph\">El <em>husillo con motor magn\u00e9tico<\/em> <em>directo <\/em><strong>SMD80-BT40<\/strong> est\u00e1n dise\u00f1ado para <em>taladrar, roscar, mandrilar, fresar<\/em> y otras aplicaciones de mecanizado ofrecidas por <mark style=\"background-color:rgba(0, 0, 0, 0);color:#ff7805\" class=\"has-inline-color\"><strong>4ManPro<\/strong><sup>\u00ae<\/sup><\/mark> <em>(Elements For Manufacturing Processes) <\/em>a <em><mark style=\"background-color:rgba(0, 0, 0, 0);color:#ff7805\" class=\"has-inline-color\">Hann Kuen Machinery &amp; Hardware<\/mark> <\/em><strong>BRANCH OFFICE<\/strong>. <\/p>\n\n<p class=\"alignwide eplus-wrapper eplus-styles-uid-cb9986 wp-block-paragraph\">El <strong>SMD80 <\/strong>est\u00e1 equipado con un codificador y un variador de frecuencia de<em><strong> 5.5 <\/strong>kW (<strong>7.38 <\/strong>h.p.)<\/em> con <em>tarjeta <\/em><strong><em>PG<\/em> <\/strong>para controlar con precisi\u00f3n la velocidad de rotaci\u00f3n y el posicionamiento del husillo. Al procesar a baja velocidad, el inversor compensa autom\u00e1ticamente el par insuficiente, lo que mejora la calidad del procesamiento y la eficiencia de la producci\u00f3n. <\/p>\n\n<p class=\"alignwide eplus-wrapper eplus-styles-uid-21327e wp-block-paragraph\"><mark style=\"background-color:rgba(0, 0, 0, 0);color:#ff7805\" class=\"has-inline-color\"><strong>4ManPro<\/strong><sup>\u00ae<\/sup><\/mark> <em>(Elements For Manufacturing Processes) <\/em>a <em><mark style=\"background-color:rgba(0, 0, 0, 0);color:#ff7805\" class=\"has-inline-color\">Hann Kuen Machinery &amp; Hardware<\/mark> <\/em><strong>BRANCH OFFICE<\/strong>, ofrece el <strong>SMD-80<\/strong>, como un producto que  admite velocidades est\u00e1ndar m\u00e1ximas de <strong><em>1,500 rpm<\/em><\/strong> y opcionalmente de hasta <strong><em>6,000 rpm<\/em><\/strong>, cono de <em>husillo <strong>BT40<\/strong><\/em>, potencia del motor de <em><strong>4,2 <\/strong>kW (<strong>2.68 <\/strong>h.p.)<\/em> y par nominal de <strong><em>20,0 Nm.<\/em><\/strong> Se recomienda utilizar un enfriador de aceite para la circulaci\u00f3n del calor y as\u00ed mantener la estabilidad del funcionamiento del motor del husillo.<\/p>\n\n<p class=\"alignwide eplus-wrapper eplus-styles-uid-21327e wp-block-paragraph\">La <em>Serie <\/em><strong><mark style=\"background-color:rgba(0, 0, 0, 0)\" class=\"has-inline-color has-foreground-color\"><em>SMD<\/em> <\/mark><\/strong>integra una tecnolog\u00eda de acoplamiento que redefine la eficiencia operativa, ofrece al entre otras las siguientes ventajas:<\/p>\n\n<ul class=\" wp-block-list eplus-wrapper eplus-styles-uid-1b7992\"><li class=\" eplus-wrapper eplus-styles-uid-24b8d8\"><mark style=\"background-color:rgba(0, 0, 0, 0);color:#ff7805\" class=\"has-inline-color\"><strong>Densidad de Potencia Superior:<\/strong> <\/mark><ul class=\" wp-block-list eplus-wrapper eplus-styles-uid-b4b273\"><li class=\" eplus-wrapper eplus-styles-uid-8fc261\"><em><mark style=\"background-color:rgba(0, 0, 0, 0)\" class=\"has-inline-color has-foreground-color\">Su dise\u00f1o compacto permite una integraci\u00f3n modular en espacios reducidos sin sacrificar el torque necesario para aplicaciones de servicio pesado.<\/mark><\/em><\/li><\/ul><\/li>\n\n<li class=\" eplus-wrapper eplus-styles-uid-24b8d8\"><mark style=\"background-color:rgba(0, 0, 0, 0);color:#ff7805\" class=\"has-inline-color\"><strong>Mitigaci\u00f3n T\u00e9rmica y Vibratoria:<\/strong> <\/mark><ul class=\" wp-block-list eplus-wrapper eplus-styles-uid-f2b947\"><li class=\" eplus-wrapper eplus-styles-uid-8fc261\"><em><mark style=\"background-color:rgba(0, 0, 0, 0)\" class=\"has-inline-color has-foreground-color\">Al minimizar el contacto mec\u00e1nico directo y optimizar el balanceo din\u00e1mico, se reduce dr\u00e1sticamente la transferencia de calor hacia el herramental, garantizando una <strong>estabilidad dimensional<\/strong> superior en tolerancias microm\u00e9tricas.<\/mark><\/em><\/li><\/ul><\/li>\n\n<li class=\" eplus-wrapper eplus-styles-uid-24b8d8\"><strong>Mantenimiento Predictivo Optimizado:<\/strong> <ul class=\" wp-block-list eplus-wrapper eplus-styles-uid-53c940\"><li class=\" eplus-wrapper eplus-styles-uid-a54e78\"><mark style=\"background-color:rgba(0, 0, 0, 0)\" class=\"has-inline-color has-foreground-color\">La reducci\u00f3n de componentes de desgaste prolonga el <strong>MTBF <\/strong>(<em>Mean Time Between Failures<\/em>), disminuyendo los costos operativos (<strong>OPEX<\/strong>) en l\u00edneas de producci\u00f3n continua.<\/mark><\/li><\/ul><\/li>\n\n<li class=\" eplus-wrapper eplus-styles-uid-24b8d8\"><strong>Versatilidad de Control:<\/strong> <ul class=\" wp-block-list eplus-wrapper eplus-styles-uid-fbc0f8\"><li class=\" eplus-wrapper eplus-styles-uid-8fc261\"><em><mark style=\"background-color:rgba(0, 0, 0, 0)\" class=\"has-inline-color has-foreground-color\">Se cuenta con un excelente control en maquinados de alta precisi\u00f3n a bajas velocidades, donde la dureza de los materiales o el tipo de mecanizado as\u00ed lo demanda.<\/mark><\/em><\/li><\/ul><\/li><\/ul>\n\n<figure class=\" wp-block-image alignright size-full is-resized eplus-wrapper eplus-styles-uid-1bf127\"><img loading=\"lazy\" decoding=\"async\" width=\"1024\" height=\"1024\" src=\"https:\/\/4manpro.com\/SPA\/wp-content\/uploads\/2026\/03\/4ManPro-3.jpg\" alt=\"\" class=\"wp-image-34534\" style=\"width:175px\" srcset=\"https:\/\/4manpro.com\/SPA\/wp-content\/uploads\/2026\/03\/4ManPro-3.jpg 1024w, https:\/\/4manpro.com\/SPA\/wp-content\/uploads\/2026\/03\/4ManPro-3-300x300.jpg 300w, https:\/\/4manpro.com\/SPA\/wp-content\/uploads\/2026\/03\/4ManPro-3-150x150.jpg 150w, https:\/\/4manpro.com\/SPA\/wp-content\/uploads\/2026\/03\/4ManPro-3-768x768.jpg 768w\" sizes=\"auto, (max-width: 1024px) 100vw, 1024px\" \/><\/figure>\n\n<p class=\"alignwide eplus-wrapper eplus-styles-uid-cb9986 wp-block-paragraph\">La implementaci\u00f3n de la <em>Serie <\/em><strong><mark style=\"background-color:rgba(0, 0, 0, 0);color:#ff7805\" class=\"has-inline-color\"><em>SMD<\/em> <\/mark><\/strong>a trav\u00e9s de <mark style=\"background-color:rgba(0, 0, 0, 0);color:#ff7805\" class=\"has-inline-color\"><strong>4ManPro<\/strong><sup>\u00ae<\/sup><\/mark> <em>(Elements For Manufacturing Processes) <\/em>a <em><mark style=\"background-color:rgba(0, 0, 0, 0);color:#ff7805\" class=\"has-inline-color\">Hann Kuen Machinery &amp; Hardware<\/mark> <\/em><strong>BRANCH<\/strong> asegura no solo un hardware de clase mundial, sino el soporte t\u00e9cnico especializado necesario para elevar la productividad y la excelencia geom\u00e9trica en cada ciclo de producci\u00f3n.<\/p>\n\n<p class=\"alignwide eplus-wrapper eplus-styles-uid-cb9986 wp-block-paragraph\">En cuanto a las novedades, <mark style=\"background-color:rgba(0, 0, 0, 0);color:#ff7805\" class=\"has-inline-color\"><strong>4ManPro<\/strong><sup>\u00ae<\/sup><\/mark> <em>(Elements For Manufacturing Processes) <\/em>a <em><mark style=\"background-color:rgba(0, 0, 0, 0);color:#ff7805\" class=\"has-inline-color\">Hann Kuen Machinery &amp; Hardware<\/mark> <\/em><strong>BRANCH OFFICE<\/strong>, ha incorporado funciones avanzadas de conectividad y control, que permiten una integraci\u00f3n f\u00e1cil en entornos de fabricaci\u00f3n automatizada. Adem\u00e1s, la capacidad de programaci\u00f3n flexible de estos servo husillos compactos ofrece a los usuarios una mayor versatilidad para adaptarse a diferentes necesidades de producci\u00f3n.<\/p>\n\n<p class=\"alignwide eplus-wrapper eplus-styles-uid-cb9986 wp-block-paragraph\">Los elementos que componen la <em>Serie <\/em><strong><mark style=\"background-color:rgba(0, 0, 0, 0);color:#ff7805\" class=\"has-inline-color\"><em>SMD<\/em><\/mark> <\/strong>de <em><strong>Servo Husillos Compactos<\/strong><\/em> son presentados a continuaci\u00f3n.<\/p><\/div>\n\n\n\n<hr class=\"is-style-dots wp-block-separator has-alpha-channel-opacity eplus-wrapper\"\/>\n\n\n<p class=\"has-background eplus-wrapper eplus-styles-uid-25784e wp-block-paragraph\" style=\"background-color:#696969\">ELEMENTOS<\/p>\n\n<p class=\"has-background-color has-vivid-cyan-blue-background-color has-text-color has-background has-link-color eplus-wrapper wp-elements-0e7d1deb9dc6f651c76201857306f63a eplus-styles-uid-d5cb69 wp-block-paragraph\">SERIE SMD<\/p>\n\n<p class=\"eplus-wrapper eplus-styles-uid-05beae wp-block-paragraph\">Servo Cabezales Compactos Con Enfriamiento Por Aceite De Velocidad Est\u00e1ndar<\/p>\n\n<div class=\"wp-block-columns alignwide are-vertically-aligned-center eplus-wrapper is-layout-flex wp-container-core-columns-is-layout-f56f613f wp-block-columns-is-layout-flex eplus-styles-uid-22b738\">\n<div class=\"wp-block-column is-vertically-aligned-center eplus-wrapper is-layout-flow wp-block-column-is-layout-flow\" style=\"flex-basis:40%\"><figure data-wp-context='{\"imageId\":\"69d9103f084d4\"}' data-wp-interactive=\"core\/image\" data-wp-key=\"69d9103f084d4\" class=\"wp-block-image size-full eplus-wrapper eplus-styles-uid-ee5832 wp-lightbox-container\"><img loading=\"lazy\" decoding=\"async\" width=\"827\" height=\"827\" data-wp-class--hide=\"state.isContentHidden\" data-wp-class--show=\"state.isContentVisible\" data-wp-init=\"callbacks.setButtonStyles\" data-wp-on--click=\"actions.showLightbox\" data-wp-on--load=\"callbacks.setButtonStyles\" data-wp-on--pointerdown=\"actions.preloadImage\" data-wp-on--pointerenter=\"actions.preloadImageWithDelay\" data-wp-on--pointerleave=\"actions.cancelPreload\" data-wp-on-window--resize=\"callbacks.setButtonStyles\" src=\"https:\/\/4manpro.com\/SPA\/wp-content\/uploads\/2026\/03\/Serie-SMD-2.jpg\" alt=\"\" class=\"wp-image-34779\" srcset=\"https:\/\/4manpro.com\/SPA\/wp-content\/uploads\/2026\/03\/Serie-SMD-2.jpg 827w, https:\/\/4manpro.com\/SPA\/wp-content\/uploads\/2026\/03\/Serie-SMD-2-300x300.jpg 300w, https:\/\/4manpro.com\/SPA\/wp-content\/uploads\/2026\/03\/Serie-SMD-2-150x150.jpg 150w, https:\/\/4manpro.com\/SPA\/wp-content\/uploads\/2026\/03\/Serie-SMD-2-768x768.jpg 768w\" sizes=\"auto, (max-width: 827px) 100vw, 827px\" \/><button class=\"lightbox-trigger\" type=\"button\" aria-haspopup=\"dialog\" data-wp-bind--aria-label=\"state.thisImage.triggerButtonAriaLabel\" data-wp-init=\"callbacks.initTriggerButton\" data-wp-on--click=\"actions.showLightbox\" data-wp-style--right=\"state.thisImage.buttonRight\" data-wp-style--top=\"state.thisImage.buttonTop\">\n\t\t\t<svg xmlns=\"http:\/\/www.w3.org\/2000\/svg\" width=\"12\" height=\"12\" fill=\"none\" viewbox=\"0 0 12 12\">\n\t\t\t\t<path fill=\"#fff\" d=\"M2 0a2 2 0 0 0-2 2v2h1.5V2a.5.5 0 0 1 .5-.5h2V0H2Zm2 10.5H2a.5.5 0 0 1-.5-.5V8H0v2a2 2 0 0 0 2 2h2v-1.5ZM8 12v-1.5h2a.5.5 0 0 0 .5-.5V8H12v2a2 2 0 0 1-2 2H8Zm2-12a2 2 0 0 1 2 2v2h-1.5V2a.5.5 0 0 0-.5-.5H8V0h2Z\"><\/path>\n\t\t\t<\/svg>\n\t\t<\/button><\/figure><\/div>\n\n\n\n<div class=\"wp-block-column is-vertically-aligned-center eplus-wrapper is-layout-flow wp-block-column-is-layout-flow\" style=\"flex-basis:50%\"><ul class=\" wp-block-list eplus-wrapper eplus-styles-uid-1f854a\"><li class=\" eplus-wrapper eplus-styles-uid-ba3bef\"><a href=\"https:\/\/4manpro.com\/SPA\/fresado-mandrilado\/serie-sm-fresado-mandrilado-duplicate\/smd-80-fresado-mandrilado\/\" data-type=\"page\" data-id=\"34789\"><mark style=\"background-color:rgba(0, 0, 0, 0);color:#0693e3\" class=\"has-inline-color\">SMD-80<\/mark><\/a><ul class=\" wp-block-list eplus-wrapper eplus-styles-uid-727765\"><li class=\" eplus-wrapper eplus-styles-uid-da531f\"><mark style=\"background-color:rgba(0, 0, 0, 0)\" class=\"has-inline-color has-foreground-color\">EQUIPADO CON HUSILLO TIPO: <\/mark><ul class=\" wp-block-list eplus-wrapper eplus-styles-uid-558063\"><li class=\" eplus-wrapper eplus-styles-uid-b6099b\">NT50<\/li><\/ul><\/li>\n\n<li class=\" eplus-wrapper eplus-styles-uid-da531f\"><mark style=\"background-color:rgba(0, 0, 0, 0)\" class=\"has-inline-color has-foreground-color\">VELOCIDAD M\u00c1XIMA DEL HUSILLO: <\/mark><ul class=\" wp-block-list eplus-wrapper eplus-styles-uid-97251a\"><li class=\" eplus-wrapper eplus-styles-uid-b6099b\">1,500r.p.m.<\/li><\/ul><\/li>\n\n<li class=\" eplus-wrapper eplus-styles-uid-da531f\"><mark style=\"background-color:rgba(0, 0, 0, 0)\" class=\"has-inline-color has-foreground-color\">POTENCIA M\u00c1XIMA DEL SERVO MOTOR: <\/mark><ul class=\" wp-block-list eplus-wrapper eplus-styles-uid-86daad\"><li class=\" eplus-wrapper eplus-styles-uid-b6099b\">3.7Kw (5.0 H.P.)<\/li><\/ul><\/li><\/ul><\/li><\/ul><\/div>\n<\/div>\n\n\n<hr class=\"is-style-dots wp-block-separator alignwide has-alpha-channel-opacity eplus-wrapper\"\/>\n\n\n<p class=\"has-background-color has-vivid-cyan-blue-background-color has-text-color has-background has-link-color eplus-wrapper wp-elements-e35594fcdf9b0fc8d292e4a68d06611c eplus-styles-uid-d5cb69 wp-block-paragraph\">SERIE SMD-H<\/p>\n\n<p class=\"eplus-wrapper eplus-styles-uid-05beae wp-block-paragraph\">Servo Cabezales Compactos Con Enfriamiento Por Aceite De Alta Velocidad <\/p>\n\n<div class=\"wp-block-columns alignwide are-vertically-aligned-center eplus-wrapper is-layout-flex wp-container-core-columns-is-layout-f56f613f wp-block-columns-is-layout-flex eplus-styles-uid-7b174e\">\n<div class=\"wp-block-column is-vertically-aligned-center eplus-wrapper is-layout-flow wp-block-column-is-layout-flow\" style=\"flex-basis:50%\"><ul class=\" wp-block-list eplus-wrapper eplus-styles-uid-9d469f\"><li class=\" eplus-wrapper eplus-styles-uid-ba3bef\"><a href=\"https:\/\/4manpro.com\/SPA\/fresado-mandrilado\/serie-sm-fresado-mandrilado-duplicate\/smd-80h-fresado-mandrilado\/\" data-type=\"page\" data-id=\"34820\"><mark style=\"background-color:rgba(0, 0, 0, 0);color:#0693e3\" class=\"has-inline-color\">SMD-80H<\/mark><\/a><ul class=\" wp-block-list eplus-wrapper eplus-styles-uid-dda05b\"><li class=\" eplus-wrapper eplus-styles-uid-bbf124\"><mark style=\"background-color:rgba(0, 0, 0, 0)\" class=\"has-inline-color has-foreground-color\">EQUIPADO CON HUSILLO TIPO: <\/mark><ul class=\" wp-block-list eplus-wrapper eplus-styles-uid-3fec39\"><li class=\" eplus-wrapper eplus-styles-uid-b6099b\">NT50<\/li><\/ul><\/li>\n\n<li class=\" eplus-wrapper eplus-styles-uid-da531f\"><mark style=\"background-color:rgba(0, 0, 0, 0)\" class=\"has-inline-color has-foreground-color\">VELOCIDAD M\u00c1XIMA DEL HUSILLO: <\/mark><ul class=\" wp-block-list eplus-wrapper eplus-styles-uid-92e39e\"><li class=\" eplus-wrapper eplus-styles-uid-b6099b\">2,500 r.p.m.<\/li><\/ul><\/li>\n\n<li class=\" eplus-wrapper eplus-styles-uid-da531f\"><mark style=\"background-color:rgba(0, 0, 0, 0)\" class=\"has-inline-color has-foreground-color\">POTENCIA M\u00c1XIMA DEL SERVO MOTOR: <\/mark><ul class=\" wp-block-list eplus-wrapper eplus-styles-uid-4355c2\"><li class=\" eplus-wrapper eplus-styles-uid-b6099b\">3.7Kw (5.0 H.P.)<\/li><\/ul><\/li><\/ul><\/li><\/ul><\/div>\n\n\n\n<div class=\"wp-block-column is-vertically-aligned-center eplus-wrapper is-layout-flow wp-block-column-is-layout-flow\" style=\"flex-basis:40%\"><figure data-wp-context='{\"imageId\":\"69d9103f0a4dc\"}' data-wp-interactive=\"core\/image\" data-wp-key=\"69d9103f0a4dc\" class=\"wp-block-image size-full eplus-wrapper eplus-styles-uid-5f9825 wp-lightbox-container\"><img loading=\"lazy\" decoding=\"async\" width=\"827\" height=\"827\" data-wp-class--hide=\"state.isContentHidden\" data-wp-class--show=\"state.isContentVisible\" data-wp-init=\"callbacks.setButtonStyles\" data-wp-on--click=\"actions.showLightbox\" data-wp-on--load=\"callbacks.setButtonStyles\" data-wp-on--pointerdown=\"actions.preloadImage\" data-wp-on--pointerenter=\"actions.preloadImageWithDelay\" data-wp-on--pointerleave=\"actions.cancelPreload\" data-wp-on-window--resize=\"callbacks.setButtonStyles\" src=\"https:\/\/4manpro.com\/SPA\/wp-content\/uploads\/2026\/03\/Serie-SMD-2.jpg\" alt=\"\" class=\"wp-image-34779\" srcset=\"https:\/\/4manpro.com\/SPA\/wp-content\/uploads\/2026\/03\/Serie-SMD-2.jpg 827w, https:\/\/4manpro.com\/SPA\/wp-content\/uploads\/2026\/03\/Serie-SMD-2-300x300.jpg 300w, https:\/\/4manpro.com\/SPA\/wp-content\/uploads\/2026\/03\/Serie-SMD-2-150x150.jpg 150w, https:\/\/4manpro.com\/SPA\/wp-content\/uploads\/2026\/03\/Serie-SMD-2-768x768.jpg 768w\" sizes=\"auto, (max-width: 827px) 100vw, 827px\" \/><button class=\"lightbox-trigger\" type=\"button\" aria-haspopup=\"dialog\" data-wp-bind--aria-label=\"state.thisImage.triggerButtonAriaLabel\" data-wp-init=\"callbacks.initTriggerButton\" data-wp-on--click=\"actions.showLightbox\" data-wp-style--right=\"state.thisImage.buttonRight\" data-wp-style--top=\"state.thisImage.buttonTop\">\n\t\t\t<svg xmlns=\"http:\/\/www.w3.org\/2000\/svg\" width=\"12\" height=\"12\" fill=\"none\" viewbox=\"0 0 12 12\">\n\t\t\t\t<path fill=\"#fff\" d=\"M2 0a2 2 0 0 0-2 2v2h1.5V2a.5.5 0 0 1 .5-.5h2V0H2Zm2 10.5H2a.5.5 0 0 1-.5-.5V8H0v2a2 2 0 0 0 2 2h2v-1.5ZM8 12v-1.5h2a.5.5 0 0 0 .5-.5V8H12v2a2 2 0 0 1-2 2H8Zm2-12a2 2 0 0 1 2 2v2h-1.5V2a.5.5 0 0 0-.5-.5H8V0h2Z\"><\/path>\n\t\t\t<\/svg>\n\t\t<\/button><\/figure><\/div>\n<\/div>","protected":false},"excerpt":{"rendered":"<p>Los Husillos Magn\u00e9ticos Compactos de 4ManPro\u00ae (Elements For Manufacturing Processes) a Hann Kuen Machinery &amp; Hardware BRANCH OFFICE, representan una innovaci\u00f3n excepcional en la industria de la automatizaci\u00f3n. Estos dispositivos de precisi\u00f3n integran de manera eficiente la tecnolog\u00eda del control magn\u00e9tico con un sobresaliente control del husillo y su torque en mecanizados de baja velocidad, [&hellip;]<\/p>\n","protected":false},"author":1,"featured_media":0,"parent":101,"menu_order":0,"comment_status":"closed","ping_status":"closed","template":"principal-cuadros-individuales-2","meta":{"_crdt_document":"","editor_plus_copied_stylings":"{}","footnotes":""},"class_list":["post-35808","page","type-page","status-publish","hentry"],"_links":{"self":[{"href":"https:\/\/4manpro.com\/SPA\/wp-json\/wp\/v2\/pages\/35808","targetHints":{"allow":["GET"]}}],"collection":[{"href":"https:\/\/4manpro.com\/SPA\/wp-json\/wp\/v2\/pages"}],"about":[{"href":"https:\/\/4manpro.com\/SPA\/wp-json\/wp\/v2\/types\/page"}],"author":[{"embeddable":true,"href":"https:\/\/4manpro.com\/SPA\/wp-json\/wp\/v2\/users\/1"}],"replies":[{"embeddable":true,"href":"https:\/\/4manpro.com\/SPA\/wp-json\/wp\/v2\/comments?post=35808"}],"version-history":[{"count":4,"href":"https:\/\/4manpro.com\/SPA\/wp-json\/wp\/v2\/pages\/35808\/revisions"}],"predecessor-version":[{"id":35814,"href":"https:\/\/4manpro.com\/SPA\/wp-json\/wp\/v2\/pages\/35808\/revisions\/35814"}],"up":[{"embeddable":true,"href":"https:\/\/4manpro.com\/SPA\/wp-json\/wp\/v2\/pages\/101"}],"wp:attachment":[{"href":"https:\/\/4manpro.com\/SPA\/wp-json\/wp\/v2\/media?parent=35808"}],"curies":[{"name":"wp","href":"https:\/\/api.w.org\/{rel}","templated":true}]}}