{"id":31885,"date":"2025-12-08T19:35:20","date_gmt":"2025-12-09T01:35:20","guid":{"rendered":"https:\/\/4manpro.com\/SPA\/?page_id=31885"},"modified":"2025-12-08T19:39:54","modified_gmt":"2025-12-09T01:39:54","slug":"sj-temperatura-bimetalicas","status":"publish","type":"page","link":"https:\/\/4manpro.com\/SPA\/accesorios-ii\/sj-2\/sj-temperatura-bimetalicas\/","title":{"rendered":"SJ TEMPERATURA (BIMET\u00c1LICAS)"},"content":{"rendered":"\n<div class=\"wp-block-buttons alignwide eplus-wrapper is-content-justification-space-between is-layout-flex wp-container-core-buttons-is-layout-83873c30 wp-block-buttons-is-layout-flex\"><div class=\" wp-block-button has-custom-width wp-block-button__width-50 eplus-wrapper eplus-styles-uid-3eea6c\"><a class=\"wp-block-button__link has-foreground-color has-text-color has-background has-link-color wp-element-button\" href=\"http:\/\/WWW.4MANPRO.COM\/SPA\/\" style=\"background-color:#999999\">PRINCIPAL<\/a><\/div>\n\n<div class=\" wp-block-button has-custom-width wp-block-button__width-50 eplus-wrapper eplus-styles-uid-a7ef0e\"><a class=\"wp-block-button__link has-background-color has-text-color has-background has-link-color wp-element-button\" style=\"background-color:#ff7805\">ENGLISH<\/a><\/div>\n\n<div class=\" wp-block-button has-custom-width wp-block-button__width-50 eplus-wrapper eplus-styles-uid-07d2b8\"><a class=\"wp-block-button__link has-foreground-color has-text-color has-background has-link-color wp-element-button\" href=\"https:\/\/4manpro.com\/SPA\/accesorios-ii\/sj-2\/\" style=\"background-color:#cccccc\">ATR\u00c1S<\/a><\/div><\/div>\n\n\n<figure class=\" wp-block-image alignwide size-full eplus-wrapper eplus-styles-uid-18a510\"><img loading=\"lazy\" decoding=\"async\" width=\"1920\" height=\"384\" src=\"https:\/\/4manpro.com\/SPA\/wp-content\/uploads\/2025\/12\/MEDIDORES-DE-TEMPERATURA.jpg\" alt=\"\" class=\"wp-image-31601\" srcset=\"https:\/\/4manpro.com\/SPA\/wp-content\/uploads\/2025\/12\/MEDIDORES-DE-TEMPERATURA.jpg 1920w, https:\/\/4manpro.com\/SPA\/wp-content\/uploads\/2025\/12\/MEDIDORES-DE-TEMPERATURA-300x60.jpg 300w, https:\/\/4manpro.com\/SPA\/wp-content\/uploads\/2025\/12\/MEDIDORES-DE-TEMPERATURA-1024x205.jpg 1024w, https:\/\/4manpro.com\/SPA\/wp-content\/uploads\/2025\/12\/MEDIDORES-DE-TEMPERATURA-768x154.jpg 768w, https:\/\/4manpro.com\/SPA\/wp-content\/uploads\/2025\/12\/MEDIDORES-DE-TEMPERATURA-1536x307.jpg 1536w\" sizes=\"auto, (max-width: 1920px) 100vw, 1920px\" \/><\/figure>\n\n\n<hr class=\" wp-block-separator alignwide has-alpha-channel-opacity eplus-wrapper\"\/>\n\n\n<p class=\"has-background-color has-text-color has-background has-link-color eplus-wrapper wp-elements-8ce2e5dc192f29f20112d350ee260b1b eplus-styles-uid-d1248d wp-block-paragraph\" style=\"background-color:#791e1d\">Serie bimet\u00e1licas<\/p>\n\n<p class=\"eplus-wrapper eplus-styles-uid-cb9986 wp-block-paragraph\">Los <strong><em><mark style=\"background-color:rgba(0, 0, 0, 0);color:#791e1d\" class=\"has-inline-color\">term\u00f3metros bimet\u00e1licos<\/mark><\/em><\/strong> constan de dos tiras met\u00e1licas unidas que se expanden a diferentes velocidades al exponerse a cambios de temperatura. <\/p>\n\n<p class=\"eplus-wrapper eplus-styles-uid-cb9986 wp-block-paragraph\">Esta expansi\u00f3n diferencial hace que la tira se doble, impulsando una aguja que indica la temperatura. Conocidos por su estructura simple y fiable, los term\u00f3metros bimet\u00e1licos se utilizan com\u00fanmente para lecturas inmediatas de temperatura en rangos de temperaturas bajas a medias. No requieren una fuente de alimentaci\u00f3n externa, lo que los hace adecuados para equipos mec\u00e1nicos y aplicaciones industriales generales.<\/p>\n\n<div class=\"wp-block-columns alignwide eplus-wrapper is-layout-flex wp-container-core-columns-is-layout-f56f613f wp-block-columns-is-layout-flex eplus-styles-uid-f7d3d7\">\n<div class=\"wp-block-column eplus-wrapper is-layout-flow wp-block-column-is-layout-flow\"><div class=\"wp-block-columns eplus-wrapper is-layout-flex wp-container-core-columns-is-layout-f56f613f wp-block-columns-is-layout-flex eplus-styles-uid-b7dc5b\">\n<div class=\"wp-block-column is-vertically-aligned-center eplus-wrapper is-layout-flow wp-block-column-is-layout-flow\"><ul class=\" wp-block-list eplus-wrapper eplus-styles-uid-a3f94e\"><li class=\" eplus-wrapper eplus-styles-uid-9b168a\"><mark style=\"background-color:rgba(0, 0, 0, 0);color:#978a84\" class=\"has-inline-color\">MTB.S_BL<\/mark><ul class=\" wp-block-list eplus-wrapper eplus-styles-uid-3a90d0\"><li class=\" eplus-wrapper eplus-styles-uid-6bf95c\"><em><em>Term\u00f3metro bimet\u00e1lico, montaje posterior<\/em><\/em><\/li><\/ul><\/li><\/ul><\/div>\n\n\n\n<div class=\"wp-block-column eplus-wrapper is-layout-flow wp-block-column-is-layout-flow\">\n<figure data-wp-context='{\"imageId\":\"69e13821b0dda\"}' data-wp-interactive=\"core\/image\" data-wp-key=\"69e13821b0dda\" class=\"wp-block-image size-large eplus-wrapper wp-lightbox-container\"><img loading=\"lazy\" decoding=\"async\" width=\"1024\" height=\"1024\" data-wp-class--hide=\"state.isContentHidden\" data-wp-class--show=\"state.isContentVisible\" data-wp-init=\"callbacks.setButtonStyles\" data-wp-on--click=\"actions.showLightbox\" data-wp-on--load=\"callbacks.setButtonStyles\" data-wp-on--pointerdown=\"actions.preloadImage\" data-wp-on--pointerenter=\"actions.preloadImageWithDelay\" data-wp-on--pointerleave=\"actions.cancelPreload\" data-wp-on-window--resize=\"callbacks.setButtonStyles\" src=\"https:\/\/4manpro.com\/SPA\/wp-content\/uploads\/2025\/12\/1-15-1024x1024.jpg\" alt=\"\" class=\"wp-image-31889\" srcset=\"https:\/\/4manpro.com\/SPA\/wp-content\/uploads\/2025\/12\/1-15-1024x1024.jpg 1024w, https:\/\/4manpro.com\/SPA\/wp-content\/uploads\/2025\/12\/1-15-300x300.jpg 300w, https:\/\/4manpro.com\/SPA\/wp-content\/uploads\/2025\/12\/1-15-150x150.jpg 150w, https:\/\/4manpro.com\/SPA\/wp-content\/uploads\/2025\/12\/1-15-768x768.jpg 768w, https:\/\/4manpro.com\/SPA\/wp-content\/uploads\/2025\/12\/1-15.jpg 1417w\" sizes=\"auto, (max-width: 1024px) 100vw, 1024px\" \/><button class=\"lightbox-trigger\" type=\"button\" aria-haspopup=\"dialog\" data-wp-bind--aria-label=\"state.thisImage.triggerButtonAriaLabel\" data-wp-init=\"callbacks.initTriggerButton\" data-wp-on--click=\"actions.showLightbox\" data-wp-style--right=\"state.thisImage.buttonRight\" data-wp-style--top=\"state.thisImage.buttonTop\">\n\t\t\t<svg xmlns=\"http:\/\/www.w3.org\/2000\/svg\" width=\"12\" height=\"12\" fill=\"none\" viewbox=\"0 0 12 12\">\n\t\t\t\t<path fill=\"#fff\" d=\"M2 0a2 2 0 0 0-2 2v2h1.5V2a.5.5 0 0 1 .5-.5h2V0H2Zm2 10.5H2a.5.5 0 0 1-.5-.5V8H0v2a2 2 0 0 0 2 2h2v-1.5ZM8 12v-1.5h2a.5.5 0 0 0 .5-.5V8H12v2a2 2 0 0 1-2 2H8Zm2-12a2 2 0 0 1 2 2v2h-1.5V2a.5.5 0 0 0-.5-.5H8V0h2Z\"><\/path>\n\t\t\t<\/svg>\n\t\t<\/button><\/figure>\n<\/div>\n<\/div><\/div>\n\n\n\n<div class=\"wp-block-column eplus-wrapper is-layout-flow wp-block-column-is-layout-flow\"><div class=\"wp-block-columns eplus-wrapper is-layout-flex wp-container-core-columns-is-layout-f56f613f wp-block-columns-is-layout-flex eplus-styles-uid-99ca56\">\n<div class=\"wp-block-column is-vertically-aligned-center eplus-wrapper is-layout-flow wp-block-column-is-layout-flow\"><ul class=\" wp-block-list eplus-wrapper eplus-styles-uid-0ea55d\"><li class=\" eplus-wrapper eplus-styles-uid-9b168a\"><mark style=\"background-color:rgba(0, 0, 0, 0);color:#978a84\" class=\"has-inline-color\"><mark style=\"background-color:rgba(0, 0, 0, 0);color:#978a84\" class=\"has-inline-color\">MTB.S_BS<\/mark><\/mark><ul class=\" wp-block-list eplus-wrapper eplus-styles-uid-fab3e1\"><li class=\" eplus-wrapper eplus-styles-uid-864d58\"><em>Term\u00f3metro bimet\u00e1lico de montaje inferior<\/em><\/li><\/ul><\/li><\/ul><\/div>\n\n\n\n<div class=\"wp-block-column eplus-wrapper is-layout-flow wp-block-column-is-layout-flow\">\n<figure data-wp-context='{\"imageId\":\"69e13821b19e1\"}' data-wp-interactive=\"core\/image\" data-wp-key=\"69e13821b19e1\" class=\"wp-block-image size-large eplus-wrapper wp-lightbox-container\"><img loading=\"lazy\" decoding=\"async\" width=\"1024\" height=\"1024\" data-wp-class--hide=\"state.isContentHidden\" data-wp-class--show=\"state.isContentVisible\" data-wp-init=\"callbacks.setButtonStyles\" data-wp-on--click=\"actions.showLightbox\" data-wp-on--load=\"callbacks.setButtonStyles\" data-wp-on--pointerdown=\"actions.preloadImage\" data-wp-on--pointerenter=\"actions.preloadImageWithDelay\" data-wp-on--pointerleave=\"actions.cancelPreload\" data-wp-on-window--resize=\"callbacks.setButtonStyles\" src=\"https:\/\/4manpro.com\/SPA\/wp-content\/uploads\/2025\/12\/2-20-1024x1024.jpg\" alt=\"\" class=\"wp-image-31890\" srcset=\"https:\/\/4manpro.com\/SPA\/wp-content\/uploads\/2025\/12\/2-20-1024x1024.jpg 1024w, https:\/\/4manpro.com\/SPA\/wp-content\/uploads\/2025\/12\/2-20-300x300.jpg 300w, https:\/\/4manpro.com\/SPA\/wp-content\/uploads\/2025\/12\/2-20-150x150.jpg 150w, https:\/\/4manpro.com\/SPA\/wp-content\/uploads\/2025\/12\/2-20-768x768.jpg 768w, https:\/\/4manpro.com\/SPA\/wp-content\/uploads\/2025\/12\/2-20.jpg 1417w\" sizes=\"auto, (max-width: 1024px) 100vw, 1024px\" \/><button class=\"lightbox-trigger\" type=\"button\" aria-haspopup=\"dialog\" data-wp-bind--aria-label=\"state.thisImage.triggerButtonAriaLabel\" data-wp-init=\"callbacks.initTriggerButton\" data-wp-on--click=\"actions.showLightbox\" data-wp-style--right=\"state.thisImage.buttonRight\" data-wp-style--top=\"state.thisImage.buttonTop\">\n\t\t\t<svg xmlns=\"http:\/\/www.w3.org\/2000\/svg\" width=\"12\" height=\"12\" fill=\"none\" viewbox=\"0 0 12 12\">\n\t\t\t\t<path fill=\"#fff\" d=\"M2 0a2 2 0 0 0-2 2v2h1.5V2a.5.5 0 0 1 .5-.5h2V0H2Zm2 10.5H2a.5.5 0 0 1-.5-.5V8H0v2a2 2 0 0 0 2 2h2v-1.5ZM8 12v-1.5h2a.5.5 0 0 0 .5-.5V8H12v2a2 2 0 0 1-2 2H8Zm2-12a2 2 0 0 1 2 2v2h-1.5V2a.5.5 0 0 0-.5-.5H8V0h2Z\"><\/path>\n\t\t\t<\/svg>\n\t\t<\/button><\/figure>\n<\/div>\n<\/div><\/div>\n<\/div>\n\n<div class=\"wp-block-columns alignwide eplus-wrapper is-layout-flex wp-container-core-columns-is-layout-f56f613f wp-block-columns-is-layout-flex eplus-styles-uid-5016fb\">\n<div class=\"wp-block-column eplus-wrapper is-layout-flow wp-block-column-is-layout-flow\"><div class=\"wp-block-columns eplus-wrapper is-layout-flex wp-container-core-columns-is-layout-f56f613f wp-block-columns-is-layout-flex eplus-styles-uid-4e5211\">\n<div class=\"wp-block-column is-vertically-aligned-center eplus-wrapper is-layout-flow wp-block-column-is-layout-flow\"><ul class=\" wp-block-list eplus-wrapper eplus-styles-uid-a8d53e\"><li class=\" eplus-wrapper eplus-styles-uid-9b168a\"><mark style=\"background-color:rgba(0, 0, 0, 0);color:#978a84\" class=\"has-inline-color\">MTB.S_BA<\/mark><ul class=\" wp-block-list eplus-wrapper eplus-styles-uid-1573b9\"><li class=\" eplus-wrapper eplus-styles-uid-6bf95c\"><em><em>Term\u00f3metro bimet\u00e1lico de \u00e1ngulo ajustable<\/em><\/em><\/li><\/ul><\/li><\/ul><\/div>\n\n\n\n<div class=\"wp-block-column eplus-wrapper is-layout-flow wp-block-column-is-layout-flow\">\n<figure data-wp-context='{\"imageId\":\"69e13821b274d\"}' data-wp-interactive=\"core\/image\" data-wp-key=\"69e13821b274d\" class=\"wp-block-image size-large eplus-wrapper wp-lightbox-container\"><img loading=\"lazy\" decoding=\"async\" width=\"1024\" height=\"1024\" data-wp-class--hide=\"state.isContentHidden\" data-wp-class--show=\"state.isContentVisible\" data-wp-init=\"callbacks.setButtonStyles\" data-wp-on--click=\"actions.showLightbox\" data-wp-on--load=\"callbacks.setButtonStyles\" data-wp-on--pointerdown=\"actions.preloadImage\" data-wp-on--pointerenter=\"actions.preloadImageWithDelay\" data-wp-on--pointerleave=\"actions.cancelPreload\" data-wp-on-window--resize=\"callbacks.setButtonStyles\" src=\"https:\/\/4manpro.com\/SPA\/wp-content\/uploads\/2025\/12\/3-19-1024x1024.jpg\" alt=\"\" class=\"wp-image-31891\" srcset=\"https:\/\/4manpro.com\/SPA\/wp-content\/uploads\/2025\/12\/3-19-1024x1024.jpg 1024w, https:\/\/4manpro.com\/SPA\/wp-content\/uploads\/2025\/12\/3-19-300x300.jpg 300w, https:\/\/4manpro.com\/SPA\/wp-content\/uploads\/2025\/12\/3-19-150x150.jpg 150w, https:\/\/4manpro.com\/SPA\/wp-content\/uploads\/2025\/12\/3-19-768x768.jpg 768w, https:\/\/4manpro.com\/SPA\/wp-content\/uploads\/2025\/12\/3-19.jpg 1417w\" sizes=\"auto, (max-width: 1024px) 100vw, 1024px\" \/><button class=\"lightbox-trigger\" type=\"button\" aria-haspopup=\"dialog\" data-wp-bind--aria-label=\"state.thisImage.triggerButtonAriaLabel\" data-wp-init=\"callbacks.initTriggerButton\" data-wp-on--click=\"actions.showLightbox\" data-wp-style--right=\"state.thisImage.buttonRight\" data-wp-style--top=\"state.thisImage.buttonTop\">\n\t\t\t<svg xmlns=\"http:\/\/www.w3.org\/2000\/svg\" width=\"12\" height=\"12\" fill=\"none\" viewbox=\"0 0 12 12\">\n\t\t\t\t<path fill=\"#fff\" d=\"M2 0a2 2 0 0 0-2 2v2h1.5V2a.5.5 0 0 1 .5-.5h2V0H2Zm2 10.5H2a.5.5 0 0 1-.5-.5V8H0v2a2 2 0 0 0 2 2h2v-1.5ZM8 12v-1.5h2a.5.5 0 0 0 .5-.5V8H12v2a2 2 0 0 1-2 2H8Zm2-12a2 2 0 0 1 2 2v2h-1.5V2a.5.5 0 0 0-.5-.5H8V0h2Z\"><\/path>\n\t\t\t<\/svg>\n\t\t<\/button><\/figure>\n<\/div>\n<\/div><\/div>\n\n\n\n<div class=\"wp-block-column eplus-wrapper is-layout-flow wp-block-column-is-layout-flow\"><div class=\"wp-block-columns eplus-wrapper is-layout-flex wp-container-core-columns-is-layout-f56f613f wp-block-columns-is-layout-flex eplus-styles-uid-76a8ef\">\n<div class=\"wp-block-column is-vertically-aligned-center eplus-wrapper is-layout-flow wp-block-column-is-layout-flow\"><ul class=\" wp-block-list eplus-wrapper eplus-styles-uid-fbe690\"><li class=\" eplus-wrapper eplus-styles-uid-9b168a\"><mark style=\"background-color:rgba(0, 0, 0, 0);color:#978a84\" class=\"has-inline-color\"><mark style=\"background-color:rgba(0, 0, 0, 0);color:#978a84\" class=\"has-inline-color\">MTM<\/mark><\/mark><ul class=\" wp-block-list eplus-wrapper eplus-styles-uid-394b99\"><li class=\" eplus-wrapper eplus-styles-uid-864d58\"><em>Term\u00f3metro bimet\u00e1lico de superficie magn\u00e9tica<\/em><\/li><\/ul><\/li><\/ul><\/div>\n\n\n\n<div class=\"wp-block-column eplus-wrapper is-layout-flow wp-block-column-is-layout-flow\">\n<figure data-wp-context='{\"imageId\":\"69e13821b330e\"}' data-wp-interactive=\"core\/image\" data-wp-key=\"69e13821b330e\" class=\"wp-block-image size-large eplus-wrapper wp-lightbox-container\"><img loading=\"lazy\" decoding=\"async\" width=\"1024\" height=\"1024\" data-wp-class--hide=\"state.isContentHidden\" data-wp-class--show=\"state.isContentVisible\" data-wp-init=\"callbacks.setButtonStyles\" data-wp-on--click=\"actions.showLightbox\" data-wp-on--load=\"callbacks.setButtonStyles\" data-wp-on--pointerdown=\"actions.preloadImage\" data-wp-on--pointerenter=\"actions.preloadImageWithDelay\" data-wp-on--pointerleave=\"actions.cancelPreload\" data-wp-on-window--resize=\"callbacks.setButtonStyles\" src=\"https:\/\/4manpro.com\/SPA\/wp-content\/uploads\/2025\/12\/4-19-1024x1024.jpg\" alt=\"\" class=\"wp-image-31892\" srcset=\"https:\/\/4manpro.com\/SPA\/wp-content\/uploads\/2025\/12\/4-19-1024x1024.jpg 1024w, https:\/\/4manpro.com\/SPA\/wp-content\/uploads\/2025\/12\/4-19-300x300.jpg 300w, https:\/\/4manpro.com\/SPA\/wp-content\/uploads\/2025\/12\/4-19-150x150.jpg 150w, https:\/\/4manpro.com\/SPA\/wp-content\/uploads\/2025\/12\/4-19-768x768.jpg 768w, https:\/\/4manpro.com\/SPA\/wp-content\/uploads\/2025\/12\/4-19.jpg 1417w\" sizes=\"auto, (max-width: 1024px) 100vw, 1024px\" \/><button class=\"lightbox-trigger\" type=\"button\" aria-haspopup=\"dialog\" data-wp-bind--aria-label=\"state.thisImage.triggerButtonAriaLabel\" data-wp-init=\"callbacks.initTriggerButton\" data-wp-on--click=\"actions.showLightbox\" data-wp-style--right=\"state.thisImage.buttonRight\" data-wp-style--top=\"state.thisImage.buttonTop\">\n\t\t\t<svg xmlns=\"http:\/\/www.w3.org\/2000\/svg\" width=\"12\" height=\"12\" fill=\"none\" viewbox=\"0 0 12 12\">\n\t\t\t\t<path fill=\"#fff\" d=\"M2 0a2 2 0 0 0-2 2v2h1.5V2a.5.5 0 0 1 .5-.5h2V0H2Zm2 10.5H2a.5.5 0 0 1-.5-.5V8H0v2a2 2 0 0 0 2 2h2v-1.5ZM8 12v-1.5h2a.5.5 0 0 0 .5-.5V8H12v2a2 2 0 0 1-2 2H8Zm2-12a2 2 0 0 1 2 2v2h-1.5V2a.5.5 0 0 0-.5-.5H8V0h2Z\"><\/path>\n\t\t\t<\/svg>\n\t\t<\/button><\/figure>\n<\/div>\n<\/div><\/div>\n<\/div>","protected":false},"excerpt":{"rendered":"<p>Serie bimet\u00e1licas Los term\u00f3metros bimet\u00e1licos constan de dos tiras met\u00e1licas unidas que se expanden a diferentes velocidades al exponerse a cambios de temperatura. Esta expansi\u00f3n diferencial hace que la tira se doble, impulsando una aguja que indica la temperatura. Conocidos por su estructura simple y fiable, los term\u00f3metros bimet\u00e1licos se utilizan com\u00fanmente para lecturas inmediatas [&hellip;]<\/p>\n","protected":false},"author":1,"featured_media":0,"parent":12564,"menu_order":0,"comment_status":"closed","ping_status":"closed","template":"principal-cuadros-individuales-2","meta":{"_crdt_document":"","editor_plus_copied_stylings":"{}","footnotes":""},"class_list":["post-31885","page","type-page","status-publish","hentry"],"_links":{"self":[{"href":"https:\/\/4manpro.com\/SPA\/wp-json\/wp\/v2\/pages\/31885","targetHints":{"allow":["GET"]}}],"collection":[{"href":"https:\/\/4manpro.com\/SPA\/wp-json\/wp\/v2\/pages"}],"about":[{"href":"https:\/\/4manpro.com\/SPA\/wp-json\/wp\/v2\/types\/page"}],"author":[{"embeddable":true,"href":"https:\/\/4manpro.com\/SPA\/wp-json\/wp\/v2\/users\/1"}],"replies":[{"embeddable":true,"href":"https:\/\/4manpro.com\/SPA\/wp-json\/wp\/v2\/comments?post=31885"}],"version-history":[{"count":6,"href":"https:\/\/4manpro.com\/SPA\/wp-json\/wp\/v2\/pages\/31885\/revisions"}],"predecessor-version":[{"id":31896,"href":"https:\/\/4manpro.com\/SPA\/wp-json\/wp\/v2\/pages\/31885\/revisions\/31896"}],"up":[{"embeddable":true,"href":"https:\/\/4manpro.com\/SPA\/wp-json\/wp\/v2\/pages\/12564"}],"wp:attachment":[{"href":"https:\/\/4manpro.com\/SPA\/wp-json\/wp\/v2\/media?parent=31885"}],"curies":[{"name":"wp","href":"https:\/\/api.w.org\/{rel}","templated":true}]}}