{"id":31809,"date":"2025-12-08T18:17:30","date_gmt":"2025-12-09T00:17:30","guid":{"rendered":"https:\/\/4manpro.com\/SPA\/?page_id=31809"},"modified":"2025-12-08T18:22:18","modified_gmt":"2025-12-09T00:22:18","slug":"sj-presion-baja-presion","status":"publish","type":"page","link":"https:\/\/4manpro.com\/SPA\/accesorios-ii\/sj-2\/sj-presion-baja-presion\/","title":{"rendered":"SJ PRESION (BAJA PRESION)"},"content":{"rendered":"\n<div class=\"wp-block-buttons alignwide eplus-wrapper is-content-justification-space-between is-layout-flex wp-container-core-buttons-is-layout-83873c30 wp-block-buttons-is-layout-flex\"><div class=\" wp-block-button has-custom-width wp-block-button__width-50 eplus-wrapper eplus-styles-uid-7e79a7\"><a class=\"wp-block-button__link has-foreground-color has-text-color has-background has-link-color wp-element-button\" href=\"http:\/\/WWW.4MANPRO.COM\/SPA\/\" style=\"background-color:#999999\">PRINCIPAL<\/a><\/div>\n\n<div class=\" wp-block-button has-custom-width wp-block-button__width-50 eplus-wrapper eplus-styles-uid-ee3464\"><a class=\"wp-block-button__link has-background-color has-text-color has-background has-link-color wp-element-button\" style=\"background-color:#ff7805\">ENGLISH<\/a><\/div>\n\n<div class=\" wp-block-button has-custom-width wp-block-button__width-50 eplus-wrapper eplus-styles-uid-4fd807\"><a class=\"wp-block-button__link has-foreground-color has-text-color has-background has-link-color wp-element-button\" href=\"https:\/\/4manpro.com\/SPA\/accesorios-ii\/sj-2\/\" style=\"background-color:#cccccc\">ATR\u00c1S<\/a><\/div><\/div>\n\n\n<figure class=\" wp-block-image alignwide size-full eplus-wrapper eplus-styles-uid-18a510\"><img loading=\"lazy\" decoding=\"async\" width=\"1920\" height=\"384\" src=\"https:\/\/4manpro.com\/SPA\/wp-content\/uploads\/2025\/12\/MEDIDORES-DE-PRESION.jpg\" alt=\"\" class=\"wp-image-31681\" srcset=\"https:\/\/4manpro.com\/SPA\/wp-content\/uploads\/2025\/12\/MEDIDORES-DE-PRESION.jpg 1920w, https:\/\/4manpro.com\/SPA\/wp-content\/uploads\/2025\/12\/MEDIDORES-DE-PRESION-300x60.jpg 300w, https:\/\/4manpro.com\/SPA\/wp-content\/uploads\/2025\/12\/MEDIDORES-DE-PRESION-1024x205.jpg 1024w, https:\/\/4manpro.com\/SPA\/wp-content\/uploads\/2025\/12\/MEDIDORES-DE-PRESION-768x154.jpg 768w, https:\/\/4manpro.com\/SPA\/wp-content\/uploads\/2025\/12\/MEDIDORES-DE-PRESION-1536x307.jpg 1536w\" sizes=\"auto, (max-width: 1920px) 100vw, 1920px\" \/><\/figure>\n\n\n<hr class=\" wp-block-separator alignwide has-alpha-channel-opacity eplus-wrapper\"\/>\n\n\n<p class=\"has-background-color has-text-color has-background has-link-color eplus-wrapper wp-elements-a25148fa54984b9e59c3f14ace23c331 eplus-styles-uid-13b84e wp-block-paragraph\" style=\"background-color:#791e1d\"><strong>Serie de baja presi\u00f3n<\/strong><\/p>\n\n<p class=\"eplus-wrapper eplus-styles-uid-cb9986 wp-block-paragraph\">Los <strong><em><mark style=\"background-color:rgba(0, 0, 0, 0);color:#791e1d\" class=\"has-inline-color\">man\u00f3metros de presi\u00f3n diferencial<\/mark><\/em><\/strong> son instrumentos especializados dise\u00f1ados para medir las diferencias de presi\u00f3n entre dos puntos, proporcionando lecturas claras de la presi\u00f3n diferencial. <\/p>\n\n<p class=\"eplus-wrapper eplus-styles-uid-cb9986 wp-block-paragraph\">Estos man\u00f3metros se utilizan com\u00fanmente en aplicaciones que requieren un monitoreo preciso de las variaciones de presi\u00f3n, como <em>sistemas de filtros, bombas<\/em> y <em>monitoreo del rendimiento de tuber\u00edas.<\/em><\/p>\n\n<div class=\"wp-block-columns alignwide eplus-wrapper is-layout-flex wp-container-core-columns-is-layout-f56f613f wp-block-columns-is-layout-flex eplus-styles-uid-c77481\">\n<div class=\"wp-block-column eplus-wrapper is-layout-flow wp-block-column-is-layout-flow\"><div class=\"wp-block-columns eplus-wrapper is-layout-flex wp-container-core-columns-is-layout-f56f613f wp-block-columns-is-layout-flex eplus-styles-uid-ba9a63\">\n<div class=\"wp-block-column is-vertically-aligned-center eplus-wrapper is-layout-flow wp-block-column-is-layout-flow\"><ul class=\" wp-block-list eplus-wrapper eplus-styles-uid-0b9df7\"><li class=\" eplus-wrapper eplus-styles-uid-9b168a\"><mark style=\"background-color:rgba(0, 0, 0, 0);color:#978a84\" class=\"has-inline-color\">PRM<\/mark><ul class=\" wp-block-list eplus-wrapper eplus-styles-uid-516ee8\"><li class=\" eplus-wrapper eplus-styles-uid-6bf95c\"><em><em><em>Man\u00f3metro de baja presi\u00f3n, caja de hierro<\/em><\/em><\/em><\/li><\/ul><\/li><\/ul><\/div>\n\n\n\n<div class=\"wp-block-column eplus-wrapper is-layout-flow wp-block-column-is-layout-flow\">\n<figure data-wp-context='{\"imageId\":\"69e13819b6de1\"}' data-wp-interactive=\"core\/image\" data-wp-key=\"69e13819b6de1\" class=\"wp-block-image size-large eplus-wrapper wp-lightbox-container\"><img loading=\"lazy\" decoding=\"async\" width=\"1024\" height=\"1024\" data-wp-class--hide=\"state.isContentHidden\" data-wp-class--show=\"state.isContentVisible\" data-wp-init=\"callbacks.setButtonStyles\" data-wp-on--click=\"actions.showLightbox\" data-wp-on--load=\"callbacks.setButtonStyles\" data-wp-on--pointerdown=\"actions.preloadImage\" data-wp-on--pointerenter=\"actions.preloadImageWithDelay\" data-wp-on--pointerleave=\"actions.cancelPreload\" data-wp-on-window--resize=\"callbacks.setButtonStyles\" src=\"https:\/\/4manpro.com\/SPA\/wp-content\/uploads\/2025\/12\/1-13-1024x1024.jpg\" alt=\"\" class=\"wp-image-31813\" srcset=\"https:\/\/4manpro.com\/SPA\/wp-content\/uploads\/2025\/12\/1-13-1024x1024.jpg 1024w, https:\/\/4manpro.com\/SPA\/wp-content\/uploads\/2025\/12\/1-13-300x300.jpg 300w, https:\/\/4manpro.com\/SPA\/wp-content\/uploads\/2025\/12\/1-13-150x150.jpg 150w, https:\/\/4manpro.com\/SPA\/wp-content\/uploads\/2025\/12\/1-13-768x768.jpg 768w, https:\/\/4manpro.com\/SPA\/wp-content\/uploads\/2025\/12\/1-13.jpg 1417w\" sizes=\"auto, (max-width: 1024px) 100vw, 1024px\" \/><button class=\"lightbox-trigger\" type=\"button\" aria-haspopup=\"dialog\" data-wp-bind--aria-label=\"state.thisImage.triggerButtonAriaLabel\" data-wp-init=\"callbacks.initTriggerButton\" data-wp-on--click=\"actions.showLightbox\" data-wp-style--right=\"state.thisImage.buttonRight\" data-wp-style--top=\"state.thisImage.buttonTop\">\n\t\t\t<svg xmlns=\"http:\/\/www.w3.org\/2000\/svg\" width=\"12\" height=\"12\" fill=\"none\" viewbox=\"0 0 12 12\">\n\t\t\t\t<path fill=\"#fff\" d=\"M2 0a2 2 0 0 0-2 2v2h1.5V2a.5.5 0 0 1 .5-.5h2V0H2Zm2 10.5H2a.5.5 0 0 1-.5-.5V8H0v2a2 2 0 0 0 2 2h2v-1.5ZM8 12v-1.5h2a.5.5 0 0 0 .5-.5V8H12v2a2 2 0 0 1-2 2H8Zm2-12a2 2 0 0 1 2 2v2h-1.5V2a.5.5 0 0 0-.5-.5H8V0h2Z\"><\/path>\n\t\t\t<\/svg>\n\t\t<\/button><\/figure>\n<\/div>\n<\/div><\/div>\n\n\n\n<div class=\"wp-block-column eplus-wrapper is-layout-flow wp-block-column-is-layout-flow\"><div class=\"wp-block-columns eplus-wrapper is-layout-flex wp-container-core-columns-is-layout-f56f613f wp-block-columns-is-layout-flex eplus-styles-uid-7a8dbd\">\n<div class=\"wp-block-column is-vertically-aligned-center eplus-wrapper is-layout-flow wp-block-column-is-layout-flow\"><ul class=\" wp-block-list eplus-wrapper eplus-styles-uid-b3699e\"><li class=\" eplus-wrapper eplus-styles-uid-9b168a\"><mark style=\"background-color:rgba(0, 0, 0, 0);color:#978a84\" class=\"has-inline-color\">PRSM<\/mark><ul class=\" wp-block-list eplus-wrapper eplus-styles-uid-87a024\"><li class=\" eplus-wrapper eplus-styles-uid-864d58\"><em><em><em>Man\u00f3metro de baja presi\u00f3n con caja de acero inoxidable<\/em><\/em><\/em><\/li><\/ul><\/li><\/ul><\/div>\n\n\n\n<div class=\"wp-block-column eplus-wrapper is-layout-flow wp-block-column-is-layout-flow\">\n<figure data-wp-context='{\"imageId\":\"69e13819b7921\"}' data-wp-interactive=\"core\/image\" data-wp-key=\"69e13819b7921\" class=\"wp-block-image size-large eplus-wrapper wp-lightbox-container\"><img loading=\"lazy\" decoding=\"async\" width=\"1024\" height=\"1024\" data-wp-class--hide=\"state.isContentHidden\" data-wp-class--show=\"state.isContentVisible\" data-wp-init=\"callbacks.setButtonStyles\" data-wp-on--click=\"actions.showLightbox\" data-wp-on--load=\"callbacks.setButtonStyles\" data-wp-on--pointerdown=\"actions.preloadImage\" data-wp-on--pointerenter=\"actions.preloadImageWithDelay\" data-wp-on--pointerleave=\"actions.cancelPreload\" data-wp-on-window--resize=\"callbacks.setButtonStyles\" src=\"https:\/\/4manpro.com\/SPA\/wp-content\/uploads\/2025\/12\/2-18-1024x1024.jpg\" alt=\"\" class=\"wp-image-31814\" srcset=\"https:\/\/4manpro.com\/SPA\/wp-content\/uploads\/2025\/12\/2-18-1024x1024.jpg 1024w, https:\/\/4manpro.com\/SPA\/wp-content\/uploads\/2025\/12\/2-18-300x300.jpg 300w, https:\/\/4manpro.com\/SPA\/wp-content\/uploads\/2025\/12\/2-18-150x150.jpg 150w, https:\/\/4manpro.com\/SPA\/wp-content\/uploads\/2025\/12\/2-18-768x768.jpg 768w, https:\/\/4manpro.com\/SPA\/wp-content\/uploads\/2025\/12\/2-18.jpg 1417w\" sizes=\"auto, (max-width: 1024px) 100vw, 1024px\" \/><button class=\"lightbox-trigger\" type=\"button\" aria-haspopup=\"dialog\" data-wp-bind--aria-label=\"state.thisImage.triggerButtonAriaLabel\" data-wp-init=\"callbacks.initTriggerButton\" data-wp-on--click=\"actions.showLightbox\" data-wp-style--right=\"state.thisImage.buttonRight\" data-wp-style--top=\"state.thisImage.buttonTop\">\n\t\t\t<svg xmlns=\"http:\/\/www.w3.org\/2000\/svg\" width=\"12\" height=\"12\" fill=\"none\" viewbox=\"0 0 12 12\">\n\t\t\t\t<path fill=\"#fff\" d=\"M2 0a2 2 0 0 0-2 2v2h1.5V2a.5.5 0 0 1 .5-.5h2V0H2Zm2 10.5H2a.5.5 0 0 1-.5-.5V8H0v2a2 2 0 0 0 2 2h2v-1.5ZM8 12v-1.5h2a.5.5 0 0 0 .5-.5V8H12v2a2 2 0 0 1-2 2H8Zm2-12a2 2 0 0 1 2 2v2h-1.5V2a.5.5 0 0 0-.5-.5H8V0h2Z\"><\/path>\n\t\t\t<\/svg>\n\t\t<\/button><\/figure>\n<\/div>\n<\/div><\/div>\n<\/div>\n\n<div class=\"wp-block-columns alignwide eplus-wrapper is-layout-flex wp-container-core-columns-is-layout-f56f613f wp-block-columns-is-layout-flex eplus-styles-uid-0a44dc\">\n<div class=\"wp-block-column eplus-wrapper is-layout-flow wp-block-column-is-layout-flow\"><div class=\"wp-block-columns eplus-wrapper is-layout-flex wp-container-core-columns-is-layout-f56f613f wp-block-columns-is-layout-flex eplus-styles-uid-0579a1\">\n<div class=\"wp-block-column is-vertically-aligned-center eplus-wrapper is-layout-flow wp-block-column-is-layout-flow\"><ul class=\" wp-block-list eplus-wrapper eplus-styles-uid-7e2d97\"><li class=\" eplus-wrapper eplus-styles-uid-9b168a\"><mark style=\"background-color:rgba(0, 0, 0, 0);color:#978a84\" class=\"has-inline-color\">PRSSM.TU<\/mark><ul class=\" wp-block-list eplus-wrapper eplus-styles-uid-cb7911\"><li class=\" eplus-wrapper eplus-styles-uid-31b5af\"><em><em><em>Man\u00f3metro de baja presi\u00f3n, acero inoxidable<\/em><\/em><\/em><\/li><\/ul><\/li><\/ul><\/div>\n\n\n\n<div class=\"wp-block-column eplus-wrapper is-layout-flow wp-block-column-is-layout-flow\">\n<figure data-wp-context='{\"imageId\":\"69e13819b8733\"}' data-wp-interactive=\"core\/image\" data-wp-key=\"69e13819b8733\" class=\"wp-block-image size-large eplus-wrapper wp-lightbox-container\"><img loading=\"lazy\" decoding=\"async\" width=\"1024\" height=\"1024\" data-wp-class--hide=\"state.isContentHidden\" data-wp-class--show=\"state.isContentVisible\" data-wp-init=\"callbacks.setButtonStyles\" data-wp-on--click=\"actions.showLightbox\" data-wp-on--load=\"callbacks.setButtonStyles\" data-wp-on--pointerdown=\"actions.preloadImage\" data-wp-on--pointerenter=\"actions.preloadImageWithDelay\" data-wp-on--pointerleave=\"actions.cancelPreload\" data-wp-on-window--resize=\"callbacks.setButtonStyles\" src=\"https:\/\/4manpro.com\/SPA\/wp-content\/uploads\/2025\/12\/3-17-1024x1024.jpg\" alt=\"\" class=\"wp-image-31815\" srcset=\"https:\/\/4manpro.com\/SPA\/wp-content\/uploads\/2025\/12\/3-17-1024x1024.jpg 1024w, https:\/\/4manpro.com\/SPA\/wp-content\/uploads\/2025\/12\/3-17-300x300.jpg 300w, https:\/\/4manpro.com\/SPA\/wp-content\/uploads\/2025\/12\/3-17-150x150.jpg 150w, https:\/\/4manpro.com\/SPA\/wp-content\/uploads\/2025\/12\/3-17-768x768.jpg 768w, https:\/\/4manpro.com\/SPA\/wp-content\/uploads\/2025\/12\/3-17.jpg 1417w\" sizes=\"auto, (max-width: 1024px) 100vw, 1024px\" \/><button class=\"lightbox-trigger\" type=\"button\" aria-haspopup=\"dialog\" data-wp-bind--aria-label=\"state.thisImage.triggerButtonAriaLabel\" data-wp-init=\"callbacks.initTriggerButton\" data-wp-on--click=\"actions.showLightbox\" data-wp-style--right=\"state.thisImage.buttonRight\" data-wp-style--top=\"state.thisImage.buttonTop\">\n\t\t\t<svg xmlns=\"http:\/\/www.w3.org\/2000\/svg\" width=\"12\" height=\"12\" fill=\"none\" viewbox=\"0 0 12 12\">\n\t\t\t\t<path fill=\"#fff\" d=\"M2 0a2 2 0 0 0-2 2v2h1.5V2a.5.5 0 0 1 .5-.5h2V0H2Zm2 10.5H2a.5.5 0 0 1-.5-.5V8H0v2a2 2 0 0 0 2 2h2v-1.5ZM8 12v-1.5h2a.5.5 0 0 0 .5-.5V8H12v2a2 2 0 0 1-2 2H8Zm2-12a2 2 0 0 1 2 2v2h-1.5V2a.5.5 0 0 0-.5-.5H8V0h2Z\"><\/path>\n\t\t\t<\/svg>\n\t\t<\/button><\/figure>\n<\/div>\n<\/div><\/div>\n\n\n\n<div class=\"wp-block-column eplus-wrapper is-layout-flow wp-block-column-is-layout-flow\"><div class=\"wp-block-columns eplus-wrapper is-layout-flex wp-container-core-columns-is-layout-f56f613f wp-block-columns-is-layout-flex eplus-styles-uid-790ad6\">\n<div class=\"wp-block-column is-vertically-aligned-center eplus-wrapper is-layout-flow wp-block-column-is-layout-flow\"><ul class=\" wp-block-list eplus-wrapper eplus-styles-uid-12b4db\"><li class=\" eplus-wrapper eplus-styles-uid-9b168a\"><mark style=\"background-color:rgba(0, 0, 0, 0);color:#978a84\" class=\"has-inline-color\">PRSSM-LD<\/mark><ul class=\" wp-block-list eplus-wrapper eplus-styles-uid-da3ff9\"><li class=\" eplus-wrapper eplus-styles-uid-864d58\"><em><em>Man\u00f3metro de baja presi\u00f3n, diafragma<\/em><\/em><\/li><\/ul><\/li><\/ul><\/div>\n\n\n\n<div class=\"wp-block-column eplus-wrapper is-layout-flow wp-block-column-is-layout-flow\">\n<figure data-wp-context='{\"imageId\":\"69e13819b9242\"}' data-wp-interactive=\"core\/image\" data-wp-key=\"69e13819b9242\" class=\"wp-block-image size-large eplus-wrapper wp-lightbox-container\"><img loading=\"lazy\" decoding=\"async\" width=\"1024\" height=\"1024\" data-wp-class--hide=\"state.isContentHidden\" data-wp-class--show=\"state.isContentVisible\" data-wp-init=\"callbacks.setButtonStyles\" data-wp-on--click=\"actions.showLightbox\" data-wp-on--load=\"callbacks.setButtonStyles\" data-wp-on--pointerdown=\"actions.preloadImage\" data-wp-on--pointerenter=\"actions.preloadImageWithDelay\" data-wp-on--pointerleave=\"actions.cancelPreload\" data-wp-on-window--resize=\"callbacks.setButtonStyles\" src=\"https:\/\/4manpro.com\/SPA\/wp-content\/uploads\/2025\/12\/4-17-1024x1024.jpg\" alt=\"\" class=\"wp-image-31816\" srcset=\"https:\/\/4manpro.com\/SPA\/wp-content\/uploads\/2025\/12\/4-17-1024x1024.jpg 1024w, https:\/\/4manpro.com\/SPA\/wp-content\/uploads\/2025\/12\/4-17-300x300.jpg 300w, https:\/\/4manpro.com\/SPA\/wp-content\/uploads\/2025\/12\/4-17-150x150.jpg 150w, https:\/\/4manpro.com\/SPA\/wp-content\/uploads\/2025\/12\/4-17-768x768.jpg 768w, https:\/\/4manpro.com\/SPA\/wp-content\/uploads\/2025\/12\/4-17.jpg 1417w\" sizes=\"auto, (max-width: 1024px) 100vw, 1024px\" \/><button class=\"lightbox-trigger\" type=\"button\" aria-haspopup=\"dialog\" data-wp-bind--aria-label=\"state.thisImage.triggerButtonAriaLabel\" data-wp-init=\"callbacks.initTriggerButton\" data-wp-on--click=\"actions.showLightbox\" data-wp-style--right=\"state.thisImage.buttonRight\" data-wp-style--top=\"state.thisImage.buttonTop\">\n\t\t\t<svg xmlns=\"http:\/\/www.w3.org\/2000\/svg\" width=\"12\" height=\"12\" fill=\"none\" viewbox=\"0 0 12 12\">\n\t\t\t\t<path fill=\"#fff\" d=\"M2 0a2 2 0 0 0-2 2v2h1.5V2a.5.5 0 0 1 .5-.5h2V0H2Zm2 10.5H2a.5.5 0 0 1-.5-.5V8H0v2a2 2 0 0 0 2 2h2v-1.5ZM8 12v-1.5h2a.5.5 0 0 0 .5-.5V8H12v2a2 2 0 0 1-2 2H8Zm2-12a2 2 0 0 1 2 2v2h-1.5V2a.5.5 0 0 0-.5-.5H8V0h2Z\"><\/path>\n\t\t\t<\/svg>\n\t\t<\/button><\/figure>\n<\/div>\n<\/div><\/div>\n<\/div>","protected":false},"excerpt":{"rendered":"<p>Serie de baja presi\u00f3n Los man\u00f3metros de presi\u00f3n diferencial son instrumentos especializados dise\u00f1ados para medir las diferencias de presi\u00f3n entre dos puntos, proporcionando lecturas claras de la presi\u00f3n diferencial. Estos man\u00f3metros se utilizan com\u00fanmente en aplicaciones que requieren un monitoreo preciso de las variaciones de presi\u00f3n, como sistemas de filtros, bombas y monitoreo del rendimiento [&hellip;]<\/p>\n","protected":false},"author":1,"featured_media":0,"parent":12564,"menu_order":0,"comment_status":"closed","ping_status":"closed","template":"principal-cuadros-individuales-2","meta":{"_crdt_document":"","editor_plus_copied_stylings":"{}","footnotes":""},"class_list":["post-31809","page","type-page","status-publish","hentry"],"_links":{"self":[{"href":"https:\/\/4manpro.com\/SPA\/wp-json\/wp\/v2\/pages\/31809","targetHints":{"allow":["GET"]}}],"collection":[{"href":"https:\/\/4manpro.com\/SPA\/wp-json\/wp\/v2\/pages"}],"about":[{"href":"https:\/\/4manpro.com\/SPA\/wp-json\/wp\/v2\/types\/page"}],"author":[{"embeddable":true,"href":"https:\/\/4manpro.com\/SPA\/wp-json\/wp\/v2\/users\/1"}],"replies":[{"embeddable":true,"href":"https:\/\/4manpro.com\/SPA\/wp-json\/wp\/v2\/comments?post=31809"}],"version-history":[{"count":3,"href":"https:\/\/4manpro.com\/SPA\/wp-json\/wp\/v2\/pages\/31809\/revisions"}],"predecessor-version":[{"id":31817,"href":"https:\/\/4manpro.com\/SPA\/wp-json\/wp\/v2\/pages\/31809\/revisions\/31817"}],"up":[{"embeddable":true,"href":"https:\/\/4manpro.com\/SPA\/wp-json\/wp\/v2\/pages\/12564"}],"wp:attachment":[{"href":"https:\/\/4manpro.com\/SPA\/wp-json\/wp\/v2\/media?parent=31809"}],"curies":[{"name":"wp","href":"https:\/\/api.w.org\/{rel}","templated":true}]}}