{"id":30727,"date":"2025-11-23T14:56:36","date_gmt":"2025-11-23T20:56:36","guid":{"rendered":"https:\/\/4manpro.com\/SPA\/?page_id=30727"},"modified":"2025-12-22T19:15:40","modified_gmt":"2025-12-23T01:15:40","slug":"herramientas-de-corte-maquinado","status":"publish","type":"page","link":"https:\/\/4manpro.com\/SPA\/herramientas-de-corte-maquinado\/","title":{"rendered":"HERRAMIENTAS DE CORTE &#038; MAQUINADO"},"content":{"rendered":"\n<div class=\"eplus-wrapper wp-block-buttons alignwide is-content-justification-space-between is-layout-flex wp-container-core-buttons-is-layout-0e410d50 wp-block-buttons-is-layout-flex\"><div class=\"eplus-wrapper wp-block-button has-custom-width wp-block-button__width-50 eplus-styles-uid-6b6aa1\"><a class=\"wp-block-button__link has-foreground-color has-text-color has-background has-link-color wp-element-button\" href=\"https:\/\/4manpro.com\/SPA\/\" style=\"background-color:#999999\">PRINCIPAL<\/a><\/div>\n\n<div class=\"eplus-wrapper wp-block-button has-custom-width wp-block-button__width-50 eplus-styles-uid-d9e52b\"><a class=\"wp-block-button__link has-background-color has-text-color has-background has-link-color wp-element-button\" href=\"https:\/\/www.4manpro.com\/princ-2\/accesories\/\" style=\"background-color:#ff7805\">ENGLISH<\/a><\/div><\/div>\n\n\n\n<figure class=\"eplus-wrapper wp-block-image alignwide size-full\"><img loading=\"lazy\" decoding=\"async\" width=\"1920\" height=\"561\" src=\"https:\/\/4manpro.com\/SPA\/wp-content\/uploads\/2025\/11\/HERRAMIENTAS-DE-CORTE-MAQUINADO.jpg\" alt=\"\" class=\"wp-image-30758\" srcset=\"https:\/\/4manpro.com\/SPA\/wp-content\/uploads\/2025\/11\/HERRAMIENTAS-DE-CORTE-MAQUINADO.jpg 1920w, https:\/\/4manpro.com\/SPA\/wp-content\/uploads\/2025\/11\/HERRAMIENTAS-DE-CORTE-MAQUINADO-300x88.jpg 300w, https:\/\/4manpro.com\/SPA\/wp-content\/uploads\/2025\/11\/HERRAMIENTAS-DE-CORTE-MAQUINADO-1024x299.jpg 1024w, https:\/\/4manpro.com\/SPA\/wp-content\/uploads\/2025\/11\/HERRAMIENTAS-DE-CORTE-MAQUINADO-768x224.jpg 768w, https:\/\/4manpro.com\/SPA\/wp-content\/uploads\/2025\/11\/HERRAMIENTAS-DE-CORTE-MAQUINADO-1536x449.jpg 1536w\" sizes=\"auto, (max-width: 1920px) 100vw, 1920px\" \/><\/figure>\n\n\n\n<hr class=\"eplus-wrapper wp-block-separator has-alpha-channel-opacity\"\/>\n\n\n\n<div class=\"eplus-wrapper wp-block-group is-layout-constrained wp-block-group-is-layout-constrained\"><p class=\"eplus-wrapper eplus-styles-uid-cb9986 wp-block-paragraph\">En\u00a0<strong><mark style=\"background-color:rgba(0, 0, 0, 0);color:#ff7805\" class=\"has-inline-color\">4ManPro<\/mark><\/strong><sup><mark style=\"background-color:rgba(0, 0, 0, 0);color:#ff7805\" class=\"has-inline-color\">\u00a9<\/mark><\/sup><em>\u00a0(Elements For Manufacturing Processes) una <mark style=\"background-color:rgba(0, 0, 0, 0);color:#ff7805\" class=\"has-inline-color\">Hann Kuen Machinery &amp; Hardware, Co., Ltd.<\/mark> <\/em><strong>BRANCH OFFICE<\/strong><em>,<\/em>\u00a0nos enorgullece ofrecer una amplia selecci\u00f3n de accesorios de diferentes marcas provenientes directamente de Taiw\u00e1n, un pa\u00eds reconocido por su excelencia en la industria de la automatizaci\u00f3n. Estamos comprometidos en brindarle <strong><em>productos confiables, funcionales y duraderos<\/em><\/strong> que l\u00edderes de la industria conf\u00edan y recomiendan.<\/p>\n\n<figure class=\"is-style-default eplus-wrapper wp-block-image alignright size-full is-resized has-custom-border eplus-styles-uid-0bef58\"><img loading=\"lazy\" decoding=\"async\" width=\"512\" height=\"512\" src=\"https:\/\/4manpro.com\/SPA\/wp-content\/uploads\/2023\/12\/cropped-Logo-Cuadro-BLACK-5x5-1.jpg\" alt=\"\" class=\"wp-image-613\" style=\"border-style:none;border-width:0px;width:175px\" srcset=\"https:\/\/4manpro.com\/SPA\/wp-content\/uploads\/2023\/12\/cropped-Logo-Cuadro-BLACK-5x5-1.jpg 512w, https:\/\/4manpro.com\/SPA\/wp-content\/uploads\/2023\/12\/cropped-Logo-Cuadro-BLACK-5x5-1-300x300.jpg 300w, https:\/\/4manpro.com\/SPA\/wp-content\/uploads\/2023\/12\/cropped-Logo-Cuadro-BLACK-5x5-1-150x150.jpg 150w, https:\/\/4manpro.com\/SPA\/wp-content\/uploads\/2023\/12\/cropped-Logo-Cuadro-BLACK-5x5-1-270x270.jpg 270w, https:\/\/4manpro.com\/SPA\/wp-content\/uploads\/2023\/12\/cropped-Logo-Cuadro-BLACK-5x5-1-192x192.jpg 192w, https:\/\/4manpro.com\/SPA\/wp-content\/uploads\/2023\/12\/cropped-Logo-Cuadro-BLACK-5x5-1-180x180.jpg 180w, https:\/\/4manpro.com\/SPA\/wp-content\/uploads\/2023\/12\/cropped-Logo-Cuadro-BLACK-5x5-1-32x32.jpg 32w\" sizes=\"auto, (max-width: 512px) 100vw, 512px\" \/><\/figure>\n\n<p class=\"eplus-wrapper eplus-styles-uid-cb9986 wp-block-paragraph\">Cuando se trata de automatizaci\u00f3n, entendemos que cada detalle importa. Es por eso que trabajamos estrechamente con reconocidas marcas taiwanesas que se destacan por su innovaci\u00f3n, precisi\u00f3n y alto rendimiento. Nuestro cat\u00e1logo incluye una amplia gama de accesorios, desde sensores y actuadores hasta controladores y sistemas de potencia, asegur\u00e1ndonos de satisfacer todas tus necesidades en el \u00e1mbito de la automatizaci\u00f3n.<\/p>\n\n<p class=\"eplus-wrapper eplus-styles-uid-cb9986 wp-block-paragraph\">En\u00a0<strong><mark style=\"background-color:rgba(0, 0, 0, 0);color:#ff7805\" class=\"has-inline-color\">4ManPro<\/mark><\/strong><sup><mark style=\"background-color:rgba(0, 0, 0, 0);color:#ff7805\" class=\"has-inline-color\">\u00a9<\/mark><\/sup> <em>(Elements For Manufacturing Processes) una <mark style=\"background-color:rgba(0, 0, 0, 0);color:#ff7805\" class=\"has-inline-color\">Hann Kuen Machinery &amp; Hardware, Co., Ltd. <\/mark><\/em><strong>BRANCH OFFICE<\/strong> nos esforzamos por ofrecerte una experiencia de compra excepcional. Nuestro equipo altamente capacitado est\u00e1 listo para asesorarte en la selecci\u00f3n de los accesorios m\u00e1s adecuados para tus aplicaciones espec\u00edficas. Adem\u00e1s, garantizamos precios competitivos y una entrega r\u00e1pida para que puedas disfrutar de tus productos de manera oportuna.<\/p>\n\n<p class=\"eplus-wrapper eplus-styles-uid-59ff23 wp-block-paragraph\">Manejamos las siguientes marcas para asegurar el complemento ideal en proyectos de automatizacion y mejora en procesos y lineas de produccion.<\/p><\/div>\n\n\n\n<hr class=\"is-style-wide wp-block-separator has-alpha-channel-opacity eplus-wrapper\"\/>\n\n\n\n<div class=\"eplus-wrapper wp-block-group is-layout-constrained wp-block-group-is-layout-constrained\"><figure class=\"eplus-wrapper wp-block-image alignleft size-full is-resized eplus-styles-uid-c73b55\"><a href=\"https:\/\/4manpro.com\/SPA\/herramientas-de-corte-maquinado\/herramientas-chandox\/\"><img loading=\"lazy\" decoding=\"async\" width=\"1024\" height=\"1024\" src=\"https:\/\/4manpro.com\/SPA\/wp-content\/uploads\/2025\/11\/CHANDOX-1.jpg\" alt=\"\" class=\"wp-image-30729\" style=\"width:175px\" srcset=\"https:\/\/4manpro.com\/SPA\/wp-content\/uploads\/2025\/11\/CHANDOX-1.jpg 1024w, https:\/\/4manpro.com\/SPA\/wp-content\/uploads\/2025\/11\/CHANDOX-1-300x300.jpg 300w, https:\/\/4manpro.com\/SPA\/wp-content\/uploads\/2025\/11\/CHANDOX-1-150x150.jpg 150w, https:\/\/4manpro.com\/SPA\/wp-content\/uploads\/2025\/11\/CHANDOX-1-768x768.jpg 768w\" sizes=\"auto, (max-width: 1024px) 100vw, 1024px\" \/><\/a><\/figure>\n\n<p class=\"eplus-wrapper eplus-styles-uid-cb9986 wp-block-paragraph\"><strong><em><a href=\"https:\/\/4manpro.com\/SPA\/herramientas-de-corte-maquinado\/herramientas-chandox\/\"><mark style=\"background-color:rgba(0, 0, 0, 0);color:#fa0000\" class=\"has-inline-color\">CHANDOX<\/mark><\/a><mark style=\"background-color:rgba(0, 0, 0, 0);color:#fa0000\" class=\"has-inline-color\"><sup>\u00a9<\/sup><\/mark><mark style=\"background-color:rgba(0, 0, 0, 0);color:#ff0000\" class=\"has-inline-color\"><\/mark><\/em><\/strong>se ha dedicado a la comercializaci\u00f3n sus productos en serie sobre mandriles de potencia de precisi\u00f3n en todo el mundo, ya sea con su propia marca, <strong><em><a href=\"https:\/\/4manpro.com\/SPA\/herramientas-de-corte-maquinado\/herramientas-chandox\/\"><mark style=\"background-color:rgba(0, 0, 0, 0);color:#fa0000\" class=\"has-inline-color\">CHANDOX<\/mark><\/a><mark style=\"background-color:rgba(0, 0, 0, 0);color:#fa0000\" class=\"has-inline-color\"><sup>\u00a9<\/sup><\/mark><\/em><\/strong>, o como <strong><em>OEM<\/em><\/strong>. Los tres conceptos de esta empresa son <em>calidad<\/em>, <em>dise\u00f1o <\/em>y <em>fabricaci\u00f3n<\/em>.<\/p>\n\n<p class=\"eplus-wrapper eplus-styles-uid-cb9986 wp-block-paragraph\">En 2001, ganamos el octavo premio a la investigaci\u00f3n en innovaci\u00f3n para peque\u00f1as y medianas empresas. Adem\u00e1s, como fabricante de mandriles de precisi\u00f3n <strong><em><a href=\"https:\/\/4manpro.com\/SPA\/herramientas-de-corte-maquinado\/herramientas-chandox\/\"><mark style=\"background-color:rgba(0, 0, 0, 0);color:#fa0000\" class=\"has-inline-color\">CHANDOX<\/mark><\/a><mark style=\"background-color:rgba(0, 0, 0, 0);color:#fa0000\" class=\"has-inline-color\"><sup>\u00a9<\/sup><\/mark><\/em><\/strong>, nos centramos en la formaci\u00f3n y capacitaci\u00f3n de nuestros recursos humanos, as\u00ed como en la instalaci\u00f3n de equipos e instrumentos de medici\u00f3n avanzados.<\/p>\n\n<p class=\"eplus-wrapper eplus-styles-uid-cb9986 wp-block-paragraph\">Utilizamos nuestra propia f\u00e1brica bien equipada para producir nuestros productos en serie sobre mandriles de potencia de precisi\u00f3n y otros accesorios relacionados con tecnolog\u00edas de fabricaci\u00f3n innovadoras y en continua mejora.<\/p><\/div>\n\n\n<p class=\"has-text-color has-background has-link-color eplus-wrapper wp-elements-29a15dc7b213c4cfca4bdc43f3e1ee7f eplus-styles-uid-c11914 wp-block-paragraph\" style=\"color:#cccccc;background-color:#fa0000\"><strong><a href=\"https:\/\/4manpro.com\/SPA\/herramientas-de-corte-maquinado\/herramientas-chandox\/\" data-type=\"page\" data-id=\"30937\">ENTRAR A CHANDOX<\/a><\/strong><\/p>\n\n\n<hr class=\"is-style-dots wp-block-separator has-alpha-channel-opacity eplus-wrapper\"\/>\n\n\n\n<div class=\"wp-block-group eplus-wrapper is-layout-constrained wp-block-group-is-layout-constrained\"><figure class=\" wp-block-image alignright size-full is-resized eplus-wrapper eplus-styles-uid-c73b55\"><a href=\"https:\/\/4manpro.com\/SPA\/herramientas-de-corte-maquinado\/herramientas-safeway\/\"><img loading=\"lazy\" decoding=\"async\" width=\"850\" height=\"850\" src=\"https:\/\/4manpro.com\/SPA\/wp-content\/uploads\/2025\/11\/SAFEWAY-I.jpg\" alt=\"\" class=\"wp-image-30733\" style=\"width:175px\" srcset=\"https:\/\/4manpro.com\/SPA\/wp-content\/uploads\/2025\/11\/SAFEWAY-I.jpg 850w, https:\/\/4manpro.com\/SPA\/wp-content\/uploads\/2025\/11\/SAFEWAY-I-300x300.jpg 300w, https:\/\/4manpro.com\/SPA\/wp-content\/uploads\/2025\/11\/SAFEWAY-I-150x150.jpg 150w, https:\/\/4manpro.com\/SPA\/wp-content\/uploads\/2025\/11\/SAFEWAY-I-768x768.jpg 768w\" sizes=\"auto, (max-width: 850px) 100vw, 850px\" \/><\/a><\/figure>\n\n<p class=\"eplus-wrapper eplus-styles-uid-cb9986 wp-block-paragraph\">Fundada en 1985, <strong><em><mark style=\"background-color:rgba(0, 0, 0, 0);color:#1a1c83\" class=\"has-inline-color\"><a href=\"https:\/\/4manpro.com\/SPA\/herramientas-de-corte-maquinado\/herramientas-safeway\/\" data-type=\"page\" data-id=\"31635\">Safeway<\/a><sup>\u00a9<\/sup> <\/mark><\/em><\/strong>es un fabricante profesional de <em>prensas de tornillo<\/em> y <em>mesas giratorias<\/em> de <em>control num\u00e9rico<\/em> <em><strong>(CN) <\/strong><\/em>en Taiw\u00e1n. Su equipo t\u00e9cnico est\u00e1 dirigido por su fundador, el presidente Hong.<\/p>\n\n<p class=\"eplus-wrapper eplus-styles-uid-cb9986 wp-block-paragraph\">En sus inicios, la empresa produc\u00eda principalmente cabezales indexadores de perforaci\u00f3n, y en 1986 lanz\u00f3 la primera prensa hidr\u00e1ulica externa integrada de Taiw\u00e1n, que obtuvo elogios del mercado por su excelente <strong><em>calidad<\/em> <\/strong>y <em><strong>rendimiento <\/strong><\/em>hidr\u00e1ulico estable. <\/p>\n\n<p class=\"eplus-wrapper eplus-styles-uid-cb9986 wp-block-paragraph\">Con el auge de las <em>m\u00e1quinas herramienta <\/em><strong><em>CNC<\/em> <\/strong>en Taiw\u00e1n, <strong><em><mark style=\"background-color:rgba(0, 0, 0, 0);color:#1a1c83\" class=\"has-inline-color\"><a href=\"https:\/\/4manpro.com\/SPA\/herramientas-de-corte-maquinado\/herramientas-safeway\/\">Safeway<\/a><\/mark><\/em><\/strong><mark style=\"background-color:rgba(0, 0, 0, 0);color:#1a1c83\" class=\"has-inline-color\"><strong><em><sup>\u00a9<\/sup><\/em><\/strong> <\/mark>desarroll\u00f3 de forma independiente la primera prensa hidr\u00e1ulica de precisi\u00f3n de Taiw\u00e1n para <em>m\u00e1quinas herramienta <strong>CNC<\/strong><\/em>, y se introdujo con \u00e9xito en los mercados nacional e internacional.<\/p><\/div>\n\n\n<p class=\"has-text-color has-background has-link-color eplus-wrapper wp-elements-69a1028d6827a683a4fd2dab72539c9b eplus-styles-uid-5611ea wp-block-paragraph\" style=\"color:#cccccc;background-color:#1b228a\"><strong><a href=\"https:\/\/4manpro.com\/SPA\/herramientas-de-corte-maquinado\/herramientas-safeway\/\" data-type=\"page\" data-id=\"31635\">ENTRAR A SAFEWAY<\/a><\/strong><\/p>\n\n\n<hr class=\"is-style-dots wp-block-separator has-alpha-channel-opacity eplus-wrapper\"\/>\n\n\n\n<div class=\"wp-block-group eplus-wrapper is-layout-constrained wp-block-group-is-layout-constrained\"><figure class=\" wp-block-image alignleft size-full is-resized eplus-wrapper eplus-styles-uid-c73b55\"><a href=\"https:\/\/4manpro.com\/SPA\/herramientas-de-corte-maquinado\/herramientas-4manpro\/\"><img loading=\"lazy\" decoding=\"async\" width=\"512\" height=\"512\" src=\"https:\/\/4manpro.com\/SPA\/wp-content\/uploads\/2025\/11\/LOGO-BLANCO-II-3D.jpg\" alt=\"\" class=\"wp-image-30738\" style=\"width:175px\" srcset=\"https:\/\/4manpro.com\/SPA\/wp-content\/uploads\/2025\/11\/LOGO-BLANCO-II-3D.jpg 512w, https:\/\/4manpro.com\/SPA\/wp-content\/uploads\/2025\/11\/LOGO-BLANCO-II-3D-300x300.jpg 300w, https:\/\/4manpro.com\/SPA\/wp-content\/uploads\/2025\/11\/LOGO-BLANCO-II-3D-150x150.jpg 150w\" sizes=\"auto, (max-width: 512px) 100vw, 512px\" \/><\/a><\/figure>\n\n<p class=\"eplus-wrapper eplus-styles-uid-cb9986 wp-block-paragraph\"><strong><a href=\"https:\/\/4manpro.com\/SPA\/herramientas-de-corte-maquinado\/herramientas-4manpro\/\" data-type=\"page\" data-id=\"31933\"><mark style=\"background-color:rgba(0, 0, 0, 0);color:#ff7805\" class=\"has-inline-color\">Hann Kuen Machinery &amp; Hardware, Co.<\/mark><\/a><\/strong><a href=\"https:\/\/4manpro.com\/SPA\/herramientas-de-corte-maquinado\/4-manpro-herramientas-de-corte\/\">,<\/a> Ltd. se destaca como un proveedor l\u00edder de <strong><em>portaherramientas (tool holders)<\/em><\/strong> de alta precisi\u00f3n, esenciales para optimizar el rendimiento y la durabilidad de las herramientas de corte en entornos de <em>mecanizado <strong>CNC<\/strong><\/em>.<\/p>\n\n<p class=\"eplus-wrapper eplus-styles-uid-cb9986 wp-block-paragraph\">Con un enfoque inquebrantable en la calidad y la innovaci\u00f3n, <strong><a href=\"https:\/\/4manpro.com\/SPA\/herramientas-de-corte-maquinado\/herramientas-4manpro\/\"><mark style=\"background-color:rgba(0, 0, 0, 0);color:#ff7805\" class=\"has-inline-color\">Hann Kuen Machinery &amp; Hardware, Co.<\/mark><\/a><\/strong><a href=\"https:\/\/4manpro.com\/SPA\/herramientas-de-corte-maquinado\/4-manpro-herramientas-de-corte\/\">,<\/a> desarrolla soluciones que garantizan una sujeci\u00f3n robusta y una concentricidad excepcional, <em>minimizando las vibraciones<\/em> y <em>prolongando la vida \u00fatil<\/em> de las herramientas.<\/p>\n\n<p class=\"eplus-wrapper eplus-styles-uid-cb9986 wp-block-paragraph\">Desde conos portaherramientas est\u00e1ndar hasta soluciones especializadas, sus productos est\u00e1n dise\u00f1ados para satisfacer las demandas m\u00e1s rigurosas de la industria moderna, asegurando eficiencia, repetibilidad y acabados superficiales superiores en cada operaci\u00f3n de mecanizado.<\/p><\/div>\n\n\n<p class=\"has-text-color has-background has-link-color eplus-wrapper wp-elements-cc234b9fac75a382523ab4745d3f2781 eplus-styles-uid-fd5df4 wp-block-paragraph\" style=\"color:#cccccc;background-color:#ff7805\"><strong><a href=\"https:\/\/4manpro.com\/SPA\/herramientas-de-corte-maquinado\/herramientas-4manpro\/\" data-type=\"page\" data-id=\"31933\">ENTRAR A 4ManPro<\/a><\/strong><\/p>","protected":false},"excerpt":{"rendered":"<p>En\u00a04ManPro\u00a9\u00a0(Elements For Manufacturing Processes) una Hann Kuen Machinery &amp; Hardware, Co., Ltd. BRANCH OFFICE,\u00a0nos enorgullece ofrecer una amplia selecci\u00f3n de accesorios de diferentes marcas provenientes directamente de Taiw\u00e1n, un pa\u00eds reconocido por su excelencia en la industria de la automatizaci\u00f3n. Estamos comprometidos en brindarle productos confiables, funcionales y duraderos que l\u00edderes de la industria conf\u00edan [&hellip;]<\/p>\n","protected":false},"author":1,"featured_media":0,"parent":0,"menu_order":0,"comment_status":"closed","ping_status":"closed","template":"principal-cuadros-individuales-2","meta":{"_crdt_document":"","editor_plus_copied_stylings":"{}","footnotes":""},"class_list":["post-30727","page","type-page","status-publish","hentry"],"_links":{"self":[{"href":"https:\/\/4manpro.com\/SPA\/wp-json\/wp\/v2\/pages\/30727","targetHints":{"allow":["GET"]}}],"collection":[{"href":"https:\/\/4manpro.com\/SPA\/wp-json\/wp\/v2\/pages"}],"about":[{"href":"https:\/\/4manpro.com\/SPA\/wp-json\/wp\/v2\/types\/page"}],"author":[{"embeddable":true,"href":"https:\/\/4manpro.com\/SPA\/wp-json\/wp\/v2\/users\/1"}],"replies":[{"embeddable":true,"href":"https:\/\/4manpro.com\/SPA\/wp-json\/wp\/v2\/comments?post=30727"}],"version-history":[{"count":51,"href":"https:\/\/4manpro.com\/SPA\/wp-json\/wp\/v2\/pages\/30727\/revisions"}],"predecessor-version":[{"id":32233,"href":"https:\/\/4manpro.com\/SPA\/wp-json\/wp\/v2\/pages\/30727\/revisions\/32233"}],"wp:attachment":[{"href":"https:\/\/4manpro.com\/SPA\/wp-json\/wp\/v2\/media?parent=30727"}],"curies":[{"name":"wp","href":"https:\/\/api.w.org\/{rel}","templated":true}]}}