{"id":30127,"date":"2025-11-13T11:40:16","date_gmt":"2025-11-13T17:40:16","guid":{"rendered":"https:\/\/4manpro.com\/SPA\/?page_id=30127"},"modified":"2025-12-04T21:29:25","modified_gmt":"2025-12-05T03:29:25","slug":"unidades-de-potencia","status":"publish","type":"page","link":"https:\/\/4manpro.com\/SPA\/unidades-de-potencia\/","title":{"rendered":"UNIDADES DE POTENCIA"},"content":{"rendered":"\n<div class=\"eplus-wrapper wp-block-buttons alignwide is-content-justification-space-between is-layout-flex wp-container-core-buttons-is-layout-0e410d50 wp-block-buttons-is-layout-flex\"><div class=\"eplus-wrapper wp-block-button has-custom-width wp-block-button__width-50 eplus-styles-uid-9203de\"><a class=\"wp-block-button__link has-foreground-color has-text-color has-background has-link-color wp-element-button\" href=\"https:\/\/4manpro.com\/SPA\/\" style=\"background-color:#999999\">PRINCIPAL<\/a><\/div>\n\n<div class=\"eplus-wrapper wp-block-button has-custom-width wp-block-button__width-50 eplus-styles-uid-ec37c9\"><a class=\"wp-block-button__link has-background-color has-text-color has-background has-link-color wp-element-button\" style=\"background-color:#ff7805\">ENGLISH<\/a><\/div><\/div>\n\n\n\n<figure class=\"eplus-wrapper wp-block-image alignwide size-full\"><img loading=\"lazy\" decoding=\"async\" width=\"1920\" height=\"561\" src=\"https:\/\/4manpro.com\/SPA\/wp-content\/uploads\/2025\/11\/UNIDADES-DE-POTENCIA.jpg\" alt=\"\" class=\"wp-image-30133\" srcset=\"https:\/\/4manpro.com\/SPA\/wp-content\/uploads\/2025\/11\/UNIDADES-DE-POTENCIA.jpg 1920w, https:\/\/4manpro.com\/SPA\/wp-content\/uploads\/2025\/11\/UNIDADES-DE-POTENCIA-300x88.jpg 300w, https:\/\/4manpro.com\/SPA\/wp-content\/uploads\/2025\/11\/UNIDADES-DE-POTENCIA-1024x299.jpg 1024w, https:\/\/4manpro.com\/SPA\/wp-content\/uploads\/2025\/11\/UNIDADES-DE-POTENCIA-768x224.jpg 768w, https:\/\/4manpro.com\/SPA\/wp-content\/uploads\/2025\/11\/UNIDADES-DE-POTENCIA-1536x449.jpg 1536w\" sizes=\"auto, (max-width: 1920px) 100vw, 1920px\" \/><\/figure>\n\n\n\n<hr class=\"eplus-wrapper wp-block-separator has-alpha-channel-opacity\"\/>\n\n\n\n<div class=\"eplus-wrapper wp-block-group alignwide is-layout-constrained wp-block-group-is-layout-constrained\"><figure class=\"is-style-default eplus-wrapper wp-block-image alignleft size-full is-resized has-custom-border eplus-styles-uid-0bef58\"><img loading=\"lazy\" decoding=\"async\" width=\"512\" height=\"512\" src=\"https:\/\/4manpro.com\/SPA\/wp-content\/uploads\/2023\/12\/cropped-Logo-Cuadro-BLACK-5x5-1.jpg\" alt=\"\" class=\"wp-image-613\" style=\"border-style:none;border-width:0px;width:175px\" srcset=\"https:\/\/4manpro.com\/SPA\/wp-content\/uploads\/2023\/12\/cropped-Logo-Cuadro-BLACK-5x5-1.jpg 512w, https:\/\/4manpro.com\/SPA\/wp-content\/uploads\/2023\/12\/cropped-Logo-Cuadro-BLACK-5x5-1-300x300.jpg 300w, https:\/\/4manpro.com\/SPA\/wp-content\/uploads\/2023\/12\/cropped-Logo-Cuadro-BLACK-5x5-1-150x150.jpg 150w, https:\/\/4manpro.com\/SPA\/wp-content\/uploads\/2023\/12\/cropped-Logo-Cuadro-BLACK-5x5-1-270x270.jpg 270w, https:\/\/4manpro.com\/SPA\/wp-content\/uploads\/2023\/12\/cropped-Logo-Cuadro-BLACK-5x5-1-192x192.jpg 192w, https:\/\/4manpro.com\/SPA\/wp-content\/uploads\/2023\/12\/cropped-Logo-Cuadro-BLACK-5x5-1-180x180.jpg 180w, https:\/\/4manpro.com\/SPA\/wp-content\/uploads\/2023\/12\/cropped-Logo-Cuadro-BLACK-5x5-1-32x32.jpg 32w\" sizes=\"auto, (max-width: 512px) 100vw, 512px\" \/><\/figure><\/div>\n\n\n<p class=\"eplus-wrapper eplus-styles-uid-cb9986 wp-block-paragraph\">En\u00a0<strong><mark style=\"background-color:rgba(0, 0, 0, 0);color:#ff7805\" class=\"has-inline-color\">4ManPro<\/mark><\/strong><sup><mark style=\"background-color:rgba(0, 0, 0, 0);color:#ff7805\" class=\"has-inline-color\">\u00a9<\/mark><\/sup><em>\u00a0(Elements For Manufacturing Processes) una <mark style=\"background-color:rgba(0, 0, 0, 0);color:#ff7805\" class=\"has-inline-color\">Hann Kuen Machinery &amp; Hardware, Co., Ltd.<\/mark> <\/em><strong>BRANCH OFFICE<\/strong><em>,<\/em>\u00a0incluimos <strong>Unidades de Potencia<\/strong> <strong>Hidr\u00e1ulica <\/strong>(<strong><em>UPH<\/em><\/strong>) como elementos clave en el portafolio de <strong><mark style=\"background-color:rgba(0, 0, 0, 0);color:#ff7805\" class=\"has-inline-color\">4ManPro<\/mark><\/strong><sup><mark style=\"background-color:rgba(0, 0, 0, 0);color:#ff7805\" class=\"has-inline-color\">\u00a9<\/mark><\/sup> se justifica por su rol estrat\u00e9gico en la habilitaci\u00f3n de <strong>procesos de alta exigencia (Heavy-Duty Automation)<\/strong> que la automatizaci\u00f3n el\u00e9ctrica o neum\u00e1tica no pueden satisfacer eficientemente.<\/p>\n\n<h5 class=\" wp-block-heading eplus-wrapper eplus-styles-uid-7d9f4f\">1. Densidad de Potencia Superior<\/h5>\n\n<p class=\"eplus-wrapper eplus-styles-uid-cb9986 wp-block-paragraph\">La principal ventaja es la <strong>densidad de potencia intr\u00ednseca<\/strong> del accionamiento hidr\u00e1ulico. Una <strong><em>UPH <\/em><\/strong>es capaz de generar fuerzas y pares extremadamente altos en un espacio compacto, superando significativamente la relaci\u00f3n potencia-peso de los sistemas electromec\u00e1nicos. Esto es indispensable para aplicaciones que requieren:<\/p>\n\n<ul class=\" wp-block-list eplus-wrapper eplus-styles-uid-51bad1\">\n<li class=\" eplus-wrapper\"><strong>Fuerza Sostenida:<\/strong> Prensado, sujeci\u00f3n (clamping), y compactaci\u00f3n.<\/li>\n\n\n\n<li class=\" eplus-wrapper\"><strong>Capacidad de Carga Extrema:<\/strong> Movimiento de grandes masas o manipulaci\u00f3n pesada en fundici\u00f3n, forja o inyecci\u00f3n de pl\u00e1sticos.<\/li>\n\n\n\n<li class=\" eplus-wrapper\"><strong>Rigidez del Sistema:<\/strong> La incompresibilidad del fluido proporciona una rigidez mec\u00e1nica superior, crucial para mantener tolerancias en condiciones de alta carga.<\/li>\n<\/ul>\n\n<h5 class=\" wp-block-heading eplus-wrapper eplus-styles-uid-3c2816\">2. Control de Fuerza y Par con Precisi\u00f3n<\/h5>\n\n<p class=\"eplus-wrapper eplus-styles-uid-cb9986 wp-block-paragraph\">Mediante la integraci\u00f3n de <strong>servov\u00e1lvulas y control de lazo cerrado<\/strong>, las <strong><em>UPH <\/em><\/strong>de <strong><mark style=\"background-color:rgba(0, 0, 0, 0);color:#ff7805\" class=\"has-inline-color\">4ManPro<\/mark><\/strong><sup><mark style=\"background-color:rgba(0, 0, 0, 0);color:#ff7805\" class=\"has-inline-color\">\u00a9<\/mark><\/sup> permiten la modulaci\u00f3n de fuerza y posici\u00f3n con din\u00e1micas de respuesta excepcionales. Esto transforma la fuerza bruta en un vector controlable, lo que resulta vital para:<\/p>\n\n<ul class=\" wp-block-list eplus-wrapper eplus-styles-uid-450591\"><li class=\" eplus-wrapper eplus-styles-uid-cb9986\"><strong>Aplicaciones Proporcionales:<\/strong> Control preciso de la velocidad (caudal) y la fuerza (presi\u00f3n) en procesos cr\u00edticos, como el moldeo por inyecci\u00f3n o el control de espesores.<\/li>\n\n<li class=\" eplus-wrapper eplus-styles-uid-21327e\"><strong>Actuaci\u00f3n en Entornos Hostiles:<\/strong> Resistencia inherente a altas temperaturas, choques mec\u00e1nicos y contaminaci\u00f3n ambiental, escenarios comunes en la industria pesada.<\/li><\/ul>\n\n<h6 class=\" wp-block-heading eplus-wrapper eplus-styles-uid-3c2816\">3. Fiabilidad y Vida \u00datil Prolongada<\/h6>\n\n<p class=\"eplus-wrapper eplus-styles-uid-cb9986 wp-block-paragraph\">El dise\u00f1o robusto de los sistemas hidr\u00e1ulicos, con componentes sumergidos en fluido que act\u00faa como lubricante y refrigerante, garantiza una <strong>vida \u00fatil extendida y menores requisitos de mantenimiento<\/strong> en comparaci\u00f3n con los sistemas mec\u00e1nicos o el\u00e9ctricos equivalentes sometidos a cargas extremas.<\/p>\n\n<p class=\"eplus-wrapper eplus-styles-uid-cb9986 wp-block-paragraph\">En resumen, las <strong><em>UPH <\/em><\/strong>son la soluci\u00f3n estrat\u00e9gica de <strong><mark style=\"background-color:rgba(0, 0, 0, 0);color:#ff7805\" class=\"has-inline-color\">4ManPro<\/mark><\/strong><sup><mark style=\"background-color:rgba(0, 0, 0, 0);color:#ff7805\" class=\"has-inline-color\">\u00a9<\/mark><\/sup> para proporcionar <strong>automatizaci\u00f3n de alta energ\u00eda, controlable y duradera<\/strong>, asegurando la viabilidad t\u00e9cnica y econ\u00f3mica de los proyectos industriales m\u00e1s demandantes.<\/p>\n\n<p class=\"eplus-wrapper eplus-styles-uid-cb9986 wp-block-paragraph\">Tenemos opci\u00f3n de de <strong><em>UPH <\/em><\/strong>de diferentes compa\u00f1\u00edas con diferentes capacidades y caracter\u00edsticas para cumplir con los requisitos para una extensa gama de proyectos.<\/p>\n\n\n<div style=\"height:3px\" aria-hidden=\"true\" class=\" wp-block-spacer eplus-wrapper\"><\/div>\n\n\n<div class=\"wp-block-columns alignwide eplus-wrapper is-layout-flex wp-container-core-columns-is-layout-f56f613f wp-block-columns-is-layout-flex eplus-styles-uid-c9bece\">\n<div class=\"wp-block-column eplus-wrapper is-layout-flow wp-block-column-is-layout-flow\"><figure class=\" wp-block-image aligncenter size-full is-resized eplus-wrapper eplus-styles-uid-7e19a5\"><a href=\"https:\/\/4manpro.com\/SPA\/accesorios-ii\/serie-vup-7-oceans\/\"><img loading=\"lazy\" decoding=\"async\" width=\"1024\" height=\"1024\" src=\"https:\/\/4manpro.com\/SPA\/wp-content\/uploads\/2025\/10\/7-OCEANS-3-3D.jpg\" alt=\"\" class=\"wp-image-29609\" style=\"width:250px\" srcset=\"https:\/\/4manpro.com\/SPA\/wp-content\/uploads\/2025\/10\/7-OCEANS-3-3D.jpg 1024w, https:\/\/4manpro.com\/SPA\/wp-content\/uploads\/2025\/10\/7-OCEANS-3-3D-300x300.jpg 300w, https:\/\/4manpro.com\/SPA\/wp-content\/uploads\/2025\/10\/7-OCEANS-3-3D-150x150.jpg 150w, https:\/\/4manpro.com\/SPA\/wp-content\/uploads\/2025\/10\/7-OCEANS-3-3D-768x768.jpg 768w\" sizes=\"auto, (max-width: 1024px) 100vw, 1024px\" \/><\/a><\/figure>\n\n\n<div style=\"height:10px\" aria-hidden=\"true\" class=\" wp-block-spacer eplus-wrapper\"><\/div>\n\n\n<p class=\"has-text-align-center eplus-wrapper eplus-styles-uid-2d68e0 wp-block-paragraph\"><a href=\"https:\/\/4manpro.com\/SPA\/accesorios-ii\/serie-vup-7-oceans\/\"><mark style=\"background-color:rgba(0, 0, 0, 0);color:#1f4e78\" class=\"has-inline-color\">7 OCEANS HYDRAULICS<\/mark><\/a><sup>\u00a9<\/sup><\/p><\/div>\n\n\n\n<div class=\"wp-block-column eplus-wrapper is-layout-flow wp-block-column-is-layout-flow\"><figure class=\" wp-block-image aligncenter size-full is-resized eplus-wrapper eplus-styles-uid-550294\"><a href=\"https:\/\/4manpro.com\/SPA\/accesorios-ii\/unidades-potencia-hydrome\/\"><img loading=\"lazy\" decoding=\"async\" width=\"1024\" height=\"1024\" src=\"https:\/\/4manpro.com\/SPA\/wp-content\/uploads\/2025\/10\/HYDROME.jpg\" alt=\"\" class=\"wp-image-29610\" style=\"width:250px\" srcset=\"https:\/\/4manpro.com\/SPA\/wp-content\/uploads\/2025\/10\/HYDROME.jpg 1024w, https:\/\/4manpro.com\/SPA\/wp-content\/uploads\/2025\/10\/HYDROME-300x300.jpg 300w, https:\/\/4manpro.com\/SPA\/wp-content\/uploads\/2025\/10\/HYDROME-150x150.jpg 150w, https:\/\/4manpro.com\/SPA\/wp-content\/uploads\/2025\/10\/HYDROME-768x768.jpg 768w\" sizes=\"auto, (max-width: 1024px) 100vw, 1024px\" \/><\/a><\/figure>\n\n\n<div style=\"height:10px\" aria-hidden=\"true\" class=\" wp-block-spacer eplus-wrapper\"><\/div>\n\n\n<p class=\"has-text-align-center eplus-wrapper eplus-styles-uid-0cd6e5 wp-block-paragraph\"><a href=\"https:\/\/4manpro.com\/SPA\/accesorios-ii\/unidades-potencia-hydrome\/\"><mark style=\"background-color:rgba(0, 0, 0, 0);color:#3e9cf6\" class=\"has-inline-color\">HYDROME<\/mark><\/a><sup>\u00a9<\/sup><\/p><\/div>\n\n\n\n<div class=\"wp-block-column eplus-wrapper is-layout-flow wp-block-column-is-layout-flow\"><figure class=\" wp-block-image aligncenter size-full is-resized eplus-wrapper eplus-styles-uid-6b489b\"><a href=\"https:\/\/4manpro.com\/SPA\/accesorios-ii\/unidades-potencia-yuken\/\"><img loading=\"lazy\" decoding=\"async\" width=\"1024\" height=\"1024\" src=\"https:\/\/4manpro.com\/SPA\/wp-content\/uploads\/2025\/10\/YUKEN-JPN.jpg\" alt=\"\" class=\"wp-image-29611\" style=\"width:250px\" srcset=\"https:\/\/4manpro.com\/SPA\/wp-content\/uploads\/2025\/10\/YUKEN-JPN.jpg 1024w, https:\/\/4manpro.com\/SPA\/wp-content\/uploads\/2025\/10\/YUKEN-JPN-300x300.jpg 300w, https:\/\/4manpro.com\/SPA\/wp-content\/uploads\/2025\/10\/YUKEN-JPN-150x150.jpg 150w, https:\/\/4manpro.com\/SPA\/wp-content\/uploads\/2025\/10\/YUKEN-JPN-768x768.jpg 768w\" sizes=\"auto, (max-width: 1024px) 100vw, 1024px\" \/><\/a><\/figure>\n\n\n<div style=\"height:27px\" aria-hidden=\"true\" class=\" wp-block-spacer eplus-wrapper\"><\/div>\n\n\n<p class=\"has-text-align-center eplus-wrapper eplus-styles-uid-734b12 wp-block-paragraph\"><mark style=\"background-color:rgba(0, 0, 0, 0);color:#e51d27\" class=\"has-inline-color\">Yuken Kogyo Co., Ltd<sup>\u00a9<\/sup>.\u00a0<\/mark><\/p>\n\n<p class=\"has-text-align-center eplus-wrapper eplus-styles-uid-c77c93 wp-block-paragraph\"><em>(Jap\u00f3n)<\/em><\/p><\/div>\n<\/div>","protected":false},"excerpt":{"rendered":"<p>En\u00a04ManPro\u00a9\u00a0(Elements For Manufacturing Processes) una Hann Kuen Machinery &amp; Hardware, Co., Ltd. BRANCH OFFICE,\u00a0incluimos Unidades de Potencia Hidr\u00e1ulica (UPH) como elementos clave en el portafolio de 4ManPro\u00a9 se justifica por su rol estrat\u00e9gico en la habilitaci\u00f3n de procesos de alta exigencia (Heavy-Duty Automation) que la automatizaci\u00f3n el\u00e9ctrica o neum\u00e1tica no pueden satisfacer eficientemente. 1. Densidad [&hellip;]<\/p>\n","protected":false},"author":1,"featured_media":0,"parent":0,"menu_order":0,"comment_status":"closed","ping_status":"closed","template":"principal-cuadros-individuales-2","meta":{"_crdt_document":"","editor_plus_copied_stylings":"{}","footnotes":""},"class_list":["post-30127","page","type-page","status-publish","hentry"],"_links":{"self":[{"href":"https:\/\/4manpro.com\/SPA\/wp-json\/wp\/v2\/pages\/30127","targetHints":{"allow":["GET"]}}],"collection":[{"href":"https:\/\/4manpro.com\/SPA\/wp-json\/wp\/v2\/pages"}],"about":[{"href":"https:\/\/4manpro.com\/SPA\/wp-json\/wp\/v2\/types\/page"}],"author":[{"embeddable":true,"href":"https:\/\/4manpro.com\/SPA\/wp-json\/wp\/v2\/users\/1"}],"replies":[{"embeddable":true,"href":"https:\/\/4manpro.com\/SPA\/wp-json\/wp\/v2\/comments?post=30127"}],"version-history":[{"count":23,"href":"https:\/\/4manpro.com\/SPA\/wp-json\/wp\/v2\/pages\/30127\/revisions"}],"predecessor-version":[{"id":31416,"href":"https:\/\/4manpro.com\/SPA\/wp-json\/wp\/v2\/pages\/30127\/revisions\/31416"}],"wp:attachment":[{"href":"https:\/\/4manpro.com\/SPA\/wp-json\/wp\/v2\/media?parent=30127"}],"curies":[{"name":"wp","href":"https:\/\/api.w.org\/{rel}","templated":true}]}}