{"id":29624,"date":"2025-10-28T14:08:15","date_gmt":"2025-10-28T20:08:15","guid":{"rendered":"https:\/\/4manpro.com\/SPA\/?page_id=29624"},"modified":"2025-12-04T21:44:32","modified_gmt":"2025-12-05T03:44:32","slug":"unidades-potencia-hydrome","status":"publish","type":"page","link":"https:\/\/4manpro.com\/SPA\/accesorios-ii\/unidades-potencia-hydrome\/","title":{"rendered":"UNIDADES POTENCIA (HYDROME)"},"content":{"rendered":"\n<div class=\"eplus-wrapper wp-block-buttons alignwide is-content-justification-space-between is-layout-flex wp-container-core-buttons-is-layout-83873c30 wp-block-buttons-is-layout-flex\"><div class=\"eplus-wrapper wp-block-button has-custom-width wp-block-button__width-50 eplus-styles-uid-ec5474\"><a class=\"wp-block-button__link has-foreground-color has-text-color has-background has-link-color wp-element-button\" href=\"https:\/\/4manpro.com\/SPA\/\" style=\"background-color:#999999\">PRINCIPAL<\/a><\/div>\n\n<div class=\"eplus-wrapper wp-block-button has-custom-width wp-block-button__width-50 eplus-styles-uid-1138ad\"><a class=\"wp-block-button__link has-background-color has-text-color has-background has-link-color wp-element-button\" style=\"background-color:#0394d5\">ENGLISH<\/a><\/div>\n\n<div class=\"eplus-wrapper wp-block-button has-custom-width wp-block-button__width-50 eplus-styles-uid-1cae57\"><a class=\"wp-block-button__link has-background-color has-text-color has-background has-link-color wp-element-button\" href=\"https:\/\/4manpro.com\/SPA\/unidades-de-potencia\/\" style=\"background-color:#cccccc\"><mark style=\"background-color:rgba(0, 0, 0, 0)\" class=\"has-inline-color has-foreground-color\">ATR\u00c1S<\/mark><\/a><\/div><\/div>\n\n\n\n<figure class=\" wp-block-image alignwide size-full eplus-wrapper\"><img loading=\"lazy\" decoding=\"async\" width=\"1920\" height=\"561\" src=\"https:\/\/4manpro.com\/SPA\/wp-content\/uploads\/2025\/10\/UNIDADES-HYDROME.jpg\" alt=\"\" class=\"wp-image-29626\" srcset=\"https:\/\/4manpro.com\/SPA\/wp-content\/uploads\/2025\/10\/UNIDADES-HYDROME.jpg 1920w, https:\/\/4manpro.com\/SPA\/wp-content\/uploads\/2025\/10\/UNIDADES-HYDROME-300x88.jpg 300w, https:\/\/4manpro.com\/SPA\/wp-content\/uploads\/2025\/10\/UNIDADES-HYDROME-1024x299.jpg 1024w, https:\/\/4manpro.com\/SPA\/wp-content\/uploads\/2025\/10\/UNIDADES-HYDROME-768x224.jpg 768w, https:\/\/4manpro.com\/SPA\/wp-content\/uploads\/2025\/10\/UNIDADES-HYDROME-1536x449.jpg 1536w\" sizes=\"auto, (max-width: 1920px) 100vw, 1920px\" \/><\/figure>\n\n\n\n<div class=\"wp-block-group eplus-wrapper is-layout-constrained wp-block-group-is-layout-constrained\"><figure class=\" wp-block-image alignleft size-full is-resized eplus-wrapper eplus-styles-uid-6b489b\"><img loading=\"lazy\" decoding=\"async\" width=\"512\" height=\"512\" src=\"https:\/\/4manpro.com\/SPA\/wp-content\/uploads\/2025\/10\/LOGO-BLANCO-3D.jpg\" alt=\"\" class=\"wp-image-29355\" style=\"width:175px\" srcset=\"https:\/\/4manpro.com\/SPA\/wp-content\/uploads\/2025\/10\/LOGO-BLANCO-3D.jpg 512w, https:\/\/4manpro.com\/SPA\/wp-content\/uploads\/2025\/10\/LOGO-BLANCO-3D-300x300.jpg 300w, https:\/\/4manpro.com\/SPA\/wp-content\/uploads\/2025\/10\/LOGO-BLANCO-3D-150x150.jpg 150w\" sizes=\"auto, (max-width: 512px) 100vw, 512px\" \/><\/figure><\/div>\n\n\n<p class=\"eplus-wrapper eplus-styles-uid-cb9986 wp-block-paragraph\"><strong><mark style=\"background-color:rgba(0, 0, 0, 0);color:#0394d5\" class=\"has-inline-color\">HYDROMECH<sup>\u00a9<\/sup> Industries Co., Ltd., <\/mark><\/strong>fundada en 1985 en Taiw\u00e1n, se especializa en el dis<em>e\u00f1o, fabricaci\u00f3n, venta, servicio<\/em> y <em>distribuci\u00f3n<\/em> de <strong>equipos hidr\u00e1ulicos<\/strong> y <strong>neum\u00e1ticos<\/strong> para aplicaciones m\u00f3viles e industriales. Damos gran importancia al control de calidad de nuestros productos y hemos proporcionado productos de alta calidad a nuestros clientes.<\/p>\n\n<p class=\"eplus-wrapper eplus-styles-uid-cb9986 wp-block-paragraph\">&#8220;<em>Los productos de alta calidad se fabrican en lugar de probarse<\/em>&#8221; es nuestra convicci\u00f3n, lo que nos lleva a involucrarnos en el control de calidad, incluyendo el <em><mark style=\"background-color:rgba(0, 0, 0, 0);color:#0394d5\" class=\"has-inline-color\">control de calidad de entrada<\/mark><strong>(CCI) <\/strong><\/em>y <em><mark style=\"background-color:rgba(0, 0, 0, 0);color:#0394d5\" class=\"has-inline-color\">el control de calidad del proceso<\/mark><\/em>, no solo en la inspecci\u00f3n final. Nuestros productos alcanzan un alto grado de precisi\u00f3n, por lo que todos est\u00e1n mecanizados con <em>M\u00e1quinas <strong>CNC<\/strong><\/em>, centros de mecanizado y m\u00e1quinas especializadas.<\/p>\n\n\n<div class=\"wp-block-group eplus-wrapper is-layout-constrained wp-block-group-is-layout-constrained\"><figure class=\" wp-block-image alignright size-full is-resized eplus-wrapper eplus-styles-uid-ade4b2\"><img loading=\"lazy\" decoding=\"async\" width=\"1024\" height=\"1024\" src=\"https:\/\/4manpro.com\/SPA\/wp-content\/uploads\/2025\/10\/HYDROME-1.jpg\" alt=\"\" class=\"wp-image-29627\" style=\"width:175px\" srcset=\"https:\/\/4manpro.com\/SPA\/wp-content\/uploads\/2025\/10\/HYDROME-1.jpg 1024w, https:\/\/4manpro.com\/SPA\/wp-content\/uploads\/2025\/10\/HYDROME-1-300x300.jpg 300w, https:\/\/4manpro.com\/SPA\/wp-content\/uploads\/2025\/10\/HYDROME-1-150x150.jpg 150w, https:\/\/4manpro.com\/SPA\/wp-content\/uploads\/2025\/10\/HYDROME-1-768x768.jpg 768w\" sizes=\"auto, (max-width: 1024px) 100vw, 1024px\" \/><\/figure>\n\n\n<div class=\"wp-block-group eplus-wrapper is-layout-constrained wp-block-group-is-layout-constrained\"><p class=\"eplus-wrapper eplus-styles-uid-cb9986 wp-block-paragraph\">Nuestros productos tienen un dise\u00f1o y una calidad comprobados y se han utilizado con \u00e9xito en diversas aplicaciones durante muchos a\u00f1os.<\/p><\/div>\n\n\n<p class=\"eplus-wrapper eplus-styles-uid-cb9986 wp-block-paragraph\"><strong><mark style=\"background-color:rgba(0, 0, 0, 0);color:#ff7805\" class=\"has-inline-color\">4ManPro<\/mark><\/strong><sup><mark style=\"background-color:rgba(0, 0, 0, 0);color:#ff7805\" class=\"has-inline-color\">\u00a9<\/mark><\/sup><em>(Elements For Manufacturing Purposses) <\/em>una <em><mark style=\"background-color:rgba(0, 0, 0, 0);color:#ff7805\" class=\"has-inline-color\">Hann Kuen Machinery<\/mark> <\/em><strong>BRANCH OFFICE<\/strong>, ofrece elementos novedosos que cumplen aun con las normas mas estrictas a nivel global. Como parte de estos elementos, se presentan los siguientes elementos:<\/p><\/div>\n\n\n\n<hr class=\"is-style-dots wp-block-separator has-alpha-channel-opacity eplus-wrapper\"\/>\n\n\n<p class=\"has-background-color has-text-color has-background has-link-color eplus-wrapper wp-elements-2ae13bc3ee1457ae5912f10cf56fbc82 eplus-styles-uid-eda005 wp-block-paragraph\" style=\"background-color:#7e7e7e\">UNIDAD DE POTENCIA PARA PRESI\u00d3N ESTANDAR<\/p>\n\n\n<div style=\"height:12px\" aria-hidden=\"true\" class=\" wp-block-spacer eplus-wrapper\"><\/div>\n\n\n<figure class=\" wp-block-image aligncenter size-full is-resized eplus-wrapper eplus-styles-uid-97ff48\"><a href=\"https:\/\/4manpro.com\/SPA\/accesorios-ii\/unidades-potencia-hydrome\/tipo-mr-2\/\"><img loading=\"lazy\" decoding=\"async\" width=\"1920\" height=\"694\" src=\"https:\/\/4manpro.com\/SPA\/wp-content\/uploads\/2025\/10\/TIPO-MR.jpg\" alt=\"\" class=\"wp-image-29632\" style=\"width:750px\" srcset=\"https:\/\/4manpro.com\/SPA\/wp-content\/uploads\/2025\/10\/TIPO-MR.jpg 1920w, https:\/\/4manpro.com\/SPA\/wp-content\/uploads\/2025\/10\/TIPO-MR-300x108.jpg 300w, https:\/\/4manpro.com\/SPA\/wp-content\/uploads\/2025\/10\/TIPO-MR-1024x370.jpg 1024w, https:\/\/4manpro.com\/SPA\/wp-content\/uploads\/2025\/10\/TIPO-MR-768x278.jpg 768w, https:\/\/4manpro.com\/SPA\/wp-content\/uploads\/2025\/10\/TIPO-MR-1536x555.jpg 1536w\" sizes=\"auto, (max-width: 1920px) 100vw, 1920px\" \/><\/a><\/figure>\n\n<figure class=\" wp-block-image aligncenter size-full is-resized eplus-wrapper eplus-styles-uid-c8b45a\"><a href=\"https:\/\/4manpro.com\/SPA\/accesorios-ii\/unidades-potencia-hydrome\/tipo-mk-2\/\"><img loading=\"lazy\" decoding=\"async\" width=\"1920\" height=\"694\" src=\"https:\/\/4manpro.com\/SPA\/wp-content\/uploads\/2025\/10\/TIPO-MK.jpg\" alt=\"\" class=\"wp-image-29635\" style=\"width:750px\" srcset=\"https:\/\/4manpro.com\/SPA\/wp-content\/uploads\/2025\/10\/TIPO-MK.jpg 1920w, https:\/\/4manpro.com\/SPA\/wp-content\/uploads\/2025\/10\/TIPO-MK-300x108.jpg 300w, https:\/\/4manpro.com\/SPA\/wp-content\/uploads\/2025\/10\/TIPO-MK-1024x370.jpg 1024w, https:\/\/4manpro.com\/SPA\/wp-content\/uploads\/2025\/10\/TIPO-MK-768x278.jpg 768w, https:\/\/4manpro.com\/SPA\/wp-content\/uploads\/2025\/10\/TIPO-MK-1536x555.jpg 1536w\" sizes=\"auto, (max-width: 1920px) 100vw, 1920px\" \/><\/a><\/figure>\n\n<figure class=\" wp-block-image aligncenter size-full is-resized eplus-wrapper eplus-styles-uid-c8b45a\"><a href=\"https:\/\/4manpro.com\/SPA\/accesorios-ii\/unidades-potencia-hydrome\/tipo-s-2\/\"><img loading=\"lazy\" decoding=\"async\" width=\"1920\" height=\"694\" src=\"https:\/\/4manpro.com\/SPA\/wp-content\/uploads\/2025\/10\/TIPO-S.jpg\" alt=\"\" class=\"wp-image-29638\" style=\"width:750px\" srcset=\"https:\/\/4manpro.com\/SPA\/wp-content\/uploads\/2025\/10\/TIPO-S.jpg 1920w, https:\/\/4manpro.com\/SPA\/wp-content\/uploads\/2025\/10\/TIPO-S-300x108.jpg 300w, https:\/\/4manpro.com\/SPA\/wp-content\/uploads\/2025\/10\/TIPO-S-1024x370.jpg 1024w, https:\/\/4manpro.com\/SPA\/wp-content\/uploads\/2025\/10\/TIPO-S-768x278.jpg 768w, https:\/\/4manpro.com\/SPA\/wp-content\/uploads\/2025\/10\/TIPO-S-1536x555.jpg 1536w\" sizes=\"auto, (max-width: 1920px) 100vw, 1920px\" \/><\/a><\/figure>\n\n<figure class=\" wp-block-image aligncenter size-full is-resized eplus-wrapper eplus-styles-uid-c8b45a\"><a href=\"https:\/\/4manpro.com\/SPA\/accesorios-ii\/unidades-potencia-hydrome\/tipo-n-2\/\"><img loading=\"lazy\" decoding=\"async\" width=\"1920\" height=\"694\" src=\"https:\/\/4manpro.com\/SPA\/wp-content\/uploads\/2025\/10\/TIPO-N.jpg\" alt=\"\" class=\"wp-image-29639\" style=\"width:750px\" srcset=\"https:\/\/4manpro.com\/SPA\/wp-content\/uploads\/2025\/10\/TIPO-N.jpg 1920w, https:\/\/4manpro.com\/SPA\/wp-content\/uploads\/2025\/10\/TIPO-N-300x108.jpg 300w, https:\/\/4manpro.com\/SPA\/wp-content\/uploads\/2025\/10\/TIPO-N-1024x370.jpg 1024w, https:\/\/4manpro.com\/SPA\/wp-content\/uploads\/2025\/10\/TIPO-N-768x278.jpg 768w, https:\/\/4manpro.com\/SPA\/wp-content\/uploads\/2025\/10\/TIPO-N-1536x555.jpg 1536w\" sizes=\"auto, (max-width: 1920px) 100vw, 1920px\" \/><\/a><\/figure>\n\n<figure class=\" wp-block-image size-full is-resized eplus-wrapper eplus-styles-uid-6b489b\"><a href=\"https:\/\/4manpro.com\/SPA\/accesorios-ii\/unidades-potencia-hydrome\/tipo-a-2\/\"><img loading=\"lazy\" decoding=\"async\" width=\"1920\" height=\"694\" src=\"https:\/\/4manpro.com\/SPA\/wp-content\/uploads\/2025\/10\/TIPO-A.jpg\" alt=\"\" class=\"wp-image-29641\" style=\"width:748px\" srcset=\"https:\/\/4manpro.com\/SPA\/wp-content\/uploads\/2025\/10\/TIPO-A.jpg 1920w, https:\/\/4manpro.com\/SPA\/wp-content\/uploads\/2025\/10\/TIPO-A-300x108.jpg 300w, https:\/\/4manpro.com\/SPA\/wp-content\/uploads\/2025\/10\/TIPO-A-1024x370.jpg 1024w, https:\/\/4manpro.com\/SPA\/wp-content\/uploads\/2025\/10\/TIPO-A-768x278.jpg 768w, https:\/\/4manpro.com\/SPA\/wp-content\/uploads\/2025\/10\/TIPO-A-1536x555.jpg 1536w\" sizes=\"auto, (max-width: 1920px) 100vw, 1920px\" \/><\/a><\/figure>\n\n\n<hr class=\" wp-block-separator has-alpha-channel-opacity eplus-wrapper\"\/>\n\n\n<p class=\"has-background-color has-text-color has-background has-link-color eplus-wrapper wp-elements-e4d4daac5761945a793c6c7a67b9ad60 eplus-styles-uid-a78726 wp-block-paragraph\" style=\"background-color:#7e7e7e\">UNIDAD DE POTENCIA PARA PRESI\u00d3N <em>ALTA\/BAJA<\/em><\/p>\n\n\n<div style=\"height:12px\" aria-hidden=\"true\" class=\" wp-block-spacer eplus-wrapper\"><\/div>\n\n\n<figure class=\" wp-block-image size-full is-resized eplus-wrapper eplus-styles-uid-97ff48\"><a href=\"https:\/\/4manpro.com\/SPA\/accesorios-ii\/unidades-potencia-hydrome\/tipo-n-baja-alta\/\"><img loading=\"lazy\" decoding=\"async\" width=\"1920\" height=\"694\" src=\"https:\/\/4manpro.com\/SPA\/wp-content\/uploads\/2025\/10\/TIPO-N-HI-LOW.jpg\" alt=\"\" class=\"wp-image-29642\" style=\"width:750px\" srcset=\"https:\/\/4manpro.com\/SPA\/wp-content\/uploads\/2025\/10\/TIPO-N-HI-LOW.jpg 1920w, https:\/\/4manpro.com\/SPA\/wp-content\/uploads\/2025\/10\/TIPO-N-HI-LOW-300x108.jpg 300w, https:\/\/4manpro.com\/SPA\/wp-content\/uploads\/2025\/10\/TIPO-N-HI-LOW-1024x370.jpg 1024w, https:\/\/4manpro.com\/SPA\/wp-content\/uploads\/2025\/10\/TIPO-N-HI-LOW-768x278.jpg 768w, https:\/\/4manpro.com\/SPA\/wp-content\/uploads\/2025\/10\/TIPO-N-HI-LOW-1536x555.jpg 1536w\" sizes=\"auto, (max-width: 1920px) 100vw, 1920px\" \/><\/a><\/figure>\n\n<figure class=\" wp-block-image size-full eplus-wrapper eplus-styles-uid-c8b45a\"><a href=\"https:\/\/4manpro.com\/SPA\/accesorios-ii\/unidades-potencia-hydrome\/tipo-s-baja-alta\/\"><img loading=\"lazy\" decoding=\"async\" width=\"1920\" height=\"694\" src=\"https:\/\/4manpro.com\/SPA\/wp-content\/uploads\/2025\/10\/TIPO-S-HI-LOW.jpg\" alt=\"\" class=\"wp-image-29643\" srcset=\"https:\/\/4manpro.com\/SPA\/wp-content\/uploads\/2025\/10\/TIPO-S-HI-LOW.jpg 1920w, https:\/\/4manpro.com\/SPA\/wp-content\/uploads\/2025\/10\/TIPO-S-HI-LOW-300x108.jpg 300w, https:\/\/4manpro.com\/SPA\/wp-content\/uploads\/2025\/10\/TIPO-S-HI-LOW-1024x370.jpg 1024w, https:\/\/4manpro.com\/SPA\/wp-content\/uploads\/2025\/10\/TIPO-S-HI-LOW-768x278.jpg 768w, https:\/\/4manpro.com\/SPA\/wp-content\/uploads\/2025\/10\/TIPO-S-HI-LOW-1536x555.jpg 1536w\" sizes=\"auto, (max-width: 1920px) 100vw, 1920px\" \/><\/a><\/figure>\n\n<figure class=\" wp-block-image size-full eplus-wrapper eplus-styles-uid-6b489b\"><a href=\"https:\/\/4manpro.com\/SPA\/accesorios-ii\/unidades-potencia-hydrome\/tipo-acetop03-baja-alta-duplicate\/\"><img loading=\"lazy\" decoding=\"async\" width=\"1920\" height=\"694\" src=\"https:\/\/4manpro.com\/SPA\/wp-content\/uploads\/2025\/10\/TIPO-A-HI-LOW.jpg\" alt=\"\" class=\"wp-image-29644\" srcset=\"https:\/\/4manpro.com\/SPA\/wp-content\/uploads\/2025\/10\/TIPO-A-HI-LOW.jpg 1920w, https:\/\/4manpro.com\/SPA\/wp-content\/uploads\/2025\/10\/TIPO-A-HI-LOW-300x108.jpg 300w, https:\/\/4manpro.com\/SPA\/wp-content\/uploads\/2025\/10\/TIPO-A-HI-LOW-1024x370.jpg 1024w, https:\/\/4manpro.com\/SPA\/wp-content\/uploads\/2025\/10\/TIPO-A-HI-LOW-768x278.jpg 768w, https:\/\/4manpro.com\/SPA\/wp-content\/uploads\/2025\/10\/TIPO-A-HI-LOW-1536x555.jpg 1536w\" sizes=\"auto, (max-width: 1920px) 100vw, 1920px\" \/><\/a><\/figure>","protected":false},"excerpt":{"rendered":"<p>HYDROMECH\u00a9 Industries Co., Ltd., fundada en 1985 en Taiw\u00e1n, se especializa en el dise\u00f1o, fabricaci\u00f3n, venta, servicio y distribuci\u00f3n de equipos hidr\u00e1ulicos y neum\u00e1ticos para aplicaciones m\u00f3viles e industriales. Damos gran importancia al control de calidad de nuestros productos y hemos proporcionado productos de alta calidad a nuestros clientes. &#8220;Los productos de alta calidad se [&hellip;]<\/p>\n","protected":false},"author":1,"featured_media":0,"parent":1028,"menu_order":26,"comment_status":"closed","ping_status":"closed","template":"principal-cuadros-individuales-2","meta":{"_crdt_document":"","editor_plus_copied_stylings":"{}","footnotes":""},"class_list":["post-29624","page","type-page","status-publish","hentry"],"_links":{"self":[{"href":"https:\/\/4manpro.com\/SPA\/wp-json\/wp\/v2\/pages\/29624","targetHints":{"allow":["GET"]}}],"collection":[{"href":"https:\/\/4manpro.com\/SPA\/wp-json\/wp\/v2\/pages"}],"about":[{"href":"https:\/\/4manpro.com\/SPA\/wp-json\/wp\/v2\/types\/page"}],"author":[{"embeddable":true,"href":"https:\/\/4manpro.com\/SPA\/wp-json\/wp\/v2\/users\/1"}],"replies":[{"embeddable":true,"href":"https:\/\/4manpro.com\/SPA\/wp-json\/wp\/v2\/comments?post=29624"}],"version-history":[{"count":40,"href":"https:\/\/4manpro.com\/SPA\/wp-json\/wp\/v2\/pages\/29624\/revisions"}],"predecessor-version":[{"id":31439,"href":"https:\/\/4manpro.com\/SPA\/wp-json\/wp\/v2\/pages\/29624\/revisions\/31439"}],"up":[{"embeddable":true,"href":"https:\/\/4manpro.com\/SPA\/wp-json\/wp\/v2\/pages\/1028"}],"wp:attachment":[{"href":"https:\/\/4manpro.com\/SPA\/wp-json\/wp\/v2\/media?parent=29624"}],"curies":[{"name":"wp","href":"https:\/\/api.w.org\/{rel}","templated":true}]}}