{"id":29345,"date":"2025-10-24T18:48:42","date_gmt":"2025-10-25T00:48:42","guid":{"rendered":"https:\/\/4manpro.com\/SPA\/?page_id=29345"},"modified":"2025-12-04T21:39:35","modified_gmt":"2025-12-05T03:39:35","slug":"serie-vup-7-oceans","status":"publish","type":"page","link":"https:\/\/4manpro.com\/SPA\/accesorios-ii\/serie-vup-7-oceans\/","title":{"rendered":"SERIE VUP (7 OCEANS)"},"content":{"rendered":"\n<div class=\"eplus-wrapper wp-block-buttons alignwide is-content-justification-space-between is-layout-flex wp-container-core-buttons-is-layout-83873c30 wp-block-buttons-is-layout-flex\"><div class=\"eplus-wrapper wp-block-button has-custom-width wp-block-button__width-50 eplus-styles-uid-d0c316\"><a class=\"wp-block-button__link has-foreground-color has-text-color has-background has-link-color wp-element-button\" href=\"https:\/\/4manpro.com\/SPA\/\" style=\"background-color:#999999\">PRINCIPAL<\/a><\/div>\n\n<div class=\"eplus-wrapper wp-block-button has-custom-width wp-block-button__width-50 eplus-styles-uid-26cc24\"><a class=\"wp-block-button__link has-background-color has-text-color has-background has-link-color wp-element-button\" style=\"background-color:#2f3b91\">ENGLISH<\/a><\/div>\n\n<div class=\"eplus-wrapper wp-block-button has-custom-width wp-block-button__width-50 eplus-styles-uid-3f7f35\"><a class=\"wp-block-button__link has-background-color has-text-color has-background has-link-color wp-element-button\" href=\"https:\/\/4manpro.com\/SPA\/unidades-de-potencia\/\" style=\"background-color:#cccccc\"><mark style=\"background-color:rgba(0, 0, 0, 0)\" class=\"has-inline-color has-foreground-color\">ATR\u00c1S<\/mark><\/a><\/div><\/div>\n\n\n\n<figure class=\" wp-block-image alignwide size-full eplus-wrapper\"><img decoding=\"async\" src=\"https:\/\/4manpro.com\/SPA\/wp-content\/uploads\/2025\/10\/UNIDADES-7-SEAS.jpg\" alt=\"\" class=\"wp-image-29621\"\/><\/figure>\n\n\n\n<div class=\"wp-block-group eplus-wrapper is-layout-constrained wp-block-group-is-layout-constrained\"><figure class=\" wp-block-image alignleft size-full is-resized eplus-wrapper eplus-styles-uid-6b489b\"><img loading=\"lazy\" decoding=\"async\" width=\"512\" height=\"512\" src=\"https:\/\/4manpro.com\/SPA\/wp-content\/uploads\/2025\/10\/LOGO-BLANCO-3D.jpg\" alt=\"\" class=\"wp-image-29355\" style=\"width:175px\" srcset=\"https:\/\/4manpro.com\/SPA\/wp-content\/uploads\/2025\/10\/LOGO-BLANCO-3D.jpg 512w, https:\/\/4manpro.com\/SPA\/wp-content\/uploads\/2025\/10\/LOGO-BLANCO-3D-300x300.jpg 300w, https:\/\/4manpro.com\/SPA\/wp-content\/uploads\/2025\/10\/LOGO-BLANCO-3D-150x150.jpg 150w\" sizes=\"auto, (max-width: 512px) 100vw, 512px\" \/><\/figure><\/div>\n\n\n<p class=\"eplus-wrapper eplus-styles-uid-cb9986 wp-block-paragraph\">Ofreciendo a sus clientes v\u00e1lvulas hidr\u00e1ulicas y sistemas de potencia hidr\u00e1ulica de primera clase, <strong><em><mark style=\"background-color:rgba(0, 0, 0, 0);color:#2f3b91\" class=\"has-inline-color\">Seven Ocean Hydraulics<\/mark><\/em><\/strong> fabrica piezas hidr\u00e1ulicas de calidad desde 1989 y tambi\u00e9n ha prestado servicios <strong>OEM <\/strong>a reconocidas empresas <em>japonesas<\/em>, <em>europeas <\/em>y <em>estadounidenses<\/em>.<\/p>\n\n<p class=\"eplus-wrapper eplus-styles-uid-cb9986 wp-block-paragraph\">Durante m\u00e1s de tres d\u00e9cadas, <strong><em><mark style=\"background-color:rgba(0, 0, 0, 0);color:#2f3b91\" class=\"has-inline-color\">Seven Ocean Hydraulics<\/mark><\/em><\/strong> ha abastecido a clientes de Asia, y ahora se ha expandido a nivel mundial, con v\u00e1lvulas de control direccional, v\u00e1lvulas modulares de pila, conjuntos, unidades de potencia y otras v\u00e1lvulas y componentes de alta <strong><em>calidad <\/em><\/strong>y <strong><em>fiabilidad<\/em><\/strong>. <\/p>\n\n\n<div class=\"wp-block-group eplus-wrapper is-layout-constrained wp-block-group-is-layout-constrained\"><figure class=\" wp-block-image alignright size-full is-resized eplus-wrapper eplus-styles-uid-ade4b2\"><img loading=\"lazy\" decoding=\"async\" width=\"512\" height=\"512\" src=\"https:\/\/4manpro.com\/SPA\/wp-content\/uploads\/2025\/10\/LOGO-BLANCO-II-3D.jpg\" alt=\"\" class=\"wp-image-29361\" style=\"width:175px\" srcset=\"https:\/\/4manpro.com\/SPA\/wp-content\/uploads\/2025\/10\/LOGO-BLANCO-II-3D.jpg 512w, https:\/\/4manpro.com\/SPA\/wp-content\/uploads\/2025\/10\/LOGO-BLANCO-II-3D-300x300.jpg 300w, https:\/\/4manpro.com\/SPA\/wp-content\/uploads\/2025\/10\/LOGO-BLANCO-II-3D-150x150.jpg 150w\" sizes=\"auto, (max-width: 512px) 100vw, 512px\" \/><\/figure>\n\n\n<div class=\"wp-block-group eplus-wrapper is-layout-constrained wp-block-group-is-layout-constrained\"><p class=\"eplus-wrapper eplus-styles-uid-cb9986 wp-block-paragraph\">Nuestros productos tienen un dise\u00f1o y una calidad comprobados y se han utilizado con \u00e9xito en diversas aplicaciones durante muchos a\u00f1os.<\/p><\/div>\n\n\n<p class=\"eplus-wrapper eplus-styles-uid-cb9986 wp-block-paragraph\"><strong><mark style=\"background-color:rgba(0, 0, 0, 0);color:#ff7805\" class=\"has-inline-color\">4ManPro<\/mark><\/strong><sup><mark style=\"background-color:rgba(0, 0, 0, 0);color:#ff7805\" class=\"has-inline-color\">\u00a9<\/mark><\/sup><em>(Elements For Manufacturing Purposses) <\/em>una <em><mark style=\"background-color:rgba(0, 0, 0, 0);color:#ff7805\" class=\"has-inline-color\">Hann Kuen Machinery<\/mark> <\/em><strong>BRANCH OFFICE<\/strong>, ofrece elementos novedosos que cumplen aun con las normas mas estrictas a nivel global. Como parte de estos elementos, se presentan los siguientes elementos:<\/p><\/div>\n\n\n<p class=\"has-background-color has-text-color has-background has-link-color eplus-wrapper wp-elements-87337cfdaca0d70b77924337cc1fa850 eplus-styles-uid-66ca96 wp-block-paragraph\" style=\"background-color:#2f3b91\">UNIDADES HIDR\u00c1ULICAS DE PALETAS DE PRESI\u00d3N VARIABLE<\/p>\n\n<p class=\"has-text-align-center eplus-wrapper eplus-styles-uid-c7921d wp-block-paragraph\">Caracter\u00edsticas<\/p>\n\n<div class=\"wp-block-columns alignwide eplus-wrapper is-layout-flex wp-container-core-columns-is-layout-f56f613f wp-block-columns-is-layout-flex eplus-styles-uid-72ddf2\">\n<div class=\"wp-block-column is-vertically-aligned-center eplus-wrapper is-layout-flow wp-block-column-is-layout-flow\"><div id=\"metaslider-id-29380\" style=\"max-width: 600px;\" class=\"ml-slider-3-108-0 metaslider metaslider-flex metaslider-29380 ml-slider ms-theme-default-base nav-hidden\" role=\"region\" aria-label=\"7OCEANS I\" data-height=\"600\" data-width=\"600\">\n    <div id=\"metaslider_container_29380\">\n        <div id=\"metaslider_29380\">\n            <ul aria-live='off' class='slides'>\n                <li style=\"display: block; width: 100%;\" class=\"slide-29388 ms-image \" aria-roledescription=\"slide\" data-date=\"2025-10-24 20:15:28\" data-filename=\"7-OCEANS-2-3D-1-600x600.jpg\" data-slide-type=\"image\"><img loading=\"lazy\" decoding=\"async\" src=\"https:\/\/4manpro.com\/SPA\/wp-content\/uploads\/2025\/10\/7-OCEANS-2-3D-1-600x600.jpg\" height=\"600\" width=\"600\" alt=\"\" class=\"slider-29380 slide-29388 msDefaultImage\" title=\"7 OCEANS 2-3D\" \/><\/li>\n                <li style=\"display: none; width: 100%;\" class=\"slide-29385 ms-image \" aria-roledescription=\"slide\" data-date=\"2025-10-24 20:15:28\" data-filename=\"VUP-1-600x600.jpg\" data-slide-type=\"image\"><img loading=\"lazy\" decoding=\"async\" src=\"https:\/\/4manpro.com\/SPA\/wp-content\/uploads\/2025\/11\/VUP-1-600x600.jpg\" height=\"600\" width=\"600\" alt=\"\" class=\"slider-29380 slide-29385 msDefaultImage\" title=\"VUP 1\" \/><\/li>\n                <li style=\"display: none; width: 100%;\" class=\"slide-30180 ms-image \" aria-roledescription=\"slide\" data-date=\"2025-11-13 19:13:33\" data-filename=\"VUP-2-600x600.jpg\" data-slide-type=\"image\"><img loading=\"lazy\" decoding=\"async\" src=\"https:\/\/4manpro.com\/SPA\/wp-content\/uploads\/2025\/11\/VUP-2-600x600.jpg\" height=\"600\" width=\"600\" alt=\"\" class=\"slider-29380 slide-30180 msDefaultImage\" title=\"VUP 2\" \/><\/li>\n                <li style=\"display: none; width: 100%;\" class=\"slide-30181 ms-image \" aria-roledescription=\"slide\" data-date=\"2025-11-13 19:13:33\" data-filename=\"VUP-4-600x600.jpg\" data-slide-type=\"image\"><img loading=\"lazy\" decoding=\"async\" src=\"https:\/\/4manpro.com\/SPA\/wp-content\/uploads\/2025\/11\/VUP-4-600x600.jpg\" height=\"600\" width=\"600\" alt=\"\" class=\"slider-29380 slide-30181 msDefaultImage\" title=\"VUP 4\" \/><\/li>\n                <li style=\"display: none; width: 100%;\" class=\"slide-29386 ms-image \" aria-roledescription=\"slide\" data-date=\"2025-10-24 20:15:28\" data-filename=\"VUP-3-600x600.jpg\" data-slide-type=\"image\"><img loading=\"lazy\" decoding=\"async\" src=\"https:\/\/4manpro.com\/SPA\/wp-content\/uploads\/2025\/11\/VUP-3-600x600.jpg\" height=\"600\" width=\"600\" alt=\"\" class=\"slider-29380 slide-29386 msDefaultImage\" title=\"VUP 3\" \/><\/li>\n                <li style=\"display: none; width: 100%;\" class=\"slide-29387 ms-image \" aria-roledescription=\"slide\" data-date=\"2025-10-24 20:15:28\" data-filename=\"Logo-4-Blue-7-oceans-I-Cuadro-600x600.jpg\" data-slide-type=\"image\"><img loading=\"lazy\" decoding=\"async\" src=\"https:\/\/4manpro.com\/SPA\/wp-content\/uploads\/2025\/10\/Logo-4-Blue-7-oceans-I-Cuadro-600x600.jpg\" height=\"600\" width=\"600\" alt=\"\" class=\"slider-29380 slide-29387 msDefaultImage\" title=\"Logo 4 Blue 7 oceans I Cuadro\" \/><\/li>\n            <\/ul>\n        <\/div>\n        \n    <\/div>\n<\/div>\n<\/div>\n\n\n\n<div class=\"wp-block-column is-vertically-aligned-center eplus-wrapper is-layout-flow wp-block-column-is-layout-flow\"><ul class=\" wp-block-list eplus-wrapper eplus-styles-uid-4bb175\"><li class=\" eplus-wrapper eplus-styles-uid-6caf38\"><mark style=\"background-color:rgba(0, 0, 0, 0);color:#2f3b91\" class=\"has-inline-color\">Alta eficiencia<\/mark><ul class=\" wp-block-list eplus-wrapper eplus-styles-uid-3b6e92\"><li class=\" eplus-wrapper eplus-styles-uid-a4c5b6\">La combinaci\u00f3n de un motor de alta eficiencia (cumple con el requisito <strong>IE3<\/strong>) permite ahorrar un 20.00 % m\u00e1s de energ\u00eda en comparaci\u00f3n con motores y bombas convencionales.<\/li><\/ul><\/li>\n\n<li class=\" eplus-wrapper eplus-styles-uid-6caf38\"><mark style=\"background-color:rgba(0, 0, 0, 0);color:#2f3b91\" class=\"has-inline-color\">Baja temperatura<\/mark><ul class=\" wp-block-list eplus-wrapper eplus-styles-uid-882fa0\"><li class=\" eplus-wrapper eplus-styles-uid-445817\">Una alta eficiencia volum\u00e9trica con m\u00ednimas fugas reducen la generaci\u00f3n de calor y mejoran la precisi\u00f3n.<\/li><\/ul><\/li>\n\n<li class=\" eplus-wrapper eplus-styles-uid-6caf38\"><mark style=\"background-color:rgba(0, 0, 0, 0);color:#2f3b91\" class=\"has-inline-color\">Ahorro de espacio<\/mark><ul class=\" wp-block-list eplus-wrapper eplus-styles-uid-4603aa\"><li class=\" eplus-wrapper eplus-styles-uid-ca36f6\">El dise\u00f1o especial integrado de la bomba de motor reduce el espacio necesario para el montaje de la bomba.<\/li><\/ul><\/li>\n\n<li class=\" eplus-wrapper eplus-styles-uid-6caf38\"><mark style=\"background-color:rgba(0, 0, 0, 0);color:#2f3b91\" class=\"has-inline-color\">Larga vida \u00fatil<\/mark><ul class=\" wp-block-list eplus-wrapper eplus-styles-uid-3109e8\"><li class=\" eplus-wrapper eplus-styles-uid-ca36f6\">La exclusiva conexi\u00f3n h\u00fameda prolonga considerablemente la vida \u00fatil del grupo de bomba.<\/li><\/ul><\/li>\n\n<li class=\" eplus-wrapper eplus-styles-uid-6caf38\"><mark style=\"background-color:rgba(0, 0, 0, 0);color:#2f3b91\" class=\"has-inline-color\">Bajo nivel de ruido<\/mark><ul class=\" wp-block-list eplus-wrapper eplus-styles-uid-ac54c9\"><li class=\" eplus-wrapper eplus-styles-uid-445817\">La conexi\u00f3n especial entre el motor y la bomba elimina la vibraci\u00f3n y la excentricidad del eje, lo que resulta en menos ruido.<\/li><\/ul><\/li><\/ul><\/div>\n<\/div>\n\n\n<hr class=\"is-style-dots wp-block-separator has-alpha-channel-opacity eplus-wrapper\"\/>\n\n\n<p class=\"has-background-color has-text-color has-background has-link-color has-text-align-center eplus-wrapper wp-elements-856e0f9b0fedb1c87a16f52e446441a3 eplus-styles-uid-84e9b3 wp-block-paragraph\" style=\"background-color:#2f2f2f\">MODELOS A 14.5 l\/min @1,800r.p.m.<\/p>\n\n<figure class=\"is-style-stripes wp-block-table alignwide eplus-wrapper eplus-styles-uid-cbf413\" style=\"font-size:13px;line-height:1\"><table class=\"has-fixed-layout\"><thead><tr><th class=\"has-text-align-center\" data-align=\"center\">MODELO<\/th><th class=\"has-text-align-center\" data-align=\"center\">FLUJO DE LA BOMBA<\/th><th class=\"has-text-align-center\" data-align=\"center\">RANGO DE PRESI\u00d3N DE TRABAJO<\/th><th class=\"has-text-align-center\" data-align=\"center\">POTENCIA DEL MOTOR<\/th><\/tr><\/thead><tbody><tr><td class=\"has-text-align-center\" data-align=\"center\"><strong><a href=\"https:\/\/4manpro.com\/SPA\/accesorios-ii\/serie-vup-7-oceans\/vup81-7\/\" data-type=\"page\" data-id=\"29474\"><mark style=\"background-color:rgba(0, 0, 0, 0);color:#ff6900\" class=\"has-inline-color\">VUP-8-1-0.7-10<\/mark><\/a><\/strong><\/td><td class=\"has-text-align-center\" data-align=\"center\"><em>8.00 cm<sup>3<\/sup> \/ rev<\/em><\/td><td class=\"has-text-align-center\" data-align=\"center\"><em>1.5 MPa ~ 4.0 MPa<\/em><\/td><td class=\"has-text-align-center\" data-align=\"center\"><em>0.75Kw (1.0h.p.)<\/em><\/td><\/tr><tr><td class=\"has-text-align-center\" data-align=\"center\"><strong><a href=\"https:\/\/4manpro.com\/SPA\/accesorios-ii\/serie-vup-7-oceans\/vup81-15\/\" data-type=\"page\" data-id=\"29496\"><mark style=\"background-color:rgba(0, 0, 0, 0);color:#ff6900\" class=\"has-inline-color\">VUP-8-1-1.5-10<\/mark><\/a><\/strong><\/td><td class=\"has-text-align-center\" data-align=\"center\"><em>8.00 cm<sup>3<\/sup> \/ rev<\/em><\/td><td class=\"has-text-align-center\" data-align=\"center\"><em>3.5 MPa ~ 6.0 MPa<\/em><\/td><td class=\"has-text-align-center\" data-align=\"center\"><em>1.5Kw (2.0h.p.)<\/em><\/td><\/tr><tr><td class=\"has-text-align-center\" data-align=\"center\"><strong><a href=\"https:\/\/4manpro.com\/SPA\/accesorios-ii\/serie-vup-7-oceans\/vup81-22\/\" data-type=\"page\" data-id=\"29504\"><mark style=\"background-color:rgba(0, 0, 0, 0);color:#ff6900\" class=\"has-inline-color\">VUP-8-1-2.2-10<\/mark><\/a><\/strong><\/td><td class=\"has-text-align-center\" data-align=\"center\"><em>8.00 cm<sup>3<\/sup> \/ rev<\/em><\/td><td class=\"has-text-align-center\" data-align=\"center\"><em>5.5 MPa ~ 8.0 MPa<\/em><\/td><td class=\"has-text-align-center\" data-align=\"center\"><em>2.2Kw (3.0h.p.)<\/em><\/td><\/tr><tr><td class=\"has-text-align-center\" data-align=\"center\"><strong><a href=\"https:\/\/4manpro.com\/SPA\/accesorios-ii\/serie-vup-7-oceans\/vup82-7\/\" data-type=\"page\" data-id=\"29519\"><mark style=\"background-color:rgba(0, 0, 0, 0);color:#ff6900\" class=\"has-inline-color\">VUP-8-2-0.7-10<\/mark><\/a><\/strong><\/td><td class=\"has-text-align-center\" data-align=\"center\"><em>8.00 cm<sup>3<\/sup> \/ rev<\/em><\/td><td class=\"has-text-align-center\" data-align=\"center\"><em>1.5 MPa ~ 4.0 MPa<\/em><\/td><td class=\"has-text-align-center\" data-align=\"center\"><em>0.75Kw (1.0h.p.)<\/em><\/td><\/tr><tr><td class=\"has-text-align-center\" data-align=\"center\"><strong><a href=\"https:\/\/4manpro.com\/SPA\/accesorios-ii\/serie-vup-7-oceans\/vup82-15-2\/\" data-type=\"page\" data-id=\"29527\"><mark style=\"background-color:rgba(0, 0, 0, 0);color:#ff6900\" class=\"has-inline-color\">VUP-8-2-1.5-10<\/mark><\/a><\/strong><\/td><td class=\"has-text-align-center\" data-align=\"center\"><em>8.00 cm<sup>3<\/sup> \/ rev<\/em><\/td><td class=\"has-text-align-center\" data-align=\"center\"><em>3.5 MPa ~ 6.0 MPa<\/em><\/td><td class=\"has-text-align-center\" data-align=\"center\"><em>1.5Kw (2.0h.p.)<\/em><\/td><\/tr><tr><td class=\"has-text-align-center\" data-align=\"center\"><strong><a href=\"https:\/\/4manpro.com\/SPA\/accesorios-ii\/serie-vup-7-oceans\/vup82-22\/\" data-type=\"page\" data-id=\"29533\"><mark style=\"background-color:rgba(0, 0, 0, 0);color:#ff6900\" class=\"has-inline-color\">VUP-8-2-2.2-10<\/mark><\/a><\/strong><\/td><td class=\"has-text-align-center\" data-align=\"center\"><em>8.00 cm<sup>3<\/sup> \/ rev<\/em><\/td><td class=\"has-text-align-center\" data-align=\"center\"><em><em>5.5 MPa ~ 8.0 MPa<\/em><\/em><\/td><td class=\"has-text-align-center\" data-align=\"center\"><em><em>2.2Kw (3.0h.p.)<\/em><\/em><\/td><\/tr><tr><td class=\"has-text-align-center\" data-align=\"center\"><strong><a href=\"https:\/\/4manpro.com\/SPA\/accesorios-ii\/serie-vup-7-oceans\/vup83-7\/\" data-type=\"page\" data-id=\"29523\"><mark style=\"background-color:rgba(0, 0, 0, 0);color:#ff6900\" class=\"has-inline-color\">VUP-8-3-0.7-10<\/mark><\/a><\/strong><\/td><td class=\"has-text-align-center\" data-align=\"center\"><em>8.00 cm<sup>3<\/sup> \/ rev<\/em><\/td><td class=\"has-text-align-center\" data-align=\"center\"><em><em>1.5 MPa ~ 4.0 MPa<\/em><\/em><\/td><td class=\"has-text-align-center\" data-align=\"center\"><em><em>0.75Kw (1.0h.p.)<\/em><\/em><\/td><\/tr><tr><td class=\"has-text-align-center\" data-align=\"center\"><strong><a href=\"https:\/\/4manpro.com\/SPA\/accesorios-ii\/serie-vup-7-oceans\/vup83-15\/\" data-type=\"page\" data-id=\"29537\"><mark style=\"background-color:rgba(0, 0, 0, 0);color:#ff6900\" class=\"has-inline-color\">VUP-8-3-1.5-10<\/mark><\/a><\/strong><\/td><td class=\"has-text-align-center\" data-align=\"center\"><em>8.00 cm<sup>3<\/sup> \/ rev<\/em><\/td><td class=\"has-text-align-center\" data-align=\"center\"><em>3.5 MPa ~ 6.0 MPa<\/em><\/td><td class=\"has-text-align-center\" data-align=\"center\"><em>1.5Kw (2.0h.p.)<\/em><\/td><\/tr><tr><td class=\"has-text-align-center\" data-align=\"center\"><strong><a href=\"https:\/\/4manpro.com\/SPA\/accesorios-ii\/serie-vup-7-oceans\/vup83-22\/\" data-type=\"page\" data-id=\"29541\"><mark style=\"background-color:rgba(0, 0, 0, 0);color:#ff6900\" class=\"has-inline-color\">VUP-8-2-2.2-10<\/mark><\/a><\/strong><\/td><td class=\"has-text-align-center\" data-align=\"center\"><em>8.00 cm<sup>3<\/sup> \/ rev<\/em><\/td><td class=\"has-text-align-center\" data-align=\"center\"><em><em>5.5 MPa ~ 8.0 MPa<\/em><\/em><\/td><td class=\"has-text-align-center\" data-align=\"center\"><em><em>2.2Kw (3.0h.p.)<\/em><\/em><\/td><\/tr><\/tbody><\/table><\/figure>\n\n<p class=\"has-background-color has-text-color has-background has-link-color has-text-align-center eplus-wrapper wp-elements-c362dab05ecd5139e11c04699e374cd4 eplus-styles-uid-84e9b3 wp-block-paragraph\" style=\"background-color:#2f2f2f\">MODELOS A 29.0 l\/min @1,800r.p.m.<\/p>\n\n<figure class=\"is-style-stripes wp-block-table alignwide eplus-wrapper eplus-styles-uid-cbf413\" style=\"font-size:13px;line-height:1\"><table class=\"has-fixed-layout\"><thead><tr><th class=\"has-text-align-center\" data-align=\"center\">MODELO<\/th><th class=\"has-text-align-center\" data-align=\"center\">FLUJO DE LA BOMBA<\/th><th class=\"has-text-align-center\" data-align=\"center\">RANGO DE PRESI\u00d3N DE TRABAJO<\/th><th class=\"has-text-align-center\" data-align=\"center\">POTENCIA DEL MOTOR<\/th><\/tr><\/thead><tbody><tr><td class=\"has-text-align-center\" data-align=\"center\"><strong><a href=\"https:\/\/4manpro.com\/SPA\/accesorios-ii\/serie-vup-7-oceans\/vup161-7\/\" data-type=\"page\" data-id=\"29507\"><mark style=\"background-color:rgba(0, 0, 0, 0);color:#ff6900\" class=\"has-inline-color\">VUP-16-1-0.7-10<\/mark><\/a><\/strong><\/td><td class=\"has-text-align-center\" data-align=\"center\"><em>16.00 cm<sup>3<\/sup> \/ rev<\/em><\/td><td class=\"has-text-align-center\" data-align=\"center\"><em>1.5 MPa ~ 4.0 MPa<\/em><\/td><td class=\"has-text-align-center\" data-align=\"center\"><em>0.75Kw (1.0h.p.)<\/em><\/td><\/tr><tr><td class=\"has-text-align-center\" data-align=\"center\"><strong><a href=\"https:\/\/4manpro.com\/SPA\/accesorios-ii\/serie-vup-7-oceans\/vup161-15\/\" data-type=\"page\" data-id=\"29512\"><mark style=\"background-color:rgba(0, 0, 0, 0);color:#ff6900\" class=\"has-inline-color\">VUP-16-1-1.5-10<\/mark><\/a><\/strong><\/td><td class=\"has-text-align-center\" data-align=\"center\"><em><em>16.00 <\/em>cm<sup>3<\/sup> \/ rev<\/em><\/td><td class=\"has-text-align-center\" data-align=\"center\"><em>3.5 MPa ~ 6.0 MPa<\/em><\/td><td class=\"has-text-align-center\" data-align=\"center\"><em>1.5Kw (2.0h.p.)<\/em><\/td><\/tr><tr><td class=\"has-text-align-center\" data-align=\"center\"><strong><a href=\"https:\/\/4manpro.com\/SPA\/accesorios-ii\/serie-vup-7-oceans\/vup161-22\/\" data-type=\"page\" data-id=\"29515\"><mark style=\"background-color:rgba(0, 0, 0, 0);color:#ff6900\" class=\"has-inline-color\">VUP-16-1-2.2-10<\/mark><\/a><\/strong><\/td><td class=\"has-text-align-center\" data-align=\"center\"><em><em>16.00 <\/em>cm<sup>3<\/sup> \/ rev<\/em><\/td><td class=\"has-text-align-center\" data-align=\"center\"><em>5.5 MPa ~ 8.0 MPa<\/em><\/td><td class=\"has-text-align-center\" data-align=\"center\"><em>2.2Kw (3.0h.p.)<\/em><\/td><\/tr><tr><td class=\"has-text-align-center\" data-align=\"center\"><strong><a href=\"https:\/\/4manpro.com\/SPA\/accesorios-ii\/serie-vup-7-oceans\/vup162-7\/\" data-type=\"page\" data-id=\"29545\"><mark style=\"background-color:rgba(0, 0, 0, 0);color:#ff6900\" class=\"has-inline-color\">VUP-16-2-0.7-10<\/mark><\/a><\/strong><\/td><td class=\"has-text-align-center\" data-align=\"center\"><em><em>16.00 <\/em>cm<sup>3<\/sup> \/ rev<\/em><\/td><td class=\"has-text-align-center\" data-align=\"center\"><em>1.5 MPa ~ 4.0 MPa<\/em><\/td><td class=\"has-text-align-center\" data-align=\"center\"><em>0.75Kw (1.0h.p.)<\/em><\/td><\/tr><tr><td class=\"has-text-align-center\" data-align=\"center\"><strong><a href=\"https:\/\/4manpro.com\/SPA\/accesorios-ii\/serie-vup-7-oceans\/vup162-15\/\" data-type=\"page\" data-id=\"29551\"><mark style=\"background-color:rgba(0, 0, 0, 0);color:#ff6900\" class=\"has-inline-color\">VUP-16-2-1.5-10<\/mark><\/a><\/strong><\/td><td class=\"has-text-align-center\" data-align=\"center\"><em><em>16.00 <\/em>cm<sup>3<\/sup> \/ rev<\/em><\/td><td class=\"has-text-align-center\" data-align=\"center\"><em>3.5 MPa ~ 6.0 MPa<\/em><\/td><td class=\"has-text-align-center\" data-align=\"center\"><em>1.5Kw (2.0h.p.)<\/em><\/td><\/tr><tr><td class=\"has-text-align-center\" data-align=\"center\"><strong><a href=\"https:\/\/4manpro.com\/SPA\/accesorios-ii\/serie-vup-7-oceans\/vup162-22\/\" data-type=\"page\" data-id=\"29555\"><mark style=\"background-color:rgba(0, 0, 0, 0);color:#ff6900\" class=\"has-inline-color\">VUP-16-2-2.2-10<\/mark><\/a><\/strong><\/td><td class=\"has-text-align-center\" data-align=\"center\"><em><em>16.00 <\/em>cm<sup>3<\/sup> \/ rev<\/em><\/td><td class=\"has-text-align-center\" data-align=\"center\"><em><em>5.5 MPa ~ 8.0 MPa<\/em><\/em><\/td><td class=\"has-text-align-center\" data-align=\"center\"><em><em>2.2Kw (3.0h.p.)<\/em><\/em><\/td><\/tr><tr><td class=\"has-text-align-center\" data-align=\"center\"><strong><a href=\"https:\/\/4manpro.com\/SPA\/accesorios-ii\/serie-vup-7-oceans\/vup163-7\/\" data-type=\"page\" data-id=\"29560\"><mark style=\"background-color:rgba(0, 0, 0, 0);color:#ff6900\" class=\"has-inline-color\">VUP-16-3-0.7-10<\/mark><\/a><\/strong><\/td><td class=\"has-text-align-center\" data-align=\"center\"><em><em>16.00 <\/em>cm<sup>3<\/sup> \/ rev<\/em><\/td><td class=\"has-text-align-center\" data-align=\"center\"><em><em>1.5 MPa ~ 4.0 MPa<\/em><\/em><\/td><td class=\"has-text-align-center\" data-align=\"center\"><em><em>0.75Kw (1.0h.p.)<\/em><\/em><\/td><\/tr><tr><td class=\"has-text-align-center\" data-align=\"center\"><strong><a href=\"https:\/\/4manpro.com\/SPA\/accesorios-ii\/serie-vup-7-oceans\/vup163-15\/\" data-type=\"page\" data-id=\"29564\"><mark style=\"background-color:rgba(0, 0, 0, 0);color:#ff6900\" class=\"has-inline-color\">VUP-16-3-1.5-10<\/mark><\/a><\/strong><\/td><td class=\"has-text-align-center\" data-align=\"center\"><em><em>16.00 <\/em>cm<sup>3<\/sup> \/ rev<\/em><\/td><td class=\"has-text-align-center\" data-align=\"center\"><em>3.5 MPa ~ 6.0 MPa<\/em><\/td><td class=\"has-text-align-center\" data-align=\"center\"><em>1.5Kw (2.0h.p.)<\/em><\/td><\/tr><tr><td class=\"has-text-align-center\" data-align=\"center\"><strong><a href=\"https:\/\/4manpro.com\/SPA\/accesorios-ii\/serie-vup-7-oceans\/vup163-22\/\" data-type=\"page\" data-id=\"29569\"><mark style=\"background-color:rgba(0, 0, 0, 0);color:#ff6900\" class=\"has-inline-color\">VUP-16-3-2.2-10<\/mark><\/a><\/strong><\/td><td class=\"has-text-align-center\" data-align=\"center\"><em><em>16.00 <\/em>cm<sup>3<\/sup> \/ rev<\/em><\/td><td class=\"has-text-align-center\" data-align=\"center\"><em><em>5.5 MPa ~ 8.0 MPa<\/em><\/em><\/td><td class=\"has-text-align-center\" data-align=\"center\"><em><em>2.2Kw (3.0h.p.)<\/em><\/em><\/td><\/tr><\/tbody><\/table><\/figure>","protected":false},"excerpt":{"rendered":"<p>Ofreciendo a sus clientes v\u00e1lvulas hidr\u00e1ulicas y sistemas de potencia hidr\u00e1ulica de primera clase, Seven Ocean Hydraulics fabrica piezas hidr\u00e1ulicas de calidad desde 1989 y tambi\u00e9n ha prestado servicios OEM a reconocidas empresas japonesas, europeas y estadounidenses. Durante m\u00e1s de tres d\u00e9cadas, Seven Ocean Hydraulics ha abastecido a clientes de Asia, y ahora se ha [&hellip;]<\/p>\n","protected":false},"author":1,"featured_media":0,"parent":1028,"menu_order":26,"comment_status":"closed","ping_status":"closed","template":"principal-cuadros-individuales-2","meta":{"_crdt_document":"","editor_plus_copied_stylings":"{}","footnotes":""},"class_list":["post-29345","page","type-page","status-publish","hentry"],"_links":{"self":[{"href":"https:\/\/4manpro.com\/SPA\/wp-json\/wp\/v2\/pages\/29345","targetHints":{"allow":["GET"]}}],"collection":[{"href":"https:\/\/4manpro.com\/SPA\/wp-json\/wp\/v2\/pages"}],"about":[{"href":"https:\/\/4manpro.com\/SPA\/wp-json\/wp\/v2\/types\/page"}],"author":[{"embeddable":true,"href":"https:\/\/4manpro.com\/SPA\/wp-json\/wp\/v2\/users\/1"}],"replies":[{"embeddable":true,"href":"https:\/\/4manpro.com\/SPA\/wp-json\/wp\/v2\/comments?post=29345"}],"version-history":[{"count":91,"href":"https:\/\/4manpro.com\/SPA\/wp-json\/wp\/v2\/pages\/29345\/revisions"}],"predecessor-version":[{"id":31433,"href":"https:\/\/4manpro.com\/SPA\/wp-json\/wp\/v2\/pages\/29345\/revisions\/31433"}],"up":[{"embeddable":true,"href":"https:\/\/4manpro.com\/SPA\/wp-json\/wp\/v2\/pages\/1028"}],"wp:attachment":[{"href":"https:\/\/4manpro.com\/SPA\/wp-json\/wp\/v2\/media?parent=29345"}],"curies":[{"name":"wp","href":"https:\/\/api.w.org\/{rel}","templated":true}]}}