{"id":28717,"date":"2025-09-26T14:37:43","date_gmt":"2025-09-26T20:37:43","guid":{"rendered":"https:\/\/4manpro.com\/SPA\/?page_id=28717"},"modified":"2025-10-06T18:52:58","modified_gmt":"2025-10-07T00:52:58","slug":"cabezales-angulares","status":"publish","type":"page","link":"https:\/\/4manpro.com\/SPA\/fresado-mandrilado\/cabezales-angulares\/","title":{"rendered":"CABEZALES ANGULARES"},"content":{"rendered":"\n<div class=\"wp-block-buttons alignwide eplus-wrapper is-content-justification-space-between is-layout-flex wp-container-core-buttons-is-layout-0e410d50 wp-block-buttons-is-layout-flex\"><div class=\" wp-block-button has-custom-width wp-block-button__width-25 eplus-wrapper eplus-styles-uid-e313da\"><a class=\"wp-block-button__link has-background wp-element-button\" href=\"http:\/\/WWW.4MANPRO.COM\/SPA\/\" style=\"background-color:#696969\">PRINCIPAL<\/a><\/div>\n\n<div class=\" wp-block-button eplus-wrapper eplus-styles-uid-7d398d\"><a class=\"wp-block-button__link has-foreground-color has-background-background-color has-text-color has-background has-link-color wp-element-button\" href=\"https:\/\/4manpro.com\/SPA\/fresado-mandrilado\/\">ATR\u00c1S<\/a><\/div>\n\n<div class=\" wp-block-button has-custom-width wp-block-button__width-25 eplus-wrapper eplus-styles-uid-58da19\"><a class=\"wp-block-button__link has-background wp-element-button\" href=\"https:\/\/www.4manpro.com\/product-catalog\/boring-milling-spindles\/angular-heads\/\" style=\"background-color:#388e3c\">ENGLISH<\/a><\/div><\/div>\n\n\n\n<figure class=\" wp-block-image alignwide size-full eplus-wrapper\"><img loading=\"lazy\" decoding=\"async\" width=\"1920\" height=\"561\" src=\"https:\/\/4manpro.com\/SPA\/wp-content\/uploads\/2025\/09\/CABEZALES-ANGULARES.jpg\" alt=\"\" class=\"wp-image-28766\" srcset=\"https:\/\/4manpro.com\/SPA\/wp-content\/uploads\/2025\/09\/CABEZALES-ANGULARES.jpg 1920w, https:\/\/4manpro.com\/SPA\/wp-content\/uploads\/2025\/09\/CABEZALES-ANGULARES-300x88.jpg 300w, https:\/\/4manpro.com\/SPA\/wp-content\/uploads\/2025\/09\/CABEZALES-ANGULARES-1024x299.jpg 1024w, https:\/\/4manpro.com\/SPA\/wp-content\/uploads\/2025\/09\/CABEZALES-ANGULARES-768x224.jpg 768w, https:\/\/4manpro.com\/SPA\/wp-content\/uploads\/2025\/09\/CABEZALES-ANGULARES-1536x449.jpg 1536w\" sizes=\"auto, (max-width: 1920px) 100vw, 1920px\" \/><\/figure>\n\n\n\n<hr class=\"is-style-dots wp-block-separator has-alpha-channel-opacity eplus-wrapper\"\/>\n\n\n\n<div class=\"wp-block-group eplus-wrapper is-layout-constrained wp-block-group-is-layout-constrained\"><figure class=\" wp-block-image alignleft size-full is-resized eplus-wrapper eplus-styles-uid-6b489b\"><img loading=\"lazy\" decoding=\"async\" width=\"496\" height=\"170\" src=\"https:\/\/4manpro.com\/SPA\/wp-content\/uploads\/2025\/09\/HOLD-WELL-I.jpg\" alt=\"\" class=\"wp-image-28724\" style=\"width:auto;height:125px\" srcset=\"https:\/\/4manpro.com\/SPA\/wp-content\/uploads\/2025\/09\/HOLD-WELL-I.jpg 496w, https:\/\/4manpro.com\/SPA\/wp-content\/uploads\/2025\/09\/HOLD-WELL-I-300x103.jpg 300w\" sizes=\"auto, (max-width: 496px) 100vw, 496px\" \/><\/figure><\/div>\n\n\n<p class=\"eplus-wrapper eplus-styles-uid-942e0c wp-block-paragraph\"><strong>Hold Well<\/strong> ha sido uno de los principales fabricantes de accesorios para <em>M\u00e1quinas Herramienta <\/em><strong><em>CNC<\/em> <\/strong>en Taiw\u00e1n durante m\u00e1s de 40 a\u00f1os y opera en el mercado mundial. Nuestros productos principales incluyen <em>cabezales angulares, herramientas motorizadas y est\u00e1ticas VDI\/BMT, tornillos de banco, portaherramientas de cola de milano, cabezales de mandrinado de eje U y cabezales multifunci\u00f3n de fresado<\/em> y <em>torneado, entre otros<\/em>.<\/p>\n\n<p class=\"eplus-wrapper eplus-styles-uid-942e0c wp-block-paragraph\"><strong>Hold Well<\/strong> se ha dedicado constantemente a la investigaci\u00f3n y el desarrollo para ofrecer herramientas precisas a sus clientes y ha obtenido numerosas patentes por sus dise\u00f1os. <\/p>\n\n<p class=\"eplus-wrapper eplus-styles-uid-942e0c wp-block-paragraph\"><strong>Hold Well<\/strong> tambi\u00e9n se especializa en <em>servicios <\/em><strong>ODM <\/strong><em>y<\/em> <strong>OEM <\/strong>para ofrecer productos y soluciones exclusivos a precios razonables a clientes de todo el mundo. Todos los productos <strong>Hold Well<\/strong> cuentan con un a\u00f1o de garant\u00eda.<\/p>\n\n<p class=\"eplus-wrapper eplus-styles-uid-942e0c wp-block-paragraph\"><strong><mark style=\"background-color:rgba(0, 0, 0, 0);color:#ff7805\" class=\"has-inline-color\">4ManPro<\/mark><\/strong><sup><mark style=\"background-color:rgba(0, 0, 0, 0);color:#ff7805\" class=\"has-inline-color\">\u00ae<\/mark><\/sup> <em>(Elementos For Manufacturing Processes)<\/em> una<em> <mark style=\"background-color:rgba(0, 0, 0, 0);color:#ff7805\" class=\"has-inline-color\">Hann Kuen Machinery &amp; Hardware<\/mark><\/em> <strong>BRANCH OFFICE<\/strong>, cuenta con los siguientes modelos de CABEZALES ANGULARES:<\/p>\n\n<p class=\"has-background-color has-text-color has-background has-link-color eplus-wrapper wp-elements-fe7ef64dbb481fa8aa8bc679e7fc53c9 eplus-styles-uid-b9a6cb wp-block-paragraph\" style=\"background-color:#388e3c\">CABEZALES ANGULARES<\/p>\n\n<div class=\"wp-block-columns eplus-wrapper is-layout-flex wp-container-core-columns-is-layout-f56f613f wp-block-columns-is-layout-flex eplus-styles-uid-df44be\">\n<div class=\"wp-block-column is-vertically-aligned-center eplus-wrapper is-layout-flow wp-block-column-is-layout-flow\" style=\"flex-basis:60%\"><figure class=\" wp-block-image aligncenter size-full is-resized eplus-wrapper eplus-styles-uid-cad0e2\"><img loading=\"lazy\" decoding=\"async\" width=\"225\" height=\"225\" src=\"https:\/\/4manpro.com\/SPA\/wp-content\/uploads\/2025\/10\/HOLD-WELL-II.jpg\" alt=\"\" class=\"wp-image-29263\" style=\"width:300px\" srcset=\"https:\/\/4manpro.com\/SPA\/wp-content\/uploads\/2025\/10\/HOLD-WELL-II.jpg 225w, https:\/\/4manpro.com\/SPA\/wp-content\/uploads\/2025\/10\/HOLD-WELL-II-150x150.jpg 150w\" sizes=\"auto, (max-width: 225px) 100vw, 225px\" \/><\/figure>\n\n\n<figure class=\" wp-block-image aligncenter size-full is-resized eplus-wrapper\"><img loading=\"lazy\" decoding=\"async\" width=\"544\" height=\"600\" src=\"https:\/\/4manpro.com\/SPA\/wp-content\/uploads\/2025\/09\/HOLDWELL-MAIN.jpg\" alt=\"\" class=\"wp-image-28744\" style=\"aspect-ratio:0.906683865711667;object-fit:cover;width:300px\" srcset=\"https:\/\/4manpro.com\/SPA\/wp-content\/uploads\/2025\/09\/HOLDWELL-MAIN.jpg 544w, https:\/\/4manpro.com\/SPA\/wp-content\/uploads\/2025\/09\/HOLDWELL-MAIN-272x300.jpg 272w\" sizes=\"auto, (max-width: 544px) 100vw, 544px\" \/><\/figure>\n\n\n<figure class=\" wp-block-image aligncenter size-full is-resized eplus-wrapper eplus-styles-uid-073c6a\"><img loading=\"lazy\" decoding=\"async\" width=\"1920\" height=\"1920\" src=\"https:\/\/4manpro.com\/SPA\/wp-content\/uploads\/2025\/10\/Logo-HOLDWELL-VERDE-Cuadro.jpg\" alt=\"\" class=\"wp-image-29264\" style=\"width:300px\" srcset=\"https:\/\/4manpro.com\/SPA\/wp-content\/uploads\/2025\/10\/Logo-HOLDWELL-VERDE-Cuadro.jpg 1920w, https:\/\/4manpro.com\/SPA\/wp-content\/uploads\/2025\/10\/Logo-HOLDWELL-VERDE-Cuadro-300x300.jpg 300w, https:\/\/4manpro.com\/SPA\/wp-content\/uploads\/2025\/10\/Logo-HOLDWELL-VERDE-Cuadro-1024x1024.jpg 1024w, https:\/\/4manpro.com\/SPA\/wp-content\/uploads\/2025\/10\/Logo-HOLDWELL-VERDE-Cuadro-150x150.jpg 150w, https:\/\/4manpro.com\/SPA\/wp-content\/uploads\/2025\/10\/Logo-HOLDWELL-VERDE-Cuadro-768x768.jpg 768w, https:\/\/4manpro.com\/SPA\/wp-content\/uploads\/2025\/10\/Logo-HOLDWELL-VERDE-Cuadro-1536x1536.jpg 1536w\" sizes=\"auto, (max-width: 1920px) 100vw, 1920px\" \/><\/figure><\/div>\n\n\n\n<div class=\"wp-block-column is-vertically-aligned-center eplus-wrapper is-layout-flow wp-block-column-is-layout-flow\" style=\"flex-basis:45%\"><p class=\"has-background eplus-wrapper eplus-styles-uid-cce91d wp-block-paragraph\" style=\"background-color:#dedede\"><a href=\"https:\/\/4manpro.com\/SPA\/fresado-mandrilado\/cabezales-angulares\/cabezas-bt-30\/\">CABEZALES <mark style=\"background-color:rgba(0, 0, 0, 0);color:#388e3c\" class=\"has-inline-color\">BT-30<\/mark><\/a><\/p>\n\n<ul class=\" wp-block-list eplus-wrapper eplus-styles-uid-a3638c\"><li class=\" eplus-wrapper eplus-styles-uid-99ff10\"><em><a href=\"https:\/\/4manpro.com\/SPA\/fresado-mandrilado\/cabezales-angulares\/cabezas-bt-30\/\">AHL-BT30-B3.50SG<\/a><\/em><\/li>\n\n\n<li class=\" eplus-wrapper\"><a href=\"https:\/\/4manpro.com\/SPA\/fresado-mandrilado\/cabezales-angulares\/cabezas-bt-30\/\">AHL-BT30-B3.65SG<\/a><\/li>\n\n\n\n<li class=\" eplus-wrapper\"><a href=\"https:\/\/4manpro.com\/SPA\/fresado-mandrilado\/cabezales-angulares\/cabezas-bt-30\/\">AHL-BT30-A1.65G<\/a><\/li>\n\n\n\n<li class=\" eplus-wrapper\"><a href=\"https:\/\/4manpro.com\/SPA\/fresado-mandrilado\/cabezales-angulares\/cabezas-bt-30\/\">AHL-BT30-A4.65G<\/a><\/li>\n\n\n\n<li class=\" eplus-wrapper\"><a href=\"https:\/\/4manpro.com\/SPA\/fresado-mandrilado\/cabezales-angulares\/cabezas-bt-30\/\">AHL-BT30-B1.55G<\/a><\/li>\n\n\n\n<li class=\" eplus-wrapper\"><a href=\"https:\/\/4manpro.com\/SPA\/fresado-mandrilado\/cabezales-angulares\/cabezas-bt-30\/\">AHL-BT30-B1.65G<\/a><\/li>\n\n\n\n<li class=\" eplus-wrapper\"><a href=\"https:\/\/4manpro.com\/SPA\/fresado-mandrilado\/cabezales-angulares\/cabezas-bt-30\/\">AHM-BT30-A04.180G<\/a><\/li>\n<\/ul>\n\n<p class=\"has-background eplus-wrapper eplus-styles-uid-cce91d wp-block-paragraph\" style=\"background-color:#dedede\"><a href=\"https:\/\/4manpro.com\/SPA\/fresado-mandrilado\/cabezales-angulares\/cabezas-bt-40\/\">CABEZALES <mark style=\"background-color:rgba(0, 0, 0, 0);color:#388e3c\" class=\"has-inline-color\">BT-40<\/mark><\/a><\/p>\n\n<ul class=\" wp-block-list eplus-wrapper eplus-styles-uid-172805\">\n<li class=\" eplus-wrapper\"><em><a href=\"https:\/\/4manpro.com\/SPA\/fresado-mandrilado\/cabezales-angulares\/cabezas-bt-40\/\">AHL-BT40-A1.65G<\/a><\/em><\/li>\n\n\n\n<li class=\" eplus-wrapper\"><a href=\"https:\/\/4manpro.com\/SPA\/fresado-mandrilado\/cabezales-angulares\/cabezas-bt-40\/\">AHD-BT40-A2<\/a><\/li>\n\n\n\n<li class=\" eplus-wrapper\"><a href=\"https:\/\/4manpro.com\/SPA\/fresado-mandrilado\/cabezales-angulares\/cabezas-bt-40\/\">AHD-BT40-B1<\/a><\/li>\n\n\n\n<li class=\" eplus-wrapper\"><a href=\"https:\/\/4manpro.com\/SPA\/fresado-mandrilado\/cabezales-angulares\/cabezas-bt-40\/\">AHL-BT40-B1.65G<\/a><\/li>\n\n\n\n<li class=\" eplus-wrapper\"><a href=\"https:\/\/4manpro.com\/SPA\/fresado-mandrilado\/cabezales-angulares\/cabezas-bt-40\/\">AHL-BT40-A2.65G<\/a><\/li>\n\n\n\n<li class=\" eplus-wrapper\"><a href=\"https:\/\/4manpro.com\/SPA\/fresado-mandrilado\/cabezales-angulares\/cabezas-bt-40\/\">AHL-BT40-B2.65G<\/a><\/li>\n\n\n\n<li class=\" eplus-wrapper\"><a href=\"https:\/\/4manpro.com\/SPA\/fresado-mandrilado\/cabezales-angulares\/cabezas-bt-40\/\">AHA-BT40-ER32<\/a><\/li>\n\n\n\n<li class=\" eplus-wrapper\"><a href=\"https:\/\/4manpro.com\/SPA\/fresado-mandrilado\/cabezales-angulares\/cabezas-bt-40\/\">AHG-BT40-A2<\/a><\/li>\n\n\n\n<li class=\" eplus-wrapper\"><a href=\"https:\/\/4manpro.com\/SPA\/fresado-mandrilado\/cabezales-angulares\/cabezas-bt-40\/\">AHA-BT40-ER40<\/a><\/li>\n\n\n\n<li class=\" eplus-wrapper\"><a href=\"https:\/\/4manpro.com\/SPA\/fresado-mandrilado\/cabezales-angulares\/cabezas-bt-40\/\">AHB-BT40-ER40<\/a><\/li>\n\n\n\n<li class=\" eplus-wrapper\"><a href=\"https:\/\/4manpro.com\/SPA\/fresado-mandrilado\/cabezales-angulares\/cabezas-bt-40\/\">AHB-BT40-BT30<\/a><\/li>\n<\/ul>\n\n<p class=\"has-background eplus-wrapper eplus-styles-uid-cce91d wp-block-paragraph\" style=\"background-color:#dedede\"><a href=\"https:\/\/4manpro.com\/SPA\/fresado-mandrilado\/cabezales-angulares\/cabezas-bt-50\/\">CABEZALES <mark style=\"background-color:rgba(0, 0, 0, 0);color:#388e3c\" class=\"has-inline-color\">BT-50<\/mark><\/a><\/p>\n\n<ul class=\" wp-block-list eplus-wrapper eplus-styles-uid-a9461a\">\n<li class=\" eplus-wrapper\"><em><a href=\"https:\/\/4manpro.com\/SPA\/fresado-mandrilado\/cabezales-angulares\/cabezas-bt-50\/\">AHL-BT50-A10.80<\/a><\/em><\/li>\n\n\n\n<li class=\" eplus-wrapper\"><a href=\"https:\/\/4manpro.com\/SPA\/fresado-mandrilado\/cabezales-angulares\/cabezas-bt-50\/\"><em>AHL<\/em>&#8211;<em>BT50<\/em>-A7.80<\/a><\/li>\n\n\n\n<li class=\" eplus-wrapper\"><a href=\"https:\/\/4manpro.com\/SPA\/fresado-mandrilado\/cabezales-angulares\/cabezas-bt-50\/\">AHD-<em>BT50<\/em>-A1<\/a><\/li>\n\n\n\n<li class=\" eplus-wrapper\"><a href=\"https:\/\/4manpro.com\/SPA\/fresado-mandrilado\/cabezales-angulares\/cabezas-bt-50\/\">AHD-<em>BT50<\/em>-A2<\/a><\/li>\n\n\n\n<li class=\" eplus-wrapper\"><a href=\"https:\/\/4manpro.com\/SPA\/fresado-mandrilado\/cabezales-angulares\/cabezas-bt-50\/\">AHD-<em>BT50<\/em>-A4<\/a><\/li>\n\n\n\n<li class=\" eplus-wrapper\"><a href=\"https:\/\/4manpro.com\/SPA\/fresado-mandrilado\/cabezales-angulares\/cabezas-bt-50\/\">AHL-<em>BT50<\/em>-B2.80G<\/a><\/li>\n\n\n\n<li class=\" eplus-wrapper\"><a href=\"https:\/\/4manpro.com\/SPA\/fresado-mandrilado\/cabezales-angulares\/cabezas-bt-50\/\">AHA-<em>BT50<\/em>-ER32<\/a><\/li>\n\n\n\n<li class=\" eplus-wrapper\"><a href=\"https:\/\/4manpro.com\/SPA\/fresado-mandrilado\/cabezales-angulares\/cabezas-bt-50\/\"><em>AHL<\/em>&#8211;<em>BT50<\/em>-A3.110<\/a><\/li>\n\n\n\n<li class=\" eplus-wrapper\"><a href=\"https:\/\/4manpro.com\/SPA\/fresado-mandrilado\/cabezales-angulares\/cabezas-bt-50\/\">AHA-<em>BT50<\/em>-ER40<\/a><\/li>\n\n\n\n<li class=\" eplus-wrapper\"><a href=\"https:\/\/4manpro.com\/SPA\/fresado-mandrilado\/cabezales-angulares\/cabezas-bt-50\/\">AHB-<em>BT50<\/em>-BT30<\/a><\/li>\n<\/ul><\/div>\n<\/div>","protected":false},"excerpt":{"rendered":"<p>Hold Well ha sido uno de los principales fabricantes de accesorios para M\u00e1quinas Herramienta CNC en Taiw\u00e1n durante m\u00e1s de 40 a\u00f1os y opera en el mercado mundial. Nuestros productos principales incluyen cabezales angulares, herramientas motorizadas y est\u00e1ticas VDI\/BMT, tornillos de banco, portaherramientas de cola de milano, cabezales de mandrinado de eje U y cabezales [&hellip;]<\/p>\n","protected":false},"author":1,"featured_media":0,"parent":101,"menu_order":23,"comment_status":"closed","ping_status":"closed","template":"principal-cuadros-individuales-2","meta":{"_crdt_document":"","editor_plus_copied_stylings":"{}","footnotes":""},"class_list":["post-28717","page","type-page","status-publish","hentry"],"_links":{"self":[{"href":"https:\/\/4manpro.com\/SPA\/wp-json\/wp\/v2\/pages\/28717","targetHints":{"allow":["GET"]}}],"collection":[{"href":"https:\/\/4manpro.com\/SPA\/wp-json\/wp\/v2\/pages"}],"about":[{"href":"https:\/\/4manpro.com\/SPA\/wp-json\/wp\/v2\/types\/page"}],"author":[{"embeddable":true,"href":"https:\/\/4manpro.com\/SPA\/wp-json\/wp\/v2\/users\/1"}],"replies":[{"embeddable":true,"href":"https:\/\/4manpro.com\/SPA\/wp-json\/wp\/v2\/comments?post=28717"}],"version-history":[{"count":66,"href":"https:\/\/4manpro.com\/SPA\/wp-json\/wp\/v2\/pages\/28717\/revisions"}],"predecessor-version":[{"id":29270,"href":"https:\/\/4manpro.com\/SPA\/wp-json\/wp\/v2\/pages\/28717\/revisions\/29270"}],"up":[{"embeddable":true,"href":"https:\/\/4manpro.com\/SPA\/wp-json\/wp\/v2\/pages\/101"}],"wp:attachment":[{"href":"https:\/\/4manpro.com\/SPA\/wp-json\/wp\/v2\/media?parent=28717"}],"curies":[{"name":"wp","href":"https:\/\/api.w.org\/{rel}","templated":true}]}}