{"id":27444,"date":"2025-09-09T16:56:00","date_gmt":"2025-09-09T22:56:00","guid":{"rendered":"https:\/\/4manpro.com\/SPA\/?page_id=27444"},"modified":"2025-09-24T18:26:41","modified_gmt":"2025-09-25T00:26:41","slug":"fcv-amac-tabla","status":"publish","type":"page","link":"https:\/\/4manpro.com\/SPA\/descargas-principal\/archivos-para-diseno\/descargas-amac\/fcv-amac-tabla\/","title":{"rendered":"FCV AMAC TABLA"},"content":{"rendered":"<p class=\"has-text-align-center has-background-color has-text-color has-background has-link-color eplus-wrapper wp-elements-8b61af72822559b8790467c1c0a7e605 eplus-styles-uid-211d23 wp-block-paragraph\" style=\"background-color:#a3a3a3\">FCV<\/p>\n\n\n<hr class=\"is-style-dots wp-block-separator has-alpha-channel-opacity eplus-wrapper\"\/>\n\n\n<p class=\"eplus-wrapper eplus-styles-uid-8c1ba5 wp-block-paragraph\">V\u00c1LVULA HIDR\u00c1ULICA DE CONTROL DE FLUJO<\/p>\n\n<p class=\"eplus-wrapper eplus-styles-uid-8c1ba5 wp-block-paragraph\">HYDRAULIC FLOW CONTROL VALVE<\/p>\n\n<figure class=\"is-style-stripes wp-block-table eplus-wrapper eplus-styles-uid-8735f3\" style=\"font-size:19px;font-style:normal;font-weight:300;line-height:1\"><table class=\"has-border-color has-foreground-border-color has-fixed-layout\" style=\"border-style:solid;border-width:1px\"><thead><tr><th class=\"has-text-align-center\" data-align=\"center\"><mark style=\"background-color:rgba(0, 0, 0, 0);color:#ff7805\" class=\"has-inline-color\">MODELO<\/mark><br><br>MODEL<\/th><th class=\"has-text-align-center\" data-align=\"center\"><mark style=\"background-color:rgba(0, 0, 0, 0);color:#ff7805\" class=\"has-inline-color\">\u00d8 ENTRADA<\/mark><br><br>\u00d8 INLET<\/th><th class=\"has-text-align-center\" data-align=\"center\"><mark style=\"background-color:rgba(0, 0, 0, 0);color:#ff7805\" class=\"has-inline-color\"><img loading=\"lazy\" decoding=\"async\" width=\"150\" height=\"45\" class=\"wp-image-19691\" style=\"width: 150px;\" src=\"https:\/\/4manpro.com\/SPA\/wp-content\/uploads\/2024\/10\/DESCARGA-PDF-1.jpg\" alt=\"\" srcset=\"https:\/\/4manpro.com\/SPA\/wp-content\/uploads\/2024\/10\/DESCARGA-PDF-1.jpg 1701w, https:\/\/4manpro.com\/SPA\/wp-content\/uploads\/2024\/10\/DESCARGA-PDF-1-300x90.jpg 300w, https:\/\/4manpro.com\/SPA\/wp-content\/uploads\/2024\/10\/DESCARGA-PDF-1-1024x308.jpg 1024w, https:\/\/4manpro.com\/SPA\/wp-content\/uploads\/2024\/10\/DESCARGA-PDF-1-768x231.jpg 768w, https:\/\/4manpro.com\/SPA\/wp-content\/uploads\/2024\/10\/DESCARGA-PDF-1-1536x462.jpg 1536w\" sizes=\"auto, (max-width: 150px) 100vw, 150px\" \/><\/mark><\/th><th class=\"has-text-align-center\" data-align=\"center\"><img loading=\"lazy\" decoding=\"async\" width=\"150\" height=\"45\" class=\"wp-image-19693\" style=\"width: 150px;\" src=\"https:\/\/4manpro.com\/SPA\/wp-content\/uploads\/2024\/10\/DESCARGA-DWG-1.jpg\" alt=\"\" srcset=\"https:\/\/4manpro.com\/SPA\/wp-content\/uploads\/2024\/10\/DESCARGA-DWG-1.jpg 1701w, https:\/\/4manpro.com\/SPA\/wp-content\/uploads\/2024\/10\/DESCARGA-DWG-1-300x90.jpg 300w, https:\/\/4manpro.com\/SPA\/wp-content\/uploads\/2024\/10\/DESCARGA-DWG-1-1024x308.jpg 1024w, https:\/\/4manpro.com\/SPA\/wp-content\/uploads\/2024\/10\/DESCARGA-DWG-1-768x231.jpg 768w, https:\/\/4manpro.com\/SPA\/wp-content\/uploads\/2024\/10\/DESCARGA-DWG-1-1536x462.jpg 1536w\" sizes=\"auto, (max-width: 150px) 100vw, 150px\" \/><\/th><th class=\"has-text-align-center\" data-align=\"center\"><img loading=\"lazy\" decoding=\"async\" width=\"150\" height=\"45\" class=\"wp-image-19442\" style=\"width: 150px;\" src=\"https:\/\/4manpro.com\/SPA\/wp-content\/uploads\/2024\/10\/DESCARGA-STP.jpg\" alt=\"\" srcset=\"https:\/\/4manpro.com\/SPA\/wp-content\/uploads\/2024\/10\/DESCARGA-STP.jpg 1701w, https:\/\/4manpro.com\/SPA\/wp-content\/uploads\/2024\/10\/DESCARGA-STP-300x90.jpg 300w, https:\/\/4manpro.com\/SPA\/wp-content\/uploads\/2024\/10\/DESCARGA-STP-1024x308.jpg 1024w, https:\/\/4manpro.com\/SPA\/wp-content\/uploads\/2024\/10\/DESCARGA-STP-768x231.jpg 768w, https:\/\/4manpro.com\/SPA\/wp-content\/uploads\/2024\/10\/DESCARGA-STP-1536x462.jpg 1536w\" sizes=\"auto, (max-width: 150px) 100vw, 150px\" \/><\/th><\/tr><\/thead><tbody><tr><td class=\"has-text-align-center\" data-align=\"center\"><em>FCV-01<\/em><\/td><td class=\"has-text-align-center\" data-align=\"center\"><em>1\/8&#8243;<\/em><\/td><td class=\"has-text-align-center\" data-align=\"center\"><em><mark style=\"background-color:rgba(0, 0, 0, 0);color:#ff7805\" class=\"has-inline-color\"><a href=\"https:\/\/4manpro.com\/download\/DIBUJOS\/AMAC\/FCV\/FCV.pdf\"><img loading=\"lazy\" decoding=\"async\" width=\"85\" height=\"21\" class=\"wp-image-19699\" style=\"width: 85px;\" src=\"https:\/\/4manpro.com\/SPA\/wp-content\/uploads\/2024\/10\/2D-PDF.jpg\" alt=\"\" srcset=\"https:\/\/4manpro.com\/SPA\/wp-content\/uploads\/2024\/10\/2D-PDF.jpg 1181w, https:\/\/4manpro.com\/SPA\/wp-content\/uploads\/2024\/10\/2D-PDF-300x75.jpg 300w, https:\/\/4manpro.com\/SPA\/wp-content\/uploads\/2024\/10\/2D-PDF-1024x256.jpg 1024w, https:\/\/4manpro.com\/SPA\/wp-content\/uploads\/2024\/10\/2D-PDF-768x192.jpg 768w\" sizes=\"auto, (max-width: 85px) 100vw, 85px\" \/><\/a><\/mark><\/em><\/td><td class=\"has-text-align-center\" data-align=\"center\"><em><a href=\"https:\/\/4manpro.com\/download\/DIBUJOS\/AMAC\/FCV\/FCV-01.DWG\"><img loading=\"lazy\" decoding=\"async\" width=\"85\" height=\"21\" class=\"wp-image-19701\" style=\"width: 85px;\" src=\"https:\/\/4manpro.com\/SPA\/wp-content\/uploads\/2024\/10\/2D-DWG.jpg\" alt=\"\" srcset=\"https:\/\/4manpro.com\/SPA\/wp-content\/uploads\/2024\/10\/2D-DWG.jpg 1181w, https:\/\/4manpro.com\/SPA\/wp-content\/uploads\/2024\/10\/2D-DWG-300x75.jpg 300w, https:\/\/4manpro.com\/SPA\/wp-content\/uploads\/2024\/10\/2D-DWG-1024x256.jpg 1024w, https:\/\/4manpro.com\/SPA\/wp-content\/uploads\/2024\/10\/2D-DWG-768x192.jpg 768w\" sizes=\"auto, (max-width: 85px) 100vw, 85px\" \/><\/a><\/em><\/td><td class=\"has-text-align-center\" data-align=\"center\"><a href=\"https:\/\/4manpro.com\/download\/DIBUJOS\/AMAC\/FCV\/FCV-01.rar\"><img loading=\"lazy\" decoding=\"async\" width=\"40\" height=\"20\" class=\"wp-image-19421\" style=\"width: 40px;\" src=\"https:\/\/4manpro.com\/SPA\/wp-content\/uploads\/2024\/10\/3D-1.jpg\" alt=\"\" srcset=\"https:\/\/4manpro.com\/SPA\/wp-content\/uploads\/2024\/10\/3D-1.jpg 591w, https:\/\/4manpro.com\/SPA\/wp-content\/uploads\/2024\/10\/3D-1-300x150.jpg 300w\" sizes=\"auto, (max-width: 40px) 100vw, 40px\" \/><\/a><\/td><\/tr><tr><td class=\"has-text-align-center\" data-align=\"center\"><em><em><em>FCV-0<\/em><\/em><\/em>2<\/td><td class=\"has-text-align-center\" data-align=\"center\"><em>1\/4&#8243;<\/em><\/td><td class=\"has-text-align-center\" data-align=\"center\"><em><mark style=\"background-color:rgba(0, 0, 0, 0);color:#ff7805\" class=\"has-inline-color\"><em><mark style=\"background-color:rgba(0, 0, 0, 0);color:#ff7805\" class=\"has-inline-color\"><a href=\"https:\/\/4manpro.com\/download\/DIBUJOS\/AMAC\/FCV\/FCV.pdf\"><img loading=\"lazy\" decoding=\"async\" width=\"85\" height=\"21\" class=\"wp-image-19699\" style=\"width: 85px;\" src=\"https:\/\/4manpro.com\/SPA\/wp-content\/uploads\/2024\/10\/2D-PDF.jpg\" alt=\"\" srcset=\"https:\/\/4manpro.com\/SPA\/wp-content\/uploads\/2024\/10\/2D-PDF.jpg 1181w, https:\/\/4manpro.com\/SPA\/wp-content\/uploads\/2024\/10\/2D-PDF-300x75.jpg 300w, https:\/\/4manpro.com\/SPA\/wp-content\/uploads\/2024\/10\/2D-PDF-1024x256.jpg 1024w, https:\/\/4manpro.com\/SPA\/wp-content\/uploads\/2024\/10\/2D-PDF-768x192.jpg 768w\" sizes=\"auto, (max-width: 85px) 100vw, 85px\" \/><\/a><\/mark><\/em><\/mark><\/em><\/td><td class=\"has-text-align-center\" data-align=\"center\"><em><a href=\"https:\/\/4manpro.com\/download\/DIBUJOS\/AMAC\/FCV\/FCV-02.DWG\"><img loading=\"lazy\" decoding=\"async\" width=\"85\" height=\"21\" class=\"wp-image-19701\" style=\"width: 85px;\" src=\"https:\/\/4manpro.com\/SPA\/wp-content\/uploads\/2024\/10\/2D-DWG.jpg\" alt=\"\" srcset=\"https:\/\/4manpro.com\/SPA\/wp-content\/uploads\/2024\/10\/2D-DWG.jpg 1181w, https:\/\/4manpro.com\/SPA\/wp-content\/uploads\/2024\/10\/2D-DWG-300x75.jpg 300w, https:\/\/4manpro.com\/SPA\/wp-content\/uploads\/2024\/10\/2D-DWG-1024x256.jpg 1024w, https:\/\/4manpro.com\/SPA\/wp-content\/uploads\/2024\/10\/2D-DWG-768x192.jpg 768w\" sizes=\"auto, (max-width: 85px) 100vw, 85px\" \/><\/a><\/em><\/td><td class=\"has-text-align-center\" data-align=\"center\"><a href=\"https:\/\/4manpro.com\/download\/DIBUJOS\/AMAC\/FCV\/FCV-02.rar\"><img loading=\"lazy\" decoding=\"async\" width=\"40\" height=\"20\" class=\"wp-image-19421\" style=\"width: 40px;\" src=\"https:\/\/4manpro.com\/SPA\/wp-content\/uploads\/2024\/10\/3D-1.jpg\" alt=\"\" srcset=\"https:\/\/4manpro.com\/SPA\/wp-content\/uploads\/2024\/10\/3D-1.jpg 591w, https:\/\/4manpro.com\/SPA\/wp-content\/uploads\/2024\/10\/3D-1-300x150.jpg 300w\" sizes=\"auto, (max-width: 40px) 100vw, 40px\" \/><\/a><\/td><\/tr><\/tbody><\/table><\/figure>","protected":false},"excerpt":{"rendered":"<p>FCV V\u00c1LVULA HIDR\u00c1ULICA DE CONTROL DE FLUJO HYDRAULIC FLOW CONTROL VALVE MODELO MODEL \u00d8 ENTRADA \u00d8 INLET FCV-01 1\/8&#8243; FCV-02 1\/4&#8243;<\/p>\n","protected":false},"author":1,"featured_media":0,"parent":19452,"menu_order":11,"comment_status":"closed","ping_status":"closed","template":"tabla-4manpro-descargas","meta":{"_crdt_document":"","editor_plus_copied_stylings":"{}","footnotes":""},"class_list":["post-27444","page","type-page","status-publish","hentry"],"_links":{"self":[{"href":"https:\/\/4manpro.com\/SPA\/wp-json\/wp\/v2\/pages\/27444","targetHints":{"allow":["GET"]}}],"collection":[{"href":"https:\/\/4manpro.com\/SPA\/wp-json\/wp\/v2\/pages"}],"about":[{"href":"https:\/\/4manpro.com\/SPA\/wp-json\/wp\/v2\/types\/page"}],"author":[{"embeddable":true,"href":"https:\/\/4manpro.com\/SPA\/wp-json\/wp\/v2\/users\/1"}],"replies":[{"embeddable":true,"href":"https:\/\/4manpro.com\/SPA\/wp-json\/wp\/v2\/comments?post=27444"}],"version-history":[{"count":8,"href":"https:\/\/4manpro.com\/SPA\/wp-json\/wp\/v2\/pages\/27444\/revisions"}],"predecessor-version":[{"id":28549,"href":"https:\/\/4manpro.com\/SPA\/wp-json\/wp\/v2\/pages\/27444\/revisions\/28549"}],"up":[{"embeddable":true,"href":"https:\/\/4manpro.com\/SPA\/wp-json\/wp\/v2\/pages\/19452"}],"wp:attachment":[{"href":"https:\/\/4manpro.com\/SPA\/wp-json\/wp\/v2\/media?parent=27444"}],"curies":[{"name":"wp","href":"https:\/\/api.w.org\/{rel}","templated":true}]}}