{"id":26927,"date":"2025-09-03T14:47:23","date_gmt":"2025-09-03T20:47:23","guid":{"rendered":"https:\/\/4manpro.com\/SPA\/?page_id=26927"},"modified":"2025-09-05T14:20:50","modified_gmt":"2025-09-05T20:20:50","slug":"por-que-usar-4manpro","status":"publish","type":"page","link":"https:\/\/4manpro.com\/SPA\/descargas-principal\/por-que-usar-4manpro\/","title":{"rendered":"POR QUE USAR 4MANPRO"},"content":{"rendered":"\n<div class=\"eplus-wrapper wp-block-buttons alignwide is-layout-flex wp-block-buttons-is-layout-flex\"><div class=\"eplus-wrapper wp-block-button has-custom-width wp-block-button__width-25 eplus-styles-uid-5946b9\"><a class=\"wp-block-button__link has-foreground-color has-text-color has-background has-link-color wp-element-button\" href=\"https:\/\/4manpro.com\/SPA\/\" style=\"background-color:#999999\">PRINCIPAL<\/a><\/div>\n\n<div class=\"eplus-wrapper wp-block-button has-custom-width wp-block-button__width-25 eplus-styles-uid-29660c\"><a class=\"wp-block-button__link has-background-color has-background-background-color has-text-color has-background has-link-color wp-element-button\">UNO<\/a><\/div>\n\n<div class=\"eplus-wrapper wp-block-button has-custom-width wp-block-button__width-25 eplus-styles-uid-5695ad\"><a class=\"wp-block-button__link has-background-color has-background-background-color has-text-color has-background has-link-color wp-element-button\">DOS<\/a><\/div>\n\n<div class=\"eplus-wrapper wp-block-button has-custom-width wp-block-button__width-25 eplus-styles-uid-90ebf6\"><a class=\"wp-block-button__link has-background-color has-text-color has-background has-link-color wp-element-button\" href=\"https:\/\/www.4manpro.com\/product-catalog\/why-use-4manpro\/\" style=\"background-color:#ff7805\">ENGLISH<\/a><\/div><\/div>\n\n\n\n<figure class=\" wp-block-image alignwide size-large eplus-wrapper\"><img loading=\"lazy\" decoding=\"async\" width=\"1024\" height=\"236\" src=\"https:\/\/4manpro.com\/SPA\/wp-content\/uploads\/2025\/09\/4ManPro-POR-QUE-1024x236.jpg\" alt=\"\" class=\"wp-image-26929\" srcset=\"https:\/\/4manpro.com\/SPA\/wp-content\/uploads\/2025\/09\/4ManPro-POR-QUE-1024x236.jpg 1024w, https:\/\/4manpro.com\/SPA\/wp-content\/uploads\/2025\/09\/4ManPro-POR-QUE-300x69.jpg 300w, https:\/\/4manpro.com\/SPA\/wp-content\/uploads\/2025\/09\/4ManPro-POR-QUE-768x177.jpg 768w, https:\/\/4manpro.com\/SPA\/wp-content\/uploads\/2025\/09\/4ManPro-POR-QUE-1536x354.jpg 1536w, https:\/\/4manpro.com\/SPA\/wp-content\/uploads\/2025\/09\/4ManPro-POR-QUE.jpg 1920w\" sizes=\"auto, (max-width: 1024px) 100vw, 1024px\" \/><\/figure>\n\n\n\n<hr class=\"is-style-dots wp-block-separator has-alpha-channel-opacity eplus-wrapper\"\/>\n\n\n\n<div class=\"wp-block-group eplus-wrapper is-layout-constrained wp-block-group-is-layout-constrained\"><figure class=\" wp-block-image alignright size-full eplus-wrapper eplus-styles-uid-0bef58\"><img loading=\"lazy\" decoding=\"async\" width=\"293\" height=\"512\" src=\"https:\/\/4manpro.com\/SPA\/wp-content\/uploads\/2025\/09\/Sin-titulo-1-1.jpg\" alt=\"\" class=\"wp-image-26943\" srcset=\"https:\/\/4manpro.com\/SPA\/wp-content\/uploads\/2025\/09\/Sin-titulo-1-1.jpg 293w, https:\/\/4manpro.com\/SPA\/wp-content\/uploads\/2025\/09\/Sin-titulo-1-1-172x300.jpg 172w\" sizes=\"auto, (max-width: 293px) 100vw, 293px\" \/><\/figure><\/div>\n\n\n<p class=\"eplus-wrapper eplus-styles-uid-c0333d wp-block-paragraph\">Las ventajas que ofrecemos a todos nuestros clientes est\u00e1n enmarcadas en los preceptos de ventajas centradas en la calidad, el rendimiento, la durabilidad, as\u00ed como la excelencia en el soporte al cliente.<\/p>\n\n<p class=\"eplus-wrapper eplus-styles-uid-c0333d wp-block-paragraph\">Definimos nuestras las ventajas de <strong><mark style=\"background-color:rgba(0, 0, 0, 0);color:#ff7805\" class=\"has-inline-color\">4ManPro<\/mark><\/strong><sup><mark style=\"background-color:rgba(0, 0, 0, 0);color:#ff7805\" class=\"has-inline-color\">\u00a9<\/mark><\/sup> <em>(Elements For Manufacturing Processes) <\/em>una <em><mark style=\"background-color:rgba(0, 0, 0, 0);color:#ff7805\" class=\"has-inline-color\">Hann Kuen Machinery &amp; Hardware, Co.<\/mark><\/em> <strong>BRANCH OFFICE<\/strong>,  como:<\/p>\n\n<p class=\"has-background-color has-text-color has-background has-link-color eplus-wrapper wp-elements-fb47d616be994b6e3ac9f0efc4c5de08 eplus-styles-uid-444a10 wp-block-paragraph\" style=\"background-color:#ff7805\">1. Ingenier\u00eda de Precisi\u00f3n y Alta Calidad:<\/p>\n\n<ul class=\" wp-block-list eplus-wrapper eplus-styles-uid-bbee45\"><li class=\" eplus-wrapper eplus-styles-uid-c0333d\"><strong>Dise\u00f1o Robusto y Durabilidad:<\/strong> Los productos de <strong><mark style=\"background-color:rgba(0, 0, 0, 0);color:#ff7805\" class=\"has-inline-color\">4ManPro<\/mark><\/strong><sup><mark style=\"background-color:rgba(0, 0, 0, 0);color:#ff7805\" class=\"has-inline-color\">\u00a9<\/mark><\/sup> <em>(Elements For Manufacturing Processes) <\/em>una <em><mark style=\"background-color:rgba(0, 0, 0, 0);color:#ff7805\" class=\"has-inline-color\">Hann Kuen Machinery &amp; Hardware, Co.<\/mark><\/em> <strong>BRANCH OFFICE<\/strong>, como los cabezales para perforado, est\u00e1n dise\u00f1ados con materiales de alta calidad y sometidos a procesos de tratamiento t\u00e9rmico. Esto les permite resistir el desgaste y prolongar la vida \u00fatil del equipo, lo que se traduce en una mayor durabilidad y fiabilidad.<\/li>\n\n<li class=\" eplus-wrapper eplus-styles-uid-b6217b\"><strong>Rendimiento Excepcional:<\/strong> Los productos est\u00e1n construidos para la industria de manufactura avanzada, lo que implica un enfoque en el rendimiento. Por ejemplo, los cabezales de perforado buscan minimizar la vibraci\u00f3n y el ruido operativo.<\/li><\/ul>\n\n<p class=\"has-background-color has-text-color has-background has-link-color eplus-wrapper wp-elements-4a3b1e9bf612ae7a4ee51f1e352d4471 eplus-styles-uid-444a10 wp-block-paragraph\" style=\"background-color:#ff7805\"><strong>2. Eficiencia y Productividad:<\/strong><\/p>\n\n<ul class=\" wp-block-list eplus-wrapper eplus-styles-uid-6ca232\"><li class=\" eplus-wrapper eplus-styles-uid-c0333d\"><strong>Mejora de la Eficiencia:<\/strong> Componentes como las juntas rotativas de Autogrip, distribuidas por <strong><mark style=\"background-color:rgba(0, 0, 0, 0);color:#ff7805\" class=\"has-inline-color\">4ManPro<\/mark><\/strong><sup><mark style=\"background-color:rgba(0, 0, 0, 0);color:#ff7805\" class=\"has-inline-color\">\u00a9<\/mark><\/sup> <em>(Elements For Manufacturing Processes) <\/em>una <em><mark style=\"background-color:rgba(0, 0, 0, 0);color:#ff7805\" class=\"has-inline-color\">Hann Kuen Machinery &amp; Hardware, Co.<\/mark><\/em> <strong>BRANCH OFFICE<\/strong>, est\u00e1n dise\u00f1adas para mejorar la eficiencia y el rendimiento de la maquinaria. Esto se logra al garantizar una alimentaci\u00f3n estable de fluidos<em> (l\u00edquido o gas)<\/em> incluso bajo alta presi\u00f3n y a alta velocidad.<\/li>\n\n<li class=\" eplus-wrapper eplus-styles-uid-c0333d\"><strong>Reducci\u00f3n de Tiempos de Inactividad:<\/strong> Al utilizar productos confiables y de alta calidad, se minimizan los requisitos de mantenimiento y se reduce el tiempo de inactividad de las m\u00e1quinas, lo que aumenta la rentabilidad en la producci\u00f3n.<\/li><\/ul>\n\n<p class=\"has-background-color has-text-color has-background has-link-color eplus-wrapper wp-elements-f5bedec20d27a188c763a7b5953d29e9 eplus-styles-uid-444a10 wp-block-paragraph\" style=\"background-color:#ff7805\"><strong>3. Soporte y Soluciones Personalizadas:<\/strong><\/p>\n\n<ul class=\" wp-block-list eplus-wrapper eplus-styles-uid-98dee8\"><li class=\" eplus-wrapper eplus-styles-uid-c0333d\"><strong>Asesoramiento T\u00e9cnico:<\/strong> <strong><mark style=\"background-color:rgba(0, 0, 0, 0);color:#ff7805\" class=\"has-inline-color\">4ManPro<\/mark><\/strong><sup><mark style=\"background-color:rgba(0, 0, 0, 0);color:#ff7805\" class=\"has-inline-color\">\u00a9<\/mark><\/sup> <em>(Elements For Manufacturing Processes) <\/em>una <em><mark style=\"background-color:rgba(0, 0, 0, 0);color:#ff7805\" class=\"has-inline-color\">Hann Kuen Machinery &amp; Hardware, Co.<\/mark><\/em> <strong>BRANCH OFFICE<\/strong>, ofrece un equipo de ingenieros capacitados para brindar asesoramiento t\u00e9cnico personalizado. Esto es crucial para los clientes que necesitan soluciones a la medida para sus necesidades de fabricaci\u00f3n espec\u00edficas.<\/li>\n\n\n<li class=\" eplus-wrapper\"><strong>Soluciones a Medida:<\/strong> La empresa tiene la capacidad de ofrecer servicios de personalizaci\u00f3n, incluyendo dise\u00f1o y fabricaci\u00f3n a medida, lo que permite una integraci\u00f3n \u00f3ptima de sus componentes en diversas aplicaciones industriales.<\/li>\n<\/ul>\n\n<p class=\"has-background-color has-text-color has-background has-link-color eplus-wrapper wp-elements-f3c5d15bc2d856cc450b096220336c88 eplus-styles-uid-444a10 wp-block-paragraph\" style=\"background-color:#ff7805\"><strong>4. Estandarizaci\u00f3n y Versatilidad:<\/strong><\/p>\n\n<ul class=\" wp-block-list eplus-wrapper eplus-styles-uid-5aed31\"><li class=\" eplus-wrapper eplus-styles-uid-c0333d\"><strong>Compatibilidad:<\/strong> Los productos de <strong><mark style=\"background-color:rgba(0, 0, 0, 0);color:#ff7805\" class=\"has-inline-color\">4ManPro<\/mark><\/strong><sup><mark style=\"background-color:rgba(0, 0, 0, 0);color:#ff7805\" class=\"has-inline-color\">\u00a9<\/mark><\/sup> <em>(Elements For Manufacturing Processes) <\/em>una <em><mark style=\"background-color:rgba(0, 0, 0, 0);color:#ff7805\" class=\"has-inline-color\">Hann Kuen Machinery &amp; Hardware, Co.<\/mark><\/em> <strong>BRANCH OFFICE<\/strong>, como sus cabezales de refrendado, est\u00e1n dise\u00f1ados para ser vers\u00e1tiles, lo que los hace ideales para ser implementados en diversas l\u00edneas de producci\u00f3n y para trabajar con una amplia gama de materiales <em>(metales, pl\u00e1sticos, compuestos).<\/em><\/li>\n\n<li class=\" eplus-wrapper eplus-styles-uid-c0333d\"><strong>Cumplimiento de Est\u00e1ndares:<\/strong> La calidad de los productos est\u00e1 respaldada por rigurosos controles de calidad y certificaciones internacionales. Esto asegura que cada componente cumpla y supere los est\u00e1ndares m\u00e1s exigentes de la industria, lo que brinda confianza al comprador.<\/li>\n\n<li class=\" eplus-wrapper eplus-styles-uid-c0333d\"><strong>ISO 9001:2015:<\/strong> Esta es una de las certificaciones m\u00e1s importantes para una empresa de manufactura, ya que garantiza que el sistema de gesti\u00f3n de calidad de <strong><em><mark style=\"background-color:rgba(0, 0, 0, 0);color:#6d6d6d\" class=\"has-inline-color\">Hann Kuen Machinery &amp; Hardware, Co., Ltd.<\/mark><\/em><\/strong> cumple con los est\u00e1ndares internacionales m\u00e1s rigurosos. Esto asegura que la empresa mantiene un enfoque constante en la mejora de sus procesos y en la satisfacci\u00f3n del cliente.<\/li>\n\n<li class=\" eplus-wrapper eplus-styles-uid-c0333d\"><strong>Premios a la Excelencia e Innovaci\u00f3n de Taiw\u00e1n:<\/strong> Hann Kuen ha recibido m\u00faltiples premios, como el &#8220;<em><strong><mark style=\"background-color:rgba(0, 0, 0, 0);color:#ff0000\" class=\"has-inline-color\">Taiwan Excellence Award<\/mark><\/strong><\/em>&#8221; y el &#8220;<em><strong><mark style=\"background-color:rgba(0, 0, 0, 0);color:#ff0000\" class=\"has-inline-color\">Taiwan Innovation Award<\/mark><\/strong><\/em>&#8221; en los \u00faltimos a\u00f1os. Estos reconocimientos son otorgados por el gobierno de Taiw\u00e1n a empresas que se destacan por su excelencia en el dise\u00f1o, la calidad, la innovaci\u00f3n y el marketing.<\/li><\/ul>\n\n<p class=\"eplus-wrapper eplus-styles-uid-b6217b wp-block-paragraph\">Adem\u00e1s, todos nuestros elementos comparten la utilizaci\u00f3n y son inspeccionados bajo:<\/p>\n\n\n<div class=\"wp-block-group eplus-wrapper is-layout-constrained wp-block-group-is-layout-constrained\"><figure class=\" wp-block-image alignleft size-full is-resized eplus-wrapper eplus-styles-uid-091a76\"><img loading=\"lazy\" decoding=\"async\" width=\"850\" height=\"1694\" src=\"https:\/\/4manpro.com\/SPA\/wp-content\/uploads\/2025\/09\/LOGO-BLANCO-II-II-3D.jpg\" alt=\"\" class=\"wp-image-26936\" style=\"width:250px\" srcset=\"https:\/\/4manpro.com\/SPA\/wp-content\/uploads\/2025\/09\/LOGO-BLANCO-II-II-3D.jpg 850w, https:\/\/4manpro.com\/SPA\/wp-content\/uploads\/2025\/09\/LOGO-BLANCO-II-II-3D-151x300.jpg 151w, https:\/\/4manpro.com\/SPA\/wp-content\/uploads\/2025\/09\/LOGO-BLANCO-II-II-3D-514x1024.jpg 514w, https:\/\/4manpro.com\/SPA\/wp-content\/uploads\/2025\/09\/LOGO-BLANCO-II-II-3D-768x1531.jpg 768w, https:\/\/4manpro.com\/SPA\/wp-content\/uploads\/2025\/09\/LOGO-BLANCO-II-II-3D-771x1536.jpg 771w\" sizes=\"auto, (max-width: 850px) 100vw, 850px\" \/><\/figure><\/div>\n\n\n<ul class=\" wp-block-list eplus-wrapper eplus-styles-uid-953fb1\"><li class=\" eplus-wrapper eplus-styles-uid-c0333d\"><strong>Cojinetes (rodamientos):<\/strong> Utilizan cojinetes de marcas de prestigio como <strong>SKF<\/strong>, <strong>NSK<\/strong> o <strong>TPI<\/strong> para asegurar un rendimiento superior y una alta precisi\u00f3n en sus husillos.<\/li>\n\n<li class=\" eplus-wrapper eplus-styles-uid-c0333d\"><strong>Materiales Normalizados:<\/strong> En la manufactura de los elementos son utilizados materiales con normalizaci\u00f3n europea.<\/li>\n\n<li class=\" eplus-wrapper eplus-styles-uid-c0333d\"><strong>Instrumentos de medici\u00f3n:<\/strong> Emplean equipos de marcas como <strong>Brown &amp; Sharpe<\/strong> (EE. UU.) y <strong>Mahr<\/strong> (Alemania) para garantizar la exactitud de sus productos.<\/li><\/ul>\n\n<p class=\"eplus-wrapper eplus-styles-uid-11d35f wp-block-paragraph\"><strong><em><mark style=\"background-color:rgba(0, 0, 0, 0);color:#6d6d6d\" class=\"has-inline-color\">Hann Kuen Machinery &amp; Hardware, Co., Ltd.<\/mark><\/em><\/strong> no solo se adhiere a la <em>Certificaci\u00f3n de Calidad Internacional <strong>ISO 9001<\/strong><\/em>, sino que tambi\u00e9n ha sido reconocida en su pa\u00eds por su innovaci\u00f3n y excelencia, demostrando un compromiso s\u00f3lido con la calidad y la ingenier\u00eda de precisi\u00f3n en sus productos.<\/p>\n\n\n<div style=\"height:10px\" aria-hidden=\"true\" class=\" wp-block-spacer eplus-wrapper\"><\/div>\n\n\n\n<hr class=\"is-style-dots wp-block-separator has-alpha-channel-opacity eplus-wrapper\"\/>\n\n\n\n<blockquote class=\"wp-block-quote eplus-wrapper is-layout-flow wp-block-quote-is-layout-flow\"><p class=\"eplus-wrapper eplus-styles-uid-7f1c48 wp-block-paragraph\"><em>Finalmente, las ventajas de elegir los productos de <strong><mark style=\"background-color:rgba(0, 0, 0, 0);color:#ff7805\" class=\"has-inline-color\">4ManPro<\/mark><\/strong><sup><mark style=\"background-color:rgba(0, 0, 0, 0);color:#ff7805\" class=\"has-inline-color\">\u00a9<\/mark><\/sup> <em>(Elements For Manufacturing Processes) <\/em>una <em><mark style=\"background-color:rgba(0, 0, 0, 0);color:#ff7805\" class=\"has-inline-color\">Hann Kuen Machinery &amp; Hardware, Co.<\/mark><\/em> <strong>BRANCH OFFICE<\/strong>, residen en la combinaci\u00f3n de un dise\u00f1o robusto y de alta precisi\u00f3n, la capacidad de mejorar la eficiencia y reducir los costos operativos en la producci\u00f3n, y el valor a\u00f1adido de un servicio al cliente que ofrece soluciones t\u00e9cnicas y personalizadas.<\/em><\/p><\/blockquote>\n\n\n\n<div class=\"wp-block-group eplus-wrapper is-layout-constrained wp-block-group-is-layout-constrained\"><\/div>\n","protected":false},"excerpt":{"rendered":"<p>Las ventajas que ofrecemos a todos nuestros clientes est\u00e1n enmarcadas en los preceptos de ventajas centradas en la calidad, el rendimiento, la durabilidad, as\u00ed como la excelencia en el soporte al cliente. Definimos nuestras las ventajas de 4ManPro\u00a9 (Elements For Manufacturing Processes) una Hann Kuen Machinery &amp; Hardware, Co. BRANCH OFFICE, como: 1. Ingenier\u00eda de [&hellip;]<\/p>\n","protected":false},"author":1,"featured_media":0,"parent":19627,"menu_order":17,"comment_status":"closed","ping_status":"closed","template":"principal-cuadros-individuales-2","meta":{"_crdt_document":"","editor_plus_copied_stylings":"{}","footnotes":""},"class_list":["post-26927","page","type-page","status-publish","hentry"],"_links":{"self":[{"href":"https:\/\/4manpro.com\/SPA\/wp-json\/wp\/v2\/pages\/26927","targetHints":{"allow":["GET"]}}],"collection":[{"href":"https:\/\/4manpro.com\/SPA\/wp-json\/wp\/v2\/pages"}],"about":[{"href":"https:\/\/4manpro.com\/SPA\/wp-json\/wp\/v2\/types\/page"}],"author":[{"embeddable":true,"href":"https:\/\/4manpro.com\/SPA\/wp-json\/wp\/v2\/users\/1"}],"replies":[{"embeddable":true,"href":"https:\/\/4manpro.com\/SPA\/wp-json\/wp\/v2\/comments?post=26927"}],"version-history":[{"count":24,"href":"https:\/\/4manpro.com\/SPA\/wp-json\/wp\/v2\/pages\/26927\/revisions"}],"predecessor-version":[{"id":27122,"href":"https:\/\/4manpro.com\/SPA\/wp-json\/wp\/v2\/pages\/26927\/revisions\/27122"}],"up":[{"embeddable":true,"href":"https:\/\/4manpro.com\/SPA\/wp-json\/wp\/v2\/pages\/19627"}],"wp:attachment":[{"href":"https:\/\/4manpro.com\/SPA\/wp-json\/wp\/v2\/media?parent=26927"}],"curies":[{"name":"wp","href":"https:\/\/api.w.org\/{rel}","templated":true}]}}