{"id":2641,"date":"2024-02-17T19:31:15","date_gmt":"2024-02-18T01:31:15","guid":{"rendered":"https:\/\/4manpro.com\/SPA\/?page_id=2641"},"modified":"2026-03-23T10:28:15","modified_gmt":"2026-03-23T16:28:15","slug":"serie-sc-scs","status":"publish","type":"page","link":"https:\/\/4manpro.com\/SPA\/principal-general-duplicate\/fresado-mandrilado\/serie-sc-scs\/","title":{"rendered":"Serie SC &amp; SCS"},"content":{"rendered":"\n<div class=\"wp-block-buttons alignwide eplus-wrapper is-content-justification-space-between is-nowrap is-layout-flex wp-container-core-buttons-is-layout-4561150b wp-block-buttons-is-layout-flex\"><div style=\"--wp--block-button--width: 50;\" class=\"wp-block-button eplus-wrapper has-custom-width wp-block-button__width wp-block-button__width-50 eplus-styles-uid-5d2ee7\"><a class=\"wp-block-button__link has-foreground-color has-text-color has-background has-link-color wp-element-button\" href=\"http:\/\/WWW.4MANPRO.COM\/SPA\/\" style=\"background-color:#999999\">PRINCIPAL<\/a><\/div>\n\n<div style=\"--wp--block-button--width: 50;\" class=\"wp-block-button eplus-wrapper has-custom-width wp-block-button__width wp-block-button__width-50 eplus-styles-uid-ffa669\"><a class=\"wp-block-button__link has-foreground-color has-background-background-color has-text-color has-background has-link-color wp-element-button\" href=\"https:\/\/4manpro.com\/SPA\/home\/fresado-mandrilado\/\" style=\"background-color:#999999\">ATR\u00c1S<\/a><\/div>\n\n<div style=\"--wp--block-button--width: 50;\" class=\"wp-block-button eplus-wrapper has-custom-width wp-block-button__width wp-block-button__width-50 eplus-styles-uid-994b6a\"><a class=\"wp-block-button__link has-background-color has-luminous-vivid-orange-background-color has-text-color has-background has-link-color wp-element-button\" href=\"https:\/\/www.4manpro.com\/princ-2\/boring-milling-spindles\/sc-scs-series\/\">ENGLISH<\/a><\/div><\/div>\n\n\n\n<figure class=\" wp-block-image alignwide size-full eplus-wrapper\"><img loading=\"lazy\" decoding=\"async\" width=\"1920\" height=\"339\" src=\"https:\/\/4manpro.com\/SPA\/wp-content\/uploads\/2026\/03\/Serie-SC-SCS.jpg\" alt=\"\" class=\"wp-image-35022\" srcset=\"https:\/\/4manpro.com\/SPA\/wp-content\/uploads\/2026\/03\/Serie-SC-SCS.jpg 1920w, https:\/\/4manpro.com\/SPA\/wp-content\/uploads\/2026\/03\/Serie-SC-SCS-300x53.jpg 300w, https:\/\/4manpro.com\/SPA\/wp-content\/uploads\/2026\/03\/Serie-SC-SCS-1024x181.jpg 1024w, https:\/\/4manpro.com\/SPA\/wp-content\/uploads\/2026\/03\/Serie-SC-SCS-768x136.jpg 768w, https:\/\/4manpro.com\/SPA\/wp-content\/uploads\/2026\/03\/Serie-SC-SCS-1536x271.jpg 1536w\" sizes=\"auto, (max-width: 1920px) 100vw, 1920px\" \/><\/figure>\n\n\n\n<hr class=\" wp-block-separator has-alpha-channel-opacity eplus-wrapper\"\/>\n\n\n\n<div class=\"wp-block-group alignwide eplus-wrapper is-layout-constrained wp-block-group-is-layout-constrained\"><figure class=\" wp-block-image alignleft size-full is-resized eplus-wrapper eplus-styles-uid-c73b55\"><img loading=\"lazy\" decoding=\"async\" width=\"512\" height=\"512\" src=\"https:\/\/4manpro.com\/SPA\/wp-content\/uploads\/2026\/03\/LOGO-BLANCO-II-3D-3.jpg\" alt=\"\" class=\"wp-image-34469\" style=\"width:175px\" srcset=\"https:\/\/4manpro.com\/SPA\/wp-content\/uploads\/2026\/03\/LOGO-BLANCO-II-3D-3.jpg 512w, https:\/\/4manpro.com\/SPA\/wp-content\/uploads\/2026\/03\/LOGO-BLANCO-II-3D-3-300x300.jpg 300w, https:\/\/4manpro.com\/SPA\/wp-content\/uploads\/2026\/03\/LOGO-BLANCO-II-3D-3-150x150.jpg 150w\" sizes=\"auto, (max-width: 512px) 100vw, 512px\" \/><\/figure>\n\n<p class=\"alignwide eplus-wrapper eplus-styles-uid-cb9986 wp-block-paragraph\"><mark style=\"background-color:rgba(0, 0, 0, 0);color:#ff7805\" class=\"has-inline-color\"><strong>4ManPro<\/strong><sup>\u00ae<\/sup><\/mark> <em>(Elements For Manufacturing Processes) una <mark style=\"background-color:rgba(0, 0, 0, 0);color:#ff7805\" class=\"has-inline-color\">Hann Kuen Machinery &amp; Hardware, Co., Ltd.<\/mark> <mark style=\"background-color:rgba(0, 0, 0, 0)\" class=\"has-inline-color has-foreground-color\"><\/mark><\/em><strong>BRANCH OFFICE <\/strong>es una destacada marca reconocida por su innovaci\u00f3n en el dise\u00f1o y la fabricaci\u00f3n de husillos con cambio de herramentales para la industria manufacturera. Estos husillos son componentes vitales en una amplia gama de aplicaciones industriales, desde la <em>industria automotriz<\/em> y <em>aeroespacial <\/em>hasta la fabricaci\u00f3n de <em>productos de consumo<\/em>.<\/p>\n\n<p class=\"alignwide eplus-wrapper eplus-styles-uid-cb9986 wp-block-paragraph\">Los <em><strong>Husillos Con Cambio De Herramentales<\/strong><\/em> de <em><em><strong><mark style=\"background-color:rgba(0, 0, 0, 0);color:#ff6900\" class=\"has-inline-color\"><strong><mark style=\"background-color:rgba(0, 0, 0, 0);color:#ff7805\" class=\"has-inline-color\"><strong>4ManPro<\/strong><sup>\u00ae<\/sup><\/mark> <\/strong><\/mark><\/strong><em>(Elements For Manufacturing Processes) una <\/em><\/em><\/em><em><em><mark style=\"background-color:rgba(0, 0, 0, 0);color:#ff6900\" class=\"has-inline-color\"><em><mark style=\"background-color:rgba(0, 0, 0, 0);color:#ff7805\" class=\"has-inline-color\">Hann Kuen Machinery &amp; Hardware, Co., Ltd.<\/mark> <mark style=\"background-color:rgba(0, 0, 0, 0)\" class=\"has-inline-color has-foreground-color\"><\/mark><\/em><\/mark><\/em><\/em><strong>BRANCH OFFICE<\/strong> se distinguen por su capacidad para cambiar r\u00e1pidamente entre diferentes herramientas, lo que aumenta la eficiencia y la productividad en entornos de fabricaci\u00f3n de alta velocidad. Este cambio <em><strong>r\u00e1pido <\/strong><\/em>y <em><strong>preciso <\/strong><\/em>de herramientas permite una adaptaci\u00f3n \u00e1gil a diferentes necesidades de producci\u00f3n, lo que resulta en tiempos de inactividad reducidos y una mayor flexibilidad.<\/p>\n\n<figure class=\" wp-block-image alignright size-full is-resized eplus-wrapper eplus-styles-uid-96b58f\"><img loading=\"lazy\" decoding=\"async\" width=\"1024\" height=\"1024\" src=\"https:\/\/4manpro.com\/SPA\/wp-content\/uploads\/2026\/01\/HARDY-NARANJA-3D.jpg\" alt=\"\" class=\"wp-image-32236\" style=\"width:175px\" srcset=\"https:\/\/4manpro.com\/SPA\/wp-content\/uploads\/2026\/01\/HARDY-NARANJA-3D.jpg 1024w, https:\/\/4manpro.com\/SPA\/wp-content\/uploads\/2026\/01\/HARDY-NARANJA-3D-300x300.jpg 300w, https:\/\/4manpro.com\/SPA\/wp-content\/uploads\/2026\/01\/HARDY-NARANJA-3D-150x150.jpg 150w, https:\/\/4manpro.com\/SPA\/wp-content\/uploads\/2026\/01\/HARDY-NARANJA-3D-768x768.jpg 768w\" sizes=\"auto, (max-width: 1024px) 100vw, 1024px\" \/><\/figure>\n\n<p class=\"alignwide eplus-wrapper eplus-styles-uid-cb9986 wp-block-paragraph\">La tecnolog\u00eda avanzada empleada en la fabricaci\u00f3n de estos husillos garantiza un rendimiento \u00f3ptimo y una larga vida \u00fatil. <em><em><mark style=\"background-color:rgba(0, 0, 0, 0);color:#ff7805\" class=\"has-inline-color\"><strong>4ManPro<\/strong><sup>\u00ae<\/sup><\/mark> <em>(Elements For Manufacturing Processes) una <mark style=\"background-color:rgba(0, 0, 0, 0);color:#ff7805\" class=\"has-inline-color\">Hann Kuen Machinery &amp; Hardware, Co., Ltd.<\/mark> <mark style=\"background-color:rgba(0, 0, 0, 0)\" class=\"has-inline-color has-foreground-color\"><\/mark><\/em><\/em><\/em><strong>BRANCH OFFICE<\/strong> se centra en la precisi\u00f3n y la fiabilidad para asegurar un funcionamiento sin problemas en diversas configuraciones de fabricaci\u00f3n. <\/p>\n\n<p class=\"alignwide eplus-wrapper eplus-styles-uid-cb9986 wp-block-paragraph\">Adem\u00e1s, su enfoque en la innovaci\u00f3n ha dado como <em><mark style=\"background-color:rgba(0, 0, 0, 0);color:#ff6900\" class=\"has-inline-color\">resultado <strong>dise\u00f1os compactos<\/strong><\/mark><\/em> y <em><strong><mark style=\"background-color:rgba(0, 0, 0, 0);color:#ff6900\" class=\"has-inline-color\">eficientes <\/mark><\/strong><\/em>que ocupan un espacio m\u00ednimo en las l\u00edneas de producci\u00f3n. Siendo estos altamente adaptables, pueden integrarse con una variedad de m\u00e1quinas herramienta y sistemas de control, permitiendo ser utilizados en una amplia gama de procesos, como <em>fresado, torneado, taladrado<\/em> y <em>rectificado<\/em>, entre otros. <\/p><\/div>\n\n\n\n<hr class=\"is-style-dots wp-block-separator has-alpha-channel-opacity eplus-wrapper\"\/>\n\n\n<p class=\"has-background eplus-wrapper eplus-styles-uid-3204df wp-block-paragraph\" style=\"background-color:#696969\">ELEMENTOS<\/p>\n\n<p class=\"has-background-color has-vivid-cyan-blue-background-color has-text-color has-background has-link-color eplus-wrapper wp-elements-497552681303ed969583338062ffb195 eplus-styles-uid-67cb80 wp-block-paragraph\">Serie SC<\/p>\n\n<div class=\"wp-block-columns alignwide are-vertically-aligned-center eplus-wrapper is-layout-flex wp-container-core-columns-is-layout-f56f613f wp-block-columns-is-layout-flex eplus-styles-uid-38af94\">\n<div class=\"wp-block-column is-vertically-aligned-center eplus-wrapper is-layout-flow wp-block-column-is-layout-flow\" style=\"flex-basis:50%\"><ul class=\" wp-block-list eplus-wrapper eplus-styles-uid-6d3d6c\"><li class=\" eplus-wrapper eplus-styles-uid-43efcf\"><a href=\"https:\/\/4manpro.com\/SPA\/fresado-mandrilado\/serie-sc-scs\/sc55-bt40-fresado\/\" data-type=\"page\" data-id=\"24178\"><mark style=\"background-color:rgba(0, 0, 0, 0);color:#0693e3\" class=\"has-inline-color\">SC55-BT40<\/mark><\/a><ul class=\" wp-block-list eplus-wrapper eplus-styles-uid-bafd73\"><li class=\" eplus-wrapper eplus-styles-uid-45bf65\">Husillo: <ul class=\" wp-block-list eplus-wrapper eplus-styles-uid-9b4652\"><li class=\" eplus-wrapper eplus-styles-uid-b6099b\">BT40<\/li><\/ul><\/li>\n\n<li class=\" eplus-wrapper eplus-styles-uid-5b2804\">Velocidad M\u00e1xima:<strong> <\/strong><ul class=\" wp-block-list eplus-wrapper eplus-styles-uid-572829\"><li class=\" eplus-wrapper eplus-styles-uid-b6099b\">2,000 r.p.m.<\/li><\/ul><\/li>\n\n<li class=\" eplus-wrapper eplus-styles-uid-5b2804\">Potencia M\u00e1xima:<strong> <\/strong><ul class=\" wp-block-list eplus-wrapper eplus-styles-uid-0e96b1\"><li class=\" eplus-wrapper eplus-styles-uid-b6099b\">2 H.P. ~ 3 H.P.<\/li><\/ul><\/li><\/ul><\/li><\/ul>\n\n<ul class=\" wp-block-list eplus-wrapper eplus-styles-uid-b6255a\"><li class=\" eplus-wrapper eplus-styles-uid-43efcf\"><a href=\"https:\/\/4manpro.com\/SPA\/fresado-mandrilado\/serie-sc-scs\/sc55h-bt40-cabezales-con-cambio-duplicate\/\" data-type=\"page\" data-id=\"24184\"><mark style=\"background-color:rgba(0, 0, 0, 0);color:#0693e3\" class=\"has-inline-color\">SC55H-BT40<\/mark><\/a><ul class=\" wp-block-list eplus-wrapper eplus-styles-uid-b05583\"><li class=\" eplus-wrapper eplus-styles-uid-5b2804\">Husillo: <ul class=\" wp-block-list eplus-wrapper eplus-styles-uid-53cc37\"><li class=\" eplus-wrapper eplus-styles-uid-b6099b\">BT40<\/li><\/ul><\/li>\n\n<li class=\" eplus-wrapper eplus-styles-uid-5b2804\">Velocidad M\u00e1xima:<ul class=\" wp-block-list eplus-wrapper eplus-styles-uid-431472\"><li class=\" eplus-wrapper eplus-styles-uid-b6099b\">6,000 r.p.m.<\/li><\/ul><\/li>\n\n<li class=\" eplus-wrapper eplus-styles-uid-5b2804\">Potencia M\u00e1xima:<strong> <\/strong><ul class=\" wp-block-list eplus-wrapper eplus-styles-uid-c95d07\"><li class=\" eplus-wrapper eplus-styles-uid-b6099b\">2 H.P. ~ 3 H.P.<\/li><\/ul><\/li><\/ul><\/li><\/ul><\/div>\n\n\n\n<div class=\"wp-block-column is-vertically-aligned-center eplus-wrapper is-layout-flow wp-block-column-is-layout-flow\" style=\"flex-basis:50%\"><figure class=\" wp-block-image size-full eplus-wrapper eplus-styles-uid-550294\"><img loading=\"lazy\" decoding=\"async\" width=\"827\" height=\"827\" src=\"https:\/\/4manpro.com\/SPA\/wp-content\/uploads\/2026\/03\/Serie-SC.jpg\" alt=\"\" class=\"wp-image-34192\" srcset=\"https:\/\/4manpro.com\/SPA\/wp-content\/uploads\/2026\/03\/Serie-SC.jpg 827w, https:\/\/4manpro.com\/SPA\/wp-content\/uploads\/2026\/03\/Serie-SC-300x300.jpg 300w, https:\/\/4manpro.com\/SPA\/wp-content\/uploads\/2026\/03\/Serie-SC-150x150.jpg 150w, https:\/\/4manpro.com\/SPA\/wp-content\/uploads\/2026\/03\/Serie-SC-768x768.jpg 768w\" sizes=\"auto, (max-width: 827px) 100vw, 827px\" \/><\/figure><\/div>\n\n\n\n<div class=\"wp-block-column is-vertically-aligned-center eplus-wrapper is-layout-flow wp-block-column-is-layout-flow\" style=\"flex-basis:50%\"><ul class=\" wp-block-list eplus-wrapper eplus-styles-uid-63869d\"><li class=\" eplus-wrapper eplus-styles-uid-43efcf\"><a href=\"https:\/\/4manpro.com\/SPA\/fresado-mandrilado\/serie-sc-scs\/sc80-bt50-fresado-mandrilado\/\" data-type=\"page\" data-id=\"24190\"><mark style=\"background-color:rgba(0, 0, 0, 0);color:#0693e3\" class=\"has-inline-color\">SC80-BT50<\/mark><\/a><ul class=\" wp-block-list eplus-wrapper eplus-styles-uid-52f239\"><li class=\" eplus-wrapper eplus-styles-uid-45bf65\">Husillo: <ul class=\" wp-block-list eplus-wrapper eplus-styles-uid-29ef93\"><li class=\" eplus-wrapper eplus-styles-uid-b6099b\"><strong>BT50<\/strong><\/li><\/ul><\/li>\n\n<li class=\" eplus-wrapper eplus-styles-uid-45bf65\">Velocidad M\u00e1xima:<strong> <\/strong><ul class=\" wp-block-list eplus-wrapper eplus-styles-uid-84518b\"><li class=\" eplus-wrapper eplus-styles-uid-b6099b\">1,200 r.p.m.<\/li><\/ul><\/li>\n\n<li class=\" eplus-wrapper eplus-styles-uid-45bf65\">Potencia M\u00e1xima:<strong> <\/strong><ul class=\" wp-block-list eplus-wrapper eplus-styles-uid-f2035a\"><li class=\" eplus-wrapper eplus-styles-uid-b6099b\">3 H.P. ~ 5 H.P.<\/li><\/ul><\/li><\/ul><\/li><\/ul>\n\n<ul class=\" wp-block-list eplus-wrapper eplus-styles-uid-fd703c\"><li class=\" eplus-wrapper eplus-styles-uid-43efcf\"><a href=\"https:\/\/4manpro.com\/SPA\/fresado-mandrilado\/serie-sc-scs\/sc80h-bt50-fresado-mandrilado\/\" data-type=\"page\" data-id=\"24195\"><mark style=\"background-color:rgba(0, 0, 0, 0);color:#0693e3\" class=\"has-inline-color\">SC80H-BT50<\/mark><\/a><ul class=\" wp-block-list eplus-wrapper eplus-styles-uid-49f9e4\"><li class=\" eplus-wrapper eplus-styles-uid-5b2804\">Husillo: <ul class=\" wp-block-list eplus-wrapper eplus-styles-uid-b08f36\"><li class=\" eplus-wrapper eplus-styles-uid-b6099b\">BT50<\/li><\/ul><\/li>\n\n<li class=\" eplus-wrapper eplus-styles-uid-5b2804\">Velocidad M\u00e1xima:<ul class=\" wp-block-list eplus-wrapper eplus-styles-uid-67ca4f\"><li class=\" eplus-wrapper eplus-styles-uid-b6099b\">3,000 r.p.m.<\/li><\/ul><\/li>\n\n<li class=\" eplus-wrapper eplus-styles-uid-5b2804\">Potencia M\u00e1xima:<strong> <\/strong><ul class=\" wp-block-list eplus-wrapper eplus-styles-uid-3e26ba\"><li class=\" eplus-wrapper eplus-styles-uid-b6099b\">3 H.P. ~ 5 H.P.<\/li><\/ul><\/li><\/ul><\/li><\/ul><\/div>\n<\/div>\n\n\n<hr class=\"is-style-dots wp-block-separator has-alpha-channel-opacity eplus-wrapper\"\/>\n\n\n<p class=\"has-background-color has-vivid-cyan-blue-background-color has-text-color has-background has-link-color eplus-wrapper wp-elements-5058784575752f78b0ab434721993447 eplus-styles-uid-67cb80 wp-block-paragraph\">Serie SCS<\/p>\n\n<div class=\"wp-block-columns alignwide eplus-wrapper is-layout-flex wp-container-core-columns-is-layout-f56f613f wp-block-columns-is-layout-flex eplus-styles-uid-89df13\">\n<div class=\"wp-block-column is-vertically-aligned-center eplus-wrapper is-layout-flow wp-block-column-is-layout-flow\" style=\"flex-basis:50%\"><ul class=\" wp-block-list eplus-wrapper eplus-styles-uid-5778ed\"><li class=\" eplus-wrapper eplus-styles-uid-43efcf\"><a href=\"https:\/\/4manpro.com\/SPA\/fresado-mandrilado\/serie-sc-scs\/scs55-bt40-fresado-mandrilado\/\" data-type=\"page\" data-id=\"24202\"><mark style=\"background-color:rgba(0, 0, 0, 0);color:#0693e3\" class=\"has-inline-color\">SCS55-BT40<\/mark><\/a><ul class=\" wp-block-list eplus-wrapper eplus-styles-uid-8b626c\"><li class=\" eplus-wrapper eplus-styles-uid-5b2804\">Husillo: <ul class=\" wp-block-list eplus-wrapper eplus-styles-uid-950fb1\"><li class=\" eplus-wrapper eplus-styles-uid-b6099b\">BT40<\/li><\/ul><\/li>\n\n<li class=\" eplus-wrapper eplus-styles-uid-5b2804\">Velocidad M\u00e1xima:<ul class=\" wp-block-list eplus-wrapper eplus-styles-uid-ec0b7a\"><li class=\" eplus-wrapper eplus-styles-uid-b6099b\"><strong> <\/strong>2,000 r.p.m.<\/li><\/ul><\/li>\n\n<li class=\" eplus-wrapper eplus-styles-uid-5b2804\">Potencia M\u00e1xima: <ul class=\" wp-block-list eplus-wrapper eplus-styles-uid-f79116\"><li class=\" eplus-wrapper eplus-styles-uid-b6099b\">2 H.P. ~ 3 H.P.<\/li><\/ul><\/li><\/ul><\/li><\/ul>\n\n<ul class=\" wp-block-list eplus-wrapper eplus-styles-uid-36c297\"><li class=\" eplus-wrapper eplus-styles-uid-43efcf\"><a href=\"https:\/\/4manpro.com\/SPA\/fresado-mandrilado\/serie-sc-scs\/scs55h-bt40-fresado-mandrilado\/\" data-type=\"page\" data-id=\"24206\"><mark style=\"background-color:rgba(0, 0, 0, 0);color:#0693e3\" class=\"has-inline-color\">SCS55H-BT40<\/mark><\/a><ul class=\" wp-block-list eplus-wrapper eplus-styles-uid-95adcb\"><li class=\" eplus-wrapper eplus-styles-uid-5b2804\">Husillo: <ul class=\" wp-block-list eplus-wrapper eplus-styles-uid-b770af\"><li class=\" eplus-wrapper eplus-styles-uid-b6099b\">BT40<\/li><\/ul><\/li>\n\n<li class=\" eplus-wrapper eplus-styles-uid-5b2804\">Velocidad M\u00e1xima:<ul class=\" wp-block-list eplus-wrapper eplus-styles-uid-5d98b1\"><li class=\" eplus-wrapper eplus-styles-uid-b6099b\">6,000 r.p.m.<\/li><\/ul><\/li>\n\n<li class=\" eplus-wrapper eplus-styles-uid-5b2804\">Potencia M\u00e1xima:<strong> <\/strong><ul class=\" wp-block-list eplus-wrapper eplus-styles-uid-f5c439\"><li class=\" eplus-wrapper eplus-styles-uid-b6099b\">2 H.P. ~ 3 H.P.<\/li><\/ul><\/li><\/ul><\/li><\/ul><\/div>\n\n\n\n<div class=\"wp-block-column is-vertically-aligned-center eplus-wrapper is-layout-flow wp-block-column-is-layout-flow\" style=\"flex-basis:50%\"><figure class=\" wp-block-image size-full eplus-wrapper eplus-styles-uid-6fecf9\"><img loading=\"lazy\" decoding=\"async\" width=\"827\" height=\"827\" src=\"https:\/\/4manpro.com\/SPA\/wp-content\/uploads\/2026\/03\/Serie-SCS-3.jpg\" alt=\"\" class=\"wp-image-35368\" srcset=\"https:\/\/4manpro.com\/SPA\/wp-content\/uploads\/2026\/03\/Serie-SCS-3.jpg 827w, https:\/\/4manpro.com\/SPA\/wp-content\/uploads\/2026\/03\/Serie-SCS-3-300x300.jpg 300w, https:\/\/4manpro.com\/SPA\/wp-content\/uploads\/2026\/03\/Serie-SCS-3-150x150.jpg 150w, https:\/\/4manpro.com\/SPA\/wp-content\/uploads\/2026\/03\/Serie-SCS-3-768x768.jpg 768w\" sizes=\"auto, (max-width: 827px) 100vw, 827px\" \/><\/figure><\/div>\n\n\n\n<div class=\"wp-block-column is-vertically-aligned-center eplus-wrapper is-layout-flow wp-block-column-is-layout-flow\" style=\"flex-basis:50%\"><ul class=\" wp-block-list eplus-wrapper eplus-styles-uid-02b14b\"><li class=\" eplus-wrapper eplus-styles-uid-43efcf\"><a href=\"https:\/\/4manpro.com\/SPA\/fresado-mandrilado\/serie-sc-scs\/scs80-bt50-fresado-mandrilado\/\" data-type=\"page\" data-id=\"24219\"><mark style=\"background-color:rgba(0, 0, 0, 0);color:#0693e3\" class=\"has-inline-color\">SCS80-BT50<\/mark><\/a><ul class=\" wp-block-list eplus-wrapper eplus-styles-uid-463e9e\"><li class=\" eplus-wrapper eplus-styles-uid-d3c30f\">Husillo: <ul class=\" wp-block-list eplus-wrapper eplus-styles-uid-01ddbd\"><li class=\" eplus-wrapper eplus-styles-uid-b6099b\"><strong>BT50<\/strong><\/li><\/ul><\/li>\n\n<li class=\" eplus-wrapper eplus-styles-uid-5b2804\">Velocidad M\u00e1xima:<ul class=\" wp-block-list eplus-wrapper eplus-styles-uid-c5a19e\"><li class=\" eplus-wrapper eplus-styles-uid-b6099b\"><strong>1,200 r.p.m.<\/strong><\/li><\/ul><\/li>\n\n<li class=\" eplus-wrapper eplus-styles-uid-5b2804\">Potencia M\u00e1xima:<ul class=\" wp-block-list eplus-wrapper eplus-styles-uid-052245\"><li class=\" eplus-wrapper eplus-styles-uid-b6099b\">3 H.P. ~ 5 H.P.<\/li><\/ul><\/li><\/ul><\/li><\/ul>\n\n<ul class=\" wp-block-list eplus-wrapper eplus-styles-uid-b44484\"><li class=\" eplus-wrapper eplus-styles-uid-43efcf\"><a href=\"https:\/\/4manpro.com\/SPA\/fresado-mandrilado\/serie-sc-scs\/scs80h-bt50-fresado-mandrilado\/\" data-type=\"page\" data-id=\"24221\"><mark style=\"background-color:rgba(0, 0, 0, 0);color:#0693e3\" class=\"has-inline-color\">SCS80H-BT50<\/mark><\/a><ul class=\" wp-block-list eplus-wrapper eplus-styles-uid-4c2768\"><li class=\" eplus-wrapper eplus-styles-uid-5b2804\">Husillo: <ul class=\" wp-block-list eplus-wrapper eplus-styles-uid-c22a8c\"><li class=\" eplus-wrapper eplus-styles-uid-b6099b\">BT50<\/li><\/ul><\/li>\n\n<li class=\" eplus-wrapper eplus-styles-uid-5b2804\">Velocidad M\u00e1xima:<ul class=\" wp-block-list eplus-wrapper eplus-styles-uid-d7f536\"><li class=\" eplus-wrapper eplus-styles-uid-b6099b\">3,000 r.p.m.<\/li><\/ul><\/li>\n\n<li class=\" eplus-wrapper eplus-styles-uid-5b2804\">Potencia M\u00e1xima:<strong> <\/strong><ul class=\" wp-block-list eplus-wrapper eplus-styles-uid-6d7542\"><li class=\" eplus-wrapper eplus-styles-uid-b6099b\">3 H.P. ~ 5 H.P.<\/li><\/ul><\/li><\/ul><\/li><\/ul><\/div>\n<\/div>","protected":false},"excerpt":{"rendered":"<p>4ManPro\u00ae (Elements For Manufacturing Processes) una Hann Kuen Machinery &amp; Hardware, Co., Ltd. BRANCH OFFICE es una destacada marca reconocida por su innovaci\u00f3n en el dise\u00f1o y la fabricaci\u00f3n de husillos con cambio de herramentales para la industria manufacturera. Estos husillos son componentes vitales en una amplia gama de aplicaciones industriales, desde la industria automotriz [&hellip;]<\/p>\n","protected":false},"author":1,"featured_media":0,"parent":101,"menu_order":0,"comment_status":"closed","ping_status":"closed","template":"principal-cuadros-individuales-2","meta":{"_crdt_document":"","editor_plus_copied_stylings":"{}","footnotes":""},"class_list":["post-2641","page","type-page","status-publish","hentry"],"_links":{"self":[{"href":"https:\/\/4manpro.com\/SPA\/wp-json\/wp\/v2\/pages\/2641","targetHints":{"allow":["GET"]}}],"collection":[{"href":"https:\/\/4manpro.com\/SPA\/wp-json\/wp\/v2\/pages"}],"about":[{"href":"https:\/\/4manpro.com\/SPA\/wp-json\/wp\/v2\/types\/page"}],"author":[{"embeddable":true,"href":"https:\/\/4manpro.com\/SPA\/wp-json\/wp\/v2\/users\/1"}],"replies":[{"embeddable":true,"href":"https:\/\/4manpro.com\/SPA\/wp-json\/wp\/v2\/comments?post=2641"}],"version-history":[{"count":47,"href":"https:\/\/4manpro.com\/SPA\/wp-json\/wp\/v2\/pages\/2641\/revisions"}],"predecessor-version":[{"id":35510,"href":"https:\/\/4manpro.com\/SPA\/wp-json\/wp\/v2\/pages\/2641\/revisions\/35510"}],"up":[{"embeddable":true,"href":"https:\/\/4manpro.com\/SPA\/wp-json\/wp\/v2\/pages\/101"}],"wp:attachment":[{"href":"https:\/\/4manpro.com\/SPA\/wp-json\/wp\/v2\/media?parent=2641"}],"curies":[{"name":"wp","href":"https:\/\/api.w.org\/{rel}","templated":true}]}}