{"id":2073,"date":"2024-02-14T10:57:50","date_gmt":"2024-02-14T16:57:50","guid":{"rendered":"https:\/\/4manpro.com\/SPA\/?page_id=2073"},"modified":"2026-03-24T20:03:07","modified_gmt":"2026-03-25T02:03:07","slug":"serie-st","status":"publish","type":"page","link":"https:\/\/4manpro.com\/SPA\/machueleado-perforado\/serie-st\/","title":{"rendered":"SERIE ST"},"content":{"rendered":"\n<div class=\"wp-block-buttons alignwide eplus-wrapper is-content-justification-space-between is-nowrap is-layout-flex wp-container-core-buttons-is-layout-4561150b wp-block-buttons-is-layout-flex\"><div style=\"--wp--block-button--width: 50;\" class=\"wp-block-button eplus-wrapper has-custom-width wp-block-button__width wp-block-button__width-50 eplus-styles-uid-9d38a7\"><a class=\"wp-block-button__link has-foreground-color has-text-color has-background has-link-color wp-element-button\" href=\"http:\/\/WWW.4MANPRO.COM\/SPA\/\" style=\"background-color:#999999\">PRINCIPAL<\/a><\/div>\n\n<div style=\"--wp--block-button--width: 50;\" class=\"wp-block-button eplus-wrapper has-custom-width wp-block-button__width wp-block-button__width-50 eplus-styles-uid-e08dc0\"><a class=\"wp-block-button__link has-foreground-color has-background-background-color has-text-color has-background has-link-color wp-element-button\" href=\"https:\/\/4manpro.com\/SPA\/home\/machueleado-perforado\/\" style=\"background-color:#999999\">ATR\u00c1S<\/a><\/div>\n\n<div style=\"--wp--block-button--width: 50;\" class=\"wp-block-button eplus-wrapper has-custom-width wp-block-button__width wp-block-button__width-50 eplus-styles-uid-db9fe4\"><a class=\"wp-block-button__link has-background-color has-luminous-vivid-orange-background-color has-text-color has-background has-link-color wp-element-button\" href=\"https:\/\/www.4manpro.com\/princ-2\/drilling-tapping-spindle-heads\/st-series\/\">ENGLISH<\/a><\/div><\/div>\n\n\n\n<figure class=\" wp-block-image alignwide size-full eplus-wrapper\"><img loading=\"lazy\" decoding=\"async\" width=\"1920\" height=\"339\" src=\"https:\/\/4manpro.com\/SPA\/wp-content\/uploads\/2026\/03\/Serie-ST.jpg\" alt=\"\" class=\"wp-image-35851\" srcset=\"https:\/\/4manpro.com\/SPA\/wp-content\/uploads\/2026\/03\/Serie-ST.jpg 1920w, https:\/\/4manpro.com\/SPA\/wp-content\/uploads\/2026\/03\/Serie-ST-300x53.jpg 300w, https:\/\/4manpro.com\/SPA\/wp-content\/uploads\/2026\/03\/Serie-ST-1024x181.jpg 1024w, https:\/\/4manpro.com\/SPA\/wp-content\/uploads\/2026\/03\/Serie-ST-768x136.jpg 768w, https:\/\/4manpro.com\/SPA\/wp-content\/uploads\/2026\/03\/Serie-ST-1536x271.jpg 1536w\" sizes=\"auto, (max-width: 1920px) 100vw, 1920px\" \/><\/figure>\n\n\n\n<hr class=\" wp-block-separator has-alpha-channel-opacity eplus-wrapper\"\/>\n\n\n\n<div class=\"wp-block-group alignwide eplus-wrapper is-layout-constrained wp-block-group-is-layout-constrained\"><figure class=\" wp-block-image alignleft size-full is-resized eplus-wrapper eplus-styles-uid-c73b55\"><img loading=\"lazy\" decoding=\"async\" width=\"512\" height=\"512\" src=\"https:\/\/4manpro.com\/SPA\/wp-content\/uploads\/2023\/12\/cropped-Logo-Cuadro-BLACK-5x5-1.jpg\" alt=\"\" class=\"wp-image-613\" style=\"width:200px\" srcset=\"https:\/\/4manpro.com\/SPA\/wp-content\/uploads\/2023\/12\/cropped-Logo-Cuadro-BLACK-5x5-1.jpg 512w, https:\/\/4manpro.com\/SPA\/wp-content\/uploads\/2023\/12\/cropped-Logo-Cuadro-BLACK-5x5-1-300x300.jpg 300w, https:\/\/4manpro.com\/SPA\/wp-content\/uploads\/2023\/12\/cropped-Logo-Cuadro-BLACK-5x5-1-150x150.jpg 150w, https:\/\/4manpro.com\/SPA\/wp-content\/uploads\/2023\/12\/cropped-Logo-Cuadro-BLACK-5x5-1-270x270.jpg 270w, https:\/\/4manpro.com\/SPA\/wp-content\/uploads\/2023\/12\/cropped-Logo-Cuadro-BLACK-5x5-1-192x192.jpg 192w, https:\/\/4manpro.com\/SPA\/wp-content\/uploads\/2023\/12\/cropped-Logo-Cuadro-BLACK-5x5-1-180x180.jpg 180w, https:\/\/4manpro.com\/SPA\/wp-content\/uploads\/2023\/12\/cropped-Logo-Cuadro-BLACK-5x5-1-32x32.jpg 32w\" sizes=\"auto, (max-width: 512px) 100vw, 512px\" \/><\/figure><\/div>\n\n\n<p class=\"alignwide eplus-wrapper eplus-styles-uid-cb9986 wp-block-paragraph\">Los <strong><em>Cuerpos <\/em><\/strong>de los <strong><em>Cabezales Para Machueleado<\/em><\/strong> distribuidos por <strong><mark style=\"background-color:rgba(0, 0, 0, 0);color:#ff6900\" class=\"has-inline-color\">4ManPro <\/mark><\/strong><em>(For Manufacturing Processes), <\/em>est\u00e1n fabricados de <strong><em>hierro fundido FC30<\/em><\/strong>, los cuales despu\u00e9s de ser sometidos a un exhaustiva revisi\u00f3n, son procesados mediante <strong><em>taladrado <\/em><\/strong>y <strong><em>bru\u00f1ido de precisi\u00f3n<\/em><\/strong>. Los husillos son fabricados a partir de aceros aleados sometidos a un <em>tratamiento t\u00e9rmico de alta frecuencia<\/em>.<\/p>\n\n<p class=\"alignwide eplus-wrapper eplus-styles-uid-cb9986 wp-block-paragraph\">Est\u00e1n ensamblados con rodamientos de precisi\u00f3n <strong><mark style=\"background-color:rgba(0, 0, 0, 0);color:#3e8ed0\" class=\"has-inline-color\">SKF<sup>\u00ae<\/sup> <\/mark><\/strong><em><mark style=\"background-color:rgba(0, 0, 0, 0);color:#3e8ed0\" class=\"has-inline-color\">(Alemania)<\/mark>,<\/em> <strong><mark style=\"background-color:rgba(0, 0, 0, 0);color:#3e8ed0\" class=\"has-inline-color\">NSK<sup>\u00ae<\/sup> <\/mark><\/strong><em><mark style=\"background-color:rgba(0, 0, 0, 0);color:#3e8ed0\" class=\"has-inline-color\">(Jap\u00f3n) <\/mark><\/em>y <strong><mark style=\"background-color:rgba(0, 0, 0, 0);color:#00a1e9\" class=\"has-inline-color\">TPI<sup>\u00ae<\/sup><\/mark><\/strong><em><mark style=\"background-color:rgba(0, 0, 0, 0);color:#00a1e9\" class=\"has-inline-color\"><strong> <\/strong>(Taiw\u00e1n)<\/mark><\/em> que mantienen la precisi\u00f3n de la punta del husillo en <em><strong>&lt; 0.02 mm.<\/strong><\/em><\/p>\n\n<p class=\"alignwide eplus-wrapper eplus-styles-uid-cb9986 wp-block-paragraph\">La <strong><em>Cabezales Para Machueleado<\/em><\/strong> para <em>Machueleado <\/em>de la <strong>Serie ST<\/strong> est\u00e1 dise\u00f1ada con transmisi\u00f3n por <em><mark style=\"background-color:rgba(0, 0, 0, 0);color:#ff6900\" class=\"has-inline-color\">Tornillo De Avance<\/mark><\/em>, <mark style=\"background-color:rgba(0, 0, 0, 0);color:#ff6900\" class=\"has-inline-color\"><em>Soporte De Corte De Rosca Autom\u00e1tico<\/em><\/mark> y <em><mark style=\"background-color:rgba(0, 0, 0, 0);color:#ff6900\" class=\"has-inline-color\">Mandril Macho De Flotaci\u00f3n<\/mark><\/em>. La capacidad m\u00e1xima de roscado seg\u00fan el modelo del cabezal es de <strong>M6 <\/strong><em>(S45C)<\/em>, <strong>M12 <\/strong><em>(S45C)<\/em>, <strong>M30 <\/strong><em>(S45C)<\/em> y <strong>M45 <\/strong><em>(S45C)<\/em>.<\/p>\n\n<p class=\"alignwide eplus-wrapper eplus-styles-uid-cb9986 wp-block-paragraph\">Los elementos que componen la <strong><em>Serie ST<\/em><\/strong> son descritos a continuaci\u00f3n:<\/p>\n\n\n<hr class=\"is-style-dots wp-block-separator has-alpha-channel-opacity eplus-wrapper\"\/>\n\n\n<p class=\"has-background eplus-wrapper eplus-styles-uid-22ec5e wp-block-paragraph\" style=\"background-color:#696969\">ELEMENTOS<\/p>\n\n<p class=\"has-background-color has-vivid-cyan-blue-background-color has-text-color has-background has-link-color eplus-wrapper wp-elements-8eca0639906caca3e4b09f6b04f1b29f eplus-styles-uid-a1f0b9 wp-block-paragraph\">SERIE ST<\/p>\n\n<div class=\"wp-block-columns alignwide eplus-wrapper is-layout-flex wp-container-core-columns-is-layout-f56f613f wp-block-columns-is-layout-flex eplus-styles-uid-333ecc\">\n<div class=\"wp-block-column eplus-wrapper is-layout-flow wp-block-column-is-layout-flow\">\n<figure class=\" wp-block-image size-full eplus-wrapper\"><img loading=\"lazy\" decoding=\"async\" width=\"827\" height=\"827\" src=\"https:\/\/4manpro.com\/SPA\/wp-content\/uploads\/2026\/03\/Serie-ST1N-1.jpg\" alt=\"\" class=\"wp-image-35482\" srcset=\"https:\/\/4manpro.com\/SPA\/wp-content\/uploads\/2026\/03\/Serie-ST1N-1.jpg 827w, https:\/\/4manpro.com\/SPA\/wp-content\/uploads\/2026\/03\/Serie-ST1N-1-300x300.jpg 300w, https:\/\/4manpro.com\/SPA\/wp-content\/uploads\/2026\/03\/Serie-ST1N-1-150x150.jpg 150w, https:\/\/4manpro.com\/SPA\/wp-content\/uploads\/2026\/03\/Serie-ST1N-1-768x768.jpg 768w\" sizes=\"auto, (max-width: 827px) 100vw, 827px\" \/><\/figure>\n<\/div>\n\n\n\n<div class=\"wp-block-column is-vertically-aligned-center eplus-wrapper is-layout-flow wp-block-column-is-layout-flow\"><ul class=\" wp-block-list eplus-wrapper eplus-styles-uid-1de36e\"><li class=\" eplus-wrapper eplus-styles-uid-ef4c77\"><a href=\"https:\/\/4manpro.com\/SPA\/machueleado-perforado\/serie-st\/st1n-50\/\" data-type=\"page\" data-id=\"1858\"><mark style=\"background-color:rgba(0, 0, 0, 0);color:#0693e3\" class=\"has-inline-color\">ST0N-50<\/mark><\/a><ul class=\" wp-block-list eplus-wrapper eplus-styles-uid-fb5bc2\"><li class=\" eplus-wrapper eplus-styles-uid-97b93b\"><mark style=\"background-color:rgba(0, 0, 0, 0)\" class=\"has-inline-color has-foreground-color\">Carrera M\u00e1xima Del Husillo: <\/mark><ul class=\" wp-block-list eplus-wrapper eplus-styles-uid-6ae441\"><li class=\" eplus-wrapper eplus-styles-uid-0fa5d9\"><em>50.00 mm.<\/em><\/li><\/ul><\/li>\n\n<li class=\" eplus-wrapper eplus-styles-uid-b14b53\"><mark style=\"background-color:rgba(0, 0, 0, 0)\" class=\"has-inline-color has-foreground-color\">Capacidad M\u00e1xima De Machueleado: <\/mark><ul class=\" wp-block-list eplus-wrapper eplus-styles-uid-5af0d7\"><li class=\" eplus-wrapper eplus-styles-uid-0fa5d9\"><em>M6<\/em><\/li><\/ul><\/li>\n\n<li class=\" eplus-wrapper eplus-styles-uid-b14b53\"><mark style=\"background-color:rgba(0, 0, 0, 0)\" class=\"has-inline-color has-foreground-color\">Potencia M\u00e1xima De L\u00ednea: <\/mark><ul class=\" wp-block-list eplus-wrapper eplus-styles-uid-3d1d11\"><li class=\" eplus-wrapper eplus-styles-uid-0fa5d9\"><em>\u00bd H.P.<\/em><\/li><\/ul><\/li>\n\n<li class=\" eplus-wrapper eplus-styles-uid-b14b53\"><mark style=\"background-color:rgba(0, 0, 0, 0)\" class=\"has-inline-color has-foreground-color\">Pasos Del Tornillo Patr\u00f3n: <\/mark><ul class=\" wp-block-list eplus-wrapper eplus-styles-uid-e782e3\"><li class=\" eplus-wrapper eplus-styles-uid-0fa5d9\"><em>0.25 mm ~ 1.25 mm.<\/em><\/li><\/ul><\/li><\/ul><\/li><\/ul><\/div>\n\n\n\n<div class=\"wp-block-column is-vertically-aligned-center eplus-wrapper is-layout-flow wp-block-column-is-layout-flow\"><ul class=\" wp-block-list eplus-wrapper eplus-styles-uid-362c1d\"><li class=\" eplus-wrapper eplus-styles-uid-ef4c77\"><a href=\"https:\/\/4manpro.com\/SPA\/machueleado-perforado\/serie-st\/st1n-65\/\" data-type=\"page\" data-id=\"1870\"><mark style=\"background-color:rgba(0, 0, 0, 0);color:#0693e3\" class=\"has-inline-color\">ST1N-65<\/mark><\/a><ul class=\" wp-block-list eplus-wrapper eplus-styles-uid-cf6166\"><li class=\" eplus-wrapper eplus-styles-uid-97b93b\"><mark style=\"background-color:rgba(0, 0, 0, 0)\" class=\"has-inline-color has-foreground-color\">Carrera M\u00e1xima Del Husillo: <\/mark><ul class=\" wp-block-list eplus-wrapper eplus-styles-uid-64660f\"><li class=\" eplus-wrapper eplus-styles-uid-0fa5d9\"><em>65.00 mm.<\/em><\/li><\/ul><\/li>\n\n<li class=\" eplus-wrapper eplus-styles-uid-b14b53\"><mark style=\"background-color:rgba(0, 0, 0, 0)\" class=\"has-inline-color has-foreground-color\">Capacidad M\u00e1xima De Machueleado: <\/mark><ul class=\" wp-block-list eplus-wrapper eplus-styles-uid-68198f\"><li class=\" eplus-wrapper eplus-styles-uid-0fa5d9\"><em>M12<\/em><\/li><\/ul><\/li>\n\n<li class=\" eplus-wrapper eplus-styles-uid-b14b53\"><mark style=\"background-color:rgba(0, 0, 0, 0)\" class=\"has-inline-color has-foreground-color\">Potencia M\u00e1xima De L\u00ednea: <\/mark><ul class=\" wp-block-list eplus-wrapper eplus-styles-uid-29451f\"><li class=\" eplus-wrapper eplus-styles-uid-0fa5d9\"><em>1 H.P.<\/em><\/li><\/ul><\/li>\n\n<li class=\" eplus-wrapper eplus-styles-uid-b14b53\"><mark style=\"background-color:rgba(0, 0, 0, 0)\" class=\"has-inline-color has-foreground-color\">Pasos Del Tornillo Patr\u00f3n: <\/mark><ul class=\" wp-block-list eplus-wrapper eplus-styles-uid-305deb\"><li class=\" eplus-wrapper eplus-styles-uid-0fa5d9\"><em>0.40 mm ~ 2.00 mm.<\/em><\/li><\/ul><\/li><\/ul><\/li><\/ul><\/div>\n<\/div>\n\n<div class=\"wp-block-columns alignwide eplus-wrapper is-layout-flex wp-container-core-columns-is-layout-f56f613f wp-block-columns-is-layout-flex eplus-styles-uid-373880\">\n<div class=\"wp-block-column is-vertically-aligned-center eplus-wrapper is-layout-flow wp-block-column-is-layout-flow\"><ul class=\" wp-block-list eplus-wrapper eplus-styles-uid-2f268b\"><li class=\" eplus-wrapper eplus-styles-uid-ef4c77\"><a href=\"https:\/\/4manpro.com\/SPA\/machueleado-perforado\/serie-st\/st2n-85\/\" data-type=\"page\" data-id=\"1876\"><mark style=\"background-color:rgba(0, 0, 0, 0);color:#0693e3\" class=\"has-inline-color\">ST2N-85<\/mark><\/a><ul class=\" wp-block-list eplus-wrapper eplus-styles-uid-88fd32\"><li class=\" eplus-wrapper eplus-styles-uid-97b93b\"><mark style=\"background-color:rgba(0, 0, 0, 0)\" class=\"has-inline-color has-foreground-color\">Carrera M\u00e1xima Del Husillo: <\/mark><ul class=\" wp-block-list eplus-wrapper eplus-styles-uid-7893e9\"><li class=\" eplus-wrapper eplus-styles-uid-0fa5d9\"><em>85.0<\/em><em>0 mm.<\/em><\/li><\/ul><\/li>\n\n<li class=\" eplus-wrapper eplus-styles-uid-b14b53\"><mark style=\"background-color:rgba(0, 0, 0, 0)\" class=\"has-inline-color has-foreground-color\">Capacidad M\u00e1xima De Machueleado: <\/mark><ul class=\" wp-block-list eplus-wrapper eplus-styles-uid-2663a8\"><li class=\" eplus-wrapper eplus-styles-uid-0fa5d9\"><em>M30<\/em><\/li><\/ul><\/li>\n\n<li class=\" eplus-wrapper eplus-styles-uid-b14b53\"><mark style=\"background-color:rgba(0, 0, 0, 0)\" class=\"has-inline-color has-foreground-color\">Potencia M\u00e1xima De L\u00ednea: <\/mark><ul class=\" wp-block-list eplus-wrapper eplus-styles-uid-7d9eb0\"><li class=\" eplus-wrapper eplus-styles-uid-0fa5d9\"><em>2 H.P.<\/em><\/li><\/ul><\/li>\n\n<li class=\" eplus-wrapper eplus-styles-uid-b14b53\"><mark style=\"background-color:rgba(0, 0, 0, 0)\" class=\"has-inline-color has-foreground-color\">Pasos Del Tornillo Patr\u00f3n: <\/mark><ul class=\" wp-block-list eplus-wrapper eplus-styles-uid-334498\"><li class=\" eplus-wrapper eplus-styles-uid-0fa5d9\"><em>0.70 mm ~ 2.50 mm<\/em><\/li><\/ul><\/li><\/ul><\/li><\/ul><\/div>\n\n\n\n<div class=\"wp-block-column is-vertically-aligned-center eplus-wrapper is-layout-flow wp-block-column-is-layout-flow\"><ul class=\" wp-block-list eplus-wrapper eplus-styles-uid-a493a8\"><li class=\" eplus-wrapper eplus-styles-uid-ef4c77\"><a href=\"https:\/\/4manpro.com\/SPA\/machueleado-perforado\/serie-st\/st3n-90\/\" data-type=\"page\" data-id=\"1882\"><mark style=\"background-color:rgba(0, 0, 0, 0);color:#0693e3\" class=\"has-inline-color\">ST3N-90<\/mark><\/a><ul class=\" wp-block-list eplus-wrapper eplus-styles-uid-1cf1c3\"><li class=\" eplus-wrapper eplus-styles-uid-97b93b\"><mark style=\"background-color:rgba(0, 0, 0, 0)\" class=\"has-inline-color has-foreground-color\">Carrera M\u00e1xima Del Husillo: <\/mark><ul class=\" wp-block-list eplus-wrapper eplus-styles-uid-4dc103\"><li class=\" eplus-wrapper eplus-styles-uid-0fa5d9\"><em>90.00 mm.<\/em><\/li><\/ul><\/li>\n\n<li class=\" eplus-wrapper eplus-styles-uid-97b93b\"><mark style=\"background-color:rgba(0, 0, 0, 0)\" class=\"has-inline-color has-foreground-color\">Capacidad M\u00e1xima De Machueleado: <\/mark><ul class=\" wp-block-list eplus-wrapper eplus-styles-uid-7fee6b\"><li class=\" eplus-wrapper eplus-styles-uid-0fa5d9\"><em>M45<\/em><\/li><\/ul><\/li>\n\n<li class=\" eplus-wrapper eplus-styles-uid-97b93b\"><mark style=\"background-color:rgba(0, 0, 0, 0)\" class=\"has-inline-color has-foreground-color\">Potencia M\u00e1xima De L\u00ednea: <\/mark><ul class=\" wp-block-list eplus-wrapper eplus-styles-uid-50b6af\"><li class=\" eplus-wrapper eplus-styles-uid-0fa5d9\"><em>2 H.P.<\/em><\/li><\/ul><\/li>\n\n<li class=\" eplus-wrapper eplus-styles-uid-97b93b\"><mark style=\"background-color:rgba(0, 0, 0, 0)\" class=\"has-inline-color has-foreground-color\">Pasos Del Tornillo Patr\u00f3n: <\/mark><ul class=\" wp-block-list eplus-wrapper eplus-styles-uid-1953c3\"><li class=\" eplus-wrapper eplus-styles-uid-0fa5d9\"><em>0.80 mm ~ 3.00 mm.<\/em><\/li><\/ul><\/li><\/ul><\/li><\/ul><\/div>\n\n\n\n<div class=\"wp-block-column eplus-wrapper is-layout-flow wp-block-column-is-layout-flow\">\n<figure class=\" wp-block-image size-full eplus-wrapper\"><img loading=\"lazy\" decoding=\"async\" width=\"827\" height=\"827\" src=\"https:\/\/4manpro.com\/SPA\/wp-content\/uploads\/2026\/03\/Serie-ST3N-1-1.jpg\" alt=\"\" class=\"wp-image-35832\" srcset=\"https:\/\/4manpro.com\/SPA\/wp-content\/uploads\/2026\/03\/Serie-ST3N-1-1.jpg 827w, https:\/\/4manpro.com\/SPA\/wp-content\/uploads\/2026\/03\/Serie-ST3N-1-1-300x300.jpg 300w, https:\/\/4manpro.com\/SPA\/wp-content\/uploads\/2026\/03\/Serie-ST3N-1-1-150x150.jpg 150w, https:\/\/4manpro.com\/SPA\/wp-content\/uploads\/2026\/03\/Serie-ST3N-1-1-768x768.jpg 768w\" sizes=\"auto, (max-width: 827px) 100vw, 827px\" \/><\/figure>\n<\/div>\n<\/div>\n\n<p class=\"has-background eplus-wrapper eplus-styles-uid-e82381 wp-block-paragraph\" style=\"background-color:#dadada\">*** Existen elementos para poder extender la <strong>carrera total<\/strong> del <strong>Cabezal de Machueleado<\/strong> bajo solicitud del usuario.<\/p>","protected":false},"excerpt":{"rendered":"<p>Los Cuerpos de los Cabezales Para Machueleado distribuidos por 4ManPro (For Manufacturing Processes), est\u00e1n fabricados de hierro fundido FC30, los cuales despu\u00e9s de ser sometidos a un exhaustiva revisi\u00f3n, son procesados mediante taladrado y bru\u00f1ido de precisi\u00f3n. Los husillos son fabricados a partir de aceros aleados sometidos a un tratamiento t\u00e9rmico de alta frecuencia. Est\u00e1n [&hellip;]<\/p>\n","protected":false},"author":1,"featured_media":0,"parent":110,"menu_order":0,"comment_status":"closed","ping_status":"closed","template":"principal-cuadros-individuales-2","meta":{"_crdt_document":"","editor_plus_copied_stylings":"{}","footnotes":""},"class_list":["post-2073","page","type-page","status-publish","hentry"],"_links":{"self":[{"href":"https:\/\/4manpro.com\/SPA\/wp-json\/wp\/v2\/pages\/2073","targetHints":{"allow":["GET"]}}],"collection":[{"href":"https:\/\/4manpro.com\/SPA\/wp-json\/wp\/v2\/pages"}],"about":[{"href":"https:\/\/4manpro.com\/SPA\/wp-json\/wp\/v2\/types\/page"}],"author":[{"embeddable":true,"href":"https:\/\/4manpro.com\/SPA\/wp-json\/wp\/v2\/users\/1"}],"replies":[{"embeddable":true,"href":"https:\/\/4manpro.com\/SPA\/wp-json\/wp\/v2\/comments?post=2073"}],"version-history":[{"count":68,"href":"https:\/\/4manpro.com\/SPA\/wp-json\/wp\/v2\/pages\/2073\/revisions"}],"predecessor-version":[{"id":35854,"href":"https:\/\/4manpro.com\/SPA\/wp-json\/wp\/v2\/pages\/2073\/revisions\/35854"}],"up":[{"embeddable":true,"href":"https:\/\/4manpro.com\/SPA\/wp-json\/wp\/v2\/pages\/110"}],"wp:attachment":[{"href":"https:\/\/4manpro.com\/SPA\/wp-json\/wp\/v2\/media?parent=2073"}],"curies":[{"name":"wp","href":"https:\/\/api.w.org\/{rel}","templated":true}]}}