{"id":19854,"date":"2024-10-28T19:48:27","date_gmt":"2024-10-29T01:48:27","guid":{"rendered":"https:\/\/4manpro.com\/SPA\/?page_id=19854"},"modified":"2025-03-11T21:26:32","modified_gmt":"2025-03-12T03:26:32","slug":"ck-4manpro-tabla","status":"publish","type":"page","link":"https:\/\/4manpro.com\/SPA\/descargas-principal\/archivos-para-diseno\/dibujos-elementos-3d\/ck-4manpro-tabla\/","title":{"rendered":"CK 4ManPro TABLA"},"content":{"rendered":"<p class=\"has-text-align-center has-background-color has-text-color has-background has-link-color eplus-wrapper wp-elements-f356c3adcb418464728dab5eb03a4c5d eplus-styles-uid-211d23 wp-block-paragraph\" style=\"background-color:#a3a3a3\">CK<\/p>\n\n<figure class=\"is-style-stripes  wp-block-table alignwide eplus-wrapper eplus-styles-uid-8735f3\" style=\"font-size:16px;font-style:normal;font-weight:300;line-height:1\"><table class=\"has-border-color has-foreground-border-color has-fixed-layout\" style=\"border-style:solid;border-width:1px\"><thead><tr><th class=\"has-text-align-center\" data-align=\"center\"><mark style=\"background-color:rgba(0, 0, 0, 0);color:#ff7805\" class=\"has-inline-color\">MODELO<\/mark><br><br>MODEL<\/th><th class=\"has-text-align-center\" data-align=\"center\"><mark style=\"background-color:rgba(0, 0, 0, 0);color:#ff7805\" class=\"has-inline-color\"><strong>CK-200<\/strong><\/mark><\/th><\/tr><\/thead><tbody><tr><td class=\"has-text-align-center\" data-align=\"center\"><strong>CARGA M\u00c1XIMA<\/strong><br><br>MAXIMUM LOAD<\/td><td class=\"has-text-align-center\" data-align=\"center\"><em><mark style=\"background-color:rgba(0, 0, 0, 0);color:#ff7805\" class=\"has-inline-color\"><em><mark style=\"background-color:rgba(0, 0, 0, 0);color:#ff7805\" class=\"has-inline-color\"><em><mark style=\"background-color:rgba(0, 0, 0, 0);color:#ff7805\" class=\"has-inline-color\">150.00 Kg<\/mark><\/em><\/mark><\/em><\/mark><\/em><\/td><\/tr><tr><td class=\"has-text-align-center\" data-align=\"center\"><strong><strong><strong><strong><strong><strong>CARRERA DE LA PLATAFORMA<\/strong><\/strong><\/strong><\/strong><\/strong><\/strong><br><br>PLATFORM STROKE<\/td><td class=\"has-text-align-center\" data-align=\"center\"><em><mark style=\"background-color:rgba(0, 0, 0, 0);color:#ff7805\" class=\"has-inline-color\"><em><mark style=\"background-color:rgba(0, 0, 0, 0);color:#ff7805\" class=\"has-inline-color\"><em><mark style=\"background-color:rgba(0, 0, 0, 0);color:#ff7805\" class=\"has-inline-color\"><em><mark style=\"background-color:rgba(0, 0, 0, 0);color:#ff7805\" class=\"has-inline-color\"><em><mark style=\"background-color:rgba(0, 0, 0, 0);color:#ff7805\" class=\"has-inline-color\"><em><mark style=\"background-color:rgba(0, 0, 0, 0);color:#ff7805\" class=\"has-inline-color\"><em><mark style=\"background-color:rgba(0, 0, 0, 0);color:#ff7805\" class=\"has-inline-color\"><em><mark style=\"background-color:rgba(0, 0, 0, 0);color:#ff7805\" class=\"has-inline-color\"><em><mark style=\"background-color:rgba(0, 0, 0, 0);color:#ff7805\" class=\"has-inline-color\"><em><mark style=\"background-color:rgba(0, 0, 0, 0);color:#ff7805\" class=\"has-inline-color\"><em><mark style=\"background-color:rgba(0, 0, 0, 0);color:#ff7805\" class=\"has-inline-color\"><em><mark style=\"background-color:rgba(0, 0, 0, 0);color:#ff7805\" class=\"has-inline-color\"><em><mark style=\"background-color:rgba(0, 0, 0, 0);color:#ff7805\" class=\"has-inline-color\"><em><mark style=\"background-color:rgba(0, 0, 0, 0);color:#ff7805\" class=\"has-inline-color\"><em><mark style=\"background-color:rgba(0, 0, 0, 0);color:#ff7805\" class=\"has-inline-color\"><em><mark style=\"background-color:rgba(0, 0, 0, 0);color:#ff7805\" class=\"has-inline-color\"><em><mark style=\"background-color:rgba(0, 0, 0, 0);color:#ff7805\" class=\"has-inline-color\"><em><mark style=\"background-color:rgba(0, 0, 0, 0);color:#ff7805\" class=\"has-inline-color\"><em><mark style=\"background-color:rgba(0, 0, 0, 0);color:#ff7805\" class=\"has-inline-color\"><em><mark style=\"background-color:rgba(0, 0, 0, 0);color:#ff7805\" class=\"has-inline-color\"><em><mark style=\"background-color:rgba(0, 0, 0, 0);color:#ff7805\" class=\"has-inline-color\"><em><mark style=\"background-color:rgba(0, 0, 0, 0);color:#ff7805\" class=\"has-inline-color\"><em><mark style=\"background-color:rgba(0, 0, 0, 0);color:#ff7805\" class=\"has-inline-color\"><em><mark style=\"background-color:rgba(0, 0, 0, 0);color:#ff7805\" class=\"has-inline-color\">60.00 mm<\/mark><\/em><\/mark><\/em><\/mark><\/em><\/mark><\/em><\/mark><\/em><\/mark><\/em><\/mark><\/em><\/mark><\/em><\/mark><\/em><\/mark><\/em><\/mark><\/em><\/mark><\/em><\/mark><\/em><\/mark><\/em><\/mark><\/em><\/mark><\/em><\/mark><\/em><\/mark><\/em><\/mark><\/em><\/mark><\/em><\/mark><\/em><\/mark><\/em><\/mark><\/em><\/mark><\/em><\/td><\/tr><tr><td class=\"has-text-align-center\" data-align=\"center\"><strong>ALTURA M\u00cdNIMA<\/strong><br><br>MINIMUM HEIGHT<\/td><td class=\"has-text-align-center\" data-align=\"center\"><em><mark style=\"background-color:rgba(0, 0, 0, 0);color:#ff7805\" class=\"has-inline-color\"><em><mark style=\"background-color:rgba(0, 0, 0, 0);color:#ff7805\" class=\"has-inline-color\"><em><mark style=\"background-color:rgba(0, 0, 0, 0);color:#ff7805\" class=\"has-inline-color\"><em><mark style=\"background-color:rgba(0, 0, 0, 0);color:#ff7805\" class=\"has-inline-color\"><em><mark style=\"background-color:rgba(0, 0, 0, 0);color:#ff7805\" class=\"has-inline-color\"><em><mark style=\"background-color:rgba(0, 0, 0, 0);color:#ff7805\" class=\"has-inline-color\"><em><mark style=\"background-color:rgba(0, 0, 0, 0);color:#ff7805\" class=\"has-inline-color\"><em><mark style=\"background-color:rgba(0, 0, 0, 0);color:#ff7805\" class=\"has-inline-color\"><em><mark style=\"background-color:rgba(0, 0, 0, 0);color:#ff7805\" class=\"has-inline-color\"><em><mark style=\"background-color:rgba(0, 0, 0, 0);color:#ff7805\" class=\"has-inline-color\"><em><mark style=\"background-color:rgba(0, 0, 0, 0);color:#ff7805\" class=\"has-inline-color\"><em><mark style=\"background-color:rgba(0, 0, 0, 0);color:#ff7805\" class=\"has-inline-color\"><em><mark style=\"background-color:rgba(0, 0, 0, 0);color:#ff7805\" class=\"has-inline-color\"><em><mark style=\"background-color:rgba(0, 0, 0, 0);color:#ff7805\" class=\"has-inline-color\"><em><mark style=\"background-color:rgba(0, 0, 0, 0);color:#ff7805\" class=\"has-inline-color\"><em><mark style=\"background-color:rgba(0, 0, 0, 0);color:#ff7805\" class=\"has-inline-color\"><em><mark style=\"background-color:rgba(0, 0, 0, 0);color:#ff7805\" class=\"has-inline-color\"><em><mark style=\"background-color:rgba(0, 0, 0, 0);color:#ff7805\" class=\"has-inline-color\"><em><mark style=\"background-color:rgba(0, 0, 0, 0);color:#ff7805\" class=\"has-inline-color\"><em><mark style=\"background-color:rgba(0, 0, 0, 0);color:#ff7805\" class=\"has-inline-color\"><em><mark style=\"background-color:rgba(0, 0, 0, 0);color:#ff7805\" class=\"has-inline-color\"><em><mark style=\"background-color:rgba(0, 0, 0, 0);color:#ff7805\" class=\"has-inline-color\"><em><mark style=\"background-color:rgba(0, 0, 0, 0);color:#ff7805\" class=\"has-inline-color\"><em><mark style=\"background-color:rgba(0, 0, 0, 0);color:#ff7805\" class=\"has-inline-color\">205.00 mm<\/mark><\/em><\/mark><\/em><\/mark><\/em><\/mark><\/em><\/mark><\/em><\/mark><\/em><\/mark><\/em><\/mark><\/em><\/mark><\/em><\/mark><\/em><\/mark><\/em><\/mark><\/em><\/mark><\/em><\/mark><\/em><\/mark><\/em><\/mark><\/em><\/mark><\/em><\/mark><\/em><\/mark><\/em><\/mark><\/em><\/mark><\/em><\/mark><\/em><\/mark><\/em><\/mark><\/em><\/td><\/tr><tr><td class=\"has-text-align-center\" data-align=\"center\"><strong><strong><strong><strong>ALTURA M\u00c1XIMA<\/strong><\/strong><\/strong><\/strong><br><br>MAXIMUM HEIGHT<\/td><td class=\"has-text-align-center\" data-align=\"center\"><em><mark style=\"background-color:rgba(0, 0, 0, 0);color:#ff7805\" class=\"has-inline-color\"><em><mark style=\"background-color:rgba(0, 0, 0, 0);color:#ff7805\" class=\"has-inline-color\"><em><mark style=\"background-color:rgba(0, 0, 0, 0);color:#ff7805\" class=\"has-inline-color\"><em><mark style=\"background-color:rgba(0, 0, 0, 0);color:#ff7805\" class=\"has-inline-color\"><em><mark style=\"background-color:rgba(0, 0, 0, 0);color:#ff7805\" class=\"has-inline-color\"><em><mark style=\"background-color:rgba(0, 0, 0, 0);color:#ff7805\" class=\"has-inline-color\"><em><mark style=\"background-color:rgba(0, 0, 0, 0);color:#ff7805\" class=\"has-inline-color\"><em><mark style=\"background-color:rgba(0, 0, 0, 0);color:#ff7805\" class=\"has-inline-color\"><em><mark style=\"background-color:rgba(0, 0, 0, 0);color:#ff7805\" class=\"has-inline-color\"><em><mark style=\"background-color:rgba(0, 0, 0, 0);color:#ff7805\" class=\"has-inline-color\"><em><mark style=\"background-color:rgba(0, 0, 0, 0);color:#ff7805\" class=\"has-inline-color\"><em><mark style=\"background-color:rgba(0, 0, 0, 0);color:#ff7805\" class=\"has-inline-color\"><em><mark style=\"background-color:rgba(0, 0, 0, 0);color:#ff7805\" class=\"has-inline-color\"><em><mark style=\"background-color:rgba(0, 0, 0, 0);color:#ff7805\" class=\"has-inline-color\"><em><mark style=\"background-color:rgba(0, 0, 0, 0);color:#ff7805\" class=\"has-inline-color\"><em><mark style=\"background-color:rgba(0, 0, 0, 0);color:#ff7805\" class=\"has-inline-color\"><em><mark style=\"background-color:rgba(0, 0, 0, 0);color:#ff7805\" class=\"has-inline-color\"><em><mark style=\"background-color:rgba(0, 0, 0, 0);color:#ff7805\" class=\"has-inline-color\"><em><mark style=\"background-color:rgba(0, 0, 0, 0);color:#ff7805\" class=\"has-inline-color\"><em><mark style=\"background-color:rgba(0, 0, 0, 0);color:#ff7805\" class=\"has-inline-color\"><em><mark style=\"background-color:rgba(0, 0, 0, 0);color:#ff7805\" class=\"has-inline-color\"><em><mark style=\"background-color:rgba(0, 0, 0, 0);color:#ff7805\" class=\"has-inline-color\"><em><mark style=\"background-color:rgba(0, 0, 0, 0);color:#ff7805\" class=\"has-inline-color\"><em><mark style=\"background-color:rgba(0, 0, 0, 0);color:#ff7805\" class=\"has-inline-color\"><em><mark style=\"background-color:rgba(0, 0, 0, 0);color:#ff7805\" class=\"has-inline-color\"><em><mark style=\"background-color:rgba(0, 0, 0, 0);color:#ff7805\" class=\"has-inline-color\"><em><mark style=\"background-color:rgba(0, 0, 0, 0);color:#ff7805\" class=\"has-inline-color\"><em><mark style=\"background-color:rgba(0, 0, 0, 0);color:#ff7805\" class=\"has-inline-color\"><em><mark style=\"background-color:rgba(0, 0, 0, 0);color:#ff7805\" class=\"has-inline-color\"><em><mark style=\"background-color:rgba(0, 0, 0, 0);color:#ff7805\" class=\"has-inline-color\"><em><mark style=\"background-color:rgba(0, 0, 0, 0);color:#ff7805\" class=\"has-inline-color\"><em><mark style=\"background-color:rgba(0, 0, 0, 0);color:#ff7805\" class=\"has-inline-color\"><em><mark style=\"background-color:rgba(0, 0, 0, 0);color:#ff7805\" class=\"has-inline-color\"><em><mark style=\"background-color:rgba(0, 0, 0, 0);color:#ff7805\" class=\"has-inline-color\"><em><mark style=\"background-color:rgba(0, 0, 0, 0);color:#ff7805\" class=\"has-inline-color\"><em><mark style=\"background-color:rgba(0, 0, 0, 0);color:#ff7805\" class=\"has-inline-color\"><em><mark style=\"background-color:rgba(0, 0, 0, 0);color:#ff7805\" class=\"has-inline-color\"><em><mark style=\"background-color:rgba(0, 0, 0, 0);color:#ff7805\" class=\"has-inline-color\"><em><mark style=\"background-color:rgba(0, 0, 0, 0);color:#ff7805\" class=\"has-inline-color\"><em><mark style=\"background-color:rgba(0, 0, 0, 0);color:#ff7805\" class=\"has-inline-color\"><em><mark style=\"background-color:rgba(0, 0, 0, 0);color:#ff7805\" class=\"has-inline-color\"><em><mark style=\"background-color:rgba(0, 0, 0, 0);color:#ff7805\" class=\"has-inline-color\"><em><mark style=\"background-color:rgba(0, 0, 0, 0);color:#ff7805\" class=\"has-inline-color\"><em><mark style=\"background-color:rgba(0, 0, 0, 0);color:#ff7805\" class=\"has-inline-color\"><em><mark style=\"background-color:rgba(0, 0, 0, 0);color:#ff7805\" class=\"has-inline-color\"><em><mark style=\"background-color:rgba(0, 0, 0, 0);color:#ff7805\" class=\"has-inline-color\"><em><mark style=\"background-color:rgba(0, 0, 0, 0);color:#ff7805\" class=\"has-inline-color\"><em><mark style=\"background-color:rgba(0, 0, 0, 0);color:#ff7805\" class=\"has-inline-color\"><em><mark style=\"background-color:rgba(0, 0, 0, 0);color:#ff7805\" class=\"has-inline-color\"><em><mark style=\"background-color:rgba(0, 0, 0, 0);color:#ff7805\" class=\"has-inline-color\"><em><mark style=\"background-color:rgba(0, 0, 0, 0);color:#ff7805\" class=\"has-inline-color\"><em><mark style=\"background-color:rgba(0, 0, 0, 0);color:#ff7805\" class=\"has-inline-color\"><em><mark style=\"background-color:rgba(0, 0, 0, 0);color:#ff7805\" class=\"has-inline-color\"><em><mark style=\"background-color:rgba(0, 0, 0, 0);color:#ff7805\" class=\"has-inline-color\"><em><mark style=\"background-color:rgba(0, 0, 0, 0);color:#ff7805\" class=\"has-inline-color\"><em><mark style=\"background-color:rgba(0, 0, 0, 0);color:#ff7805\" class=\"has-inline-color\"><em><mark style=\"background-color:rgba(0, 0, 0, 0);color:#ff7805\" class=\"has-inline-color\"><em><mark style=\"background-color:rgba(0, 0, 0, 0);color:#ff7805\" class=\"has-inline-color\"><em><mark style=\"background-color:rgba(0, 0, 0, 0);color:#ff7805\" class=\"has-inline-color\"><em><mark style=\"background-color:rgba(0, 0, 0, 0);color:#ff7805\" class=\"has-inline-color\"><em><mark style=\"background-color:rgba(0, 0, 0, 0);color:#ff7805\" class=\"has-inline-color\"><em><mark style=\"background-color:rgba(0, 0, 0, 0);color:#ff7805\" class=\"has-inline-color\"><em><mark style=\"background-color:rgba(0, 0, 0, 0);color:#ff7805\" class=\"has-inline-color\"><em><mark style=\"background-color:rgba(0, 0, 0, 0);color:#ff7805\" class=\"has-inline-color\"><em><mark style=\"background-color:rgba(0, 0, 0, 0);color:#ff7805\" class=\"has-inline-color\"><em><mark style=\"background-color:rgba(0, 0, 0, 0);color:#ff7805\" class=\"has-inline-color\"><em><mark style=\"background-color:rgba(0, 0, 0, 0);color:#ff7805\" class=\"has-inline-color\">265.00 mm<\/mark><\/em><\/mark><\/em><\/mark><\/em><\/mark><\/em><\/mark><\/em><\/mark><\/em><\/mark><\/em><\/mark><\/em><\/mark><\/em><\/mark><\/em><\/mark><\/em><\/mark><\/em><\/mark><\/em><\/mark><\/em><\/mark><\/em><\/mark><\/em><\/mark><\/em><\/mark><\/em><\/mark><\/em><\/mark><\/em><\/mark><\/em><\/mark><\/em><\/mark><\/em><\/mark><\/em><\/mark><\/em><\/mark><\/em><\/mark><\/em><\/mark><\/em><\/mark><\/em><\/mark><\/em><\/mark><\/em><\/mark><\/em><\/mark><\/em><\/mark><\/em><\/mark><\/em><\/mark><\/em><\/mark><\/em><\/mark><\/em><\/mark><\/em><\/mark><\/em><\/mark><\/em><\/mark><\/em><\/mark><\/em><\/mark><\/em><\/mark><\/em><\/mark><\/em><\/mark><\/em><\/mark><\/em><\/mark><\/em><\/mark><\/em><\/mark><\/em><\/mark><\/em><\/mark><\/em><\/mark><\/em><\/mark><\/em><\/mark><\/em><\/mark><\/em><\/mark><\/em><\/mark><\/em><\/mark><\/em><\/mark><\/em><\/mark><\/em><\/mark><\/em><\/mark><\/em><\/mark><\/em><\/mark><\/em><\/mark><\/em><\/td><\/tr><tr><td class=\"has-text-align-center\" data-align=\"center\"><mark style=\"background-color:rgba(0, 0, 0, 0);color:#ff7805\" class=\"has-inline-color\"><img loading=\"lazy\" decoding=\"async\" width=\"150\" height=\"45\" class=\"wp-image-19691\" style=\"width: 150px;\" src=\"https:\/\/4manpro.com\/SPA\/wp-content\/uploads\/2024\/10\/DESCARGA-PDF-1.jpg\" alt=\"\" srcset=\"https:\/\/4manpro.com\/SPA\/wp-content\/uploads\/2024\/10\/DESCARGA-PDF-1.jpg 1701w, https:\/\/4manpro.com\/SPA\/wp-content\/uploads\/2024\/10\/DESCARGA-PDF-1-300x90.jpg 300w, https:\/\/4manpro.com\/SPA\/wp-content\/uploads\/2024\/10\/DESCARGA-PDF-1-1024x308.jpg 1024w, https:\/\/4manpro.com\/SPA\/wp-content\/uploads\/2024\/10\/DESCARGA-PDF-1-768x231.jpg 768w, https:\/\/4manpro.com\/SPA\/wp-content\/uploads\/2024\/10\/DESCARGA-PDF-1-1536x462.jpg 1536w\" sizes=\"auto, (max-width: 150px) 100vw, 150px\" \/><\/mark><\/td><td class=\"has-text-align-center\" data-align=\"center\"><img loading=\"lazy\" decoding=\"async\" width=\"125\" height=\"31\" class=\"wp-image-19699\" style=\"width: 125px;\" src=\"https:\/\/4manpro.com\/SPA\/wp-content\/uploads\/2024\/10\/2D-PDF.jpg\" alt=\"\" srcset=\"https:\/\/4manpro.com\/SPA\/wp-content\/uploads\/2024\/10\/2D-PDF.jpg 1181w, https:\/\/4manpro.com\/SPA\/wp-content\/uploads\/2024\/10\/2D-PDF-300x75.jpg 300w, https:\/\/4manpro.com\/SPA\/wp-content\/uploads\/2024\/10\/2D-PDF-1024x256.jpg 1024w, https:\/\/4manpro.com\/SPA\/wp-content\/uploads\/2024\/10\/2D-PDF-768x192.jpg 768w\" sizes=\"auto, (max-width: 125px) 100vw, 125px\" \/><\/td><\/tr><tr><td class=\"has-text-align-center\" data-align=\"center\"><strong><strong><strong><strong><img loading=\"lazy\" decoding=\"async\" width=\"150\" height=\"45\" class=\"wp-image-19693\" style=\"width: 150px;\" src=\"https:\/\/4manpro.com\/SPA\/wp-content\/uploads\/2024\/10\/DESCARGA-DWG-1.jpg\" alt=\"\" srcset=\"https:\/\/4manpro.com\/SPA\/wp-content\/uploads\/2024\/10\/DESCARGA-DWG-1.jpg 1701w, https:\/\/4manpro.com\/SPA\/wp-content\/uploads\/2024\/10\/DESCARGA-DWG-1-300x90.jpg 300w, https:\/\/4manpro.com\/SPA\/wp-content\/uploads\/2024\/10\/DESCARGA-DWG-1-1024x308.jpg 1024w, https:\/\/4manpro.com\/SPA\/wp-content\/uploads\/2024\/10\/DESCARGA-DWG-1-768x231.jpg 768w, https:\/\/4manpro.com\/SPA\/wp-content\/uploads\/2024\/10\/DESCARGA-DWG-1-1536x462.jpg 1536w\" sizes=\"auto, (max-width: 150px) 100vw, 150px\" \/><\/strong><\/strong><\/strong><\/strong><\/td><td class=\"has-text-align-center\" data-align=\"center\"><img loading=\"lazy\" decoding=\"async\" width=\"125\" height=\"31\" class=\"wp-image-19701\" style=\"width: 125px;\" src=\"https:\/\/4manpro.com\/SPA\/wp-content\/uploads\/2024\/10\/2D-DWG.jpg\" alt=\"\" srcset=\"https:\/\/4manpro.com\/SPA\/wp-content\/uploads\/2024\/10\/2D-DWG.jpg 1181w, https:\/\/4manpro.com\/SPA\/wp-content\/uploads\/2024\/10\/2D-DWG-300x75.jpg 300w, https:\/\/4manpro.com\/SPA\/wp-content\/uploads\/2024\/10\/2D-DWG-1024x256.jpg 1024w, https:\/\/4manpro.com\/SPA\/wp-content\/uploads\/2024\/10\/2D-DWG-768x192.jpg 768w\" sizes=\"auto, (max-width: 125px) 100vw, 125px\" \/><\/td><\/tr><tr><td class=\"has-text-align-center\" data-align=\"center\"><img loading=\"lazy\" decoding=\"async\" width=\"150\" height=\"45\" class=\"wp-image-19442\" style=\"width: 150px;\" src=\"https:\/\/4manpro.com\/SPA\/wp-content\/uploads\/2024\/10\/DESCARGA-STP.jpg\" alt=\"\" srcset=\"https:\/\/4manpro.com\/SPA\/wp-content\/uploads\/2024\/10\/DESCARGA-STP.jpg 1701w, https:\/\/4manpro.com\/SPA\/wp-content\/uploads\/2024\/10\/DESCARGA-STP-300x90.jpg 300w, https:\/\/4manpro.com\/SPA\/wp-content\/uploads\/2024\/10\/DESCARGA-STP-1024x308.jpg 1024w, https:\/\/4manpro.com\/SPA\/wp-content\/uploads\/2024\/10\/DESCARGA-STP-768x231.jpg 768w, https:\/\/4manpro.com\/SPA\/wp-content\/uploads\/2024\/10\/DESCARGA-STP-1536x462.jpg 1536w\" sizes=\"auto, (max-width: 150px) 100vw, 150px\" \/><\/td><td class=\"has-text-align-center\" data-align=\"center\"><img loading=\"lazy\" decoding=\"async\" width=\"75\" height=\"37\" class=\"wp-image-19419\" style=\"width: 75px;\" src=\"https:\/\/4manpro.com\/SPA\/wp-content\/uploads\/2024\/10\/3D.jpg\" alt=\"\" srcset=\"https:\/\/4manpro.com\/SPA\/wp-content\/uploads\/2024\/10\/3D.jpg 591w, https:\/\/4manpro.com\/SPA\/wp-content\/uploads\/2024\/10\/3D-300x150.jpg 300w\" sizes=\"auto, (max-width: 75px) 100vw, 75px\" \/><\/td><\/tr><\/tbody><\/table><\/figure>","protected":false},"excerpt":{"rendered":"<p>CK MODELO MODEL CK-200 CARGA M\u00c1XIMA MAXIMUM LOAD 150.00 Kg CARRERA DE LA PLATAFORMA PLATFORM STROKE 60.00 mm ALTURA M\u00cdNIMA MINIMUM HEIGHT 205.00 mm ALTURA M\u00c1XIMA MAXIMUM HEIGHT 265.00 mm<\/p>\n","protected":false},"author":1,"featured_media":0,"parent":19368,"menu_order":11,"comment_status":"closed","ping_status":"closed","template":"tabla-4manpro-descargas","meta":{"_crdt_document":"","editor_plus_copied_stylings":"{}","footnotes":""},"class_list":["post-19854","page","type-page","status-publish","hentry"],"_links":{"self":[{"href":"https:\/\/4manpro.com\/SPA\/wp-json\/wp\/v2\/pages\/19854","targetHints":{"allow":["GET"]}}],"collection":[{"href":"https:\/\/4manpro.com\/SPA\/wp-json\/wp\/v2\/pages"}],"about":[{"href":"https:\/\/4manpro.com\/SPA\/wp-json\/wp\/v2\/types\/page"}],"author":[{"embeddable":true,"href":"https:\/\/4manpro.com\/SPA\/wp-json\/wp\/v2\/users\/1"}],"replies":[{"embeddable":true,"href":"https:\/\/4manpro.com\/SPA\/wp-json\/wp\/v2\/comments?post=19854"}],"version-history":[{"count":2,"href":"https:\/\/4manpro.com\/SPA\/wp-json\/wp\/v2\/pages\/19854\/revisions"}],"predecessor-version":[{"id":21964,"href":"https:\/\/4manpro.com\/SPA\/wp-json\/wp\/v2\/pages\/19854\/revisions\/21964"}],"up":[{"embeddable":true,"href":"https:\/\/4manpro.com\/SPA\/wp-json\/wp\/v2\/pages\/19368"}],"wp:attachment":[{"href":"https:\/\/4manpro.com\/SPA\/wp-json\/wp\/v2\/media?parent=19854"}],"curies":[{"name":"wp","href":"https:\/\/api.w.org\/{rel}","templated":true}]}}