{"id":17437,"date":"2024-09-19T20:03:41","date_gmt":"2024-09-20T02:03:41","guid":{"rendered":"https:\/\/4manpro.com\/SPA\/?page_id=17437"},"modified":"2026-04-04T21:51:00","modified_gmt":"2026-04-05T03:51:00","slug":"serie-hps-principal","status":"publish","type":"page","link":"https:\/\/4manpro.com\/SPA\/sistemas-de-sujecion\/serie-hps-principal\/","title":{"rendered":"SERIE HPS (PRINCIPAL)"},"content":{"rendered":"\n<div class=\"wp-block-buttons alignwide eplus-wrapper is-content-justification-space-between is-nowrap is-layout-flex wp-container-core-buttons-is-layout-4561150b wp-block-buttons-is-layout-flex\"><div style=\"--wp--block-button--width: 50;\" class=\"wp-block-button eplus-wrapper has-custom-width wp-block-button__width wp-block-button__width-50 eplus-styles-uid-3152d2\"><a class=\"wp-block-button__link has-foreground-color has-text-color has-background has-link-color wp-element-button\" href=\"http:\/\/WWW.4MANPRO.COM\/SPA\/\" style=\"background-color:#999999\">PRINCIPAL<\/a><\/div>\n\n<div style=\"--wp--block-button--width: 50;\" class=\"wp-block-button eplus-wrapper has-custom-width wp-block-button__width wp-block-button__width-50 eplus-styles-uid-b76ce1\"><a class=\"wp-block-button__link has-foreground-color has-background-background-color has-text-color has-background has-link-color wp-element-button\" href=\"https:\/\/4manpro.com\/SPA\/sistemas-de-sujecion\/\" style=\"background-color:#999999\">ATR\u00c1S<\/a><\/div>\n\n<div style=\"--wp--block-button--width: 50;\" class=\"wp-block-button eplus-wrapper has-custom-width wp-block-button__width wp-block-button__width-50 eplus-styles-uid-6eaecf\"><a class=\"wp-block-button__link has-background-color has-luminous-vivid-orange-background-color has-text-color has-background has-link-color wp-element-button\" href=\"https:\/\/www.4manpro.com\/clamp-fixture-devices\/hps-series\/\">ENGLISH<\/a><\/div><\/div>\n\n\n\n<figure class=\" wp-block-image alignwide size-full eplus-wrapper\"><img loading=\"lazy\" decoding=\"async\" width=\"2560\" height=\"453\" src=\"https:\/\/4manpro.com\/SPA\/wp-content\/uploads\/2024\/09\/Serie-HPS-scaled.jpg\" alt=\"\" class=\"wp-image-17438\" srcset=\"https:\/\/4manpro.com\/SPA\/wp-content\/uploads\/2024\/09\/Serie-HPS-scaled.jpg 2560w, https:\/\/4manpro.com\/SPA\/wp-content\/uploads\/2024\/09\/Serie-HPS-300x53.jpg 300w, https:\/\/4manpro.com\/SPA\/wp-content\/uploads\/2024\/09\/Serie-HPS-1024x181.jpg 1024w, https:\/\/4manpro.com\/SPA\/wp-content\/uploads\/2024\/09\/Serie-HPS-768x136.jpg 768w, https:\/\/4manpro.com\/SPA\/wp-content\/uploads\/2024\/09\/Serie-HPS-1536x272.jpg 1536w, https:\/\/4manpro.com\/SPA\/wp-content\/uploads\/2024\/09\/Serie-HPS-2048x362.jpg 2048w\" sizes=\"auto, (max-width: 2560px) 100vw, 2560px\" \/><\/figure>\n\n\n\n<hr class=\"is-style-default wp-block-separator alignwide has-alpha-channel-opacity eplus-wrapper\"\/>\n\n\n\n<div class=\"wp-block-group alignwide eplus-wrapper is-layout-constrained wp-block-group-is-layout-constrained\"><figure class=\" wp-block-image alignleft size-full is-resized eplus-wrapper eplus-styles-uid-77f467\"><img loading=\"lazy\" decoding=\"async\" width=\"1024\" height=\"1024\" src=\"https:\/\/4manpro.com\/SPA\/wp-content\/uploads\/2026\/04\/4MANPRO-BLUE.jpg\" alt=\"\" class=\"wp-image-37061\" style=\"width:200px\" srcset=\"https:\/\/4manpro.com\/SPA\/wp-content\/uploads\/2026\/04\/4MANPRO-BLUE.jpg 1024w, https:\/\/4manpro.com\/SPA\/wp-content\/uploads\/2026\/04\/4MANPRO-BLUE-300x300.jpg 300w, https:\/\/4manpro.com\/SPA\/wp-content\/uploads\/2026\/04\/4MANPRO-BLUE-150x150.jpg 150w, https:\/\/4manpro.com\/SPA\/wp-content\/uploads\/2026\/04\/4MANPRO-BLUE-768x768.jpg 768w\" sizes=\"auto, (max-width: 1024px) 100vw, 1024px\" \/><\/figure>\n\n<p class=\"has-text-align-center eplus-wrapper eplus-styles-uid-1f41d6 wp-block-paragraph\">CARACTERISTICAS DEL PRODUCTO<\/p>\n\n<p class=\"alignwide eplus-wrapper eplus-styles-uid-cb9986 wp-block-paragraph\">\u2022 V\u00e1stago: <mark style=\"background-color:rgba(0, 0, 0, 0);color:#ff7805\" class=\"has-inline-color\"><strong><em>\u00f825~\u00f863 mm<\/em><\/strong> <\/mark>\u00a0\u00a0\u00a0<\/p>\n\n<p class=\"alignwide eplus-wrapper eplus-styles-uid-cb9986 wp-block-paragraph\">\u2022 P<sub>max<\/sub> : <mark style=\"background-color:rgba(0, 0, 0, 0);color:#ff7805\" class=\"has-inline-color\"><strong><em>500 Kg\/cm\u00b2<\/em><\/strong><\/mark><\/p>\n\n<figure class=\" wp-block-image alignright size-full is-resized eplus-wrapper eplus-styles-uid-46703a\"><img loading=\"lazy\" decoding=\"async\" width=\"1024\" height=\"1024\" src=\"https:\/\/4manpro.com\/SPA\/wp-content\/uploads\/2026\/04\/4MANPRO-BLUE-AMAC-3D.jpg\" alt=\"\" class=\"wp-image-37060\" style=\"width:200px\" srcset=\"https:\/\/4manpro.com\/SPA\/wp-content\/uploads\/2026\/04\/4MANPRO-BLUE-AMAC-3D.jpg 1024w, https:\/\/4manpro.com\/SPA\/wp-content\/uploads\/2026\/04\/4MANPRO-BLUE-AMAC-3D-300x300.jpg 300w, https:\/\/4manpro.com\/SPA\/wp-content\/uploads\/2026\/04\/4MANPRO-BLUE-AMAC-3D-150x150.jpg 150w, https:\/\/4manpro.com\/SPA\/wp-content\/uploads\/2026\/04\/4MANPRO-BLUE-AMAC-3D-768x768.jpg 768w\" sizes=\"auto, (max-width: 1024px) 100vw, 1024px\" \/><\/figure>\n\n<p class=\"alignwide eplus-wrapper eplus-styles-uid-cb9986 wp-block-paragraph\">\u2022 La serie de cilindros de sujeci\u00f3n oscilantes es ideal para la sujeci\u00f3n de piezas de trabajo que requieren un espacio suficiente para una c\u00f3moda carga y descarga de piezas de trabajo y una sujeci\u00f3n de alta presi\u00f3n..<\/p>\n\n<p class=\"alignwide eplus-wrapper eplus-styles-uid-cb9986 wp-block-paragraph\">\u2022Proporciona movimiento de oscilaci\u00f3n (no sujeta la pieza de trabajo) y movimiento de sujeci\u00f3n vertical..<\/p>\n\n<figure class=\" wp-block-image alignleft size-full is-resized eplus-wrapper eplus-styles-uid-77f467\"><img decoding=\"async\" src=\"https:\/\/www.4manpro.com\/wp-content\/uploads\/2024\/09\/AMAC-CUADRO.jpg\" alt=\"\" class=\"wp-image-7572\" style=\"width:200px\"><\/figure>\n\n<p class=\"alignwide eplus-wrapper eplus-styles-uid-cb9986 wp-block-paragraph\">\u2022 El cilindro de sujeci\u00f3n oscilante utiliza un sello de aceite alem\u00e1n y piezas importadas. La superficie interior del cuerpo del cilindro tiene un tratamiento especial, lo que le confiere una suavidad m\u00e1xima, un alto rendimiento y una larga vida \u00fatil.<\/p>\n\n<p class=\"alignwide eplus-wrapper eplus-styles-uid-cb9986 wp-block-paragraph\">\u2022 Para obtener la velocidad m\u00e1xima de alimentaci\u00f3n de aceite, consulte las especificaciones. No exceda la velocidad de alimentaci\u00f3n de aceite para evitar una velocidad de giro demasiado alta. En caso de que se produzca una velocidad de giro inadecuada, se recomienda equipar con una v\u00e1lvula de control de flujo de aceite adicional para reducir la velocidad de alimentaci\u00f3n de aceite..<\/p>\n\n<p class=\"alignwide eplus-wrapper eplus-styles-uid-cb9986 wp-block-paragraph\">\u2022 Consulte el diagrama de comparaci\u00f3n entre la fuerza de sujeci\u00f3n efectiva y la presi\u00f3n de trabajo. No extienda la longitud del brazo oscilante tanto como desee.<\/p><\/div>\n\n\n\n<hr class=\"is-style-dots wp-block-separator has-alpha-channel-opacity eplus-wrapper\"\/>\n\n\n<p class=\"alignwide has-background eplus-wrapper eplus-styles-uid-420493 wp-block-paragraph\" style=\"background-color:#696969\">ELEMENTOS<\/p>\n\n<ul class=\" wp-block-list eplus-wrapper eplus-styles-uid-67fff4\"><li class=\" eplus-wrapper eplus-styles-uid-58f7e1\"><a href=\"https:\/\/4manpro.com\/SPA\/sistemas-de-sujecion\/serie-hps-principal\/serie-hps\/\" data-type=\"page\" data-id=\"11946\">SERIE <mark style=\"background-color:rgba(0, 0, 0, 0);color:#ff7805\" class=\"has-inline-color\">HPS<\/mark><\/a><ul class=\" wp-block-list eplus-wrapper eplus-styles-uid-8b8a04\">\n<li class=\" eplus-wrapper\">Cilindros de sujeci\u00f3n oscilantes hidr\u00e1ulicos de alta presi\u00f3n<\/li>\n<\/ul><\/li><\/ul>\n\n<ul class=\" wp-block-list eplus-wrapper eplus-styles-uid-0aef6a\"><li class=\" eplus-wrapper eplus-styles-uid-f7c54f\"><a href=\"https:\/\/4manpro.com\/SPA\/sistemas-de-sujecion\/serie-hps-principal\/hps-m\/\" data-type=\"page\" data-id=\"17448\">SERIE <mark style=\"background-color:rgba(0, 0, 0, 0);color:#ff7805\" class=\"has-inline-color\">HPS-M<\/mark><\/a><ul class=\" wp-block-list eplus-wrapper eplus-styles-uid-5a09ad\"><li class=\" eplus-wrapper eplus-styles-uid-1a559b\">Cilindros hidr\u00e1ulicos de sujeci\u00f3n oscilantes de alta presi\u00f3n CON COLECTOR<\/li><\/ul><\/li><\/ul>\n\n<ul class=\" wp-block-list eplus-wrapper eplus-styles-uid-0b6cf9\"><li class=\" eplus-wrapper eplus-styles-uid-58f7e1\"><a href=\"https:\/\/4manpro.com\/SPA\/sistemas-de-sujecion\/serie-hps-principal\/hps-tb\/\" data-type=\"page\" data-id=\"17455\">SERIE <mark style=\"background-color:rgba(0, 0, 0, 0);color:#ff7805\" class=\"has-inline-color\">HPS-TB<\/mark><\/a><ul class=\" wp-block-list eplus-wrapper eplus-styles-uid-a58d9d\"><li class=\" eplus-wrapper eplus-styles-uid-7b4388\">Cilindros hidr\u00e1ulicos de sujeci\u00f3n oscilantes de alta presi\u00f3n CON CUERPO ROSCADO<\/li><\/ul><\/li><\/ul>","protected":false},"excerpt":{"rendered":"<p>CARACTERISTICAS DEL PRODUCTO \u2022 V\u00e1stago: \u00f825~\u00f863 mm \u00a0\u00a0\u00a0 \u2022 Pmax : 500 Kg\/cm\u00b2 \u2022 La serie de cilindros de sujeci\u00f3n oscilantes es ideal para la sujeci\u00f3n de piezas de trabajo que requieren un espacio suficiente para una c\u00f3moda carga y descarga de piezas de trabajo y una sujeci\u00f3n de alta presi\u00f3n.. \u2022Proporciona movimiento de oscilaci\u00f3n [&hellip;]<\/p>\n","protected":false},"author":1,"featured_media":0,"parent":11004,"menu_order":0,"comment_status":"closed","ping_status":"closed","template":"principal-cuadros-individuales-2","meta":{"_crdt_document":"","editor_plus_copied_stylings":"{}","footnotes":""},"class_list":["post-17437","page","type-page","status-publish","hentry"],"_links":{"self":[{"href":"https:\/\/4manpro.com\/SPA\/wp-json\/wp\/v2\/pages\/17437","targetHints":{"allow":["GET"]}}],"collection":[{"href":"https:\/\/4manpro.com\/SPA\/wp-json\/wp\/v2\/pages"}],"about":[{"href":"https:\/\/4manpro.com\/SPA\/wp-json\/wp\/v2\/types\/page"}],"author":[{"embeddable":true,"href":"https:\/\/4manpro.com\/SPA\/wp-json\/wp\/v2\/users\/1"}],"replies":[{"embeddable":true,"href":"https:\/\/4manpro.com\/SPA\/wp-json\/wp\/v2\/comments?post=17437"}],"version-history":[{"count":17,"href":"https:\/\/4manpro.com\/SPA\/wp-json\/wp\/v2\/pages\/17437\/revisions"}],"predecessor-version":[{"id":37269,"href":"https:\/\/4manpro.com\/SPA\/wp-json\/wp\/v2\/pages\/17437\/revisions\/37269"}],"up":[{"embeddable":true,"href":"https:\/\/4manpro.com\/SPA\/wp-json\/wp\/v2\/pages\/11004"}],"wp:attachment":[{"href":"https:\/\/4manpro.com\/SPA\/wp-json\/wp\/v2\/media?parent=17437"}],"curies":[{"name":"wp","href":"https:\/\/api.w.org\/{rel}","templated":true}]}}