{"id":14679,"date":"2024-07-23T11:09:54","date_gmt":"2024-07-23T17:09:54","guid":{"rendered":"https:\/\/4manpro.com\/SPA\/?page_id=14679"},"modified":"2026-03-31T19:37:04","modified_gmt":"2026-04-01T01:37:04","slug":"serie-sm-husillos-compactos","status":"publish","type":"page","link":"https:\/\/4manpro.com\/SPA\/principal-general-duplicate\/servo-husillos-compactos\/serie-sm-husillos-compactos\/","title":{"rendered":"Serie SM (HUSILLOS COMPACTOS)"},"content":{"rendered":"\n<div class=\"wp-block-buttons alignwide eplus-wrapper is-content-justification-space-between is-nowrap is-layout-flex wp-container-core-buttons-is-layout-4561150b wp-block-buttons-is-layout-flex\"><div style=\"--wp--block-button--width: 50;\" class=\"wp-block-button eplus-wrapper has-custom-width wp-block-button__width wp-block-button__width-50 eplus-styles-uid-91f942\"><a class=\"wp-block-button__link has-foreground-color has-text-color has-background has-link-color wp-element-button\" href=\"https:\/\/4manpro.com\/SPA\/\" style=\"background-color:#696969\">PRINCIPAL<\/a><\/div>\n\n<div style=\"--wp--block-button--width: 50;\" class=\"wp-block-button eplus-wrapper has-custom-width wp-block-button__width wp-block-button__width-50 eplus-styles-uid-edf360\"><a class=\"wp-block-button__link has-foreground-color has-background-background-color has-text-color has-background has-link-color wp-element-button\" href=\"https:\/\/4manpro.com\/SPA\/home\/servo-husillos-compactos\/\" style=\"background-color:#696969\">ATR\u00c1S<\/a><\/div>\n\n<div style=\"--wp--block-button--width: 50;\" class=\"wp-block-button eplus-wrapper has-custom-width wp-block-button__width wp-block-button__width-50 eplus-styles-uid-4e3bf0\"><a class=\"wp-block-button__link has-luminous-vivid-orange-background-color has-background has-link-color wp-element-button\" href=\"https:\/\/www.4manpro.com\/princ-2\/drilling-tapping-spindle-heads\/sm-series-compact-spindles\/\">ENGLISH<\/a><\/div><\/div>\n\n\n\n<figure class=\" wp-block-image alignwide size-full eplus-wrapper\"><img loading=\"lazy\" decoding=\"async\" width=\"1920\" height=\"339\" src=\"https:\/\/4manpro.com\/SPA\/wp-content\/uploads\/2026\/03\/Serie-SM.jpg\" alt=\"\" class=\"wp-image-34693\" srcset=\"https:\/\/4manpro.com\/SPA\/wp-content\/uploads\/2026\/03\/Serie-SM.jpg 1920w, https:\/\/4manpro.com\/SPA\/wp-content\/uploads\/2026\/03\/Serie-SM-300x53.jpg 300w, https:\/\/4manpro.com\/SPA\/wp-content\/uploads\/2026\/03\/Serie-SM-1024x181.jpg 1024w, https:\/\/4manpro.com\/SPA\/wp-content\/uploads\/2026\/03\/Serie-SM-768x136.jpg 768w, https:\/\/4manpro.com\/SPA\/wp-content\/uploads\/2026\/03\/Serie-SM-1536x271.jpg 1536w\" sizes=\"auto, (max-width: 1920px) 100vw, 1920px\" \/><\/figure>\n\n\n\n<hr class=\"is-style-default wp-block-separator has-alpha-channel-opacity eplus-wrapper\"\/>\n\n\n\n<div class=\"wp-block-group alignwide eplus-wrapper is-layout-constrained wp-block-group-is-layout-constrained\"><figure class=\" wp-block-image alignleft size-full is-resized eplus-wrapper eplus-styles-uid-77f467\"><img loading=\"lazy\" decoding=\"async\" width=\"512\" height=\"512\" src=\"https:\/\/4manpro.com\/SPA\/wp-content\/uploads\/2026\/03\/LOGO-BLANCO-II-3D-3.jpg\" alt=\"\" class=\"wp-image-34469\" style=\"width:200px\" srcset=\"https:\/\/4manpro.com\/SPA\/wp-content\/uploads\/2026\/03\/LOGO-BLANCO-II-3D-3.jpg 512w, https:\/\/4manpro.com\/SPA\/wp-content\/uploads\/2026\/03\/LOGO-BLANCO-II-3D-3-300x300.jpg 300w, https:\/\/4manpro.com\/SPA\/wp-content\/uploads\/2026\/03\/LOGO-BLANCO-II-3D-3-150x150.jpg 150w\" sizes=\"auto, (max-width: 512px) 100vw, 512px\" \/><\/figure><\/div>\n\n\n<p class=\"alignwide eplus-wrapper eplus-styles-uid-a4593a wp-block-paragraph\">Los servo husillos compactos de <mark style=\"background-color:rgba(0, 0, 0, 0);color:#ff7805\" class=\"has-inline-color\"><strong>4ManPro<\/strong><sup>\u00ae<\/sup><\/mark> <em>(Elements For Manufacturing Processes) <\/em>a <em><mark style=\"background-color:rgba(0, 0, 0, 0);color:#ff7805\" class=\"has-inline-color\">Hann Kuen Machinery &amp; Hardware<\/mark> <\/em><strong>BRANCH OFFICE<\/strong>, representan una innovaci\u00f3n excepcional en la industria de la automatizaci\u00f3n. Estos dispositivos de precisi\u00f3n integran de manera eficiente la tecnolog\u00eda de servomotores y husillos, lo que garantiza un rendimiento superior en numerosas aplicaciones industriales.<\/p>\n\n<p class=\"alignwide eplus-wrapper eplus-styles-uid-a4593a wp-block-paragraph\">Una de las principales ventajas de los servo husillos compactos de <mark style=\"background-color:rgba(0, 0, 0, 0);color:#ff7805\" class=\"has-inline-color\"><strong>4ManPro<\/strong><sup>\u00ae<\/sup><\/mark> <em>(Elements For Manufacturing Processes), <\/em>a <em><strong>Hann Kuen Machinery &amp; Hardware<\/strong> <\/em><strong>BRANCH OFFICE<\/strong>, reside en su capacidad para ofrecer un control de posicionamiento altamente preciso y una respuesta din\u00e1mica excepcional. Gracias a la integraci\u00f3n de sistemas de retroalimentaci\u00f3n avanzados, estos dispositivos son capaces de mantener una alta precisi\u00f3n de posicionamiento incluso en entornos de trabajo exigentes.<\/p>\n\n<p class=\"alignwide eplus-wrapper eplus-styles-uid-a4593a wp-block-paragraph\">Adem\u00e1s, la tecnolog\u00eda innovadora utilizada en los servo husillos compactos de <mark style=\"background-color:rgba(0, 0, 0, 0);color:#ff7805\" class=\"has-inline-color\"><strong>4ManPro<\/strong><sup>\u00ae<\/sup><\/mark> <em>(Elements For Manufacturing Processes), <\/em>a <em><strong>Hann Kuen Machinery &amp; Hardware<\/strong> <\/em><strong><em>BRANCH OFFICE<\/em><\/strong><strong>,<\/strong> permite una mayor eficiencia energ\u00e9tica, lo que se traduce en un menor consumo de energ\u00eda y, por lo tanto, en costos operativos reducidos a largo plazo. Esta eficiencia se ve complementada por la durabilidad y fiabilidad de estos dispositivos, lo que los convierte en una opci\u00f3n ideal para aplicaciones industriales que requieren un funcionamiento continuo y fiable. Gracias a su preparaci\u00f3n para ser enfriado de manera continua por aceite, son capaces de trabajar de manera ininterrumpida sin sacrificar la precisi\u00f3n en el desempe\u00f1o del mismo.<\/p>\n\n\n<div class=\"wp-block-group alignwide eplus-wrapper is-layout-constrained wp-block-group-is-layout-constrained\"><figure class=\" wp-block-image alignright size-full is-resized eplus-wrapper eplus-styles-uid-c6c9fa\"><img loading=\"lazy\" decoding=\"async\" width=\"1024\" height=\"1024\" src=\"https:\/\/4manpro.com\/SPA\/wp-content\/uploads\/2026\/03\/4ManPro-3.jpg\" alt=\"\" class=\"wp-image-34534\" style=\"width:200px\" srcset=\"https:\/\/4manpro.com\/SPA\/wp-content\/uploads\/2026\/03\/4ManPro-3.jpg 1024w, https:\/\/4manpro.com\/SPA\/wp-content\/uploads\/2026\/03\/4ManPro-3-300x300.jpg 300w, https:\/\/4manpro.com\/SPA\/wp-content\/uploads\/2026\/03\/4ManPro-3-150x150.jpg 150w, https:\/\/4manpro.com\/SPA\/wp-content\/uploads\/2026\/03\/4ManPro-3-768x768.jpg 768w\" sizes=\"auto, (max-width: 1024px) 100vw, 1024px\" \/><\/figure><\/div>\n\n\n<p class=\"alignwide eplus-wrapper eplus-styles-uid-a4593a wp-block-paragraph\">En cuanto a las novedades, <mark style=\"background-color:rgba(0, 0, 0, 0);color:#ff7805\" class=\"has-inline-color\"><strong>4ManPro<\/strong><sup>\u00ae<\/sup><\/mark> <em>(Elements For Manufacturing Processes) <\/em>a <em><mark style=\"background-color:rgba(0, 0, 0, 0);color:#ff7805\" class=\"has-inline-color\">Hann Kuen Machinery &amp; Hardware<\/mark> <\/em><strong>BRANCH OFFICE<\/strong>, ha incorporado funciones avanzadas de conectividad y control, que permiten una integraci\u00f3n f\u00e1cil en entornos de fabricaci\u00f3n automatizada. Adem\u00e1s, la capacidad de programaci\u00f3n flexible de estos servo husillos compactos ofrece a los usuarios una mayor versatilidad para adaptarse a diferentes necesidades de producci\u00f3n.<\/p>\n\n<p class=\"alignwide eplus-wrapper eplus-styles-uid-a4593a wp-block-paragraph\">En resumen, los servo husillos compactos de <mark style=\"background-color:rgba(0, 0, 0, 0);color:#ff7805\" class=\"has-inline-color\"><strong>4ManPro<\/strong><sup>\u00ae<\/sup><\/mark> <em>(Elements For Manufacturing Processes) <\/em>a <em><mark style=\"background-color:rgba(0, 0, 0, 0);color:#ff7805\" class=\"has-inline-color\">Hann Kuen Machinery &amp; Hardware<\/mark> <\/em><strong>BRANCH OFFICE<\/strong> destacan por su innovaci\u00f3n tecnol\u00f3gica, eficiencia energ\u00e9tica, precisi\u00f3n y fiabilidad, lo que los convierte en una opci\u00f3n superior para aplicaciones industriales que requieren un rendimiento excepcional.<\/p>\n\n<p class=\"alignwide eplus-wrapper eplus-styles-uid-d7f052 wp-block-paragraph\">Los elementos que componen la <em>SERIE <mark style=\"background-color:rgba(0, 0, 0, 0);color:#ff7805\" class=\"has-inline-color\"><strong>SM<\/strong><\/mark><\/em><strong> <\/strong>de <em><strong>Servo Husillos<\/strong> Compactos<\/em> son presentados a continuaci\u00f3n.<\/p>\n\n\n<hr class=\"is-style-dots wp-block-separator has-alpha-channel-opacity eplus-wrapper\"\/>\n\n\n<p class=\"alignwide has-background eplus-wrapper eplus-styles-uid-420493 wp-block-paragraph\" style=\"background-color:#696969\">ELEMENTOS<\/p>\n\n<p class=\"alignwide has-background-color has-vivid-cyan-blue-background-color has-text-color has-background has-link-color eplus-wrapper wp-elements-84f6bdb2ed6d19b3fc2bf7c0a4048f0a eplus-styles-uid-bbc3f2 wp-block-paragraph\">SERIE SM<\/p>\n\n<p class=\"eplus-wrapper eplus-styles-uid-05beae wp-block-paragraph\"><em>Servo Cabezales Compactos Con Enfriamiento Por Aceite De Velocidad Est\u00e1ndar<\/em><\/p>\n\n<div class=\"wp-block-columns alignwide are-vertically-aligned-center eplus-wrapper is-layout-flex wp-container-core-columns-is-layout-f56f613f wp-block-columns-is-layout-flex eplus-styles-uid-84521b\">\n<div class=\"wp-block-column is-vertically-aligned-center eplus-wrapper is-layout-flow wp-block-column-is-layout-flow\" style=\"flex-basis:50%\"><ul class=\" wp-block-list eplus-wrapper eplus-styles-uid-d218b8\"><li class=\" eplus-wrapper eplus-styles-uid-ef4c77\"><a href=\"https:\/\/4manpro.com\/SPA\/servo-husillos-compactos\/sm-45-husillos-compactos\/\" data-type=\"page\" data-id=\"14624\"><mark style=\"background-color:rgba(0, 0, 0, 0);color:#0693e3\" class=\"has-inline-color\">SM-45<\/mark><\/a><ul class=\" wp-block-list eplus-wrapper eplus-styles-uid-e910fb\"><li class=\" eplus-wrapper eplus-styles-uid-da531f\"><mark style=\"background-color:rgba(0, 0, 0, 0)\" class=\"has-inline-color has-foreground-color\">EQUIPADO CON HUSILLO TIPO: <\/mark><ul class=\" wp-block-list eplus-wrapper eplus-styles-uid-3211c1\"><li class=\" eplus-wrapper eplus-styles-uid-b6099b\">NT30<\/li><\/ul><\/li>\n\n<li class=\" eplus-wrapper eplus-styles-uid-bbf124\"><mark style=\"background-color:rgba(0, 0, 0, 0)\" class=\"has-inline-color has-foreground-color\">VELOCIDAD M\u00c1XIMA DEL HUSILLO: <\/mark><ul class=\" wp-block-list eplus-wrapper eplus-styles-uid-a16375\"><li class=\" eplus-wrapper eplus-styles-uid-b6099b\">2,500 r.p.m.<\/li><\/ul><\/li>\n\n<li class=\" eplus-wrapper eplus-styles-uid-da531f\"><mark style=\"background-color:rgba(0, 0, 0, 0)\" class=\"has-inline-color has-foreground-color\">POTENCIA M\u00c1XIMA DEL SERVO MOTOR: <\/mark><ul class=\" wp-block-list eplus-wrapper eplus-styles-uid-593cd0\"><li class=\" eplus-wrapper eplus-styles-uid-b6099b\">1.5Kw (2.0H.P.)<\/li><\/ul><\/li><\/ul><\/li><\/ul>\n\n<ul class=\" wp-block-list eplus-wrapper eplus-styles-uid-bbfe0d\"><li class=\" eplus-wrapper eplus-styles-uid-ef4c77\"><a href=\"https:\/\/4manpro.com\/SPA\/servo-husillos-compactos\/sm-55\/\" data-type=\"page\" data-id=\"7238\"><mark style=\"background-color:rgba(0, 0, 0, 0);color:#0693e3\" class=\"has-inline-color\">SM-55<\/mark><\/a><ul class=\" wp-block-list eplus-wrapper eplus-styles-uid-702a1a\"><li class=\" eplus-wrapper eplus-styles-uid-da531f\"><mark style=\"background-color:rgba(0, 0, 0, 0)\" class=\"has-inline-color has-foreground-color\">EQUIPADO CON HUSILLO TIPO: <\/mark><ul class=\" wp-block-list eplus-wrapper eplus-styles-uid-42fe9e\"><li class=\" eplus-wrapper eplus-styles-uid-b6099b\">NT40<\/li><\/ul><\/li>\n\n<li class=\" eplus-wrapper eplus-styles-uid-da531f\"><mark style=\"background-color:rgba(0, 0, 0, 0)\" class=\"has-inline-color has-foreground-color\">VELOCIDAD M\u00c1XIMA DEL HUSILLO: <\/mark><ul class=\" wp-block-list eplus-wrapper eplus-styles-uid-9a2805\"><li class=\" eplus-wrapper eplus-styles-uid-b6099b\">2,000 r.p.m.<\/li><\/ul><\/li>\n\n<li class=\" eplus-wrapper eplus-styles-uid-da531f\"><mark style=\"background-color:rgba(0, 0, 0, 0)\" class=\"has-inline-color has-foreground-color\">POTENCIA M\u00c1XIMA DEL SERVO MOTOR: <\/mark><ul class=\" wp-block-list eplus-wrapper eplus-styles-uid-1393e3\"><li class=\" eplus-wrapper eplus-styles-uid-b6099b\">2.2Kw (3.0H.P.)<\/li><\/ul><\/li><\/ul><\/li><\/ul><\/div>\n\n\n\n<div class=\"wp-block-column is-vertically-aligned-center eplus-wrapper is-layout-flow wp-block-column-is-layout-flow\" style=\"flex-basis:50%\"><figure class=\" wp-block-image size-full eplus-wrapper eplus-styles-uid-87808f\"><img loading=\"lazy\" decoding=\"async\" width=\"827\" height=\"827\" src=\"https:\/\/4manpro.com\/SPA\/wp-content\/uploads\/2026\/03\/Serie-SM-2.jpg\" alt=\"\" class=\"wp-image-34861\" srcset=\"https:\/\/4manpro.com\/SPA\/wp-content\/uploads\/2026\/03\/Serie-SM-2.jpg 827w, https:\/\/4manpro.com\/SPA\/wp-content\/uploads\/2026\/03\/Serie-SM-2-300x300.jpg 300w, https:\/\/4manpro.com\/SPA\/wp-content\/uploads\/2026\/03\/Serie-SM-2-150x150.jpg 150w, https:\/\/4manpro.com\/SPA\/wp-content\/uploads\/2026\/03\/Serie-SM-2-768x768.jpg 768w\" sizes=\"auto, (max-width: 827px) 100vw, 827px\" \/><\/figure><\/div>\n\n\n\n<div class=\"wp-block-column is-vertically-aligned-center eplus-wrapper is-layout-flow wp-block-column-is-layout-flow\" style=\"flex-basis:50%\"><ul class=\" wp-block-list eplus-wrapper eplus-styles-uid-537493\"><li class=\" eplus-wrapper eplus-styles-uid-ef4c77\"><a href=\"https:\/\/4manpro.com\/SPA\/servo-husillos-compactos\/sm-80-husillos-compactos\/\" data-type=\"page\" data-id=\"14645\"><mark style=\"background-color:rgba(0, 0, 0, 0);color:#0693e3\" class=\"has-inline-color\">SM-80<\/mark><\/a><ul class=\" wp-block-list eplus-wrapper eplus-styles-uid-fec394\"><li class=\" eplus-wrapper eplus-styles-uid-da531f\"><mark style=\"background-color:rgba(0, 0, 0, 0)\" class=\"has-inline-color has-foreground-color\">EQUIPADO CON HUSILLO TIPO: <\/mark><ul class=\" wp-block-list eplus-wrapper eplus-styles-uid-259228\"><li class=\" eplus-wrapper eplus-styles-uid-b6099b\">NT50<\/li><\/ul><\/li>\n\n<li class=\" eplus-wrapper eplus-styles-uid-da531f\"><mark style=\"background-color:rgba(0, 0, 0, 0)\" class=\"has-inline-color has-foreground-color\">VELOCIDAD M\u00c1XIMA DEL HUSILLO: <\/mark><ul class=\" wp-block-list eplus-wrapper eplus-styles-uid-36c634\"><li class=\" eplus-wrapper eplus-styles-uid-b6099b\">1,500r.p.m.<\/li><\/ul><\/li>\n\n<li class=\" eplus-wrapper eplus-styles-uid-da531f\"><mark style=\"background-color:rgba(0, 0, 0, 0)\" class=\"has-inline-color has-foreground-color\">POTENCIA M\u00c1XIMA DEL SERVO MOTOR: <\/mark><ul class=\" wp-block-list eplus-wrapper eplus-styles-uid-557cde\"><li class=\" eplus-wrapper eplus-styles-uid-b6099b\">3.7Kw (5.0 H.P.)<\/li><\/ul><\/li><\/ul><\/li><\/ul><\/div>\n<\/div>\n\n\n<hr class=\"is-style-dots wp-block-separator alignwide has-alpha-channel-opacity eplus-wrapper\"\/>\n\n\n<p class=\"has-background-color has-vivid-cyan-blue-background-color has-text-color has-background has-link-color eplus-wrapper wp-elements-8871fcb672e29f28e8ee16d7f8ecb349 eplus-styles-uid-bbc3f2 wp-block-paragraph\">SERIE SM-H<\/p>\n\n<p class=\"eplus-wrapper eplus-styles-uid-05beae wp-block-paragraph\">Servo Cabezales Compactos Con Enfriamiento Por Aceite De Alta Velocidad <\/p>\n\n<div class=\"wp-block-columns alignwide are-vertically-aligned-center eplus-wrapper is-layout-flex wp-container-core-columns-is-layout-f56f613f wp-block-columns-is-layout-flex eplus-styles-uid-d91b10\">\n<div class=\"wp-block-column is-vertically-aligned-center eplus-wrapper is-layout-flow wp-block-column-is-layout-flow\" style=\"flex-basis:50%\"><ul class=\" wp-block-list eplus-wrapper eplus-styles-uid-de51f6\"><li class=\" eplus-wrapper eplus-styles-uid-ef4c77\"><a href=\"https:\/\/4manpro.com\/SPA\/servo-husillos-compactos\/sm-45h-husillos-compactos\/\" data-type=\"page\" data-id=\"14629\"><mark style=\"background-color:rgba(0, 0, 0, 0);color:#0693e3\" class=\"has-inline-color\">SM-45H<\/mark><\/a><ul class=\" wp-block-list eplus-wrapper eplus-styles-uid-8335f9\"><li class=\" eplus-wrapper eplus-styles-uid-6c0940\"><mark style=\"background-color:rgba(0, 0, 0, 0)\" class=\"has-inline-color has-foreground-color\">EQUIPADO CON HUSILLO TIPO: <\/mark><ul class=\" wp-block-list eplus-wrapper eplus-styles-uid-0d3dc5\"><li class=\" eplus-wrapper eplus-styles-uid-f89328\">NT30<\/li><\/ul><\/li>\n\n<li class=\" eplus-wrapper eplus-styles-uid-da531f\"><mark style=\"background-color:rgba(0, 0, 0, 0)\" class=\"has-inline-color has-foreground-color\">VELOCIDAD M\u00c1XIMA DEL HUSILLO: <\/mark><ul class=\" wp-block-list eplus-wrapper eplus-styles-uid-879626\"><li class=\" eplus-wrapper eplus-styles-uid-f89328\">8,000 r.p.m.<\/li><\/ul><\/li>\n\n<li class=\" eplus-wrapper eplus-styles-uid-bbf124\"><mark style=\"background-color:rgba(0, 0, 0, 0)\" class=\"has-inline-color has-foreground-color\">POTENCIA M\u00c1XIMA DEL SERVO MOTOR: <\/mark><ul class=\" wp-block-list eplus-wrapper eplus-styles-uid-d6304c\"><li class=\" eplus-wrapper eplus-styles-uid-f89328\">1.5Kw (2.0H.P.)<\/li><\/ul><\/li><\/ul><\/li><\/ul>\n\n<ul class=\" wp-block-list eplus-wrapper eplus-styles-uid-a04236\"><li class=\" eplus-wrapper eplus-styles-uid-ef4c77\"><a href=\"https:\/\/4manpro.com\/SPA\/servo-husillos-compactos\/sm-55h\/\" data-type=\"page\" data-id=\"7243\"><mark style=\"background-color:rgba(0, 0, 0, 0);color:#0693e3\" class=\"has-inline-color\">SM-55H<\/mark><\/a><ul class=\" wp-block-list eplus-wrapper eplus-styles-uid-2a1dc4\"><li class=\" eplus-wrapper eplus-styles-uid-6c0940\"><mark style=\"background-color:rgba(0, 0, 0, 0)\" class=\"has-inline-color has-foreground-color\">EQUIPADO CON HUSILLO TIPO: <\/mark><ul class=\" wp-block-list eplus-wrapper eplus-styles-uid-d19a5a\"><li class=\" eplus-wrapper eplus-styles-uid-f89328\">NT40<\/li><\/ul><\/li>\n\n<li class=\" eplus-wrapper eplus-styles-uid-da531f\"><mark style=\"background-color:rgba(0, 0, 0, 0)\" class=\"has-inline-color has-foreground-color\">VELOCIDAD M\u00c1XIMA DEL HUSILLO: <\/mark><ul class=\" wp-block-list eplus-wrapper eplus-styles-uid-49450e\"><li class=\" eplus-wrapper eplus-styles-uid-f89328\">6,000 r.p.m.<\/li><\/ul><\/li>\n\n<li class=\" eplus-wrapper eplus-styles-uid-da531f\"><mark style=\"background-color:rgba(0, 0, 0, 0)\" class=\"has-inline-color has-foreground-color\">POTENCIA M\u00c1XIMA DEL SERVO MOTOR: <\/mark><ul class=\" wp-block-list eplus-wrapper eplus-styles-uid-b29eab\"><li class=\" eplus-wrapper eplus-styles-uid-f89328\">2.2Kw (3.0H.P.)<\/li><\/ul><\/li><\/ul><\/li><\/ul><\/div>\n\n\n\n<div class=\"wp-block-column is-vertically-aligned-center eplus-wrapper is-layout-flow wp-block-column-is-layout-flow\" style=\"flex-basis:50%\"><figure class=\" wp-block-image size-full eplus-wrapper eplus-styles-uid-87808f\"><img loading=\"lazy\" decoding=\"async\" width=\"827\" height=\"827\" src=\"https:\/\/4manpro.com\/SPA\/wp-content\/uploads\/2026\/03\/Serie-SM-1.jpg\" alt=\"\" class=\"wp-image-34860\" srcset=\"https:\/\/4manpro.com\/SPA\/wp-content\/uploads\/2026\/03\/Serie-SM-1.jpg 827w, https:\/\/4manpro.com\/SPA\/wp-content\/uploads\/2026\/03\/Serie-SM-1-300x300.jpg 300w, https:\/\/4manpro.com\/SPA\/wp-content\/uploads\/2026\/03\/Serie-SM-1-150x150.jpg 150w, https:\/\/4manpro.com\/SPA\/wp-content\/uploads\/2026\/03\/Serie-SM-1-768x768.jpg 768w\" sizes=\"auto, (max-width: 827px) 100vw, 827px\" \/><\/figure><\/div>\n\n\n\n<div class=\"wp-block-column is-vertically-aligned-center eplus-wrapper is-layout-flow wp-block-column-is-layout-flow\" style=\"flex-basis:50%\"><ul class=\" wp-block-list eplus-wrapper eplus-styles-uid-bcd210\"><li class=\" eplus-wrapper eplus-styles-uid-ef4c77\"><a href=\"https:\/\/4manpro.com\/SPA\/servo-husillos-compactos\/sm-80h-husillos-compactos\/\" data-type=\"page\" data-id=\"14650\"><mark style=\"background-color:rgba(0, 0, 0, 0);color:#0693e3\" class=\"has-inline-color\">SM-80H<\/mark><\/a><ul class=\" wp-block-list eplus-wrapper eplus-styles-uid-c8a4a1\"><li class=\" eplus-wrapper eplus-styles-uid-6c0940\"><mark style=\"background-color:rgba(0, 0, 0, 0)\" class=\"has-inline-color has-foreground-color\">EQUIPADO CON HUSILLO TIPO: <\/mark><ul class=\" wp-block-list eplus-wrapper eplus-styles-uid-d09689\"><li class=\" eplus-wrapper eplus-styles-uid-b6099b\"><strong>NT50<\/strong><\/li><\/ul><\/li>\n\n<li class=\" eplus-wrapper eplus-styles-uid-5927c1\"><mark style=\"background-color:rgba(0, 0, 0, 0)\" class=\"has-inline-color has-foreground-color\">VELOCIDAD M\u00c1XIMA DEL HUSILLO: <\/mark><ul class=\" wp-block-list eplus-wrapper eplus-styles-uid-573100\"><li class=\" eplus-wrapper eplus-styles-uid-f89328\">2,500 r.p.m.<\/li><\/ul><\/li>\n\n<li class=\" eplus-wrapper eplus-styles-uid-5927c1\"><mark style=\"background-color:rgba(0, 0, 0, 0)\" class=\"has-inline-color has-foreground-color\">POTENCIA M\u00c1XIMA DEL SERVO MOTOR: <\/mark><ul class=\" wp-block-list eplus-wrapper eplus-styles-uid-d50402\"><li class=\" eplus-wrapper eplus-styles-uid-f89328\">3.7Kw (5.0 H.P.)<\/li><\/ul><\/li><\/ul><\/li><\/ul><\/div>\n<\/div>","protected":false},"excerpt":{"rendered":"<p>Los servo husillos compactos de 4ManPro\u00ae (Elements For Manufacturing Processes) a Hann Kuen Machinery &amp; Hardware BRANCH OFFICE, representan una innovaci\u00f3n excepcional en la industria de la automatizaci\u00f3n. Estos dispositivos de precisi\u00f3n integran de manera eficiente la tecnolog\u00eda de servomotores y husillos, lo que garantiza un rendimiento superior en numerosas aplicaciones industriales. Una de las [&hellip;]<\/p>\n","protected":false},"author":1,"featured_media":0,"parent":113,"menu_order":0,"comment_status":"closed","ping_status":"closed","template":"principal-cuadros-individuales-2","meta":{"_crdt_document":"","editor_plus_copied_stylings":"{}","footnotes":""},"class_list":["post-14679","page","type-page","status-publish","hentry"],"_links":{"self":[{"href":"https:\/\/4manpro.com\/SPA\/wp-json\/wp\/v2\/pages\/14679","targetHints":{"allow":["GET"]}}],"collection":[{"href":"https:\/\/4manpro.com\/SPA\/wp-json\/wp\/v2\/pages"}],"about":[{"href":"https:\/\/4manpro.com\/SPA\/wp-json\/wp\/v2\/types\/page"}],"author":[{"embeddable":true,"href":"https:\/\/4manpro.com\/SPA\/wp-json\/wp\/v2\/users\/1"}],"replies":[{"embeddable":true,"href":"https:\/\/4manpro.com\/SPA\/wp-json\/wp\/v2\/comments?post=14679"}],"version-history":[{"count":28,"href":"https:\/\/4manpro.com\/SPA\/wp-json\/wp\/v2\/pages\/14679\/revisions"}],"predecessor-version":[{"id":36527,"href":"https:\/\/4manpro.com\/SPA\/wp-json\/wp\/v2\/pages\/14679\/revisions\/36527"}],"up":[{"embeddable":true,"href":"https:\/\/4manpro.com\/SPA\/wp-json\/wp\/v2\/pages\/113"}],"wp:attachment":[{"href":"https:\/\/4manpro.com\/SPA\/wp-json\/wp\/v2\/media?parent=14679"}],"curies":[{"name":"wp","href":"https:\/\/api.w.org\/{rel}","templated":true}]}}