{"id":122,"date":"2023-09-22T17:14:06","date_gmt":"2023-09-22T17:14:06","guid":{"rendered":"http:\/\/hardy-elements.com\/SPA\/?page_id=122"},"modified":"2026-04-05T11:25:34","modified_gmt":"2026-04-05T17:25:34","slug":"cabezales-con-cambio-de-herramentales","status":"publish","type":"page","link":"https:\/\/4manpro.com\/SPA\/cabezales-con-cambio-de-herramentales\/","title":{"rendered":"CABEZALES CON CAMBIO DE HERRAMENTALES"},"content":{"rendered":"\n<div class=\"wp-block-buttons alignwide eplus-wrapper is-content-justification-space-between is-nowrap is-layout-flex wp-container-core-buttons-is-layout-4561150b wp-block-buttons-is-layout-flex\"><div style=\"--wp--block-button--width: 75;\" class=\"wp-block-button eplus-wrapper has-custom-width wp-block-button__width wp-block-button__width-75 eplus-styles-uid-4fab4e\"><a class=\"wp-block-button__link has-foreground-color has-text-color has-background has-link-color wp-element-button\" href=\"https:\/\/4manpro.com\/SPA\/\" style=\"background-color:#999999\">PRINCIPAL<\/a><\/div>\n\n<div style=\"--wp--block-button--width: 75;\" class=\"wp-block-button eplus-wrapper has-custom-width wp-block-button__width wp-block-button__width-75 eplus-styles-uid-c4965c\"><a class=\"wp-block-button__link has-background-color has-text-color has-background has-link-color wp-element-button\" href=\"https:\/\/www.4manpro.com\/princ-2\/spindle-head-with-auto-tool-changer-system\/\" style=\"background-color:#ff7805\">ENGLISH<\/a><\/div><\/div>\n\n\n\n<figure class=\" wp-block-image alignwide size-full eplus-wrapper\"><img loading=\"lazy\" decoding=\"async\" width=\"1920\" height=\"406\" src=\"https:\/\/4manpro.com\/SPA\/wp-content\/uploads\/2026\/04\/CABEZALES-CON-CAMBIO-DE-HERRAMENTALES-HERR.jpg\" alt=\"\" class=\"wp-image-37343\" srcset=\"https:\/\/4manpro.com\/SPA\/wp-content\/uploads\/2026\/04\/CABEZALES-CON-CAMBIO-DE-HERRAMENTALES-HERR.jpg 1920w, https:\/\/4manpro.com\/SPA\/wp-content\/uploads\/2026\/04\/CABEZALES-CON-CAMBIO-DE-HERRAMENTALES-HERR-300x63.jpg 300w, https:\/\/4manpro.com\/SPA\/wp-content\/uploads\/2026\/04\/CABEZALES-CON-CAMBIO-DE-HERRAMENTALES-HERR-1024x217.jpg 1024w, https:\/\/4manpro.com\/SPA\/wp-content\/uploads\/2026\/04\/CABEZALES-CON-CAMBIO-DE-HERRAMENTALES-HERR-768x162.jpg 768w, https:\/\/4manpro.com\/SPA\/wp-content\/uploads\/2026\/04\/CABEZALES-CON-CAMBIO-DE-HERRAMENTALES-HERR-1536x325.jpg 1536w\" sizes=\"auto, (max-width: 1920px) 100vw, 1920px\" \/><\/figure>\n\n\n\n<hr class=\" wp-block-separator has-alpha-channel-opacity eplus-wrapper\"\/>\n\n\n\n<div class=\"wp-block-group alignwide eplus-wrapper is-layout-constrained wp-block-group-is-layout-constrained\"><figure class=\" wp-block-image alignleft size-full is-resized eplus-wrapper eplus-styles-uid-c73b55\"><img loading=\"lazy\" decoding=\"async\" width=\"1024\" height=\"1024\" src=\"https:\/\/4manpro.com\/SPA\/wp-content\/uploads\/2026\/03\/LOGO-II-3D-2.jpg\" alt=\"\" class=\"wp-image-34081\" style=\"width:175px\" srcset=\"https:\/\/4manpro.com\/SPA\/wp-content\/uploads\/2026\/03\/LOGO-II-3D-2.jpg 1024w, https:\/\/4manpro.com\/SPA\/wp-content\/uploads\/2026\/03\/LOGO-II-3D-2-300x300.jpg 300w, https:\/\/4manpro.com\/SPA\/wp-content\/uploads\/2026\/03\/LOGO-II-3D-2-150x150.jpg 150w, https:\/\/4manpro.com\/SPA\/wp-content\/uploads\/2026\/03\/LOGO-II-3D-2-768x768.jpg 768w\" sizes=\"auto, (max-width: 1024px) 100vw, 1024px\" \/><\/figure>\n\n<p class=\"alignwide eplus-wrapper eplus-styles-uid-cb9986 wp-block-paragraph\"><mark style=\"background-color:rgba(0, 0, 0, 0);color:#ff7805\" class=\"has-inline-color\"><strong>4ManPro<\/strong><sup>\u00ae<\/sup><\/mark> <em>(Elements For Manufacturing Processes) una <mark style=\"background-color:rgba(0, 0, 0, 0);color:#ff7805\" class=\"has-inline-color\">Hann Kuen Machinery &amp; Hardware, Co., Ltd.<\/mark> <mark style=\"background-color:rgba(0, 0, 0, 0)\" class=\"has-inline-color has-foreground-color\"><\/mark><\/em><strong>BRANCH OFFICE <\/strong>es una destacada marca reconocida por su innovaci\u00f3n en el dise\u00f1o y la fabricaci\u00f3n de husillos con cambio de herramentales para la industria manufacturera. Estos husillos son componentes vitales en una amplia gama de aplicaciones industriales, desde la <em>industria automotriz<\/em> y <em>aeroespacial <\/em>hasta la fabricaci\u00f3n de <em>productos de consumo<\/em>.<\/p>\n\n<p class=\"alignwide eplus-wrapper eplus-styles-uid-cb9986 wp-block-paragraph\">Los <em><strong>Husillos Con Cambio De Herramentales<\/strong><\/em> de <em><em><strong><mark style=\"background-color:rgba(0, 0, 0, 0);color:#ff6900\" class=\"has-inline-color\"><strong><mark style=\"background-color:rgba(0, 0, 0, 0);color:#ff7805\" class=\"has-inline-color\"><strong>4ManPro<\/strong><sup>\u00ae<\/sup><\/mark> <\/strong><\/mark><\/strong><em>(Elements For Manufacturing Processes) una <\/em><\/em><\/em><em><em><mark style=\"background-color:rgba(0, 0, 0, 0);color:#ff6900\" class=\"has-inline-color\"><em><mark style=\"background-color:rgba(0, 0, 0, 0);color:#ff7805\" class=\"has-inline-color\">Hann Kuen Machinery &amp; Hardware, Co., Ltd.<\/mark> <mark style=\"background-color:rgba(0, 0, 0, 0)\" class=\"has-inline-color has-foreground-color\"><\/mark><\/em><\/mark><\/em><\/em><strong>BRANCH OFFICE<\/strong> se distinguen por su capacidad para cambiar r\u00e1pidamente entre diferentes herramientas, lo que aumenta la eficiencia y la productividad en entornos de fabricaci\u00f3n de alta velocidad. Este cambio <em><strong>r\u00e1pido <\/strong><\/em>y <em><strong>preciso <\/strong><\/em>de herramientas permite una adaptaci\u00f3n \u00e1gil a diferentes necesidades de producci\u00f3n, lo que resulta en tiempos de inactividad reducidos y una mayor flexibilidad.<\/p>\n\n<figure class=\" wp-block-image alignright size-full is-resized eplus-wrapper eplus-styles-uid-96b58f\"><img loading=\"lazy\" decoding=\"async\" width=\"512\" height=\"512\" src=\"https:\/\/4manpro.com\/SPA\/wp-content\/uploads\/2026\/03\/LOGO-NEGRO-3D.jpg\" alt=\"\" class=\"wp-image-34082\" style=\"width:175px\" srcset=\"https:\/\/4manpro.com\/SPA\/wp-content\/uploads\/2026\/03\/LOGO-NEGRO-3D.jpg 512w, https:\/\/4manpro.com\/SPA\/wp-content\/uploads\/2026\/03\/LOGO-NEGRO-3D-300x300.jpg 300w, https:\/\/4manpro.com\/SPA\/wp-content\/uploads\/2026\/03\/LOGO-NEGRO-3D-150x150.jpg 150w\" sizes=\"auto, (max-width: 512px) 100vw, 512px\" \/><\/figure>\n\n<p class=\"alignwide eplus-wrapper eplus-styles-uid-cb9986 wp-block-paragraph\">La tecnolog\u00eda avanzada empleada en la fabricaci\u00f3n de estos husillos garantiza un rendimiento \u00f3ptimo y una larga vida \u00fatil. <em><em><mark style=\"background-color:rgba(0, 0, 0, 0);color:#ff7805\" class=\"has-inline-color\"><strong>4ManPro<\/strong><sup>\u00ae<\/sup><\/mark> <em>(Elements For Manufacturing Processes) una <mark style=\"background-color:rgba(0, 0, 0, 0);color:#ff7805\" class=\"has-inline-color\">Hann Kuen Machinery &amp; Hardware, Co., Ltd.<\/mark> <mark style=\"background-color:rgba(0, 0, 0, 0)\" class=\"has-inline-color has-foreground-color\"><\/mark><\/em><\/em><\/em><strong>BRANCH OFFICE<\/strong> se centra en la precisi\u00f3n y la fiabilidad para asegurar un funcionamiento sin problemas en diversas configuraciones de fabricaci\u00f3n. <\/p>\n\n<p class=\"alignwide eplus-wrapper eplus-styles-uid-cb9986 wp-block-paragraph\">Adem\u00e1s, su enfoque en la innovaci\u00f3n ha dado como <em><mark style=\"background-color:rgba(0, 0, 0, 0);color:#ff6900\" class=\"has-inline-color\">resultado <strong>dise\u00f1os compactos<\/strong><\/mark><\/em> y <em><strong><mark style=\"background-color:rgba(0, 0, 0, 0);color:#ff6900\" class=\"has-inline-color\">eficientes <\/mark><\/strong><\/em>que ocupan un espacio m\u00ednimo en las l\u00edneas de producci\u00f3n. Siendo estos altamente adaptables, pueden integrarse con una variedad de m\u00e1quinas herramienta y sistemas de control, permitiendo ser utilizados en una amplia gama de procesos, como <em>fresado, torneado, taladrado<\/em> y <em>rectificado<\/em>, entre otros. <\/p><\/div>\n\n\n\n<hr class=\"is-style-dots wp-block-separator has-alpha-channel-opacity eplus-wrapper\"\/>\n\n\n<p class=\"has-background-color has-text-color has-background has-link-color eplus-wrapper wp-elements-83261ecf2211871e38a44f062d2df6ef eplus-styles-uid-b201f4 wp-block-paragraph\" style=\"background-color:#696969\">Elementos<\/p>\n\n<p class=\"has-vivid-cyan-blue-background-color has-background eplus-wrapper eplus-styles-uid-e7562a wp-block-paragraph\">Serie <strong>SC<\/strong><\/p>\n\n<p class=\"has-text-align-center eplus-wrapper eplus-styles-uid-d728f4 wp-block-paragraph\">CABEZALES PARA FRESADO\/MANDRILADO DE CARCASA CUADRADA Y PISTON NEUMATICO TRASERO PARA CAMBIO AUTOM\u00c1TICO DE HERRAMENTALES<\/p>\n\n<div class=\"wp-block-columns alignwide eplus-wrapper is-layout-flex wp-container-core-columns-is-layout-f56f613f wp-block-columns-is-layout-flex eplus-styles-uid-fe3c6f\">\n<div class=\"wp-block-column is-vertically-aligned-center eplus-wrapper is-layout-flow wp-block-column-is-layout-flow\" style=\"flex-basis:50%\"><ul class=\" wp-block-list eplus-wrapper eplus-styles-uid-8cf79e\"><li class=\" eplus-wrapper eplus-styles-uid-34269a\"><a href=\"https:\/\/4manpro.com\/SPA\/?page_id=2553\" data-type=\"page\" data-id=\"2553\"><mark style=\"background-color:rgba(0, 0, 0, 0);color:#0693e3\" class=\"has-inline-color\">SC55-BT40<\/mark><\/a><ul class=\" wp-block-list eplus-wrapper eplus-styles-uid-482112\"><li class=\" eplus-wrapper eplus-styles-uid-b14b53\"><mark style=\"background-color:rgba(0, 0, 0, 0)\" class=\"has-inline-color has-foreground-color\">Husillo: <\/mark>BT40<\/li>\n\n<li class=\" eplus-wrapper eplus-styles-uid-b14b53\"><mark style=\"background-color:rgba(0, 0, 0, 0)\" class=\"has-inline-color has-foreground-color\">Velocidad M\u00e1xima:<\/mark><strong> <\/strong>2,000 r.p.m.<\/li>\n\n<li class=\" eplus-wrapper eplus-styles-uid-97b93b\"><mark style=\"background-color:rgba(0, 0, 0, 0)\" class=\"has-inline-color has-foreground-color\">Potencia M\u00e1xima: <\/mark>2 H.P. ~ 3 H.P.<\/li><\/ul><\/li><\/ul>\n\n<ul class=\" wp-block-list eplus-wrapper eplus-styles-uid-67993b\"><li class=\" eplus-wrapper eplus-styles-uid-34269a\"><a href=\"https:\/\/4manpro.com\/SPA\/?page_id=2558\" data-type=\"page\" data-id=\"2558\"><mark style=\"background-color:rgba(0, 0, 0, 0);color:#0693e3\" class=\"has-inline-color\">SC55H-BT40<\/mark><\/a><ul class=\" wp-block-list eplus-wrapper eplus-styles-uid-d98423\"><li class=\" eplus-wrapper eplus-styles-uid-b14b53\"><mark style=\"background-color:rgba(0, 0, 0, 0)\" class=\"has-inline-color has-foreground-color\">Husillo:<strong> <\/strong><\/mark>BT40<\/li>\n\n<li class=\" eplus-wrapper eplus-styles-uid-b14b53\"><mark style=\"background-color:rgba(0, 0, 0, 0)\" class=\"has-inline-color has-foreground-color\">Velocidad M\u00e1xima: <\/mark>6,000 r.p.m.<\/li>\n\n<li class=\" eplus-wrapper eplus-styles-uid-b14b53\"><mark style=\"background-color:rgba(0, 0, 0, 0)\" class=\"has-inline-color has-foreground-color\">Potencia M\u00e1xima<strong>:<\/strong><\/mark> 2 H.P. ~ 3 H.P.<\/li><\/ul><\/li><\/ul><\/div>\n\n\n\n<div class=\"wp-block-column eplus-wrapper is-layout-flow wp-block-column-is-layout-flow\" style=\"flex-basis:40%\"><figure class=\" wp-block-image size-full eplus-wrapper eplus-styles-uid-f18424\"><img loading=\"lazy\" decoding=\"async\" width=\"827\" height=\"827\" src=\"https:\/\/4manpro.com\/SPA\/wp-content\/uploads\/2026\/03\/Serie-SC.jpg\" alt=\"\" class=\"wp-image-34192\" srcset=\"https:\/\/4manpro.com\/SPA\/wp-content\/uploads\/2026\/03\/Serie-SC.jpg 827w, https:\/\/4manpro.com\/SPA\/wp-content\/uploads\/2026\/03\/Serie-SC-300x300.jpg 300w, https:\/\/4manpro.com\/SPA\/wp-content\/uploads\/2026\/03\/Serie-SC-150x150.jpg 150w, https:\/\/4manpro.com\/SPA\/wp-content\/uploads\/2026\/03\/Serie-SC-768x768.jpg 768w\" sizes=\"auto, (max-width: 827px) 100vw, 827px\" \/><\/figure><\/div>\n\n\n\n<div class=\"wp-block-column is-vertically-aligned-center eplus-wrapper is-layout-flow wp-block-column-is-layout-flow\" style=\"flex-basis:50%\"><ul class=\" wp-block-list eplus-wrapper eplus-styles-uid-36ec55\"><li class=\" eplus-wrapper eplus-styles-uid-34269a\"><a href=\"https:\/\/4manpro.com\/SPA\/?page_id=2563\" data-type=\"page\" data-id=\"2563\"><mark style=\"background-color:rgba(0, 0, 0, 0);color:#0693e3\" class=\"has-inline-color\">SC80-BT50<\/mark><\/a><ul class=\" wp-block-list eplus-wrapper eplus-styles-uid-2d8237\"><li class=\" eplus-wrapper eplus-styles-uid-b14b53\"><mark style=\"background-color:rgba(0, 0, 0, 0)\" class=\"has-inline-color has-foreground-color\">Husillo: <\/mark>BT50<\/li>\n\n<li class=\" eplus-wrapper eplus-styles-uid-71a962\"><mark style=\"background-color:rgba(0, 0, 0, 0)\" class=\"has-inline-color has-foreground-color\">Velocidad M\u00e1xima: <\/mark>1,200 r.p.m.<\/li>\n\n<li class=\" eplus-wrapper eplus-styles-uid-b14b53\"><mark style=\"background-color:rgba(0, 0, 0, 0)\" class=\"has-inline-color has-foreground-color\">Potencia M\u00e1xima:<\/mark><strong> <\/strong>3 H.P. ~ 5 H.P.<\/li><\/ul><\/li><\/ul>\n\n<ul class=\" wp-block-list eplus-wrapper eplus-styles-uid-7edee9\"><li class=\" eplus-wrapper eplus-styles-uid-34269a\"><a href=\"https:\/\/4manpro.com\/SPA\/?page_id=2569\" data-type=\"page\" data-id=\"2569\"><mark style=\"background-color:rgba(0, 0, 0, 0);color:#0693e3\" class=\"has-inline-color\">SC80H-BT50<\/mark><\/a><ul class=\" wp-block-list eplus-wrapper eplus-styles-uid-327821\"><li class=\" eplus-wrapper eplus-styles-uid-b14b53\"><mark style=\"background-color:rgba(0, 0, 0, 0)\" class=\"has-inline-color has-foreground-color\">Husillo: <\/mark>BT50<\/li>\n\n<li class=\" eplus-wrapper eplus-styles-uid-b14b53\"><mark style=\"background-color:rgba(0, 0, 0, 0)\" class=\"has-inline-color has-foreground-color\">Velocidad M\u00e1xima: <\/mark>3,000 r.p.m.<\/li>\n\n<li class=\" eplus-wrapper eplus-styles-uid-b14b53\"><mark style=\"background-color:rgba(0, 0, 0, 0)\" class=\"has-inline-color has-foreground-color\">Potencia M\u00e1xima:<\/mark><mark style=\"background-color:rgba(0, 0, 0, 0);color:#ff7805\" class=\"has-inline-color\"><strong> <\/strong><\/mark>3 H.P. ~ 5 H.P.<\/li><\/ul><\/li><\/ul><\/div>\n<\/div>\n\n\n<hr class=\"is-style-dots wp-block-separator alignwide has-alpha-channel-opacity eplus-wrapper\"\/>\n\n\n<p class=\"has-vivid-cyan-blue-background-color has-background eplus-wrapper eplus-styles-uid-e7562a wp-block-paragraph\">Serie <strong>SCS<\/strong><\/p>\n\n<p class=\"has-text-align-center eplus-wrapper eplus-styles-uid-d728f4 wp-block-paragraph\">CABEZALES PARA FRESADO\/MANDRILADO DE CARCASA CUADRADA Y PISTON NEUMATICO LATERAL PARA CAMBIO AUTOM\u00c1TICO DE HERRAMENTALES<\/p>\n\n<div class=\"wp-block-columns alignwide eplus-wrapper is-layout-flex wp-container-core-columns-is-layout-f56f613f wp-block-columns-is-layout-flex eplus-styles-uid-67f860\">\n<div class=\"wp-block-column is-vertically-aligned-center eplus-wrapper is-layout-flow wp-block-column-is-layout-flow\" style=\"flex-basis:50%\"><ul class=\" wp-block-list eplus-wrapper eplus-styles-uid-9cd32e\"><li class=\" eplus-wrapper eplus-styles-uid-34269a\"><a href=\"https:\/\/4manpro.com\/SPA\/?page_id=2574\" data-type=\"page\" data-id=\"2574\"><mark style=\"background-color:rgba(0, 0, 0, 0);color:#0693e3\" class=\"has-inline-color\">SCS55-BT40<\/mark><\/a><ul class=\" wp-block-list eplus-wrapper eplus-styles-uid-e8c0bb\"><li class=\" eplus-wrapper eplus-styles-uid-b14b53\"><mark style=\"background-color:rgba(0, 0, 0, 0)\" class=\"has-inline-color has-foreground-color\">Husillo: <\/mark>BT40<\/li>\n\n<li class=\" eplus-wrapper eplus-styles-uid-b14b53\"><mark style=\"background-color:rgba(0, 0, 0, 0)\" class=\"has-inline-color has-foreground-color\">Velocidad M\u00e1xima: <\/mark>2,000 r.p.m.<\/li>\n\n<li class=\" eplus-wrapper eplus-styles-uid-b14b53\"><mark style=\"background-color:rgba(0, 0, 0, 0)\" class=\"has-inline-color has-foreground-color\">Potencia M\u00e1xima: <\/mark>2 H.P. ~ 3 H.P.<\/li><\/ul><\/li><\/ul>\n\n<ul class=\" wp-block-list eplus-wrapper eplus-styles-uid-611541\"><li class=\" eplus-wrapper eplus-styles-uid-34269a\"><a href=\"https:\/\/4manpro.com\/SPA\/?page_id=2580\" data-type=\"page\" data-id=\"2580\"><mark style=\"background-color:rgba(0, 0, 0, 0);color:#0693e3\" class=\"has-inline-color\">SCS55H-BT40<\/mark><\/a><ul class=\" wp-block-list eplus-wrapper eplus-styles-uid-a8e06e\"><li class=\" eplus-wrapper eplus-styles-uid-b14b53\"><mark style=\"background-color:rgba(0, 0, 0, 0)\" class=\"has-inline-color has-foreground-color\">Husillo: <\/mark>BT40<\/li>\n\n<li class=\" eplus-wrapper eplus-styles-uid-b14b53\"><mark style=\"background-color:rgba(0, 0, 0, 0)\" class=\"has-inline-color has-foreground-color\">Velocidad M\u00e1xima:<\/mark> 6,000 r.p.m.<\/li>\n\n<li class=\" eplus-wrapper eplus-styles-uid-b14b53\"><mark style=\"background-color:rgba(0, 0, 0, 0)\" class=\"has-inline-color has-foreground-color\">Potencia M\u00e1xima: <\/mark>2 H.P. ~ 3 H.P.<\/li><\/ul><\/li><\/ul><\/div>\n\n\n\n<div class=\"wp-block-column eplus-wrapper is-layout-flow wp-block-column-is-layout-flow\" style=\"flex-basis:40%\"><figure class=\" wp-block-image size-full eplus-wrapper eplus-styles-uid-f18424\"><img decoding=\"async\" src=\"https:\/\/4manpro.com\/SPA\/wp-content\/uploads\/2026\/03\/Serie-SCS.jpg\" alt=\"\" class=\"wp-image-34193\"><\/figure><\/div>\n\n\n\n<div class=\"wp-block-column is-vertically-aligned-center eplus-wrapper is-layout-flow wp-block-column-is-layout-flow\" style=\"flex-basis:50%\"><ul class=\" wp-block-list eplus-wrapper eplus-styles-uid-57eaa7\"><li class=\" eplus-wrapper eplus-styles-uid-34269a\"><a href=\"https:\/\/4manpro.com\/SPA\/?page_id=2586\" data-type=\"page\" data-id=\"2586\"><mark style=\"background-color:rgba(0, 0, 0, 0);color:#0693e3\" class=\"has-inline-color\">SCS80-BT50<\/mark><\/a><ul class=\" wp-block-list eplus-wrapper eplus-styles-uid-1620a9\"><li class=\" eplus-wrapper eplus-styles-uid-b14b53\"><mark style=\"background-color:rgba(0, 0, 0, 0)\" class=\"has-inline-color has-foreground-color\">Husillo: <\/mark>BT50<\/li>\n\n<li class=\" eplus-wrapper eplus-styles-uid-b14b53\"><mark style=\"background-color:rgba(0, 0, 0, 0)\" class=\"has-inline-color has-foreground-color\">Velocidad M\u00e1xima: <\/mark>1,200 r.p.m.<\/li>\n\n<li class=\" eplus-wrapper eplus-styles-uid-b14b53\"><mark style=\"background-color:rgba(0, 0, 0, 0)\" class=\"has-inline-color has-foreground-color\">Potencia M\u00e1xima:<\/mark> 3 H.P. ~ 5 H.P.<\/li><\/ul><\/li><\/ul>\n\n<ul class=\" wp-block-list eplus-wrapper eplus-styles-uid-2f9db0\"><li class=\" eplus-wrapper eplus-styles-uid-34269a\"><a href=\"https:\/\/4manpro.com\/SPA\/?page_id=2592\" data-type=\"page\" data-id=\"2592\"><mark style=\"background-color:rgba(0, 0, 0, 0);color:#0693e3\" class=\"has-inline-color\">SCS80H-BT50<\/mark><\/a><ul class=\" wp-block-list eplus-wrapper eplus-styles-uid-d93e00\"><li class=\" eplus-wrapper eplus-styles-uid-b14b53\"><mark style=\"background-color:rgba(0, 0, 0, 0)\" class=\"has-inline-color has-foreground-color\">Husillo: <\/mark>BT50<\/li>\n\n<li class=\" eplus-wrapper eplus-styles-uid-b14b53\"><mark style=\"background-color:rgba(0, 0, 0, 0)\" class=\"has-inline-color has-foreground-color\">Velocidad M\u00e1xima: <\/mark>3,000 r.p.m.<\/li>\n\n<li class=\" eplus-wrapper eplus-styles-uid-b14b53\"><mark style=\"background-color:rgba(0, 0, 0, 0)\" class=\"has-inline-color has-foreground-color\">Potencia M\u00e1xima:<\/mark> 3 H.P. ~ 5 H.P.<\/li><\/ul><\/li><\/ul><\/div>\n<\/div>","protected":false},"excerpt":{"rendered":"<p>4ManPro\u00ae (Elements For Manufacturing Processes) una Hann Kuen Machinery &amp; Hardware, Co., Ltd. BRANCH OFFICE es una destacada marca reconocida por su innovaci\u00f3n en el dise\u00f1o y la fabricaci\u00f3n de husillos con cambio de herramentales para la industria manufacturera. Estos husillos son componentes vitales en una amplia gama de aplicaciones industriales, desde la industria automotriz [&hellip;]<\/p>\n","protected":false},"author":1,"featured_media":0,"parent":0,"menu_order":0,"comment_status":"closed","ping_status":"closed","template":"principal-cuadros-individuales-2","meta":{"_crdt_document":"","editor_plus_copied_stylings":"{}","footnotes":""},"class_list":["post-122","page","type-page","status-publish","hentry"],"_links":{"self":[{"href":"https:\/\/4manpro.com\/SPA\/wp-json\/wp\/v2\/pages\/122","targetHints":{"allow":["GET"]}}],"collection":[{"href":"https:\/\/4manpro.com\/SPA\/wp-json\/wp\/v2\/pages"}],"about":[{"href":"https:\/\/4manpro.com\/SPA\/wp-json\/wp\/v2\/types\/page"}],"author":[{"embeddable":true,"href":"https:\/\/4manpro.com\/SPA\/wp-json\/wp\/v2\/users\/1"}],"replies":[{"embeddable":true,"href":"https:\/\/4manpro.com\/SPA\/wp-json\/wp\/v2\/comments?post=122"}],"version-history":[{"count":126,"href":"https:\/\/4manpro.com\/SPA\/wp-json\/wp\/v2\/pages\/122\/revisions"}],"predecessor-version":[{"id":37344,"href":"https:\/\/4manpro.com\/SPA\/wp-json\/wp\/v2\/pages\/122\/revisions\/37344"}],"wp:attachment":[{"href":"https:\/\/4manpro.com\/SPA\/wp-json\/wp\/v2\/media?parent=122"}],"curies":[{"name":"wp","href":"https:\/\/api.w.org\/{rel}","templated":true}]}}