{"id":11870,"date":"2024-06-11T12:42:42","date_gmt":"2024-06-11T18:42:42","guid":{"rendered":"https:\/\/4manpro.com\/SPA\/?page_id=11870"},"modified":"2026-04-05T10:55:58","modified_gmt":"2026-04-05T16:55:58","slug":"serie-sp","status":"publish","type":"page","link":"https:\/\/4manpro.com\/SPA\/sistemas-de-sujecion\/serie-sp\/","title":{"rendered":"SERIE SP"},"content":{"rendered":"\n<div class=\"wp-block-buttons alignwide eplus-wrapper is-content-justification-space-between is-nowrap is-layout-flex wp-container-core-buttons-is-layout-4561150b wp-block-buttons-is-layout-flex\"><div style=\"--wp--block-button--width: 50;\" class=\"wp-block-button eplus-wrapper has-custom-width wp-block-button__width wp-block-button__width-50 eplus-styles-uid-288a51\"><a class=\"wp-block-button__link has-foreground-color has-text-color has-background has-link-color wp-element-button\" href=\"http:\/\/WWW.4MANPRO.COM\/SPA\/\" style=\"background-color:#999999\">PRINCIPAL<\/a><\/div>\n\n<div style=\"--wp--block-button--width: 50;\" class=\"wp-block-button eplus-wrapper has-custom-width wp-block-button__width wp-block-button__width-50 eplus-styles-uid-090b8d\"><a class=\"wp-block-button__link has-foreground-color has-background-background-color has-text-color has-background has-link-color wp-element-button\" href=\"https:\/\/4manpro.com\/SPA\/sistemas-de-sujecion\/\" style=\"background-color:#999999\">ATR\u00c1S<\/a><\/div>\n\n<div style=\"--wp--block-button--width: 50;\" class=\"wp-block-button eplus-wrapper has-custom-width wp-block-button__width wp-block-button__width-50 eplus-styles-uid-7b5651\"><a class=\"wp-block-button__link has-background-color has-luminous-vivid-orange-background-color has-text-color has-background has-link-color wp-element-button\" href=\"https:\/\/www.4manpro.com\/clamp-fixture-devices\/sp-series\/\">ENGLISH<\/a><\/div><\/div>\n\n\n\n<figure class=\" wp-block-image alignwide size-full eplus-wrapper\"><img loading=\"lazy\" decoding=\"async\" width=\"2560\" height=\"453\" src=\"https:\/\/4manpro.com\/SPA\/wp-content\/uploads\/2024\/09\/Serie-SP-scaled.jpg\" alt=\"\" class=\"wp-image-17429\" srcset=\"https:\/\/4manpro.com\/SPA\/wp-content\/uploads\/2024\/09\/Serie-SP-scaled.jpg 2560w, https:\/\/4manpro.com\/SPA\/wp-content\/uploads\/2024\/09\/Serie-SP-300x53.jpg 300w, https:\/\/4manpro.com\/SPA\/wp-content\/uploads\/2024\/09\/Serie-SP-1024x181.jpg 1024w, https:\/\/4manpro.com\/SPA\/wp-content\/uploads\/2024\/09\/Serie-SP-768x136.jpg 768w, https:\/\/4manpro.com\/SPA\/wp-content\/uploads\/2024\/09\/Serie-SP-1536x272.jpg 1536w, https:\/\/4manpro.com\/SPA\/wp-content\/uploads\/2024\/09\/Serie-SP-2048x362.jpg 2048w\" sizes=\"auto, (max-width: 2560px) 100vw, 2560px\" \/><\/figure>\n\n\n\n<hr class=\" wp-block-separator has-alpha-channel-opacity eplus-wrapper\"\/>\n\n\n\n<div class=\"wp-block-group alignwide eplus-wrapper is-layout-constrained wp-block-group-is-layout-constrained\"><figure class=\" wp-block-image alignright size-full is-resized eplus-wrapper eplus-styles-uid-4dffe2\"><img loading=\"lazy\" decoding=\"async\" width=\"472\" height=\"472\" src=\"https:\/\/4manpro.com\/SPA\/wp-content\/uploads\/2024\/05\/AMAC-CUADRO.jpg\" alt=\"\" class=\"wp-image-10788\" style=\"width:200px\" srcset=\"https:\/\/4manpro.com\/SPA\/wp-content\/uploads\/2024\/05\/AMAC-CUADRO.jpg 472w, https:\/\/4manpro.com\/SPA\/wp-content\/uploads\/2024\/05\/AMAC-CUADRO-300x300.jpg 300w, https:\/\/4manpro.com\/SPA\/wp-content\/uploads\/2024\/05\/AMAC-CUADRO-150x150.jpg 150w\" sizes=\"auto, (max-width: 472px) 100vw, 472px\" \/><\/figure>\n\n<p class=\"alignwide eplus-wrapper eplus-styles-uid-d47879 wp-block-paragraph\"><mark style=\"background-color:rgba(0, 0, 0, 0);color:#14327a\" class=\"has-inline-color\"><strong>Introducci\u00f3n del producto<\/strong><\/mark><\/p>\n\n<ul class=\" wp-block-list eplus-wrapper eplus-styles-uid-cc0263\"><li class=\" eplus-wrapper eplus-styles-uid-092c19\">P<sub>m\u00e1x<\/sub> : <em><mark style=\"background-color:rgba(0, 0, 0, 0);color:#ff7805\" class=\"has-inline-color\"><strong>500 Kg\/cm<\/strong>\u00b2<\/mark><\/em><\/li>\n\n<li class=\" eplus-wrapper eplus-styles-uid-24b8d8\">El cilindro de soporte hidr\u00e1ulico se aplica normalmente para el mecanizado, lo que puede reducir la vibraci\u00f3n, prevenir la deformaci\u00f3n, absorber la fuerza de corte y al mismo tiempo mejorar la precisi\u00f3n y la calidad del mecanizado.<\/li>\n\n<li class=\" eplus-wrapper eplus-styles-uid-24b8d8\">El <em>cilindro hidr\u00e1ulico<\/em> emplea sellos de aceite y piezas importados para resistir la alta presi\u00f3n y garantizar la calidad, confiabilidad y una larga vida \u00fatil.<\/li>\n\n<li class=\" eplus-wrapper eplus-styles-uid-24b8d8\">Cuando opere el cilindro de soporte, aseg\u00farese de no exceder la velocidad normal de alimentaci\u00f3n de aceite para evitar que la barra de soporte golpee la pieza de trabajo cuando entre en contacto con ella.<\/li>\n\n<li class=\" eplus-wrapper eplus-styles-uid-24b8d8\">La construcci\u00f3n compacta del cilindro <mark style=\"background-color:rgba(0, 0, 0, 0);color:#ff7805\" class=\"has-inline-color\"><em>tipo tornillo <strong>HSP-16<\/strong><\/em><\/mark> permite operar varias unidades para sujeci\u00f3n en un espacio peque\u00f1o.<\/li>\n\n<li class=\" eplus-wrapper eplus-styles-uid-24b8d8\">El cilindro de soporte de baja presi\u00f3n <mark style=\"background-color:rgba(0, 0, 0, 0);color:#ff7805\" class=\"has-inline-color\"><em><strong>LSP-16B<\/strong><\/em><\/mark> logra una capacidad de soporte de alta presi\u00f3n, un sistema hidr\u00e1ulico y una presi\u00f3n de operaci\u00f3n de <mark style=\"background-color:rgba(0, 0, 0, 0);color:#ff7805\" class=\"has-inline-color\"><em><strong>50 <\/strong>kg\/cm2<\/em>.<\/mark><\/li><\/ul>\n\n<figure class=\" wp-block-image alignright size-full is-resized eplus-wrapper eplus-styles-uid-4dffe2\"><img loading=\"lazy\" decoding=\"async\" width=\"1024\" height=\"1024\" src=\"https:\/\/4manpro.com\/SPA\/wp-content\/uploads\/2026\/04\/4MANPRO-BLUE-AMAC-3D.jpg\" alt=\"\" class=\"wp-image-37060\" style=\"width:200px\" srcset=\"https:\/\/4manpro.com\/SPA\/wp-content\/uploads\/2026\/04\/4MANPRO-BLUE-AMAC-3D.jpg 1024w, https:\/\/4manpro.com\/SPA\/wp-content\/uploads\/2026\/04\/4MANPRO-BLUE-AMAC-3D-300x300.jpg 300w, https:\/\/4manpro.com\/SPA\/wp-content\/uploads\/2026\/04\/4MANPRO-BLUE-AMAC-3D-150x150.jpg 150w, https:\/\/4manpro.com\/SPA\/wp-content\/uploads\/2026\/04\/4MANPRO-BLUE-AMAC-3D-768x768.jpg 768w\" sizes=\"auto, (max-width: 1024px) 100vw, 1024px\" \/><\/figure>\n\n<p class=\"alignwide eplus-wrapper eplus-styles-uid-d47879 wp-block-paragraph\"><strong><mark style=\"background-color:rgba(0, 0, 0, 0);color:#14327a\" class=\"has-inline-color\">Identificaci\u00f3n del modelo<\/mark><\/strong><\/p>\n\n<ul class=\" wp-block-list eplus-wrapper eplus-styles-uid-3e639a\"><li class=\" eplus-wrapper eplus-styles-uid-cb9986\"><mark style=\"background-color:rgba(0, 0, 0, 0);color:#ff7805\" class=\"has-inline-color\"><strong>Tipo A:<\/strong><\/mark> <ul class=\" wp-block-list eplus-wrapper eplus-styles-uid-e3568c\"><li class=\" eplus-wrapper eplus-styles-uid-cb9986\"><em>Tipo de expulsi\u00f3n por resorte. La barra de soporte se encuentra en la posici\u00f3n m\u00e1s alta. El resorte controla la fuerza de contacto cuando la pieza de trabajo hace contacto con la barra de soporte. La potencia hidr\u00e1ulica acciona la alimentaci\u00f3n de aceite para apretar el eje, produciendo una fuerza de soporte.<\/em><\/li><\/ul><\/li><\/ul>\n\n<ul class=\" wp-block-list eplus-wrapper eplus-styles-uid-c2fe79\"><li class=\" eplus-wrapper eplus-styles-uid-cb9986\"><strong><mark style=\"background-color:rgba(0, 0, 0, 0);color:#ff7805\" class=\"has-inline-color\">Tipo B:<\/mark><\/strong> <ul class=\" wp-block-list eplus-wrapper eplus-styles-uid-9accc3\"><li class=\" eplus-wrapper eplus-styles-uid-cb9986\"><em>Un tipo de expulsi\u00f3n hidr\u00e1ulica. La barra de soporte se encuentra en la posici\u00f3n m\u00e1s baja. La potencia hidr\u00e1ulica acciona la alimentaci\u00f3n de aceite para la expulsi\u00f3n. El resorte controla la fuerza de contacto contra la pieza de trabajo. Luego, la energ\u00eda hidr\u00e1ulica aprieta el eje para producir una fuerza de soporte.<\/em><\/li><\/ul><\/li><\/ul>\n\n<p class=\"alignwide eplus-wrapper eplus-styles-uid-cb9986 wp-block-paragraph\">La tuerca de soporte del <mark style=\"background-color:rgba(0, 0, 0, 0);color:#ff7805\" class=\"has-inline-color\"><em><strong>HSP-16<\/strong><\/em><\/mark> y <mark style=\"background-color:rgba(0, 0, 0, 0);color:#ff7805\" class=\"has-inline-color\"><em><strong>LSP-16B<\/strong><\/em><\/mark> se puede reemplazar como se muestra en la figura de la derecha. Se utiliza una junta t\u00f3rica proporcionada en el cuello para sellar el orificio central de la barra de soporte. Es necesario colocar la junta t\u00f3rica, que no debe desecharse.<\/p>\n\n<p class=\"alignwide eplus-wrapper eplus-styles-uid-cb9986 wp-block-paragraph\">Cuando el <em><mark style=\"background-color:rgba(0, 0, 0, 0);color:#ff7805\" class=\"has-inline-color\"><strong>LSP-16B<\/strong><\/mark><\/em> utiliza el mismo cilindro hidr\u00e1ulico de simple efecto con otras plantillas, el circuito de la barra de soporte debe controlarse individualmente cuando se solicita la misma plantilla.<\/p><\/div>\n\n\n\n<hr class=\"is-style-dots wp-block-separator has-alpha-channel-opacity eplus-wrapper\"\/>\n\n\n<p class=\"alignwide has-background eplus-wrapper eplus-styles-uid-d7984f wp-block-paragraph\" style=\"background-color:#696969\">TIPOS DE ELEMENTOS<\/p>\n\n<div class=\"wp-block-columns alignwide are-vertically-aligned-top eplus-wrapper is-layout-flex wp-container-core-columns-is-layout-f56f613f wp-block-columns-is-layout-flex eplus-styles-uid-f05408\">\n<div class=\"wp-block-column is-vertically-aligned-top eplus-wrapper is-layout-flow wp-block-column-is-layout-flow\" style=\"flex-basis:900px\"><p class=\"has-background-color has-text-color has-background has-link-color eplus-wrapper wp-elements-ffd3017c3c2d137f0afb129da14bb194 eplus-styles-uid-9b589b wp-block-paragraph\" style=\"background-color:#00207f\"><mark style=\"background-color:rgba(0, 0, 0, 0)\" class=\"has-inline-color has-background-color\"><a href=\"https:\/\/4manpro.com\/SPA\/sistemas-de-sujecion\/serie-sp\/hsp-16\/\" data-type=\"page\" data-id=\"11901\"><strong>HSP-16<\/strong> Cilindros Hidr\u00e1ulicos De carga De Alta Presi\u00f3n<\/a><\/mark><\/p>\n\n<ul class=\" wp-block-list eplus-wrapper eplus-styles-uid-f050a4\"><li class=\" eplus-wrapper eplus-styles-uid-677210\"><mark style=\"background-color:rgba(0, 0, 0, 0);color:#ff7805\" class=\"has-inline-color\">Modelos:<\/mark><ul class=\" wp-block-list eplus-wrapper eplus-styles-uid-cf3e89\"><li class=\" eplus-wrapper eplus-styles-uid-369901\"><em>HSP-<strong>16A1<\/strong>, HSP-<strong>16A2<\/strong>, HSP-<strong>16B1<\/strong>, HSP-<strong>16B2<\/strong>, HSP-<strong>16B3 <\/strong>&amp; HSP-<strong>16B4<\/strong><\/em><\/li><\/ul><\/li>\n\n<li class=\" eplus-wrapper eplus-styles-uid-677210\"><mark style=\"background-color:rgba(0, 0, 0, 0);color:#ff7805\" class=\"has-inline-color\">Diametro Del Vastago:<\/mark><ul class=\" wp-block-list eplus-wrapper eplus-styles-uid-a89f5c\"><li class=\" eplus-wrapper eplus-styles-uid-983fbd\"><em><strong>\u00d816 <\/strong>mm.<\/em><\/li><\/ul><\/li>\n\n<li class=\" eplus-wrapper eplus-styles-uid-677210\"><mark style=\"background-color:rgba(0, 0, 0, 0);color:#ff7805\" class=\"has-inline-color\">Presi\u00f3n M\u00e1xima De Trabajo:<\/mark><ul class=\" wp-block-list eplus-wrapper eplus-styles-uid-71c62c\"><li class=\" eplus-wrapper eplus-styles-uid-af7cd7\"><em><strong>500.00 <\/strong>Kg\/cm<sup>2<\/sup><\/em><\/li><\/ul><\/li>\n\n<li class=\" eplus-wrapper eplus-styles-uid-677210\"><mark style=\"background-color:rgba(0, 0, 0, 0);color:#ff7805\" class=\"has-inline-color\">Carrera M\u00e1xima Del Pist\u00f3n:<\/mark><ul class=\" wp-block-list eplus-wrapper eplus-styles-uid-c65576\"><li class=\" eplus-wrapper eplus-styles-uid-af7cd7\"><em><strong>8.00 <\/strong>mm &amp; <strong>15.00 <\/strong>mm<\/em><\/li><\/ul><\/li><\/ul><\/div>\n\n\n\n<div class=\"wp-block-column is-vertically-aligned-top eplus-wrapper is-layout-flow wp-block-column-is-layout-flow\" style=\"flex-basis:50%\"><figure data-wp-context='{\"imageId\":\"69e1a1478e72c\"}' data-wp-interactive=\"core\/image\" data-wp-key=\"69e1a1478e72c\" class=\"wp-block-image aligncenter size-full eplus-wrapper eplus-styles-uid-46703a wp-lightbox-container\"><img decoding=\"async\" data-wp-class--hide=\"state.isContentHidden\" data-wp-class--show=\"state.isContentVisible\" data-wp-init=\"callbacks.setButtonStyles\" data-wp-on--click=\"actions.showLightbox\" data-wp-on--load=\"callbacks.setButtonStyles\" data-wp-on--pointerdown=\"actions.preloadImage\" data-wp-on--pointerenter=\"actions.preloadImageWithDelay\" data-wp-on--pointerleave=\"actions.cancelPreload\" data-wp-on-window--resize=\"callbacks.setButtonStyles\" src=\"https:\/\/4manpro.com\/SPA\/wp-content\/uploads\/2026\/04\/Serie-HSP-16.jpg\" alt=\"\" class=\"wp-image-37294\"><button class=\"lightbox-trigger\" type=\"button\" aria-haspopup=\"dialog\" data-wp-bind--aria-label=\"state.thisImage.triggerButtonAriaLabel\" data-wp-init=\"callbacks.initTriggerButton\" data-wp-on--click=\"actions.showLightbox\" data-wp-style--right=\"state.thisImage.buttonRight\" data-wp-style--top=\"state.thisImage.buttonTop\">\n\t\t\t<svg xmlns=\"http:\/\/www.w3.org\/2000\/svg\" width=\"12\" height=\"12\" fill=\"none\" viewbox=\"0 0 12 12\">\n\t\t\t\t<path fill=\"#fff\" d=\"M2 0a2 2 0 0 0-2 2v2h1.5V2a.5.5 0 0 1 .5-.5h2V0H2Zm2 10.5H2a.5.5 0 0 1-.5-.5V8H0v2a2 2 0 0 0 2 2h2v-1.5ZM8 12v-1.5h2a.5.5 0 0 0 .5-.5V8H12v2a2 2 0 0 1-2 2H8Zm2-12a2 2 0 0 1 2 2v2h-1.5V2a.5.5 0 0 0-.5-.5H8V0h2Z\"><\/path>\n\t\t\t<\/svg>\n\t\t<\/button><\/figure><\/div>\n<\/div>\n\n\n<hr class=\"is-style-dots wp-block-separator has-alpha-channel-opacity eplus-wrapper\"\/>\n\n\n<div class=\"wp-block-columns alignwide are-vertically-aligned-top eplus-wrapper is-layout-flex wp-container-core-columns-is-layout-f56f613f wp-block-columns-is-layout-flex eplus-styles-uid-063463\">\n<div class=\"wp-block-column is-vertically-aligned-top eplus-wrapper is-layout-flow wp-block-column-is-layout-flow\" style=\"flex-basis:900px\"><p class=\"has-background-color has-text-color has-background has-link-color eplus-wrapper wp-elements-81d58940da6efa117df7728dc927029b eplus-styles-uid-6594e2 wp-block-paragraph\" style=\"background-color:#00207f\"><a href=\"https:\/\/4manpro.com\/SPA\/sistemas-de-sujecion\/serie-sp\/hsp-25\/\" data-type=\"page\" data-id=\"11908\">HSP-25 Cilindros Hidr\u00e1ulicos De carga De Alta Presi\u00f3n<\/a><\/p>\n\n<ul class=\" wp-block-list eplus-wrapper eplus-styles-uid-13a4a4\"><li class=\" eplus-wrapper eplus-styles-uid-dc49e1\"><mark style=\"background-color:rgba(0, 0, 0, 0);color:#ff7805\" class=\"has-inline-color\">Modelos:<\/mark><ul class=\" wp-block-list eplus-wrapper eplus-styles-uid-3bf1a0\"><li class=\" eplus-wrapper eplus-styles-uid-369901\"><em>HSP-<strong>25A <\/strong>&amp; HSP-<strong>25B<\/strong><\/em><\/li><\/ul><\/li>\n\n<li class=\" eplus-wrapper eplus-styles-uid-5ba5a4\"><mark style=\"background-color:rgba(0, 0, 0, 0);color:#ff7805\" class=\"has-inline-color\">Diametro Del Vastago:<\/mark><ul class=\" wp-block-list eplus-wrapper eplus-styles-uid-c3dbfb\"><li class=\" eplus-wrapper eplus-styles-uid-983fbd\"><em><strong>\u00d825 <\/strong>mm.<\/em><\/li><\/ul><\/li>\n\n<li class=\" eplus-wrapper eplus-styles-uid-63c786\"><mark style=\"background-color:rgba(0, 0, 0, 0);color:#ff7805\" class=\"has-inline-color\">Presi\u00f3n M\u00e1xima De Trabajo:<\/mark><ul class=\" wp-block-list eplus-wrapper eplus-styles-uid-366219\"><li class=\" eplus-wrapper eplus-styles-uid-af7cd7\"><em><strong>500.00 <\/strong>Kg\/cm<sup>2<\/sup><\/em><\/li><\/ul><\/li>\n\n<li class=\" eplus-wrapper eplus-styles-uid-63c786\"><mark style=\"background-color:rgba(0, 0, 0, 0);color:#ff7805\" class=\"has-inline-color\">Carrera M\u00e1xima Del Pist\u00f3n:<\/mark><ul class=\" wp-block-list eplus-wrapper eplus-styles-uid-1b75e0\"><li class=\" eplus-wrapper eplus-styles-uid-af7cd7\"><em><strong>12.00 <\/strong>mm<\/em><\/li><\/ul><\/li><\/ul><\/div>\n\n\n\n<div class=\"wp-block-column is-vertically-aligned-top eplus-wrapper is-layout-flow wp-block-column-is-layout-flow\" style=\"flex-basis:50%\"><figure data-wp-context='{\"imageId\":\"69e1a1478fe70\"}' data-wp-interactive=\"core\/image\" data-wp-key=\"69e1a1478fe70\" class=\"wp-block-image aligncenter size-full eplus-wrapper eplus-styles-uid-46703a wp-lightbox-container\"><img loading=\"lazy\" decoding=\"async\" width=\"827\" height=\"827\" data-wp-class--hide=\"state.isContentHidden\" data-wp-class--show=\"state.isContentVisible\" data-wp-init=\"callbacks.setButtonStyles\" data-wp-on--click=\"actions.showLightbox\" data-wp-on--load=\"callbacks.setButtonStyles\" data-wp-on--pointerdown=\"actions.preloadImage\" data-wp-on--pointerenter=\"actions.preloadImageWithDelay\" data-wp-on--pointerleave=\"actions.cancelPreload\" data-wp-on-window--resize=\"callbacks.setButtonStyles\" src=\"https:\/\/4manpro.com\/SPA\/wp-content\/uploads\/2026\/04\/Serie-HSP-25.jpg\" alt=\"\" class=\"wp-image-37298\" srcset=\"https:\/\/4manpro.com\/SPA\/wp-content\/uploads\/2026\/04\/Serie-HSP-25.jpg 827w, https:\/\/4manpro.com\/SPA\/wp-content\/uploads\/2026\/04\/Serie-HSP-25-300x300.jpg 300w, https:\/\/4manpro.com\/SPA\/wp-content\/uploads\/2026\/04\/Serie-HSP-25-150x150.jpg 150w, https:\/\/4manpro.com\/SPA\/wp-content\/uploads\/2026\/04\/Serie-HSP-25-768x768.jpg 768w\" sizes=\"auto, (max-width: 827px) 100vw, 827px\" \/><button class=\"lightbox-trigger\" type=\"button\" aria-haspopup=\"dialog\" data-wp-bind--aria-label=\"state.thisImage.triggerButtonAriaLabel\" data-wp-init=\"callbacks.initTriggerButton\" data-wp-on--click=\"actions.showLightbox\" data-wp-style--right=\"state.thisImage.buttonRight\" data-wp-style--top=\"state.thisImage.buttonTop\">\n\t\t\t<svg xmlns=\"http:\/\/www.w3.org\/2000\/svg\" width=\"12\" height=\"12\" fill=\"none\" viewbox=\"0 0 12 12\">\n\t\t\t\t<path fill=\"#fff\" d=\"M2 0a2 2 0 0 0-2 2v2h1.5V2a.5.5 0 0 1 .5-.5h2V0H2Zm2 10.5H2a.5.5 0 0 1-.5-.5V8H0v2a2 2 0 0 0 2 2h2v-1.5ZM8 12v-1.5h2a.5.5 0 0 0 .5-.5V8H12v2a2 2 0 0 1-2 2H8Zm2-12a2 2 0 0 1 2 2v2h-1.5V2a.5.5 0 0 0-.5-.5H8V0h2Z\"><\/path>\n\t\t\t<\/svg>\n\t\t<\/button><\/figure><\/div>\n<\/div>\n\n\n<hr class=\"is-style-dots wp-block-separator has-alpha-channel-opacity eplus-wrapper\"\/>\n\n\n<div class=\"wp-block-columns alignwide are-vertically-aligned-top eplus-wrapper is-layout-flex wp-container-core-columns-is-layout-f56f613f wp-block-columns-is-layout-flex eplus-styles-uid-456461\">\n<div class=\"wp-block-column is-vertically-aligned-top eplus-wrapper is-layout-flow wp-block-column-is-layout-flow\" style=\"flex-basis:900px\"><p class=\"has-background-color has-text-color has-background has-link-color eplus-wrapper wp-elements-2c68b0e90200704862cad4399b0b3ca1 eplus-styles-uid-6594e2 wp-block-paragraph\" style=\"background-color:#00207f\"><a href=\"https:\/\/4manpro.com\/SPA\/sistemas-de-sujecion\/serie-sp\/lsp-16\/\" data-type=\"page\" data-id=\"11911\">LSP-16 Cilindros Hidr\u00e1ulicos De carga De Alta Presi\u00f3n<\/a><\/p>\n\n<ul class=\" wp-block-list eplus-wrapper eplus-styles-uid-7b6ab5\"><li class=\" eplus-wrapper eplus-styles-uid-677210\"><mark style=\"background-color:rgba(0, 0, 0, 0);color:#ff7805\" class=\"has-inline-color\">Modelos:<\/mark><ul class=\" wp-block-list eplus-wrapper eplus-styles-uid-f399a1\"><li class=\" eplus-wrapper eplus-styles-uid-369901\"><em>LSP-<strong>16B <\/strong>&amp; LSP-<strong>M16B<\/strong><\/em><\/li><\/ul><\/li>\n\n<li class=\" eplus-wrapper eplus-styles-uid-63c786\"><mark style=\"background-color:rgba(0, 0, 0, 0);color:#ff7805\" class=\"has-inline-color\">Diametro Del Vastago:<\/mark><ul class=\" wp-block-list eplus-wrapper eplus-styles-uid-f5ad2d\"><li class=\" eplus-wrapper eplus-styles-uid-983fbd\"><em><strong>\u00d816 <\/strong>mm.<\/em><\/li><\/ul><\/li>\n\n<li class=\" eplus-wrapper eplus-styles-uid-63c786\"><mark style=\"background-color:rgba(0, 0, 0, 0);color:#ff7805\" class=\"has-inline-color\">Presi\u00f3n M\u00e1xima De Trabajo:<\/mark><ul class=\" wp-block-list eplus-wrapper eplus-styles-uid-8bdd36\"><li class=\" eplus-wrapper eplus-styles-uid-af7cd7\"><em><strong>70.00 <\/strong>Kg\/cm2<\/em><\/li><\/ul><\/li>\n\n<li class=\" eplus-wrapper eplus-styles-uid-63c786\"><mark style=\"background-color:rgba(0, 0, 0, 0);color:#ff7805\" class=\"has-inline-color\">Carrera M\u00e1xima Del Pist\u00f3n:<\/mark><ul class=\" wp-block-list eplus-wrapper eplus-styles-uid-c1d9bf\"><li class=\" eplus-wrapper eplus-styles-uid-af7cd7\"><em><strong>8.00<\/strong> mm<\/em><\/li><\/ul><\/li><\/ul><\/div>\n\n\n\n<div class=\"wp-block-column is-vertically-aligned-top eplus-wrapper is-layout-flow wp-block-column-is-layout-flow\" style=\"flex-basis:50%\"><figure data-wp-context='{\"imageId\":\"69e1a1479140a\"}' data-wp-interactive=\"core\/image\" data-wp-key=\"69e1a1479140a\" class=\"wp-block-image aligncenter size-full eplus-wrapper eplus-styles-uid-46703a wp-lightbox-container\"><img loading=\"lazy\" decoding=\"async\" width=\"827\" height=\"827\" data-wp-class--hide=\"state.isContentHidden\" data-wp-class--show=\"state.isContentVisible\" data-wp-init=\"callbacks.setButtonStyles\" data-wp-on--click=\"actions.showLightbox\" data-wp-on--load=\"callbacks.setButtonStyles\" data-wp-on--pointerdown=\"actions.preloadImage\" data-wp-on--pointerenter=\"actions.preloadImageWithDelay\" data-wp-on--pointerleave=\"actions.cancelPreload\" data-wp-on-window--resize=\"callbacks.setButtonStyles\" src=\"https:\/\/4manpro.com\/SPA\/wp-content\/uploads\/2026\/04\/Serie-LSP-16.jpg\" alt=\"\" class=\"wp-image-37299\" srcset=\"https:\/\/4manpro.com\/SPA\/wp-content\/uploads\/2026\/04\/Serie-LSP-16.jpg 827w, https:\/\/4manpro.com\/SPA\/wp-content\/uploads\/2026\/04\/Serie-LSP-16-300x300.jpg 300w, https:\/\/4manpro.com\/SPA\/wp-content\/uploads\/2026\/04\/Serie-LSP-16-150x150.jpg 150w, https:\/\/4manpro.com\/SPA\/wp-content\/uploads\/2026\/04\/Serie-LSP-16-768x768.jpg 768w\" sizes=\"auto, (max-width: 827px) 100vw, 827px\" \/><button class=\"lightbox-trigger\" type=\"button\" aria-haspopup=\"dialog\" data-wp-bind--aria-label=\"state.thisImage.triggerButtonAriaLabel\" data-wp-init=\"callbacks.initTriggerButton\" data-wp-on--click=\"actions.showLightbox\" data-wp-style--right=\"state.thisImage.buttonRight\" data-wp-style--top=\"state.thisImage.buttonTop\">\n\t\t\t<svg xmlns=\"http:\/\/www.w3.org\/2000\/svg\" width=\"12\" height=\"12\" fill=\"none\" viewbox=\"0 0 12 12\">\n\t\t\t\t<path fill=\"#fff\" d=\"M2 0a2 2 0 0 0-2 2v2h1.5V2a.5.5 0 0 1 .5-.5h2V0H2Zm2 10.5H2a.5.5 0 0 1-.5-.5V8H0v2a2 2 0 0 0 2 2h2v-1.5ZM8 12v-1.5h2a.5.5 0 0 0 .5-.5V8H12v2a2 2 0 0 1-2 2H8Zm2-12a2 2 0 0 1 2 2v2h-1.5V2a.5.5 0 0 0-.5-.5H8V0h2Z\"><\/path>\n\t\t\t<\/svg>\n\t\t<\/button><\/figure><\/div>\n<\/div>\n\n<p class=\"has-background eplus-wrapper eplus-styles-uid-99de48 wp-block-paragraph\" style=\"background-color:#ababab\">DESCARGA DE PDF\u00ae<\/p>\n\n<p class=\"eplus-wrapper eplus-styles-uid-6eb7c8 wp-block-paragraph\"><a href=\"https:\/\/4manpro.com\/download\/SPA\/AMAC\/HSP-16.pdf\">**   SERIE <strong><mark style=\"background-color:rgba(0, 0, 0, 0);color:#ff7805\" class=\"has-inline-color\">HSP-16<\/mark><\/strong><\/a><\/p>\n\n<p class=\"eplus-wrapper eplus-styles-uid-6eb7c8 wp-block-paragraph\"><a href=\"https:\/\/4manpro.com\/download\/SPA\/AMAC\/HSP-25.pdf\">**   SERIE <strong><mark style=\"background-color:rgba(0, 0, 0, 0);color:#ff7805\" class=\"has-inline-color\">HSP-25<\/mark><\/strong><\/a><\/p>\n\n<p class=\"eplus-wrapper eplus-styles-uid-6eb7c8 wp-block-paragraph\"><a href=\"https:\/\/4manpro.com\/download\/SPA\/AMAC\/LSP-16.pdf\">**   SERIE <strong><mark style=\"background-color:rgba(0, 0, 0, 0);color:#ff7805\" class=\"has-inline-color\">LSP-16<\/mark><\/strong><\/a><\/p>","protected":false},"excerpt":{"rendered":"<p>Introducci\u00f3n del producto Identificaci\u00f3n del modelo La tuerca de soporte del HSP-16 y LSP-16B se puede reemplazar como se muestra en la figura de la derecha. Se utiliza una junta t\u00f3rica proporcionada en el cuello para sellar el orificio central de la barra de soporte. Es necesario colocar la junta t\u00f3rica, que no debe desecharse. [&hellip;]<\/p>\n","protected":false},"author":1,"featured_media":0,"parent":11004,"menu_order":0,"comment_status":"closed","ping_status":"closed","template":"principal-cuadros-individuales-2","meta":{"_crdt_document":"","editor_plus_copied_stylings":"{}","footnotes":""},"class_list":["post-11870","page","type-page","status-publish","hentry"],"_links":{"self":[{"href":"https:\/\/4manpro.com\/SPA\/wp-json\/wp\/v2\/pages\/11870","targetHints":{"allow":["GET"]}}],"collection":[{"href":"https:\/\/4manpro.com\/SPA\/wp-json\/wp\/v2\/pages"}],"about":[{"href":"https:\/\/4manpro.com\/SPA\/wp-json\/wp\/v2\/types\/page"}],"author":[{"embeddable":true,"href":"https:\/\/4manpro.com\/SPA\/wp-json\/wp\/v2\/users\/1"}],"replies":[{"embeddable":true,"href":"https:\/\/4manpro.com\/SPA\/wp-json\/wp\/v2\/comments?post=11870"}],"version-history":[{"count":72,"href":"https:\/\/4manpro.com\/SPA\/wp-json\/wp\/v2\/pages\/11870\/revisions"}],"predecessor-version":[{"id":37324,"href":"https:\/\/4manpro.com\/SPA\/wp-json\/wp\/v2\/pages\/11870\/revisions\/37324"}],"up":[{"embeddable":true,"href":"https:\/\/4manpro.com\/SPA\/wp-json\/wp\/v2\/pages\/11004"}],"wp:attachment":[{"href":"https:\/\/4manpro.com\/SPA\/wp-json\/wp\/v2\/media?parent=11870"}],"curies":[{"name":"wp","href":"https:\/\/api.w.org\/{rel}","templated":true}]}}