{"id":1166,"date":"2023-12-30T23:10:43","date_gmt":"2023-12-30T23:10:43","guid":{"rendered":"http:\/\/hardy-elements.com\/SPA\/?page_id=1166"},"modified":"2026-03-11T20:31:18","modified_gmt":"2026-03-12T02:31:18","slug":"serie-d1","status":"publish","type":"page","link":"https:\/\/4manpro.com\/SPA\/cabezales-multihusillo\/serie-d1\/","title":{"rendered":"SERIE D1"},"content":{"rendered":"\n<div class=\"wp-block-buttons alignwide eplus-wrapper is-content-justification-space-between is-nowrap is-layout-flex wp-container-core-buttons-is-layout-4561150b wp-block-buttons-is-layout-flex\"><div style=\"--wp--block-button--width: 50;\" class=\"wp-block-button eplus-wrapper has-custom-width wp-block-button__width wp-block-button__width-50 eplus-styles-uid-52f4ea\"><a class=\"wp-block-button__link has-foreground-color has-text-color has-background has-link-color wp-element-button\" href=\"http:\/\/WWW.4MANPRO.COM\/SPA\/\" style=\"background-color:#999999\">PRINCIPAL<\/a><\/div>\n\n<div style=\"--wp--block-button--width: 50;\" class=\"wp-block-button eplus-wrapper has-custom-width wp-block-button__width wp-block-button__width-50 eplus-styles-uid-189115\"><a class=\"wp-block-button__link has-foreground-color has-background-background-color has-text-color has-background has-link-color wp-element-button\" href=\"https:\/\/4manpro.com\/SPA\/cabezales-multihusillo\/\" style=\"background-color:#999999\">ATR\u00c1S<\/a><\/div>\n\n<div style=\"--wp--block-button--width: 50;\" class=\"wp-block-button eplus-wrapper has-custom-width wp-block-button__width wp-block-button__width-50 eplus-styles-uid-2979ac\"><a class=\"wp-block-button__link has-background-color has-text-color has-background has-link-color wp-element-button\" href=\"https:\/\/www.4manpro.com\/princ-2\/multi-spindle-heads\/sd1-series\/\" style=\"background-color:#ff7805\">ENGLISH<\/a><\/div><\/div>\n\n\n\n<figure class=\" wp-block-image alignwide size-full eplus-wrapper\"><img loading=\"lazy\" decoding=\"async\" width=\"1920\" height=\"339\" src=\"https:\/\/4manpro.com\/SPA\/wp-content\/uploads\/2026\/03\/Serie-D1.jpg\" alt=\"\" class=\"wp-image-34283\" srcset=\"https:\/\/4manpro.com\/SPA\/wp-content\/uploads\/2026\/03\/Serie-D1.jpg 1920w, https:\/\/4manpro.com\/SPA\/wp-content\/uploads\/2026\/03\/Serie-D1-300x53.jpg 300w, https:\/\/4manpro.com\/SPA\/wp-content\/uploads\/2026\/03\/Serie-D1-1024x181.jpg 1024w, https:\/\/4manpro.com\/SPA\/wp-content\/uploads\/2026\/03\/Serie-D1-768x136.jpg 768w, https:\/\/4manpro.com\/SPA\/wp-content\/uploads\/2026\/03\/Serie-D1-1536x271.jpg 1536w\" sizes=\"auto, (max-width: 1920px) 100vw, 1920px\" \/><\/figure>\n\n\n\n<hr class=\" wp-block-separator has-alpha-channel-opacity eplus-wrapper\"\/>\n\n\n\n<div class=\"wp-block-group alignwide eplus-wrapper is-layout-constrained wp-block-group-is-layout-constrained\"><figure class=\" wp-block-image alignleft size-full is-resized eplus-wrapper eplus-styles-uid-6b489b\"><img loading=\"lazy\" decoding=\"async\" width=\"512\" height=\"512\" src=\"https:\/\/4manpro.com\/SPA\/wp-content\/uploads\/2026\/03\/LOGO-BLANCO-II-3D-2.jpg\" alt=\"\" class=\"wp-image-34285\" style=\"width:200px\" srcset=\"https:\/\/4manpro.com\/SPA\/wp-content\/uploads\/2026\/03\/LOGO-BLANCO-II-3D-2.jpg 512w, https:\/\/4manpro.com\/SPA\/wp-content\/uploads\/2026\/03\/LOGO-BLANCO-II-3D-2-300x300.jpg 300w, https:\/\/4manpro.com\/SPA\/wp-content\/uploads\/2026\/03\/LOGO-BLANCO-II-3D-2-150x150.jpg 150w\" sizes=\"auto, (max-width: 512px) 100vw, 512px\" \/><\/figure><\/div>\n\n\n<p class=\"alignwide eplus-wrapper eplus-styles-uid-cb9986 wp-block-paragraph\">En\u00a0<strong><mark style=\"background-color:rgba(0, 0, 0, 0);color:#ff6900\" class=\"has-inline-color\">4ManPro<sup>\u00ae<\/sup><\/mark><\/strong>\u00a0<em>(Elements For Manufacturing Processes)<\/em> una <em><mark style=\"background-color:rgba(0, 0, 0, 0);color:#ff7805\" class=\"has-inline-color\">Hann Kuen Machinery &amp; Hardware, Co., Ltd.<\/mark><\/em> <strong>BRANCH OFFICE<\/strong>,\u00a0contamos con la m\u00e1s amplia l\u00ednea de cabezales de l\u00ednea para las aplicaciones m\u00e1s usuales dentro de la industria.<\/p>\n\n<p class=\"alignwide eplus-wrapper eplus-styles-uid-cb9986 wp-block-paragraph\">As\u00ed mismo, tambi\u00e9n contamos con desarrollo de cabezales fabricados sobre especificaciones del cliente para aplicaciones especializadas y niveles de producci\u00f3n muy demandantes, siendo elementos de tipo fijo para cumplir con las especificaciones especificas de cada proyecto.<\/p>\n\n<p class=\"alignwide eplus-wrapper eplus-styles-uid-cb9986 wp-block-paragraph\">Dentro es estas l\u00edneas de productos contamos con la\u00a0<strong>SERIE <\/strong><mark style=\"background-color:rgba(0, 0, 0, 0);color:#ff7805\" class=\"has-inline-color\"><strong>D1<\/strong> <\/mark>de Cabezales M\u00faltiples para aplicaciones de\u00a0<strong><em>perforado\u00a0<\/em><\/strong>o\u00a0<strong><em>machueleado<\/em><\/strong>, donde es requerido entre\u00a0<strong><em>2 husillos.<\/em><\/strong>\u00a0A continuaci\u00f3n presentamos los elementos que componen esta serie.<\/p>\n\n\n<hr class=\"is-style-dots wp-block-separator has-alpha-channel-opacity eplus-wrapper\"\/>\n\n\n<p class=\"has-background eplus-wrapper eplus-styles-uid-fb8efa wp-block-paragraph\" style=\"background-color:#696969\">ELEMENTOS<\/p>\n\n\n<div style=\"height:6px\" aria-hidden=\"true\" class=\" wp-block-spacer eplus-wrapper\"><\/div>\n\n\n<div class=\"wp-block-columns alignwide eplus-wrapper is-layout-flex wp-container-core-columns-is-layout-f56f613f wp-block-columns-is-layout-flex eplus-styles-uid-fb4755\">\n<div class=\"wp-block-column is-vertically-aligned-center eplus-wrapper is-layout-flow wp-block-column-is-layout-flow\" style=\"flex-basis:50%\"><ul class=\" wp-block-list eplus-wrapper eplus-styles-uid-a2cdc2\"><li class=\" eplus-wrapper eplus-styles-uid-ba3bef\"><a href=\"https:\/\/4manpro.com\/SPA\/cabezales-multihusillo\/serie-d1\/d-170-2-2\/\" data-type=\"page\" data-id=\"3383\"><mark style=\"background-color:rgba(0, 0, 0, 0);color:#0693e3\" class=\"has-inline-color\">D-170<\/mark><\/a><ul class=\" wp-block-list eplus-wrapper eplus-styles-uid-841a5e\"><li class=\" eplus-wrapper eplus-styles-uid-b14b53\"><mark style=\"background-color:rgba(0, 0, 0, 0)\" class=\"has-inline-color has-foreground-color\">TIPO DE BOQUILLAS:<\/mark> <ul class=\" wp-block-list eplus-wrapper eplus-styles-uid-1073fe\"><li class=\" eplus-wrapper eplus-styles-uid-0fa5d9\">C-9<\/li><\/ul><\/li>\n\n<li class=\" eplus-wrapper eplus-styles-uid-b14b53\"><mark style=\"background-color:rgba(0, 0, 0, 0)\" class=\"has-inline-color has-foreground-color\">DISTANCIA M\u00c1XIMA ENTRE CENTROS: <\/mark><ul class=\" wp-block-list eplus-wrapper eplus-styles-uid-3c7fae\"><li class=\" eplus-wrapper eplus-styles-uid-0fa5d9\">170.00 mm<\/li><\/ul><\/li>\n\n<li class=\" eplus-wrapper eplus-styles-uid-b14b53\"><mark style=\"background-color:rgba(0, 0, 0, 0)\" class=\"has-inline-color has-foreground-color\">DISTANCIA M\u00cdNIMA ENTRE CENTROS:<\/mark> <ul class=\" wp-block-list eplus-wrapper eplus-styles-uid-b5adfa\"><li class=\" eplus-wrapper eplus-styles-uid-cedc25\">38.00 mm<\/li><\/ul><\/li>\n\n<li class=\" eplus-wrapper eplus-styles-uid-b14b53\"><mark style=\"background-color:rgba(0, 0, 0, 0)\" class=\"has-inline-color has-foreground-color\">RELACI\u00d3N DE VELOCIDAD: <\/mark><ul class=\" wp-block-list eplus-wrapper eplus-styles-uid-ddb5a4\"><li class=\" eplus-wrapper eplus-styles-uid-cedc25\">1 : 1.89<\/li><\/ul><\/li>\n\n<li class=\" eplus-wrapper eplus-styles-uid-b14b53\"><mark style=\"background-color:rgba(0, 0, 0, 0)\" class=\"has-inline-color has-foreground-color\">CAPACIDAD M\u00c1XIMA DE PERFORADO: <\/mark><ul class=\" wp-block-list eplus-wrapper eplus-styles-uid-ac38ba\"><li class=\" eplus-wrapper eplus-styles-uid-cedc25\">\u00d89<\/li><\/ul><\/li>\n\n<li class=\" eplus-wrapper eplus-styles-uid-b14b53\"><mark style=\"background-color:rgba(0, 0, 0, 0)\" class=\"has-inline-color has-foreground-color\">CAPACIDAD M\u00c1XIMA DE MACHUELEADO: <\/mark><ul class=\" wp-block-list eplus-wrapper eplus-styles-uid-7a31af\"><li class=\" eplus-wrapper eplus-styles-uid-cedc25\">M8<\/li><\/ul><\/li>\n\n<li class=\" eplus-wrapper eplus-styles-uid-b14b53\"><mark style=\"background-color:rgba(0, 0, 0, 0)\" class=\"has-inline-color has-foreground-color\">N\u00daMERO DE PUNTAS DE HUSILLOS:<\/mark> <ul class=\" wp-block-list eplus-wrapper eplus-styles-uid-58079d\"><li class=\" eplus-wrapper eplus-styles-uid-cedc25\">2<\/li><\/ul><\/li><\/ul><\/li><\/ul>\n\n<ul class=\" wp-block-list eplus-wrapper eplus-styles-uid-40837f\"><li class=\" eplus-wrapper eplus-styles-uid-089506\"><a href=\"https:\/\/4manpro.com\/SPA\/cabezales-multihusillo\/serie-d1\/d-176-2-2\/\" data-type=\"page\" data-id=\"3388\"><mark style=\"background-color:rgba(0, 0, 0, 0);color:#0693e3\" class=\"has-inline-color\">D-176<\/mark><\/a><ul class=\" wp-block-list eplus-wrapper eplus-styles-uid-8d8c02\"><li class=\" eplus-wrapper eplus-styles-uid-97b93b\"><mark style=\"background-color:rgba(0, 0, 0, 0)\" class=\"has-inline-color has-foreground-color\">TIPO DE BOQUILLAS: <\/mark> <ul class=\" wp-block-list eplus-wrapper eplus-styles-uid-fe9a64\"><li class=\" eplus-wrapper eplus-styles-uid-0fa5d9\"><mark style=\"background-color:rgba(0, 0, 0, 0);color:#ff7805\" class=\"has-inline-color\">C-12<\/mark><\/li><\/ul><\/li>\n\n<li class=\" eplus-wrapper eplus-styles-uid-b14b53\"><mark style=\"background-color:rgba(0, 0, 0, 0)\" class=\"has-inline-color has-foreground-color\"><em>DISTANCIA M\u00c1XIMA ENTRE CENTROS:<\/em> <\/mark><ul class=\" wp-block-list eplus-wrapper eplus-styles-uid-840b97\"><li class=\" eplus-wrapper eplus-styles-uid-0fa5d9\">176.00 mm<\/li><\/ul><\/li>\n\n<li class=\" eplus-wrapper eplus-styles-uid-b14b53\"><mark style=\"background-color:rgba(0, 0, 0, 0)\" class=\"has-inline-color has-foreground-color\">DISTANCIA M\u00cdNIMA ENTRE CENTROS:<\/mark> <ul class=\" wp-block-list eplus-wrapper eplus-styles-uid-441fdd\"><li class=\" eplus-wrapper eplus-styles-uid-0fa5d9\">46.00 mm<\/li><\/ul><\/li>\n\n<li class=\" eplus-wrapper eplus-styles-uid-b14b53\"><mark style=\"background-color:rgba(0, 0, 0, 0)\" class=\"has-inline-color has-foreground-color\">RELACI\u00d3N DE VELOCIDAD: <\/mark><ul class=\" wp-block-list eplus-wrapper eplus-styles-uid-9ad213\"><li class=\" eplus-wrapper eplus-styles-uid-0fa5d9\">1 : 1.35<\/li><\/ul><\/li>\n\n<li class=\" eplus-wrapper eplus-styles-uid-b14b53\"><mark style=\"background-color:rgba(0, 0, 0, 0)\" class=\"has-inline-color has-foreground-color\">CAPACIDAD M\u00c1XIMA DE PERFORADO: <\/mark><ul class=\" wp-block-list eplus-wrapper eplus-styles-uid-40d0ce\"><li class=\" eplus-wrapper eplus-styles-uid-0fa5d9\">\u00d812<\/li><\/ul><\/li>\n\n<li class=\" eplus-wrapper eplus-styles-uid-b14b53\"><mark style=\"background-color:rgba(0, 0, 0, 0)\" class=\"has-inline-color has-foreground-color\">CAPACIDAD M\u00c1XIMA DE MACHUELEADO:<\/mark><ul class=\" wp-block-list eplus-wrapper eplus-styles-uid-653c6d\"><li class=\" eplus-wrapper eplus-styles-uid-0fa5d9\">M12<\/li><\/ul><\/li>\n\n<li class=\" eplus-wrapper eplus-styles-uid-b14b53\"><mark style=\"background-color:rgba(0, 0, 0, 0)\" class=\"has-inline-color has-foreground-color\">N\u00daMERO DE PUNTAS DE HUSILLOS:<\/mark> <ul class=\" wp-block-list eplus-wrapper eplus-styles-uid-d069da\"><li class=\" eplus-wrapper eplus-styles-uid-0fa5d9\">2<\/li><\/ul><\/li><\/ul><\/li><\/ul>\n\n<ul class=\" wp-block-list eplus-wrapper eplus-styles-uid-3aa2dd\"><li class=\" eplus-wrapper eplus-styles-uid-34269a\"><a href=\"https:\/\/4manpro.com\/SPA\/cabezales-multihusillo\/serie-d1\/d-183-2-2\/\" data-type=\"page\" data-id=\"3393\"><mark style=\"background-color:rgba(0, 0, 0, 0);color:#0693e3\" class=\"has-inline-color\">D-183<\/mark><\/a><ul class=\" wp-block-list eplus-wrapper eplus-styles-uid-235d7b\">\n<li class=\" eplus-wrapper\"><em><mark style=\"background-color:rgba(0, 0, 0, 0)\" class=\"has-inline-color has-foreground-color\">TIPO DE BOQUILLAS:<\/mark> <\/em><ul class=\" wp-block-list eplus-wrapper eplus-styles-uid-0589e8\"><li class=\" eplus-wrapper eplus-styles-uid-0efa79\">C-12<\/li><\/ul><\/li>\n\n\n<li class=\" eplus-wrapper eplus-styles-uid-71a962\"><em><mark style=\"background-color:rgba(0, 0, 0, 0)\" class=\"has-inline-color has-foreground-color\">DISTANCIA M\u00c1XIMA ENTRE CENTROS: <\/mark><\/em><ul class=\" wp-block-list eplus-wrapper eplus-styles-uid-f0fa08\"><li class=\" eplus-wrapper eplus-styles-uid-9026c7\">183.00 mm<\/li><\/ul><\/li>\n\n<li class=\" eplus-wrapper eplus-styles-uid-71a962\"><mark style=\"background-color:rgba(0, 0, 0, 0)\" class=\"has-inline-color has-foreground-color\">DISTANCIA M\u00cdNIMA ENTRE CENTROS:<\/mark> <ul class=\" wp-block-list eplus-wrapper eplus-styles-uid-a0043d\"><li class=\" eplus-wrapper eplus-styles-uid-9026c7\">56.00 mm<\/li><\/ul><\/li>\n\n<li class=\" eplus-wrapper eplus-styles-uid-71a962\"><mark style=\"background-color:rgba(0, 0, 0, 0)\" class=\"has-inline-color has-foreground-color\">RELACI\u00d3N DE VELOCIDAD: <\/mark><ul class=\" wp-block-list eplus-wrapper eplus-styles-uid-189e5f\"><li class=\" eplus-wrapper eplus-styles-uid-9026c7\">1 : 1<\/li><\/ul><\/li>\n\n<li class=\" eplus-wrapper eplus-styles-uid-71a962\"><mark style=\"background-color:rgba(0, 0, 0, 0)\" class=\"has-inline-color has-foreground-color\">CAPACIDAD M\u00c1XIMA DE PERFORADO: <\/mark><ul class=\" wp-block-list eplus-wrapper eplus-styles-uid-a30f52\"><li class=\" eplus-wrapper eplus-styles-uid-9026c7\">\u00d89<\/li><\/ul><\/li>\n\n<li class=\" eplus-wrapper eplus-styles-uid-71a962\"><mark style=\"background-color:rgba(0, 0, 0, 0)\" class=\"has-inline-color has-foreground-color\">CAPACIDAD M\u00c1XIMA DE MACHUELEADO: <\/mark><ul class=\" wp-block-list eplus-wrapper eplus-styles-uid-55c00b\"><li class=\" eplus-wrapper eplus-styles-uid-9026c7\">M8<\/li><\/ul><\/li>\n\n<li class=\" eplus-wrapper eplus-styles-uid-71a962\"><mark style=\"background-color:rgba(0, 0, 0, 0)\" class=\"has-inline-color has-foreground-color\">N\u00daMERO DE PUNTAS DE HUSILLOS:<\/mark> <ul class=\" wp-block-list eplus-wrapper eplus-styles-uid-2ca002\"><li class=\" eplus-wrapper eplus-styles-uid-0efa79\">2<\/li><\/ul><\/li><\/ul><\/li><\/ul><\/div>\n\n\n\n<div class=\"wp-block-column is-vertically-aligned-center eplus-wrapper is-layout-flow wp-block-column-is-layout-flow\" style=\"flex-basis:50%\"><figure class=\" wp-block-image aligncenter size-full is-resized eplus-wrapper eplus-styles-uid-7e19a5\"><img loading=\"lazy\" decoding=\"async\" width=\"827\" height=\"827\" src=\"https:\/\/4manpro.com\/SPA\/wp-content\/uploads\/2026\/03\/SERIE-D3-I.jpg\" alt=\"\" class=\"wp-image-34356\" style=\"width:400px\" srcset=\"https:\/\/4manpro.com\/SPA\/wp-content\/uploads\/2026\/03\/SERIE-D3-I.jpg 827w, https:\/\/4manpro.com\/SPA\/wp-content\/uploads\/2026\/03\/SERIE-D3-I-300x300.jpg 300w, https:\/\/4manpro.com\/SPA\/wp-content\/uploads\/2026\/03\/SERIE-D3-I-150x150.jpg 150w, https:\/\/4manpro.com\/SPA\/wp-content\/uploads\/2026\/03\/SERIE-D3-I-768x768.jpg 768w\" sizes=\"auto, (max-width: 827px) 100vw, 827px\" \/><\/figure>\n\n\n<div style=\"height:51px\" aria-hidden=\"true\" class=\" wp-block-spacer eplus-wrapper\"><\/div>\n\n\n<ul class=\" wp-block-list eplus-wrapper eplus-styles-uid-8fb9d9\"><li class=\" eplus-wrapper eplus-styles-uid-ba3bef\"><a href=\"https:\/\/4manpro.com\/SPA\/cabezales-multihusillo\/serie-d1\/d-210\/\" data-type=\"page\" data-id=\"34400\"><mark style=\"background-color:rgba(0, 0, 0, 0);color:#0693e3\" class=\"has-inline-color\">D-210<\/mark><\/a><ul class=\" wp-block-list eplus-wrapper eplus-styles-uid-889a80\"><li class=\" eplus-wrapper eplus-styles-uid-bd48fc\"><mark style=\"background-color:rgba(0, 0, 0, 0)\" class=\"has-inline-color has-foreground-color\">TIPO DE BOQUILLAS:<\/mark> <ul class=\" wp-block-list eplus-wrapper eplus-styles-uid-504b00\"><li class=\" eplus-wrapper eplus-styles-uid-6fa756\"><mark style=\"background-color:rgba(0, 0, 0, 0);color:#ff7805\" class=\"has-inline-color\">C-12<\/mark><\/li><\/ul><\/li>\n\n<li class=\" eplus-wrapper eplus-styles-uid-bd48fc\"><em><mark style=\"background-color:rgba(0, 0, 0, 0)\" class=\"has-inline-color has-foreground-color\">DISTANCIA M\u00c1XIMA ENTRE CENTROS: <\/mark><\/em><ul class=\" wp-block-list eplus-wrapper eplus-styles-uid-807d96\"><li class=\" eplus-wrapper eplus-styles-uid-6fa756\">210.00 mm<\/li><\/ul><\/li>\n\n<li class=\" eplus-wrapper eplus-styles-uid-04075f\"><mark style=\"background-color:rgba(0, 0, 0, 0)\" class=\"has-inline-color has-foreground-color\">DISTANCIA M\u00cdNIMA ENTRE CENTROS:<\/mark> <ul class=\" wp-block-list eplus-wrapper eplus-styles-uid-b3e7f8\"><li class=\" eplus-wrapper eplus-styles-uid-6fa756\">55.00 mm<\/li><\/ul><\/li>\n\n<li class=\" eplus-wrapper eplus-styles-uid-bd48fc\"><mark style=\"background-color:rgba(0, 0, 0, 0)\" class=\"has-inline-color has-foreground-color\">RELACI\u00d3N DE VELOCIDAD: <\/mark><ul class=\" wp-block-list eplus-wrapper eplus-styles-uid-b770ad\"><li class=\" eplus-wrapper eplus-styles-uid-6fa756\">1 : 1<\/li><\/ul><\/li>\n\n<li class=\" eplus-wrapper eplus-styles-uid-bd48fc\"><mark style=\"background-color:rgba(0, 0, 0, 0)\" class=\"has-inline-color has-foreground-color\">CAPACIDAD M\u00c1XIMA DE PERFORADO: <\/mark><ul class=\" wp-block-list eplus-wrapper eplus-styles-uid-669414\"><li class=\" eplus-wrapper eplus-styles-uid-6fa756\">\u00d812<\/li><\/ul><\/li>\n\n<li class=\" eplus-wrapper eplus-styles-uid-bd48fc\"><mark style=\"background-color:rgba(0, 0, 0, 0)\" class=\"has-inline-color has-foreground-color\">CAPACIDAD M\u00c1XIMA DE MACHUELEADO: <\/mark><ul class=\" wp-block-list eplus-wrapper eplus-styles-uid-e76c18\"><li class=\" eplus-wrapper eplus-styles-uid-6fa756\">M12<\/li><\/ul><\/li>\n\n<li class=\" eplus-wrapper eplus-styles-uid-bd48fc\"><mark style=\"background-color:rgba(0, 0, 0, 0)\" class=\"has-inline-color has-foreground-color\">N\u00daMERO DE PUNTAS DE HUSILLOS:<\/mark> <ul class=\" wp-block-list eplus-wrapper eplus-styles-uid-c6741b\"><li class=\" eplus-wrapper eplus-styles-uid-6fa756\">2<\/li><\/ul><\/li><\/ul><\/li><\/ul><\/div>\n<\/div>","protected":false},"excerpt":{"rendered":"<p>En\u00a04ManPro\u00ae\u00a0(Elements For Manufacturing Processes) una Hann Kuen Machinery &amp; Hardware, Co., Ltd. BRANCH OFFICE,\u00a0contamos con la m\u00e1s amplia l\u00ednea de cabezales de l\u00ednea para las aplicaciones m\u00e1s usuales dentro de la industria. As\u00ed mismo, tambi\u00e9n contamos con desarrollo de cabezales fabricados sobre especificaciones del cliente para aplicaciones especializadas y niveles de producci\u00f3n muy demandantes, siendo [&hellip;]<\/p>\n","protected":false},"author":1,"featured_media":0,"parent":2,"menu_order":0,"comment_status":"closed","ping_status":"closed","template":"principal-cuadros-individuales-2","meta":{"_crdt_document":"","editor_plus_copied_stylings":"{}","footnotes":""},"class_list":["post-1166","page","type-page","status-publish","hentry"],"_links":{"self":[{"href":"https:\/\/4manpro.com\/SPA\/wp-json\/wp\/v2\/pages\/1166","targetHints":{"allow":["GET"]}}],"collection":[{"href":"https:\/\/4manpro.com\/SPA\/wp-json\/wp\/v2\/pages"}],"about":[{"href":"https:\/\/4manpro.com\/SPA\/wp-json\/wp\/v2\/types\/page"}],"author":[{"embeddable":true,"href":"https:\/\/4manpro.com\/SPA\/wp-json\/wp\/v2\/users\/1"}],"replies":[{"embeddable":true,"href":"https:\/\/4manpro.com\/SPA\/wp-json\/wp\/v2\/comments?post=1166"}],"version-history":[{"count":73,"href":"https:\/\/4manpro.com\/SPA\/wp-json\/wp\/v2\/pages\/1166\/revisions"}],"predecessor-version":[{"id":34410,"href":"https:\/\/4manpro.com\/SPA\/wp-json\/wp\/v2\/pages\/1166\/revisions\/34410"}],"up":[{"embeddable":true,"href":"https:\/\/4manpro.com\/SPA\/wp-json\/wp\/v2\/pages\/2"}],"wp:attachment":[{"href":"https:\/\/4manpro.com\/SPA\/wp-json\/wp\/v2\/media?parent=1166"}],"curies":[{"name":"wp","href":"https:\/\/api.w.org\/{rel}","templated":true}]}}