{"id":10672,"date":"2024-05-25T10:43:32","date_gmt":"2024-05-25T16:43:32","guid":{"rendered":"https:\/\/4manpro.com\/SPA\/?page_id=10672"},"modified":"2026-04-04T20:30:11","modified_gmt":"2026-04-05T02:30:11","slug":"serie-htb","status":"publish","type":"page","link":"https:\/\/4manpro.com\/SPA\/sistemas-de-sujecion\/serie-htb\/","title":{"rendered":"SERIE HTB (1\u00b0)"},"content":{"rendered":"\n<div class=\"wp-block-buttons alignwide eplus-wrapper is-content-justification-space-between is-nowrap is-layout-flex wp-container-core-buttons-is-layout-4561150b wp-block-buttons-is-layout-flex\"><div style=\"--wp--block-button--width: 50;\" class=\"wp-block-button eplus-wrapper has-custom-width wp-block-button__width wp-block-button__width-50 eplus-styles-uid-102b2a\"><a class=\"wp-block-button__link has-foreground-color has-text-color has-background has-link-color wp-element-button\" href=\"http:\/\/WWW.4MANPRO.COM\/SPA\/\" style=\"background-color:#999999\">PRINCIPAL<\/a><\/div>\n\n<div style=\"--wp--block-button--width: 50;\" class=\"wp-block-button eplus-wrapper has-custom-width wp-block-button__width wp-block-button__width-50 eplus-styles-uid-dea59a\"><a class=\"wp-block-button__link has-foreground-color has-background-background-color has-text-color has-background has-link-color wp-element-button\" href=\"https:\/\/4manpro.com\/SPA\/sistemas-de-sujecion\/\" style=\"background-color:#999999\">ATR\u00c1S<\/a><\/div>\n\n<div style=\"--wp--block-button--width: 50;\" class=\"wp-block-button eplus-wrapper has-custom-width wp-block-button__width wp-block-button__width-50 eplus-styles-uid-08c34c\"><a class=\"wp-block-button__link has-background-color has-luminous-vivid-orange-background-color has-text-color has-background has-link-color wp-element-button\" href=\"https:\/\/www.4manpro.com\/clamp-fixture-devices\/htb-series-principal\/\">ENGLISH<\/a><\/div><\/div>\n\n\n\n<figure class=\" wp-block-image alignwide size-full eplus-wrapper\"><img loading=\"lazy\" decoding=\"async\" width=\"2560\" height=\"453\" src=\"https:\/\/4manpro.com\/SPA\/wp-content\/uploads\/2024\/09\/Serie-HTB-1-scaled.jpg\" alt=\"\" class=\"wp-image-17425\" srcset=\"https:\/\/4manpro.com\/SPA\/wp-content\/uploads\/2024\/09\/Serie-HTB-1-scaled.jpg 2560w, https:\/\/4manpro.com\/SPA\/wp-content\/uploads\/2024\/09\/Serie-HTB-1-300x53.jpg 300w, https:\/\/4manpro.com\/SPA\/wp-content\/uploads\/2024\/09\/Serie-HTB-1-1024x181.jpg 1024w, https:\/\/4manpro.com\/SPA\/wp-content\/uploads\/2024\/09\/Serie-HTB-1-768x136.jpg 768w, https:\/\/4manpro.com\/SPA\/wp-content\/uploads\/2024\/09\/Serie-HTB-1-1536x272.jpg 1536w, https:\/\/4manpro.com\/SPA\/wp-content\/uploads\/2024\/09\/Serie-HTB-1-2048x362.jpg 2048w\" sizes=\"auto, (max-width: 2560px) 100vw, 2560px\" \/><\/figure>\n\n\n\n<hr class=\"is-style-default wp-block-separator alignwide has-alpha-channel-opacity eplus-wrapper\"\/>\n\n\n\n<div class=\"wp-block-group alignwide eplus-wrapper is-layout-constrained wp-block-group-is-layout-constrained\"><figure class=\" wp-block-image alignleft size-full is-resized eplus-wrapper eplus-styles-uid-77f467\"><img loading=\"lazy\" decoding=\"async\" width=\"1024\" height=\"1024\" src=\"https:\/\/4manpro.com\/SPA\/wp-content\/uploads\/2026\/04\/4MANPRO-BLUE.jpg\" alt=\"\" class=\"wp-image-37061\" style=\"width:200px\" srcset=\"https:\/\/4manpro.com\/SPA\/wp-content\/uploads\/2026\/04\/4MANPRO-BLUE.jpg 1024w, https:\/\/4manpro.com\/SPA\/wp-content\/uploads\/2026\/04\/4MANPRO-BLUE-300x300.jpg 300w, https:\/\/4manpro.com\/SPA\/wp-content\/uploads\/2026\/04\/4MANPRO-BLUE-150x150.jpg 150w, https:\/\/4manpro.com\/SPA\/wp-content\/uploads\/2026\/04\/4MANPRO-BLUE-768x768.jpg 768w\" sizes=\"auto, (max-width: 1024px) 100vw, 1024px\" \/><\/figure>\n\n<figure class=\" wp-block-image alignright size-full is-resized eplus-wrapper eplus-styles-uid-0bef58\"><img loading=\"lazy\" decoding=\"async\" width=\"472\" height=\"472\" src=\"https:\/\/4manpro.com\/SPA\/wp-content\/uploads\/2024\/05\/AMAC-CUADRO.jpg\" alt=\"\" class=\"wp-image-10788\" style=\"width:200px\" srcset=\"https:\/\/4manpro.com\/SPA\/wp-content\/uploads\/2024\/05\/AMAC-CUADRO.jpg 472w, https:\/\/4manpro.com\/SPA\/wp-content\/uploads\/2024\/05\/AMAC-CUADRO-300x300.jpg 300w, https:\/\/4manpro.com\/SPA\/wp-content\/uploads\/2024\/05\/AMAC-CUADRO-150x150.jpg 150w\" sizes=\"auto, (max-width: 472px) 100vw, 472px\" \/><\/figure>\n\n<p class=\"alignwide eplus-wrapper eplus-styles-uid-cb9986 wp-block-paragraph\">Como un complemento m\u00e1s en el campo de la sujeci\u00f3n para los elementos de mecanizado, <mark style=\"background-color:rgba(0, 0, 0, 0);color:#ff7805\" class=\"has-inline-color\"><strong>4ManPro<\/strong>\u00ae<\/mark> <em>(Elements For Manufacturing Processes)<\/em> una <mark style=\"background-color:rgba(0, 0, 0, 0);color:#ff7805\" class=\"has-inline-color\"><em>Hann Kuen Machinery &amp; Hardware<\/em><\/mark> <strong>BRANCH OFFICE<\/strong> incluye una l\u00ednea de elementos espec\u00edficamente dise\u00f1ados para situaciones o locaciones donde las restricciones de espacio o bien de limitaci\u00f3n en el funcionamiento de los mismos son cr\u00edticos.<\/p>\n\n<p class=\"alignwide eplus-wrapper eplus-styles-uid-cb9986 wp-block-paragraph\">Se cuenta con elementos para la generalidad de los caso, sin embargo, en caso de existir alguna necesidad muy espec\u00edfica por parte del usuario, pueden ser desarrollados elementos por solicitud del cliente.<\/p>\n\n<p class=\"alignwide eplus-wrapper eplus-styles-uid-cb9986 wp-block-paragraph\">Tales elementos son comprendidos dentro de las siguientes divisiones<\/p><\/div>\n\n\n\n<hr class=\"is-style-dots wp-block-separator has-alpha-channel-opacity eplus-wrapper\"\/>\n\n\n<p class=\"alignwide has-background eplus-wrapper eplus-styles-uid-f0703c wp-block-paragraph\" style=\"background-color:#696969\">CILINDROS HIDR\u00c1ULICOS DE TIPO DELGADO<\/p>\n\n<ul class=\" wp-block-list eplus-wrapper eplus-styles-uid-ed3f31\"><li class=\" eplus-wrapper eplus-styles-uid-62acec\"><a href=\"https:\/\/4manpro.com\/SPA\/sistemas-de-sujecion\/serie-htb\/htb-htm70-htm140\/\" data-type=\"page\" data-id=\"10682\"><mark style=\"background-color:rgba(0, 0, 0, 0);color:#ff7805\" class=\"has-inline-color\">HTB HTM70 \/ HTB HTM140<\/mark><\/a><ul class=\" wp-block-list eplus-wrapper eplus-styles-uid-fdcc88\"><li class=\" eplus-wrapper eplus-styles-uid-63c786\">Cilindros Hidr\u00e1ulicos De Tipo Delgado Con Manifold.<\/li>\n\n<li class=\" eplus-wrapper eplus-styles-uid-63c786\">Di\u00e1metro Del interior Del Cilindro: <strong><mark style=\"background-color:rgba(0, 0, 0, 0);color:#ff7805\" class=\"has-inline-color\">\u00d832.00 mm<\/mark> ~ <mark style=\"background-color:rgba(0, 0, 0, 0);color:#ff7805\" class=\"has-inline-color\">\u00d880.00 mm.<\/mark><\/strong><\/li>\n\n<li class=\" eplus-wrapper eplus-styles-uid-63c786\">P<sub>MAX<\/sub>: <mark style=\"background-color:rgba(0, 0, 0, 0);color:#ff7805\" class=\"has-inline-color\"><strong>70 Kg\/cm<sup>2<\/sup>.<\/strong><\/mark><\/li><\/ul><\/li><\/ul>\n\n<ul class=\" wp-block-list eplus-wrapper eplus-styles-uid-92f381\"><li class=\" eplus-wrapper eplus-styles-uid-62acec\"><a href=\"https:\/\/4manpro.com\/SPA\/sistemas-de-sujecion\/serie-htb\/htb-la-lw\/\" data-type=\"page\" data-id=\"10676\"><mark style=\"background-color:rgba(0, 0, 0, 0);color:#ff7805\" class=\"has-inline-color\">HTB LA \/ HTB LW<\/mark><\/a><ul class=\" wp-block-list eplus-wrapper eplus-styles-uid-e33b47\"><li class=\" eplus-wrapper eplus-styles-uid-c23016\">Cilindros Hidr\u00e1ulicos De Tipo Delgado Con V\u00e1stago De Una O Dos Puntas.<\/li>\n\n<li class=\" eplus-wrapper eplus-styles-uid-c23016\">Di\u00e1metro Del interior Del Cilindro: <mark style=\"background-color:rgba(0, 0, 0, 0);color:#ff7805\" class=\"has-inline-color\"><strong>\u00d832.00 mm<\/strong><\/mark> ~ <mark style=\"background-color:rgba(0, 0, 0, 0);color:#ff7805\" class=\"has-inline-color\"><strong>\u00d863.00 mm.<\/strong><\/mark><\/li>\n\n<li class=\" eplus-wrapper eplus-styles-uid-c23016\">P<sub>MAX<\/sub>: <strong><mark style=\"background-color:rgba(0, 0, 0, 0);color:#ff6900\" class=\"has-inline-color\">140.00 Kg\/cm<sup>2<\/sup>.<\/mark><\/strong><\/li>\n\n<li class=\" eplus-wrapper eplus-styles-uid-c23016\">Carrera Estandard: <mark style=\"background-color:rgba(0, 0, 0, 0);color:#ff7805\" class=\"has-inline-color\"><strong>10.00 mm<\/strong><\/mark><mark style=\"background-color:rgba(0, 0, 0, 0)\" class=\"has-inline-color has-foreground-color\"><strong> <\/strong><\/mark>~ <mark style=\"background-color:rgba(0, 0, 0, 0);color:#ff7805\" class=\"has-inline-color\"><strong>50.00 mm<\/strong>.<\/mark><\/li>\n\n<li class=\" eplus-wrapper eplus-styles-uid-c23016\">Tipo De Punta Del V\u00e1stago: Cuerda Interna O Cuerda Externa.<\/li><\/ul><\/li><\/ul>\n\n<ul class=\" wp-block-list eplus-wrapper eplus-styles-uid-681913\"><li class=\" eplus-wrapper eplus-styles-uid-62acec\"><strong><mark style=\"background-color:rgba(0, 0, 0, 0);color:#ff7805\" class=\"has-inline-color\">HTB LA \/ HTB LW<\/mark> <mark style=\"background-color:rgba(0, 0, 0, 0);color:#ff7805\" class=\"has-inline-color\">&amp; HTB LAM \/ HTB LWM <\/mark><em><mark style=\"background-color:rgba(0, 0, 0, 0)\" class=\"has-inline-color has-foreground-color\"> <\/mark><\/em><\/strong><em><mark style=\"background-color:rgba(0, 0, 0, 0)\" class=\"has-inline-color has-foreground-color\">(\u00d820 &amp; \u00d825)<\/mark><\/em><ul class=\" wp-block-list eplus-wrapper eplus-styles-uid-839684\"><li class=\" eplus-wrapper eplus-styles-uid-b14b53\">Cilindros Hidr\u00e1ulicos De Tipo Delgado Con V\u00e1stago De Una O Dos Puntas.<\/li>\n\n<li class=\" eplus-wrapper eplus-styles-uid-c23016\">Di\u00e1metro Del interior Del Cilindro: <mark style=\"background-color:rgba(0, 0, 0, 0);color:#ff7805\" class=\"has-inline-color\"><strong>\u00d820.00 mm<\/strong><\/mark> &amp; <mark style=\"background-color:rgba(0, 0, 0, 0);color:#ff7805\" class=\"has-inline-color\"><strong>\u00d825.00 mm<\/strong>.<\/mark><\/li>\n\n<li class=\" eplus-wrapper eplus-styles-uid-c23016\">P<sub>MAX<\/sub>: <mark style=\"background-color:rgba(0, 0, 0, 0);color:#ff7805\" class=\"has-inline-color\"><strong>140.00 Kg\/cm<sup>2<\/sup><\/strong>.<\/mark><\/li>\n\n<li class=\" eplus-wrapper eplus-styles-uid-c3de46\">Tipo De Punta Del V\u00e1stago: <mark style=\"background-color:rgba(0, 0, 0, 0);color:#ff7805\" class=\"has-inline-color\"><strong>Cuerda Interna<\/strong><\/mark> O <mark style=\"background-color:rgba(0, 0, 0, 0);color:#ff7805\" class=\"has-inline-color\"><strong>Cuerda Externa<\/strong>.<\/mark><\/li><\/ul><\/li><\/ul>\n\n<ul class=\" wp-block-list eplus-wrapper eplus-styles-uid-3c1204\"><li class=\" eplus-wrapper eplus-styles-uid-d22259\"><ul class=\" wp-block-list eplus-wrapper eplus-styles-uid-e67a0a\"><li class=\" eplus-wrapper eplus-styles-uid-02705a\"><ul class=\" wp-block-list eplus-wrapper eplus-styles-uid-634d38\"><li class=\" eplus-wrapper eplus-styles-uid-73ee2d\"><a href=\"https:\/\/4manpro.com\/SPA\/sistemas-de-sujecion\/serie-htb\/htb-la-20-25-i\/\" data-type=\"page\" data-id=\"10864\"><mark style=\"background-color:rgba(0, 0, 0, 0);color:#0693e3\" class=\"has-inline-color\"><strong>HTB-LA<\/strong>  <\/mark><\/a><em><mark style=\"background-color:rgba(0, 0, 0, 0);color:#0693e3\" class=\"has-inline-color\"><a href=\"https:\/\/4manpro.com\/SPA\/sistemas-de-sujecion\/serie-htb\/htb-la-20-25-i\/\" data-type=\"page\" data-id=\"10864\"> <\/a><\/mark><a href=\"https:\/\/4manpro.com\/SPA\/sistemas-de-sujecion\/serie-htb\/htb-la-20-25-i\/\" data-type=\"page\" data-id=\"10864\"><mark style=\"background-color:rgba(0, 0, 0, 0)\" class=\"has-inline-color has-foreground-color\">(20\/25)<\/mark><\/a><\/em><\/li>\n\n<li class=\" eplus-wrapper eplus-styles-uid-73ee2d\"><a href=\"https:\/\/4manpro.com\/SPA\/sistemas-de-sujecion\/serie-htb\/htb-lw-20-25-i\/\" data-type=\"page\" data-id=\"10873\"><strong><mark style=\"background-color:rgba(0, 0, 0, 0);color:#0693e3\" class=\"has-inline-color\">HTB-LW<\/mark><\/strong><\/a><mark style=\"background-color:rgba(0, 0, 0, 0);color:#0693e3\" class=\"has-inline-color\"><a href=\"https:\/\/4manpro.com\/SPA\/sistemas-de-sujecion\/serie-htb\/htb-lw-20-25-i\/\" data-type=\"page\" data-id=\"10873\"><strong> <\/strong><\/a><\/mark><a href=\"https:\/\/4manpro.com\/SPA\/sistemas-de-sujecion\/serie-htb\/htb-lw-20-25-i\/\" data-type=\"page\" data-id=\"10873\"><mark style=\"background-color:rgba(0, 0, 0, 0)\" class=\"has-inline-color has-foreground-color\"> <em>(20\/25)<\/em><\/mark><\/a><\/li>\n\n<li class=\" eplus-wrapper eplus-styles-uid-73ee2d\"><a href=\"https:\/\/4manpro.com\/SPA\/sistemas-de-sujecion\/serie-htb\/htb-lam-20-25-i\/\" data-type=\"page\" data-id=\"10880\"><strong><mark style=\"background-color:rgba(0, 0, 0, 0);color:#0693e3\" class=\"has-inline-color\">HTB LAM<\/mark><\/strong><mark style=\"background-color:rgba(0, 0, 0, 0)\" class=\"has-inline-color has-foreground-color\"> <em>(20\/25)<\/em><\/mark><\/a><\/li>\n\n<li class=\" eplus-wrapper eplus-styles-uid-73ee2d\"><a href=\"https:\/\/4manpro.com\/SPA\/sistemas-de-sujecion\/serie-htb\/htb-lwm-20-25-ii\/\" data-type=\"page\" data-id=\"10915\"><strong><mark style=\"background-color:rgba(0, 0, 0, 0);color:#0693e3\" class=\"has-inline-color\">HTB LWM<\/mark><\/strong><\/a><mark style=\"background-color:rgba(0, 0, 0, 0);color:#0693e3\" class=\"has-inline-color\"><a href=\"https:\/\/4manpro.com\/SPA\/sistemas-de-sujecion\/serie-htb\/htb-lwm-20-25-ii\/\" data-type=\"page\" data-id=\"10915\"> <em> <\/em><\/a><\/mark><em><a href=\"https:\/\/4manpro.com\/SPA\/sistemas-de-sujecion\/serie-htb\/htb-lwm-20-25-ii\/\" data-type=\"page\" data-id=\"10915\"><mark style=\"background-color:rgba(0, 0, 0, 0)\" class=\"has-inline-color has-foreground-color\">(20\/25)<\/mark><\/a><\/em><\/li><\/ul><\/li><\/ul><\/li><\/ul>\n\n<ul class=\" wp-block-list eplus-wrapper eplus-styles-uid-a8feb6\"><li class=\" eplus-wrapper eplus-styles-uid-62acec\"><a href=\"https:\/\/4manpro.com\/SPA\/sistemas-de-sujecion\/serie-htb\/htb-lam-lwm\/\" data-type=\"page\" data-id=\"10680\"><mark style=\"background-color:rgba(0, 0, 0, 0);color:#ff7805\" class=\"has-inline-color\">HTB LAM \/ HTB LWM<\/mark><\/a><ul class=\" wp-block-list eplus-wrapper eplus-styles-uid-af86e6\"><li class=\" eplus-wrapper eplus-styles-uid-b14b53\">Cilindros Hidr\u00e1ulicos De Tipo Delgado Con V\u00e1stago De Una O Dos Puntas.<\/li>\n\n<li class=\" eplus-wrapper eplus-styles-uid-b14b53\">Di\u00e1metro Del interior Del Cilindro: <mark style=\"background-color:rgba(0, 0, 0, 0);color:#ff7805\" class=\"has-inline-color\"><strong>\u00d832.00 mm<\/strong><\/mark> ~ <mark style=\"background-color:rgba(0, 0, 0, 0);color:#ff7805\" class=\"has-inline-color\"><strong>\u00d863.00 mm<\/strong>.<\/mark><\/li>\n\n<li class=\" eplus-wrapper eplus-styles-uid-b14b53\">P<sub>MAX<\/sub>: <mark style=\"background-color:rgba(0, 0, 0, 0);color:#ff7805\" class=\"has-inline-color\"><strong>140.00 Kg\/cm<sup>2<\/sup><\/strong>.<\/mark><\/li>\n\n<li class=\" eplus-wrapper eplus-styles-uid-b14b53\">Carrera Estandard: <mark style=\"background-color:rgba(0, 0, 0, 0);color:#ff7805\" class=\"has-inline-color\"><strong>10.00 mm<\/strong><\/mark><mark style=\"background-color:rgba(0, 0, 0, 0)\" class=\"has-inline-color has-foreground-color\"> <\/mark>~ <mark style=\"background-color:rgba(0, 0, 0, 0);color:#ff7805\" class=\"has-inline-color\"><strong>50.00 mm<\/strong>.<\/mark><\/li>\n\n<li class=\" eplus-wrapper eplus-styles-uid-b14b53\">Tipo De Punta Del V\u00e1stago: <mark style=\"background-color:rgba(0, 0, 0, 0);color:#ff7805\" class=\"has-inline-color\"><strong>Cuerda Interna<\/strong><\/mark> O <mark style=\"background-color:rgba(0, 0, 0, 0);color:#ff7805\" class=\"has-inline-color\"><strong>Cuerda Externa<\/strong>.<\/mark><\/li><\/ul><\/li><\/ul>\n\n<ul class=\" wp-block-list eplus-wrapper eplus-styles-uid-e7e70b\"><li class=\" eplus-wrapper eplus-styles-uid-3930c6\"><a href=\"https:\/\/4manpro.com\/SPA\/sistemas-de-sujecion\/serie-htb\/htb-sd-sw\/\" data-type=\"page\" data-id=\"10674\"><mark style=\"background-color:rgba(0, 0, 0, 0);color:#ff7805\" class=\"has-inline-color\">HTB SD \/ HTB SW<\/mark><\/a><ul class=\" wp-block-list eplus-wrapper eplus-styles-uid-0fbdff\"><li class=\" eplus-wrapper eplus-styles-uid-7bb564\">Cilindros Hidr\u00e1ulicos De Tipo Delgado Con V\u00e1stago De Una O Dos Puntas.<\/li>\n\n<li class=\" eplus-wrapper eplus-styles-uid-b14b53\">Di\u00e1metro Del interior Del Cilindro: <mark style=\"background-color:rgba(0, 0, 0, 0);color:#ff7805\" class=\"has-inline-color\"><strong>\u00d820.00 mm<\/strong><\/mark> ~ <mark style=\"background-color:rgba(0, 0, 0, 0);color:#ff7805\" class=\"has-inline-color\"><strong>\u00d880.00 mm<\/strong>.<\/mark><\/li>\n\n<li class=\" eplus-wrapper eplus-styles-uid-b14b53\">P<sub>MAX<\/sub>: <mark style=\"background-color:rgba(0, 0, 0, 0);color:#ff7805\" class=\"has-inline-color\"><strong>140.00 Kg\/cm<sup>2<\/sup><\/strong>.<\/mark><\/li>\n\n<li class=\" eplus-wrapper eplus-styles-uid-b14b53\">Tipo De Punta Del V\u00e1stago: <mark style=\"background-color:rgba(0, 0, 0, 0);color:#ff7805\" class=\"has-inline-color\"><strong>Cuerda Interna<\/strong><\/mark> O <mark style=\"background-color:rgba(0, 0, 0, 0);color:#ff7805\" class=\"has-inline-color\"><strong>Cuerda Externa<\/strong>.<\/mark><\/li><\/ul><\/li><\/ul>\n\n<ul class=\" wp-block-list eplus-wrapper eplus-styles-uid-8cda9f\"><li class=\" eplus-wrapper eplus-styles-uid-62acec\"><a href=\"https:\/\/4manpro.com\/SPA\/sistemas-de-sujecion\/serie-htb\/htb-sdma-sdmb\/\" data-type=\"page\" data-id=\"10678\"><mark style=\"background-color:rgba(0, 0, 0, 0);color:#ff7805\" class=\"has-inline-color\">HTB SDMA \/ HTB SDMB<\/mark><\/a><ul class=\" wp-block-list eplus-wrapper eplus-styles-uid-7f0b32\"><li class=\" eplus-wrapper eplus-styles-uid-b14b53\">Cilindros Hidr\u00e1ulicos De Tipo Delgado Con Manifold Axial Frontal &amp; Manifold Axial Trasero.<\/li>\n\n<li class=\" eplus-wrapper eplus-styles-uid-b14b53\">Di\u00e1metro Del interior Del Cilindro: <mark style=\"background-color:rgba(0, 0, 0, 0);color:#ff7805\" class=\"has-inline-color\"><strong>\u00d820.00 mm<\/strong><\/mark> ~ <mark style=\"background-color:rgba(0, 0, 0, 0);color:#ff7805\" class=\"has-inline-color\"><strong>\u00d880.00 mm<\/strong>.<\/mark><\/li>\n\n<li class=\" eplus-wrapper eplus-styles-uid-b14b53\">P<sub>MAX<\/sub>: <mark style=\"background-color:rgba(0, 0, 0, 0);color:#ff7805\" class=\"has-inline-color\"><strong>140.00 Kg\/cm<sup>2<\/sup><\/strong>.<\/mark><\/li>\n\n<li class=\" eplus-wrapper eplus-styles-uid-b14b53\">Cuerda De Punta Del V\u00e1stago: Cuerda Interna O Cuerda Externa.<\/li><\/ul><\/li><\/ul>\n\n\n<hr class=\"is-style-dots wp-block-separator has-alpha-channel-opacity eplus-wrapper\"\/>\n\n\n<p class=\"alignwide has-background eplus-wrapper eplus-styles-uid-3efed6 wp-block-paragraph\" style=\"background-color:#ababab\"><strong>DESCARGAS PDF\u00ae<\/strong><\/p>\n\n<p class=\"alignwide eplus-wrapper eplus-styles-uid-6eb7c8 wp-block-paragraph\"><a href=\"https:\/\/4manpro.com\/download\/SPA\/AMAC\/HTB_HTM70-HTM140.pdf\">** SERIE   <strong><mark style=\"background-color:rgba(0, 0, 0, 0);color:#0693e3\" class=\"has-inline-color\">HTB-HTM70 \/ HTB-HTM140<\/mark><\/strong><\/a><\/p>\n\n<p class=\"alignwide eplus-wrapper eplus-styles-uid-6eb7c8 wp-block-paragraph\"><a href=\"https:\/\/4manpro.com\/download\/SPA\/AMAC\/HTB_LA-LW.pdf\">** SERIE   <strong><mark style=\"background-color:rgba(0, 0, 0, 0);color:#0693e3\" class=\"has-inline-color\">HTB LA \/ LW<\/mark><\/strong><\/a><\/p>\n\n<p class=\"alignwide eplus-wrapper eplus-styles-uid-6eb7c8 wp-block-paragraph\">** SERIE   <strong><mark style=\"background-color:rgba(0, 0, 0, 0);color:#0693e3\" class=\"has-inline-color\">HTB LA\/LW &amp; LAM\/LWM<\/mark><\/strong><mark style=\"background-color:rgba(0, 0, 0, 0);color:#ff7805\" class=\"has-inline-color\"> <\/mark><strong><em><mark style=\"background-color:rgba(0, 0, 0, 0)\" class=\"has-inline-color has-foreground-color\"> <\/mark><\/em><\/strong><em><mark style=\"background-color:rgba(0, 0, 0, 0)\" class=\"has-inline-color has-foreground-color\"><strong>(\u00d820 &amp; \u00d825)<\/strong><\/mark><\/em><\/p>\n\n<p class=\"alignwide has-vivid-cyan-blue-color has-text-color has-link-color eplus-wrapper wp-elements-fa547cad2d51f0498528c1aecd0abbbf eplus-styles-uid-4d78f5 wp-block-paragraph\"><a href=\"https:\/\/4manpro.com\/download\/SPA\/AMAC\/HTB-LA_20-25.pdf\">** <mark style=\"background-color:rgba(0, 0, 0, 0);color:#0693e3\" class=\"has-inline-color\"><em><strong>HTB-LA<\/strong> <\/em><\/mark><em><mark style=\"background-color:rgba(0, 0, 0, 0)\" class=\"has-inline-color has-foreground-color\"> (20\/25)<\/mark><\/em><\/a><\/p>\n\n<p class=\"alignwide has-vivid-cyan-blue-color has-text-color has-link-color eplus-wrapper wp-elements-d661653846f23a58701145e5b1ee3989 eplus-styles-uid-4d78f5 wp-block-paragraph\"><a href=\"https:\/\/4manpro.com\/download\/SPA\/AMAC\/HTB-LW_20-25.pdf\">** <mark style=\"background-color:rgba(0, 0, 0, 0);color:#0693e3\" class=\"has-inline-color\"><em><strong>HTB-LW<\/strong> <\/em><\/mark><em><mark style=\"background-color:rgba(0, 0, 0, 0)\" class=\"has-inline-color has-foreground-color\">(20\/25)<\/mark><\/em><\/a><\/p>\n\n<p class=\"alignwide has-vivid-cyan-blue-color has-text-color has-link-color eplus-wrapper wp-elements-a3dff4ae367228460b3a240d833f4d19 eplus-styles-uid-4d78f5 wp-block-paragraph\"><a href=\"https:\/\/4manpro.com\/download\/SPA\/AMAC\/HTB-LAM_20-25.pdf\"><em>** <mark style=\"background-color:rgba(0, 0, 0, 0);color:#0693e3\" class=\"has-inline-color\"><strong>HTB LAM<\/strong> <\/mark><mark style=\"background-color:rgba(0, 0, 0, 0)\" class=\"has-inline-color has-foreground-color\">(20\/25)<\/mark><\/em><\/a><\/p>\n\n<p class=\"alignwide has-vivid-cyan-blue-color has-text-color has-link-color eplus-wrapper wp-elements-bc1f06e1a8cf328286f7c53336ca0571 eplus-styles-uid-4d78f5 wp-block-paragraph\"><mark style=\"background-color:rgba(0, 0, 0, 0);color:#0693e3\" class=\"has-inline-color\"><em><a href=\"https:\/\/4manpro.com\/download\/SPA\/AMAC\/HTB-LWM_20-25.pdf\">** <strong>HTB LWM<\/strong>  <\/a><\/em><\/mark><em><a href=\"https:\/\/4manpro.com\/download\/SPA\/AMAC\/HTB-LWM_20-25.pdf\"><mark style=\"background-color:rgba(0, 0, 0, 0)\" class=\"has-inline-color has-foreground-color\">(20\/25)<\/mark><\/a><\/em><\/p>\n\n<p class=\"alignwide eplus-wrapper eplus-styles-uid-6eb7c8 wp-block-paragraph\"><a href=\"https:\/\/4manpro.com\/download\/SPA\/AMAC\/HTB_LAM-LWM.pdf\">** SERIE   <mark style=\"background-color:rgba(0, 0, 0, 0);color:#0693e3\" class=\"has-inline-color\"><strong>HTB-LAM \/ LWM<\/strong><\/mark><\/a><\/p>\n\n<p class=\"alignwide eplus-wrapper eplus-styles-uid-6eb7c8 wp-block-paragraph\"><a href=\"https:\/\/4manpro.com\/download\/SPA\/AMAC\/HTB_SD-SW.pdf\">** SERIE   <mark style=\"background-color:rgba(0, 0, 0, 0);color:#0693e3\" class=\"has-inline-color\"><strong>HTB-SD \/ SW<\/strong><\/mark><\/a><\/p>\n\n<p class=\"alignwide eplus-wrapper eplus-styles-uid-f0c21e wp-block-paragraph\"><a href=\"https:\/\/4manpro.com\/download\/SPA\/AMAC\/HTB_SDMA-SDMB.pdf\">** SERIE   <strong><mark style=\"background-color:rgba(0, 0, 0, 0);color:#0693e3\" class=\"has-inline-color\">HTB-SDMA \/ SDMB<\/mark><\/strong><\/a><\/p>","protected":false},"excerpt":{"rendered":"<p>Como un complemento m\u00e1s en el campo de la sujeci\u00f3n para los elementos de mecanizado, 4ManPro\u00ae (Elements For Manufacturing Processes) una Hann Kuen Machinery &amp; Hardware BRANCH OFFICE incluye una l\u00ednea de elementos espec\u00edficamente dise\u00f1ados para situaciones o locaciones donde las restricciones de espacio o bien de limitaci\u00f3n en el funcionamiento de los mismos son [&hellip;]<\/p>\n","protected":false},"author":1,"featured_media":0,"parent":11004,"menu_order":0,"comment_status":"closed","ping_status":"closed","template":"principal-cuadros-individuales-2","meta":{"_crdt_document":"","editor_plus_copied_stylings":"{}","footnotes":""},"class_list":["post-10672","page","type-page","status-publish","hentry"],"_links":{"self":[{"href":"https:\/\/4manpro.com\/SPA\/wp-json\/wp\/v2\/pages\/10672","targetHints":{"allow":["GET"]}}],"collection":[{"href":"https:\/\/4manpro.com\/SPA\/wp-json\/wp\/v2\/pages"}],"about":[{"href":"https:\/\/4manpro.com\/SPA\/wp-json\/wp\/v2\/types\/page"}],"author":[{"embeddable":true,"href":"https:\/\/4manpro.com\/SPA\/wp-json\/wp\/v2\/users\/1"}],"replies":[{"embeddable":true,"href":"https:\/\/4manpro.com\/SPA\/wp-json\/wp\/v2\/comments?post=10672"}],"version-history":[{"count":130,"href":"https:\/\/4manpro.com\/SPA\/wp-json\/wp\/v2\/pages\/10672\/revisions"}],"predecessor-version":[{"id":37238,"href":"https:\/\/4manpro.com\/SPA\/wp-json\/wp\/v2\/pages\/10672\/revisions\/37238"}],"up":[{"embeddable":true,"href":"https:\/\/4manpro.com\/SPA\/wp-json\/wp\/v2\/pages\/11004"}],"wp:attachment":[{"href":"https:\/\/4manpro.com\/SPA\/wp-json\/wp\/v2\/media?parent=10672"}],"curies":[{"name":"wp","href":"https:\/\/api.w.org\/{rel}","templated":true}]}}